{"id":96671,"date":"2025-08-21T10:42:59","date_gmt":"2025-08-21T08:42:59","guid":{"rendered":"https:\/\/moitoarchery.com\/?post_type=product&#038;p=96671"},"modified":"2026-04-16T11:53:54","modified_gmt":"2026-04-16T09:53:54","slug":"palas-bearpaw-short-olive-bls","status":"publish","type":"product","link":"https:\/\/moitoarchery.com\/en\/product\/palas-bearpaw-short-olive-bls\/","title":{"rendered":"Palas Bearpaw Short Olive BLS"},"content":{"rendered":"<p>Las <strong data-start=\"334\" data-end=\"366\">palas Bearpaw Short BLS<\/strong> forman parte del innovador <strong data-start=\"394\" data-end=\"439\">sistema modular Bearpaw Limb System (BLS)<\/strong>, dise\u00f1ado para ofrecer versatilidad, rendimiento y estilo en un solo producto. Estas palas combinan una <strong data-start=\"544\" data-end=\"572\">construcci\u00f3n tradicional<\/strong> con un dise\u00f1o elegante y materiales modernos.<\/p>\n<p>La versi\u00f3n <strong data-start=\"631\" data-end=\"640\">Olive<\/strong>, con su laminado visible bajo el acabado Powerglas Crystal Clear, proporciona una est\u00e9tica natural y sofisticada. En el n\u00facleo, una capa de <strong data-start=\"781\" data-end=\"796\">Stabil Core<\/strong> asegura m\u00e1xima estabilidad durante el disparo. Las palas tipo <strong data-start=\"859\" data-end=\"875\">Recurve Short<\/strong>, cuando se combinan con un cuerpo BLS est\u00e1ndar, ofrecen una <strong data-start=\"935\" data-end=\"976\">longitud total de arco de 60 pulgadas montado en un cuerpo de 17&#8243;<\/strong>.<\/p>\n<p><strong>Caracter\u00edsticas t\u00e9cnicas:<\/strong><\/p>\n<ul>\n<li>Compatibilidad: Sistema BEARPAW Limb System (BLS) \u2013 Compatible con todos los cuerpos BLS<\/li>\n<li>Tipo de pala: Recurvo corto \u2013 Longitud total del arco: 60\u201d en un cuerpo de 17&#8243;<\/li>\n<li>Potencia: De 20 a 55 libras (en incrementos de 5 lbs)<\/li>\n<li>Tips: Micarta triple laminada \u2013 Apto para cuerdas Fast Flight<\/li>\n<li>N\u00facleo: Bamb\u00fa con capa de carbono BEARPAW + n\u00facleo central Stabil Core<\/li>\n<li>Acabados del laminado (veneer):\n<ul>\n<li>Powerglas Crystal Clear con acabado Olive<\/li>\n<\/ul>\n<\/li>\n<li>Garant\u00eda: 30 a\u00f1os de garant\u00eda BEARPAW Bows<\/li>\n<\/ul>\n<p><strong>Recomendado para:<\/strong><\/p>\n<p>Arqueros que buscan unas palas\u00a0equilibradas, eficientes y con dise\u00f1o atractivo, compatibles con el sistema BLS y aptas tanto para entrenamiento como para tiro avanzado.<\/p>\n<p> .<\/p>\n","protected":false},"excerpt":{"rendered":"<p>Las <strong data-start=\"334\" data-end=\"366\">palas Bearpaw Short BLS<\/strong> forman parte del innovador <strong data-start=\"394\" data-end=\"439\">sistema modular Bearpaw Limb System (BLS)<\/strong>, dise\u00f1ado para ofrecer versatilidad, rendimiento y estilo en un solo producto. Estas palas combinan una <strong data-start=\"544\" data-end=\"572\">construcci\u00f3n tradicional<\/strong> con un dise\u00f1o elegante y materiales modernos.<\/p>\n<p>La versi\u00f3n <strong data-start=\"631\" data-end=\"640\">Olive<\/strong>, con su laminado visible bajo el acabado Powerglas Crystal Clear, proporciona una est\u00e9tica natural y sofisticada. En el n\u00facleo, una capa de <strong data-start=\"781\" data-end=\"796\">Stabil Core<\/strong> asegura m\u00e1xima estabilidad durante el disparo. Las palas tipo <strong data-start=\"859\" data-end=\"875\">Recurve Short<\/strong>, cuando se combinan con un cuerpo BLS est\u00e1ndar, ofrecen una <strong data-start=\"935\" data-end=\"976\">longitud total de arco de 60 pulgadas montado en un cuerpo de 17&#8243;<\/strong>.<\/p>\n<p><strong>Caracter\u00edsticas t\u00e9cnicas:<\/strong><\/p>\n<ul>\n<li>Compatibilidad: Sistema BEARPAW Limb System (BLS) \u2013 Compatible con todos los cuerpos BLS<\/li>\n<li>Tipo de pala: Recurvo corto \u2013 Longitud total del arco: 60\u201d en un cuerpo de 17&#8243;<\/li>\n<li>Potencia: De 20 a 55 libras (en incrementos de 5 lbs)<\/li>\n<li>Tips: Micarta triple laminada \u2013 Apto para cuerdas Fast Flight<\/li>\n<li>N\u00facleo: Bamb\u00fa con capa de carbono BEARPAW + n\u00facleo central Stabil Core<\/li>\n<li>Acabados del laminado (veneer):\n<ul>\n<li>Powerglas Crystal Clear con acabado Olive<\/li>\n<\/ul>\n<\/li>\n<li>Garant\u00eda: 30 a\u00f1os de garant\u00eda BEARPAW Bows<\/li>\n<\/ul>\n<p><strong>Recomendado para:<\/strong><\/p>\n<p>Arqueros que buscan unas palas\u00a0equilibradas, eficientes y con dise\u00f1o atractivo, compatibles con el sistema BLS y aptas tanto para entrenamiento como para tiro avanzado.<\/p>\n<p> .<\/p>\n","protected":false},"featured_media":96658,"comment_status":"open","ping_status":"closed","template":"","meta":{"_acf_changed":false},"product_brand":[4041],"product_cat":[105,144,1301],"product_tag":[],"class_list":{"0":"post-96671","1":"product","2":"type-product","3":"status-publish","4":"has-post-thumbnail","6":"product_brand-bearpaw","7":"product_cat-arcos","8":"product_cat-arcos-tradicionales","9":"product_cat-palas-arco-tradicional","11":"first","12":"onbackorder","13":"sale","14":"taxable","15":"shipping-taxable","16":"purchasable","17":"product-type-variable"},"acf":[],"yoast_head":"<!-- This site is optimized with the Yoast SEO plugin v27.5 - https:\/\/yoast.com\/product\/yoast-seo-wordpress\/ -->\n<title>Palas Bearpaw Short Olive BLS - MoitoArchery<\/title>\n<meta name=\"description\" content=\"Las palas Bearpaw Short BLS forman parte del innovador sistema modular Bearpaw Limb System (BLS), dise\u00f1ado para ofrecer versatilidad, rendimiento y estilo en un solo producto.\" \/>\n<meta name=\"robots\" content=\"index, follow, max-snippet:-1, max-image-preview:large, max-video-preview:-1\" \/>\n<link rel=\"canonical\" href=\"https:\/\/moitoarchery.com\/en\/product\/palas-bearpaw-short-olive-bls\/\" \/>\n<meta property=\"og:locale\" content=\"en_US\" \/>\n<meta property=\"og:type\" content=\"article\" \/>\n<meta property=\"og:title\" content=\"Palas Bearpaw Short Olive BLS - MoitoArchery\" \/>\n<meta property=\"og:description\" content=\"Las palas Bearpaw Short BLS forman parte del innovador sistema modular Bearpaw Limb System (BLS), dise\u00f1ado para ofrecer versatilidad, rendimiento y estilo en un solo producto.\" \/>\n<meta property=\"og:url\" content=\"https:\/\/moitoarchery.com\/en\/product\/palas-bearpaw-short-olive-bls\/\" \/>\n<meta property=\"og:site_name\" content=\"MoitoArchery\" \/>\n<meta property=\"article:publisher\" content=\"https:\/\/www.facebook.com\/arqueriaOnline\/\" \/>\n<meta property=\"article:modified_time\" content=\"2026-04-16T09:53:54+00:00\" \/>\n<meta property=\"og:image\" content=\"https:\/\/moitoarchery.com\/wp-content\/uploads\/2025\/08\/palas-bearpaw-olive.jpg\" \/>\n\t<meta property=\"og:image:width\" content=\"800\" \/>\n\t<meta property=\"og:image:height\" content=\"800\" \/>\n\t<meta property=\"og:image:type\" content=\"image\/jpeg\" \/>\n<meta name=\"twitter:card\" content=\"summary_large_image\" \/>\n<meta name=\"twitter:label1\" content=\"Est. reading time\" \/>\n\t<meta name=\"twitter:data1\" content=\"2 minutes\" \/>\n<script type=\"application\/ld+json\" class=\"yoast-schema-graph\">{\"@context\":\"https:\\\/\\\/schema.org\",\"@graph\":[{\"@type\":\"WebPage\",\"@id\":\"https:\\\/\\\/moitoarchery.com\\\/en\\\/product\\\/palas-bearpaw-short-olive-bls\\\/\",\"url\":\"https:\\\/\\\/moitoarchery.com\\\/en\\\/product\\\/palas-bearpaw-short-olive-bls\\\/\",\"name\":\"Palas Bearpaw Short Olive BLS - MoitoArchery\",\"isPartOf\":{\"@id\":\"https:\\\/\\\/moitoarchery.com\\\/en\\\/#website\"},\"primaryImageOfPage\":{\"@id\":\"https:\\\/\\\/moitoarchery.com\\\/en\\\/product\\\/palas-bearpaw-short-olive-bls\\\/#primaryimage\"},\"image\":{\"@id\":\"https:\\\/\\\/moitoarchery.com\\\/en\\\/product\\\/palas-bearpaw-short-olive-bls\\\/#primaryimage\"},\"thumbnailUrl\":\"https:\\\/\\\/moitoarchery.com\\\/wp-content\\\/uploads\\\/2025\\\/08\\\/palas-bearpaw-olive.jpg\",\"datePublished\":\"2025-08-21T08:42:59+00:00\",\"dateModified\":\"2026-04-16T09:53:54+00:00\",\"description\":\"Las palas Bearpaw Short BLS forman parte del innovador sistema modular Bearpaw Limb System (BLS), dise\u00f1ado para ofrecer versatilidad, rendimiento y estilo en un solo producto.\",\"breadcrumb\":{\"@id\":\"https:\\\/\\\/moitoarchery.com\\\/en\\\/product\\\/palas-bearpaw-short-olive-bls\\\/#breadcrumb\"},\"inLanguage\":\"en-US\",\"potentialAction\":[{\"@type\":\"ReadAction\",\"target\":[\"https:\\\/\\\/moitoarchery.com\\\/en\\\/product\\\/palas-bearpaw-short-olive-bls\\\/\"]}]},{\"@type\":\"ImageObject\",\"inLanguage\":\"en-US\",\"@id\":\"https:\\\/\\\/moitoarchery.com\\\/en\\\/product\\\/palas-bearpaw-short-olive-bls\\\/#primaryimage\",\"url\":\"https:\\\/\\\/moitoarchery.com\\\/wp-content\\\/uploads\\\/2025\\\/08\\\/palas-bearpaw-olive.jpg\",\"contentUrl\":\"https:\\\/\\\/moitoarchery.com\\\/wp-content\\\/uploads\\\/2025\\\/08\\\/palas-bearpaw-olive.jpg\",\"width\":800,\"height\":800},{\"@type\":\"BreadcrumbList\",\"@id\":\"https:\\\/\\\/moitoarchery.com\\\/en\\\/product\\\/palas-bearpaw-short-olive-bls\\\/#breadcrumb\",\"itemListElement\":[{\"@type\":\"ListItem\",\"position\":1,\"name\":\"Portada\",\"item\":\"https:\\\/\\\/moitoarchery.com\\\/en\\\/\"},{\"@type\":\"ListItem\",\"position\":2,\"name\":\"Shop\",\"item\":\"https:\\\/\\\/moitoarchery.com\\\/en\\\/shop\\\/\"},{\"@type\":\"ListItem\",\"position\":3,\"name\":\"Palas Bearpaw Short Olive BLS\"}]},{\"@type\":\"WebSite\",\"@id\":\"https:\\\/\\\/moitoarchery.com\\\/en\\\/#website\",\"url\":\"https:\\\/\\\/moitoarchery.com\\\/en\\\/\",\"name\":\"MoitoArchery\",\"description\":\"Tienda de Tiro con arco\",\"publisher\":{\"@id\":\"https:\\\/\\\/moitoarchery.com\\\/en\\\/#organization\"},\"potentialAction\":[{\"@type\":\"SearchAction\",\"target\":{\"@type\":\"EntryPoint\",\"urlTemplate\":\"https:\\\/\\\/moitoarchery.com\\\/en\\\/?s={search_term_string}\"},\"query-input\":{\"@type\":\"PropertyValueSpecification\",\"valueRequired\":true,\"valueName\":\"search_term_string\"}}],\"inLanguage\":\"en-US\"},{\"@type\":\"Organization\",\"@id\":\"https:\\\/\\\/moitoarchery.com\\\/en\\\/#organization\",\"name\":\"MoitoArchery\",\"url\":\"https:\\\/\\\/moitoarchery.com\\\/en\\\/\",\"logo\":{\"@type\":\"ImageObject\",\"inLanguage\":\"en-US\",\"@id\":\"https:\\\/\\\/moitoarchery.com\\\/en\\\/#\\\/schema\\\/logo\\\/image\\\/\",\"url\":\"https:\\\/\\\/moitoarchery.com\\\/wp-content\\\/uploads\\\/2020\\\/09\\\/logotipo-moitoarchery.png\",\"contentUrl\":\"https:\\\/\\\/moitoarchery.com\\\/wp-content\\\/uploads\\\/2020\\\/09\\\/logotipo-moitoarchery.png\",\"width\":300,\"height\":66,\"caption\":\"MoitoArchery\"},\"image\":{\"@id\":\"https:\\\/\\\/moitoarchery.com\\\/en\\\/#\\\/schema\\\/logo\\\/image\\\/\"},\"sameAs\":[\"https:\\\/\\\/www.facebook.com\\\/arqueriaOnline\\\/\",\"https:\\\/\\\/www.instagram.com\\\/moitoarchery\\\/\",\"https:\\\/\\\/www.youtube.com\\\/channel\\\/UCvmj39gVUIKVoJJ6vQC9GPA\\\/\"]}]}<\/script>\n<!-- \/ Yoast SEO plugin. -->","yoast_head_json":{"title":"Palas Bearpaw Short Olive BLS - MoitoArchery","description":"Las palas Bearpaw Short BLS forman parte del innovador sistema modular Bearpaw Limb System (BLS), dise\u00f1ado para ofrecer versatilidad, rendimiento y estilo en un solo producto.","robots":{"index":"index","follow":"follow","max-snippet":"max-snippet:-1","max-image-preview":"max-image-preview:large","max-video-preview":"max-video-preview:-1"},"canonical":"https:\/\/moitoarchery.com\/en\/product\/palas-bearpaw-short-olive-bls\/","og_locale":"en_US","og_type":"article","og_title":"Palas Bearpaw Short Olive BLS - MoitoArchery","og_description":"Las palas Bearpaw Short BLS forman parte del innovador sistema modular Bearpaw Limb System (BLS), dise\u00f1ado para ofrecer versatilidad, rendimiento y estilo en un solo producto.","og_url":"https:\/\/moitoarchery.com\/en\/product\/palas-bearpaw-short-olive-bls\/","og_site_name":"MoitoArchery","article_publisher":"https:\/\/www.facebook.com\/arqueriaOnline\/","article_modified_time":"2026-04-16T09:53:54+00:00","og_image":[{"width":800,"height":800,"url":"https:\/\/moitoarchery.com\/wp-content\/uploads\/2025\/08\/palas-bearpaw-olive.jpg","type":"image\/jpeg"}],"twitter_card":"summary_large_image","twitter_misc":{"Est. reading time":"2 minutes"},"schema":{"@context":"https:\/\/schema.org","@graph":[{"@type":"WebPage","@id":"https:\/\/moitoarchery.com\/en\/product\/palas-bearpaw-short-olive-bls\/","url":"https:\/\/moitoarchery.com\/en\/product\/palas-bearpaw-short-olive-bls\/","name":"Palas Bearpaw Short Olive BLS - MoitoArchery","isPartOf":{"@id":"https:\/\/moitoarchery.com\/en\/#website"},"primaryImageOfPage":{"@id":"https:\/\/moitoarchery.com\/en\/product\/palas-bearpaw-short-olive-bls\/#primaryimage"},"image":{"@id":"https:\/\/moitoarchery.com\/en\/product\/palas-bearpaw-short-olive-bls\/#primaryimage"},"thumbnailUrl":"https:\/\/moitoarchery.com\/wp-content\/uploads\/2025\/08\/palas-bearpaw-olive.jpg","datePublished":"2025-08-21T08:42:59+00:00","dateModified":"2026-04-16T09:53:54+00:00","description":"Las palas Bearpaw Short BLS forman parte del innovador sistema modular Bearpaw Limb System (BLS), dise\u00f1ado para ofrecer versatilidad, rendimiento y estilo en un solo producto.","breadcrumb":{"@id":"https:\/\/moitoarchery.com\/en\/product\/palas-bearpaw-short-olive-bls\/#breadcrumb"},"inLanguage":"en-US","potentialAction":[{"@type":"ReadAction","target":["https:\/\/moitoarchery.com\/en\/product\/palas-bearpaw-short-olive-bls\/"]}]},{"@type":"ImageObject","inLanguage":"en-US","@id":"https:\/\/moitoarchery.com\/en\/product\/palas-bearpaw-short-olive-bls\/#primaryimage","url":"https:\/\/moitoarchery.com\/wp-content\/uploads\/2025\/08\/palas-bearpaw-olive.jpg","contentUrl":"https:\/\/moitoarchery.com\/wp-content\/uploads\/2025\/08\/palas-bearpaw-olive.jpg","width":800,"height":800},{"@type":"BreadcrumbList","@id":"https:\/\/moitoarchery.com\/en\/product\/palas-bearpaw-short-olive-bls\/#breadcrumb","itemListElement":[{"@type":"ListItem","position":1,"name":"Portada","item":"https:\/\/moitoarchery.com\/en\/"},{"@type":"ListItem","position":2,"name":"Shop","item":"https:\/\/moitoarchery.com\/en\/shop\/"},{"@type":"ListItem","position":3,"name":"Palas Bearpaw Short Olive BLS"}]},{"@type":"WebSite","@id":"https:\/\/moitoarchery.com\/en\/#website","url":"https:\/\/moitoarchery.com\/en\/","name":"MoitoArchery","description":"Tienda de Tiro con arco","publisher":{"@id":"https:\/\/moitoarchery.com\/en\/#organization"},"potentialAction":[{"@type":"SearchAction","target":{"@type":"EntryPoint","urlTemplate":"https:\/\/moitoarchery.com\/en\/?s={search_term_string}"},"query-input":{"@type":"PropertyValueSpecification","valueRequired":true,"valueName":"search_term_string"}}],"inLanguage":"en-US"},{"@type":"Organization","@id":"https:\/\/moitoarchery.com\/en\/#organization","name":"MoitoArchery","url":"https:\/\/moitoarchery.com\/en\/","logo":{"@type":"ImageObject","inLanguage":"en-US","@id":"https:\/\/moitoarchery.com\/en\/#\/schema\/logo\/image\/","url":"https:\/\/moitoarchery.com\/wp-content\/uploads\/2020\/09\/logotipo-moitoarchery.png","contentUrl":"https:\/\/moitoarchery.com\/wp-content\/uploads\/2020\/09\/logotipo-moitoarchery.png","width":300,"height":66,"caption":"MoitoArchery"},"image":{"@id":"https:\/\/moitoarchery.com\/en\/#\/schema\/logo\/image\/"},"sameAs":["https:\/\/www.facebook.com\/arqueriaOnline\/","https:\/\/www.instagram.com\/moitoarchery\/","https:\/\/www.youtube.com\/channel\/UCvmj39gVUIKVoJJ6vQC9GPA\/"]}]}},"_links":{"self":[{"href":"https:\/\/moitoarchery.com\/en\/wp-json\/wp\/v2\/product\/96671","targetHints":{"allow":["GET"]}}],"collection":[{"href":"https:\/\/moitoarchery.com\/en\/wp-json\/wp\/v2\/product"}],"about":[{"href":"https:\/\/moitoarchery.com\/en\/wp-json\/wp\/v2\/types\/product"}],"replies":[{"embeddable":true,"href":"https:\/\/moitoarchery.com\/en\/wp-json\/wp\/v2\/comments?post=96671"}],"version-history":[{"count":1,"href":"https:\/\/moitoarchery.com\/en\/wp-json\/wp\/v2\/product\/96671\/revisions"}],"predecessor-version":[{"id":134131,"href":"https:\/\/moitoarchery.com\/en\/wp-json\/wp\/v2\/product\/96671\/revisions\/134131"}],"wp:featuredmedia":[{"embeddable":true,"href":"https:\/\/moitoarchery.com\/en\/wp-json\/wp\/v2\/media\/96658"}],"wp:attachment":[{"href":"https:\/\/moitoarchery.com\/en\/wp-json\/wp\/v2\/media?parent=96671"}],"wp:term":[{"taxonomy":"product_brand","embeddable":true,"href":"https:\/\/moitoarchery.com\/en\/wp-json\/wp\/v2\/product_brand?post=96671"},{"taxonomy":"product_cat","embeddable":true,"href":"https:\/\/moitoarchery.com\/en\/wp-json\/wp\/v2\/product_cat?post=96671"},{"taxonomy":"product_tag","embeddable":true,"href":"https:\/\/moitoarchery.com\/en\/wp-json\/wp\/v2\/product_tag?post=96671"}],"curies":[{"name":"wp","href":"https:\/\/api.w.org\/{rel}","templated":true}]}}