{"id":96500,"date":"2025-08-20T12:58:39","date_gmt":"2025-08-20T10:58:39","guid":{"rendered":"https:\/\/moitoarchery.com\/?post_type=product&#038;p=96500"},"modified":"2026-04-16T11:53:52","modified_gmt":"2026-04-16T09:53:52","slug":"cuerpo-bearpaw-mohawk-recurvo-rh-lh-13","status":"publish","type":"product","link":"https:\/\/moitoarchery.com\/en\/product\/cuerpo-bearpaw-mohawk-recurvo-rh-lh-13\/","title":{"rendered":"Cuerpo Bearpaw Mohawk Recurvo RH\/LH 13&#8243;"},"content":{"rendered":"<p data-start=\"592\" data-end=\"977\">Con el desarrollo del sistema <strong data-start=\"622\" data-end=\"652\">BLS (Bearpaw Limbs System)<\/strong>, Bearpaw ha creado una plataforma vers\u00e1til que permite combinar una amplia variedad de cuerpos y palas sin comprometer el rendimiento. Una de las mayores ventajas del sistema BLS es que la potencia de las palas se mantiene constante incluso al cambiar de cuerpo, lo que garantiza una experiencia de tiro uniforme y confiable.<\/p>\n<p data-start=\"979\" data-end=\"1011\"><strong data-start=\"979\" data-end=\"1011\">Caracter\u00edsticas principales:<\/strong><\/p>\n<ul data-start=\"1012\" data-end=\"1569\">\n<li data-start=\"1012\" data-end=\"1131\">\n<p data-start=\"1014\" data-end=\"1131\"><strong data-start=\"1014\" data-end=\"1038\">Longitud del cuerpo:<\/strong> 13 pulgadas<\/p>\n<\/li>\n<li data-start=\"1132\" data-end=\"1244\">\n<p data-start=\"1134\" data-end=\"1244\"><strong data-start=\"1134\" data-end=\"1173\">Sistema BLS (Bearpaw Limbs System):<\/strong> compatible con m\u00e1s de 50 cuerpos y un amplio cat\u00e1logo de palas Bearpaw.<\/p>\n<\/li>\n<li data-start=\"1245\" data-end=\"1341\">\n<p data-start=\"1247\" data-end=\"1341\"><strong data-start=\"1247\" data-end=\"1270\">Potencia constante:<\/strong> sin variaciones de libras al cambiar de cuerpo dentro del sistema BLS.<\/p>\n<\/li>\n<li data-start=\"1245\" data-end=\"1341\">\n<p data-start=\"1247\" data-end=\"1341\"><strong data-start=\"1344\" data-end=\"1367\">Materiales premium<\/strong><\/p>\n<\/li>\n<li data-start=\"1245\" data-end=\"1341\"><strong data-start=\"1478\" data-end=\"1509\">Calidad alemana garantizada<\/strong>, con <strong data-start=\"1515\" data-end=\"1538\">30 a\u00f1os de garant\u00eda<\/strong> por parte de Bearpaw Products.<\/li>\n<\/ul>\n<p><strong data-start=\"1571\" data-end=\"1589\">Dise\u00f1ado para:<\/strong><br data-start=\"1589\" data-end=\"1592\" \/>Arqueros tradicionales, instintivos y de caza que buscan precisi\u00f3n, versatilidad y est\u00e9tica en un solo sistema modular.<\/p>\n","protected":false},"excerpt":{"rendered":"<p data-start=\"592\" data-end=\"977\">Con el desarrollo del sistema <strong data-start=\"622\" data-end=\"652\">BLS (Bearpaw Limbs System)<\/strong>, Bearpaw ha creado una plataforma vers\u00e1til que permite combinar una amplia variedad de cuerpos y palas sin comprometer el rendimiento. Una de las mayores ventajas del sistema BLS es que la potencia de las palas se mantiene constante incluso al cambiar de cuerpo, lo que garantiza una experiencia de tiro uniforme y confiable.<\/p>\n<p data-start=\"979\" data-end=\"1011\"><strong data-start=\"979\" data-end=\"1011\">Caracter\u00edsticas principales:<\/strong><\/p>\n<ul data-start=\"1012\" data-end=\"1569\">\n<li data-start=\"1012\" data-end=\"1131\">\n<p data-start=\"1014\" data-end=\"1131\"><strong data-start=\"1014\" data-end=\"1038\">Longitud del cuerpo:<\/strong> 13 pulgadas<\/p>\n<\/li>\n<li data-start=\"1132\" data-end=\"1244\">\n<p data-start=\"1134\" data-end=\"1244\"><strong data-start=\"1134\" data-end=\"1173\">Sistema BLS (Bearpaw Limbs System):<\/strong> compatible con m\u00e1s de 50 cuerpos y un amplio cat\u00e1logo de palas Bearpaw.<\/p>\n<\/li>\n<li data-start=\"1245\" data-end=\"1341\">\n<p data-start=\"1247\" data-end=\"1341\"><strong data-start=\"1247\" data-end=\"1270\">Potencia constante:<\/strong> sin variaciones de libras al cambiar de cuerpo dentro del sistema BLS.<\/p>\n<\/li>\n<li data-start=\"1245\" data-end=\"1341\">\n<p data-start=\"1247\" data-end=\"1341\"><strong data-start=\"1344\" data-end=\"1367\">Materiales premium<\/strong><\/p>\n<\/li>\n<li data-start=\"1245\" data-end=\"1341\"><strong data-start=\"1478\" data-end=\"1509\">Calidad alemana garantizada<\/strong>, con <strong data-start=\"1515\" data-end=\"1538\">30 a\u00f1os de garant\u00eda<\/strong> por parte de Bearpaw Products.<\/li>\n<\/ul>\n<p><strong data-start=\"1571\" data-end=\"1589\">Dise\u00f1ado para:<\/strong><br data-start=\"1589\" data-end=\"1592\" \/>Arqueros tradicionales, instintivos y de caza que buscan precisi\u00f3n, versatilidad y est\u00e9tica en un solo sistema modular.<\/p>\n","protected":false},"featured_media":96524,"comment_status":"open","ping_status":"closed","template":"","meta":{"_acf_changed":false},"product_brand":[4041],"product_cat":[144,1302,809],"product_tag":[187],"class_list":{"0":"post-96500","1":"product","2":"type-product","3":"status-publish","4":"has-post-thumbnail","6":"product_brand-bearpaw","7":"product_cat-arcos-tradicionales","8":"product_cat-cuerpo-arco-tradicional","9":"product_cat-recurvo-desmontable-t-d","10":"product_tag-arqueria-tradicional","12":"first","13":"onbackorder","14":"sale","15":"taxable","16":"shipping-taxable","17":"purchasable","18":"product-type-variable"},"acf":[],"yoast_head":"<!-- This site is optimized with the Yoast SEO plugin v27.3 - https:\/\/yoast.com\/product\/yoast-seo-wordpress\/ -->\n<title>Cuerpo Bearpaw Mohawk Recurvo RH\/LH 13&quot; - MoitoArchery<\/title>\n<meta name=\"robots\" content=\"index, follow, max-snippet:-1, max-image-preview:large, max-video-preview:-1\" \/>\n<link rel=\"canonical\" href=\"https:\/\/moitoarchery.com\/en\/product\/cuerpo-bearpaw-mohawk-recurvo-rh-lh-13\/\" \/>\n<meta property=\"og:locale\" content=\"en_US\" \/>\n<meta property=\"og:type\" content=\"article\" \/>\n<meta property=\"og:title\" content=\"Cuerpo Bearpaw Mohawk Recurvo RH\/LH 13&quot; - MoitoArchery\" \/>\n<meta property=\"og:description\" content=\"Con el desarrollo del sistema BLS (Bearpaw Limbs System), Bearpaw ha creado una plataforma vers\u00e1til que permite combinar una amplia variedad de cuerpos y palas sin comprometer el rendimiento. Una de las mayores ventajas del sistema BLS es que la potencia de las palas se mantiene constante incluso al cambiar de cuerpo, lo que garantiza una experiencia de tiro uniforme y confiable. Caracter\u00edsticas principales:     Longitud del cuerpo: 13 pulgadas    Sistema BLS (Bearpaw Limbs System): compatible con m\u00e1s de 50 cuerpos y un amplio cat\u00e1logo de palas Bearpaw.    Potencia constante: sin variaciones de libras al cambiar de cuerpo dentro del sistema BLS.    Materiales premium   Calidad alemana garantizada, con 30 a\u00f1os de garant\u00eda por parte de Bearpaw Products.  Dise\u00f1ado para:Arqueros tradicionales, instintivos y de caza que buscan precisi\u00f3n, versatilidad y est\u00e9tica en un solo sistema modular.\" \/>\n<meta property=\"og:url\" content=\"https:\/\/moitoarchery.com\/en\/product\/cuerpo-bearpaw-mohawk-recurvo-rh-lh-13\/\" \/>\n<meta property=\"og:site_name\" content=\"MoitoArchery\" \/>\n<meta property=\"article:publisher\" content=\"https:\/\/www.facebook.com\/arqueriaOnline\/\" \/>\n<meta property=\"article:modified_time\" content=\"2026-04-16T09:53:52+00:00\" \/>\n<meta property=\"og:image\" content=\"https:\/\/moitoarchery.com\/wp-content\/uploads\/2025\/08\/cuerpo-bearpaw-mohawk-13.jpg\" \/>\n\t<meta property=\"og:image:width\" content=\"800\" \/>\n\t<meta property=\"og:image:height\" content=\"800\" \/>\n\t<meta property=\"og:image:type\" content=\"image\/jpeg\" \/>\n<meta name=\"twitter:card\" content=\"summary_large_image\" \/>\n<meta name=\"twitter:label1\" content=\"Est. reading time\" \/>\n\t<meta name=\"twitter:data1\" content=\"1 minute\" \/>\n<script type=\"application\/ld+json\" class=\"yoast-schema-graph\">{\"@context\":\"https:\\\/\\\/schema.org\",\"@graph\":[{\"@type\":\"WebPage\",\"@id\":\"https:\\\/\\\/moitoarchery.com\\\/en\\\/product\\\/cuerpo-bearpaw-mohawk-recurvo-rh-lh-13\\\/\",\"url\":\"https:\\\/\\\/moitoarchery.com\\\/en\\\/product\\\/cuerpo-bearpaw-mohawk-recurvo-rh-lh-13\\\/\",\"name\":\"Cuerpo Bearpaw Mohawk Recurvo RH\\\/LH 13\\\" - MoitoArchery\",\"isPartOf\":{\"@id\":\"https:\\\/\\\/moitoarchery.com\\\/en\\\/#website\"},\"primaryImageOfPage\":{\"@id\":\"https:\\\/\\\/moitoarchery.com\\\/en\\\/product\\\/cuerpo-bearpaw-mohawk-recurvo-rh-lh-13\\\/#primaryimage\"},\"image\":{\"@id\":\"https:\\\/\\\/moitoarchery.com\\\/en\\\/product\\\/cuerpo-bearpaw-mohawk-recurvo-rh-lh-13\\\/#primaryimage\"},\"thumbnailUrl\":\"https:\\\/\\\/moitoarchery.com\\\/wp-content\\\/uploads\\\/2025\\\/08\\\/cuerpo-bearpaw-mohawk-13.jpg\",\"datePublished\":\"2025-08-20T10:58:39+00:00\",\"dateModified\":\"2026-04-16T09:53:52+00:00\",\"breadcrumb\":{\"@id\":\"https:\\\/\\\/moitoarchery.com\\\/en\\\/product\\\/cuerpo-bearpaw-mohawk-recurvo-rh-lh-13\\\/#breadcrumb\"},\"inLanguage\":\"en-US\",\"potentialAction\":[{\"@type\":\"ReadAction\",\"target\":[\"https:\\\/\\\/moitoarchery.com\\\/en\\\/product\\\/cuerpo-bearpaw-mohawk-recurvo-rh-lh-13\\\/\"]}]},{\"@type\":\"ImageObject\",\"inLanguage\":\"en-US\",\"@id\":\"https:\\\/\\\/moitoarchery.com\\\/en\\\/product\\\/cuerpo-bearpaw-mohawk-recurvo-rh-lh-13\\\/#primaryimage\",\"url\":\"https:\\\/\\\/moitoarchery.com\\\/wp-content\\\/uploads\\\/2025\\\/08\\\/cuerpo-bearpaw-mohawk-13.jpg\",\"contentUrl\":\"https:\\\/\\\/moitoarchery.com\\\/wp-content\\\/uploads\\\/2025\\\/08\\\/cuerpo-bearpaw-mohawk-13.jpg\",\"width\":800,\"height\":800},{\"@type\":\"BreadcrumbList\",\"@id\":\"https:\\\/\\\/moitoarchery.com\\\/en\\\/product\\\/cuerpo-bearpaw-mohawk-recurvo-rh-lh-13\\\/#breadcrumb\",\"itemListElement\":[{\"@type\":\"ListItem\",\"position\":1,\"name\":\"Portada\",\"item\":\"https:\\\/\\\/moitoarchery.com\\\/en\\\/\"},{\"@type\":\"ListItem\",\"position\":2,\"name\":\"Shop\",\"item\":\"https:\\\/\\\/moitoarchery.com\\\/en\\\/shop\\\/\"},{\"@type\":\"ListItem\",\"position\":3,\"name\":\"Cuerpo Bearpaw Mohawk Recurvo RH\\\/LH 13&#8243;\"}]},{\"@type\":\"WebSite\",\"@id\":\"https:\\\/\\\/moitoarchery.com\\\/en\\\/#website\",\"url\":\"https:\\\/\\\/moitoarchery.com\\\/en\\\/\",\"name\":\"MoitoArchery\",\"description\":\"Tienda de Tiro con arco\",\"publisher\":{\"@id\":\"https:\\\/\\\/moitoarchery.com\\\/en\\\/#organization\"},\"potentialAction\":[{\"@type\":\"SearchAction\",\"target\":{\"@type\":\"EntryPoint\",\"urlTemplate\":\"https:\\\/\\\/moitoarchery.com\\\/en\\\/?s={search_term_string}\"},\"query-input\":{\"@type\":\"PropertyValueSpecification\",\"valueRequired\":true,\"valueName\":\"search_term_string\"}}],\"inLanguage\":\"en-US\"},{\"@type\":\"Organization\",\"@id\":\"https:\\\/\\\/moitoarchery.com\\\/en\\\/#organization\",\"name\":\"MoitoArchery\",\"url\":\"https:\\\/\\\/moitoarchery.com\\\/en\\\/\",\"logo\":{\"@type\":\"ImageObject\",\"inLanguage\":\"en-US\",\"@id\":\"https:\\\/\\\/moitoarchery.com\\\/en\\\/#\\\/schema\\\/logo\\\/image\\\/\",\"url\":\"https:\\\/\\\/moitoarchery.com\\\/wp-content\\\/uploads\\\/2020\\\/09\\\/logotipo-moitoarchery.png\",\"contentUrl\":\"https:\\\/\\\/moitoarchery.com\\\/wp-content\\\/uploads\\\/2020\\\/09\\\/logotipo-moitoarchery.png\",\"width\":300,\"height\":66,\"caption\":\"MoitoArchery\"},\"image\":{\"@id\":\"https:\\\/\\\/moitoarchery.com\\\/en\\\/#\\\/schema\\\/logo\\\/image\\\/\"},\"sameAs\":[\"https:\\\/\\\/www.facebook.com\\\/arqueriaOnline\\\/\",\"https:\\\/\\\/www.instagram.com\\\/moitoarchery\\\/\",\"https:\\\/\\\/www.youtube.com\\\/channel\\\/UCvmj39gVUIKVoJJ6vQC9GPA\\\/\"]}]}<\/script>\n<!-- \/ Yoast SEO plugin. -->","yoast_head_json":{"title":"Cuerpo Bearpaw Mohawk Recurvo RH\/LH 13\" - MoitoArchery","robots":{"index":"index","follow":"follow","max-snippet":"max-snippet:-1","max-image-preview":"max-image-preview:large","max-video-preview":"max-video-preview:-1"},"canonical":"https:\/\/moitoarchery.com\/en\/product\/cuerpo-bearpaw-mohawk-recurvo-rh-lh-13\/","og_locale":"en_US","og_type":"article","og_title":"Cuerpo Bearpaw Mohawk Recurvo RH\/LH 13\" - MoitoArchery","og_description":"Con el desarrollo del sistema BLS (Bearpaw Limbs System), Bearpaw ha creado una plataforma vers\u00e1til que permite combinar una amplia variedad de cuerpos y palas sin comprometer el rendimiento. Una de las mayores ventajas del sistema BLS es que la potencia de las palas se mantiene constante incluso al cambiar de cuerpo, lo que garantiza una experiencia de tiro uniforme y confiable. Caracter\u00edsticas principales:     Longitud del cuerpo: 13 pulgadas    Sistema BLS (Bearpaw Limbs System): compatible con m\u00e1s de 50 cuerpos y un amplio cat\u00e1logo de palas Bearpaw.    Potencia constante: sin variaciones de libras al cambiar de cuerpo dentro del sistema BLS.    Materiales premium   Calidad alemana garantizada, con 30 a\u00f1os de garant\u00eda por parte de Bearpaw Products.  Dise\u00f1ado para:Arqueros tradicionales, instintivos y de caza que buscan precisi\u00f3n, versatilidad y est\u00e9tica en un solo sistema modular.","og_url":"https:\/\/moitoarchery.com\/en\/product\/cuerpo-bearpaw-mohawk-recurvo-rh-lh-13\/","og_site_name":"MoitoArchery","article_publisher":"https:\/\/www.facebook.com\/arqueriaOnline\/","article_modified_time":"2026-04-16T09:53:52+00:00","og_image":[{"width":800,"height":800,"url":"https:\/\/moitoarchery.com\/wp-content\/uploads\/2025\/08\/cuerpo-bearpaw-mohawk-13.jpg","type":"image\/jpeg"}],"twitter_card":"summary_large_image","twitter_misc":{"Est. reading time":"1 minute"},"schema":{"@context":"https:\/\/schema.org","@graph":[{"@type":"WebPage","@id":"https:\/\/moitoarchery.com\/en\/product\/cuerpo-bearpaw-mohawk-recurvo-rh-lh-13\/","url":"https:\/\/moitoarchery.com\/en\/product\/cuerpo-bearpaw-mohawk-recurvo-rh-lh-13\/","name":"Cuerpo Bearpaw Mohawk Recurvo RH\/LH 13\" - MoitoArchery","isPartOf":{"@id":"https:\/\/moitoarchery.com\/en\/#website"},"primaryImageOfPage":{"@id":"https:\/\/moitoarchery.com\/en\/product\/cuerpo-bearpaw-mohawk-recurvo-rh-lh-13\/#primaryimage"},"image":{"@id":"https:\/\/moitoarchery.com\/en\/product\/cuerpo-bearpaw-mohawk-recurvo-rh-lh-13\/#primaryimage"},"thumbnailUrl":"https:\/\/moitoarchery.com\/wp-content\/uploads\/2025\/08\/cuerpo-bearpaw-mohawk-13.jpg","datePublished":"2025-08-20T10:58:39+00:00","dateModified":"2026-04-16T09:53:52+00:00","breadcrumb":{"@id":"https:\/\/moitoarchery.com\/en\/product\/cuerpo-bearpaw-mohawk-recurvo-rh-lh-13\/#breadcrumb"},"inLanguage":"en-US","potentialAction":[{"@type":"ReadAction","target":["https:\/\/moitoarchery.com\/en\/product\/cuerpo-bearpaw-mohawk-recurvo-rh-lh-13\/"]}]},{"@type":"ImageObject","inLanguage":"en-US","@id":"https:\/\/moitoarchery.com\/en\/product\/cuerpo-bearpaw-mohawk-recurvo-rh-lh-13\/#primaryimage","url":"https:\/\/moitoarchery.com\/wp-content\/uploads\/2025\/08\/cuerpo-bearpaw-mohawk-13.jpg","contentUrl":"https:\/\/moitoarchery.com\/wp-content\/uploads\/2025\/08\/cuerpo-bearpaw-mohawk-13.jpg","width":800,"height":800},{"@type":"BreadcrumbList","@id":"https:\/\/moitoarchery.com\/en\/product\/cuerpo-bearpaw-mohawk-recurvo-rh-lh-13\/#breadcrumb","itemListElement":[{"@type":"ListItem","position":1,"name":"Portada","item":"https:\/\/moitoarchery.com\/en\/"},{"@type":"ListItem","position":2,"name":"Shop","item":"https:\/\/moitoarchery.com\/en\/shop\/"},{"@type":"ListItem","position":3,"name":"Cuerpo Bearpaw Mohawk Recurvo RH\/LH 13&#8243;"}]},{"@type":"WebSite","@id":"https:\/\/moitoarchery.com\/en\/#website","url":"https:\/\/moitoarchery.com\/en\/","name":"MoitoArchery","description":"Tienda de Tiro con arco","publisher":{"@id":"https:\/\/moitoarchery.com\/en\/#organization"},"potentialAction":[{"@type":"SearchAction","target":{"@type":"EntryPoint","urlTemplate":"https:\/\/moitoarchery.com\/en\/?s={search_term_string}"},"query-input":{"@type":"PropertyValueSpecification","valueRequired":true,"valueName":"search_term_string"}}],"inLanguage":"en-US"},{"@type":"Organization","@id":"https:\/\/moitoarchery.com\/en\/#organization","name":"MoitoArchery","url":"https:\/\/moitoarchery.com\/en\/","logo":{"@type":"ImageObject","inLanguage":"en-US","@id":"https:\/\/moitoarchery.com\/en\/#\/schema\/logo\/image\/","url":"https:\/\/moitoarchery.com\/wp-content\/uploads\/2020\/09\/logotipo-moitoarchery.png","contentUrl":"https:\/\/moitoarchery.com\/wp-content\/uploads\/2020\/09\/logotipo-moitoarchery.png","width":300,"height":66,"caption":"MoitoArchery"},"image":{"@id":"https:\/\/moitoarchery.com\/en\/#\/schema\/logo\/image\/"},"sameAs":["https:\/\/www.facebook.com\/arqueriaOnline\/","https:\/\/www.instagram.com\/moitoarchery\/","https:\/\/www.youtube.com\/channel\/UCvmj39gVUIKVoJJ6vQC9GPA\/"]}]}},"_links":{"self":[{"href":"https:\/\/moitoarchery.com\/en\/wp-json\/wp\/v2\/product\/96500","targetHints":{"allow":["GET"]}}],"collection":[{"href":"https:\/\/moitoarchery.com\/en\/wp-json\/wp\/v2\/product"}],"about":[{"href":"https:\/\/moitoarchery.com\/en\/wp-json\/wp\/v2\/types\/product"}],"replies":[{"embeddable":true,"href":"https:\/\/moitoarchery.com\/en\/wp-json\/wp\/v2\/comments?post=96500"}],"version-history":[{"count":1,"href":"https:\/\/moitoarchery.com\/en\/wp-json\/wp\/v2\/product\/96500\/revisions"}],"predecessor-version":[{"id":134126,"href":"https:\/\/moitoarchery.com\/en\/wp-json\/wp\/v2\/product\/96500\/revisions\/134126"}],"wp:featuredmedia":[{"embeddable":true,"href":"https:\/\/moitoarchery.com\/en\/wp-json\/wp\/v2\/media\/96524"}],"wp:attachment":[{"href":"https:\/\/moitoarchery.com\/en\/wp-json\/wp\/v2\/media?parent=96500"}],"wp:term":[{"taxonomy":"product_brand","embeddable":true,"href":"https:\/\/moitoarchery.com\/en\/wp-json\/wp\/v2\/product_brand?post=96500"},{"taxonomy":"product_cat","embeddable":true,"href":"https:\/\/moitoarchery.com\/en\/wp-json\/wp\/v2\/product_cat?post=96500"},{"taxonomy":"product_tag","embeddable":true,"href":"https:\/\/moitoarchery.com\/en\/wp-json\/wp\/v2\/product_tag?post=96500"}],"curies":[{"name":"wp","href":"https:\/\/api.w.org\/{rel}","templated":true}]}}