{"id":96452,"date":"2025-08-20T12:16:27","date_gmt":"2025-08-20T10:16:27","guid":{"rendered":"https:\/\/moitoarchery.com\/?post_type=product&#038;p=96452"},"modified":"2026-04-16T11:53:52","modified_gmt":"2026-04-16T09:53:52","slug":"tornillo-de-pala-core-shift-para-cuerpos-de-24-20-19-5-14-5","status":"publish","type":"product","link":"https:\/\/moitoarchery.com\/en\/product\/tornillo-de-pala-core-shift-para-cuerpos-de-24-20-19-5-14-5\/","title":{"rendered":"Tornillo de Pala CORE SHIFT para cuerpos de 24&#8243;\/20&#8243;\/19.5&#8243;\/14.5&#8243;"},"content":{"rendered":"<p data-start=\"303\" data-end=\"622\">El <strong data-start=\"306\" data-end=\"337\">tornillo de pala CORE SHIFT<\/strong> es un repuesto original dise\u00f1ado para asegurar las palas en cuerpos CORE SHIFT de distintas longitudes. Fabricado para ofrecer un ajuste preciso y duradero, este tornillo garantiza una sujeci\u00f3n estable y confiable, ideal tanto para reemplazo como para mantenimiento regular del equipo.<\/p>\n<h4 data-start=\"624\" data-end=\"651\">Versiones Disponibles:<\/h4>\n<ul data-start=\"652\" data-end=\"721\">\n<li data-start=\"652\" data-end=\"684\">\n<p data-start=\"654\" data-end=\"684\">Para cuerpos de <strong data-start=\"669\" data-end=\"682\">24&#8243; y 20&#8243;<\/strong><\/p>\n<\/li>\n<li data-start=\"685\" data-end=\"721\">\n<p data-start=\"687\" data-end=\"721\">Para cuerpos de <strong data-start=\"702\" data-end=\"719\">19.5&#8243; y 14.5&#8243;<\/strong><\/p>\n<\/li>\n<\/ul>\n<h4 data-start=\"723\" data-end=\"756\">Caracter\u00edsticas Principales:<\/h4>\n<ul data-start=\"757\" data-end=\"1064\">\n<li data-start=\"757\" data-end=\"845\">\n<p data-start=\"759\" data-end=\"845\"><strong data-start=\"759\" data-end=\"788\">Compatibilidad Espec\u00edfica<\/strong>: Dise\u00f1ado para los cuerpos CORE SHIFT de varias medidas<\/p>\n<\/li>\n<li data-start=\"846\" data-end=\"926\">\n<p data-start=\"848\" data-end=\"926\"><strong data-start=\"848\" data-end=\"865\">Ajuste Seguro<\/strong>: Fijaci\u00f3n firme de las palas para un rendimiento constante<\/p>\n<\/li>\n<li data-start=\"927\" data-end=\"997\">\n<p data-start=\"929\" data-end=\"997\"><strong data-start=\"929\" data-end=\"956\">Construcci\u00f3n Resistente<\/strong>: Ideal para uso frecuente y prolongado<\/p>\n<\/li>\n<li data-start=\"998\" data-end=\"1064\">\n<p data-start=\"1000\" data-end=\"1064\"><strong data-start=\"1000\" data-end=\"1023\">Repuesto Individual<\/strong>: Incluye 1 tornillo de pala por unidad<\/p>\n<\/li>\n<\/ul>\n<h4 data-start=\"1066\" data-end=\"1097\">Especificaciones T\u00e9cnicas:<\/h4>\n<ul data-start=\"1098\" data-end=\"1325\">\n<li data-start=\"1098\" data-end=\"1128\">\n<p data-start=\"1100\" data-end=\"1128\"><strong data-start=\"1100\" data-end=\"1108\">Tipo<\/strong>: Tornillo de pala<\/p>\n<\/li>\n<li data-start=\"1129\" data-end=\"1195\">\n<p data-start=\"1131\" data-end=\"1195\"><strong data-start=\"1131\" data-end=\"1149\">Compatibilidad<\/strong>: Cuerpos CORE SHIFT (24&#8243;, 20&#8243;, 19.5&#8243;, 14.5&#8243;)<\/p>\n<\/li>\n<li data-start=\"1196\" data-end=\"1222\">\n<p data-start=\"1198\" data-end=\"1222\"><strong data-start=\"1198\" data-end=\"1210\">Cantidad<\/strong>: 1 unidad<\/p>\n<\/li>\n<\/ul>\n","protected":false},"excerpt":{"rendered":"<p data-start=\"303\" data-end=\"622\">El <strong data-start=\"306\" data-end=\"337\">tornillo de pala CORE SHIFT<\/strong> es un repuesto original dise\u00f1ado para asegurar las palas en cuerpos CORE SHIFT de distintas longitudes. Fabricado para ofrecer un ajuste preciso y duradero, este tornillo garantiza una sujeci\u00f3n estable y confiable, ideal tanto para reemplazo como para mantenimiento regular del equipo.<\/p>\n<h4 data-start=\"624\" data-end=\"651\">Versiones Disponibles:<\/h4>\n<ul data-start=\"652\" data-end=\"721\">\n<li data-start=\"652\" data-end=\"684\">\n<p data-start=\"654\" data-end=\"684\">Para cuerpos de <strong data-start=\"669\" data-end=\"682\">24&#8243; y 20&#8243;<\/strong><\/p>\n<\/li>\n<li data-start=\"685\" data-end=\"721\">\n<p data-start=\"687\" data-end=\"721\">Para cuerpos de <strong data-start=\"702\" data-end=\"719\">19.5&#8243; y 14.5&#8243;<\/strong><\/p>\n<\/li>\n<\/ul>\n<h4 data-start=\"723\" data-end=\"756\">Caracter\u00edsticas Principales:<\/h4>\n<ul data-start=\"757\" data-end=\"1064\">\n<li data-start=\"757\" data-end=\"845\">\n<p data-start=\"759\" data-end=\"845\"><strong data-start=\"759\" data-end=\"788\">Compatibilidad Espec\u00edfica<\/strong>: Dise\u00f1ado para los cuerpos CORE SHIFT de varias medidas<\/p>\n<\/li>\n<li data-start=\"846\" data-end=\"926\">\n<p data-start=\"848\" data-end=\"926\"><strong data-start=\"848\" data-end=\"865\">Ajuste Seguro<\/strong>: Fijaci\u00f3n firme de las palas para un rendimiento constante<\/p>\n<\/li>\n<li data-start=\"927\" data-end=\"997\">\n<p data-start=\"929\" data-end=\"997\"><strong data-start=\"929\" data-end=\"956\">Construcci\u00f3n Resistente<\/strong>: Ideal para uso frecuente y prolongado<\/p>\n<\/li>\n<li data-start=\"998\" data-end=\"1064\">\n<p data-start=\"1000\" data-end=\"1064\"><strong data-start=\"1000\" data-end=\"1023\">Repuesto Individual<\/strong>: Incluye 1 tornillo de pala por unidad<\/p>\n<\/li>\n<\/ul>\n","protected":false},"featured_media":96453,"comment_status":"open","ping_status":"closed","template":"","meta":{"_acf_changed":false},"product_brand":[4043],"product_cat":[105,1550],"product_tag":[],"class_list":{"0":"post-96452","1":"product","2":"type-product","3":"status-publish","4":"has-post-thumbnail","6":"product_brand-core-archery","7":"product_cat-arcos","8":"product_cat-partes-de-recurvo","10":"first","11":"onbackorder","12":"taxable","13":"shipping-taxable","14":"purchasable","15":"product-type-variable"},"acf":[],"yoast_head":"<!-- This site is optimized with the Yoast SEO plugin v27.3 - https:\/\/yoast.com\/product\/yoast-seo-wordpress\/ -->\n<title>Tornillo de Pala CORE SHIFT para cuerpos de 24&quot;\/20&quot;\/19.5&quot;\/14.5&quot; - MoitoArchery<\/title>\n<meta name=\"description\" content=\"El tornillo de pala CORE SHIFT es un repuesto original dise\u00f1ado para asegurar las palas en cuerpos CORE SHIFT de distintas longitudes. Fabricado para ofrecer un ajuste preciso y duradero, este tornillo garantiza una sujeci\u00f3n estable y confiable, ideal tanto para reemplazo como para mantenimiento regular del equipo.Versiones Disponibles:Para cuerpos de 24&quot; y 20&quot;Para cuerpos de 19.5&quot; y 14.5&quot;Caracter\u00edsticas Principales:Compatibilidad Espec\u00edfica: Dise\u00f1ado para los cuerpos CORE SHIFT de varias medidasAjuste Seguro: Fijaci\u00f3n firme de las palas para un rendimiento constanteConstrucci\u00f3n Resistente: Ideal para uso frecuente y prolongadoRepuesto Individual: Incluye 1 tornillo de pala por unidad\" \/>\n<meta name=\"robots\" content=\"index, follow, max-snippet:-1, max-image-preview:large, max-video-preview:-1\" \/>\n<link rel=\"canonical\" href=\"https:\/\/moitoarchery.com\/en\/product\/tornillo-de-pala-core-shift-para-cuerpos-de-24-20-19-5-14-5\/\" \/>\n<meta property=\"og:locale\" content=\"en_US\" \/>\n<meta property=\"og:type\" content=\"article\" \/>\n<meta property=\"og:title\" content=\"Tornillo de Pala CORE SHIFT para cuerpos de 24&quot;\/20&quot;\/19.5&quot;\/14.5&quot; - MoitoArchery\" \/>\n<meta property=\"og:description\" content=\"El tornillo de pala CORE SHIFT es un repuesto original dise\u00f1ado para asegurar las palas en cuerpos CORE SHIFT de distintas longitudes. Fabricado para ofrecer un ajuste preciso y duradero, este tornillo garantiza una sujeci\u00f3n estable y confiable, ideal tanto para reemplazo como para mantenimiento regular del equipo.Versiones Disponibles:Para cuerpos de 24&quot; y 20&quot;Para cuerpos de 19.5&quot; y 14.5&quot;Caracter\u00edsticas Principales:Compatibilidad Espec\u00edfica: Dise\u00f1ado para los cuerpos CORE SHIFT de varias medidasAjuste Seguro: Fijaci\u00f3n firme de las palas para un rendimiento constanteConstrucci\u00f3n Resistente: Ideal para uso frecuente y prolongadoRepuesto Individual: Incluye 1 tornillo de pala por unidad\" \/>\n<meta property=\"og:url\" content=\"https:\/\/moitoarchery.com\/en\/product\/tornillo-de-pala-core-shift-para-cuerpos-de-24-20-19-5-14-5\/\" \/>\n<meta property=\"og:site_name\" content=\"MoitoArchery\" \/>\n<meta property=\"article:publisher\" content=\"https:\/\/www.facebook.com\/arqueriaOnline\/\" \/>\n<meta property=\"article:modified_time\" content=\"2026-04-16T09:53:52+00:00\" \/>\n<meta property=\"og:image\" content=\"https:\/\/moitoarchery.com\/wp-content\/uploads\/2025\/08\/Tornillo-para-palas-core-shift.jpg\" \/>\n\t<meta property=\"og:image:width\" content=\"800\" \/>\n\t<meta property=\"og:image:height\" content=\"800\" \/>\n\t<meta property=\"og:image:type\" content=\"image\/jpeg\" \/>\n<meta name=\"twitter:card\" content=\"summary_large_image\" \/>\n<meta name=\"twitter:label1\" content=\"Est. reading time\" \/>\n\t<meta name=\"twitter:data1\" content=\"1 minute\" \/>\n<script type=\"application\/ld+json\" class=\"yoast-schema-graph\">{\"@context\":\"https:\\\/\\\/schema.org\",\"@graph\":[{\"@type\":\"WebPage\",\"@id\":\"https:\\\/\\\/moitoarchery.com\\\/en\\\/product\\\/tornillo-de-pala-core-shift-para-cuerpos-de-24-20-19-5-14-5\\\/\",\"url\":\"https:\\\/\\\/moitoarchery.com\\\/en\\\/product\\\/tornillo-de-pala-core-shift-para-cuerpos-de-24-20-19-5-14-5\\\/\",\"name\":\"Tornillo de Pala CORE SHIFT para cuerpos de 24\\\"\\\/20\\\"\\\/19.5\\\"\\\/14.5\\\" - MoitoArchery\",\"isPartOf\":{\"@id\":\"https:\\\/\\\/moitoarchery.com\\\/en\\\/#website\"},\"primaryImageOfPage\":{\"@id\":\"https:\\\/\\\/moitoarchery.com\\\/en\\\/product\\\/tornillo-de-pala-core-shift-para-cuerpos-de-24-20-19-5-14-5\\\/#primaryimage\"},\"image\":{\"@id\":\"https:\\\/\\\/moitoarchery.com\\\/en\\\/product\\\/tornillo-de-pala-core-shift-para-cuerpos-de-24-20-19-5-14-5\\\/#primaryimage\"},\"thumbnailUrl\":\"https:\\\/\\\/moitoarchery.com\\\/wp-content\\\/uploads\\\/2025\\\/08\\\/Tornillo-para-palas-core-shift.jpg\",\"datePublished\":\"2025-08-20T10:16:27+00:00\",\"dateModified\":\"2026-04-16T09:53:52+00:00\",\"description\":\"El tornillo de pala CORE SHIFT es un repuesto original dise\u00f1ado para asegurar las palas en cuerpos CORE SHIFT de distintas longitudes. Fabricado para ofrecer un ajuste preciso y duradero, este tornillo garantiza una sujeci\u00f3n estable y confiable, ideal tanto para reemplazo como para mantenimiento regular del equipo.Versiones Disponibles:Para cuerpos de 24\\\" y 20\\\"Para cuerpos de 19.5\\\" y 14.5\\\"Caracter\u00edsticas Principales:Compatibilidad Espec\u00edfica: Dise\u00f1ado para los cuerpos CORE SHIFT de varias medidasAjuste Seguro: Fijaci\u00f3n firme de las palas para un rendimiento constanteConstrucci\u00f3n Resistente: Ideal para uso frecuente y prolongadoRepuesto Individual: Incluye 1 tornillo de pala por unidad\",\"breadcrumb\":{\"@id\":\"https:\\\/\\\/moitoarchery.com\\\/en\\\/product\\\/tornillo-de-pala-core-shift-para-cuerpos-de-24-20-19-5-14-5\\\/#breadcrumb\"},\"inLanguage\":\"en-US\",\"potentialAction\":[{\"@type\":\"ReadAction\",\"target\":[\"https:\\\/\\\/moitoarchery.com\\\/en\\\/product\\\/tornillo-de-pala-core-shift-para-cuerpos-de-24-20-19-5-14-5\\\/\"]}]},{\"@type\":\"ImageObject\",\"inLanguage\":\"en-US\",\"@id\":\"https:\\\/\\\/moitoarchery.com\\\/en\\\/product\\\/tornillo-de-pala-core-shift-para-cuerpos-de-24-20-19-5-14-5\\\/#primaryimage\",\"url\":\"https:\\\/\\\/moitoarchery.com\\\/wp-content\\\/uploads\\\/2025\\\/08\\\/Tornillo-para-palas-core-shift.jpg\",\"contentUrl\":\"https:\\\/\\\/moitoarchery.com\\\/wp-content\\\/uploads\\\/2025\\\/08\\\/Tornillo-para-palas-core-shift.jpg\",\"width\":800,\"height\":800,\"caption\":\"Tornillo de Pala CORE SHIFT para cuerpos de 24\\\"\\\/20\\\"\\\/19.5\\\"\\\/14.5\\\"\"},{\"@type\":\"BreadcrumbList\",\"@id\":\"https:\\\/\\\/moitoarchery.com\\\/en\\\/product\\\/tornillo-de-pala-core-shift-para-cuerpos-de-24-20-19-5-14-5\\\/#breadcrumb\",\"itemListElement\":[{\"@type\":\"ListItem\",\"position\":1,\"name\":\"Portada\",\"item\":\"https:\\\/\\\/moitoarchery.com\\\/en\\\/\"},{\"@type\":\"ListItem\",\"position\":2,\"name\":\"Shop\",\"item\":\"https:\\\/\\\/moitoarchery.com\\\/en\\\/shop\\\/\"},{\"@type\":\"ListItem\",\"position\":3,\"name\":\"Tornillo de Pala CORE SHIFT para cuerpos de 24&#8243;\\\/20&#8243;\\\/19.5&#8243;\\\/14.5&#8243;\"}]},{\"@type\":\"WebSite\",\"@id\":\"https:\\\/\\\/moitoarchery.com\\\/en\\\/#website\",\"url\":\"https:\\\/\\\/moitoarchery.com\\\/en\\\/\",\"name\":\"MoitoArchery\",\"description\":\"Tienda de Tiro con arco\",\"publisher\":{\"@id\":\"https:\\\/\\\/moitoarchery.com\\\/en\\\/#organization\"},\"potentialAction\":[{\"@type\":\"SearchAction\",\"target\":{\"@type\":\"EntryPoint\",\"urlTemplate\":\"https:\\\/\\\/moitoarchery.com\\\/en\\\/?s={search_term_string}\"},\"query-input\":{\"@type\":\"PropertyValueSpecification\",\"valueRequired\":true,\"valueName\":\"search_term_string\"}}],\"inLanguage\":\"en-US\"},{\"@type\":\"Organization\",\"@id\":\"https:\\\/\\\/moitoarchery.com\\\/en\\\/#organization\",\"name\":\"MoitoArchery\",\"url\":\"https:\\\/\\\/moitoarchery.com\\\/en\\\/\",\"logo\":{\"@type\":\"ImageObject\",\"inLanguage\":\"en-US\",\"@id\":\"https:\\\/\\\/moitoarchery.com\\\/en\\\/#\\\/schema\\\/logo\\\/image\\\/\",\"url\":\"https:\\\/\\\/moitoarchery.com\\\/wp-content\\\/uploads\\\/2020\\\/09\\\/logotipo-moitoarchery.png\",\"contentUrl\":\"https:\\\/\\\/moitoarchery.com\\\/wp-content\\\/uploads\\\/2020\\\/09\\\/logotipo-moitoarchery.png\",\"width\":300,\"height\":66,\"caption\":\"MoitoArchery\"},\"image\":{\"@id\":\"https:\\\/\\\/moitoarchery.com\\\/en\\\/#\\\/schema\\\/logo\\\/image\\\/\"},\"sameAs\":[\"https:\\\/\\\/www.facebook.com\\\/arqueriaOnline\\\/\",\"https:\\\/\\\/www.instagram.com\\\/moitoarchery\\\/\",\"https:\\\/\\\/www.youtube.com\\\/channel\\\/UCvmj39gVUIKVoJJ6vQC9GPA\\\/\"]}]}<\/script>\n<!-- \/ Yoast SEO plugin. -->","yoast_head_json":{"title":"Tornillo de Pala CORE SHIFT para cuerpos de 24\"\/20\"\/19.5\"\/14.5\" - MoitoArchery","description":"El tornillo de pala CORE SHIFT es un repuesto original dise\u00f1ado para asegurar las palas en cuerpos CORE SHIFT de distintas longitudes. Fabricado para ofrecer un ajuste preciso y duradero, este tornillo garantiza una sujeci\u00f3n estable y confiable, ideal tanto para reemplazo como para mantenimiento regular del equipo.Versiones Disponibles:Para cuerpos de 24\" y 20\"Para cuerpos de 19.5\" y 14.5\"Caracter\u00edsticas Principales:Compatibilidad Espec\u00edfica: Dise\u00f1ado para los cuerpos CORE SHIFT de varias medidasAjuste Seguro: Fijaci\u00f3n firme de las palas para un rendimiento constanteConstrucci\u00f3n Resistente: Ideal para uso frecuente y prolongadoRepuesto Individual: Incluye 1 tornillo de pala por unidad","robots":{"index":"index","follow":"follow","max-snippet":"max-snippet:-1","max-image-preview":"max-image-preview:large","max-video-preview":"max-video-preview:-1"},"canonical":"https:\/\/moitoarchery.com\/en\/product\/tornillo-de-pala-core-shift-para-cuerpos-de-24-20-19-5-14-5\/","og_locale":"en_US","og_type":"article","og_title":"Tornillo de Pala CORE SHIFT para cuerpos de 24\"\/20\"\/19.5\"\/14.5\" - MoitoArchery","og_description":"El tornillo de pala CORE SHIFT es un repuesto original dise\u00f1ado para asegurar las palas en cuerpos CORE SHIFT de distintas longitudes. Fabricado para ofrecer un ajuste preciso y duradero, este tornillo garantiza una sujeci\u00f3n estable y confiable, ideal tanto para reemplazo como para mantenimiento regular del equipo.Versiones Disponibles:Para cuerpos de 24\" y 20\"Para cuerpos de 19.5\" y 14.5\"Caracter\u00edsticas Principales:Compatibilidad Espec\u00edfica: Dise\u00f1ado para los cuerpos CORE SHIFT de varias medidasAjuste Seguro: Fijaci\u00f3n firme de las palas para un rendimiento constanteConstrucci\u00f3n Resistente: Ideal para uso frecuente y prolongadoRepuesto Individual: Incluye 1 tornillo de pala por unidad","og_url":"https:\/\/moitoarchery.com\/en\/product\/tornillo-de-pala-core-shift-para-cuerpos-de-24-20-19-5-14-5\/","og_site_name":"MoitoArchery","article_publisher":"https:\/\/www.facebook.com\/arqueriaOnline\/","article_modified_time":"2026-04-16T09:53:52+00:00","og_image":[{"width":800,"height":800,"url":"https:\/\/moitoarchery.com\/wp-content\/uploads\/2025\/08\/Tornillo-para-palas-core-shift.jpg","type":"image\/jpeg"}],"twitter_card":"summary_large_image","twitter_misc":{"Est. reading time":"1 minute"},"schema":{"@context":"https:\/\/schema.org","@graph":[{"@type":"WebPage","@id":"https:\/\/moitoarchery.com\/en\/product\/tornillo-de-pala-core-shift-para-cuerpos-de-24-20-19-5-14-5\/","url":"https:\/\/moitoarchery.com\/en\/product\/tornillo-de-pala-core-shift-para-cuerpos-de-24-20-19-5-14-5\/","name":"Tornillo de Pala CORE SHIFT para cuerpos de 24\"\/20\"\/19.5\"\/14.5\" - MoitoArchery","isPartOf":{"@id":"https:\/\/moitoarchery.com\/en\/#website"},"primaryImageOfPage":{"@id":"https:\/\/moitoarchery.com\/en\/product\/tornillo-de-pala-core-shift-para-cuerpos-de-24-20-19-5-14-5\/#primaryimage"},"image":{"@id":"https:\/\/moitoarchery.com\/en\/product\/tornillo-de-pala-core-shift-para-cuerpos-de-24-20-19-5-14-5\/#primaryimage"},"thumbnailUrl":"https:\/\/moitoarchery.com\/wp-content\/uploads\/2025\/08\/Tornillo-para-palas-core-shift.jpg","datePublished":"2025-08-20T10:16:27+00:00","dateModified":"2026-04-16T09:53:52+00:00","description":"El tornillo de pala CORE SHIFT es un repuesto original dise\u00f1ado para asegurar las palas en cuerpos CORE SHIFT de distintas longitudes. Fabricado para ofrecer un ajuste preciso y duradero, este tornillo garantiza una sujeci\u00f3n estable y confiable, ideal tanto para reemplazo como para mantenimiento regular del equipo.Versiones Disponibles:Para cuerpos de 24\" y 20\"Para cuerpos de 19.5\" y 14.5\"Caracter\u00edsticas Principales:Compatibilidad Espec\u00edfica: Dise\u00f1ado para los cuerpos CORE SHIFT de varias medidasAjuste Seguro: Fijaci\u00f3n firme de las palas para un rendimiento constanteConstrucci\u00f3n Resistente: Ideal para uso frecuente y prolongadoRepuesto Individual: Incluye 1 tornillo de pala por unidad","breadcrumb":{"@id":"https:\/\/moitoarchery.com\/en\/product\/tornillo-de-pala-core-shift-para-cuerpos-de-24-20-19-5-14-5\/#breadcrumb"},"inLanguage":"en-US","potentialAction":[{"@type":"ReadAction","target":["https:\/\/moitoarchery.com\/en\/product\/tornillo-de-pala-core-shift-para-cuerpos-de-24-20-19-5-14-5\/"]}]},{"@type":"ImageObject","inLanguage":"en-US","@id":"https:\/\/moitoarchery.com\/en\/product\/tornillo-de-pala-core-shift-para-cuerpos-de-24-20-19-5-14-5\/#primaryimage","url":"https:\/\/moitoarchery.com\/wp-content\/uploads\/2025\/08\/Tornillo-para-palas-core-shift.jpg","contentUrl":"https:\/\/moitoarchery.com\/wp-content\/uploads\/2025\/08\/Tornillo-para-palas-core-shift.jpg","width":800,"height":800,"caption":"Tornillo de Pala CORE SHIFT para cuerpos de 24\"\/20\"\/19.5\"\/14.5\""},{"@type":"BreadcrumbList","@id":"https:\/\/moitoarchery.com\/en\/product\/tornillo-de-pala-core-shift-para-cuerpos-de-24-20-19-5-14-5\/#breadcrumb","itemListElement":[{"@type":"ListItem","position":1,"name":"Portada","item":"https:\/\/moitoarchery.com\/en\/"},{"@type":"ListItem","position":2,"name":"Shop","item":"https:\/\/moitoarchery.com\/en\/shop\/"},{"@type":"ListItem","position":3,"name":"Tornillo de Pala CORE SHIFT para cuerpos de 24&#8243;\/20&#8243;\/19.5&#8243;\/14.5&#8243;"}]},{"@type":"WebSite","@id":"https:\/\/moitoarchery.com\/en\/#website","url":"https:\/\/moitoarchery.com\/en\/","name":"MoitoArchery","description":"Tienda de Tiro con arco","publisher":{"@id":"https:\/\/moitoarchery.com\/en\/#organization"},"potentialAction":[{"@type":"SearchAction","target":{"@type":"EntryPoint","urlTemplate":"https:\/\/moitoarchery.com\/en\/?s={search_term_string}"},"query-input":{"@type":"PropertyValueSpecification","valueRequired":true,"valueName":"search_term_string"}}],"inLanguage":"en-US"},{"@type":"Organization","@id":"https:\/\/moitoarchery.com\/en\/#organization","name":"MoitoArchery","url":"https:\/\/moitoarchery.com\/en\/","logo":{"@type":"ImageObject","inLanguage":"en-US","@id":"https:\/\/moitoarchery.com\/en\/#\/schema\/logo\/image\/","url":"https:\/\/moitoarchery.com\/wp-content\/uploads\/2020\/09\/logotipo-moitoarchery.png","contentUrl":"https:\/\/moitoarchery.com\/wp-content\/uploads\/2020\/09\/logotipo-moitoarchery.png","width":300,"height":66,"caption":"MoitoArchery"},"image":{"@id":"https:\/\/moitoarchery.com\/en\/#\/schema\/logo\/image\/"},"sameAs":["https:\/\/www.facebook.com\/arqueriaOnline\/","https:\/\/www.instagram.com\/moitoarchery\/","https:\/\/www.youtube.com\/channel\/UCvmj39gVUIKVoJJ6vQC9GPA\/"]}]}},"_links":{"self":[{"href":"https:\/\/moitoarchery.com\/en\/wp-json\/wp\/v2\/product\/96452","targetHints":{"allow":["GET"]}}],"collection":[{"href":"https:\/\/moitoarchery.com\/en\/wp-json\/wp\/v2\/product"}],"about":[{"href":"https:\/\/moitoarchery.com\/en\/wp-json\/wp\/v2\/types\/product"}],"replies":[{"embeddable":true,"href":"https:\/\/moitoarchery.com\/en\/wp-json\/wp\/v2\/comments?post=96452"}],"version-history":[{"count":1,"href":"https:\/\/moitoarchery.com\/en\/wp-json\/wp\/v2\/product\/96452\/revisions"}],"predecessor-version":[{"id":134124,"href":"https:\/\/moitoarchery.com\/en\/wp-json\/wp\/v2\/product\/96452\/revisions\/134124"}],"wp:featuredmedia":[{"embeddable":true,"href":"https:\/\/moitoarchery.com\/en\/wp-json\/wp\/v2\/media\/96453"}],"wp:attachment":[{"href":"https:\/\/moitoarchery.com\/en\/wp-json\/wp\/v2\/media?parent=96452"}],"wp:term":[{"taxonomy":"product_brand","embeddable":true,"href":"https:\/\/moitoarchery.com\/en\/wp-json\/wp\/v2\/product_brand?post=96452"},{"taxonomy":"product_cat","embeddable":true,"href":"https:\/\/moitoarchery.com\/en\/wp-json\/wp\/v2\/product_cat?post=96452"},{"taxonomy":"product_tag","embeddable":true,"href":"https:\/\/moitoarchery.com\/en\/wp-json\/wp\/v2\/product_tag?post=96452"}],"curies":[{"name":"wp","href":"https:\/\/api.w.org\/{rel}","templated":true}]}}