{"id":96401,"date":"2025-08-20T12:09:59","date_gmt":"2025-08-20T10:09:59","guid":{"rendered":"https:\/\/moitoarchery.com\/?post_type=product&#038;p=96401"},"modified":"2026-04-16T11:20:52","modified_gmt":"2026-04-16T09:20:52","slug":"tornillos-de-tiller-para-cuerpo-core-jet-metal","status":"publish","type":"product","link":"https:\/\/moitoarchery.com\/en\/product\/tornillos-de-tiller-para-cuerpo-core-jet-metal\/","title":{"rendered":"Tornillos de Tiller para Cuerpo Core Jet Metal"},"content":{"rendered":"<p data-start=\"181\" data-end=\"566\">Los <strong data-start=\"185\" data-end=\"237\">tornillos de tiller para el cuerpo Core Jet Metal<\/strong> est\u00e1n dise\u00f1ados para ofrecer un ajuste seguro y preciso de las palas en arcos recurvos. Fabricados con materiales resistentes, estos tornillos garantizan una regulaci\u00f3n fiable del tiller, mejorando la estabilidad y el rendimiento general del arco. Ideales como repuesto original o para mantener tu equipo en \u00f3ptimas condiciones.<\/p>\n<h4 data-start=\"568\" data-end=\"601\">Caracter\u00edsticas Principales:<\/h4>\n<ul data-start=\"602\" data-end=\"892\">\n<li data-start=\"602\" data-end=\"687\">\n<p data-start=\"604\" data-end=\"687\"><strong data-start=\"604\" data-end=\"633\">Ajuste Preciso del Tiller<\/strong>: Permite una regulaci\u00f3n fina y estable de las palas<\/p>\n<\/li>\n<li data-start=\"688\" data-end=\"761\">\n<p data-start=\"690\" data-end=\"761\"><strong data-start=\"690\" data-end=\"719\">Compatibilidad Espec\u00edfica<\/strong>: Dise\u00f1ados para el cuerpo Core Jet Metal<\/p>\n<\/li>\n<li data-start=\"762\" data-end=\"835\">\n<p data-start=\"764\" data-end=\"835\"><strong data-start=\"764\" data-end=\"789\">Construcci\u00f3n Duradera<\/strong>: Material resistente para un uso prolongado<\/p>\n<\/li>\n<li data-start=\"836\" data-end=\"892\">\n<p data-start=\"838\" data-end=\"892\"><strong data-start=\"838\" data-end=\"859\">F\u00e1cil Instalaci\u00f3n<\/strong>: Sustituci\u00f3n r\u00e1pida y sencilla<\/p>\n<\/li>\n<\/ul>\n<h4 data-start=\"894\" data-end=\"925\">Especificaciones T\u00e9cnicas:<\/h4>\n<ul data-start=\"926\" data-end=\"1115\">\n<li data-start=\"926\" data-end=\"959\">\n<p data-start=\"928\" data-end=\"959\"><strong data-start=\"928\" data-end=\"936\">Tipo<\/strong>: Tornillos de tiller<\/p>\n<\/li>\n<li data-start=\"960\" data-end=\"1004\">\n<p data-start=\"962\" data-end=\"1004\"><strong data-start=\"962\" data-end=\"980\">Compatibilidad<\/strong>: Cuerpo Core Jet Metal<\/p>\n<\/li>\n<li data-start=\"1005\" data-end=\"1080\">\n<p data-start=\"1007\" data-end=\"1080\"><strong data-start=\"1007\" data-end=\"1019\">Cantidad<\/strong>: (Especificar si se trata de 1 o 2 unidades, si se conoce)<\/p>\n<\/li>\n<li data-start=\"1081\" data-end=\"1115\">\n<p data-start=\"1083\" data-end=\"1115\"><strong data-start=\"1083\" data-end=\"1095\">Material<\/strong>: Metal resistente<\/p>\n<\/li>\n<\/ul>\n","protected":false},"excerpt":{"rendered":"<p data-start=\"181\" data-end=\"566\">Los <strong data-start=\"185\" data-end=\"237\">tornillos de tiller para el cuerpo Core Jet Metal<\/strong> est\u00e1n dise\u00f1ados para ofrecer un ajuste seguro y preciso de las palas en arcos recurvos. Fabricados con materiales resistentes, estos tornillos garantizan una regulaci\u00f3n fiable del tiller, mejorando la estabilidad y el rendimiento general del arco. Ideales como repuesto original o para mantener tu equipo en \u00f3ptimas condiciones.<\/p>\n<h4 data-start=\"568\" data-end=\"601\">Caracter\u00edsticas Principales:<\/h4>\n<ul data-start=\"602\" data-end=\"892\">\n<li data-start=\"602\" data-end=\"687\">\n<p data-start=\"604\" data-end=\"687\"><strong data-start=\"604\" data-end=\"633\">Ajuste Preciso del Tiller<\/strong>: Permite una regulaci\u00f3n fina y estable de las palas<\/p>\n<\/li>\n<li data-start=\"688\" data-end=\"761\">\n<p data-start=\"690\" data-end=\"761\"><strong data-start=\"690\" data-end=\"719\">Compatibilidad Espec\u00edfica<\/strong>: Dise\u00f1ados para el cuerpo Core Jet Metal<\/p>\n<\/li>\n<li data-start=\"762\" data-end=\"835\">\n<p data-start=\"764\" data-end=\"835\"><strong data-start=\"764\" data-end=\"789\">Construcci\u00f3n Duradera<\/strong>: Material resistente para un uso prolongado<\/p>\n<\/li>\n<li data-start=\"836\" data-end=\"892\">\n<p data-start=\"838\" data-end=\"892\"><strong data-start=\"838\" data-end=\"859\">F\u00e1cil Instalaci\u00f3n<\/strong>: Sustituci\u00f3n r\u00e1pida y sencilla<\/p>\n<\/li>\n<\/ul>\n","protected":false},"featured_media":96403,"comment_status":"open","ping_status":"closed","template":"","meta":{"_acf_changed":false},"product_brand":[4043],"product_cat":[105,1550],"product_tag":[],"class_list":{"0":"post-96401","1":"product","2":"type-product","3":"status-publish","4":"has-post-thumbnail","6":"product_brand-core-archery","7":"product_cat-arcos","8":"product_cat-partes-de-recurvo","10":"first","11":"onbackorder","12":"sale","13":"taxable","14":"shipping-taxable","15":"purchasable","16":"product-type-simple"},"acf":[],"yoast_head":"<!-- This site is optimized with the Yoast SEO plugin v27.3 - https:\/\/yoast.com\/product\/yoast-seo-wordpress\/ -->\n<title>Tornillos de Tiller para Cuerpo Core Jet Metal - MoitoArchery<\/title>\n<meta name=\"description\" content=\"Los tornillos de tiller para el cuerpo Core Jet Metal est\u00e1n dise\u00f1ados para ofrecer un ajuste seguro y preciso de las palas en arcos recurvos. Fabricados con materiales resistentes, estos tornillos garantizan una regulaci\u00f3n fiable del tiller, mejorando la estabilidad y el rendimiento general del arco. Ideales como repuesto original o para mantener tu equipo en \u00f3ptimas condiciones.Caracter\u00edsticas Principales:Ajuste Preciso del Tiller: Permite una regulaci\u00f3n fina y estable de las palasCompatibilidad Espec\u00edfica: Dise\u00f1ados para el cuerpo Core Jet MetalConstrucci\u00f3n Duradera: Material resistente para un uso prolongadoF\u00e1cil Instalaci\u00f3n: Sustituci\u00f3n r\u00e1pida y sencilla\" \/>\n<meta name=\"robots\" content=\"index, follow, max-snippet:-1, max-image-preview:large, max-video-preview:-1\" \/>\n<link rel=\"canonical\" href=\"https:\/\/moitoarchery.com\/en\/product\/tornillos-de-tiller-para-cuerpo-core-jet-metal\/\" \/>\n<meta property=\"og:locale\" content=\"en_US\" \/>\n<meta property=\"og:type\" content=\"article\" \/>\n<meta property=\"og:title\" content=\"Tornillos de Tiller para Cuerpo Core Jet Metal - MoitoArchery\" \/>\n<meta property=\"og:description\" content=\"Los tornillos de tiller para el cuerpo Core Jet Metal est\u00e1n dise\u00f1ados para ofrecer un ajuste seguro y preciso de las palas en arcos recurvos. Fabricados con materiales resistentes, estos tornillos garantizan una regulaci\u00f3n fiable del tiller, mejorando la estabilidad y el rendimiento general del arco. Ideales como repuesto original o para mantener tu equipo en \u00f3ptimas condiciones.Caracter\u00edsticas Principales:Ajuste Preciso del Tiller: Permite una regulaci\u00f3n fina y estable de las palasCompatibilidad Espec\u00edfica: Dise\u00f1ados para el cuerpo Core Jet MetalConstrucci\u00f3n Duradera: Material resistente para un uso prolongadoF\u00e1cil Instalaci\u00f3n: Sustituci\u00f3n r\u00e1pida y sencilla\" \/>\n<meta property=\"og:url\" content=\"https:\/\/moitoarchery.com\/en\/product\/tornillos-de-tiller-para-cuerpo-core-jet-metal\/\" \/>\n<meta property=\"og:site_name\" content=\"MoitoArchery\" \/>\n<meta property=\"article:publisher\" content=\"https:\/\/www.facebook.com\/arqueriaOnline\/\" \/>\n<meta property=\"article:modified_time\" content=\"2026-04-16T09:20:52+00:00\" \/>\n<meta property=\"og:image\" content=\"https:\/\/moitoarchery.com\/wp-content\/uploads\/2025\/08\/Tornillo-tiller-core-jet-metal.jpg\" \/>\n\t<meta property=\"og:image:width\" content=\"800\" \/>\n\t<meta property=\"og:image:height\" content=\"800\" \/>\n\t<meta property=\"og:image:type\" content=\"image\/jpeg\" \/>\n<meta name=\"twitter:card\" content=\"summary_large_image\" \/>\n<meta name=\"twitter:label1\" content=\"Est. reading time\" \/>\n\t<meta name=\"twitter:data1\" content=\"1 minute\" \/>\n<script type=\"application\/ld+json\" class=\"yoast-schema-graph\">{\"@context\":\"https:\\\/\\\/schema.org\",\"@graph\":[{\"@type\":\"WebPage\",\"@id\":\"https:\\\/\\\/moitoarchery.com\\\/en\\\/product\\\/tornillos-de-tiller-para-cuerpo-core-jet-metal\\\/\",\"url\":\"https:\\\/\\\/moitoarchery.com\\\/en\\\/product\\\/tornillos-de-tiller-para-cuerpo-core-jet-metal\\\/\",\"name\":\"Tornillos de Tiller para Cuerpo Core Jet Metal - MoitoArchery\",\"isPartOf\":{\"@id\":\"https:\\\/\\\/moitoarchery.com\\\/en\\\/#website\"},\"primaryImageOfPage\":{\"@id\":\"https:\\\/\\\/moitoarchery.com\\\/en\\\/product\\\/tornillos-de-tiller-para-cuerpo-core-jet-metal\\\/#primaryimage\"},\"image\":{\"@id\":\"https:\\\/\\\/moitoarchery.com\\\/en\\\/product\\\/tornillos-de-tiller-para-cuerpo-core-jet-metal\\\/#primaryimage\"},\"thumbnailUrl\":\"https:\\\/\\\/moitoarchery.com\\\/wp-content\\\/uploads\\\/2025\\\/08\\\/Tornillo-tiller-core-jet-metal.jpg\",\"datePublished\":\"2025-08-20T10:09:59+00:00\",\"dateModified\":\"2026-04-16T09:20:52+00:00\",\"description\":\"Los tornillos de tiller para el cuerpo Core Jet Metal est\u00e1n dise\u00f1ados para ofrecer un ajuste seguro y preciso de las palas en arcos recurvos. Fabricados con materiales resistentes, estos tornillos garantizan una regulaci\u00f3n fiable del tiller, mejorando la estabilidad y el rendimiento general del arco. Ideales como repuesto original o para mantener tu equipo en \u00f3ptimas condiciones.Caracter\u00edsticas Principales:Ajuste Preciso del Tiller: Permite una regulaci\u00f3n fina y estable de las palasCompatibilidad Espec\u00edfica: Dise\u00f1ados para el cuerpo Core Jet MetalConstrucci\u00f3n Duradera: Material resistente para un uso prolongadoF\u00e1cil Instalaci\u00f3n: Sustituci\u00f3n r\u00e1pida y sencilla\",\"breadcrumb\":{\"@id\":\"https:\\\/\\\/moitoarchery.com\\\/en\\\/product\\\/tornillos-de-tiller-para-cuerpo-core-jet-metal\\\/#breadcrumb\"},\"inLanguage\":\"en-US\",\"potentialAction\":[{\"@type\":\"ReadAction\",\"target\":[\"https:\\\/\\\/moitoarchery.com\\\/en\\\/product\\\/tornillos-de-tiller-para-cuerpo-core-jet-metal\\\/\"]}]},{\"@type\":\"ImageObject\",\"inLanguage\":\"en-US\",\"@id\":\"https:\\\/\\\/moitoarchery.com\\\/en\\\/product\\\/tornillos-de-tiller-para-cuerpo-core-jet-metal\\\/#primaryimage\",\"url\":\"https:\\\/\\\/moitoarchery.com\\\/wp-content\\\/uploads\\\/2025\\\/08\\\/Tornillo-tiller-core-jet-metal.jpg\",\"contentUrl\":\"https:\\\/\\\/moitoarchery.com\\\/wp-content\\\/uploads\\\/2025\\\/08\\\/Tornillo-tiller-core-jet-metal.jpg\",\"width\":800,\"height\":800,\"caption\":\"Tornillos de Tiller para Cuerpo Core Jet Metal\"},{\"@type\":\"BreadcrumbList\",\"@id\":\"https:\\\/\\\/moitoarchery.com\\\/en\\\/product\\\/tornillos-de-tiller-para-cuerpo-core-jet-metal\\\/#breadcrumb\",\"itemListElement\":[{\"@type\":\"ListItem\",\"position\":1,\"name\":\"Portada\",\"item\":\"https:\\\/\\\/moitoarchery.com\\\/en\\\/\"},{\"@type\":\"ListItem\",\"position\":2,\"name\":\"Shop\",\"item\":\"https:\\\/\\\/moitoarchery.com\\\/en\\\/shop\\\/\"},{\"@type\":\"ListItem\",\"position\":3,\"name\":\"Tornillos de Tiller para Cuerpo Core Jet Metal\"}]},{\"@type\":\"WebSite\",\"@id\":\"https:\\\/\\\/moitoarchery.com\\\/en\\\/#website\",\"url\":\"https:\\\/\\\/moitoarchery.com\\\/en\\\/\",\"name\":\"MoitoArchery\",\"description\":\"Tienda de Tiro con arco\",\"publisher\":{\"@id\":\"https:\\\/\\\/moitoarchery.com\\\/en\\\/#organization\"},\"potentialAction\":[{\"@type\":\"SearchAction\",\"target\":{\"@type\":\"EntryPoint\",\"urlTemplate\":\"https:\\\/\\\/moitoarchery.com\\\/en\\\/?s={search_term_string}\"},\"query-input\":{\"@type\":\"PropertyValueSpecification\",\"valueRequired\":true,\"valueName\":\"search_term_string\"}}],\"inLanguage\":\"en-US\"},{\"@type\":\"Organization\",\"@id\":\"https:\\\/\\\/moitoarchery.com\\\/en\\\/#organization\",\"name\":\"MoitoArchery\",\"url\":\"https:\\\/\\\/moitoarchery.com\\\/en\\\/\",\"logo\":{\"@type\":\"ImageObject\",\"inLanguage\":\"en-US\",\"@id\":\"https:\\\/\\\/moitoarchery.com\\\/en\\\/#\\\/schema\\\/logo\\\/image\\\/\",\"url\":\"https:\\\/\\\/moitoarchery.com\\\/wp-content\\\/uploads\\\/2020\\\/09\\\/logotipo-moitoarchery.png\",\"contentUrl\":\"https:\\\/\\\/moitoarchery.com\\\/wp-content\\\/uploads\\\/2020\\\/09\\\/logotipo-moitoarchery.png\",\"width\":300,\"height\":66,\"caption\":\"MoitoArchery\"},\"image\":{\"@id\":\"https:\\\/\\\/moitoarchery.com\\\/en\\\/#\\\/schema\\\/logo\\\/image\\\/\"},\"sameAs\":[\"https:\\\/\\\/www.facebook.com\\\/arqueriaOnline\\\/\",\"https:\\\/\\\/www.instagram.com\\\/moitoarchery\\\/\",\"https:\\\/\\\/www.youtube.com\\\/channel\\\/UCvmj39gVUIKVoJJ6vQC9GPA\\\/\"]}]}<\/script>\n<!-- \/ Yoast SEO plugin. -->","yoast_head_json":{"title":"Tornillos de Tiller para Cuerpo Core Jet Metal - MoitoArchery","description":"Los tornillos de tiller para el cuerpo Core Jet Metal est\u00e1n dise\u00f1ados para ofrecer un ajuste seguro y preciso de las palas en arcos recurvos. Fabricados con materiales resistentes, estos tornillos garantizan una regulaci\u00f3n fiable del tiller, mejorando la estabilidad y el rendimiento general del arco. Ideales como repuesto original o para mantener tu equipo en \u00f3ptimas condiciones.Caracter\u00edsticas Principales:Ajuste Preciso del Tiller: Permite una regulaci\u00f3n fina y estable de las palasCompatibilidad Espec\u00edfica: Dise\u00f1ados para el cuerpo Core Jet MetalConstrucci\u00f3n Duradera: Material resistente para un uso prolongadoF\u00e1cil Instalaci\u00f3n: Sustituci\u00f3n r\u00e1pida y sencilla","robots":{"index":"index","follow":"follow","max-snippet":"max-snippet:-1","max-image-preview":"max-image-preview:large","max-video-preview":"max-video-preview:-1"},"canonical":"https:\/\/moitoarchery.com\/en\/product\/tornillos-de-tiller-para-cuerpo-core-jet-metal\/","og_locale":"en_US","og_type":"article","og_title":"Tornillos de Tiller para Cuerpo Core Jet Metal - MoitoArchery","og_description":"Los tornillos de tiller para el cuerpo Core Jet Metal est\u00e1n dise\u00f1ados para ofrecer un ajuste seguro y preciso de las palas en arcos recurvos. Fabricados con materiales resistentes, estos tornillos garantizan una regulaci\u00f3n fiable del tiller, mejorando la estabilidad y el rendimiento general del arco. Ideales como repuesto original o para mantener tu equipo en \u00f3ptimas condiciones.Caracter\u00edsticas Principales:Ajuste Preciso del Tiller: Permite una regulaci\u00f3n fina y estable de las palasCompatibilidad Espec\u00edfica: Dise\u00f1ados para el cuerpo Core Jet MetalConstrucci\u00f3n Duradera: Material resistente para un uso prolongadoF\u00e1cil Instalaci\u00f3n: Sustituci\u00f3n r\u00e1pida y sencilla","og_url":"https:\/\/moitoarchery.com\/en\/product\/tornillos-de-tiller-para-cuerpo-core-jet-metal\/","og_site_name":"MoitoArchery","article_publisher":"https:\/\/www.facebook.com\/arqueriaOnline\/","article_modified_time":"2026-04-16T09:20:52+00:00","og_image":[{"width":800,"height":800,"url":"https:\/\/moitoarchery.com\/wp-content\/uploads\/2025\/08\/Tornillo-tiller-core-jet-metal.jpg","type":"image\/jpeg"}],"twitter_card":"summary_large_image","twitter_misc":{"Est. reading time":"1 minute"},"schema":{"@context":"https:\/\/schema.org","@graph":[{"@type":"WebPage","@id":"https:\/\/moitoarchery.com\/en\/product\/tornillos-de-tiller-para-cuerpo-core-jet-metal\/","url":"https:\/\/moitoarchery.com\/en\/product\/tornillos-de-tiller-para-cuerpo-core-jet-metal\/","name":"Tornillos de Tiller para Cuerpo Core Jet Metal - MoitoArchery","isPartOf":{"@id":"https:\/\/moitoarchery.com\/en\/#website"},"primaryImageOfPage":{"@id":"https:\/\/moitoarchery.com\/en\/product\/tornillos-de-tiller-para-cuerpo-core-jet-metal\/#primaryimage"},"image":{"@id":"https:\/\/moitoarchery.com\/en\/product\/tornillos-de-tiller-para-cuerpo-core-jet-metal\/#primaryimage"},"thumbnailUrl":"https:\/\/moitoarchery.com\/wp-content\/uploads\/2025\/08\/Tornillo-tiller-core-jet-metal.jpg","datePublished":"2025-08-20T10:09:59+00:00","dateModified":"2026-04-16T09:20:52+00:00","description":"Los tornillos de tiller para el cuerpo Core Jet Metal est\u00e1n dise\u00f1ados para ofrecer un ajuste seguro y preciso de las palas en arcos recurvos. Fabricados con materiales resistentes, estos tornillos garantizan una regulaci\u00f3n fiable del tiller, mejorando la estabilidad y el rendimiento general del arco. Ideales como repuesto original o para mantener tu equipo en \u00f3ptimas condiciones.Caracter\u00edsticas Principales:Ajuste Preciso del Tiller: Permite una regulaci\u00f3n fina y estable de las palasCompatibilidad Espec\u00edfica: Dise\u00f1ados para el cuerpo Core Jet MetalConstrucci\u00f3n Duradera: Material resistente para un uso prolongadoF\u00e1cil Instalaci\u00f3n: Sustituci\u00f3n r\u00e1pida y sencilla","breadcrumb":{"@id":"https:\/\/moitoarchery.com\/en\/product\/tornillos-de-tiller-para-cuerpo-core-jet-metal\/#breadcrumb"},"inLanguage":"en-US","potentialAction":[{"@type":"ReadAction","target":["https:\/\/moitoarchery.com\/en\/product\/tornillos-de-tiller-para-cuerpo-core-jet-metal\/"]}]},{"@type":"ImageObject","inLanguage":"en-US","@id":"https:\/\/moitoarchery.com\/en\/product\/tornillos-de-tiller-para-cuerpo-core-jet-metal\/#primaryimage","url":"https:\/\/moitoarchery.com\/wp-content\/uploads\/2025\/08\/Tornillo-tiller-core-jet-metal.jpg","contentUrl":"https:\/\/moitoarchery.com\/wp-content\/uploads\/2025\/08\/Tornillo-tiller-core-jet-metal.jpg","width":800,"height":800,"caption":"Tornillos de Tiller para Cuerpo Core Jet Metal"},{"@type":"BreadcrumbList","@id":"https:\/\/moitoarchery.com\/en\/product\/tornillos-de-tiller-para-cuerpo-core-jet-metal\/#breadcrumb","itemListElement":[{"@type":"ListItem","position":1,"name":"Portada","item":"https:\/\/moitoarchery.com\/en\/"},{"@type":"ListItem","position":2,"name":"Shop","item":"https:\/\/moitoarchery.com\/en\/shop\/"},{"@type":"ListItem","position":3,"name":"Tornillos de Tiller para Cuerpo Core Jet Metal"}]},{"@type":"WebSite","@id":"https:\/\/moitoarchery.com\/en\/#website","url":"https:\/\/moitoarchery.com\/en\/","name":"MoitoArchery","description":"Tienda de Tiro con arco","publisher":{"@id":"https:\/\/moitoarchery.com\/en\/#organization"},"potentialAction":[{"@type":"SearchAction","target":{"@type":"EntryPoint","urlTemplate":"https:\/\/moitoarchery.com\/en\/?s={search_term_string}"},"query-input":{"@type":"PropertyValueSpecification","valueRequired":true,"valueName":"search_term_string"}}],"inLanguage":"en-US"},{"@type":"Organization","@id":"https:\/\/moitoarchery.com\/en\/#organization","name":"MoitoArchery","url":"https:\/\/moitoarchery.com\/en\/","logo":{"@type":"ImageObject","inLanguage":"en-US","@id":"https:\/\/moitoarchery.com\/en\/#\/schema\/logo\/image\/","url":"https:\/\/moitoarchery.com\/wp-content\/uploads\/2020\/09\/logotipo-moitoarchery.png","contentUrl":"https:\/\/moitoarchery.com\/wp-content\/uploads\/2020\/09\/logotipo-moitoarchery.png","width":300,"height":66,"caption":"MoitoArchery"},"image":{"@id":"https:\/\/moitoarchery.com\/en\/#\/schema\/logo\/image\/"},"sameAs":["https:\/\/www.facebook.com\/arqueriaOnline\/","https:\/\/www.instagram.com\/moitoarchery\/","https:\/\/www.youtube.com\/channel\/UCvmj39gVUIKVoJJ6vQC9GPA\/"]}]}},"_links":{"self":[{"href":"https:\/\/moitoarchery.com\/en\/wp-json\/wp\/v2\/product\/96401","targetHints":{"allow":["GET"]}}],"collection":[{"href":"https:\/\/moitoarchery.com\/en\/wp-json\/wp\/v2\/product"}],"about":[{"href":"https:\/\/moitoarchery.com\/en\/wp-json\/wp\/v2\/types\/product"}],"replies":[{"embeddable":true,"href":"https:\/\/moitoarchery.com\/en\/wp-json\/wp\/v2\/comments?post=96401"}],"version-history":[{"count":1,"href":"https:\/\/moitoarchery.com\/en\/wp-json\/wp\/v2\/product\/96401\/revisions"}],"predecessor-version":[{"id":132673,"href":"https:\/\/moitoarchery.com\/en\/wp-json\/wp\/v2\/product\/96401\/revisions\/132673"}],"wp:featuredmedia":[{"embeddable":true,"href":"https:\/\/moitoarchery.com\/en\/wp-json\/wp\/v2\/media\/96403"}],"wp:attachment":[{"href":"https:\/\/moitoarchery.com\/en\/wp-json\/wp\/v2\/media?parent=96401"}],"wp:term":[{"taxonomy":"product_brand","embeddable":true,"href":"https:\/\/moitoarchery.com\/en\/wp-json\/wp\/v2\/product_brand?post=96401"},{"taxonomy":"product_cat","embeddable":true,"href":"https:\/\/moitoarchery.com\/en\/wp-json\/wp\/v2\/product_cat?post=96401"},{"taxonomy":"product_tag","embeddable":true,"href":"https:\/\/moitoarchery.com\/en\/wp-json\/wp\/v2\/product_tag?post=96401"}],"curies":[{"name":"wp","href":"https:\/\/api.w.org\/{rel}","templated":true}]}}