{"id":96396,"date":"2025-08-20T11:59:25","date_gmt":"2025-08-20T09:59:25","guid":{"rendered":"https:\/\/moitoarchery.com\/?post_type=product&#038;p=96396"},"modified":"2026-04-16T11:20:52","modified_gmt":"2026-04-16T09:20:52","slug":"juego-de-2-tornillos-de-tiller-kinetic-en-acero-de-alta-dureza-con-marcas-2-u","status":"publish","type":"product","link":"https:\/\/moitoarchery.com\/en\/product\/juego-de-2-tornillos-de-tiller-kinetic-en-acero-de-alta-dureza-con-marcas-2-u\/","title":{"rendered":"Juego de 2 Tornillos de Tiller Kinetic en Acero de Alta Dureza con marcas (2 u)"},"content":{"rendered":"<p data-start=\"238\" data-end=\"706\">Ajusta tu arco con m\u00e1xima precisi\u00f3n gracias al <strong data-start=\"285\" data-end=\"347\">juego de 2 tornillos de tiller Kinetic con marcas grabadas<\/strong>, dise\u00f1ados para arqueros que exigen fiabilidad y exactitud en cada disparo. Fabricados en <strong data-start=\"438\" data-end=\"466\">acero 420 de alta dureza<\/strong> y con un elegante acabado negro resistente a la corrosi\u00f3n, estos tornillos permiten un ajuste fino y repetible del tiller y la alineaci\u00f3n de las palas. Su rosca M12 x 1.25 asegura compatibilidad con la mayor\u00eda de los cuerpos ILF de Kinetic.<\/p>\n<h4 data-start=\"708\" data-end=\"741\">Caracter\u00edsticas Principales:<\/h4>\n<ul data-start=\"742\" data-end=\"1156\">\n<li data-start=\"742\" data-end=\"817\">\n<p data-start=\"744\" data-end=\"817\"><strong data-start=\"744\" data-end=\"763\">Marcas Grabadas<\/strong>: Facilitan ajustes precisos y repetibles del tiller<\/p>\n<\/li>\n<li data-start=\"818\" data-end=\"892\">\n<p data-start=\"820\" data-end=\"892\"><strong data-start=\"820\" data-end=\"844\">Construcci\u00f3n Robusta<\/strong>: Acero 420 de alta dureza para uso prolongado<\/p>\n<\/li>\n<li data-start=\"893\" data-end=\"973\">\n<p data-start=\"895\" data-end=\"973\"><strong data-start=\"895\" data-end=\"926\">Acabado Negro Anticorrosi\u00f3n<\/strong>: Resistencia superior en cualquier condici\u00f3n<\/p>\n<\/li>\n<li data-start=\"974\" data-end=\"1062\">\n<p data-start=\"976\" data-end=\"1062\"><strong data-start=\"976\" data-end=\"1012\">Compatibilidad Universal Kinetic<\/strong>: Apto para la mayor\u00eda de cuerpos ILF de la marca<\/p>\n<\/li>\n<li data-start=\"1063\" data-end=\"1156\">\n<p data-start=\"1065\" data-end=\"1156\"><strong data-start=\"1065\" data-end=\"1097\">Ideal como Mejora o Repuesto<\/strong>: Perfecto para sustituir o actualizar tornillos est\u00e1ndar<\/p>\n<\/li>\n<\/ul>\n<h4 data-start=\"1158\" data-end=\"1189\">Especificaciones T\u00e9cnicas:<\/h4>\n<ul data-start=\"1190\" data-end=\"1376\">\n<li data-start=\"1190\" data-end=\"1215\">\n<p data-start=\"1192\" data-end=\"1215\"><strong data-start=\"1192\" data-end=\"1201\">Rosca<\/strong>: M12 x 1.25<\/p>\n<\/li>\n<li data-start=\"1216\" data-end=\"1258\">\n<p data-start=\"1218\" data-end=\"1258\"><strong data-start=\"1218\" data-end=\"1230\">Material<\/strong>: Acero 420 de alta dureza<\/p>\n<\/li>\n<li data-start=\"1259\" data-end=\"1279\">\n<p data-start=\"1261\" data-end=\"1279\"><strong data-start=\"1261\" data-end=\"1270\">Color<\/strong>: Negro<\/p>\n<\/li>\n<li data-start=\"1280\" data-end=\"1336\">\n<p data-start=\"1282\" data-end=\"1336\"><strong data-start=\"1282\" data-end=\"1300\">Compatibilidad<\/strong>: La mayor\u00eda de risers Kinetic ILF<\/p>\n<\/li>\n<li data-start=\"1337\" data-end=\"1376\">\n<p data-start=\"1339\" data-end=\"1376\"><strong data-start=\"1339\" data-end=\"1351\">Cantidad<\/strong>: 2 tornillos por juego<\/p>\n<\/li>\n<\/ul>\n","protected":false},"excerpt":{"rendered":"<p data-start=\"238\" data-end=\"706\">Ajusta tu arco con m\u00e1xima precisi\u00f3n gracias al <strong data-start=\"285\" data-end=\"347\">juego de 2 tornillos de tiller Kinetic con marcas grabadas<\/strong>, dise\u00f1ados para arqueros que exigen fiabilidad y exactitud en cada disparo. Fabricados en <strong data-start=\"438\" data-end=\"466\">acero 420 de alta dureza<\/strong> y con un elegante acabado negro resistente a la corrosi\u00f3n, estos tornillos permiten un ajuste fino y repetible del tiller y la alineaci\u00f3n de las palas. Su rosca M12 x 1.25 asegura compatibilidad con la mayor\u00eda de los cuerpos ILF de Kinetic.<\/p>\n<h4 data-start=\"708\" data-end=\"741\">Caracter\u00edsticas Principales:<\/h4>\n<ul data-start=\"742\" data-end=\"1156\">\n<li data-start=\"742\" data-end=\"817\">\n<p data-start=\"744\" data-end=\"817\"><strong data-start=\"744\" data-end=\"763\">Marcas Grabadas<\/strong>: Facilitan ajustes precisos y repetibles del tiller<\/p>\n<\/li>\n<li data-start=\"818\" data-end=\"892\">\n<p data-start=\"820\" data-end=\"892\"><strong data-start=\"820\" data-end=\"844\">Construcci\u00f3n Robusta<\/strong>: Acero 420 de alta dureza para uso prolongado<\/p>\n<\/li>\n<li data-start=\"893\" data-end=\"973\">\n<p data-start=\"895\" data-end=\"973\"><strong data-start=\"895\" data-end=\"926\">Acabado Negro Anticorrosi\u00f3n<\/strong>: Resistencia superior en cualquier condici\u00f3n<\/p>\n<\/li>\n<li data-start=\"974\" data-end=\"1062\">\n<p data-start=\"976\" data-end=\"1062\"><strong data-start=\"976\" data-end=\"1012\">Compatibilidad Universal Kinetic<\/strong>: Apto para la mayor\u00eda de cuerpos ILF de la marca<\/p>\n<\/li>\n<li data-start=\"1063\" data-end=\"1156\">\n<p data-start=\"1065\" data-end=\"1156\"><strong data-start=\"1065\" data-end=\"1097\">Ideal como Mejora o Repuesto<\/strong>: Perfecto para sustituir o actualizar tornillos est\u00e1ndar<\/p>\n<\/li>\n<\/ul>\n","protected":false},"featured_media":96397,"comment_status":"open","ping_status":"closed","template":"","meta":{"_acf_changed":false},"product_brand":[4049],"product_cat":[105,1550],"product_tag":[],"class_list":{"0":"post-96396","1":"product","2":"type-product","3":"status-publish","4":"has-post-thumbnail","6":"product_brand-kinetic","7":"product_cat-arcos","8":"product_cat-partes-de-recurvo","10":"first","11":"onbackorder","12":"taxable","13":"shipping-taxable","14":"purchasable","15":"product-type-simple"},"acf":[],"yoast_head":"<!-- This site is optimized with the Yoast SEO plugin v27.3 - https:\/\/yoast.com\/product\/yoast-seo-wordpress\/ -->\n<title>Juego de 2 Tornillos de Tiller Kinetic en Acero de Alta Dureza con marcas (2 u) - MoitoArchery<\/title>\n<meta name=\"description\" content=\"Ajusta tu arco con m\u00e1xima precisi\u00f3n gracias al juego de 2 tornillos de tiller Kinetic con marcas grabadas, dise\u00f1ados para arqueros que exigen fiabilidad y exactitud en cada disparo. Fabricados en acero 420 de alta dureza y con un elegante acabado negro resistente a la corrosi\u00f3n, estos tornillos permiten un ajuste fino y repetible del tiller y la alineaci\u00f3n de las palas. Su rosca M12 x 1.25 asegura compatibilidad con la mayor\u00eda de los cuerpos ILF de Kinetic.Caracter\u00edsticas Principales:Marcas Grabadas: Facilitan ajustes precisos y repetibles del tillerConstrucci\u00f3n Robusta: Acero 420 de alta dureza para uso prolongadoAcabado Negro Anticorrosi\u00f3n: Resistencia superior en cualquier condici\u00f3nCompatibilidad Universal Kinetic: Apto para la mayor\u00eda de cuerpos ILF de la marcaIdeal como Mejora o Repuesto: Perfecto para sustituir o actualizar tornillos est\u00e1ndar\" \/>\n<meta name=\"robots\" content=\"index, follow, max-snippet:-1, max-image-preview:large, max-video-preview:-1\" \/>\n<link rel=\"canonical\" href=\"https:\/\/moitoarchery.com\/en\/product\/juego-de-2-tornillos-de-tiller-kinetic-en-acero-de-alta-dureza-con-marcas-2-u\/\" \/>\n<meta property=\"og:locale\" content=\"en_US\" \/>\n<meta property=\"og:type\" content=\"article\" \/>\n<meta property=\"og:title\" content=\"Juego de 2 Tornillos de Tiller Kinetic en Acero de Alta Dureza con marcas (2 u) - MoitoArchery\" \/>\n<meta property=\"og:description\" content=\"Ajusta tu arco con m\u00e1xima precisi\u00f3n gracias al juego de 2 tornillos de tiller Kinetic con marcas grabadas, dise\u00f1ados para arqueros que exigen fiabilidad y exactitud en cada disparo. Fabricados en acero 420 de alta dureza y con un elegante acabado negro resistente a la corrosi\u00f3n, estos tornillos permiten un ajuste fino y repetible del tiller y la alineaci\u00f3n de las palas. Su rosca M12 x 1.25 asegura compatibilidad con la mayor\u00eda de los cuerpos ILF de Kinetic.Caracter\u00edsticas Principales:Marcas Grabadas: Facilitan ajustes precisos y repetibles del tillerConstrucci\u00f3n Robusta: Acero 420 de alta dureza para uso prolongadoAcabado Negro Anticorrosi\u00f3n: Resistencia superior en cualquier condici\u00f3nCompatibilidad Universal Kinetic: Apto para la mayor\u00eda de cuerpos ILF de la marcaIdeal como Mejora o Repuesto: Perfecto para sustituir o actualizar tornillos est\u00e1ndar\" \/>\n<meta property=\"og:url\" content=\"https:\/\/moitoarchery.com\/en\/product\/juego-de-2-tornillos-de-tiller-kinetic-en-acero-de-alta-dureza-con-marcas-2-u\/\" \/>\n<meta property=\"og:site_name\" content=\"MoitoArchery\" \/>\n<meta property=\"article:publisher\" content=\"https:\/\/www.facebook.com\/arqueriaOnline\/\" \/>\n<meta property=\"article:modified_time\" content=\"2026-04-16T09:20:52+00:00\" \/>\n<meta property=\"og:image\" content=\"https:\/\/moitoarchery.com\/wp-content\/uploads\/2025\/08\/Tornillos-kinetic-con-marcas.jpg\" \/>\n\t<meta property=\"og:image:width\" content=\"800\" \/>\n\t<meta property=\"og:image:height\" content=\"800\" \/>\n\t<meta property=\"og:image:type\" content=\"image\/jpeg\" \/>\n<meta name=\"twitter:card\" content=\"summary_large_image\" \/>\n<meta name=\"twitter:label1\" content=\"Est. reading time\" \/>\n\t<meta name=\"twitter:data1\" content=\"1 minute\" \/>\n<script type=\"application\/ld+json\" class=\"yoast-schema-graph\">{\"@context\":\"https:\\\/\\\/schema.org\",\"@graph\":[{\"@type\":\"WebPage\",\"@id\":\"https:\\\/\\\/moitoarchery.com\\\/en\\\/product\\\/juego-de-2-tornillos-de-tiller-kinetic-en-acero-de-alta-dureza-con-marcas-2-u\\\/\",\"url\":\"https:\\\/\\\/moitoarchery.com\\\/en\\\/product\\\/juego-de-2-tornillos-de-tiller-kinetic-en-acero-de-alta-dureza-con-marcas-2-u\\\/\",\"name\":\"Juego de 2 Tornillos de Tiller Kinetic en Acero de Alta Dureza con marcas (2 u) - MoitoArchery\",\"isPartOf\":{\"@id\":\"https:\\\/\\\/moitoarchery.com\\\/en\\\/#website\"},\"primaryImageOfPage\":{\"@id\":\"https:\\\/\\\/moitoarchery.com\\\/en\\\/product\\\/juego-de-2-tornillos-de-tiller-kinetic-en-acero-de-alta-dureza-con-marcas-2-u\\\/#primaryimage\"},\"image\":{\"@id\":\"https:\\\/\\\/moitoarchery.com\\\/en\\\/product\\\/juego-de-2-tornillos-de-tiller-kinetic-en-acero-de-alta-dureza-con-marcas-2-u\\\/#primaryimage\"},\"thumbnailUrl\":\"https:\\\/\\\/moitoarchery.com\\\/wp-content\\\/uploads\\\/2025\\\/08\\\/Tornillos-kinetic-con-marcas.jpg\",\"datePublished\":\"2025-08-20T09:59:25+00:00\",\"dateModified\":\"2026-04-16T09:20:52+00:00\",\"description\":\"Ajusta tu arco con m\u00e1xima precisi\u00f3n gracias al juego de 2 tornillos de tiller Kinetic con marcas grabadas, dise\u00f1ados para arqueros que exigen fiabilidad y exactitud en cada disparo. Fabricados en acero 420 de alta dureza y con un elegante acabado negro resistente a la corrosi\u00f3n, estos tornillos permiten un ajuste fino y repetible del tiller y la alineaci\u00f3n de las palas. Su rosca M12 x 1.25 asegura compatibilidad con la mayor\u00eda de los cuerpos ILF de Kinetic.Caracter\u00edsticas Principales:Marcas Grabadas: Facilitan ajustes precisos y repetibles del tillerConstrucci\u00f3n Robusta: Acero 420 de alta dureza para uso prolongadoAcabado Negro Anticorrosi\u00f3n: Resistencia superior en cualquier condici\u00f3nCompatibilidad Universal Kinetic: Apto para la mayor\u00eda de cuerpos ILF de la marcaIdeal como Mejora o Repuesto: Perfecto para sustituir o actualizar tornillos est\u00e1ndar\",\"breadcrumb\":{\"@id\":\"https:\\\/\\\/moitoarchery.com\\\/en\\\/product\\\/juego-de-2-tornillos-de-tiller-kinetic-en-acero-de-alta-dureza-con-marcas-2-u\\\/#breadcrumb\"},\"inLanguage\":\"en-US\",\"potentialAction\":[{\"@type\":\"ReadAction\",\"target\":[\"https:\\\/\\\/moitoarchery.com\\\/en\\\/product\\\/juego-de-2-tornillos-de-tiller-kinetic-en-acero-de-alta-dureza-con-marcas-2-u\\\/\"]}]},{\"@type\":\"ImageObject\",\"inLanguage\":\"en-US\",\"@id\":\"https:\\\/\\\/moitoarchery.com\\\/en\\\/product\\\/juego-de-2-tornillos-de-tiller-kinetic-en-acero-de-alta-dureza-con-marcas-2-u\\\/#primaryimage\",\"url\":\"https:\\\/\\\/moitoarchery.com\\\/wp-content\\\/uploads\\\/2025\\\/08\\\/Tornillos-kinetic-con-marcas.jpg\",\"contentUrl\":\"https:\\\/\\\/moitoarchery.com\\\/wp-content\\\/uploads\\\/2025\\\/08\\\/Tornillos-kinetic-con-marcas.jpg\",\"width\":800,\"height\":800,\"caption\":\"Juego de 2 Tornillos de Tiller Kinetic en Acero de Alta Dureza con marcas (2 u)\"},{\"@type\":\"BreadcrumbList\",\"@id\":\"https:\\\/\\\/moitoarchery.com\\\/en\\\/product\\\/juego-de-2-tornillos-de-tiller-kinetic-en-acero-de-alta-dureza-con-marcas-2-u\\\/#breadcrumb\",\"itemListElement\":[{\"@type\":\"ListItem\",\"position\":1,\"name\":\"Portada\",\"item\":\"https:\\\/\\\/moitoarchery.com\\\/en\\\/\"},{\"@type\":\"ListItem\",\"position\":2,\"name\":\"Shop\",\"item\":\"https:\\\/\\\/moitoarchery.com\\\/en\\\/shop\\\/\"},{\"@type\":\"ListItem\",\"position\":3,\"name\":\"Juego de 2 Tornillos de Tiller Kinetic en Acero de Alta Dureza con marcas (2 u)\"}]},{\"@type\":\"WebSite\",\"@id\":\"https:\\\/\\\/moitoarchery.com\\\/en\\\/#website\",\"url\":\"https:\\\/\\\/moitoarchery.com\\\/en\\\/\",\"name\":\"MoitoArchery\",\"description\":\"Tienda de Tiro con arco\",\"publisher\":{\"@id\":\"https:\\\/\\\/moitoarchery.com\\\/en\\\/#organization\"},\"potentialAction\":[{\"@type\":\"SearchAction\",\"target\":{\"@type\":\"EntryPoint\",\"urlTemplate\":\"https:\\\/\\\/moitoarchery.com\\\/en\\\/?s={search_term_string}\"},\"query-input\":{\"@type\":\"PropertyValueSpecification\",\"valueRequired\":true,\"valueName\":\"search_term_string\"}}],\"inLanguage\":\"en-US\"},{\"@type\":\"Organization\",\"@id\":\"https:\\\/\\\/moitoarchery.com\\\/en\\\/#organization\",\"name\":\"MoitoArchery\",\"url\":\"https:\\\/\\\/moitoarchery.com\\\/en\\\/\",\"logo\":{\"@type\":\"ImageObject\",\"inLanguage\":\"en-US\",\"@id\":\"https:\\\/\\\/moitoarchery.com\\\/en\\\/#\\\/schema\\\/logo\\\/image\\\/\",\"url\":\"https:\\\/\\\/moitoarchery.com\\\/wp-content\\\/uploads\\\/2020\\\/09\\\/logotipo-moitoarchery.png\",\"contentUrl\":\"https:\\\/\\\/moitoarchery.com\\\/wp-content\\\/uploads\\\/2020\\\/09\\\/logotipo-moitoarchery.png\",\"width\":300,\"height\":66,\"caption\":\"MoitoArchery\"},\"image\":{\"@id\":\"https:\\\/\\\/moitoarchery.com\\\/en\\\/#\\\/schema\\\/logo\\\/image\\\/\"},\"sameAs\":[\"https:\\\/\\\/www.facebook.com\\\/arqueriaOnline\\\/\",\"https:\\\/\\\/www.instagram.com\\\/moitoarchery\\\/\",\"https:\\\/\\\/www.youtube.com\\\/channel\\\/UCvmj39gVUIKVoJJ6vQC9GPA\\\/\"]}]}<\/script>\n<!-- \/ Yoast SEO plugin. -->","yoast_head_json":{"title":"Juego de 2 Tornillos de Tiller Kinetic en Acero de Alta Dureza con marcas (2 u) - MoitoArchery","description":"Ajusta tu arco con m\u00e1xima precisi\u00f3n gracias al juego de 2 tornillos de tiller Kinetic con marcas grabadas, dise\u00f1ados para arqueros que exigen fiabilidad y exactitud en cada disparo. Fabricados en acero 420 de alta dureza y con un elegante acabado negro resistente a la corrosi\u00f3n, estos tornillos permiten un ajuste fino y repetible del tiller y la alineaci\u00f3n de las palas. Su rosca M12 x 1.25 asegura compatibilidad con la mayor\u00eda de los cuerpos ILF de Kinetic.Caracter\u00edsticas Principales:Marcas Grabadas: Facilitan ajustes precisos y repetibles del tillerConstrucci\u00f3n Robusta: Acero 420 de alta dureza para uso prolongadoAcabado Negro Anticorrosi\u00f3n: Resistencia superior en cualquier condici\u00f3nCompatibilidad Universal Kinetic: Apto para la mayor\u00eda de cuerpos ILF de la marcaIdeal como Mejora o Repuesto: Perfecto para sustituir o actualizar tornillos est\u00e1ndar","robots":{"index":"index","follow":"follow","max-snippet":"max-snippet:-1","max-image-preview":"max-image-preview:large","max-video-preview":"max-video-preview:-1"},"canonical":"https:\/\/moitoarchery.com\/en\/product\/juego-de-2-tornillos-de-tiller-kinetic-en-acero-de-alta-dureza-con-marcas-2-u\/","og_locale":"en_US","og_type":"article","og_title":"Juego de 2 Tornillos de Tiller Kinetic en Acero de Alta Dureza con marcas (2 u) - MoitoArchery","og_description":"Ajusta tu arco con m\u00e1xima precisi\u00f3n gracias al juego de 2 tornillos de tiller Kinetic con marcas grabadas, dise\u00f1ados para arqueros que exigen fiabilidad y exactitud en cada disparo. Fabricados en acero 420 de alta dureza y con un elegante acabado negro resistente a la corrosi\u00f3n, estos tornillos permiten un ajuste fino y repetible del tiller y la alineaci\u00f3n de las palas. Su rosca M12 x 1.25 asegura compatibilidad con la mayor\u00eda de los cuerpos ILF de Kinetic.Caracter\u00edsticas Principales:Marcas Grabadas: Facilitan ajustes precisos y repetibles del tillerConstrucci\u00f3n Robusta: Acero 420 de alta dureza para uso prolongadoAcabado Negro Anticorrosi\u00f3n: Resistencia superior en cualquier condici\u00f3nCompatibilidad Universal Kinetic: Apto para la mayor\u00eda de cuerpos ILF de la marcaIdeal como Mejora o Repuesto: Perfecto para sustituir o actualizar tornillos est\u00e1ndar","og_url":"https:\/\/moitoarchery.com\/en\/product\/juego-de-2-tornillos-de-tiller-kinetic-en-acero-de-alta-dureza-con-marcas-2-u\/","og_site_name":"MoitoArchery","article_publisher":"https:\/\/www.facebook.com\/arqueriaOnline\/","article_modified_time":"2026-04-16T09:20:52+00:00","og_image":[{"width":800,"height":800,"url":"https:\/\/moitoarchery.com\/wp-content\/uploads\/2025\/08\/Tornillos-kinetic-con-marcas.jpg","type":"image\/jpeg"}],"twitter_card":"summary_large_image","twitter_misc":{"Est. reading time":"1 minute"},"schema":{"@context":"https:\/\/schema.org","@graph":[{"@type":"WebPage","@id":"https:\/\/moitoarchery.com\/en\/product\/juego-de-2-tornillos-de-tiller-kinetic-en-acero-de-alta-dureza-con-marcas-2-u\/","url":"https:\/\/moitoarchery.com\/en\/product\/juego-de-2-tornillos-de-tiller-kinetic-en-acero-de-alta-dureza-con-marcas-2-u\/","name":"Juego de 2 Tornillos de Tiller Kinetic en Acero de Alta Dureza con marcas (2 u) - MoitoArchery","isPartOf":{"@id":"https:\/\/moitoarchery.com\/en\/#website"},"primaryImageOfPage":{"@id":"https:\/\/moitoarchery.com\/en\/product\/juego-de-2-tornillos-de-tiller-kinetic-en-acero-de-alta-dureza-con-marcas-2-u\/#primaryimage"},"image":{"@id":"https:\/\/moitoarchery.com\/en\/product\/juego-de-2-tornillos-de-tiller-kinetic-en-acero-de-alta-dureza-con-marcas-2-u\/#primaryimage"},"thumbnailUrl":"https:\/\/moitoarchery.com\/wp-content\/uploads\/2025\/08\/Tornillos-kinetic-con-marcas.jpg","datePublished":"2025-08-20T09:59:25+00:00","dateModified":"2026-04-16T09:20:52+00:00","description":"Ajusta tu arco con m\u00e1xima precisi\u00f3n gracias al juego de 2 tornillos de tiller Kinetic con marcas grabadas, dise\u00f1ados para arqueros que exigen fiabilidad y exactitud en cada disparo. Fabricados en acero 420 de alta dureza y con un elegante acabado negro resistente a la corrosi\u00f3n, estos tornillos permiten un ajuste fino y repetible del tiller y la alineaci\u00f3n de las palas. Su rosca M12 x 1.25 asegura compatibilidad con la mayor\u00eda de los cuerpos ILF de Kinetic.Caracter\u00edsticas Principales:Marcas Grabadas: Facilitan ajustes precisos y repetibles del tillerConstrucci\u00f3n Robusta: Acero 420 de alta dureza para uso prolongadoAcabado Negro Anticorrosi\u00f3n: Resistencia superior en cualquier condici\u00f3nCompatibilidad Universal Kinetic: Apto para la mayor\u00eda de cuerpos ILF de la marcaIdeal como Mejora o Repuesto: Perfecto para sustituir o actualizar tornillos est\u00e1ndar","breadcrumb":{"@id":"https:\/\/moitoarchery.com\/en\/product\/juego-de-2-tornillos-de-tiller-kinetic-en-acero-de-alta-dureza-con-marcas-2-u\/#breadcrumb"},"inLanguage":"en-US","potentialAction":[{"@type":"ReadAction","target":["https:\/\/moitoarchery.com\/en\/product\/juego-de-2-tornillos-de-tiller-kinetic-en-acero-de-alta-dureza-con-marcas-2-u\/"]}]},{"@type":"ImageObject","inLanguage":"en-US","@id":"https:\/\/moitoarchery.com\/en\/product\/juego-de-2-tornillos-de-tiller-kinetic-en-acero-de-alta-dureza-con-marcas-2-u\/#primaryimage","url":"https:\/\/moitoarchery.com\/wp-content\/uploads\/2025\/08\/Tornillos-kinetic-con-marcas.jpg","contentUrl":"https:\/\/moitoarchery.com\/wp-content\/uploads\/2025\/08\/Tornillos-kinetic-con-marcas.jpg","width":800,"height":800,"caption":"Juego de 2 Tornillos de Tiller Kinetic en Acero de Alta Dureza con marcas (2 u)"},{"@type":"BreadcrumbList","@id":"https:\/\/moitoarchery.com\/en\/product\/juego-de-2-tornillos-de-tiller-kinetic-en-acero-de-alta-dureza-con-marcas-2-u\/#breadcrumb","itemListElement":[{"@type":"ListItem","position":1,"name":"Portada","item":"https:\/\/moitoarchery.com\/en\/"},{"@type":"ListItem","position":2,"name":"Shop","item":"https:\/\/moitoarchery.com\/en\/shop\/"},{"@type":"ListItem","position":3,"name":"Juego de 2 Tornillos de Tiller Kinetic en Acero de Alta Dureza con marcas (2 u)"}]},{"@type":"WebSite","@id":"https:\/\/moitoarchery.com\/en\/#website","url":"https:\/\/moitoarchery.com\/en\/","name":"MoitoArchery","description":"Tienda de Tiro con arco","publisher":{"@id":"https:\/\/moitoarchery.com\/en\/#organization"},"potentialAction":[{"@type":"SearchAction","target":{"@type":"EntryPoint","urlTemplate":"https:\/\/moitoarchery.com\/en\/?s={search_term_string}"},"query-input":{"@type":"PropertyValueSpecification","valueRequired":true,"valueName":"search_term_string"}}],"inLanguage":"en-US"},{"@type":"Organization","@id":"https:\/\/moitoarchery.com\/en\/#organization","name":"MoitoArchery","url":"https:\/\/moitoarchery.com\/en\/","logo":{"@type":"ImageObject","inLanguage":"en-US","@id":"https:\/\/moitoarchery.com\/en\/#\/schema\/logo\/image\/","url":"https:\/\/moitoarchery.com\/wp-content\/uploads\/2020\/09\/logotipo-moitoarchery.png","contentUrl":"https:\/\/moitoarchery.com\/wp-content\/uploads\/2020\/09\/logotipo-moitoarchery.png","width":300,"height":66,"caption":"MoitoArchery"},"image":{"@id":"https:\/\/moitoarchery.com\/en\/#\/schema\/logo\/image\/"},"sameAs":["https:\/\/www.facebook.com\/arqueriaOnline\/","https:\/\/www.instagram.com\/moitoarchery\/","https:\/\/www.youtube.com\/channel\/UCvmj39gVUIKVoJJ6vQC9GPA\/"]}]}},"_links":{"self":[{"href":"https:\/\/moitoarchery.com\/en\/wp-json\/wp\/v2\/product\/96396","targetHints":{"allow":["GET"]}}],"collection":[{"href":"https:\/\/moitoarchery.com\/en\/wp-json\/wp\/v2\/product"}],"about":[{"href":"https:\/\/moitoarchery.com\/en\/wp-json\/wp\/v2\/types\/product"}],"replies":[{"embeddable":true,"href":"https:\/\/moitoarchery.com\/en\/wp-json\/wp\/v2\/comments?post=96396"}],"version-history":[{"count":1,"href":"https:\/\/moitoarchery.com\/en\/wp-json\/wp\/v2\/product\/96396\/revisions"}],"predecessor-version":[{"id":132672,"href":"https:\/\/moitoarchery.com\/en\/wp-json\/wp\/v2\/product\/96396\/revisions\/132672"}],"wp:featuredmedia":[{"embeddable":true,"href":"https:\/\/moitoarchery.com\/en\/wp-json\/wp\/v2\/media\/96397"}],"wp:attachment":[{"href":"https:\/\/moitoarchery.com\/en\/wp-json\/wp\/v2\/media?parent=96396"}],"wp:term":[{"taxonomy":"product_brand","embeddable":true,"href":"https:\/\/moitoarchery.com\/en\/wp-json\/wp\/v2\/product_brand?post=96396"},{"taxonomy":"product_cat","embeddable":true,"href":"https:\/\/moitoarchery.com\/en\/wp-json\/wp\/v2\/product_cat?post=96396"},{"taxonomy":"product_tag","embeddable":true,"href":"https:\/\/moitoarchery.com\/en\/wp-json\/wp\/v2\/product_tag?post=96396"}],"curies":[{"name":"wp","href":"https:\/\/api.w.org\/{rel}","templated":true}]}}