{"id":96352,"date":"2025-08-20T10:53:00","date_gmt":"2025-08-20T08:53:00","guid":{"rendered":"https:\/\/moitoarchery.com\/?post_type=product&#038;p=96352"},"modified":"2026-04-16T11:20:52","modified_gmt":"2026-04-16T09:20:52","slug":"tornillo-de-pala-rolan","status":"publish","type":"product","link":"https:\/\/moitoarchery.com\/en\/product\/tornillo-de-pala-rolan\/","title":{"rendered":"Tornillo de Pala Rolan"},"content":{"rendered":"<p data-start=\"178\" data-end=\"618\">El <strong data-start=\"181\" data-end=\"207\">tornillo de pala Rolan<\/strong> es un repuesto original dise\u00f1ado para asegurar de forma firme y estable las palas en los arcos recurvos Rolan. Fabricado con materiales resistentes, este tornillo garantiza una conexi\u00f3n segura entre el cuerpo y las palas, lo que contribuye a un rendimiento constante durante la pr\u00e1ctica o competici\u00f3n. Ideal para reemplazar tornillos desgastados o como pieza de repuesto adicional en tu equipo de tiro con arco.<\/p>\n<h4 data-start=\"620\" data-end=\"653\">Caracter\u00edsticas Principales:<\/h4>\n<ul data-start=\"654\" data-end=\"972\">\n<li data-start=\"654\" data-end=\"738\">\n<p data-start=\"656\" data-end=\"738\"><strong data-start=\"656\" data-end=\"688\">Fijaci\u00f3n Segura de las Palas<\/strong>: Mantiene una conexi\u00f3n firme entre pala y cuerpo<\/p>\n<\/li>\n<li data-start=\"739\" data-end=\"820\">\n<p data-start=\"741\" data-end=\"820\"><strong data-start=\"741\" data-end=\"762\">Dise\u00f1o Resistente<\/strong>: Fabricado con materiales duraderos para uso prolongado<\/p>\n<\/li>\n<li data-start=\"821\" data-end=\"899\">\n<p data-start=\"823\" data-end=\"899\"><strong data-start=\"823\" data-end=\"844\">Repuesto Original<\/strong>: Compatibilidad garantizada con arcos recurvos Rolan<\/p>\n<\/li>\n<li data-start=\"900\" data-end=\"972\">\n<p data-start=\"902\" data-end=\"972\"><strong data-start=\"902\" data-end=\"924\">F\u00e1cil de Sustituir<\/strong>: Instalaci\u00f3n r\u00e1pida con herramientas est\u00e1ndar<\/p>\n<\/li>\n<\/ul>\n<h4 data-start=\"974\" data-end=\"1005\">Especificaciones T\u00e9cnicas:<\/h4>\n<ul data-start=\"1006\" data-end=\"1218\">\n<li data-start=\"1006\" data-end=\"1036\">\n<p data-start=\"1008\" data-end=\"1036\"><strong data-start=\"1008\" data-end=\"1016\">Tipo<\/strong>: Tornillo de pala<\/p>\n<\/li>\n<li data-start=\"1037\" data-end=\"1081\">\n<p data-start=\"1039\" data-end=\"1081\"><strong data-start=\"1039\" data-end=\"1057\">Compatibilidad<\/strong>: Arcos recurvos Rolan<\/p>\n<\/li>\n<li data-start=\"1082\" data-end=\"1168\">\n<p data-start=\"1084\" data-end=\"1168\"><strong data-start=\"1084\" data-end=\"1096\">Material<\/strong>: Acero (o especificar si es aluminio, inoxidable, etc., si se conoce)<\/p>\n<\/li>\n<li data-start=\"1169\" data-end=\"1218\">\n<p data-start=\"1171\" data-end=\"1218\"><strong data-start=\"1171\" data-end=\"1186\">Instalaci\u00f3n<\/strong>: Atornillado directo al cuerpo<\/p>\n<\/li>\n<\/ul>\n","protected":false},"excerpt":{"rendered":"<p data-start=\"178\" data-end=\"618\">El <strong data-start=\"181\" data-end=\"207\">tornillo de pala Rolan<\/strong> es un repuesto original dise\u00f1ado para asegurar de forma firme y estable las palas en los arcos recurvos Rolan. Fabricado con materiales resistentes, este tornillo garantiza una conexi\u00f3n segura entre el cuerpo y las palas, lo que contribuye a un rendimiento constante durante la pr\u00e1ctica o competici\u00f3n. Ideal para reemplazar tornillos desgastados o como pieza de repuesto adicional en tu equipo de tiro con arco.<\/p>\n<h4 data-start=\"620\" data-end=\"653\">Caracter\u00edsticas Principales:<\/h4>\n<ul data-start=\"654\" data-end=\"972\">\n<li data-start=\"654\" data-end=\"738\">\n<p data-start=\"656\" data-end=\"738\"><strong data-start=\"656\" data-end=\"688\">Fijaci\u00f3n Segura de las Palas<\/strong>: Mantiene una conexi\u00f3n firme entre pala y cuerpo<\/p>\n<\/li>\n<li data-start=\"739\" data-end=\"820\">\n<p data-start=\"741\" data-end=\"820\"><strong data-start=\"741\" data-end=\"762\">Dise\u00f1o Resistente<\/strong>: Fabricado con materiales duraderos para uso prolongado<\/p>\n<\/li>\n<li data-start=\"821\" data-end=\"899\">\n<p data-start=\"823\" data-end=\"899\"><strong data-start=\"823\" data-end=\"844\">Repuesto Original<\/strong>: Compatibilidad garantizada con arcos recurvos Rolan<\/p>\n<\/li>\n<li data-start=\"900\" data-end=\"972\">\n<p data-start=\"902\" data-end=\"972\"><strong data-start=\"902\" data-end=\"924\">F\u00e1cil de Sustituir<\/strong>: Instalaci\u00f3n r\u00e1pida con herramientas est\u00e1ndar<\/p>\n<\/li>\n<\/ul>\n","protected":false},"featured_media":96353,"comment_status":"open","ping_status":"closed","template":"","meta":{"_acf_changed":false},"product_brand":[4055],"product_cat":[105,1550],"product_tag":[],"class_list":{"0":"post-96352","1":"product","2":"type-product","3":"status-publish","4":"has-post-thumbnail","6":"product_brand-rolan","7":"product_cat-arcos","8":"product_cat-partes-de-recurvo","10":"first","11":"onbackorder","12":"sale","13":"taxable","14":"shipping-taxable","15":"purchasable","16":"product-type-simple"},"acf":[],"yoast_head":"<!-- This site is optimized with the Yoast SEO plugin v27.3 - https:\/\/yoast.com\/product\/yoast-seo-wordpress\/ -->\n<title>Tornillo de Pala Rolan - MoitoArchery<\/title>\n<meta name=\"description\" content=\"El tornillo de pala Rolan es un repuesto original dise\u00f1ado para asegurar de forma firme y estable las palas en los arcos recurvos Rolan. Fabricado con materiales resistentes, este tornillo garantiza una conexi\u00f3n segura entre el cuerpo y las palas, lo que contribuye a un rendimiento constante durante la pr\u00e1ctica o competici\u00f3n. Ideal para reemplazar tornillos desgastados o como pieza de repuesto adicional en tu equipo de tiro con arco.Caracter\u00edsticas Principales:Fijaci\u00f3n Segura de las Palas: Mantiene una conexi\u00f3n firme entre pala y cuerpoDise\u00f1o Resistente: Fabricado con materiales duraderos para uso prolongadoRepuesto Original: Compatibilidad garantizada con arcos recurvos RolanF\u00e1cil de Sustituir: Instalaci\u00f3n r\u00e1pida con herramientas est\u00e1ndar\" \/>\n<meta name=\"robots\" content=\"index, follow, max-snippet:-1, max-image-preview:large, max-video-preview:-1\" \/>\n<link rel=\"canonical\" href=\"https:\/\/moitoarchery.com\/en\/product\/tornillo-de-pala-rolan\/\" \/>\n<meta property=\"og:locale\" content=\"en_US\" \/>\n<meta property=\"og:type\" content=\"article\" \/>\n<meta property=\"og:title\" content=\"Tornillo de Pala Rolan - MoitoArchery\" \/>\n<meta property=\"og:description\" content=\"El tornillo de pala Rolan es un repuesto original dise\u00f1ado para asegurar de forma firme y estable las palas en los arcos recurvos Rolan. Fabricado con materiales resistentes, este tornillo garantiza una conexi\u00f3n segura entre el cuerpo y las palas, lo que contribuye a un rendimiento constante durante la pr\u00e1ctica o competici\u00f3n. Ideal para reemplazar tornillos desgastados o como pieza de repuesto adicional en tu equipo de tiro con arco.Caracter\u00edsticas Principales:Fijaci\u00f3n Segura de las Palas: Mantiene una conexi\u00f3n firme entre pala y cuerpoDise\u00f1o Resistente: Fabricado con materiales duraderos para uso prolongadoRepuesto Original: Compatibilidad garantizada con arcos recurvos RolanF\u00e1cil de Sustituir: Instalaci\u00f3n r\u00e1pida con herramientas est\u00e1ndar\" \/>\n<meta property=\"og:url\" content=\"https:\/\/moitoarchery.com\/en\/product\/tornillo-de-pala-rolan\/\" \/>\n<meta property=\"og:site_name\" content=\"MoitoArchery\" \/>\n<meta property=\"article:publisher\" content=\"https:\/\/www.facebook.com\/arqueriaOnline\/\" \/>\n<meta property=\"article:modified_time\" content=\"2026-04-16T09:20:52+00:00\" \/>\n<meta property=\"og:image\" content=\"https:\/\/moitoarchery.com\/wp-content\/uploads\/2025\/08\/Tornillo-de-Pala-Rolan.jpg\" \/>\n\t<meta property=\"og:image:width\" content=\"800\" \/>\n\t<meta property=\"og:image:height\" content=\"800\" \/>\n\t<meta property=\"og:image:type\" content=\"image\/jpeg\" \/>\n<meta name=\"twitter:card\" content=\"summary_large_image\" \/>\n<meta name=\"twitter:label1\" content=\"Est. reading time\" \/>\n\t<meta name=\"twitter:data1\" content=\"1 minute\" \/>\n<script type=\"application\/ld+json\" class=\"yoast-schema-graph\">{\"@context\":\"https:\\\/\\\/schema.org\",\"@graph\":[{\"@type\":\"WebPage\",\"@id\":\"https:\\\/\\\/moitoarchery.com\\\/en\\\/product\\\/tornillo-de-pala-rolan\\\/\",\"url\":\"https:\\\/\\\/moitoarchery.com\\\/en\\\/product\\\/tornillo-de-pala-rolan\\\/\",\"name\":\"Tornillo de Pala Rolan - MoitoArchery\",\"isPartOf\":{\"@id\":\"https:\\\/\\\/moitoarchery.com\\\/en\\\/#website\"},\"primaryImageOfPage\":{\"@id\":\"https:\\\/\\\/moitoarchery.com\\\/en\\\/product\\\/tornillo-de-pala-rolan\\\/#primaryimage\"},\"image\":{\"@id\":\"https:\\\/\\\/moitoarchery.com\\\/en\\\/product\\\/tornillo-de-pala-rolan\\\/#primaryimage\"},\"thumbnailUrl\":\"https:\\\/\\\/moitoarchery.com\\\/wp-content\\\/uploads\\\/2025\\\/08\\\/Tornillo-de-Pala-Rolan.jpg\",\"datePublished\":\"2025-08-20T08:53:00+00:00\",\"dateModified\":\"2026-04-16T09:20:52+00:00\",\"description\":\"El tornillo de pala Rolan es un repuesto original dise\u00f1ado para asegurar de forma firme y estable las palas en los arcos recurvos Rolan. Fabricado con materiales resistentes, este tornillo garantiza una conexi\u00f3n segura entre el cuerpo y las palas, lo que contribuye a un rendimiento constante durante la pr\u00e1ctica o competici\u00f3n. Ideal para reemplazar tornillos desgastados o como pieza de repuesto adicional en tu equipo de tiro con arco.Caracter\u00edsticas Principales:Fijaci\u00f3n Segura de las Palas: Mantiene una conexi\u00f3n firme entre pala y cuerpoDise\u00f1o Resistente: Fabricado con materiales duraderos para uso prolongadoRepuesto Original: Compatibilidad garantizada con arcos recurvos RolanF\u00e1cil de Sustituir: Instalaci\u00f3n r\u00e1pida con herramientas est\u00e1ndar\",\"breadcrumb\":{\"@id\":\"https:\\\/\\\/moitoarchery.com\\\/en\\\/product\\\/tornillo-de-pala-rolan\\\/#breadcrumb\"},\"inLanguage\":\"en-US\",\"potentialAction\":[{\"@type\":\"ReadAction\",\"target\":[\"https:\\\/\\\/moitoarchery.com\\\/en\\\/product\\\/tornillo-de-pala-rolan\\\/\"]}]},{\"@type\":\"ImageObject\",\"inLanguage\":\"en-US\",\"@id\":\"https:\\\/\\\/moitoarchery.com\\\/en\\\/product\\\/tornillo-de-pala-rolan\\\/#primaryimage\",\"url\":\"https:\\\/\\\/moitoarchery.com\\\/wp-content\\\/uploads\\\/2025\\\/08\\\/Tornillo-de-Pala-Rolan.jpg\",\"contentUrl\":\"https:\\\/\\\/moitoarchery.com\\\/wp-content\\\/uploads\\\/2025\\\/08\\\/Tornillo-de-Pala-Rolan.jpg\",\"width\":800,\"height\":800,\"caption\":\"Tornillo de Pala Rolan\"},{\"@type\":\"BreadcrumbList\",\"@id\":\"https:\\\/\\\/moitoarchery.com\\\/en\\\/product\\\/tornillo-de-pala-rolan\\\/#breadcrumb\",\"itemListElement\":[{\"@type\":\"ListItem\",\"position\":1,\"name\":\"Portada\",\"item\":\"https:\\\/\\\/moitoarchery.com\\\/en\\\/\"},{\"@type\":\"ListItem\",\"position\":2,\"name\":\"Shop\",\"item\":\"https:\\\/\\\/moitoarchery.com\\\/en\\\/shop\\\/\"},{\"@type\":\"ListItem\",\"position\":3,\"name\":\"Tornillo de Pala Rolan\"}]},{\"@type\":\"WebSite\",\"@id\":\"https:\\\/\\\/moitoarchery.com\\\/en\\\/#website\",\"url\":\"https:\\\/\\\/moitoarchery.com\\\/en\\\/\",\"name\":\"MoitoArchery\",\"description\":\"Tienda de Tiro con arco\",\"publisher\":{\"@id\":\"https:\\\/\\\/moitoarchery.com\\\/en\\\/#organization\"},\"potentialAction\":[{\"@type\":\"SearchAction\",\"target\":{\"@type\":\"EntryPoint\",\"urlTemplate\":\"https:\\\/\\\/moitoarchery.com\\\/en\\\/?s={search_term_string}\"},\"query-input\":{\"@type\":\"PropertyValueSpecification\",\"valueRequired\":true,\"valueName\":\"search_term_string\"}}],\"inLanguage\":\"en-US\"},{\"@type\":\"Organization\",\"@id\":\"https:\\\/\\\/moitoarchery.com\\\/en\\\/#organization\",\"name\":\"MoitoArchery\",\"url\":\"https:\\\/\\\/moitoarchery.com\\\/en\\\/\",\"logo\":{\"@type\":\"ImageObject\",\"inLanguage\":\"en-US\",\"@id\":\"https:\\\/\\\/moitoarchery.com\\\/en\\\/#\\\/schema\\\/logo\\\/image\\\/\",\"url\":\"https:\\\/\\\/moitoarchery.com\\\/wp-content\\\/uploads\\\/2020\\\/09\\\/logotipo-moitoarchery.png\",\"contentUrl\":\"https:\\\/\\\/moitoarchery.com\\\/wp-content\\\/uploads\\\/2020\\\/09\\\/logotipo-moitoarchery.png\",\"width\":300,\"height\":66,\"caption\":\"MoitoArchery\"},\"image\":{\"@id\":\"https:\\\/\\\/moitoarchery.com\\\/en\\\/#\\\/schema\\\/logo\\\/image\\\/\"},\"sameAs\":[\"https:\\\/\\\/www.facebook.com\\\/arqueriaOnline\\\/\",\"https:\\\/\\\/www.instagram.com\\\/moitoarchery\\\/\",\"https:\\\/\\\/www.youtube.com\\\/channel\\\/UCvmj39gVUIKVoJJ6vQC9GPA\\\/\"]}]}<\/script>\n<!-- \/ Yoast SEO plugin. -->","yoast_head_json":{"title":"Tornillo de Pala Rolan - MoitoArchery","description":"El tornillo de pala Rolan es un repuesto original dise\u00f1ado para asegurar de forma firme y estable las palas en los arcos recurvos Rolan. Fabricado con materiales resistentes, este tornillo garantiza una conexi\u00f3n segura entre el cuerpo y las palas, lo que contribuye a un rendimiento constante durante la pr\u00e1ctica o competici\u00f3n. Ideal para reemplazar tornillos desgastados o como pieza de repuesto adicional en tu equipo de tiro con arco.Caracter\u00edsticas Principales:Fijaci\u00f3n Segura de las Palas: Mantiene una conexi\u00f3n firme entre pala y cuerpoDise\u00f1o Resistente: Fabricado con materiales duraderos para uso prolongadoRepuesto Original: Compatibilidad garantizada con arcos recurvos RolanF\u00e1cil de Sustituir: Instalaci\u00f3n r\u00e1pida con herramientas est\u00e1ndar","robots":{"index":"index","follow":"follow","max-snippet":"max-snippet:-1","max-image-preview":"max-image-preview:large","max-video-preview":"max-video-preview:-1"},"canonical":"https:\/\/moitoarchery.com\/en\/product\/tornillo-de-pala-rolan\/","og_locale":"en_US","og_type":"article","og_title":"Tornillo de Pala Rolan - MoitoArchery","og_description":"El tornillo de pala Rolan es un repuesto original dise\u00f1ado para asegurar de forma firme y estable las palas en los arcos recurvos Rolan. Fabricado con materiales resistentes, este tornillo garantiza una conexi\u00f3n segura entre el cuerpo y las palas, lo que contribuye a un rendimiento constante durante la pr\u00e1ctica o competici\u00f3n. Ideal para reemplazar tornillos desgastados o como pieza de repuesto adicional en tu equipo de tiro con arco.Caracter\u00edsticas Principales:Fijaci\u00f3n Segura de las Palas: Mantiene una conexi\u00f3n firme entre pala y cuerpoDise\u00f1o Resistente: Fabricado con materiales duraderos para uso prolongadoRepuesto Original: Compatibilidad garantizada con arcos recurvos RolanF\u00e1cil de Sustituir: Instalaci\u00f3n r\u00e1pida con herramientas est\u00e1ndar","og_url":"https:\/\/moitoarchery.com\/en\/product\/tornillo-de-pala-rolan\/","og_site_name":"MoitoArchery","article_publisher":"https:\/\/www.facebook.com\/arqueriaOnline\/","article_modified_time":"2026-04-16T09:20:52+00:00","og_image":[{"width":800,"height":800,"url":"https:\/\/moitoarchery.com\/wp-content\/uploads\/2025\/08\/Tornillo-de-Pala-Rolan.jpg","type":"image\/jpeg"}],"twitter_card":"summary_large_image","twitter_misc":{"Est. reading time":"1 minute"},"schema":{"@context":"https:\/\/schema.org","@graph":[{"@type":"WebPage","@id":"https:\/\/moitoarchery.com\/en\/product\/tornillo-de-pala-rolan\/","url":"https:\/\/moitoarchery.com\/en\/product\/tornillo-de-pala-rolan\/","name":"Tornillo de Pala Rolan - MoitoArchery","isPartOf":{"@id":"https:\/\/moitoarchery.com\/en\/#website"},"primaryImageOfPage":{"@id":"https:\/\/moitoarchery.com\/en\/product\/tornillo-de-pala-rolan\/#primaryimage"},"image":{"@id":"https:\/\/moitoarchery.com\/en\/product\/tornillo-de-pala-rolan\/#primaryimage"},"thumbnailUrl":"https:\/\/moitoarchery.com\/wp-content\/uploads\/2025\/08\/Tornillo-de-Pala-Rolan.jpg","datePublished":"2025-08-20T08:53:00+00:00","dateModified":"2026-04-16T09:20:52+00:00","description":"El tornillo de pala Rolan es un repuesto original dise\u00f1ado para asegurar de forma firme y estable las palas en los arcos recurvos Rolan. Fabricado con materiales resistentes, este tornillo garantiza una conexi\u00f3n segura entre el cuerpo y las palas, lo que contribuye a un rendimiento constante durante la pr\u00e1ctica o competici\u00f3n. Ideal para reemplazar tornillos desgastados o como pieza de repuesto adicional en tu equipo de tiro con arco.Caracter\u00edsticas Principales:Fijaci\u00f3n Segura de las Palas: Mantiene una conexi\u00f3n firme entre pala y cuerpoDise\u00f1o Resistente: Fabricado con materiales duraderos para uso prolongadoRepuesto Original: Compatibilidad garantizada con arcos recurvos RolanF\u00e1cil de Sustituir: Instalaci\u00f3n r\u00e1pida con herramientas est\u00e1ndar","breadcrumb":{"@id":"https:\/\/moitoarchery.com\/en\/product\/tornillo-de-pala-rolan\/#breadcrumb"},"inLanguage":"en-US","potentialAction":[{"@type":"ReadAction","target":["https:\/\/moitoarchery.com\/en\/product\/tornillo-de-pala-rolan\/"]}]},{"@type":"ImageObject","inLanguage":"en-US","@id":"https:\/\/moitoarchery.com\/en\/product\/tornillo-de-pala-rolan\/#primaryimage","url":"https:\/\/moitoarchery.com\/wp-content\/uploads\/2025\/08\/Tornillo-de-Pala-Rolan.jpg","contentUrl":"https:\/\/moitoarchery.com\/wp-content\/uploads\/2025\/08\/Tornillo-de-Pala-Rolan.jpg","width":800,"height":800,"caption":"Tornillo de Pala Rolan"},{"@type":"BreadcrumbList","@id":"https:\/\/moitoarchery.com\/en\/product\/tornillo-de-pala-rolan\/#breadcrumb","itemListElement":[{"@type":"ListItem","position":1,"name":"Portada","item":"https:\/\/moitoarchery.com\/en\/"},{"@type":"ListItem","position":2,"name":"Shop","item":"https:\/\/moitoarchery.com\/en\/shop\/"},{"@type":"ListItem","position":3,"name":"Tornillo de Pala Rolan"}]},{"@type":"WebSite","@id":"https:\/\/moitoarchery.com\/en\/#website","url":"https:\/\/moitoarchery.com\/en\/","name":"MoitoArchery","description":"Tienda de Tiro con arco","publisher":{"@id":"https:\/\/moitoarchery.com\/en\/#organization"},"potentialAction":[{"@type":"SearchAction","target":{"@type":"EntryPoint","urlTemplate":"https:\/\/moitoarchery.com\/en\/?s={search_term_string}"},"query-input":{"@type":"PropertyValueSpecification","valueRequired":true,"valueName":"search_term_string"}}],"inLanguage":"en-US"},{"@type":"Organization","@id":"https:\/\/moitoarchery.com\/en\/#organization","name":"MoitoArchery","url":"https:\/\/moitoarchery.com\/en\/","logo":{"@type":"ImageObject","inLanguage":"en-US","@id":"https:\/\/moitoarchery.com\/en\/#\/schema\/logo\/image\/","url":"https:\/\/moitoarchery.com\/wp-content\/uploads\/2020\/09\/logotipo-moitoarchery.png","contentUrl":"https:\/\/moitoarchery.com\/wp-content\/uploads\/2020\/09\/logotipo-moitoarchery.png","width":300,"height":66,"caption":"MoitoArchery"},"image":{"@id":"https:\/\/moitoarchery.com\/en\/#\/schema\/logo\/image\/"},"sameAs":["https:\/\/www.facebook.com\/arqueriaOnline\/","https:\/\/www.instagram.com\/moitoarchery\/","https:\/\/www.youtube.com\/channel\/UCvmj39gVUIKVoJJ6vQC9GPA\/"]}]}},"_links":{"self":[{"href":"https:\/\/moitoarchery.com\/en\/wp-json\/wp\/v2\/product\/96352","targetHints":{"allow":["GET"]}}],"collection":[{"href":"https:\/\/moitoarchery.com\/en\/wp-json\/wp\/v2\/product"}],"about":[{"href":"https:\/\/moitoarchery.com\/en\/wp-json\/wp\/v2\/types\/product"}],"replies":[{"embeddable":true,"href":"https:\/\/moitoarchery.com\/en\/wp-json\/wp\/v2\/comments?post=96352"}],"version-history":[{"count":1,"href":"https:\/\/moitoarchery.com\/en\/wp-json\/wp\/v2\/product\/96352\/revisions"}],"predecessor-version":[{"id":132671,"href":"https:\/\/moitoarchery.com\/en\/wp-json\/wp\/v2\/product\/96352\/revisions\/132671"}],"wp:featuredmedia":[{"embeddable":true,"href":"https:\/\/moitoarchery.com\/en\/wp-json\/wp\/v2\/media\/96353"}],"wp:attachment":[{"href":"https:\/\/moitoarchery.com\/en\/wp-json\/wp\/v2\/media?parent=96352"}],"wp:term":[{"taxonomy":"product_brand","embeddable":true,"href":"https:\/\/moitoarchery.com\/en\/wp-json\/wp\/v2\/product_brand?post=96352"},{"taxonomy":"product_cat","embeddable":true,"href":"https:\/\/moitoarchery.com\/en\/wp-json\/wp\/v2\/product_cat?post=96352"},{"taxonomy":"product_tag","embeddable":true,"href":"https:\/\/moitoarchery.com\/en\/wp-json\/wp\/v2\/product_tag?post=96352"}],"curies":[{"name":"wp","href":"https:\/\/api.w.org\/{rel}","templated":true}]}}