{"id":96344,"date":"2025-08-20T10:48:42","date_gmt":"2025-08-20T08:48:42","guid":{"rendered":"https:\/\/moitoarchery.com\/?post_type=product&#038;p=96344"},"modified":"2026-04-16T11:20:51","modified_gmt":"2026-04-16T09:20:51","slug":"tornillo-de-bloqueo-para-tornillo-de-pala-kinetic-sovren-m6","status":"publish","type":"product","link":"https:\/\/moitoarchery.com\/en\/product\/tornillo-de-bloqueo-para-tornillo-de-pala-kinetic-sovren-m6\/","title":{"rendered":"Tornillo de Bloqueo para Tornillo de Pala Kinetic Sovren M6"},"content":{"rendered":"<p data-start=\"209\" data-end=\"535\">Asegura una alineaci\u00f3n estable y precisa de las palas con el <strong data-start=\"270\" data-end=\"311\">tornillo de bloqueo Kinetic Sovren M6<\/strong>, dise\u00f1ado como repuesto original para los cuerpos recurvos Kinetic Sovren. Este tornillo fija de forma segura el tornillo de la pala, evitando desplazamientos durante el tiro y garantizando un rendimiento constante del arco.<\/p>\n<h4 data-start=\"537\" data-end=\"570\">Caracter\u00edsticas Principales:<\/h4>\n<ul data-start=\"571\" data-end=\"920\">\n<li data-start=\"571\" data-end=\"678\">\n<p data-start=\"573\" data-end=\"678\"><strong data-start=\"573\" data-end=\"612\">Bloqueo Seguro del Tornillo de Pala<\/strong>: Mantiene la alineaci\u00f3n correcta y evita movimientos indeseados<\/p>\n<\/li>\n<li data-start=\"679\" data-end=\"766\">\n<p data-start=\"681\" data-end=\"766\"><strong data-start=\"681\" data-end=\"705\">Construcci\u00f3n Robusta<\/strong>: Fabricado con materiales duraderos para un uso prolongado<\/p>\n<\/li>\n<li data-start=\"767\" data-end=\"849\">\n<p data-start=\"769\" data-end=\"849\"><strong data-start=\"769\" data-end=\"798\">Repuesto Original Kinetic<\/strong>: Compatible exclusivamente con los cuerpos Sovren<\/p>\n<\/li>\n<li data-start=\"850\" data-end=\"920\">\n<p data-start=\"852\" data-end=\"920\"><strong data-start=\"852\" data-end=\"874\">Instalaci\u00f3n R\u00e1pida<\/strong>: Sustituci\u00f3n sencilla con rosca M6 est\u00e1ndar<\/p>\n<\/li>\n<\/ul>\n<h4 data-start=\"922\" data-end=\"953\">Especificaciones T\u00e9cnicas:<\/h4>\n<ul data-start=\"954\" data-end=\"1082\">\n<li data-start=\"954\" data-end=\"1009\">\n<p data-start=\"956\" data-end=\"1009\"><strong data-start=\"956\" data-end=\"964\">Tipo<\/strong>: Tornillo de bloqueo para tornillo de pala<\/p>\n<\/li>\n<li data-start=\"1010\" data-end=\"1064\">\n<p data-start=\"1012\" data-end=\"1064\"><strong data-start=\"1012\" data-end=\"1030\">Compatibilidad<\/strong>: Cuerpos recurvos Kinetic Sovren<\/p>\n<\/li>\n<li data-start=\"1065\" data-end=\"1082\">\n<p data-start=\"1067\" data-end=\"1082\"><strong data-start=\"1067\" data-end=\"1076\">Rosca<\/strong>: M6<\/p>\n<\/li>\n<\/ul>\n","protected":false},"excerpt":{"rendered":"<p data-start=\"209\" data-end=\"535\">Asegura una alineaci\u00f3n estable y precisa de las palas con el <strong data-start=\"270\" data-end=\"311\">tornillo de bloqueo Kinetic Sovren M6<\/strong>, dise\u00f1ado como repuesto original para los cuerpos recurvos Kinetic Sovren. Este tornillo fija de forma segura el tornillo de la pala, evitando desplazamientos durante el tiro y garantizando un rendimiento constante del arco.<\/p>\n<h4 data-start=\"537\" data-end=\"570\">Caracter\u00edsticas Principales:<\/h4>\n<ul data-start=\"571\" data-end=\"920\">\n<li data-start=\"571\" data-end=\"678\">\n<p data-start=\"573\" data-end=\"678\"><strong data-start=\"573\" data-end=\"612\">Bloqueo Seguro del Tornillo de Pala<\/strong>: Mantiene la alineaci\u00f3n correcta y evita movimientos indeseados<\/p>\n<\/li>\n<li data-start=\"679\" data-end=\"766\">\n<p data-start=\"681\" data-end=\"766\"><strong data-start=\"681\" data-end=\"705\">Construcci\u00f3n Robusta<\/strong>: Fabricado con materiales duraderos para un uso prolongado<\/p>\n<\/li>\n<li data-start=\"767\" data-end=\"849\">\n<p data-start=\"769\" data-end=\"849\"><strong data-start=\"769\" data-end=\"798\">Repuesto Original Kinetic<\/strong>: Compatible exclusivamente con los cuerpos Sovren<\/p>\n<\/li>\n<li data-start=\"850\" data-end=\"920\">\n<p data-start=\"852\" data-end=\"920\"><strong data-start=\"852\" data-end=\"874\">Instalaci\u00f3n R\u00e1pida<\/strong>: Sustituci\u00f3n sencilla con rosca M6 est\u00e1ndar<\/p>\n<\/li>\n<\/ul>\n","protected":false},"featured_media":96346,"comment_status":"open","ping_status":"closed","template":"","meta":{"_acf_changed":false},"product_brand":[4049],"product_cat":[105,1550],"product_tag":[],"class_list":{"0":"post-96344","1":"product","2":"type-product","3":"status-publish","4":"has-post-thumbnail","6":"product_brand-kinetic","7":"product_cat-arcos","8":"product_cat-partes-de-recurvo","10":"first","11":"onbackorder","12":"taxable","13":"shipping-taxable","14":"purchasable","15":"product-type-simple"},"acf":[],"yoast_head":"<!-- This site is optimized with the Yoast SEO plugin v27.3 - https:\/\/yoast.com\/product\/yoast-seo-wordpress\/ -->\n<title>Tornillo de Bloqueo para Tornillo de Pala Kinetic Sovren M6 - MoitoArchery<\/title>\n<meta name=\"description\" content=\"Asegura una alineaci\u00f3n estable y precisa de las palas con el tornillo de bloqueo Kinetic Sovren M6, dise\u00f1ado como repuesto original para los cuerpos recurvos Kinetic Sovren. Este tornillo fija de forma segura el tornillo de la pala, evitando desplazamientos durante el tiro y garantizando un rendimiento constante del arco.Caracter\u00edsticas Principales:Bloqueo Seguro del Tornillo de Pala: Mantiene la alineaci\u00f3n correcta y evita movimientos indeseadosConstrucci\u00f3n Robusta: Fabricado con materiales duraderos para un uso prolongadoRepuesto Original Kinetic: Compatible exclusivamente con los cuerpos SovrenInstalaci\u00f3n R\u00e1pida: Sustituci\u00f3n sencilla con rosca M6 est\u00e1ndar\" \/>\n<meta name=\"robots\" content=\"index, follow, max-snippet:-1, max-image-preview:large, max-video-preview:-1\" \/>\n<link rel=\"canonical\" href=\"https:\/\/moitoarchery.com\/en\/product\/tornillo-de-bloqueo-para-tornillo-de-pala-kinetic-sovren-m6\/\" \/>\n<meta property=\"og:locale\" content=\"en_US\" \/>\n<meta property=\"og:type\" content=\"article\" \/>\n<meta property=\"og:title\" content=\"Tornillo de Bloqueo para Tornillo de Pala Kinetic Sovren M6 - MoitoArchery\" \/>\n<meta property=\"og:description\" content=\"Asegura una alineaci\u00f3n estable y precisa de las palas con el tornillo de bloqueo Kinetic Sovren M6, dise\u00f1ado como repuesto original para los cuerpos recurvos Kinetic Sovren. Este tornillo fija de forma segura el tornillo de la pala, evitando desplazamientos durante el tiro y garantizando un rendimiento constante del arco.Caracter\u00edsticas Principales:Bloqueo Seguro del Tornillo de Pala: Mantiene la alineaci\u00f3n correcta y evita movimientos indeseadosConstrucci\u00f3n Robusta: Fabricado con materiales duraderos para un uso prolongadoRepuesto Original Kinetic: Compatible exclusivamente con los cuerpos SovrenInstalaci\u00f3n R\u00e1pida: Sustituci\u00f3n sencilla con rosca M6 est\u00e1ndar\" \/>\n<meta property=\"og:url\" content=\"https:\/\/moitoarchery.com\/en\/product\/tornillo-de-bloqueo-para-tornillo-de-pala-kinetic-sovren-m6\/\" \/>\n<meta property=\"og:site_name\" content=\"MoitoArchery\" \/>\n<meta property=\"article:publisher\" content=\"https:\/\/www.facebook.com\/arqueriaOnline\/\" \/>\n<meta property=\"article:modified_time\" content=\"2026-04-16T09:20:51+00:00\" \/>\n<meta property=\"og:image\" content=\"https:\/\/moitoarchery.com\/wp-content\/uploads\/2025\/08\/Tornillo-de-Bloqueo-para-Tornillo-de-Pala-Kinetic-Sovren-M6.jpg\" \/>\n\t<meta property=\"og:image:width\" content=\"800\" \/>\n\t<meta property=\"og:image:height\" content=\"800\" \/>\n\t<meta property=\"og:image:type\" content=\"image\/jpeg\" \/>\n<meta name=\"twitter:card\" content=\"summary_large_image\" \/>\n<meta name=\"twitter:label1\" content=\"Est. reading time\" \/>\n\t<meta name=\"twitter:data1\" content=\"1 minute\" \/>\n<script type=\"application\/ld+json\" class=\"yoast-schema-graph\">{\"@context\":\"https:\\\/\\\/schema.org\",\"@graph\":[{\"@type\":\"WebPage\",\"@id\":\"https:\\\/\\\/moitoarchery.com\\\/en\\\/product\\\/tornillo-de-bloqueo-para-tornillo-de-pala-kinetic-sovren-m6\\\/\",\"url\":\"https:\\\/\\\/moitoarchery.com\\\/en\\\/product\\\/tornillo-de-bloqueo-para-tornillo-de-pala-kinetic-sovren-m6\\\/\",\"name\":\"Tornillo de Bloqueo para Tornillo de Pala Kinetic Sovren M6 - MoitoArchery\",\"isPartOf\":{\"@id\":\"https:\\\/\\\/moitoarchery.com\\\/en\\\/#website\"},\"primaryImageOfPage\":{\"@id\":\"https:\\\/\\\/moitoarchery.com\\\/en\\\/product\\\/tornillo-de-bloqueo-para-tornillo-de-pala-kinetic-sovren-m6\\\/#primaryimage\"},\"image\":{\"@id\":\"https:\\\/\\\/moitoarchery.com\\\/en\\\/product\\\/tornillo-de-bloqueo-para-tornillo-de-pala-kinetic-sovren-m6\\\/#primaryimage\"},\"thumbnailUrl\":\"https:\\\/\\\/moitoarchery.com\\\/wp-content\\\/uploads\\\/2025\\\/08\\\/Tornillo-de-Bloqueo-para-Tornillo-de-Pala-Kinetic-Sovren-M6.jpg\",\"datePublished\":\"2025-08-20T08:48:42+00:00\",\"dateModified\":\"2026-04-16T09:20:51+00:00\",\"description\":\"Asegura una alineaci\u00f3n estable y precisa de las palas con el tornillo de bloqueo Kinetic Sovren M6, dise\u00f1ado como repuesto original para los cuerpos recurvos Kinetic Sovren. Este tornillo fija de forma segura el tornillo de la pala, evitando desplazamientos durante el tiro y garantizando un rendimiento constante del arco.Caracter\u00edsticas Principales:Bloqueo Seguro del Tornillo de Pala: Mantiene la alineaci\u00f3n correcta y evita movimientos indeseadosConstrucci\u00f3n Robusta: Fabricado con materiales duraderos para un uso prolongadoRepuesto Original Kinetic: Compatible exclusivamente con los cuerpos SovrenInstalaci\u00f3n R\u00e1pida: Sustituci\u00f3n sencilla con rosca M6 est\u00e1ndar\",\"breadcrumb\":{\"@id\":\"https:\\\/\\\/moitoarchery.com\\\/en\\\/product\\\/tornillo-de-bloqueo-para-tornillo-de-pala-kinetic-sovren-m6\\\/#breadcrumb\"},\"inLanguage\":\"en-US\",\"potentialAction\":[{\"@type\":\"ReadAction\",\"target\":[\"https:\\\/\\\/moitoarchery.com\\\/en\\\/product\\\/tornillo-de-bloqueo-para-tornillo-de-pala-kinetic-sovren-m6\\\/\"]}]},{\"@type\":\"ImageObject\",\"inLanguage\":\"en-US\",\"@id\":\"https:\\\/\\\/moitoarchery.com\\\/en\\\/product\\\/tornillo-de-bloqueo-para-tornillo-de-pala-kinetic-sovren-m6\\\/#primaryimage\",\"url\":\"https:\\\/\\\/moitoarchery.com\\\/wp-content\\\/uploads\\\/2025\\\/08\\\/Tornillo-de-Bloqueo-para-Tornillo-de-Pala-Kinetic-Sovren-M6.jpg\",\"contentUrl\":\"https:\\\/\\\/moitoarchery.com\\\/wp-content\\\/uploads\\\/2025\\\/08\\\/Tornillo-de-Bloqueo-para-Tornillo-de-Pala-Kinetic-Sovren-M6.jpg\",\"width\":800,\"height\":800,\"caption\":\"Tornillo de Bloqueo para Tornillo de Pala Kinetic Sovren M6\"},{\"@type\":\"BreadcrumbList\",\"@id\":\"https:\\\/\\\/moitoarchery.com\\\/en\\\/product\\\/tornillo-de-bloqueo-para-tornillo-de-pala-kinetic-sovren-m6\\\/#breadcrumb\",\"itemListElement\":[{\"@type\":\"ListItem\",\"position\":1,\"name\":\"Portada\",\"item\":\"https:\\\/\\\/moitoarchery.com\\\/en\\\/\"},{\"@type\":\"ListItem\",\"position\":2,\"name\":\"Shop\",\"item\":\"https:\\\/\\\/moitoarchery.com\\\/en\\\/shop\\\/\"},{\"@type\":\"ListItem\",\"position\":3,\"name\":\"Tornillo de Bloqueo para Tornillo de Pala Kinetic Sovren M6\"}]},{\"@type\":\"WebSite\",\"@id\":\"https:\\\/\\\/moitoarchery.com\\\/en\\\/#website\",\"url\":\"https:\\\/\\\/moitoarchery.com\\\/en\\\/\",\"name\":\"MoitoArchery\",\"description\":\"Tienda de Tiro con arco\",\"publisher\":{\"@id\":\"https:\\\/\\\/moitoarchery.com\\\/en\\\/#organization\"},\"potentialAction\":[{\"@type\":\"SearchAction\",\"target\":{\"@type\":\"EntryPoint\",\"urlTemplate\":\"https:\\\/\\\/moitoarchery.com\\\/en\\\/?s={search_term_string}\"},\"query-input\":{\"@type\":\"PropertyValueSpecification\",\"valueRequired\":true,\"valueName\":\"search_term_string\"}}],\"inLanguage\":\"en-US\"},{\"@type\":\"Organization\",\"@id\":\"https:\\\/\\\/moitoarchery.com\\\/en\\\/#organization\",\"name\":\"MoitoArchery\",\"url\":\"https:\\\/\\\/moitoarchery.com\\\/en\\\/\",\"logo\":{\"@type\":\"ImageObject\",\"inLanguage\":\"en-US\",\"@id\":\"https:\\\/\\\/moitoarchery.com\\\/en\\\/#\\\/schema\\\/logo\\\/image\\\/\",\"url\":\"https:\\\/\\\/moitoarchery.com\\\/wp-content\\\/uploads\\\/2020\\\/09\\\/logotipo-moitoarchery.png\",\"contentUrl\":\"https:\\\/\\\/moitoarchery.com\\\/wp-content\\\/uploads\\\/2020\\\/09\\\/logotipo-moitoarchery.png\",\"width\":300,\"height\":66,\"caption\":\"MoitoArchery\"},\"image\":{\"@id\":\"https:\\\/\\\/moitoarchery.com\\\/en\\\/#\\\/schema\\\/logo\\\/image\\\/\"},\"sameAs\":[\"https:\\\/\\\/www.facebook.com\\\/arqueriaOnline\\\/\",\"https:\\\/\\\/www.instagram.com\\\/moitoarchery\\\/\",\"https:\\\/\\\/www.youtube.com\\\/channel\\\/UCvmj39gVUIKVoJJ6vQC9GPA\\\/\"]}]}<\/script>\n<!-- \/ Yoast SEO plugin. -->","yoast_head_json":{"title":"Tornillo de Bloqueo para Tornillo de Pala Kinetic Sovren M6 - MoitoArchery","description":"Asegura una alineaci\u00f3n estable y precisa de las palas con el tornillo de bloqueo Kinetic Sovren M6, dise\u00f1ado como repuesto original para los cuerpos recurvos Kinetic Sovren. Este tornillo fija de forma segura el tornillo de la pala, evitando desplazamientos durante el tiro y garantizando un rendimiento constante del arco.Caracter\u00edsticas Principales:Bloqueo Seguro del Tornillo de Pala: Mantiene la alineaci\u00f3n correcta y evita movimientos indeseadosConstrucci\u00f3n Robusta: Fabricado con materiales duraderos para un uso prolongadoRepuesto Original Kinetic: Compatible exclusivamente con los cuerpos SovrenInstalaci\u00f3n R\u00e1pida: Sustituci\u00f3n sencilla con rosca M6 est\u00e1ndar","robots":{"index":"index","follow":"follow","max-snippet":"max-snippet:-1","max-image-preview":"max-image-preview:large","max-video-preview":"max-video-preview:-1"},"canonical":"https:\/\/moitoarchery.com\/en\/product\/tornillo-de-bloqueo-para-tornillo-de-pala-kinetic-sovren-m6\/","og_locale":"en_US","og_type":"article","og_title":"Tornillo de Bloqueo para Tornillo de Pala Kinetic Sovren M6 - MoitoArchery","og_description":"Asegura una alineaci\u00f3n estable y precisa de las palas con el tornillo de bloqueo Kinetic Sovren M6, dise\u00f1ado como repuesto original para los cuerpos recurvos Kinetic Sovren. Este tornillo fija de forma segura el tornillo de la pala, evitando desplazamientos durante el tiro y garantizando un rendimiento constante del arco.Caracter\u00edsticas Principales:Bloqueo Seguro del Tornillo de Pala: Mantiene la alineaci\u00f3n correcta y evita movimientos indeseadosConstrucci\u00f3n Robusta: Fabricado con materiales duraderos para un uso prolongadoRepuesto Original Kinetic: Compatible exclusivamente con los cuerpos SovrenInstalaci\u00f3n R\u00e1pida: Sustituci\u00f3n sencilla con rosca M6 est\u00e1ndar","og_url":"https:\/\/moitoarchery.com\/en\/product\/tornillo-de-bloqueo-para-tornillo-de-pala-kinetic-sovren-m6\/","og_site_name":"MoitoArchery","article_publisher":"https:\/\/www.facebook.com\/arqueriaOnline\/","article_modified_time":"2026-04-16T09:20:51+00:00","og_image":[{"width":800,"height":800,"url":"https:\/\/moitoarchery.com\/wp-content\/uploads\/2025\/08\/Tornillo-de-Bloqueo-para-Tornillo-de-Pala-Kinetic-Sovren-M6.jpg","type":"image\/jpeg"}],"twitter_card":"summary_large_image","twitter_misc":{"Est. reading time":"1 minute"},"schema":{"@context":"https:\/\/schema.org","@graph":[{"@type":"WebPage","@id":"https:\/\/moitoarchery.com\/en\/product\/tornillo-de-bloqueo-para-tornillo-de-pala-kinetic-sovren-m6\/","url":"https:\/\/moitoarchery.com\/en\/product\/tornillo-de-bloqueo-para-tornillo-de-pala-kinetic-sovren-m6\/","name":"Tornillo de Bloqueo para Tornillo de Pala Kinetic Sovren M6 - MoitoArchery","isPartOf":{"@id":"https:\/\/moitoarchery.com\/en\/#website"},"primaryImageOfPage":{"@id":"https:\/\/moitoarchery.com\/en\/product\/tornillo-de-bloqueo-para-tornillo-de-pala-kinetic-sovren-m6\/#primaryimage"},"image":{"@id":"https:\/\/moitoarchery.com\/en\/product\/tornillo-de-bloqueo-para-tornillo-de-pala-kinetic-sovren-m6\/#primaryimage"},"thumbnailUrl":"https:\/\/moitoarchery.com\/wp-content\/uploads\/2025\/08\/Tornillo-de-Bloqueo-para-Tornillo-de-Pala-Kinetic-Sovren-M6.jpg","datePublished":"2025-08-20T08:48:42+00:00","dateModified":"2026-04-16T09:20:51+00:00","description":"Asegura una alineaci\u00f3n estable y precisa de las palas con el tornillo de bloqueo Kinetic Sovren M6, dise\u00f1ado como repuesto original para los cuerpos recurvos Kinetic Sovren. Este tornillo fija de forma segura el tornillo de la pala, evitando desplazamientos durante el tiro y garantizando un rendimiento constante del arco.Caracter\u00edsticas Principales:Bloqueo Seguro del Tornillo de Pala: Mantiene la alineaci\u00f3n correcta y evita movimientos indeseadosConstrucci\u00f3n Robusta: Fabricado con materiales duraderos para un uso prolongadoRepuesto Original Kinetic: Compatible exclusivamente con los cuerpos SovrenInstalaci\u00f3n R\u00e1pida: Sustituci\u00f3n sencilla con rosca M6 est\u00e1ndar","breadcrumb":{"@id":"https:\/\/moitoarchery.com\/en\/product\/tornillo-de-bloqueo-para-tornillo-de-pala-kinetic-sovren-m6\/#breadcrumb"},"inLanguage":"en-US","potentialAction":[{"@type":"ReadAction","target":["https:\/\/moitoarchery.com\/en\/product\/tornillo-de-bloqueo-para-tornillo-de-pala-kinetic-sovren-m6\/"]}]},{"@type":"ImageObject","inLanguage":"en-US","@id":"https:\/\/moitoarchery.com\/en\/product\/tornillo-de-bloqueo-para-tornillo-de-pala-kinetic-sovren-m6\/#primaryimage","url":"https:\/\/moitoarchery.com\/wp-content\/uploads\/2025\/08\/Tornillo-de-Bloqueo-para-Tornillo-de-Pala-Kinetic-Sovren-M6.jpg","contentUrl":"https:\/\/moitoarchery.com\/wp-content\/uploads\/2025\/08\/Tornillo-de-Bloqueo-para-Tornillo-de-Pala-Kinetic-Sovren-M6.jpg","width":800,"height":800,"caption":"Tornillo de Bloqueo para Tornillo de Pala Kinetic Sovren M6"},{"@type":"BreadcrumbList","@id":"https:\/\/moitoarchery.com\/en\/product\/tornillo-de-bloqueo-para-tornillo-de-pala-kinetic-sovren-m6\/#breadcrumb","itemListElement":[{"@type":"ListItem","position":1,"name":"Portada","item":"https:\/\/moitoarchery.com\/en\/"},{"@type":"ListItem","position":2,"name":"Shop","item":"https:\/\/moitoarchery.com\/en\/shop\/"},{"@type":"ListItem","position":3,"name":"Tornillo de Bloqueo para Tornillo de Pala Kinetic Sovren M6"}]},{"@type":"WebSite","@id":"https:\/\/moitoarchery.com\/en\/#website","url":"https:\/\/moitoarchery.com\/en\/","name":"MoitoArchery","description":"Tienda de Tiro con arco","publisher":{"@id":"https:\/\/moitoarchery.com\/en\/#organization"},"potentialAction":[{"@type":"SearchAction","target":{"@type":"EntryPoint","urlTemplate":"https:\/\/moitoarchery.com\/en\/?s={search_term_string}"},"query-input":{"@type":"PropertyValueSpecification","valueRequired":true,"valueName":"search_term_string"}}],"inLanguage":"en-US"},{"@type":"Organization","@id":"https:\/\/moitoarchery.com\/en\/#organization","name":"MoitoArchery","url":"https:\/\/moitoarchery.com\/en\/","logo":{"@type":"ImageObject","inLanguage":"en-US","@id":"https:\/\/moitoarchery.com\/en\/#\/schema\/logo\/image\/","url":"https:\/\/moitoarchery.com\/wp-content\/uploads\/2020\/09\/logotipo-moitoarchery.png","contentUrl":"https:\/\/moitoarchery.com\/wp-content\/uploads\/2020\/09\/logotipo-moitoarchery.png","width":300,"height":66,"caption":"MoitoArchery"},"image":{"@id":"https:\/\/moitoarchery.com\/en\/#\/schema\/logo\/image\/"},"sameAs":["https:\/\/www.facebook.com\/arqueriaOnline\/","https:\/\/www.instagram.com\/moitoarchery\/","https:\/\/www.youtube.com\/channel\/UCvmj39gVUIKVoJJ6vQC9GPA\/"]}]}},"_links":{"self":[{"href":"https:\/\/moitoarchery.com\/en\/wp-json\/wp\/v2\/product\/96344","targetHints":{"allow":["GET"]}}],"collection":[{"href":"https:\/\/moitoarchery.com\/en\/wp-json\/wp\/v2\/product"}],"about":[{"href":"https:\/\/moitoarchery.com\/en\/wp-json\/wp\/v2\/types\/product"}],"replies":[{"embeddable":true,"href":"https:\/\/moitoarchery.com\/en\/wp-json\/wp\/v2\/comments?post=96344"}],"version-history":[{"count":1,"href":"https:\/\/moitoarchery.com\/en\/wp-json\/wp\/v2\/product\/96344\/revisions"}],"predecessor-version":[{"id":132670,"href":"https:\/\/moitoarchery.com\/en\/wp-json\/wp\/v2\/product\/96344\/revisions\/132670"}],"wp:featuredmedia":[{"embeddable":true,"href":"https:\/\/moitoarchery.com\/en\/wp-json\/wp\/v2\/media\/96346"}],"wp:attachment":[{"href":"https:\/\/moitoarchery.com\/en\/wp-json\/wp\/v2\/media?parent=96344"}],"wp:term":[{"taxonomy":"product_brand","embeddable":true,"href":"https:\/\/moitoarchery.com\/en\/wp-json\/wp\/v2\/product_brand?post=96344"},{"taxonomy":"product_cat","embeddable":true,"href":"https:\/\/moitoarchery.com\/en\/wp-json\/wp\/v2\/product_cat?post=96344"},{"taxonomy":"product_tag","embeddable":true,"href":"https:\/\/moitoarchery.com\/en\/wp-json\/wp\/v2\/product_tag?post=96344"}],"curies":[{"name":"wp","href":"https:\/\/api.w.org\/{rel}","templated":true}]}}