{"id":96319,"date":"2025-08-20T10:39:30","date_gmt":"2025-08-20T08:39:30","guid":{"rendered":"https:\/\/moitoarchery.com\/?post_type=product&#038;p=96319"},"modified":"2026-04-16T11:20:51","modified_gmt":"2026-04-16T09:20:51","slug":"extension-de-clicker-kinetic","status":"publish","type":"product","link":"https:\/\/moitoarchery.com\/en\/product\/extension-de-clicker-kinetic\/","title":{"rendered":"Extensi\u00f3n de Clicker Kinetic"},"content":{"rendered":"<p data-start=\"204\" data-end=\"616\">Mejora la configuraci\u00f3n de tu arco recurvo con la <strong data-start=\"254\" data-end=\"286\">extensi\u00f3n de clicker Kinetic<\/strong>, dise\u00f1ada espec\u00edficamente para los cuerpos Arios y Novius. Esta pieza de repuesto permite ajustar con precisi\u00f3n la posici\u00f3n del clicker, facilitando una configuraci\u00f3n \u00f3ptima de la apertura (draw length) y asegurando disparos m\u00e1s consistentes. Ideal para arqueros que necesitan reemplazar una pieza da\u00f1ada o personalizar su equipo.<\/p>\n<h4 data-start=\"618\" data-end=\"651\">Caracter\u00edsticas Principales:<\/h4>\n<ul data-start=\"652\" data-end=\"1004\">\n<li data-start=\"652\" data-end=\"739\">\n<p data-start=\"654\" data-end=\"739\"><strong data-start=\"654\" data-end=\"678\">Ajuste Personalizado<\/strong>: Compatibilidad perfecta con cuerpos Kinetic Arios y Novius<\/p>\n<\/li>\n<li data-start=\"740\" data-end=\"843\">\n<p data-start=\"742\" data-end=\"843\"><strong data-start=\"742\" data-end=\"781\">Mejora la Configuraci\u00f3n del Clicker<\/strong>: Permite una colocaci\u00f3n precisa para una apertura constante<\/p>\n<\/li>\n<li data-start=\"844\" data-end=\"932\">\n<p data-start=\"846\" data-end=\"932\"><strong data-start=\"846\" data-end=\"873\">Construcci\u00f3n Resistente<\/strong>: Fabricada en aluminio recubierto para mayor durabilidad<\/p>\n<\/li>\n<li data-start=\"933\" data-end=\"1004\">\n<p data-start=\"935\" data-end=\"1004\"><strong data-start=\"935\" data-end=\"956\">F\u00e1cil de Instalar<\/strong>: Montaje sencillo mediante tornillos est\u00e1ndar<\/p>\n<\/li>\n<\/ul>\n<h4 data-start=\"1006\" data-end=\"1037\">Especificaciones T\u00e9cnicas:<\/h4>\n<ul data-start=\"1038\" data-end=\"1242\">\n<li data-start=\"1038\" data-end=\"1100\">\n<p data-start=\"1040\" data-end=\"1100\"><strong data-start=\"1040\" data-end=\"1058\">Compatibilidad<\/strong>: Cuerpos recurvos Kinetic Arios y Novius<\/p>\n<\/li>\n<li data-start=\"1101\" data-end=\"1137\">\n<p data-start=\"1103\" data-end=\"1137\"><strong data-start=\"1103\" data-end=\"1111\">Tipo<\/strong>: Extensi\u00f3n para clicker<\/p>\n<\/li>\n<li data-start=\"1138\" data-end=\"1192\">\n<p data-start=\"1140\" data-end=\"1192\"><strong data-start=\"1140\" data-end=\"1152\">Material<\/strong>: Aluminio con recubrimiento protector<\/p>\n<\/li>\n<li data-start=\"1193\" data-end=\"1242\">\n<p data-start=\"1195\" data-end=\"1242\"><strong data-start=\"1195\" data-end=\"1206\">Montaje<\/strong>: Instalaci\u00f3n atornillada est\u00e1ndar<\/p>\n<\/li>\n<\/ul>\n","protected":false},"excerpt":{"rendered":"<p data-start=\"204\" data-end=\"616\">Mejora la configuraci\u00f3n de tu arco recurvo con la <strong data-start=\"254\" data-end=\"286\">extensi\u00f3n de clicker Kinetic<\/strong>, dise\u00f1ada espec\u00edficamente para los cuerpos Arios y Novius. Esta pieza de repuesto permite ajustar con precisi\u00f3n la posici\u00f3n del clicker, facilitando una configuraci\u00f3n \u00f3ptima de la apertura (draw length) y asegurando disparos m\u00e1s consistentes. Ideal para arqueros que necesitan reemplazar una pieza da\u00f1ada o personalizar su equipo.<\/p>\n<h4 data-start=\"618\" data-end=\"651\">Caracter\u00edsticas Principales:<\/h4>\n<ul data-start=\"652\" data-end=\"1004\">\n<li data-start=\"652\" data-end=\"739\">\n<p data-start=\"654\" data-end=\"739\"><strong data-start=\"654\" data-end=\"678\">Ajuste Personalizado<\/strong>: Compatibilidad perfecta con cuerpos Kinetic Arios y Novius<\/p>\n<\/li>\n<li data-start=\"740\" data-end=\"843\">\n<p data-start=\"742\" data-end=\"843\"><strong data-start=\"742\" data-end=\"781\">Mejora la Configuraci\u00f3n del Clicker<\/strong>: Permite una colocaci\u00f3n precisa para una apertura constante<\/p>\n<\/li>\n<li data-start=\"844\" data-end=\"932\">\n<p data-start=\"846\" data-end=\"932\"><strong data-start=\"846\" data-end=\"873\">Construcci\u00f3n Resistente<\/strong>: Fabricada en aluminio recubierto para mayor durabilidad<\/p>\n<\/li>\n<li data-start=\"933\" data-end=\"1004\">\n<p data-start=\"935\" data-end=\"1004\"><strong data-start=\"935\" data-end=\"956\">F\u00e1cil de Instalar<\/strong>: Montaje sencillo mediante tornillos est\u00e1ndar<\/p>\n<\/li>\n<\/ul>\n","protected":false},"featured_media":96320,"comment_status":"open","ping_status":"closed","template":"","meta":{"_acf_changed":false},"product_brand":[4049],"product_cat":[105,1550],"product_tag":[],"class_list":{"0":"post-96319","1":"product","2":"type-product","3":"status-publish","4":"has-post-thumbnail","6":"product_brand-kinetic","7":"product_cat-arcos","8":"product_cat-partes-de-recurvo","10":"first","11":"onbackorder","12":"taxable","13":"shipping-taxable","14":"purchasable","15":"product-type-simple"},"acf":[],"yoast_head":"<!-- This site is optimized with the Yoast SEO plugin v27.3 - https:\/\/yoast.com\/product\/yoast-seo-wordpress\/ -->\n<title>Extensi\u00f3n de Clicker Kinetic - MoitoArchery<\/title>\n<meta name=\"description\" content=\"Mejora la configuraci\u00f3n de tu arco recurvo con la extensi\u00f3n de clicker Kinetic, dise\u00f1ada espec\u00edficamente para los cuerpos Arios y Novius. Esta pieza de repuesto permite ajustar con precisi\u00f3n la posici\u00f3n del clicker, facilitando una configuraci\u00f3n \u00f3ptima de la apertura (draw length) y asegurando disparos m\u00e1s consistentes. Ideal para arqueros que necesitan reemplazar una pieza da\u00f1ada o personalizar su equipo.Caracter\u00edsticas Principales:Ajuste Personalizado: Compatibilidad perfecta con cuerpos Kinetic Arios y NoviusMejora la Configuraci\u00f3n del Clicker: Permite una colocaci\u00f3n precisa para una apertura constanteConstrucci\u00f3n Resistente: Fabricada en aluminio recubierto para mayor durabilidadF\u00e1cil de Instalar: Montaje sencillo mediante tornillos est\u00e1ndar\" \/>\n<meta name=\"robots\" content=\"index, follow, max-snippet:-1, max-image-preview:large, max-video-preview:-1\" \/>\n<link rel=\"canonical\" href=\"https:\/\/moitoarchery.com\/en\/product\/extension-de-clicker-kinetic\/\" \/>\n<meta property=\"og:locale\" content=\"en_US\" \/>\n<meta property=\"og:type\" content=\"article\" \/>\n<meta property=\"og:title\" content=\"Extensi\u00f3n de Clicker Kinetic - MoitoArchery\" \/>\n<meta property=\"og:description\" content=\"Mejora la configuraci\u00f3n de tu arco recurvo con la extensi\u00f3n de clicker Kinetic, dise\u00f1ada espec\u00edficamente para los cuerpos Arios y Novius. Esta pieza de repuesto permite ajustar con precisi\u00f3n la posici\u00f3n del clicker, facilitando una configuraci\u00f3n \u00f3ptima de la apertura (draw length) y asegurando disparos m\u00e1s consistentes. Ideal para arqueros que necesitan reemplazar una pieza da\u00f1ada o personalizar su equipo.Caracter\u00edsticas Principales:Ajuste Personalizado: Compatibilidad perfecta con cuerpos Kinetic Arios y NoviusMejora la Configuraci\u00f3n del Clicker: Permite una colocaci\u00f3n precisa para una apertura constanteConstrucci\u00f3n Resistente: Fabricada en aluminio recubierto para mayor durabilidadF\u00e1cil de Instalar: Montaje sencillo mediante tornillos est\u00e1ndar\" \/>\n<meta property=\"og:url\" content=\"https:\/\/moitoarchery.com\/en\/product\/extension-de-clicker-kinetic\/\" \/>\n<meta property=\"og:site_name\" content=\"MoitoArchery\" \/>\n<meta property=\"article:publisher\" content=\"https:\/\/www.facebook.com\/arqueriaOnline\/\" \/>\n<meta property=\"article:modified_time\" content=\"2026-04-16T09:20:51+00:00\" \/>\n<meta property=\"og:image\" content=\"https:\/\/moitoarchery.com\/wp-content\/uploads\/2025\/08\/Extension-de-Clicker-Kinetic.jpg\" \/>\n\t<meta property=\"og:image:width\" content=\"800\" \/>\n\t<meta property=\"og:image:height\" content=\"800\" \/>\n\t<meta property=\"og:image:type\" content=\"image\/jpeg\" \/>\n<meta name=\"twitter:card\" content=\"summary_large_image\" \/>\n<meta name=\"twitter:label1\" content=\"Est. reading time\" \/>\n\t<meta name=\"twitter:data1\" content=\"1 minute\" \/>\n<script type=\"application\/ld+json\" class=\"yoast-schema-graph\">{\"@context\":\"https:\\\/\\\/schema.org\",\"@graph\":[{\"@type\":\"WebPage\",\"@id\":\"https:\\\/\\\/moitoarchery.com\\\/en\\\/product\\\/extension-de-clicker-kinetic\\\/\",\"url\":\"https:\\\/\\\/moitoarchery.com\\\/en\\\/product\\\/extension-de-clicker-kinetic\\\/\",\"name\":\"Extensi\u00f3n de Clicker Kinetic - MoitoArchery\",\"isPartOf\":{\"@id\":\"https:\\\/\\\/moitoarchery.com\\\/en\\\/#website\"},\"primaryImageOfPage\":{\"@id\":\"https:\\\/\\\/moitoarchery.com\\\/en\\\/product\\\/extension-de-clicker-kinetic\\\/#primaryimage\"},\"image\":{\"@id\":\"https:\\\/\\\/moitoarchery.com\\\/en\\\/product\\\/extension-de-clicker-kinetic\\\/#primaryimage\"},\"thumbnailUrl\":\"https:\\\/\\\/moitoarchery.com\\\/wp-content\\\/uploads\\\/2025\\\/08\\\/Extension-de-Clicker-Kinetic.jpg\",\"datePublished\":\"2025-08-20T08:39:30+00:00\",\"dateModified\":\"2026-04-16T09:20:51+00:00\",\"description\":\"Mejora la configuraci\u00f3n de tu arco recurvo con la extensi\u00f3n de clicker Kinetic, dise\u00f1ada espec\u00edficamente para los cuerpos Arios y Novius. Esta pieza de repuesto permite ajustar con precisi\u00f3n la posici\u00f3n del clicker, facilitando una configuraci\u00f3n \u00f3ptima de la apertura (draw length) y asegurando disparos m\u00e1s consistentes. Ideal para arqueros que necesitan reemplazar una pieza da\u00f1ada o personalizar su equipo.Caracter\u00edsticas Principales:Ajuste Personalizado: Compatibilidad perfecta con cuerpos Kinetic Arios y NoviusMejora la Configuraci\u00f3n del Clicker: Permite una colocaci\u00f3n precisa para una apertura constanteConstrucci\u00f3n Resistente: Fabricada en aluminio recubierto para mayor durabilidadF\u00e1cil de Instalar: Montaje sencillo mediante tornillos est\u00e1ndar\",\"breadcrumb\":{\"@id\":\"https:\\\/\\\/moitoarchery.com\\\/en\\\/product\\\/extension-de-clicker-kinetic\\\/#breadcrumb\"},\"inLanguage\":\"en-US\",\"potentialAction\":[{\"@type\":\"ReadAction\",\"target\":[\"https:\\\/\\\/moitoarchery.com\\\/en\\\/product\\\/extension-de-clicker-kinetic\\\/\"]}]},{\"@type\":\"ImageObject\",\"inLanguage\":\"en-US\",\"@id\":\"https:\\\/\\\/moitoarchery.com\\\/en\\\/product\\\/extension-de-clicker-kinetic\\\/#primaryimage\",\"url\":\"https:\\\/\\\/moitoarchery.com\\\/wp-content\\\/uploads\\\/2025\\\/08\\\/Extension-de-Clicker-Kinetic.jpg\",\"contentUrl\":\"https:\\\/\\\/moitoarchery.com\\\/wp-content\\\/uploads\\\/2025\\\/08\\\/Extension-de-Clicker-Kinetic.jpg\",\"width\":800,\"height\":800,\"caption\":\"Extensi\u00f3n de Clicker Kinetic\"},{\"@type\":\"BreadcrumbList\",\"@id\":\"https:\\\/\\\/moitoarchery.com\\\/en\\\/product\\\/extension-de-clicker-kinetic\\\/#breadcrumb\",\"itemListElement\":[{\"@type\":\"ListItem\",\"position\":1,\"name\":\"Portada\",\"item\":\"https:\\\/\\\/moitoarchery.com\\\/en\\\/\"},{\"@type\":\"ListItem\",\"position\":2,\"name\":\"Shop\",\"item\":\"https:\\\/\\\/moitoarchery.com\\\/en\\\/shop\\\/\"},{\"@type\":\"ListItem\",\"position\":3,\"name\":\"Extensi\u00f3n de Clicker Kinetic\"}]},{\"@type\":\"WebSite\",\"@id\":\"https:\\\/\\\/moitoarchery.com\\\/en\\\/#website\",\"url\":\"https:\\\/\\\/moitoarchery.com\\\/en\\\/\",\"name\":\"MoitoArchery\",\"description\":\"Tienda de Tiro con arco\",\"publisher\":{\"@id\":\"https:\\\/\\\/moitoarchery.com\\\/en\\\/#organization\"},\"potentialAction\":[{\"@type\":\"SearchAction\",\"target\":{\"@type\":\"EntryPoint\",\"urlTemplate\":\"https:\\\/\\\/moitoarchery.com\\\/en\\\/?s={search_term_string}\"},\"query-input\":{\"@type\":\"PropertyValueSpecification\",\"valueRequired\":true,\"valueName\":\"search_term_string\"}}],\"inLanguage\":\"en-US\"},{\"@type\":\"Organization\",\"@id\":\"https:\\\/\\\/moitoarchery.com\\\/en\\\/#organization\",\"name\":\"MoitoArchery\",\"url\":\"https:\\\/\\\/moitoarchery.com\\\/en\\\/\",\"logo\":{\"@type\":\"ImageObject\",\"inLanguage\":\"en-US\",\"@id\":\"https:\\\/\\\/moitoarchery.com\\\/en\\\/#\\\/schema\\\/logo\\\/image\\\/\",\"url\":\"https:\\\/\\\/moitoarchery.com\\\/wp-content\\\/uploads\\\/2020\\\/09\\\/logotipo-moitoarchery.png\",\"contentUrl\":\"https:\\\/\\\/moitoarchery.com\\\/wp-content\\\/uploads\\\/2020\\\/09\\\/logotipo-moitoarchery.png\",\"width\":300,\"height\":66,\"caption\":\"MoitoArchery\"},\"image\":{\"@id\":\"https:\\\/\\\/moitoarchery.com\\\/en\\\/#\\\/schema\\\/logo\\\/image\\\/\"},\"sameAs\":[\"https:\\\/\\\/www.facebook.com\\\/arqueriaOnline\\\/\",\"https:\\\/\\\/www.instagram.com\\\/moitoarchery\\\/\",\"https:\\\/\\\/www.youtube.com\\\/channel\\\/UCvmj39gVUIKVoJJ6vQC9GPA\\\/\"]}]}<\/script>\n<!-- \/ Yoast SEO plugin. -->","yoast_head_json":{"title":"Extensi\u00f3n de Clicker Kinetic - MoitoArchery","description":"Mejora la configuraci\u00f3n de tu arco recurvo con la extensi\u00f3n de clicker Kinetic, dise\u00f1ada espec\u00edficamente para los cuerpos Arios y Novius. Esta pieza de repuesto permite ajustar con precisi\u00f3n la posici\u00f3n del clicker, facilitando una configuraci\u00f3n \u00f3ptima de la apertura (draw length) y asegurando disparos m\u00e1s consistentes. Ideal para arqueros que necesitan reemplazar una pieza da\u00f1ada o personalizar su equipo.Caracter\u00edsticas Principales:Ajuste Personalizado: Compatibilidad perfecta con cuerpos Kinetic Arios y NoviusMejora la Configuraci\u00f3n del Clicker: Permite una colocaci\u00f3n precisa para una apertura constanteConstrucci\u00f3n Resistente: Fabricada en aluminio recubierto para mayor durabilidadF\u00e1cil de Instalar: Montaje sencillo mediante tornillos est\u00e1ndar","robots":{"index":"index","follow":"follow","max-snippet":"max-snippet:-1","max-image-preview":"max-image-preview:large","max-video-preview":"max-video-preview:-1"},"canonical":"https:\/\/moitoarchery.com\/en\/product\/extension-de-clicker-kinetic\/","og_locale":"en_US","og_type":"article","og_title":"Extensi\u00f3n de Clicker Kinetic - MoitoArchery","og_description":"Mejora la configuraci\u00f3n de tu arco recurvo con la extensi\u00f3n de clicker Kinetic, dise\u00f1ada espec\u00edficamente para los cuerpos Arios y Novius. Esta pieza de repuesto permite ajustar con precisi\u00f3n la posici\u00f3n del clicker, facilitando una configuraci\u00f3n \u00f3ptima de la apertura (draw length) y asegurando disparos m\u00e1s consistentes. Ideal para arqueros que necesitan reemplazar una pieza da\u00f1ada o personalizar su equipo.Caracter\u00edsticas Principales:Ajuste Personalizado: Compatibilidad perfecta con cuerpos Kinetic Arios y NoviusMejora la Configuraci\u00f3n del Clicker: Permite una colocaci\u00f3n precisa para una apertura constanteConstrucci\u00f3n Resistente: Fabricada en aluminio recubierto para mayor durabilidadF\u00e1cil de Instalar: Montaje sencillo mediante tornillos est\u00e1ndar","og_url":"https:\/\/moitoarchery.com\/en\/product\/extension-de-clicker-kinetic\/","og_site_name":"MoitoArchery","article_publisher":"https:\/\/www.facebook.com\/arqueriaOnline\/","article_modified_time":"2026-04-16T09:20:51+00:00","og_image":[{"width":800,"height":800,"url":"https:\/\/moitoarchery.com\/wp-content\/uploads\/2025\/08\/Extension-de-Clicker-Kinetic.jpg","type":"image\/jpeg"}],"twitter_card":"summary_large_image","twitter_misc":{"Est. reading time":"1 minute"},"schema":{"@context":"https:\/\/schema.org","@graph":[{"@type":"WebPage","@id":"https:\/\/moitoarchery.com\/en\/product\/extension-de-clicker-kinetic\/","url":"https:\/\/moitoarchery.com\/en\/product\/extension-de-clicker-kinetic\/","name":"Extensi\u00f3n de Clicker Kinetic - MoitoArchery","isPartOf":{"@id":"https:\/\/moitoarchery.com\/en\/#website"},"primaryImageOfPage":{"@id":"https:\/\/moitoarchery.com\/en\/product\/extension-de-clicker-kinetic\/#primaryimage"},"image":{"@id":"https:\/\/moitoarchery.com\/en\/product\/extension-de-clicker-kinetic\/#primaryimage"},"thumbnailUrl":"https:\/\/moitoarchery.com\/wp-content\/uploads\/2025\/08\/Extension-de-Clicker-Kinetic.jpg","datePublished":"2025-08-20T08:39:30+00:00","dateModified":"2026-04-16T09:20:51+00:00","description":"Mejora la configuraci\u00f3n de tu arco recurvo con la extensi\u00f3n de clicker Kinetic, dise\u00f1ada espec\u00edficamente para los cuerpos Arios y Novius. Esta pieza de repuesto permite ajustar con precisi\u00f3n la posici\u00f3n del clicker, facilitando una configuraci\u00f3n \u00f3ptima de la apertura (draw length) y asegurando disparos m\u00e1s consistentes. Ideal para arqueros que necesitan reemplazar una pieza da\u00f1ada o personalizar su equipo.Caracter\u00edsticas Principales:Ajuste Personalizado: Compatibilidad perfecta con cuerpos Kinetic Arios y NoviusMejora la Configuraci\u00f3n del Clicker: Permite una colocaci\u00f3n precisa para una apertura constanteConstrucci\u00f3n Resistente: Fabricada en aluminio recubierto para mayor durabilidadF\u00e1cil de Instalar: Montaje sencillo mediante tornillos est\u00e1ndar","breadcrumb":{"@id":"https:\/\/moitoarchery.com\/en\/product\/extension-de-clicker-kinetic\/#breadcrumb"},"inLanguage":"en-US","potentialAction":[{"@type":"ReadAction","target":["https:\/\/moitoarchery.com\/en\/product\/extension-de-clicker-kinetic\/"]}]},{"@type":"ImageObject","inLanguage":"en-US","@id":"https:\/\/moitoarchery.com\/en\/product\/extension-de-clicker-kinetic\/#primaryimage","url":"https:\/\/moitoarchery.com\/wp-content\/uploads\/2025\/08\/Extension-de-Clicker-Kinetic.jpg","contentUrl":"https:\/\/moitoarchery.com\/wp-content\/uploads\/2025\/08\/Extension-de-Clicker-Kinetic.jpg","width":800,"height":800,"caption":"Extensi\u00f3n de Clicker Kinetic"},{"@type":"BreadcrumbList","@id":"https:\/\/moitoarchery.com\/en\/product\/extension-de-clicker-kinetic\/#breadcrumb","itemListElement":[{"@type":"ListItem","position":1,"name":"Portada","item":"https:\/\/moitoarchery.com\/en\/"},{"@type":"ListItem","position":2,"name":"Shop","item":"https:\/\/moitoarchery.com\/en\/shop\/"},{"@type":"ListItem","position":3,"name":"Extensi\u00f3n de Clicker Kinetic"}]},{"@type":"WebSite","@id":"https:\/\/moitoarchery.com\/en\/#website","url":"https:\/\/moitoarchery.com\/en\/","name":"MoitoArchery","description":"Tienda de Tiro con arco","publisher":{"@id":"https:\/\/moitoarchery.com\/en\/#organization"},"potentialAction":[{"@type":"SearchAction","target":{"@type":"EntryPoint","urlTemplate":"https:\/\/moitoarchery.com\/en\/?s={search_term_string}"},"query-input":{"@type":"PropertyValueSpecification","valueRequired":true,"valueName":"search_term_string"}}],"inLanguage":"en-US"},{"@type":"Organization","@id":"https:\/\/moitoarchery.com\/en\/#organization","name":"MoitoArchery","url":"https:\/\/moitoarchery.com\/en\/","logo":{"@type":"ImageObject","inLanguage":"en-US","@id":"https:\/\/moitoarchery.com\/en\/#\/schema\/logo\/image\/","url":"https:\/\/moitoarchery.com\/wp-content\/uploads\/2020\/09\/logotipo-moitoarchery.png","contentUrl":"https:\/\/moitoarchery.com\/wp-content\/uploads\/2020\/09\/logotipo-moitoarchery.png","width":300,"height":66,"caption":"MoitoArchery"},"image":{"@id":"https:\/\/moitoarchery.com\/en\/#\/schema\/logo\/image\/"},"sameAs":["https:\/\/www.facebook.com\/arqueriaOnline\/","https:\/\/www.instagram.com\/moitoarchery\/","https:\/\/www.youtube.com\/channel\/UCvmj39gVUIKVoJJ6vQC9GPA\/"]}]}},"_links":{"self":[{"href":"https:\/\/moitoarchery.com\/en\/wp-json\/wp\/v2\/product\/96319","targetHints":{"allow":["GET"]}}],"collection":[{"href":"https:\/\/moitoarchery.com\/en\/wp-json\/wp\/v2\/product"}],"about":[{"href":"https:\/\/moitoarchery.com\/en\/wp-json\/wp\/v2\/types\/product"}],"replies":[{"embeddable":true,"href":"https:\/\/moitoarchery.com\/en\/wp-json\/wp\/v2\/comments?post=96319"}],"version-history":[{"count":1,"href":"https:\/\/moitoarchery.com\/en\/wp-json\/wp\/v2\/product\/96319\/revisions"}],"predecessor-version":[{"id":132668,"href":"https:\/\/moitoarchery.com\/en\/wp-json\/wp\/v2\/product\/96319\/revisions\/132668"}],"wp:featuredmedia":[{"embeddable":true,"href":"https:\/\/moitoarchery.com\/en\/wp-json\/wp\/v2\/media\/96320"}],"wp:attachment":[{"href":"https:\/\/moitoarchery.com\/en\/wp-json\/wp\/v2\/media?parent=96319"}],"wp:term":[{"taxonomy":"product_brand","embeddable":true,"href":"https:\/\/moitoarchery.com\/en\/wp-json\/wp\/v2\/product_brand?post=96319"},{"taxonomy":"product_cat","embeddable":true,"href":"https:\/\/moitoarchery.com\/en\/wp-json\/wp\/v2\/product_cat?post=96319"},{"taxonomy":"product_tag","embeddable":true,"href":"https:\/\/moitoarchery.com\/en\/wp-json\/wp\/v2\/product_tag?post=96319"}],"curies":[{"name":"wp","href":"https:\/\/api.w.org\/{rel}","templated":true}]}}