{"id":96303,"date":"2025-08-20T10:30:58","date_gmt":"2025-08-20T08:30:58","guid":{"rendered":"https:\/\/moitoarchery.com\/?post_type=product&#038;p=96303"},"modified":"2026-04-16T11:20:51","modified_gmt":"2026-04-16T09:20:51","slug":"tornillo-de-bloqueo-para-tornillo-de-pala-kinetic-m6","status":"publish","type":"product","link":"https:\/\/moitoarchery.com\/en\/product\/tornillo-de-bloqueo-para-tornillo-de-pala-kinetic-m6\/","title":{"rendered":"Tornillo de Bloqueo para Tornillo de Pala Kinetic M6"},"content":{"rendered":"<p data-start=\"215\" data-end=\"548\">Garantiza una alineaci\u00f3n constante y segura de las palas con el <strong data-start=\"279\" data-end=\"313\">tornillo de bloqueo Kinetic M6<\/strong>, dise\u00f1ado como repuesto original para los cuerpos recurvos Kinetic Arios y Novius. Este tornillo fija el tornillo principal de la pala en su lugar, evitando movimientos indeseados y asegurando una configuraci\u00f3n estable en cada disparo.<\/p>\n<h4 data-start=\"550\" data-end=\"583\">Caracter\u00edsticas Principales:<\/h4>\n<ul data-start=\"584\" data-end=\"917\">\n<li data-start=\"584\" data-end=\"685\">\n<p data-start=\"586\" data-end=\"685\"><strong data-start=\"586\" data-end=\"625\">Bloqueo Seguro del Tornillo de Pala<\/strong>: Evita el desplazamiento y mantiene la alineaci\u00f3n precisa<\/p>\n<\/li>\n<li data-start=\"686\" data-end=\"767\">\n<p data-start=\"688\" data-end=\"767\"><strong data-start=\"688\" data-end=\"709\">Dise\u00f1o Resistente<\/strong>: Construido para soportar un uso intensivo y prolongado<\/p>\n<\/li>\n<li data-start=\"768\" data-end=\"854\">\n<p data-start=\"770\" data-end=\"854\"><strong data-start=\"770\" data-end=\"794\">Compatibilidad Total<\/strong>: Repuesto original para los cuerpos Kinetic Arios y Novius<\/p>\n<\/li>\n<li data-start=\"855\" data-end=\"917\">\n<p data-start=\"857\" data-end=\"917\"><strong data-start=\"857\" data-end=\"881\">Instalaci\u00f3n Sencilla<\/strong>: Sustituci\u00f3n directa con rosca M6<\/p>\n<\/li>\n<\/ul>\n<h4 data-start=\"919\" data-end=\"950\">Especificaciones T\u00e9cnicas:<\/h4>\n<ul data-start=\"951\" data-end=\"1090\">\n<li data-start=\"951\" data-end=\"1009\">\n<p data-start=\"953\" data-end=\"1009\"><strong data-start=\"953\" data-end=\"961\">Tipo<\/strong>: Tornillo de bloqueo para el tornillo de pala<\/p>\n<\/li>\n<li data-start=\"1010\" data-end=\"1072\">\n<p data-start=\"1012\" data-end=\"1072\"><strong data-start=\"1012\" data-end=\"1030\">Compatibilidad<\/strong>: Cuerpos recurvos Kinetic Arios y Novius<\/p>\n<\/li>\n<li data-start=\"1073\" data-end=\"1090\">\n<p data-start=\"1075\" data-end=\"1090\"><strong data-start=\"1075\" data-end=\"1084\">Rosca<\/strong>: M6<\/p>\n<\/li>\n<\/ul>\n","protected":false},"excerpt":{"rendered":"<p data-start=\"215\" data-end=\"548\">Garantiza una alineaci\u00f3n constante y segura de las palas con el <strong data-start=\"279\" data-end=\"313\">tornillo de bloqueo Kinetic M6<\/strong>, dise\u00f1ado como repuesto original para los cuerpos recurvos Kinetic Arios y Novius. Este tornillo fija el tornillo principal de la pala en su lugar, evitando movimientos indeseados y asegurando una configuraci\u00f3n estable en cada disparo.<\/p>\n<h4 data-start=\"550\" data-end=\"583\">Caracter\u00edsticas Principales:<\/h4>\n<ul data-start=\"584\" data-end=\"917\">\n<li data-start=\"584\" data-end=\"685\">\n<p data-start=\"586\" data-end=\"685\"><strong data-start=\"586\" data-end=\"625\">Bloqueo Seguro del Tornillo de Pala<\/strong>: Evita el desplazamiento y mantiene la alineaci\u00f3n precisa<\/p>\n<\/li>\n<li data-start=\"686\" data-end=\"767\">\n<p data-start=\"688\" data-end=\"767\"><strong data-start=\"688\" data-end=\"709\">Dise\u00f1o Resistente<\/strong>: Construido para soportar un uso intensivo y prolongado<\/p>\n<\/li>\n<li data-start=\"768\" data-end=\"854\">\n<p data-start=\"770\" data-end=\"854\"><strong data-start=\"770\" data-end=\"794\">Compatibilidad Total<\/strong>: Repuesto original para los cuerpos Kinetic Arios y Novius<\/p>\n<\/li>\n<li data-start=\"855\" data-end=\"917\">\n<p data-start=\"857\" data-end=\"917\"><strong data-start=\"857\" data-end=\"881\">Instalaci\u00f3n Sencilla<\/strong>: Sustituci\u00f3n directa con rosca M6<\/p>\n<\/li>\n<\/ul>\n","protected":false},"featured_media":96310,"comment_status":"open","ping_status":"closed","template":"","meta":{"_acf_changed":false},"product_brand":[4049],"product_cat":[105,1550],"product_tag":[],"class_list":{"0":"post-96303","1":"product","2":"type-product","3":"status-publish","4":"has-post-thumbnail","6":"product_brand-kinetic","7":"product_cat-arcos","8":"product_cat-partes-de-recurvo","10":"first","11":"onbackorder","12":"taxable","13":"shipping-taxable","14":"purchasable","15":"product-type-simple"},"acf":[],"yoast_head":"<!-- This site is optimized with the Yoast SEO plugin v27.3 - https:\/\/yoast.com\/product\/yoast-seo-wordpress\/ -->\n<title>Tornillo de Bloqueo para Tornillo de Pala Kinetic M6 - MoitoArchery<\/title>\n<meta name=\"description\" content=\"Garantiza una alineaci\u00f3n constante y segura de las palas con el tornillo de bloqueo Kinetic M6, dise\u00f1ado como repuesto original para los cuerpos recurvos Kinetic Arios y Novius. Este tornillo fija el tornillo principal de la pala en su lugar, evitando movimientos indeseados y asegurando una configuraci\u00f3n estable en cada disparo.Caracter\u00edsticas Principales:Bloqueo Seguro del Tornillo de Pala: Evita el desplazamiento y mantiene la alineaci\u00f3n precisaDise\u00f1o Resistente: Construido para soportar un uso intensivo y prolongadoCompatibilidad Total: Repuesto original para los cuerpos Kinetic Arios y NoviusInstalaci\u00f3n Sencilla: Sustituci\u00f3n directa con rosca M6\" \/>\n<meta name=\"robots\" content=\"index, follow, max-snippet:-1, max-image-preview:large, max-video-preview:-1\" \/>\n<link rel=\"canonical\" href=\"https:\/\/moitoarchery.com\/en\/product\/tornillo-de-bloqueo-para-tornillo-de-pala-kinetic-m6\/\" \/>\n<meta property=\"og:locale\" content=\"en_US\" \/>\n<meta property=\"og:type\" content=\"article\" \/>\n<meta property=\"og:title\" content=\"Tornillo de Bloqueo para Tornillo de Pala Kinetic M6 - MoitoArchery\" \/>\n<meta property=\"og:description\" content=\"Garantiza una alineaci\u00f3n constante y segura de las palas con el tornillo de bloqueo Kinetic M6, dise\u00f1ado como repuesto original para los cuerpos recurvos Kinetic Arios y Novius. Este tornillo fija el tornillo principal de la pala en su lugar, evitando movimientos indeseados y asegurando una configuraci\u00f3n estable en cada disparo.Caracter\u00edsticas Principales:Bloqueo Seguro del Tornillo de Pala: Evita el desplazamiento y mantiene la alineaci\u00f3n precisaDise\u00f1o Resistente: Construido para soportar un uso intensivo y prolongadoCompatibilidad Total: Repuesto original para los cuerpos Kinetic Arios y NoviusInstalaci\u00f3n Sencilla: Sustituci\u00f3n directa con rosca M6\" \/>\n<meta property=\"og:url\" content=\"https:\/\/moitoarchery.com\/en\/product\/tornillo-de-bloqueo-para-tornillo-de-pala-kinetic-m6\/\" \/>\n<meta property=\"og:site_name\" content=\"MoitoArchery\" \/>\n<meta property=\"article:publisher\" content=\"https:\/\/www.facebook.com\/arqueriaOnline\/\" \/>\n<meta property=\"article:modified_time\" content=\"2026-04-16T09:20:51+00:00\" \/>\n<meta property=\"og:image\" content=\"https:\/\/moitoarchery.com\/wp-content\/uploads\/2025\/08\/Tornillo-de-Bloqueo-para-Tornillo-de-Pala-Kinetic-M6.jpg\" \/>\n\t<meta property=\"og:image:width\" content=\"800\" \/>\n\t<meta property=\"og:image:height\" content=\"800\" \/>\n\t<meta property=\"og:image:type\" content=\"image\/jpeg\" \/>\n<meta name=\"twitter:card\" content=\"summary_large_image\" \/>\n<meta name=\"twitter:label1\" content=\"Est. reading time\" \/>\n\t<meta name=\"twitter:data1\" content=\"1 minute\" \/>\n<script type=\"application\/ld+json\" class=\"yoast-schema-graph\">{\"@context\":\"https:\\\/\\\/schema.org\",\"@graph\":[{\"@type\":\"WebPage\",\"@id\":\"https:\\\/\\\/moitoarchery.com\\\/en\\\/product\\\/tornillo-de-bloqueo-para-tornillo-de-pala-kinetic-m6\\\/\",\"url\":\"https:\\\/\\\/moitoarchery.com\\\/en\\\/product\\\/tornillo-de-bloqueo-para-tornillo-de-pala-kinetic-m6\\\/\",\"name\":\"Tornillo de Bloqueo para Tornillo de Pala Kinetic M6 - MoitoArchery\",\"isPartOf\":{\"@id\":\"https:\\\/\\\/moitoarchery.com\\\/en\\\/#website\"},\"primaryImageOfPage\":{\"@id\":\"https:\\\/\\\/moitoarchery.com\\\/en\\\/product\\\/tornillo-de-bloqueo-para-tornillo-de-pala-kinetic-m6\\\/#primaryimage\"},\"image\":{\"@id\":\"https:\\\/\\\/moitoarchery.com\\\/en\\\/product\\\/tornillo-de-bloqueo-para-tornillo-de-pala-kinetic-m6\\\/#primaryimage\"},\"thumbnailUrl\":\"https:\\\/\\\/moitoarchery.com\\\/wp-content\\\/uploads\\\/2025\\\/08\\\/Tornillo-de-Bloqueo-para-Tornillo-de-Pala-Kinetic-M6.jpg\",\"datePublished\":\"2025-08-20T08:30:58+00:00\",\"dateModified\":\"2026-04-16T09:20:51+00:00\",\"description\":\"Garantiza una alineaci\u00f3n constante y segura de las palas con el tornillo de bloqueo Kinetic M6, dise\u00f1ado como repuesto original para los cuerpos recurvos Kinetic Arios y Novius. Este tornillo fija el tornillo principal de la pala en su lugar, evitando movimientos indeseados y asegurando una configuraci\u00f3n estable en cada disparo.Caracter\u00edsticas Principales:Bloqueo Seguro del Tornillo de Pala: Evita el desplazamiento y mantiene la alineaci\u00f3n precisaDise\u00f1o Resistente: Construido para soportar un uso intensivo y prolongadoCompatibilidad Total: Repuesto original para los cuerpos Kinetic Arios y NoviusInstalaci\u00f3n Sencilla: Sustituci\u00f3n directa con rosca M6\",\"breadcrumb\":{\"@id\":\"https:\\\/\\\/moitoarchery.com\\\/en\\\/product\\\/tornillo-de-bloqueo-para-tornillo-de-pala-kinetic-m6\\\/#breadcrumb\"},\"inLanguage\":\"en-US\",\"potentialAction\":[{\"@type\":\"ReadAction\",\"target\":[\"https:\\\/\\\/moitoarchery.com\\\/en\\\/product\\\/tornillo-de-bloqueo-para-tornillo-de-pala-kinetic-m6\\\/\"]}]},{\"@type\":\"ImageObject\",\"inLanguage\":\"en-US\",\"@id\":\"https:\\\/\\\/moitoarchery.com\\\/en\\\/product\\\/tornillo-de-bloqueo-para-tornillo-de-pala-kinetic-m6\\\/#primaryimage\",\"url\":\"https:\\\/\\\/moitoarchery.com\\\/wp-content\\\/uploads\\\/2025\\\/08\\\/Tornillo-de-Bloqueo-para-Tornillo-de-Pala-Kinetic-M6.jpg\",\"contentUrl\":\"https:\\\/\\\/moitoarchery.com\\\/wp-content\\\/uploads\\\/2025\\\/08\\\/Tornillo-de-Bloqueo-para-Tornillo-de-Pala-Kinetic-M6.jpg\",\"width\":800,\"height\":800,\"caption\":\"Tornillo de Bloqueo para Tornillo de Pala Kinetic M6\"},{\"@type\":\"BreadcrumbList\",\"@id\":\"https:\\\/\\\/moitoarchery.com\\\/en\\\/product\\\/tornillo-de-bloqueo-para-tornillo-de-pala-kinetic-m6\\\/#breadcrumb\",\"itemListElement\":[{\"@type\":\"ListItem\",\"position\":1,\"name\":\"Portada\",\"item\":\"https:\\\/\\\/moitoarchery.com\\\/en\\\/\"},{\"@type\":\"ListItem\",\"position\":2,\"name\":\"Shop\",\"item\":\"https:\\\/\\\/moitoarchery.com\\\/en\\\/shop\\\/\"},{\"@type\":\"ListItem\",\"position\":3,\"name\":\"Tornillo de Bloqueo para Tornillo de Pala Kinetic M6\"}]},{\"@type\":\"WebSite\",\"@id\":\"https:\\\/\\\/moitoarchery.com\\\/en\\\/#website\",\"url\":\"https:\\\/\\\/moitoarchery.com\\\/en\\\/\",\"name\":\"MoitoArchery\",\"description\":\"Tienda de Tiro con arco\",\"publisher\":{\"@id\":\"https:\\\/\\\/moitoarchery.com\\\/en\\\/#organization\"},\"potentialAction\":[{\"@type\":\"SearchAction\",\"target\":{\"@type\":\"EntryPoint\",\"urlTemplate\":\"https:\\\/\\\/moitoarchery.com\\\/en\\\/?s={search_term_string}\"},\"query-input\":{\"@type\":\"PropertyValueSpecification\",\"valueRequired\":true,\"valueName\":\"search_term_string\"}}],\"inLanguage\":\"en-US\"},{\"@type\":\"Organization\",\"@id\":\"https:\\\/\\\/moitoarchery.com\\\/en\\\/#organization\",\"name\":\"MoitoArchery\",\"url\":\"https:\\\/\\\/moitoarchery.com\\\/en\\\/\",\"logo\":{\"@type\":\"ImageObject\",\"inLanguage\":\"en-US\",\"@id\":\"https:\\\/\\\/moitoarchery.com\\\/en\\\/#\\\/schema\\\/logo\\\/image\\\/\",\"url\":\"https:\\\/\\\/moitoarchery.com\\\/wp-content\\\/uploads\\\/2020\\\/09\\\/logotipo-moitoarchery.png\",\"contentUrl\":\"https:\\\/\\\/moitoarchery.com\\\/wp-content\\\/uploads\\\/2020\\\/09\\\/logotipo-moitoarchery.png\",\"width\":300,\"height\":66,\"caption\":\"MoitoArchery\"},\"image\":{\"@id\":\"https:\\\/\\\/moitoarchery.com\\\/en\\\/#\\\/schema\\\/logo\\\/image\\\/\"},\"sameAs\":[\"https:\\\/\\\/www.facebook.com\\\/arqueriaOnline\\\/\",\"https:\\\/\\\/www.instagram.com\\\/moitoarchery\\\/\",\"https:\\\/\\\/www.youtube.com\\\/channel\\\/UCvmj39gVUIKVoJJ6vQC9GPA\\\/\"]}]}<\/script>\n<!-- \/ Yoast SEO plugin. -->","yoast_head_json":{"title":"Tornillo de Bloqueo para Tornillo de Pala Kinetic M6 - MoitoArchery","description":"Garantiza una alineaci\u00f3n constante y segura de las palas con el tornillo de bloqueo Kinetic M6, dise\u00f1ado como repuesto original para los cuerpos recurvos Kinetic Arios y Novius. Este tornillo fija el tornillo principal de la pala en su lugar, evitando movimientos indeseados y asegurando una configuraci\u00f3n estable en cada disparo.Caracter\u00edsticas Principales:Bloqueo Seguro del Tornillo de Pala: Evita el desplazamiento y mantiene la alineaci\u00f3n precisaDise\u00f1o Resistente: Construido para soportar un uso intensivo y prolongadoCompatibilidad Total: Repuesto original para los cuerpos Kinetic Arios y NoviusInstalaci\u00f3n Sencilla: Sustituci\u00f3n directa con rosca M6","robots":{"index":"index","follow":"follow","max-snippet":"max-snippet:-1","max-image-preview":"max-image-preview:large","max-video-preview":"max-video-preview:-1"},"canonical":"https:\/\/moitoarchery.com\/en\/product\/tornillo-de-bloqueo-para-tornillo-de-pala-kinetic-m6\/","og_locale":"en_US","og_type":"article","og_title":"Tornillo de Bloqueo para Tornillo de Pala Kinetic M6 - MoitoArchery","og_description":"Garantiza una alineaci\u00f3n constante y segura de las palas con el tornillo de bloqueo Kinetic M6, dise\u00f1ado como repuesto original para los cuerpos recurvos Kinetic Arios y Novius. Este tornillo fija el tornillo principal de la pala en su lugar, evitando movimientos indeseados y asegurando una configuraci\u00f3n estable en cada disparo.Caracter\u00edsticas Principales:Bloqueo Seguro del Tornillo de Pala: Evita el desplazamiento y mantiene la alineaci\u00f3n precisaDise\u00f1o Resistente: Construido para soportar un uso intensivo y prolongadoCompatibilidad Total: Repuesto original para los cuerpos Kinetic Arios y NoviusInstalaci\u00f3n Sencilla: Sustituci\u00f3n directa con rosca M6","og_url":"https:\/\/moitoarchery.com\/en\/product\/tornillo-de-bloqueo-para-tornillo-de-pala-kinetic-m6\/","og_site_name":"MoitoArchery","article_publisher":"https:\/\/www.facebook.com\/arqueriaOnline\/","article_modified_time":"2026-04-16T09:20:51+00:00","og_image":[{"width":800,"height":800,"url":"https:\/\/moitoarchery.com\/wp-content\/uploads\/2025\/08\/Tornillo-de-Bloqueo-para-Tornillo-de-Pala-Kinetic-M6.jpg","type":"image\/jpeg"}],"twitter_card":"summary_large_image","twitter_misc":{"Est. reading time":"1 minute"},"schema":{"@context":"https:\/\/schema.org","@graph":[{"@type":"WebPage","@id":"https:\/\/moitoarchery.com\/en\/product\/tornillo-de-bloqueo-para-tornillo-de-pala-kinetic-m6\/","url":"https:\/\/moitoarchery.com\/en\/product\/tornillo-de-bloqueo-para-tornillo-de-pala-kinetic-m6\/","name":"Tornillo de Bloqueo para Tornillo de Pala Kinetic M6 - MoitoArchery","isPartOf":{"@id":"https:\/\/moitoarchery.com\/en\/#website"},"primaryImageOfPage":{"@id":"https:\/\/moitoarchery.com\/en\/product\/tornillo-de-bloqueo-para-tornillo-de-pala-kinetic-m6\/#primaryimage"},"image":{"@id":"https:\/\/moitoarchery.com\/en\/product\/tornillo-de-bloqueo-para-tornillo-de-pala-kinetic-m6\/#primaryimage"},"thumbnailUrl":"https:\/\/moitoarchery.com\/wp-content\/uploads\/2025\/08\/Tornillo-de-Bloqueo-para-Tornillo-de-Pala-Kinetic-M6.jpg","datePublished":"2025-08-20T08:30:58+00:00","dateModified":"2026-04-16T09:20:51+00:00","description":"Garantiza una alineaci\u00f3n constante y segura de las palas con el tornillo de bloqueo Kinetic M6, dise\u00f1ado como repuesto original para los cuerpos recurvos Kinetic Arios y Novius. Este tornillo fija el tornillo principal de la pala en su lugar, evitando movimientos indeseados y asegurando una configuraci\u00f3n estable en cada disparo.Caracter\u00edsticas Principales:Bloqueo Seguro del Tornillo de Pala: Evita el desplazamiento y mantiene la alineaci\u00f3n precisaDise\u00f1o Resistente: Construido para soportar un uso intensivo y prolongadoCompatibilidad Total: Repuesto original para los cuerpos Kinetic Arios y NoviusInstalaci\u00f3n Sencilla: Sustituci\u00f3n directa con rosca M6","breadcrumb":{"@id":"https:\/\/moitoarchery.com\/en\/product\/tornillo-de-bloqueo-para-tornillo-de-pala-kinetic-m6\/#breadcrumb"},"inLanguage":"en-US","potentialAction":[{"@type":"ReadAction","target":["https:\/\/moitoarchery.com\/en\/product\/tornillo-de-bloqueo-para-tornillo-de-pala-kinetic-m6\/"]}]},{"@type":"ImageObject","inLanguage":"en-US","@id":"https:\/\/moitoarchery.com\/en\/product\/tornillo-de-bloqueo-para-tornillo-de-pala-kinetic-m6\/#primaryimage","url":"https:\/\/moitoarchery.com\/wp-content\/uploads\/2025\/08\/Tornillo-de-Bloqueo-para-Tornillo-de-Pala-Kinetic-M6.jpg","contentUrl":"https:\/\/moitoarchery.com\/wp-content\/uploads\/2025\/08\/Tornillo-de-Bloqueo-para-Tornillo-de-Pala-Kinetic-M6.jpg","width":800,"height":800,"caption":"Tornillo de Bloqueo para Tornillo de Pala Kinetic M6"},{"@type":"BreadcrumbList","@id":"https:\/\/moitoarchery.com\/en\/product\/tornillo-de-bloqueo-para-tornillo-de-pala-kinetic-m6\/#breadcrumb","itemListElement":[{"@type":"ListItem","position":1,"name":"Portada","item":"https:\/\/moitoarchery.com\/en\/"},{"@type":"ListItem","position":2,"name":"Shop","item":"https:\/\/moitoarchery.com\/en\/shop\/"},{"@type":"ListItem","position":3,"name":"Tornillo de Bloqueo para Tornillo de Pala Kinetic M6"}]},{"@type":"WebSite","@id":"https:\/\/moitoarchery.com\/en\/#website","url":"https:\/\/moitoarchery.com\/en\/","name":"MoitoArchery","description":"Tienda de Tiro con arco","publisher":{"@id":"https:\/\/moitoarchery.com\/en\/#organization"},"potentialAction":[{"@type":"SearchAction","target":{"@type":"EntryPoint","urlTemplate":"https:\/\/moitoarchery.com\/en\/?s={search_term_string}"},"query-input":{"@type":"PropertyValueSpecification","valueRequired":true,"valueName":"search_term_string"}}],"inLanguage":"en-US"},{"@type":"Organization","@id":"https:\/\/moitoarchery.com\/en\/#organization","name":"MoitoArchery","url":"https:\/\/moitoarchery.com\/en\/","logo":{"@type":"ImageObject","inLanguage":"en-US","@id":"https:\/\/moitoarchery.com\/en\/#\/schema\/logo\/image\/","url":"https:\/\/moitoarchery.com\/wp-content\/uploads\/2020\/09\/logotipo-moitoarchery.png","contentUrl":"https:\/\/moitoarchery.com\/wp-content\/uploads\/2020\/09\/logotipo-moitoarchery.png","width":300,"height":66,"caption":"MoitoArchery"},"image":{"@id":"https:\/\/moitoarchery.com\/en\/#\/schema\/logo\/image\/"},"sameAs":["https:\/\/www.facebook.com\/arqueriaOnline\/","https:\/\/www.instagram.com\/moitoarchery\/","https:\/\/www.youtube.com\/channel\/UCvmj39gVUIKVoJJ6vQC9GPA\/"]}]}},"_links":{"self":[{"href":"https:\/\/moitoarchery.com\/en\/wp-json\/wp\/v2\/product\/96303","targetHints":{"allow":["GET"]}}],"collection":[{"href":"https:\/\/moitoarchery.com\/en\/wp-json\/wp\/v2\/product"}],"about":[{"href":"https:\/\/moitoarchery.com\/en\/wp-json\/wp\/v2\/types\/product"}],"replies":[{"embeddable":true,"href":"https:\/\/moitoarchery.com\/en\/wp-json\/wp\/v2\/comments?post=96303"}],"version-history":[{"count":1,"href":"https:\/\/moitoarchery.com\/en\/wp-json\/wp\/v2\/product\/96303\/revisions"}],"predecessor-version":[{"id":132666,"href":"https:\/\/moitoarchery.com\/en\/wp-json\/wp\/v2\/product\/96303\/revisions\/132666"}],"wp:featuredmedia":[{"embeddable":true,"href":"https:\/\/moitoarchery.com\/en\/wp-json\/wp\/v2\/media\/96310"}],"wp:attachment":[{"href":"https:\/\/moitoarchery.com\/en\/wp-json\/wp\/v2\/media?parent=96303"}],"wp:term":[{"taxonomy":"product_brand","embeddable":true,"href":"https:\/\/moitoarchery.com\/en\/wp-json\/wp\/v2\/product_brand?post=96303"},{"taxonomy":"product_cat","embeddable":true,"href":"https:\/\/moitoarchery.com\/en\/wp-json\/wp\/v2\/product_cat?post=96303"},{"taxonomy":"product_tag","embeddable":true,"href":"https:\/\/moitoarchery.com\/en\/wp-json\/wp\/v2\/product_tag?post=96303"}],"curies":[{"name":"wp","href":"https:\/\/api.w.org\/{rel}","templated":true}]}}