{"id":96261,"date":"2025-08-20T10:08:23","date_gmt":"2025-08-20T08:08:23","guid":{"rendered":"https:\/\/moitoarchery.com\/?post_type=product&#038;p=96261"},"modified":"2026-04-22T12:41:23","modified_gmt":"2026-04-22T10:41:23","slug":"tornillos-de-alineacion-interna-kinetic-ember-4-u","status":"publish","type":"product","link":"https:\/\/moitoarchery.com\/en\/product\/tornillos-de-alineacion-interna-kinetic-ember-4-u\/","title":{"rendered":"Tornillos de Alineaci\u00f3n Interna Kinetic Ember (4 u)"},"content":{"rendered":"<p data-start=\"290\" data-end=\"658\">Optimiza el rendimiento de tu arco recurvo con el <strong data-start=\"340\" data-end=\"398\">set de 4 tornillos de alineaci\u00f3n interna Kinetic Ember<\/strong>, dise\u00f1ados espec\u00edficamente para garantizar una alineaci\u00f3n precisa de las palas en los cuerpos Kinetic Ember. Estas piezas son fundamentales para mantener una posici\u00f3n adecuada de las palas, logrando una configuraci\u00f3n estable, afinada y precisa en cada disparo.<\/p>\n<h4 data-start=\"660\" data-end=\"693\">Caracter\u00edsticas Principales:<\/h4>\n<ul data-start=\"694\" data-end=\"1100\">\n<li data-start=\"694\" data-end=\"772\">\n<p data-start=\"696\" data-end=\"772\"><strong data-start=\"696\" data-end=\"718\">Alineaci\u00f3n Precisa<\/strong>: Permite ajustar finamente la posici\u00f3n de las palas<\/p>\n<\/li>\n<li data-start=\"773\" data-end=\"857\">\n<p data-start=\"775\" data-end=\"857\"><strong data-start=\"775\" data-end=\"799\">Compatibilidad Total<\/strong>: Dise\u00f1ados exclusivamente para los cuerpos Kinetic Ember<\/p>\n<\/li>\n<li data-start=\"858\" data-end=\"938\">\n<p data-start=\"860\" data-end=\"938\"><strong data-start=\"860\" data-end=\"887\">Construcci\u00f3n Resistente<\/strong>: Hechos en acero duradero para ajustes repetidos<\/p>\n<\/li>\n<li data-start=\"939\" data-end=\"1026\">\n<p data-start=\"941\" data-end=\"1026\"><strong data-start=\"941\" data-end=\"968\">Rendimiento Consistente<\/strong>: Ideal para arqueros que buscan precisi\u00f3n y estabilidad<\/p>\n<\/li>\n<li data-start=\"1027\" data-end=\"1100\">\n<p data-start=\"1029\" data-end=\"1100\"><strong data-start=\"1029\" data-end=\"1050\">F\u00e1cil Instalaci\u00f3n<\/strong>: Sustituci\u00f3n sencilla con herramientas est\u00e1ndar<\/p>\n<\/li>\n<\/ul>\n<h4 data-start=\"1102\" data-end=\"1133\">Especificaciones T\u00e9cnicas:<\/h4>\n<ul data-start=\"1134\" data-end=\"1326\">\n<li data-start=\"1134\" data-end=\"1178\">\n<p data-start=\"1136\" data-end=\"1178\"><strong data-start=\"1136\" data-end=\"1154\">Compatibilidad<\/strong>: Cuerpos Kinetic Ember<\/p>\n<\/li>\n<li data-start=\"1179\" data-end=\"1261\">\n<p data-start=\"1181\" data-end=\"1261\"><strong data-start=\"1181\" data-end=\"1192\">Funci\u00f3n<\/strong>: Tornillo interno de alineaci\u00f3n para el sistema de encaje de palas<\/p>\n<\/li>\n<li data-start=\"1262\" data-end=\"1285\">\n<p data-start=\"1264\" data-end=\"1285\"><strong data-start=\"1264\" data-end=\"1276\">Material<\/strong>: Acero<\/p>\n<\/li>\n<li data-start=\"1286\" data-end=\"1326\">\n<p data-start=\"1288\" data-end=\"1326\"><strong data-start=\"1288\" data-end=\"1300\">Cantidad<\/strong>: 4 unidades por paquete<\/p>\n<\/li>\n<\/ul>\n","protected":false},"excerpt":{"rendered":"<p data-start=\"290\" data-end=\"658\">Optimiza el rendimiento de tu arco recurvo con el <strong data-start=\"340\" data-end=\"398\">set de 4 tornillos de alineaci\u00f3n interna Kinetic Ember<\/strong>, dise\u00f1ados espec\u00edficamente para garantizar una alineaci\u00f3n precisa de las palas en los cuerpos Kinetic Ember. Estas piezas son fundamentales para mantener una posici\u00f3n adecuada de las palas, logrando una configuraci\u00f3n estable, afinada y precisa en cada disparo.<\/p>\n<h4 data-start=\"660\" data-end=\"693\">Caracter\u00edsticas Principales:<\/h4>\n<ul data-start=\"694\" data-end=\"1100\">\n<li data-start=\"694\" data-end=\"772\">\n<p data-start=\"696\" data-end=\"772\"><strong data-start=\"696\" data-end=\"718\">Alineaci\u00f3n Precisa<\/strong>: Permite ajustar finamente la posici\u00f3n de las palas<\/p>\n<\/li>\n<li data-start=\"773\" data-end=\"857\">\n<p data-start=\"775\" data-end=\"857\"><strong data-start=\"775\" data-end=\"799\">Compatibilidad Total<\/strong>: Dise\u00f1ados exclusivamente para los cuerpos Kinetic Ember<\/p>\n<\/li>\n<li data-start=\"858\" data-end=\"938\">\n<p data-start=\"860\" data-end=\"938\"><strong data-start=\"860\" data-end=\"887\">Construcci\u00f3n Resistente<\/strong>: Hechos en acero duradero para ajustes repetidos<\/p>\n<\/li>\n<li data-start=\"939\" data-end=\"1026\">\n<p data-start=\"941\" data-end=\"1026\"><strong data-start=\"941\" data-end=\"968\">Rendimiento Consistente<\/strong>: Ideal para arqueros que buscan precisi\u00f3n y estabilidad<\/p>\n<\/li>\n<li data-start=\"1027\" data-end=\"1100\">\n<p data-start=\"1029\" data-end=\"1100\"><strong data-start=\"1029\" data-end=\"1050\">F\u00e1cil Instalaci\u00f3n<\/strong>: Sustituci\u00f3n sencilla con herramientas est\u00e1ndar<\/p>\n<\/li>\n<\/ul>\n","protected":false},"featured_media":96274,"comment_status":"open","ping_status":"closed","template":"","meta":{"_acf_changed":false},"product_brand":[4049],"product_cat":[105,1550],"product_tag":[],"class_list":{"0":"post-96261","1":"product","2":"type-product","3":"status-publish","4":"has-post-thumbnail","6":"product_brand-kinetic","7":"product_cat-arcos","8":"product_cat-partes-de-recurvo","10":"first","11":"instock","12":"taxable","13":"shipping-taxable","14":"purchasable","15":"product-type-simple"},"acf":[],"yoast_head":"<!-- This site is optimized with the Yoast SEO plugin v27.3 - https:\/\/yoast.com\/product\/yoast-seo-wordpress\/ -->\n<title>Tornillos de Alineaci\u00f3n Interna Kinetic Ember (4 u) - MoitoArchery<\/title>\n<meta name=\"description\" content=\"Optimiza el rendimiento de tu arco recurvo con el set de 4 tornillos de alineaci\u00f3n interna Kinetic Ember, dise\u00f1ados espec\u00edficamente para garantizar una alineaci\u00f3n precisa de las palas en los cuerpos Kinetic Ember. Estas piezas son fundamentales para mantener una posici\u00f3n adecuada de las palas, logrando una configuraci\u00f3n estable, afinada y precisa en cada disparo.Caracter\u00edsticas Principales:Alineaci\u00f3n Precisa: Permite ajustar finamente la posici\u00f3n de las palasCompatibilidad Total: Dise\u00f1ados exclusivamente para los cuerpos Kinetic EmberConstrucci\u00f3n Resistente: Hechos en acero duradero para ajustes repetidosRendimiento Consistente: Ideal para arqueros que buscan precisi\u00f3n y estabilidadF\u00e1cil Instalaci\u00f3n: Sustituci\u00f3n sencilla con herramientas est\u00e1ndar\" \/>\n<meta name=\"robots\" content=\"index, follow, max-snippet:-1, max-image-preview:large, max-video-preview:-1\" \/>\n<link rel=\"canonical\" href=\"https:\/\/moitoarchery.com\/en\/product\/tornillos-de-alineacion-interna-kinetic-ember-4-u\/\" \/>\n<meta property=\"og:locale\" content=\"en_US\" \/>\n<meta property=\"og:type\" content=\"article\" \/>\n<meta property=\"og:title\" content=\"Tornillos de Alineaci\u00f3n Interna Kinetic Ember (4 u) - MoitoArchery\" \/>\n<meta property=\"og:description\" content=\"Optimiza el rendimiento de tu arco recurvo con el set de 4 tornillos de alineaci\u00f3n interna Kinetic Ember, dise\u00f1ados espec\u00edficamente para garantizar una alineaci\u00f3n precisa de las palas en los cuerpos Kinetic Ember. Estas piezas son fundamentales para mantener una posici\u00f3n adecuada de las palas, logrando una configuraci\u00f3n estable, afinada y precisa en cada disparo.Caracter\u00edsticas Principales:Alineaci\u00f3n Precisa: Permite ajustar finamente la posici\u00f3n de las palasCompatibilidad Total: Dise\u00f1ados exclusivamente para los cuerpos Kinetic EmberConstrucci\u00f3n Resistente: Hechos en acero duradero para ajustes repetidosRendimiento Consistente: Ideal para arqueros que buscan precisi\u00f3n y estabilidadF\u00e1cil Instalaci\u00f3n: Sustituci\u00f3n sencilla con herramientas est\u00e1ndar\" \/>\n<meta property=\"og:url\" content=\"https:\/\/moitoarchery.com\/en\/product\/tornillos-de-alineacion-interna-kinetic-ember-4-u\/\" \/>\n<meta property=\"og:site_name\" content=\"MoitoArchery\" \/>\n<meta property=\"article:publisher\" content=\"https:\/\/www.facebook.com\/arqueriaOnline\/\" \/>\n<meta property=\"article:modified_time\" content=\"2026-04-22T10:41:23+00:00\" \/>\n<meta property=\"og:image\" content=\"https:\/\/moitoarchery.com\/wp-content\/uploads\/2025\/08\/Tornillos-alineacion-ember-kinetic.jpg\" \/>\n\t<meta property=\"og:image:width\" content=\"800\" \/>\n\t<meta property=\"og:image:height\" content=\"800\" \/>\n\t<meta property=\"og:image:type\" content=\"image\/jpeg\" \/>\n<meta name=\"twitter:card\" content=\"summary_large_image\" \/>\n<meta name=\"twitter:label1\" content=\"Est. reading time\" \/>\n\t<meta name=\"twitter:data1\" content=\"1 minute\" \/>\n<script type=\"application\/ld+json\" class=\"yoast-schema-graph\">{\"@context\":\"https:\\\/\\\/schema.org\",\"@graph\":[{\"@type\":\"WebPage\",\"@id\":\"https:\\\/\\\/moitoarchery.com\\\/en\\\/product\\\/tornillos-de-alineacion-interna-kinetic-ember-4-u\\\/\",\"url\":\"https:\\\/\\\/moitoarchery.com\\\/en\\\/product\\\/tornillos-de-alineacion-interna-kinetic-ember-4-u\\\/\",\"name\":\"Tornillos de Alineaci\u00f3n Interna Kinetic Ember (4 u) - MoitoArchery\",\"isPartOf\":{\"@id\":\"https:\\\/\\\/moitoarchery.com\\\/en\\\/#website\"},\"primaryImageOfPage\":{\"@id\":\"https:\\\/\\\/moitoarchery.com\\\/en\\\/product\\\/tornillos-de-alineacion-interna-kinetic-ember-4-u\\\/#primaryimage\"},\"image\":{\"@id\":\"https:\\\/\\\/moitoarchery.com\\\/en\\\/product\\\/tornillos-de-alineacion-interna-kinetic-ember-4-u\\\/#primaryimage\"},\"thumbnailUrl\":\"https:\\\/\\\/moitoarchery.com\\\/wp-content\\\/uploads\\\/2025\\\/08\\\/Tornillos-alineacion-ember-kinetic.jpg\",\"datePublished\":\"2025-08-20T08:08:23+00:00\",\"dateModified\":\"2026-04-22T10:41:23+00:00\",\"description\":\"Optimiza el rendimiento de tu arco recurvo con el set de 4 tornillos de alineaci\u00f3n interna Kinetic Ember, dise\u00f1ados espec\u00edficamente para garantizar una alineaci\u00f3n precisa de las palas en los cuerpos Kinetic Ember. Estas piezas son fundamentales para mantener una posici\u00f3n adecuada de las palas, logrando una configuraci\u00f3n estable, afinada y precisa en cada disparo.Caracter\u00edsticas Principales:Alineaci\u00f3n Precisa: Permite ajustar finamente la posici\u00f3n de las palasCompatibilidad Total: Dise\u00f1ados exclusivamente para los cuerpos Kinetic EmberConstrucci\u00f3n Resistente: Hechos en acero duradero para ajustes repetidosRendimiento Consistente: Ideal para arqueros que buscan precisi\u00f3n y estabilidadF\u00e1cil Instalaci\u00f3n: Sustituci\u00f3n sencilla con herramientas est\u00e1ndar\",\"breadcrumb\":{\"@id\":\"https:\\\/\\\/moitoarchery.com\\\/en\\\/product\\\/tornillos-de-alineacion-interna-kinetic-ember-4-u\\\/#breadcrumb\"},\"inLanguage\":\"en-US\",\"potentialAction\":[{\"@type\":\"ReadAction\",\"target\":[\"https:\\\/\\\/moitoarchery.com\\\/en\\\/product\\\/tornillos-de-alineacion-interna-kinetic-ember-4-u\\\/\"]}]},{\"@type\":\"ImageObject\",\"inLanguage\":\"en-US\",\"@id\":\"https:\\\/\\\/moitoarchery.com\\\/en\\\/product\\\/tornillos-de-alineacion-interna-kinetic-ember-4-u\\\/#primaryimage\",\"url\":\"https:\\\/\\\/moitoarchery.com\\\/wp-content\\\/uploads\\\/2025\\\/08\\\/Tornillos-alineacion-ember-kinetic.jpg\",\"contentUrl\":\"https:\\\/\\\/moitoarchery.com\\\/wp-content\\\/uploads\\\/2025\\\/08\\\/Tornillos-alineacion-ember-kinetic.jpg\",\"width\":800,\"height\":800,\"caption\":\"Tornillos de Alineaci\u00f3n Interna Kinetic Ember (4 u)\"},{\"@type\":\"BreadcrumbList\",\"@id\":\"https:\\\/\\\/moitoarchery.com\\\/en\\\/product\\\/tornillos-de-alineacion-interna-kinetic-ember-4-u\\\/#breadcrumb\",\"itemListElement\":[{\"@type\":\"ListItem\",\"position\":1,\"name\":\"Portada\",\"item\":\"https:\\\/\\\/moitoarchery.com\\\/en\\\/\"},{\"@type\":\"ListItem\",\"position\":2,\"name\":\"Shop\",\"item\":\"https:\\\/\\\/moitoarchery.com\\\/en\\\/shop\\\/\"},{\"@type\":\"ListItem\",\"position\":3,\"name\":\"Tornillos de Alineaci\u00f3n Interna Kinetic Ember (4 u)\"}]},{\"@type\":\"WebSite\",\"@id\":\"https:\\\/\\\/moitoarchery.com\\\/en\\\/#website\",\"url\":\"https:\\\/\\\/moitoarchery.com\\\/en\\\/\",\"name\":\"MoitoArchery\",\"description\":\"Tienda de Tiro con arco\",\"publisher\":{\"@id\":\"https:\\\/\\\/moitoarchery.com\\\/en\\\/#organization\"},\"potentialAction\":[{\"@type\":\"SearchAction\",\"target\":{\"@type\":\"EntryPoint\",\"urlTemplate\":\"https:\\\/\\\/moitoarchery.com\\\/en\\\/?s={search_term_string}\"},\"query-input\":{\"@type\":\"PropertyValueSpecification\",\"valueRequired\":true,\"valueName\":\"search_term_string\"}}],\"inLanguage\":\"en-US\"},{\"@type\":\"Organization\",\"@id\":\"https:\\\/\\\/moitoarchery.com\\\/en\\\/#organization\",\"name\":\"MoitoArchery\",\"url\":\"https:\\\/\\\/moitoarchery.com\\\/en\\\/\",\"logo\":{\"@type\":\"ImageObject\",\"inLanguage\":\"en-US\",\"@id\":\"https:\\\/\\\/moitoarchery.com\\\/en\\\/#\\\/schema\\\/logo\\\/image\\\/\",\"url\":\"https:\\\/\\\/moitoarchery.com\\\/wp-content\\\/uploads\\\/2020\\\/09\\\/logotipo-moitoarchery.png\",\"contentUrl\":\"https:\\\/\\\/moitoarchery.com\\\/wp-content\\\/uploads\\\/2020\\\/09\\\/logotipo-moitoarchery.png\",\"width\":300,\"height\":66,\"caption\":\"MoitoArchery\"},\"image\":{\"@id\":\"https:\\\/\\\/moitoarchery.com\\\/en\\\/#\\\/schema\\\/logo\\\/image\\\/\"},\"sameAs\":[\"https:\\\/\\\/www.facebook.com\\\/arqueriaOnline\\\/\",\"https:\\\/\\\/www.instagram.com\\\/moitoarchery\\\/\",\"https:\\\/\\\/www.youtube.com\\\/channel\\\/UCvmj39gVUIKVoJJ6vQC9GPA\\\/\"]}]}<\/script>\n<!-- \/ Yoast SEO plugin. -->","yoast_head_json":{"title":"Tornillos de Alineaci\u00f3n Interna Kinetic Ember (4 u) - MoitoArchery","description":"Optimiza el rendimiento de tu arco recurvo con el set de 4 tornillos de alineaci\u00f3n interna Kinetic Ember, dise\u00f1ados espec\u00edficamente para garantizar una alineaci\u00f3n precisa de las palas en los cuerpos Kinetic Ember. Estas piezas son fundamentales para mantener una posici\u00f3n adecuada de las palas, logrando una configuraci\u00f3n estable, afinada y precisa en cada disparo.Caracter\u00edsticas Principales:Alineaci\u00f3n Precisa: Permite ajustar finamente la posici\u00f3n de las palasCompatibilidad Total: Dise\u00f1ados exclusivamente para los cuerpos Kinetic EmberConstrucci\u00f3n Resistente: Hechos en acero duradero para ajustes repetidosRendimiento Consistente: Ideal para arqueros que buscan precisi\u00f3n y estabilidadF\u00e1cil Instalaci\u00f3n: Sustituci\u00f3n sencilla con herramientas est\u00e1ndar","robots":{"index":"index","follow":"follow","max-snippet":"max-snippet:-1","max-image-preview":"max-image-preview:large","max-video-preview":"max-video-preview:-1"},"canonical":"https:\/\/moitoarchery.com\/en\/product\/tornillos-de-alineacion-interna-kinetic-ember-4-u\/","og_locale":"en_US","og_type":"article","og_title":"Tornillos de Alineaci\u00f3n Interna Kinetic Ember (4 u) - MoitoArchery","og_description":"Optimiza el rendimiento de tu arco recurvo con el set de 4 tornillos de alineaci\u00f3n interna Kinetic Ember, dise\u00f1ados espec\u00edficamente para garantizar una alineaci\u00f3n precisa de las palas en los cuerpos Kinetic Ember. Estas piezas son fundamentales para mantener una posici\u00f3n adecuada de las palas, logrando una configuraci\u00f3n estable, afinada y precisa en cada disparo.Caracter\u00edsticas Principales:Alineaci\u00f3n Precisa: Permite ajustar finamente la posici\u00f3n de las palasCompatibilidad Total: Dise\u00f1ados exclusivamente para los cuerpos Kinetic EmberConstrucci\u00f3n Resistente: Hechos en acero duradero para ajustes repetidosRendimiento Consistente: Ideal para arqueros que buscan precisi\u00f3n y estabilidadF\u00e1cil Instalaci\u00f3n: Sustituci\u00f3n sencilla con herramientas est\u00e1ndar","og_url":"https:\/\/moitoarchery.com\/en\/product\/tornillos-de-alineacion-interna-kinetic-ember-4-u\/","og_site_name":"MoitoArchery","article_publisher":"https:\/\/www.facebook.com\/arqueriaOnline\/","article_modified_time":"2026-04-22T10:41:23+00:00","og_image":[{"width":800,"height":800,"url":"https:\/\/moitoarchery.com\/wp-content\/uploads\/2025\/08\/Tornillos-alineacion-ember-kinetic.jpg","type":"image\/jpeg"}],"twitter_card":"summary_large_image","twitter_misc":{"Est. reading time":"1 minute"},"schema":{"@context":"https:\/\/schema.org","@graph":[{"@type":"WebPage","@id":"https:\/\/moitoarchery.com\/en\/product\/tornillos-de-alineacion-interna-kinetic-ember-4-u\/","url":"https:\/\/moitoarchery.com\/en\/product\/tornillos-de-alineacion-interna-kinetic-ember-4-u\/","name":"Tornillos de Alineaci\u00f3n Interna Kinetic Ember (4 u) - MoitoArchery","isPartOf":{"@id":"https:\/\/moitoarchery.com\/en\/#website"},"primaryImageOfPage":{"@id":"https:\/\/moitoarchery.com\/en\/product\/tornillos-de-alineacion-interna-kinetic-ember-4-u\/#primaryimage"},"image":{"@id":"https:\/\/moitoarchery.com\/en\/product\/tornillos-de-alineacion-interna-kinetic-ember-4-u\/#primaryimage"},"thumbnailUrl":"https:\/\/moitoarchery.com\/wp-content\/uploads\/2025\/08\/Tornillos-alineacion-ember-kinetic.jpg","datePublished":"2025-08-20T08:08:23+00:00","dateModified":"2026-04-22T10:41:23+00:00","description":"Optimiza el rendimiento de tu arco recurvo con el set de 4 tornillos de alineaci\u00f3n interna Kinetic Ember, dise\u00f1ados espec\u00edficamente para garantizar una alineaci\u00f3n precisa de las palas en los cuerpos Kinetic Ember. Estas piezas son fundamentales para mantener una posici\u00f3n adecuada de las palas, logrando una configuraci\u00f3n estable, afinada y precisa en cada disparo.Caracter\u00edsticas Principales:Alineaci\u00f3n Precisa: Permite ajustar finamente la posici\u00f3n de las palasCompatibilidad Total: Dise\u00f1ados exclusivamente para los cuerpos Kinetic EmberConstrucci\u00f3n Resistente: Hechos en acero duradero para ajustes repetidosRendimiento Consistente: Ideal para arqueros que buscan precisi\u00f3n y estabilidadF\u00e1cil Instalaci\u00f3n: Sustituci\u00f3n sencilla con herramientas est\u00e1ndar","breadcrumb":{"@id":"https:\/\/moitoarchery.com\/en\/product\/tornillos-de-alineacion-interna-kinetic-ember-4-u\/#breadcrumb"},"inLanguage":"en-US","potentialAction":[{"@type":"ReadAction","target":["https:\/\/moitoarchery.com\/en\/product\/tornillos-de-alineacion-interna-kinetic-ember-4-u\/"]}]},{"@type":"ImageObject","inLanguage":"en-US","@id":"https:\/\/moitoarchery.com\/en\/product\/tornillos-de-alineacion-interna-kinetic-ember-4-u\/#primaryimage","url":"https:\/\/moitoarchery.com\/wp-content\/uploads\/2025\/08\/Tornillos-alineacion-ember-kinetic.jpg","contentUrl":"https:\/\/moitoarchery.com\/wp-content\/uploads\/2025\/08\/Tornillos-alineacion-ember-kinetic.jpg","width":800,"height":800,"caption":"Tornillos de Alineaci\u00f3n Interna Kinetic Ember (4 u)"},{"@type":"BreadcrumbList","@id":"https:\/\/moitoarchery.com\/en\/product\/tornillos-de-alineacion-interna-kinetic-ember-4-u\/#breadcrumb","itemListElement":[{"@type":"ListItem","position":1,"name":"Portada","item":"https:\/\/moitoarchery.com\/en\/"},{"@type":"ListItem","position":2,"name":"Shop","item":"https:\/\/moitoarchery.com\/en\/shop\/"},{"@type":"ListItem","position":3,"name":"Tornillos de Alineaci\u00f3n Interna Kinetic Ember (4 u)"}]},{"@type":"WebSite","@id":"https:\/\/moitoarchery.com\/en\/#website","url":"https:\/\/moitoarchery.com\/en\/","name":"MoitoArchery","description":"Tienda de Tiro con arco","publisher":{"@id":"https:\/\/moitoarchery.com\/en\/#organization"},"potentialAction":[{"@type":"SearchAction","target":{"@type":"EntryPoint","urlTemplate":"https:\/\/moitoarchery.com\/en\/?s={search_term_string}"},"query-input":{"@type":"PropertyValueSpecification","valueRequired":true,"valueName":"search_term_string"}}],"inLanguage":"en-US"},{"@type":"Organization","@id":"https:\/\/moitoarchery.com\/en\/#organization","name":"MoitoArchery","url":"https:\/\/moitoarchery.com\/en\/","logo":{"@type":"ImageObject","inLanguage":"en-US","@id":"https:\/\/moitoarchery.com\/en\/#\/schema\/logo\/image\/","url":"https:\/\/moitoarchery.com\/wp-content\/uploads\/2020\/09\/logotipo-moitoarchery.png","contentUrl":"https:\/\/moitoarchery.com\/wp-content\/uploads\/2020\/09\/logotipo-moitoarchery.png","width":300,"height":66,"caption":"MoitoArchery"},"image":{"@id":"https:\/\/moitoarchery.com\/en\/#\/schema\/logo\/image\/"},"sameAs":["https:\/\/www.facebook.com\/arqueriaOnline\/","https:\/\/www.instagram.com\/moitoarchery\/","https:\/\/www.youtube.com\/channel\/UCvmj39gVUIKVoJJ6vQC9GPA\/"]}]}},"_links":{"self":[{"href":"https:\/\/moitoarchery.com\/en\/wp-json\/wp\/v2\/product\/96261","targetHints":{"allow":["GET"]}}],"collection":[{"href":"https:\/\/moitoarchery.com\/en\/wp-json\/wp\/v2\/product"}],"about":[{"href":"https:\/\/moitoarchery.com\/en\/wp-json\/wp\/v2\/types\/product"}],"replies":[{"embeddable":true,"href":"https:\/\/moitoarchery.com\/en\/wp-json\/wp\/v2\/comments?post=96261"}],"version-history":[{"count":1,"href":"https:\/\/moitoarchery.com\/en\/wp-json\/wp\/v2\/product\/96261\/revisions"}],"predecessor-version":[{"id":132663,"href":"https:\/\/moitoarchery.com\/en\/wp-json\/wp\/v2\/product\/96261\/revisions\/132663"}],"wp:featuredmedia":[{"embeddable":true,"href":"https:\/\/moitoarchery.com\/en\/wp-json\/wp\/v2\/media\/96274"}],"wp:attachment":[{"href":"https:\/\/moitoarchery.com\/en\/wp-json\/wp\/v2\/media?parent=96261"}],"wp:term":[{"taxonomy":"product_brand","embeddable":true,"href":"https:\/\/moitoarchery.com\/en\/wp-json\/wp\/v2\/product_brand?post=96261"},{"taxonomy":"product_cat","embeddable":true,"href":"https:\/\/moitoarchery.com\/en\/wp-json\/wp\/v2\/product_cat?post=96261"},{"taxonomy":"product_tag","embeddable":true,"href":"https:\/\/moitoarchery.com\/en\/wp-json\/wp\/v2\/product_tag?post=96261"}],"curies":[{"name":"wp","href":"https:\/\/api.w.org\/{rel}","templated":true}]}}