{"id":96254,"date":"2025-08-20T10:07:49","date_gmt":"2025-08-20T08:07:49","guid":{"rendered":"https:\/\/moitoarchery.com\/?post_type=product&#038;p=96254"},"modified":"2026-04-16T11:20:49","modified_gmt":"2026-04-16T09:20:49","slug":"tornillos-para-palas-kinetic-ember-2u","status":"publish","type":"product","link":"https:\/\/moitoarchery.com\/en\/product\/tornillos-para-palas-kinetic-ember-2u\/","title":{"rendered":"Tornillos para Palas Kinetic Ember (2u)"},"content":{"rendered":"<p data-start=\"196\" data-end=\"598\">Mejora la seguridad y el rendimiento de tu arco con los <strong data-start=\"252\" data-end=\"302\">tornillos de repuesto para palas Kinetic Ember<\/strong>, dise\u00f1ados espec\u00edficamente para los risers de la l\u00ednea Kinetic Ember. Este tornillo act\u00faa como contratuerca del tornillo de las palas, asegurando un ajuste firme y alineaci\u00f3n perfecta durante el disparo. Ideal tanto como repuesto esencial en tu equipo personal como para clubes de tiro con arco.<\/p>\n<h4 data-start=\"600\" data-end=\"633\">Caracter\u00edsticas Principales:<\/h4>\n<ul data-start=\"634\" data-end=\"1042\">\n<li data-start=\"634\" data-end=\"709\">\n<p data-start=\"636\" data-end=\"709\"><strong data-start=\"636\" data-end=\"655\">Ajuste Perfecto<\/strong>: Compatible exclusivamente con risers Kinetic Ember<\/p>\n<\/li>\n<li data-start=\"710\" data-end=\"791\">\n<p data-start=\"712\" data-end=\"791\"><strong data-start=\"712\" data-end=\"731\">Fijaci\u00f3n Segura<\/strong>: Mantiene firmemente el tornillo de las palas en su lugar<\/p>\n<\/li>\n<li data-start=\"792\" data-end=\"878\">\n<p data-start=\"794\" data-end=\"878\"><strong data-start=\"794\" data-end=\"814\">Alta Durabilidad<\/strong>: Fabricado en acero resistente, ideal para ajustes frecuentes<\/p>\n<\/li>\n<li data-start=\"879\" data-end=\"955\">\n<p data-start=\"881\" data-end=\"955\"><strong data-start=\"881\" data-end=\"902\">F\u00e1cil Instalaci\u00f3n<\/strong>: Se reemplaza r\u00e1pidamente con herramientas b\u00e1sicas<\/p>\n<\/li>\n<li data-start=\"956\" data-end=\"1042\">\n<p data-start=\"958\" data-end=\"1042\"><strong data-start=\"958\" data-end=\"985\">Repuesto Imprescindible<\/strong>: Perfecto como repuesto o pieza adicional de seguridad<\/p>\n<\/li>\n<\/ul>\n<h4 data-start=\"1044\" data-end=\"1075\">Especificaciones T\u00e9cnicas:<\/h4>\n<ul data-start=\"1076\" data-end=\"1211\">\n<li data-start=\"1076\" data-end=\"1120\">\n<p data-start=\"1078\" data-end=\"1120\"><strong data-start=\"1078\" data-end=\"1096\">Compatibilidad<\/strong>: Risers Kinetic Ember<\/p>\n<\/li>\n<li data-start=\"1121\" data-end=\"1187\">\n<p data-start=\"1123\" data-end=\"1187\"><strong data-start=\"1123\" data-end=\"1134\">Funci\u00f3n<\/strong>: Tornillo de retenci\u00f3n para el tornillo de la pala<\/p>\n<\/li>\n<li data-start=\"1188\" data-end=\"1211\">\n<p data-start=\"1190\" data-end=\"1211\"><strong data-start=\"1190\" data-end=\"1202\">Material<\/strong>: Acero<\/p>\n<\/li>\n<\/ul>\n","protected":false},"excerpt":{"rendered":"<p data-start=\"196\" data-end=\"598\">Mejora la seguridad y el rendimiento de tu arco con los <strong data-start=\"252\" data-end=\"302\">tornillos de repuesto para palas Kinetic Ember<\/strong>, dise\u00f1ados espec\u00edficamente para los risers de la l\u00ednea Kinetic Ember. Este tornillo act\u00faa como contratuerca del tornillo de las palas, asegurando un ajuste firme y alineaci\u00f3n perfecta durante el disparo. Ideal tanto como repuesto esencial en tu equipo personal como para clubes de tiro con arco.<\/p>\n<h4 data-start=\"600\" data-end=\"633\">Caracter\u00edsticas Principales:<\/h4>\n<ul data-start=\"634\" data-end=\"1042\">\n<li data-start=\"634\" data-end=\"709\">\n<p data-start=\"636\" data-end=\"709\"><strong data-start=\"636\" data-end=\"655\">Ajuste Perfecto<\/strong>: Compatible exclusivamente con risers Kinetic Ember<\/p>\n<\/li>\n<li data-start=\"710\" data-end=\"791\">\n<p data-start=\"712\" data-end=\"791\"><strong data-start=\"712\" data-end=\"731\">Fijaci\u00f3n Segura<\/strong>: Mantiene firmemente el tornillo de las palas en su lugar<\/p>\n<\/li>\n<li data-start=\"792\" data-end=\"878\">\n<p data-start=\"794\" data-end=\"878\"><strong data-start=\"794\" data-end=\"814\">Alta Durabilidad<\/strong>: Fabricado en acero resistente, ideal para ajustes frecuentes<\/p>\n<\/li>\n<li data-start=\"879\" data-end=\"955\">\n<p data-start=\"881\" data-end=\"955\"><strong data-start=\"881\" data-end=\"902\">F\u00e1cil Instalaci\u00f3n<\/strong>: Se reemplaza r\u00e1pidamente con herramientas b\u00e1sicas<\/p>\n<\/li>\n<li data-start=\"956\" data-end=\"1042\">\n<p data-start=\"958\" data-end=\"1042\"><strong data-start=\"958\" data-end=\"985\">Repuesto Imprescindible<\/strong>: Perfecto como repuesto o pieza adicional de seguridad<\/p>\n<\/li>\n<\/ul>\n","protected":false},"featured_media":96256,"comment_status":"open","ping_status":"closed","template":"","meta":{"_acf_changed":false},"product_brand":[4049],"product_cat":[105,1550],"product_tag":[],"class_list":{"0":"post-96254","1":"product","2":"type-product","3":"status-publish","4":"has-post-thumbnail","6":"product_brand-kinetic","7":"product_cat-arcos","8":"product_cat-partes-de-recurvo","10":"first","11":"onbackorder","12":"taxable","13":"shipping-taxable","14":"purchasable","15":"product-type-simple"},"acf":[],"yoast_head":"<!-- This site is optimized with the Yoast SEO plugin v27.3 - https:\/\/yoast.com\/product\/yoast-seo-wordpress\/ -->\n<title>Tornillos para Palas Kinetic Ember (2u) - MoitoArchery<\/title>\n<meta name=\"description\" content=\"Mejora la seguridad y el rendimiento de tu arco con los tornillos de repuesto para palas Kinetic Ember, dise\u00f1ados espec\u00edficamente para los risers de la l\u00ednea Kinetic Ember. Este tornillo act\u00faa como contratuerca del tornillo de las palas, asegurando un ajuste firme y alineaci\u00f3n perfecta durante el disparo. Ideal tanto como repuesto esencial en tu equipo personal como para clubes de tiro con arco.Caracter\u00edsticas Principales:Ajuste Perfecto: Compatible exclusivamente con risers Kinetic EmberFijaci\u00f3n Segura: Mantiene firmemente el tornillo de las palas en su lugarAlta Durabilidad: Fabricado en acero resistente, ideal para ajustes frecuentesF\u00e1cil Instalaci\u00f3n: Se reemplaza r\u00e1pidamente con herramientas b\u00e1sicasRepuesto Imprescindible: Perfecto como repuesto o pieza adicional de seguridad\" \/>\n<meta name=\"robots\" content=\"index, follow, max-snippet:-1, max-image-preview:large, max-video-preview:-1\" \/>\n<link rel=\"canonical\" href=\"https:\/\/moitoarchery.com\/en\/product\/tornillos-para-palas-kinetic-ember-2u\/\" \/>\n<meta property=\"og:locale\" content=\"en_US\" \/>\n<meta property=\"og:type\" content=\"article\" \/>\n<meta property=\"og:title\" content=\"Tornillos para Palas Kinetic Ember (2u) - MoitoArchery\" \/>\n<meta property=\"og:description\" content=\"Mejora la seguridad y el rendimiento de tu arco con los tornillos de repuesto para palas Kinetic Ember, dise\u00f1ados espec\u00edficamente para los risers de la l\u00ednea Kinetic Ember. Este tornillo act\u00faa como contratuerca del tornillo de las palas, asegurando un ajuste firme y alineaci\u00f3n perfecta durante el disparo. Ideal tanto como repuesto esencial en tu equipo personal como para clubes de tiro con arco.Caracter\u00edsticas Principales:Ajuste Perfecto: Compatible exclusivamente con risers Kinetic EmberFijaci\u00f3n Segura: Mantiene firmemente el tornillo de las palas en su lugarAlta Durabilidad: Fabricado en acero resistente, ideal para ajustes frecuentesF\u00e1cil Instalaci\u00f3n: Se reemplaza r\u00e1pidamente con herramientas b\u00e1sicasRepuesto Imprescindible: Perfecto como repuesto o pieza adicional de seguridad\" \/>\n<meta property=\"og:url\" content=\"https:\/\/moitoarchery.com\/en\/product\/tornillos-para-palas-kinetic-ember-2u\/\" \/>\n<meta property=\"og:site_name\" content=\"MoitoArchery\" \/>\n<meta property=\"article:publisher\" content=\"https:\/\/www.facebook.com\/arqueriaOnline\/\" \/>\n<meta property=\"article:modified_time\" content=\"2026-04-16T09:20:49+00:00\" \/>\n<meta property=\"og:image\" content=\"https:\/\/moitoarchery.com\/wp-content\/uploads\/2025\/08\/Tornillos-palas-ember-Kinetic.jpg\" \/>\n\t<meta property=\"og:image:width\" content=\"800\" \/>\n\t<meta property=\"og:image:height\" content=\"800\" \/>\n\t<meta property=\"og:image:type\" content=\"image\/jpeg\" \/>\n<meta name=\"twitter:card\" content=\"summary_large_image\" \/>\n<meta name=\"twitter:label1\" content=\"Est. reading time\" \/>\n\t<meta name=\"twitter:data1\" content=\"1 minute\" \/>\n<script type=\"application\/ld+json\" class=\"yoast-schema-graph\">{\"@context\":\"https:\\\/\\\/schema.org\",\"@graph\":[{\"@type\":\"WebPage\",\"@id\":\"https:\\\/\\\/moitoarchery.com\\\/en\\\/product\\\/tornillos-para-palas-kinetic-ember-2u\\\/\",\"url\":\"https:\\\/\\\/moitoarchery.com\\\/en\\\/product\\\/tornillos-para-palas-kinetic-ember-2u\\\/\",\"name\":\"Tornillos para Palas Kinetic Ember (2u) - MoitoArchery\",\"isPartOf\":{\"@id\":\"https:\\\/\\\/moitoarchery.com\\\/en\\\/#website\"},\"primaryImageOfPage\":{\"@id\":\"https:\\\/\\\/moitoarchery.com\\\/en\\\/product\\\/tornillos-para-palas-kinetic-ember-2u\\\/#primaryimage\"},\"image\":{\"@id\":\"https:\\\/\\\/moitoarchery.com\\\/en\\\/product\\\/tornillos-para-palas-kinetic-ember-2u\\\/#primaryimage\"},\"thumbnailUrl\":\"https:\\\/\\\/moitoarchery.com\\\/wp-content\\\/uploads\\\/2025\\\/08\\\/Tornillos-palas-ember-Kinetic.jpg\",\"datePublished\":\"2025-08-20T08:07:49+00:00\",\"dateModified\":\"2026-04-16T09:20:49+00:00\",\"description\":\"Mejora la seguridad y el rendimiento de tu arco con los tornillos de repuesto para palas Kinetic Ember, dise\u00f1ados espec\u00edficamente para los risers de la l\u00ednea Kinetic Ember. Este tornillo act\u00faa como contratuerca del tornillo de las palas, asegurando un ajuste firme y alineaci\u00f3n perfecta durante el disparo. Ideal tanto como repuesto esencial en tu equipo personal como para clubes de tiro con arco.Caracter\u00edsticas Principales:Ajuste Perfecto: Compatible exclusivamente con risers Kinetic EmberFijaci\u00f3n Segura: Mantiene firmemente el tornillo de las palas en su lugarAlta Durabilidad: Fabricado en acero resistente, ideal para ajustes frecuentesF\u00e1cil Instalaci\u00f3n: Se reemplaza r\u00e1pidamente con herramientas b\u00e1sicasRepuesto Imprescindible: Perfecto como repuesto o pieza adicional de seguridad\",\"breadcrumb\":{\"@id\":\"https:\\\/\\\/moitoarchery.com\\\/en\\\/product\\\/tornillos-para-palas-kinetic-ember-2u\\\/#breadcrumb\"},\"inLanguage\":\"en-US\",\"potentialAction\":[{\"@type\":\"ReadAction\",\"target\":[\"https:\\\/\\\/moitoarchery.com\\\/en\\\/product\\\/tornillos-para-palas-kinetic-ember-2u\\\/\"]}]},{\"@type\":\"ImageObject\",\"inLanguage\":\"en-US\",\"@id\":\"https:\\\/\\\/moitoarchery.com\\\/en\\\/product\\\/tornillos-para-palas-kinetic-ember-2u\\\/#primaryimage\",\"url\":\"https:\\\/\\\/moitoarchery.com\\\/wp-content\\\/uploads\\\/2025\\\/08\\\/Tornillos-palas-ember-Kinetic.jpg\",\"contentUrl\":\"https:\\\/\\\/moitoarchery.com\\\/wp-content\\\/uploads\\\/2025\\\/08\\\/Tornillos-palas-ember-Kinetic.jpg\",\"width\":800,\"height\":800,\"caption\":\"Tornillos para palas Kinetic Ember 2u\"},{\"@type\":\"BreadcrumbList\",\"@id\":\"https:\\\/\\\/moitoarchery.com\\\/en\\\/product\\\/tornillos-para-palas-kinetic-ember-2u\\\/#breadcrumb\",\"itemListElement\":[{\"@type\":\"ListItem\",\"position\":1,\"name\":\"Portada\",\"item\":\"https:\\\/\\\/moitoarchery.com\\\/en\\\/\"},{\"@type\":\"ListItem\",\"position\":2,\"name\":\"Shop\",\"item\":\"https:\\\/\\\/moitoarchery.com\\\/en\\\/shop\\\/\"},{\"@type\":\"ListItem\",\"position\":3,\"name\":\"Tornillos para Palas Kinetic Ember (2u)\"}]},{\"@type\":\"WebSite\",\"@id\":\"https:\\\/\\\/moitoarchery.com\\\/en\\\/#website\",\"url\":\"https:\\\/\\\/moitoarchery.com\\\/en\\\/\",\"name\":\"MoitoArchery\",\"description\":\"Tienda de Tiro con arco\",\"publisher\":{\"@id\":\"https:\\\/\\\/moitoarchery.com\\\/en\\\/#organization\"},\"potentialAction\":[{\"@type\":\"SearchAction\",\"target\":{\"@type\":\"EntryPoint\",\"urlTemplate\":\"https:\\\/\\\/moitoarchery.com\\\/en\\\/?s={search_term_string}\"},\"query-input\":{\"@type\":\"PropertyValueSpecification\",\"valueRequired\":true,\"valueName\":\"search_term_string\"}}],\"inLanguage\":\"en-US\"},{\"@type\":\"Organization\",\"@id\":\"https:\\\/\\\/moitoarchery.com\\\/en\\\/#organization\",\"name\":\"MoitoArchery\",\"url\":\"https:\\\/\\\/moitoarchery.com\\\/en\\\/\",\"logo\":{\"@type\":\"ImageObject\",\"inLanguage\":\"en-US\",\"@id\":\"https:\\\/\\\/moitoarchery.com\\\/en\\\/#\\\/schema\\\/logo\\\/image\\\/\",\"url\":\"https:\\\/\\\/moitoarchery.com\\\/wp-content\\\/uploads\\\/2020\\\/09\\\/logotipo-moitoarchery.png\",\"contentUrl\":\"https:\\\/\\\/moitoarchery.com\\\/wp-content\\\/uploads\\\/2020\\\/09\\\/logotipo-moitoarchery.png\",\"width\":300,\"height\":66,\"caption\":\"MoitoArchery\"},\"image\":{\"@id\":\"https:\\\/\\\/moitoarchery.com\\\/en\\\/#\\\/schema\\\/logo\\\/image\\\/\"},\"sameAs\":[\"https:\\\/\\\/www.facebook.com\\\/arqueriaOnline\\\/\",\"https:\\\/\\\/www.instagram.com\\\/moitoarchery\\\/\",\"https:\\\/\\\/www.youtube.com\\\/channel\\\/UCvmj39gVUIKVoJJ6vQC9GPA\\\/\"]}]}<\/script>\n<!-- \/ Yoast SEO plugin. -->","yoast_head_json":{"title":"Tornillos para Palas Kinetic Ember (2u) - MoitoArchery","description":"Mejora la seguridad y el rendimiento de tu arco con los tornillos de repuesto para palas Kinetic Ember, dise\u00f1ados espec\u00edficamente para los risers de la l\u00ednea Kinetic Ember. Este tornillo act\u00faa como contratuerca del tornillo de las palas, asegurando un ajuste firme y alineaci\u00f3n perfecta durante el disparo. Ideal tanto como repuesto esencial en tu equipo personal como para clubes de tiro con arco.Caracter\u00edsticas Principales:Ajuste Perfecto: Compatible exclusivamente con risers Kinetic EmberFijaci\u00f3n Segura: Mantiene firmemente el tornillo de las palas en su lugarAlta Durabilidad: Fabricado en acero resistente, ideal para ajustes frecuentesF\u00e1cil Instalaci\u00f3n: Se reemplaza r\u00e1pidamente con herramientas b\u00e1sicasRepuesto Imprescindible: Perfecto como repuesto o pieza adicional de seguridad","robots":{"index":"index","follow":"follow","max-snippet":"max-snippet:-1","max-image-preview":"max-image-preview:large","max-video-preview":"max-video-preview:-1"},"canonical":"https:\/\/moitoarchery.com\/en\/product\/tornillos-para-palas-kinetic-ember-2u\/","og_locale":"en_US","og_type":"article","og_title":"Tornillos para Palas Kinetic Ember (2u) - MoitoArchery","og_description":"Mejora la seguridad y el rendimiento de tu arco con los tornillos de repuesto para palas Kinetic Ember, dise\u00f1ados espec\u00edficamente para los risers de la l\u00ednea Kinetic Ember. Este tornillo act\u00faa como contratuerca del tornillo de las palas, asegurando un ajuste firme y alineaci\u00f3n perfecta durante el disparo. Ideal tanto como repuesto esencial en tu equipo personal como para clubes de tiro con arco.Caracter\u00edsticas Principales:Ajuste Perfecto: Compatible exclusivamente con risers Kinetic EmberFijaci\u00f3n Segura: Mantiene firmemente el tornillo de las palas en su lugarAlta Durabilidad: Fabricado en acero resistente, ideal para ajustes frecuentesF\u00e1cil Instalaci\u00f3n: Se reemplaza r\u00e1pidamente con herramientas b\u00e1sicasRepuesto Imprescindible: Perfecto como repuesto o pieza adicional de seguridad","og_url":"https:\/\/moitoarchery.com\/en\/product\/tornillos-para-palas-kinetic-ember-2u\/","og_site_name":"MoitoArchery","article_publisher":"https:\/\/www.facebook.com\/arqueriaOnline\/","article_modified_time":"2026-04-16T09:20:49+00:00","og_image":[{"width":800,"height":800,"url":"https:\/\/moitoarchery.com\/wp-content\/uploads\/2025\/08\/Tornillos-palas-ember-Kinetic.jpg","type":"image\/jpeg"}],"twitter_card":"summary_large_image","twitter_misc":{"Est. reading time":"1 minute"},"schema":{"@context":"https:\/\/schema.org","@graph":[{"@type":"WebPage","@id":"https:\/\/moitoarchery.com\/en\/product\/tornillos-para-palas-kinetic-ember-2u\/","url":"https:\/\/moitoarchery.com\/en\/product\/tornillos-para-palas-kinetic-ember-2u\/","name":"Tornillos para Palas Kinetic Ember (2u) - MoitoArchery","isPartOf":{"@id":"https:\/\/moitoarchery.com\/en\/#website"},"primaryImageOfPage":{"@id":"https:\/\/moitoarchery.com\/en\/product\/tornillos-para-palas-kinetic-ember-2u\/#primaryimage"},"image":{"@id":"https:\/\/moitoarchery.com\/en\/product\/tornillos-para-palas-kinetic-ember-2u\/#primaryimage"},"thumbnailUrl":"https:\/\/moitoarchery.com\/wp-content\/uploads\/2025\/08\/Tornillos-palas-ember-Kinetic.jpg","datePublished":"2025-08-20T08:07:49+00:00","dateModified":"2026-04-16T09:20:49+00:00","description":"Mejora la seguridad y el rendimiento de tu arco con los tornillos de repuesto para palas Kinetic Ember, dise\u00f1ados espec\u00edficamente para los risers de la l\u00ednea Kinetic Ember. Este tornillo act\u00faa como contratuerca del tornillo de las palas, asegurando un ajuste firme y alineaci\u00f3n perfecta durante el disparo. Ideal tanto como repuesto esencial en tu equipo personal como para clubes de tiro con arco.Caracter\u00edsticas Principales:Ajuste Perfecto: Compatible exclusivamente con risers Kinetic EmberFijaci\u00f3n Segura: Mantiene firmemente el tornillo de las palas en su lugarAlta Durabilidad: Fabricado en acero resistente, ideal para ajustes frecuentesF\u00e1cil Instalaci\u00f3n: Se reemplaza r\u00e1pidamente con herramientas b\u00e1sicasRepuesto Imprescindible: Perfecto como repuesto o pieza adicional de seguridad","breadcrumb":{"@id":"https:\/\/moitoarchery.com\/en\/product\/tornillos-para-palas-kinetic-ember-2u\/#breadcrumb"},"inLanguage":"en-US","potentialAction":[{"@type":"ReadAction","target":["https:\/\/moitoarchery.com\/en\/product\/tornillos-para-palas-kinetic-ember-2u\/"]}]},{"@type":"ImageObject","inLanguage":"en-US","@id":"https:\/\/moitoarchery.com\/en\/product\/tornillos-para-palas-kinetic-ember-2u\/#primaryimage","url":"https:\/\/moitoarchery.com\/wp-content\/uploads\/2025\/08\/Tornillos-palas-ember-Kinetic.jpg","contentUrl":"https:\/\/moitoarchery.com\/wp-content\/uploads\/2025\/08\/Tornillos-palas-ember-Kinetic.jpg","width":800,"height":800,"caption":"Tornillos para palas Kinetic Ember 2u"},{"@type":"BreadcrumbList","@id":"https:\/\/moitoarchery.com\/en\/product\/tornillos-para-palas-kinetic-ember-2u\/#breadcrumb","itemListElement":[{"@type":"ListItem","position":1,"name":"Portada","item":"https:\/\/moitoarchery.com\/en\/"},{"@type":"ListItem","position":2,"name":"Shop","item":"https:\/\/moitoarchery.com\/en\/shop\/"},{"@type":"ListItem","position":3,"name":"Tornillos para Palas Kinetic Ember (2u)"}]},{"@type":"WebSite","@id":"https:\/\/moitoarchery.com\/en\/#website","url":"https:\/\/moitoarchery.com\/en\/","name":"MoitoArchery","description":"Tienda de Tiro con arco","publisher":{"@id":"https:\/\/moitoarchery.com\/en\/#organization"},"potentialAction":[{"@type":"SearchAction","target":{"@type":"EntryPoint","urlTemplate":"https:\/\/moitoarchery.com\/en\/?s={search_term_string}"},"query-input":{"@type":"PropertyValueSpecification","valueRequired":true,"valueName":"search_term_string"}}],"inLanguage":"en-US"},{"@type":"Organization","@id":"https:\/\/moitoarchery.com\/en\/#organization","name":"MoitoArchery","url":"https:\/\/moitoarchery.com\/en\/","logo":{"@type":"ImageObject","inLanguage":"en-US","@id":"https:\/\/moitoarchery.com\/en\/#\/schema\/logo\/image\/","url":"https:\/\/moitoarchery.com\/wp-content\/uploads\/2020\/09\/logotipo-moitoarchery.png","contentUrl":"https:\/\/moitoarchery.com\/wp-content\/uploads\/2020\/09\/logotipo-moitoarchery.png","width":300,"height":66,"caption":"MoitoArchery"},"image":{"@id":"https:\/\/moitoarchery.com\/en\/#\/schema\/logo\/image\/"},"sameAs":["https:\/\/www.facebook.com\/arqueriaOnline\/","https:\/\/www.instagram.com\/moitoarchery\/","https:\/\/www.youtube.com\/channel\/UCvmj39gVUIKVoJJ6vQC9GPA\/"]}]}},"_links":{"self":[{"href":"https:\/\/moitoarchery.com\/en\/wp-json\/wp\/v2\/product\/96254","targetHints":{"allow":["GET"]}}],"collection":[{"href":"https:\/\/moitoarchery.com\/en\/wp-json\/wp\/v2\/product"}],"about":[{"href":"https:\/\/moitoarchery.com\/en\/wp-json\/wp\/v2\/types\/product"}],"replies":[{"embeddable":true,"href":"https:\/\/moitoarchery.com\/en\/wp-json\/wp\/v2\/comments?post=96254"}],"version-history":[{"count":1,"href":"https:\/\/moitoarchery.com\/en\/wp-json\/wp\/v2\/product\/96254\/revisions"}],"predecessor-version":[{"id":132661,"href":"https:\/\/moitoarchery.com\/en\/wp-json\/wp\/v2\/product\/96254\/revisions\/132661"}],"wp:featuredmedia":[{"embeddable":true,"href":"https:\/\/moitoarchery.com\/en\/wp-json\/wp\/v2\/media\/96256"}],"wp:attachment":[{"href":"https:\/\/moitoarchery.com\/en\/wp-json\/wp\/v2\/media?parent=96254"}],"wp:term":[{"taxonomy":"product_brand","embeddable":true,"href":"https:\/\/moitoarchery.com\/en\/wp-json\/wp\/v2\/product_brand?post=96254"},{"taxonomy":"product_cat","embeddable":true,"href":"https:\/\/moitoarchery.com\/en\/wp-json\/wp\/v2\/product_cat?post=96254"},{"taxonomy":"product_tag","embeddable":true,"href":"https:\/\/moitoarchery.com\/en\/wp-json\/wp\/v2\/product_tag?post=96254"}],"curies":[{"name":"wp","href":"https:\/\/api.w.org\/{rel}","templated":true}]}}