{"id":96232,"date":"2025-08-20T09:45:25","date_gmt":"2025-08-20T07:45:25","guid":{"rendered":"https:\/\/moitoarchery.com\/?post_type=product&#038;p=96232"},"modified":"2026-04-16T11:53:49","modified_gmt":"2026-04-16T09:53:49","slug":"palas-bearpaw-shadow-ilf","status":"publish","type":"product","link":"https:\/\/moitoarchery.com\/en\/product\/palas-bearpaw-shadow-ilf\/","title":{"rendered":"Palas Bearpaw Shadow ILF"},"content":{"rendered":"<p data-start=\"237\" data-end=\"511\">Las <strong data-start=\"241\" data-end=\"269\">Palas Bearpaw Shadow ILF<\/strong> est\u00e1n dise\u00f1adas para ofrecer rendimiento constante, suavidad en el disparo y compatibilidad total con el sistema ILF (International Limb Fitting). Son la combinaci\u00f3n perfecta entre tecnolog\u00eda moderna y el estilo cl\u00e1sico del tiro tradicional.<\/p>\n<p data-start=\"513\" data-end=\"545\"><strong data-start=\"513\" data-end=\"545\">Caracter\u00edsticas principales:<\/strong><\/p>\n<ul data-start=\"546\" data-end=\"1016\">\n<li data-start=\"546\" data-end=\"641\">\n<p data-start=\"548\" data-end=\"641\"><strong data-start=\"548\" data-end=\"574\">Sistema ILF universal:<\/strong> compatibles con cualquier cuerpo de arco que utilice est\u00e1ndar ILF.<\/p>\n<\/li>\n<li data-start=\"642\" data-end=\"800\">\n<p data-start=\"644\" data-end=\"800\">Fabricadas con <strong data-start=\"659\" data-end=\"679\">n\u00facleo de bamb\u00fa<\/strong>\u00a0y <strong data-start=\"691\" data-end=\"718\">fibras de vidrio negras<\/strong>, que aportan estabilidad, flexibilidad y una excelente respuesta en cada disparo.<\/p>\n<\/li>\n<li data-start=\"801\" data-end=\"927\">\n<p data-start=\"803\" data-end=\"927\">Dise\u00f1adas para un <strong data-start=\"821\" data-end=\"860\">tiro suave, progresivo y silencioso<\/strong>, ideal tanto para principiantes como para arqueros experimentados.<\/p>\n<\/li>\n<li data-start=\"928\" data-end=\"1016\">\n<p data-start=\"930\" data-end=\"1016\">Acabado sobrio y elegante en color negro, en l\u00ednea con la est\u00e9tica de la l\u00ednea Shadow.<\/p>\n<\/li>\n<\/ul>\n<p data-start=\"1018\" data-end=\"1039\"><strong data-start=\"1018\" data-end=\"1039\">Especificaciones:<\/strong><\/p>\n<ul data-start=\"1040\" data-end=\"1348\">\n<li data-start=\"1040\" data-end=\"1160\">\n<p data-start=\"1042\" data-end=\"1160\"><strong data-start=\"1042\" data-end=\"1069\">Longitud:\u00a0<\/strong>58&#8243; en cuerpos de 17&#8243;<\/p>\n<\/li>\n<li data-start=\"1161\" data-end=\"1237\">\n<p data-start=\"1163\" data-end=\"1237\"><strong data-start=\"1163\" data-end=\"1189\">Potencias disponibles:<\/strong> 25 &#8211; 55 libras<\/p>\n<\/li>\n<li data-start=\"1238\" data-end=\"1348\">\n<p data-start=\"1240\" data-end=\"1348\"><strong data-start=\"1240\" data-end=\"1256\">Material:\u00a0<\/strong>Bamb\u00fa y fibra de vidrio negra<\/p>\n<\/li>\n<li data-start=\"1238\" data-end=\"1348\">Compatibles con cuerdas estilo fast flight<\/li>\n<\/ul>\n<p data-start=\"1350\" data-end=\"1372\"><strong data-start=\"1350\" data-end=\"1372\">Recomendadas para:<\/strong><\/p>\n<ul data-start=\"1373\" data-end=\"1473\">\n<li data-start=\"1373\" data-end=\"1421\">\n<p data-start=\"1375\" data-end=\"1421\">Tiro instintivo, tradicional, recreativo y 3D.<\/p>\n<\/li>\n<li data-start=\"1422\" data-end=\"1473\">\n<p data-start=\"1424\" data-end=\"1473\">Compatibles con cuerpos ILF de madera o aluminio.<\/p>\n<\/li>\n<\/ul>\n<p> .<\/p>\n","protected":false},"excerpt":{"rendered":"<p data-start=\"237\" data-end=\"511\">Las <strong data-start=\"241\" data-end=\"269\">Palas Bearpaw Shadow ILF<\/strong> est\u00e1n dise\u00f1adas para ofrecer rendimiento constante, suavidad en el disparo y compatibilidad total con el sistema ILF (International Limb Fitting). Son la combinaci\u00f3n perfecta entre tecnolog\u00eda moderna y el estilo cl\u00e1sico del tiro tradicional.<\/p>\n<p data-start=\"513\" data-end=\"545\"><strong data-start=\"513\" data-end=\"545\">Caracter\u00edsticas principales:<\/strong><\/p>\n<ul data-start=\"546\" data-end=\"1016\">\n<li data-start=\"546\" data-end=\"641\">\n<p data-start=\"548\" data-end=\"641\"><strong data-start=\"548\" data-end=\"574\">Sistema ILF universal:<\/strong> compatibles con cualquier cuerpo de arco que utilice est\u00e1ndar ILF.<\/p>\n<\/li>\n<li data-start=\"642\" data-end=\"800\">\n<p data-start=\"644\" data-end=\"800\">Fabricadas con <strong data-start=\"659\" data-end=\"679\">n\u00facleo de bamb\u00fa<\/strong>\u00a0y <strong data-start=\"691\" data-end=\"718\">fibras de vidrio negras<\/strong>, que aportan estabilidad, flexibilidad y una excelente respuesta en cada disparo.<\/p>\n<\/li>\n<li data-start=\"801\" data-end=\"927\">\n<p data-start=\"803\" data-end=\"927\">Dise\u00f1adas para un <strong data-start=\"821\" data-end=\"860\">tiro suave, progresivo y silencioso<\/strong>, ideal tanto para principiantes como para arqueros experimentados.<\/p>\n<\/li>\n<li data-start=\"928\" data-end=\"1016\">\n<p data-start=\"930\" data-end=\"1016\">Acabado sobrio y elegante en color negro, en l\u00ednea con la est\u00e9tica de la l\u00ednea Shadow.<\/p>\n<\/li>\n<\/ul>\n<p data-start=\"1018\" data-end=\"1039\"><strong data-start=\"1018\" data-end=\"1039\">Especificaciones:<\/strong><\/p>\n<ul data-start=\"1040\" data-end=\"1348\">\n<li data-start=\"1040\" data-end=\"1160\">\n<p data-start=\"1042\" data-end=\"1160\"><strong data-start=\"1042\" data-end=\"1069\">Longitud:\u00a0<\/strong>58&#8243; en cuerpos de 17&#8243;<\/p>\n<\/li>\n<li data-start=\"1161\" data-end=\"1237\">\n<p data-start=\"1163\" data-end=\"1237\"><strong data-start=\"1163\" data-end=\"1189\">Potencias disponibles:<\/strong> 25 &#8211; 55 libras<\/p>\n<\/li>\n<li data-start=\"1238\" data-end=\"1348\">\n<p data-start=\"1240\" data-end=\"1348\"><strong data-start=\"1240\" data-end=\"1256\">Material:\u00a0<\/strong>Bamb\u00fa y fibra de vidrio negra<\/p>\n<\/li>\n<li data-start=\"1238\" data-end=\"1348\">Compatibles con cuerdas estilo fast flight<\/li>\n<\/ul>\n<p data-start=\"1350\" data-end=\"1372\"><strong data-start=\"1350\" data-end=\"1372\">Recomendadas para:<\/strong><\/p>\n<ul data-start=\"1373\" data-end=\"1473\">\n<li data-start=\"1373\" data-end=\"1421\">\n<p data-start=\"1375\" data-end=\"1421\">Tiro instintivo, tradicional, recreativo y 3D.<\/p>\n<\/li>\n<li data-start=\"1422\" data-end=\"1473\">\n<p data-start=\"1424\" data-end=\"1473\">Compatibles con cuerpos ILF de madera o aluminio.<\/p>\n<\/li>\n<\/ul>\n<p> .<\/p>\n","protected":false},"featured_media":96247,"comment_status":"open","ping_status":"closed","template":"","meta":{"_acf_changed":false},"product_brand":[4041],"product_cat":[2490,2696,2585],"product_tag":[],"class_list":{"0":"post-96232","1":"product","2":"type-product","3":"status-publish","4":"has-post-thumbnail","6":"product_brand-bearpaw","7":"product_cat-bows","8":"product_cat-traditional-bows","9":"product_cat-traditional-bow-limbs","11":"first","12":"onbackorder","13":"sale","14":"taxable","15":"shipping-taxable","16":"purchasable","17":"product-type-variable"},"acf":[],"yoast_head":"<!-- This site is optimized with the Yoast SEO plugin v27.3 - https:\/\/yoast.com\/product\/yoast-seo-wordpress\/ -->\n<title>Palas Bearpaw Shadow ILF - MoitoArchery<\/title>\n<meta name=\"description\" content=\"Las Palas Bearpaw Shadow ILF est\u00e1n dise\u00f1adas para ofrecer rendimiento constante, suavidad en el disparo y compatibilidad total con el sistema ILF (International Limb Fitting). Son la combinaci\u00f3n perfecta entre tecnolog\u00eda moderna y el estilo cl\u00e1sico del tiro tradicional.\" \/>\n<meta name=\"robots\" content=\"index, follow, max-snippet:-1, max-image-preview:large, max-video-preview:-1\" \/>\n<link rel=\"canonical\" href=\"https:\/\/moitoarchery.com\/en\/product\/palas-bearpaw-shadow-ilf\/\" \/>\n<meta property=\"og:locale\" content=\"en_US\" \/>\n<meta property=\"og:type\" content=\"article\" \/>\n<meta property=\"og:title\" content=\"Palas Bearpaw Shadow ILF - MoitoArchery\" \/>\n<meta property=\"og:description\" content=\"Las Palas Bearpaw Shadow ILF est\u00e1n dise\u00f1adas para ofrecer rendimiento constante, suavidad en el disparo y compatibilidad total con el sistema ILF (International Limb Fitting). Son la combinaci\u00f3n perfecta entre tecnolog\u00eda moderna y el estilo cl\u00e1sico del tiro tradicional.\" \/>\n<meta property=\"og:url\" content=\"https:\/\/moitoarchery.com\/en\/product\/palas-bearpaw-shadow-ilf\/\" \/>\n<meta property=\"og:site_name\" content=\"MoitoArchery\" \/>\n<meta property=\"article:publisher\" content=\"https:\/\/www.facebook.com\/arqueriaOnline\/\" \/>\n<meta property=\"article:modified_time\" content=\"2026-04-16T09:53:49+00:00\" \/>\n<meta property=\"og:image\" content=\"https:\/\/moitoarchery.com\/wp-content\/uploads\/2025\/08\/palas-bearpaw-shadow.jpg\" \/>\n\t<meta property=\"og:image:width\" content=\"800\" \/>\n\t<meta property=\"og:image:height\" content=\"800\" \/>\n\t<meta property=\"og:image:type\" content=\"image\/jpeg\" \/>\n<meta name=\"twitter:card\" content=\"summary_large_image\" \/>\n<meta name=\"twitter:label1\" content=\"Est. reading time\" \/>\n\t<meta name=\"twitter:data1\" content=\"2 minutes\" \/>\n<script type=\"application\/ld+json\" class=\"yoast-schema-graph\">{\"@context\":\"https:\\\/\\\/schema.org\",\"@graph\":[{\"@type\":\"WebPage\",\"@id\":\"https:\\\/\\\/moitoarchery.com\\\/en\\\/product\\\/palas-bearpaw-shadow-ilf\\\/\",\"url\":\"https:\\\/\\\/moitoarchery.com\\\/en\\\/product\\\/palas-bearpaw-shadow-ilf\\\/\",\"name\":\"Palas Bearpaw Shadow ILF - MoitoArchery\",\"isPartOf\":{\"@id\":\"https:\\\/\\\/moitoarchery.com\\\/en\\\/#website\"},\"primaryImageOfPage\":{\"@id\":\"https:\\\/\\\/moitoarchery.com\\\/en\\\/product\\\/palas-bearpaw-shadow-ilf\\\/#primaryimage\"},\"image\":{\"@id\":\"https:\\\/\\\/moitoarchery.com\\\/en\\\/product\\\/palas-bearpaw-shadow-ilf\\\/#primaryimage\"},\"thumbnailUrl\":\"https:\\\/\\\/moitoarchery.com\\\/wp-content\\\/uploads\\\/2025\\\/08\\\/palas-bearpaw-shadow.jpg\",\"datePublished\":\"2025-08-20T07:45:25+00:00\",\"dateModified\":\"2026-04-16T09:53:49+00:00\",\"description\":\"Las Palas Bearpaw Shadow ILF est\u00e1n dise\u00f1adas para ofrecer rendimiento constante, suavidad en el disparo y compatibilidad total con el sistema ILF (International Limb Fitting). Son la combinaci\u00f3n perfecta entre tecnolog\u00eda moderna y el estilo cl\u00e1sico del tiro tradicional.\",\"breadcrumb\":{\"@id\":\"https:\\\/\\\/moitoarchery.com\\\/en\\\/product\\\/palas-bearpaw-shadow-ilf\\\/#breadcrumb\"},\"inLanguage\":\"en-US\",\"potentialAction\":[{\"@type\":\"ReadAction\",\"target\":[\"https:\\\/\\\/moitoarchery.com\\\/en\\\/product\\\/palas-bearpaw-shadow-ilf\\\/\"]}]},{\"@type\":\"ImageObject\",\"inLanguage\":\"en-US\",\"@id\":\"https:\\\/\\\/moitoarchery.com\\\/en\\\/product\\\/palas-bearpaw-shadow-ilf\\\/#primaryimage\",\"url\":\"https:\\\/\\\/moitoarchery.com\\\/wp-content\\\/uploads\\\/2025\\\/08\\\/palas-bearpaw-shadow.jpg\",\"contentUrl\":\"https:\\\/\\\/moitoarchery.com\\\/wp-content\\\/uploads\\\/2025\\\/08\\\/palas-bearpaw-shadow.jpg\",\"width\":800,\"height\":800},{\"@type\":\"BreadcrumbList\",\"@id\":\"https:\\\/\\\/moitoarchery.com\\\/en\\\/product\\\/palas-bearpaw-shadow-ilf\\\/#breadcrumb\",\"itemListElement\":[{\"@type\":\"ListItem\",\"position\":1,\"name\":\"Portada\",\"item\":\"https:\\\/\\\/moitoarchery.com\\\/en\\\/\"},{\"@type\":\"ListItem\",\"position\":2,\"name\":\"Shop\",\"item\":\"https:\\\/\\\/moitoarchery.com\\\/en\\\/shop\\\/\"},{\"@type\":\"ListItem\",\"position\":3,\"name\":\"Palas Bearpaw Shadow ILF\"}]},{\"@type\":\"WebSite\",\"@id\":\"https:\\\/\\\/moitoarchery.com\\\/en\\\/#website\",\"url\":\"https:\\\/\\\/moitoarchery.com\\\/en\\\/\",\"name\":\"MoitoArchery\",\"description\":\"Tienda de Tiro con arco\",\"publisher\":{\"@id\":\"https:\\\/\\\/moitoarchery.com\\\/en\\\/#organization\"},\"potentialAction\":[{\"@type\":\"SearchAction\",\"target\":{\"@type\":\"EntryPoint\",\"urlTemplate\":\"https:\\\/\\\/moitoarchery.com\\\/en\\\/?s={search_term_string}\"},\"query-input\":{\"@type\":\"PropertyValueSpecification\",\"valueRequired\":true,\"valueName\":\"search_term_string\"}}],\"inLanguage\":\"en-US\"},{\"@type\":\"Organization\",\"@id\":\"https:\\\/\\\/moitoarchery.com\\\/en\\\/#organization\",\"name\":\"MoitoArchery\",\"url\":\"https:\\\/\\\/moitoarchery.com\\\/en\\\/\",\"logo\":{\"@type\":\"ImageObject\",\"inLanguage\":\"en-US\",\"@id\":\"https:\\\/\\\/moitoarchery.com\\\/en\\\/#\\\/schema\\\/logo\\\/image\\\/\",\"url\":\"https:\\\/\\\/moitoarchery.com\\\/wp-content\\\/uploads\\\/2020\\\/09\\\/logotipo-moitoarchery.png\",\"contentUrl\":\"https:\\\/\\\/moitoarchery.com\\\/wp-content\\\/uploads\\\/2020\\\/09\\\/logotipo-moitoarchery.png\",\"width\":300,\"height\":66,\"caption\":\"MoitoArchery\"},\"image\":{\"@id\":\"https:\\\/\\\/moitoarchery.com\\\/en\\\/#\\\/schema\\\/logo\\\/image\\\/\"},\"sameAs\":[\"https:\\\/\\\/www.facebook.com\\\/arqueriaOnline\\\/\",\"https:\\\/\\\/www.instagram.com\\\/moitoarchery\\\/\",\"https:\\\/\\\/www.youtube.com\\\/channel\\\/UCvmj39gVUIKVoJJ6vQC9GPA\\\/\"]}]}<\/script>\n<!-- \/ Yoast SEO plugin. -->","yoast_head_json":{"title":"Palas Bearpaw Shadow ILF - MoitoArchery","description":"Las Palas Bearpaw Shadow ILF est\u00e1n dise\u00f1adas para ofrecer rendimiento constante, suavidad en el disparo y compatibilidad total con el sistema ILF (International Limb Fitting). Son la combinaci\u00f3n perfecta entre tecnolog\u00eda moderna y el estilo cl\u00e1sico del tiro tradicional.","robots":{"index":"index","follow":"follow","max-snippet":"max-snippet:-1","max-image-preview":"max-image-preview:large","max-video-preview":"max-video-preview:-1"},"canonical":"https:\/\/moitoarchery.com\/en\/product\/palas-bearpaw-shadow-ilf\/","og_locale":"en_US","og_type":"article","og_title":"Palas Bearpaw Shadow ILF - MoitoArchery","og_description":"Las Palas Bearpaw Shadow ILF est\u00e1n dise\u00f1adas para ofrecer rendimiento constante, suavidad en el disparo y compatibilidad total con el sistema ILF (International Limb Fitting). Son la combinaci\u00f3n perfecta entre tecnolog\u00eda moderna y el estilo cl\u00e1sico del tiro tradicional.","og_url":"https:\/\/moitoarchery.com\/en\/product\/palas-bearpaw-shadow-ilf\/","og_site_name":"MoitoArchery","article_publisher":"https:\/\/www.facebook.com\/arqueriaOnline\/","article_modified_time":"2026-04-16T09:53:49+00:00","og_image":[{"width":800,"height":800,"url":"https:\/\/moitoarchery.com\/wp-content\/uploads\/2025\/08\/palas-bearpaw-shadow.jpg","type":"image\/jpeg"}],"twitter_card":"summary_large_image","twitter_misc":{"Est. reading time":"2 minutes"},"schema":{"@context":"https:\/\/schema.org","@graph":[{"@type":"WebPage","@id":"https:\/\/moitoarchery.com\/en\/product\/palas-bearpaw-shadow-ilf\/","url":"https:\/\/moitoarchery.com\/en\/product\/palas-bearpaw-shadow-ilf\/","name":"Palas Bearpaw Shadow ILF - MoitoArchery","isPartOf":{"@id":"https:\/\/moitoarchery.com\/en\/#website"},"primaryImageOfPage":{"@id":"https:\/\/moitoarchery.com\/en\/product\/palas-bearpaw-shadow-ilf\/#primaryimage"},"image":{"@id":"https:\/\/moitoarchery.com\/en\/product\/palas-bearpaw-shadow-ilf\/#primaryimage"},"thumbnailUrl":"https:\/\/moitoarchery.com\/wp-content\/uploads\/2025\/08\/palas-bearpaw-shadow.jpg","datePublished":"2025-08-20T07:45:25+00:00","dateModified":"2026-04-16T09:53:49+00:00","description":"Las Palas Bearpaw Shadow ILF est\u00e1n dise\u00f1adas para ofrecer rendimiento constante, suavidad en el disparo y compatibilidad total con el sistema ILF (International Limb Fitting). Son la combinaci\u00f3n perfecta entre tecnolog\u00eda moderna y el estilo cl\u00e1sico del tiro tradicional.","breadcrumb":{"@id":"https:\/\/moitoarchery.com\/en\/product\/palas-bearpaw-shadow-ilf\/#breadcrumb"},"inLanguage":"en-US","potentialAction":[{"@type":"ReadAction","target":["https:\/\/moitoarchery.com\/en\/product\/palas-bearpaw-shadow-ilf\/"]}]},{"@type":"ImageObject","inLanguage":"en-US","@id":"https:\/\/moitoarchery.com\/en\/product\/palas-bearpaw-shadow-ilf\/#primaryimage","url":"https:\/\/moitoarchery.com\/wp-content\/uploads\/2025\/08\/palas-bearpaw-shadow.jpg","contentUrl":"https:\/\/moitoarchery.com\/wp-content\/uploads\/2025\/08\/palas-bearpaw-shadow.jpg","width":800,"height":800},{"@type":"BreadcrumbList","@id":"https:\/\/moitoarchery.com\/en\/product\/palas-bearpaw-shadow-ilf\/#breadcrumb","itemListElement":[{"@type":"ListItem","position":1,"name":"Portada","item":"https:\/\/moitoarchery.com\/en\/"},{"@type":"ListItem","position":2,"name":"Shop","item":"https:\/\/moitoarchery.com\/en\/shop\/"},{"@type":"ListItem","position":3,"name":"Palas Bearpaw Shadow ILF"}]},{"@type":"WebSite","@id":"https:\/\/moitoarchery.com\/en\/#website","url":"https:\/\/moitoarchery.com\/en\/","name":"MoitoArchery","description":"Tienda de Tiro con arco","publisher":{"@id":"https:\/\/moitoarchery.com\/en\/#organization"},"potentialAction":[{"@type":"SearchAction","target":{"@type":"EntryPoint","urlTemplate":"https:\/\/moitoarchery.com\/en\/?s={search_term_string}"},"query-input":{"@type":"PropertyValueSpecification","valueRequired":true,"valueName":"search_term_string"}}],"inLanguage":"en-US"},{"@type":"Organization","@id":"https:\/\/moitoarchery.com\/en\/#organization","name":"MoitoArchery","url":"https:\/\/moitoarchery.com\/en\/","logo":{"@type":"ImageObject","inLanguage":"en-US","@id":"https:\/\/moitoarchery.com\/en\/#\/schema\/logo\/image\/","url":"https:\/\/moitoarchery.com\/wp-content\/uploads\/2020\/09\/logotipo-moitoarchery.png","contentUrl":"https:\/\/moitoarchery.com\/wp-content\/uploads\/2020\/09\/logotipo-moitoarchery.png","width":300,"height":66,"caption":"MoitoArchery"},"image":{"@id":"https:\/\/moitoarchery.com\/en\/#\/schema\/logo\/image\/"},"sameAs":["https:\/\/www.facebook.com\/arqueriaOnline\/","https:\/\/www.instagram.com\/moitoarchery\/","https:\/\/www.youtube.com\/channel\/UCvmj39gVUIKVoJJ6vQC9GPA\/"]}]}},"_links":{"self":[{"href":"https:\/\/moitoarchery.com\/en\/wp-json\/wp\/v2\/product\/96232","targetHints":{"allow":["GET"]}}],"collection":[{"href":"https:\/\/moitoarchery.com\/en\/wp-json\/wp\/v2\/product"}],"about":[{"href":"https:\/\/moitoarchery.com\/en\/wp-json\/wp\/v2\/types\/product"}],"replies":[{"embeddable":true,"href":"https:\/\/moitoarchery.com\/en\/wp-json\/wp\/v2\/comments?post=96232"}],"version-history":[{"count":1,"href":"https:\/\/moitoarchery.com\/en\/wp-json\/wp\/v2\/product\/96232\/revisions"}],"predecessor-version":[{"id":134119,"href":"https:\/\/moitoarchery.com\/en\/wp-json\/wp\/v2\/product\/96232\/revisions\/134119"}],"wp:featuredmedia":[{"embeddable":true,"href":"https:\/\/moitoarchery.com\/en\/wp-json\/wp\/v2\/media\/96247"}],"wp:attachment":[{"href":"https:\/\/moitoarchery.com\/en\/wp-json\/wp\/v2\/media?parent=96232"}],"wp:term":[{"taxonomy":"product_brand","embeddable":true,"href":"https:\/\/moitoarchery.com\/en\/wp-json\/wp\/v2\/product_brand?post=96232"},{"taxonomy":"product_cat","embeddable":true,"href":"https:\/\/moitoarchery.com\/en\/wp-json\/wp\/v2\/product_cat?post=96232"},{"taxonomy":"product_tag","embeddable":true,"href":"https:\/\/moitoarchery.com\/en\/wp-json\/wp\/v2\/product_tag?post=96232"}],"curies":[{"name":"wp","href":"https:\/\/api.w.org\/{rel}","templated":true}]}}