{"id":91083,"date":"2021-03-16T23:55:27","date_gmt":"2021-03-16T22:55:27","guid":{"rendered":"https:\/\/moitoarchery.com\/producto\/avalon-tyro-10-and-12-short-stabilizer\/"},"modified":"2025-12-03T13:37:02","modified_gmt":"2025-12-03T12:37:02","slug":"avalon-tyro-10-and-12-short-stabilizer","status":"publish","type":"product","link":"https:\/\/moitoarchery.com\/en\/product\/avalon-tyro-10-and-12-short-stabilizer\/","title":{"rendered":"Avalon Tyro 10&#8243; and 12&#8243; Short Stabilizer"},"content":{"rendered":"<p>The Avalon Tyro 17 short stabilizer serves as a short lateral stabilizer, either used alone or in pairs.<\/p>\n<p><strong>Features:<\/strong><\/p>\n<ul>\n<li>It is an affordable, high-quality stabilizer, ideal for beginners.<\/li>\n<li>Includes a damper.<\/li>\n<li>Designed to complement the Avalon Tyro 17 long stabilizer.<\/li>\n<li>Can be used as a single stabilizer for compound bows and as a pair for recurve bows.<\/li>\n<li>An economical and high-quality carbon stabilizer.<\/li>\n<\/ul>\n<h2>Orders for distributor requests:<\/h2>\n<p><b>Special order:<\/b> To choose colors or other features, if available, you can contact us to check the stock available from our distributor or for any advisory questions before placing your special order. Prices may vary depending on the color.<\/p>\n<p><b>Delivery time:<\/b> The minimum delivery time is approximately 10-14 days, but in some cases, it may be longer due to possible delays, stock shortages, or other reasons.<\/p>\n<p><b>Workshop service:<\/b> We offer assembly and adjustment services in our workshop for all compound bows. You can check the various services on our <a href=\"https:\/\/moitoarchery.com\/en\/archery-workshop-service-adjustments-maintenance-and-repairs\/\">workshop page<\/a>.<\/p>\n","protected":false},"excerpt":{"rendered":"<p>The Avalon Tyro 17 short stabilizer serves as a short lateral stabilizer, either used alone or in pairs.<\/p>\n<p><strong>Features:<\/strong><\/p>\n<ul>\n<li>It is an affordable, high-quality stabilizer, ideal for beginners.<\/li>\n<li>Includes a damper.<\/li>\n<li>Designed to complement the Avalon Tyro 17 long stabilizer.<\/li>\n<li>Can be used as a single stabilizer for compound bows and as a pair for recurve bows.<\/li>\n<li>An economical and high-quality carbon stabilizer.<\/li>\n<\/ul>\n<h2>Orders for distributor requests:<\/h2>\n<p><b>Special order:<\/b> To choose colors or other features, if available, you can contact us to check the stock available from our distributor or for any advisory questions before placing your special order. Prices may vary depending on the color.<\/p>\n<p><b>Delivery time:<\/b> The minimum delivery time is approximately 10-14 days, but in some cases, it may be longer due to possible delays, stock shortages, or other reasons.<\/p>\n<p><b>Workshop service:<\/b> We offer assembly and adjustment services in our workshop for all compound bows. You can check the various services on our <a href=\"https:\/\/moitoarchery.com\/en\/archery-workshop-service-adjustments-maintenance-and-repairs\/\">workshop page<\/a>.<\/p>\n","protected":false},"featured_media":122841,"comment_status":"open","ping_status":"closed","template":"","meta":{"_acf_changed":false},"product_brand":[],"product_cat":[2755,2593],"product_tag":[4389,2521],"class_list":{"0":"post-91083","1":"product","2":"type-product","3":"status-publish","4":"has-post-thumbnail","6":"product_cat-short-stabilizer","7":"product_cat-stabilization","8":"product_tag-arco-de-poleas-de-precision-en","9":"product_tag-olimpic-bow","11":"first","12":"instock","13":"taxable","14":"shipping-taxable","15":"purchasable","16":"product-type-variable"},"acf":[],"yoast_head":"<!-- This site is optimized with the Yoast SEO plugin v27.3 - https:\/\/yoast.com\/product\/yoast-seo-wordpress\/ -->\n<title>Avalon Tyro 10&quot; and 12&quot; Short Stabilizer - MoitoArchery<\/title>\n<meta name=\"description\" content=\"El estabilizador corto Avalon Tyro 17 cumple la funci\u00f3n de estabilizador corto lateral ya sea usando uno o dos.Caracter\u00edsticas:Es un estabilizador econ\u00f3mico de buena calidad, es ideal iniciaci\u00f3n.Incluye un amortiguador.Dise\u00f1ado para complementar el estabilizador largo Avalon Tyro 17.Puede usarse como un solo en compuestos y doble en recurvos.Un estabilizador de carbono econ\u00f3mico y de buena calidad.\" \/>\n<meta name=\"robots\" content=\"index, follow, max-snippet:-1, max-image-preview:large, max-video-preview:-1\" \/>\n<link rel=\"canonical\" href=\"https:\/\/moitoarchery.com\/en\/product\/avalon-tyro-10-and-12-short-stabilizer\/\" \/>\n<meta property=\"og:locale\" content=\"en_US\" \/>\n<meta property=\"og:type\" content=\"article\" \/>\n<meta property=\"og:title\" content=\"Avalon Tyro 10&quot; and 12&quot; Short Stabilizer - MoitoArchery\" \/>\n<meta property=\"og:description\" content=\"El estabilizador corto Avalon Tyro 17 cumple la funci\u00f3n de estabilizador corto lateral ya sea usando uno o dos.Caracter\u00edsticas:Es un estabilizador econ\u00f3mico de buena calidad, es ideal iniciaci\u00f3n.Incluye un amortiguador.Dise\u00f1ado para complementar el estabilizador largo Avalon Tyro 17.Puede usarse como un solo en compuestos y doble en recurvos.Un estabilizador de carbono econ\u00f3mico y de buena calidad.\" \/>\n<meta property=\"og:url\" content=\"https:\/\/moitoarchery.com\/en\/product\/avalon-tyro-10-and-12-short-stabilizer\/\" \/>\n<meta property=\"og:site_name\" content=\"MoitoArchery\" \/>\n<meta property=\"article:publisher\" content=\"https:\/\/www.facebook.com\/arqueriaOnline\/\" \/>\n<meta property=\"article:modified_time\" content=\"2025-12-03T12:37:02+00:00\" \/>\n<meta property=\"og:image\" content=\"https:\/\/moitoarchery.com\/wp-content\/uploads\/2021\/03\/Estabilizador-tyro.jpg\" \/>\n\t<meta property=\"og:image:width\" content=\"800\" \/>\n\t<meta property=\"og:image:height\" content=\"800\" \/>\n\t<meta property=\"og:image:type\" content=\"image\/jpeg\" \/>\n<meta name=\"twitter:card\" content=\"summary_large_image\" \/>\n<meta name=\"twitter:label1\" content=\"Est. reading time\" \/>\n\t<meta name=\"twitter:data1\" content=\"1 minute\" \/>\n<script type=\"application\/ld+json\" class=\"yoast-schema-graph\">{\"@context\":\"https:\\\/\\\/schema.org\",\"@graph\":[{\"@type\":\"WebPage\",\"@id\":\"https:\\\/\\\/moitoarchery.com\\\/en\\\/product\\\/avalon-tyro-10-and-12-short-stabilizer\\\/\",\"url\":\"https:\\\/\\\/moitoarchery.com\\\/en\\\/product\\\/avalon-tyro-10-and-12-short-stabilizer\\\/\",\"name\":\"Avalon Tyro 10\\\" and 12\\\" Short Stabilizer - MoitoArchery\",\"isPartOf\":{\"@id\":\"https:\\\/\\\/moitoarchery.com\\\/en\\\/#website\"},\"primaryImageOfPage\":{\"@id\":\"https:\\\/\\\/moitoarchery.com\\\/en\\\/product\\\/avalon-tyro-10-and-12-short-stabilizer\\\/#primaryimage\"},\"image\":{\"@id\":\"https:\\\/\\\/moitoarchery.com\\\/en\\\/product\\\/avalon-tyro-10-and-12-short-stabilizer\\\/#primaryimage\"},\"thumbnailUrl\":\"https:\\\/\\\/moitoarchery.com\\\/wp-content\\\/uploads\\\/2021\\\/03\\\/Estabilizador-tyro.jpg\",\"datePublished\":\"2021-03-16T22:55:27+00:00\",\"dateModified\":\"2025-12-03T12:37:02+00:00\",\"description\":\"El estabilizador corto Avalon Tyro 17 cumple la funci\u00f3n de estabilizador corto lateral ya sea usando uno o dos.Caracter\u00edsticas:Es un estabilizador econ\u00f3mico de buena calidad, es ideal iniciaci\u00f3n.Incluye un amortiguador.Dise\u00f1ado para complementar el estabilizador largo Avalon Tyro 17.Puede usarse como un solo en compuestos y doble en recurvos.Un estabilizador de carbono econ\u00f3mico y de buena calidad.\",\"breadcrumb\":{\"@id\":\"https:\\\/\\\/moitoarchery.com\\\/en\\\/product\\\/avalon-tyro-10-and-12-short-stabilizer\\\/#breadcrumb\"},\"inLanguage\":\"en-US\",\"potentialAction\":[{\"@type\":\"ReadAction\",\"target\":[\"https:\\\/\\\/moitoarchery.com\\\/en\\\/product\\\/avalon-tyro-10-and-12-short-stabilizer\\\/\"]}]},{\"@type\":\"ImageObject\",\"inLanguage\":\"en-US\",\"@id\":\"https:\\\/\\\/moitoarchery.com\\\/en\\\/product\\\/avalon-tyro-10-and-12-short-stabilizer\\\/#primaryimage\",\"url\":\"https:\\\/\\\/moitoarchery.com\\\/wp-content\\\/uploads\\\/2021\\\/03\\\/Estabilizador-tyro.jpg\",\"contentUrl\":\"https:\\\/\\\/moitoarchery.com\\\/wp-content\\\/uploads\\\/2021\\\/03\\\/Estabilizador-tyro.jpg\",\"width\":800,\"height\":800,\"caption\":\"Estabilizador Corto Avalon Tyro\"},{\"@type\":\"BreadcrumbList\",\"@id\":\"https:\\\/\\\/moitoarchery.com\\\/en\\\/product\\\/avalon-tyro-10-and-12-short-stabilizer\\\/#breadcrumb\",\"itemListElement\":[{\"@type\":\"ListItem\",\"position\":1,\"name\":\"Portada\",\"item\":\"https:\\\/\\\/moitoarchery.com\\\/en\\\/\"},{\"@type\":\"ListItem\",\"position\":2,\"name\":\"Shop\",\"item\":\"https:\\\/\\\/moitoarchery.com\\\/en\\\/shop\\\/\"},{\"@type\":\"ListItem\",\"position\":3,\"name\":\"Avalon Tyro 10&#8243; and 12&#8243; Short Stabilizer\"}]},{\"@type\":\"WebSite\",\"@id\":\"https:\\\/\\\/moitoarchery.com\\\/en\\\/#website\",\"url\":\"https:\\\/\\\/moitoarchery.com\\\/en\\\/\",\"name\":\"MoitoArchery\",\"description\":\"Tienda de Tiro con arco\",\"publisher\":{\"@id\":\"https:\\\/\\\/moitoarchery.com\\\/en\\\/#organization\"},\"potentialAction\":[{\"@type\":\"SearchAction\",\"target\":{\"@type\":\"EntryPoint\",\"urlTemplate\":\"https:\\\/\\\/moitoarchery.com\\\/en\\\/?s={search_term_string}\"},\"query-input\":{\"@type\":\"PropertyValueSpecification\",\"valueRequired\":true,\"valueName\":\"search_term_string\"}}],\"inLanguage\":\"en-US\"},{\"@type\":\"Organization\",\"@id\":\"https:\\\/\\\/moitoarchery.com\\\/en\\\/#organization\",\"name\":\"MoitoArchery\",\"url\":\"https:\\\/\\\/moitoarchery.com\\\/en\\\/\",\"logo\":{\"@type\":\"ImageObject\",\"inLanguage\":\"en-US\",\"@id\":\"https:\\\/\\\/moitoarchery.com\\\/en\\\/#\\\/schema\\\/logo\\\/image\\\/\",\"url\":\"https:\\\/\\\/moitoarchery.com\\\/wp-content\\\/uploads\\\/2020\\\/09\\\/logotipo-moitoarchery.png\",\"contentUrl\":\"https:\\\/\\\/moitoarchery.com\\\/wp-content\\\/uploads\\\/2020\\\/09\\\/logotipo-moitoarchery.png\",\"width\":300,\"height\":66,\"caption\":\"MoitoArchery\"},\"image\":{\"@id\":\"https:\\\/\\\/moitoarchery.com\\\/en\\\/#\\\/schema\\\/logo\\\/image\\\/\"},\"sameAs\":[\"https:\\\/\\\/www.facebook.com\\\/arqueriaOnline\\\/\",\"https:\\\/\\\/www.instagram.com\\\/moitoarchery\\\/\",\"https:\\\/\\\/www.youtube.com\\\/channel\\\/UCvmj39gVUIKVoJJ6vQC9GPA\\\/\"]}]}<\/script>\n<!-- \/ Yoast SEO plugin. -->","yoast_head_json":{"title":"Avalon Tyro 10\" and 12\" Short Stabilizer - MoitoArchery","description":"El estabilizador corto Avalon Tyro 17 cumple la funci\u00f3n de estabilizador corto lateral ya sea usando uno o dos.Caracter\u00edsticas:Es un estabilizador econ\u00f3mico de buena calidad, es ideal iniciaci\u00f3n.Incluye un amortiguador.Dise\u00f1ado para complementar el estabilizador largo Avalon Tyro 17.Puede usarse como un solo en compuestos y doble en recurvos.Un estabilizador de carbono econ\u00f3mico y de buena calidad.","robots":{"index":"index","follow":"follow","max-snippet":"max-snippet:-1","max-image-preview":"max-image-preview:large","max-video-preview":"max-video-preview:-1"},"canonical":"https:\/\/moitoarchery.com\/en\/product\/avalon-tyro-10-and-12-short-stabilizer\/","og_locale":"en_US","og_type":"article","og_title":"Avalon Tyro 10\" and 12\" Short Stabilizer - MoitoArchery","og_description":"El estabilizador corto Avalon Tyro 17 cumple la funci\u00f3n de estabilizador corto lateral ya sea usando uno o dos.Caracter\u00edsticas:Es un estabilizador econ\u00f3mico de buena calidad, es ideal iniciaci\u00f3n.Incluye un amortiguador.Dise\u00f1ado para complementar el estabilizador largo Avalon Tyro 17.Puede usarse como un solo en compuestos y doble en recurvos.Un estabilizador de carbono econ\u00f3mico y de buena calidad.","og_url":"https:\/\/moitoarchery.com\/en\/product\/avalon-tyro-10-and-12-short-stabilizer\/","og_site_name":"MoitoArchery","article_publisher":"https:\/\/www.facebook.com\/arqueriaOnline\/","article_modified_time":"2025-12-03T12:37:02+00:00","og_image":[{"width":800,"height":800,"url":"https:\/\/moitoarchery.com\/wp-content\/uploads\/2021\/03\/Estabilizador-tyro.jpg","type":"image\/jpeg"}],"twitter_card":"summary_large_image","twitter_misc":{"Est. reading time":"1 minute"},"schema":{"@context":"https:\/\/schema.org","@graph":[{"@type":"WebPage","@id":"https:\/\/moitoarchery.com\/en\/product\/avalon-tyro-10-and-12-short-stabilizer\/","url":"https:\/\/moitoarchery.com\/en\/product\/avalon-tyro-10-and-12-short-stabilizer\/","name":"Avalon Tyro 10\" and 12\" Short Stabilizer - MoitoArchery","isPartOf":{"@id":"https:\/\/moitoarchery.com\/en\/#website"},"primaryImageOfPage":{"@id":"https:\/\/moitoarchery.com\/en\/product\/avalon-tyro-10-and-12-short-stabilizer\/#primaryimage"},"image":{"@id":"https:\/\/moitoarchery.com\/en\/product\/avalon-tyro-10-and-12-short-stabilizer\/#primaryimage"},"thumbnailUrl":"https:\/\/moitoarchery.com\/wp-content\/uploads\/2021\/03\/Estabilizador-tyro.jpg","datePublished":"2021-03-16T22:55:27+00:00","dateModified":"2025-12-03T12:37:02+00:00","description":"El estabilizador corto Avalon Tyro 17 cumple la funci\u00f3n de estabilizador corto lateral ya sea usando uno o dos.Caracter\u00edsticas:Es un estabilizador econ\u00f3mico de buena calidad, es ideal iniciaci\u00f3n.Incluye un amortiguador.Dise\u00f1ado para complementar el estabilizador largo Avalon Tyro 17.Puede usarse como un solo en compuestos y doble en recurvos.Un estabilizador de carbono econ\u00f3mico y de buena calidad.","breadcrumb":{"@id":"https:\/\/moitoarchery.com\/en\/product\/avalon-tyro-10-and-12-short-stabilizer\/#breadcrumb"},"inLanguage":"en-US","potentialAction":[{"@type":"ReadAction","target":["https:\/\/moitoarchery.com\/en\/product\/avalon-tyro-10-and-12-short-stabilizer\/"]}]},{"@type":"ImageObject","inLanguage":"en-US","@id":"https:\/\/moitoarchery.com\/en\/product\/avalon-tyro-10-and-12-short-stabilizer\/#primaryimage","url":"https:\/\/moitoarchery.com\/wp-content\/uploads\/2021\/03\/Estabilizador-tyro.jpg","contentUrl":"https:\/\/moitoarchery.com\/wp-content\/uploads\/2021\/03\/Estabilizador-tyro.jpg","width":800,"height":800,"caption":"Estabilizador Corto Avalon Tyro"},{"@type":"BreadcrumbList","@id":"https:\/\/moitoarchery.com\/en\/product\/avalon-tyro-10-and-12-short-stabilizer\/#breadcrumb","itemListElement":[{"@type":"ListItem","position":1,"name":"Portada","item":"https:\/\/moitoarchery.com\/en\/"},{"@type":"ListItem","position":2,"name":"Shop","item":"https:\/\/moitoarchery.com\/en\/shop\/"},{"@type":"ListItem","position":3,"name":"Avalon Tyro 10&#8243; and 12&#8243; Short Stabilizer"}]},{"@type":"WebSite","@id":"https:\/\/moitoarchery.com\/en\/#website","url":"https:\/\/moitoarchery.com\/en\/","name":"MoitoArchery","description":"Tienda de Tiro con arco","publisher":{"@id":"https:\/\/moitoarchery.com\/en\/#organization"},"potentialAction":[{"@type":"SearchAction","target":{"@type":"EntryPoint","urlTemplate":"https:\/\/moitoarchery.com\/en\/?s={search_term_string}"},"query-input":{"@type":"PropertyValueSpecification","valueRequired":true,"valueName":"search_term_string"}}],"inLanguage":"en-US"},{"@type":"Organization","@id":"https:\/\/moitoarchery.com\/en\/#organization","name":"MoitoArchery","url":"https:\/\/moitoarchery.com\/en\/","logo":{"@type":"ImageObject","inLanguage":"en-US","@id":"https:\/\/moitoarchery.com\/en\/#\/schema\/logo\/image\/","url":"https:\/\/moitoarchery.com\/wp-content\/uploads\/2020\/09\/logotipo-moitoarchery.png","contentUrl":"https:\/\/moitoarchery.com\/wp-content\/uploads\/2020\/09\/logotipo-moitoarchery.png","width":300,"height":66,"caption":"MoitoArchery"},"image":{"@id":"https:\/\/moitoarchery.com\/en\/#\/schema\/logo\/image\/"},"sameAs":["https:\/\/www.facebook.com\/arqueriaOnline\/","https:\/\/www.instagram.com\/moitoarchery\/","https:\/\/www.youtube.com\/channel\/UCvmj39gVUIKVoJJ6vQC9GPA\/"]}]}},"_links":{"self":[{"href":"https:\/\/moitoarchery.com\/en\/wp-json\/wp\/v2\/product\/91083","targetHints":{"allow":["GET"]}}],"collection":[{"href":"https:\/\/moitoarchery.com\/en\/wp-json\/wp\/v2\/product"}],"about":[{"href":"https:\/\/moitoarchery.com\/en\/wp-json\/wp\/v2\/types\/product"}],"replies":[{"embeddable":true,"href":"https:\/\/moitoarchery.com\/en\/wp-json\/wp\/v2\/comments?post=91083"}],"version-history":[{"count":0,"href":"https:\/\/moitoarchery.com\/en\/wp-json\/wp\/v2\/product\/91083\/revisions"}],"wp:featuredmedia":[{"embeddable":true,"href":"https:\/\/moitoarchery.com\/en\/wp-json\/wp\/v2\/media\/122841"}],"wp:attachment":[{"href":"https:\/\/moitoarchery.com\/en\/wp-json\/wp\/v2\/media?parent=91083"}],"wp:term":[{"taxonomy":"product_brand","embeddable":true,"href":"https:\/\/moitoarchery.com\/en\/wp-json\/wp\/v2\/product_brand?post=91083"},{"taxonomy":"product_cat","embeddable":true,"href":"https:\/\/moitoarchery.com\/en\/wp-json\/wp\/v2\/product_cat?post=91083"},{"taxonomy":"product_tag","embeddable":true,"href":"https:\/\/moitoarchery.com\/en\/wp-json\/wp\/v2\/product_tag?post=91083"}],"curies":[{"name":"wp","href":"https:\/\/api.w.org\/{rel}","templated":true}]}}