{"id":88693,"date":"2022-04-07T16:36:04","date_gmt":"2022-04-07T14:36:04","guid":{"rendered":"https:\/\/moitoarchery.com\/producto\/bear-archery-kodiak-magnum-52-traditional-recurve-bow\/"},"modified":"2025-11-13T10:13:34","modified_gmt":"2025-11-13T09:13:34","slug":"bear-archery-kodiak-magnum-52-traditional-recurve-bow","status":"publish","type":"product","link":"https:\/\/moitoarchery.com\/en\/product\/bear-archery-kodiak-magnum-52-traditional-recurve-bow\/","title":{"rendered":"Bear Archery Kodiak Magnum 52&#8243; Traditional Recurve Bow"},"content":{"rendered":"<div class=\"row\">\n<div class=\"col-md-12\">\n<ul>\n<li>Modelado seg\u00fan el cl\u00e1sico Kodiak Magnum de la d\u00e9cada de 1960 en un nuevo dise\u00f1o para su 60 aniversario.<\/li>\n<li>Modelo de 52&#8243; para una maniobrabilidad \u00f3ptima.<\/li>\n<li>Empu\u00f1adura de una sola pieza de Shedua con franja negra incrustada.<\/li>\n<li>Palas con n\u00facleo de arce sobrepuestas y fibra de vidrio gris \u00e1rtico.<\/li>\n<li>Puntas de las palas reforzadas con fibra de vidrio.<\/li>\n<\/ul>\n<p>Incluye &#8211; Cuerda Dynaflight 97 Flemish Twist, estante para flechas con placa lateral de cuero y reposaflechas de pelo de oso.<\/p>\n<p>Material &#8211; Arce \/ Fibra de vidrio<\/p>\n<\/div>\n<\/div>\n","protected":false},"excerpt":{"rendered":"<div class=\"row\">\n<div class=\"col-md-12\">\n<ul>\n<li>Modelado seg\u00fan el cl\u00e1sico Kodiak Magnum de la d\u00e9cada de 1960 en un nuevo dise\u00f1o para su 60 aniversario.<\/li>\n<li>Modelo de 52&#8243; para una maniobrabilidad \u00f3ptima.<\/li>\n<li>Empu\u00f1adura de una sola pieza de Shedua con franja negra incrustada.<\/li>\n<li>Palas con n\u00facleo de arce sobrepuestas y fibra de vidrio gris \u00e1rtico.<\/li>\n<li>Puntas de las palas reforzadas con fibra de vidrio.<\/li>\n<\/ul>\n<p>Incluye &#8211; Cuerda Dynaflight 97 Flemish Twist, estante para flechas con placa lateral de cuero y reposaflechas de pelo de oso.<\/p>\n<p>Material &#8211; Arce \/ Fibra de vidrio<\/p>\n<\/div>\n<\/div>\n","protected":false},"featured_media":62878,"comment_status":"open","ping_status":"closed","template":"","meta":{"_acf_changed":false},"product_brand":[],"product_cat":[2702],"product_tag":[3118],"class_list":{"0":"post-88693","1":"product","2":"type-product","3":"status-publish","4":"has-post-thumbnail","6":"product_cat-one-piece-recurve-bows","7":"product_tag-arqueria-tradicional-en","8":"product_shipping_class-envio-pe-2090e-ba-3890e","10":"first","11":"onbackorder","12":"sale","13":"taxable","14":"shipping-taxable","15":"purchasable","16":"product-type-variable"},"acf":[],"yoast_head":"<!-- This site is optimized with the Yoast SEO plugin v27.3 - https:\/\/yoast.com\/product\/yoast-seo-wordpress\/ -->\n<title>Bear Archery Kodiak Magnum 52&quot; Traditional Recurve Bow - MoitoArchery<\/title>\n<meta name=\"robots\" content=\"index, follow, max-snippet:-1, max-image-preview:large, max-video-preview:-1\" \/>\n<link rel=\"canonical\" href=\"https:\/\/moitoarchery.com\/en\/product\/bear-archery-kodiak-magnum-52-traditional-recurve-bow\/\" \/>\n<meta property=\"og:locale\" content=\"en_US\" \/>\n<meta property=\"og:type\" content=\"article\" \/>\n<meta property=\"og:title\" content=\"Bear Archery Kodiak Magnum 52&quot; Traditional Recurve Bow - MoitoArchery\" \/>\n<meta property=\"og:description\" content=\"Modelado seg\u00fan el cl\u00e1sico Kodiak Magnum de la d\u00e9cada de 1960 en un nuevo dise\u00f1o para su 60 aniversario. Modelo de 52&quot; para una maniobrabilidad \u00f3ptima. Empu\u00f1adura de una sola pieza de Shedua con franja negra incrustada. Palas con n\u00facleo de arce sobrepuestas y fibra de vidrio gris \u00e1rtico. Puntas de las palas reforzadas con fibra de vidrio.  Incluye - Cuerda Dynaflight 97 Flemish Twist, estante para flechas con placa lateral de cuero y reposaflechas de pelo de oso. Material - Arce \/ Fibra de vidrio\" \/>\n<meta property=\"og:url\" content=\"https:\/\/moitoarchery.com\/en\/product\/bear-archery-kodiak-magnum-52-traditional-recurve-bow\/\" \/>\n<meta property=\"og:site_name\" content=\"MoitoArchery\" \/>\n<meta property=\"article:publisher\" content=\"https:\/\/www.facebook.com\/arqueriaOnline\/\" \/>\n<meta property=\"article:modified_time\" content=\"2025-11-13T09:13:34+00:00\" \/>\n<meta property=\"og:image\" content=\"https:\/\/moitoarchery.com\/wp-content\/uploads\/2022\/04\/kodiak-magnum-arco-tradicional-monobloque-bear-archery.jpg\" \/>\n\t<meta property=\"og:image:width\" content=\"800\" \/>\n\t<meta property=\"og:image:height\" content=\"800\" \/>\n\t<meta property=\"og:image:type\" content=\"image\/jpeg\" \/>\n<meta name=\"twitter:card\" content=\"summary_large_image\" \/>\n<script type=\"application\/ld+json\" class=\"yoast-schema-graph\">{\"@context\":\"https:\\\/\\\/schema.org\",\"@graph\":[{\"@type\":\"WebPage\",\"@id\":\"https:\\\/\\\/moitoarchery.com\\\/en\\\/product\\\/bear-archery-kodiak-magnum-52-traditional-recurve-bow\\\/\",\"url\":\"https:\\\/\\\/moitoarchery.com\\\/en\\\/product\\\/bear-archery-kodiak-magnum-52-traditional-recurve-bow\\\/\",\"name\":\"Bear Archery Kodiak Magnum 52\\\" Traditional Recurve Bow - MoitoArchery\",\"isPartOf\":{\"@id\":\"https:\\\/\\\/moitoarchery.com\\\/en\\\/#website\"},\"primaryImageOfPage\":{\"@id\":\"https:\\\/\\\/moitoarchery.com\\\/en\\\/product\\\/bear-archery-kodiak-magnum-52-traditional-recurve-bow\\\/#primaryimage\"},\"image\":{\"@id\":\"https:\\\/\\\/moitoarchery.com\\\/en\\\/product\\\/bear-archery-kodiak-magnum-52-traditional-recurve-bow\\\/#primaryimage\"},\"thumbnailUrl\":\"https:\\\/\\\/moitoarchery.com\\\/wp-content\\\/uploads\\\/2022\\\/04\\\/kodiak-magnum-arco-tradicional-monobloque-bear-archery.jpg\",\"datePublished\":\"2022-04-07T14:36:04+00:00\",\"dateModified\":\"2025-11-13T09:13:34+00:00\",\"breadcrumb\":{\"@id\":\"https:\\\/\\\/moitoarchery.com\\\/en\\\/product\\\/bear-archery-kodiak-magnum-52-traditional-recurve-bow\\\/#breadcrumb\"},\"inLanguage\":\"en-US\",\"potentialAction\":[{\"@type\":\"ReadAction\",\"target\":[\"https:\\\/\\\/moitoarchery.com\\\/en\\\/product\\\/bear-archery-kodiak-magnum-52-traditional-recurve-bow\\\/\"]}]},{\"@type\":\"ImageObject\",\"inLanguage\":\"en-US\",\"@id\":\"https:\\\/\\\/moitoarchery.com\\\/en\\\/product\\\/bear-archery-kodiak-magnum-52-traditional-recurve-bow\\\/#primaryimage\",\"url\":\"https:\\\/\\\/moitoarchery.com\\\/wp-content\\\/uploads\\\/2022\\\/04\\\/kodiak-magnum-arco-tradicional-monobloque-bear-archery.jpg\",\"contentUrl\":\"https:\\\/\\\/moitoarchery.com\\\/wp-content\\\/uploads\\\/2022\\\/04\\\/kodiak-magnum-arco-tradicional-monobloque-bear-archery.jpg\",\"width\":800,\"height\":800,\"caption\":\"Bear Archery Kodiak Magnum 52\\\" Traditional Recurve Bow\"},{\"@type\":\"BreadcrumbList\",\"@id\":\"https:\\\/\\\/moitoarchery.com\\\/en\\\/product\\\/bear-archery-kodiak-magnum-52-traditional-recurve-bow\\\/#breadcrumb\",\"itemListElement\":[{\"@type\":\"ListItem\",\"position\":1,\"name\":\"Portada\",\"item\":\"https:\\\/\\\/moitoarchery.com\\\/en\\\/\"},{\"@type\":\"ListItem\",\"position\":2,\"name\":\"Shop\",\"item\":\"https:\\\/\\\/moitoarchery.com\\\/en\\\/shop\\\/\"},{\"@type\":\"ListItem\",\"position\":3,\"name\":\"Bear Archery Kodiak Magnum 52&#8243; Traditional Recurve Bow\"}]},{\"@type\":\"WebSite\",\"@id\":\"https:\\\/\\\/moitoarchery.com\\\/en\\\/#website\",\"url\":\"https:\\\/\\\/moitoarchery.com\\\/en\\\/\",\"name\":\"MoitoArchery\",\"description\":\"Tienda de Tiro con arco\",\"publisher\":{\"@id\":\"https:\\\/\\\/moitoarchery.com\\\/en\\\/#organization\"},\"potentialAction\":[{\"@type\":\"SearchAction\",\"target\":{\"@type\":\"EntryPoint\",\"urlTemplate\":\"https:\\\/\\\/moitoarchery.com\\\/en\\\/?s={search_term_string}\"},\"query-input\":{\"@type\":\"PropertyValueSpecification\",\"valueRequired\":true,\"valueName\":\"search_term_string\"}}],\"inLanguage\":\"en-US\"},{\"@type\":\"Organization\",\"@id\":\"https:\\\/\\\/moitoarchery.com\\\/en\\\/#organization\",\"name\":\"MoitoArchery\",\"url\":\"https:\\\/\\\/moitoarchery.com\\\/en\\\/\",\"logo\":{\"@type\":\"ImageObject\",\"inLanguage\":\"en-US\",\"@id\":\"https:\\\/\\\/moitoarchery.com\\\/en\\\/#\\\/schema\\\/logo\\\/image\\\/\",\"url\":\"https:\\\/\\\/moitoarchery.com\\\/wp-content\\\/uploads\\\/2020\\\/09\\\/logotipo-moitoarchery.png\",\"contentUrl\":\"https:\\\/\\\/moitoarchery.com\\\/wp-content\\\/uploads\\\/2020\\\/09\\\/logotipo-moitoarchery.png\",\"width\":300,\"height\":66,\"caption\":\"MoitoArchery\"},\"image\":{\"@id\":\"https:\\\/\\\/moitoarchery.com\\\/en\\\/#\\\/schema\\\/logo\\\/image\\\/\"},\"sameAs\":[\"https:\\\/\\\/www.facebook.com\\\/arqueriaOnline\\\/\",\"https:\\\/\\\/www.instagram.com\\\/moitoarchery\\\/\",\"https:\\\/\\\/www.youtube.com\\\/channel\\\/UCvmj39gVUIKVoJJ6vQC9GPA\\\/\"]}]}<\/script>\n<!-- \/ Yoast SEO plugin. -->","yoast_head_json":{"title":"Bear Archery Kodiak Magnum 52\" Traditional Recurve Bow - MoitoArchery","robots":{"index":"index","follow":"follow","max-snippet":"max-snippet:-1","max-image-preview":"max-image-preview:large","max-video-preview":"max-video-preview:-1"},"canonical":"https:\/\/moitoarchery.com\/en\/product\/bear-archery-kodiak-magnum-52-traditional-recurve-bow\/","og_locale":"en_US","og_type":"article","og_title":"Bear Archery Kodiak Magnum 52\" Traditional Recurve Bow - MoitoArchery","og_description":"Modelado seg\u00fan el cl\u00e1sico Kodiak Magnum de la d\u00e9cada de 1960 en un nuevo dise\u00f1o para su 60 aniversario. Modelo de 52\" para una maniobrabilidad \u00f3ptima. Empu\u00f1adura de una sola pieza de Shedua con franja negra incrustada. Palas con n\u00facleo de arce sobrepuestas y fibra de vidrio gris \u00e1rtico. Puntas de las palas reforzadas con fibra de vidrio.  Incluye - Cuerda Dynaflight 97 Flemish Twist, estante para flechas con placa lateral de cuero y reposaflechas de pelo de oso. Material - Arce \/ Fibra de vidrio","og_url":"https:\/\/moitoarchery.com\/en\/product\/bear-archery-kodiak-magnum-52-traditional-recurve-bow\/","og_site_name":"MoitoArchery","article_publisher":"https:\/\/www.facebook.com\/arqueriaOnline\/","article_modified_time":"2025-11-13T09:13:34+00:00","og_image":[{"width":800,"height":800,"url":"https:\/\/moitoarchery.com\/wp-content\/uploads\/2022\/04\/kodiak-magnum-arco-tradicional-monobloque-bear-archery.jpg","type":"image\/jpeg"}],"twitter_card":"summary_large_image","schema":{"@context":"https:\/\/schema.org","@graph":[{"@type":"WebPage","@id":"https:\/\/moitoarchery.com\/en\/product\/bear-archery-kodiak-magnum-52-traditional-recurve-bow\/","url":"https:\/\/moitoarchery.com\/en\/product\/bear-archery-kodiak-magnum-52-traditional-recurve-bow\/","name":"Bear Archery Kodiak Magnum 52\" Traditional Recurve Bow - MoitoArchery","isPartOf":{"@id":"https:\/\/moitoarchery.com\/en\/#website"},"primaryImageOfPage":{"@id":"https:\/\/moitoarchery.com\/en\/product\/bear-archery-kodiak-magnum-52-traditional-recurve-bow\/#primaryimage"},"image":{"@id":"https:\/\/moitoarchery.com\/en\/product\/bear-archery-kodiak-magnum-52-traditional-recurve-bow\/#primaryimage"},"thumbnailUrl":"https:\/\/moitoarchery.com\/wp-content\/uploads\/2022\/04\/kodiak-magnum-arco-tradicional-monobloque-bear-archery.jpg","datePublished":"2022-04-07T14:36:04+00:00","dateModified":"2025-11-13T09:13:34+00:00","breadcrumb":{"@id":"https:\/\/moitoarchery.com\/en\/product\/bear-archery-kodiak-magnum-52-traditional-recurve-bow\/#breadcrumb"},"inLanguage":"en-US","potentialAction":[{"@type":"ReadAction","target":["https:\/\/moitoarchery.com\/en\/product\/bear-archery-kodiak-magnum-52-traditional-recurve-bow\/"]}]},{"@type":"ImageObject","inLanguage":"en-US","@id":"https:\/\/moitoarchery.com\/en\/product\/bear-archery-kodiak-magnum-52-traditional-recurve-bow\/#primaryimage","url":"https:\/\/moitoarchery.com\/wp-content\/uploads\/2022\/04\/kodiak-magnum-arco-tradicional-monobloque-bear-archery.jpg","contentUrl":"https:\/\/moitoarchery.com\/wp-content\/uploads\/2022\/04\/kodiak-magnum-arco-tradicional-monobloque-bear-archery.jpg","width":800,"height":800,"caption":"Bear Archery Kodiak Magnum 52\" Traditional Recurve Bow"},{"@type":"BreadcrumbList","@id":"https:\/\/moitoarchery.com\/en\/product\/bear-archery-kodiak-magnum-52-traditional-recurve-bow\/#breadcrumb","itemListElement":[{"@type":"ListItem","position":1,"name":"Portada","item":"https:\/\/moitoarchery.com\/en\/"},{"@type":"ListItem","position":2,"name":"Shop","item":"https:\/\/moitoarchery.com\/en\/shop\/"},{"@type":"ListItem","position":3,"name":"Bear Archery Kodiak Magnum 52&#8243; Traditional Recurve Bow"}]},{"@type":"WebSite","@id":"https:\/\/moitoarchery.com\/en\/#website","url":"https:\/\/moitoarchery.com\/en\/","name":"MoitoArchery","description":"Tienda de Tiro con arco","publisher":{"@id":"https:\/\/moitoarchery.com\/en\/#organization"},"potentialAction":[{"@type":"SearchAction","target":{"@type":"EntryPoint","urlTemplate":"https:\/\/moitoarchery.com\/en\/?s={search_term_string}"},"query-input":{"@type":"PropertyValueSpecification","valueRequired":true,"valueName":"search_term_string"}}],"inLanguage":"en-US"},{"@type":"Organization","@id":"https:\/\/moitoarchery.com\/en\/#organization","name":"MoitoArchery","url":"https:\/\/moitoarchery.com\/en\/","logo":{"@type":"ImageObject","inLanguage":"en-US","@id":"https:\/\/moitoarchery.com\/en\/#\/schema\/logo\/image\/","url":"https:\/\/moitoarchery.com\/wp-content\/uploads\/2020\/09\/logotipo-moitoarchery.png","contentUrl":"https:\/\/moitoarchery.com\/wp-content\/uploads\/2020\/09\/logotipo-moitoarchery.png","width":300,"height":66,"caption":"MoitoArchery"},"image":{"@id":"https:\/\/moitoarchery.com\/en\/#\/schema\/logo\/image\/"},"sameAs":["https:\/\/www.facebook.com\/arqueriaOnline\/","https:\/\/www.instagram.com\/moitoarchery\/","https:\/\/www.youtube.com\/channel\/UCvmj39gVUIKVoJJ6vQC9GPA\/"]}]}},"_links":{"self":[{"href":"https:\/\/moitoarchery.com\/en\/wp-json\/wp\/v2\/product\/88693","targetHints":{"allow":["GET"]}}],"collection":[{"href":"https:\/\/moitoarchery.com\/en\/wp-json\/wp\/v2\/product"}],"about":[{"href":"https:\/\/moitoarchery.com\/en\/wp-json\/wp\/v2\/types\/product"}],"replies":[{"embeddable":true,"href":"https:\/\/moitoarchery.com\/en\/wp-json\/wp\/v2\/comments?post=88693"}],"version-history":[{"count":0,"href":"https:\/\/moitoarchery.com\/en\/wp-json\/wp\/v2\/product\/88693\/revisions"}],"wp:featuredmedia":[{"embeddable":true,"href":"https:\/\/moitoarchery.com\/en\/wp-json\/wp\/v2\/media\/62878"}],"wp:attachment":[{"href":"https:\/\/moitoarchery.com\/en\/wp-json\/wp\/v2\/media?parent=88693"}],"wp:term":[{"taxonomy":"product_brand","embeddable":true,"href":"https:\/\/moitoarchery.com\/en\/wp-json\/wp\/v2\/product_brand?post=88693"},{"taxonomy":"product_cat","embeddable":true,"href":"https:\/\/moitoarchery.com\/en\/wp-json\/wp\/v2\/product_cat?post=88693"},{"taxonomy":"product_tag","embeddable":true,"href":"https:\/\/moitoarchery.com\/en\/wp-json\/wp\/v2\/product_tag?post=88693"}],"curies":[{"name":"wp","href":"https:\/\/api.w.org\/{rel}","templated":true}]}}