{"id":83624,"date":"2024-04-15T11:16:34","date_gmt":"2024-04-15T09:16:34","guid":{"rendered":"https:\/\/moitoarchery.com\/producto\/mybo-wave-xr-cerakote-finish-25-riser-for-olympic-bow-rh-lh\/"},"modified":"2025-11-13T09:38:18","modified_gmt":"2025-11-13T08:38:18","slug":"mybo-wave-xr-cerakote-finish-25-riser-for-olympic-bow-rh-lh","status":"publish","type":"product","link":"https:\/\/moitoarchery.com\/en\/product\/mybo-wave-xr-cerakote-finish-25-riser-for-olympic-bow-rh-lh\/","title":{"rendered":"Mybo Wave XR Cerakote Finish 25\u201d Riser for Olympic Bow RH\/LH"},"content":{"rendered":"<p>The 25&#8243; Wave XR Cerakote Finish riser from Mybo is ideal for both beginners and experienced archers, thanks to its excellent lateral balance and ergonomic, soft-touch grip.<\/p>\n<p>Meticulously perfected to ensure a spectacular shooting experience.<\/p>\n<p>The Wave XR has been designed to maximize every shot without the need to overspend.<\/p>\n<p>Available in the following colors: Beige, Black, Blue, Gray, Green, Orange, Purple, Red, White, Yellow.<\/p>\n<h2>Special orders for distributor purchases:<\/h2>\n<p><b>Special order:<\/b> To choose colors or other features, if applicable, you can contact us to check the available stock with our distributor or any advisory questions before placing your special order. Prices may vary depending on the color.<\/p>\n<p><b>Delivery time:<\/b> The minimum delivery time is approximately 10-14 days, but in some cases, it may be longer due to possible delays, stock shortages, or other reasons.<\/p>\n<p><b>Workshop service:<\/b> We offer assembly and adjustment services in the workshop for all compound bows. You can check the various services on our <a href=\"https:\/\/moitoarchery.com\/en\/archery-workshop-service-adjustments-maintenance-and-repairs\/\">workshop page<\/a>.<\/p>\n","protected":false},"excerpt":{"rendered":"<p>The 25&#8243; Wave XR Cerakote Finish riser from Mybo is ideal for both beginners and experienced archers, thanks to its excellent lateral balance and ergonomic, soft-touch grip.<\/p>\n<p>Meticulously perfected to ensure a spectacular shooting experience.<\/p>\n<p>The Wave XR has been designed to maximize every shot without the need to overspend.<\/p>\n<p>Available in the following colors: Beige, Black, Blue, Gray, Green, Orange, Purple, Red, White, Yellow.<\/p>\n<h2>Special orders for distributor purchases:<\/h2>\n<p><b>Special order:<\/b> To choose colors or other features, if applicable, you can contact us to check the available stock with our distributor or any advisory questions before placing your special order. Prices may vary depending on the color.<\/p>\n<p><b>Delivery time:<\/b> The minimum delivery time is approximately 10-14 days, but in some cases, it may be longer due to possible delays, stock shortages, or other reasons.<\/p>\n<p><b>Workshop service:<\/b> We offer assembly and adjustment services in the workshop for all compound bows. You can check the various services on our <a href=\"https:\/\/moitoarchery.com\/en\/archery-workshop-service-adjustments-maintenance-and-repairs\/\">workshop page<\/a>.<\/p>\n","protected":false},"featured_media":67688,"comment_status":"open","ping_status":"closed","template":"","meta":{"_acf_changed":false},"product_brand":[],"product_cat":[2730,2519],"product_tag":[2522,2525,2521],"class_list":{"0":"post-83624","1":"product","2":"type-product","3":"status-publish","4":"has-post-thumbnail","6":"product_cat-olympic-bows-en","7":"product_cat-risers","8":"product_tag-barebow","9":"product_tag-bows-for-beginners","10":"product_tag-olimpic-bow","12":"first","13":"onbackorder","14":"sale","15":"taxable","16":"shipping-taxable","17":"purchasable","18":"product-type-variable"},"acf":[],"yoast_head":"<!-- This site is optimized with the Yoast SEO plugin v27.3 - https:\/\/yoast.com\/product\/yoast-seo-wordpress\/ -->\n<title>Mybo Wave XR Cerakote Finish 25\u201d Riser for Olympic Bow RH\/LH - MoitoArchery<\/title>\n<meta name=\"description\" content=\"El cuerpo del Wave XR Cerakote Finish de 25&quot; de la marca Mybo es ideal\u00a0 para principiantes como para tiradores experimentados, gracias a su gran equilibrio lateral y su agarre ergon\u00f3mico de tacto suave.Meticulosamente perfeccionado para garantizar una experiencia de tiro espectacular.El Wave XR ha sido dise\u00f1ado para optimizar al m\u00e1ximo cada tiro sin necesidad de gastar de m\u00e1s.Disponible en los siguientes colores: Beige, Negro, Azul, Gris, Verde, Naranja, Morado, Rojo, Blanco, Amarillo.\" \/>\n<meta name=\"robots\" content=\"index, follow, max-snippet:-1, max-image-preview:large, max-video-preview:-1\" \/>\n<link rel=\"canonical\" href=\"https:\/\/moitoarchery.com\/en\/product\/mybo-wave-xr-cerakote-finish-25-riser-for-olympic-bow-rh-lh\/\" \/>\n<meta property=\"og:locale\" content=\"en_US\" \/>\n<meta property=\"og:type\" content=\"article\" \/>\n<meta property=\"og:title\" content=\"Mybo Wave XR Cerakote Finish 25\u201d Riser for Olympic Bow RH\/LH - MoitoArchery\" \/>\n<meta property=\"og:description\" content=\"El cuerpo del Wave XR Cerakote Finish de 25&quot; de la marca Mybo es ideal\u00a0 para principiantes como para tiradores experimentados, gracias a su gran equilibrio lateral y su agarre ergon\u00f3mico de tacto suave.Meticulosamente perfeccionado para garantizar una experiencia de tiro espectacular.El Wave XR ha sido dise\u00f1ado para optimizar al m\u00e1ximo cada tiro sin necesidad de gastar de m\u00e1s.Disponible en los siguientes colores: Beige, Negro, Azul, Gris, Verde, Naranja, Morado, Rojo, Blanco, Amarillo.\" \/>\n<meta property=\"og:url\" content=\"https:\/\/moitoarchery.com\/en\/product\/mybo-wave-xr-cerakote-finish-25-riser-for-olympic-bow-rh-lh\/\" \/>\n<meta property=\"og:site_name\" content=\"MoitoArchery\" \/>\n<meta property=\"article:publisher\" content=\"https:\/\/www.facebook.com\/arqueriaOnline\/\" \/>\n<meta property=\"article:modified_time\" content=\"2025-11-13T08:38:18+00:00\" \/>\n<meta property=\"og:image\" content=\"https:\/\/moitoarchery.com\/wp-content\/uploads\/2024\/04\/WAVE-XR-CERAKOTE.jpg\" \/>\n\t<meta property=\"og:image:width\" content=\"800\" \/>\n\t<meta property=\"og:image:height\" content=\"800\" \/>\n\t<meta property=\"og:image:type\" content=\"image\/jpeg\" \/>\n<meta name=\"twitter:card\" content=\"summary_large_image\" \/>\n<meta name=\"twitter:label1\" content=\"Est. reading time\" \/>\n\t<meta name=\"twitter:data1\" content=\"1 minute\" \/>\n<script type=\"application\/ld+json\" class=\"yoast-schema-graph\">{\"@context\":\"https:\\\/\\\/schema.org\",\"@graph\":[{\"@type\":\"WebPage\",\"@id\":\"https:\\\/\\\/moitoarchery.com\\\/en\\\/product\\\/mybo-wave-xr-cerakote-finish-25-riser-for-olympic-bow-rh-lh\\\/\",\"url\":\"https:\\\/\\\/moitoarchery.com\\\/en\\\/product\\\/mybo-wave-xr-cerakote-finish-25-riser-for-olympic-bow-rh-lh\\\/\",\"name\":\"Mybo Wave XR Cerakote Finish 25\u201d Riser for Olympic Bow RH\\\/LH - MoitoArchery\",\"isPartOf\":{\"@id\":\"https:\\\/\\\/moitoarchery.com\\\/en\\\/#website\"},\"primaryImageOfPage\":{\"@id\":\"https:\\\/\\\/moitoarchery.com\\\/en\\\/product\\\/mybo-wave-xr-cerakote-finish-25-riser-for-olympic-bow-rh-lh\\\/#primaryimage\"},\"image\":{\"@id\":\"https:\\\/\\\/moitoarchery.com\\\/en\\\/product\\\/mybo-wave-xr-cerakote-finish-25-riser-for-olympic-bow-rh-lh\\\/#primaryimage\"},\"thumbnailUrl\":\"https:\\\/\\\/moitoarchery.com\\\/wp-content\\\/uploads\\\/2024\\\/04\\\/WAVE-XR-CERAKOTE.jpg\",\"datePublished\":\"2024-04-15T09:16:34+00:00\",\"dateModified\":\"2025-11-13T08:38:18+00:00\",\"description\":\"El cuerpo del Wave XR Cerakote Finish de 25\\\" de la marca Mybo es ideal\u00a0 para principiantes como para tiradores experimentados, gracias a su gran equilibrio lateral y su agarre ergon\u00f3mico de tacto suave.Meticulosamente perfeccionado para garantizar una experiencia de tiro espectacular.El Wave XR ha sido dise\u00f1ado para optimizar al m\u00e1ximo cada tiro sin necesidad de gastar de m\u00e1s.Disponible en los siguientes colores: Beige, Negro, Azul, Gris, Verde, Naranja, Morado, Rojo, Blanco, Amarillo.\",\"breadcrumb\":{\"@id\":\"https:\\\/\\\/moitoarchery.com\\\/en\\\/product\\\/mybo-wave-xr-cerakote-finish-25-riser-for-olympic-bow-rh-lh\\\/#breadcrumb\"},\"inLanguage\":\"en-US\",\"potentialAction\":[{\"@type\":\"ReadAction\",\"target\":[\"https:\\\/\\\/moitoarchery.com\\\/en\\\/product\\\/mybo-wave-xr-cerakote-finish-25-riser-for-olympic-bow-rh-lh\\\/\"]}]},{\"@type\":\"ImageObject\",\"inLanguage\":\"en-US\",\"@id\":\"https:\\\/\\\/moitoarchery.com\\\/en\\\/product\\\/mybo-wave-xr-cerakote-finish-25-riser-for-olympic-bow-rh-lh\\\/#primaryimage\",\"url\":\"https:\\\/\\\/moitoarchery.com\\\/wp-content\\\/uploads\\\/2024\\\/04\\\/WAVE-XR-CERAKOTE.jpg\",\"contentUrl\":\"https:\\\/\\\/moitoarchery.com\\\/wp-content\\\/uploads\\\/2024\\\/04\\\/WAVE-XR-CERAKOTE.jpg\",\"width\":800,\"height\":800,\"caption\":\"Mybo Wave XR Cerakote Finish 25\u201d Riser for Olympic Bow RH\\\/LH\"},{\"@type\":\"BreadcrumbList\",\"@id\":\"https:\\\/\\\/moitoarchery.com\\\/en\\\/product\\\/mybo-wave-xr-cerakote-finish-25-riser-for-olympic-bow-rh-lh\\\/#breadcrumb\",\"itemListElement\":[{\"@type\":\"ListItem\",\"position\":1,\"name\":\"Portada\",\"item\":\"https:\\\/\\\/moitoarchery.com\\\/en\\\/\"},{\"@type\":\"ListItem\",\"position\":2,\"name\":\"Shop\",\"item\":\"https:\\\/\\\/moitoarchery.com\\\/en\\\/shop\\\/\"},{\"@type\":\"ListItem\",\"position\":3,\"name\":\"Mybo Wave XR Cerakote Finish 25\u201d Riser for Olympic Bow RH\\\/LH\"}]},{\"@type\":\"WebSite\",\"@id\":\"https:\\\/\\\/moitoarchery.com\\\/en\\\/#website\",\"url\":\"https:\\\/\\\/moitoarchery.com\\\/en\\\/\",\"name\":\"MoitoArchery\",\"description\":\"Tienda de Tiro con arco\",\"publisher\":{\"@id\":\"https:\\\/\\\/moitoarchery.com\\\/en\\\/#organization\"},\"potentialAction\":[{\"@type\":\"SearchAction\",\"target\":{\"@type\":\"EntryPoint\",\"urlTemplate\":\"https:\\\/\\\/moitoarchery.com\\\/en\\\/?s={search_term_string}\"},\"query-input\":{\"@type\":\"PropertyValueSpecification\",\"valueRequired\":true,\"valueName\":\"search_term_string\"}}],\"inLanguage\":\"en-US\"},{\"@type\":\"Organization\",\"@id\":\"https:\\\/\\\/moitoarchery.com\\\/en\\\/#organization\",\"name\":\"MoitoArchery\",\"url\":\"https:\\\/\\\/moitoarchery.com\\\/en\\\/\",\"logo\":{\"@type\":\"ImageObject\",\"inLanguage\":\"en-US\",\"@id\":\"https:\\\/\\\/moitoarchery.com\\\/en\\\/#\\\/schema\\\/logo\\\/image\\\/\",\"url\":\"https:\\\/\\\/moitoarchery.com\\\/wp-content\\\/uploads\\\/2020\\\/09\\\/logotipo-moitoarchery.png\",\"contentUrl\":\"https:\\\/\\\/moitoarchery.com\\\/wp-content\\\/uploads\\\/2020\\\/09\\\/logotipo-moitoarchery.png\",\"width\":300,\"height\":66,\"caption\":\"MoitoArchery\"},\"image\":{\"@id\":\"https:\\\/\\\/moitoarchery.com\\\/en\\\/#\\\/schema\\\/logo\\\/image\\\/\"},\"sameAs\":[\"https:\\\/\\\/www.facebook.com\\\/arqueriaOnline\\\/\",\"https:\\\/\\\/www.instagram.com\\\/moitoarchery\\\/\",\"https:\\\/\\\/www.youtube.com\\\/channel\\\/UCvmj39gVUIKVoJJ6vQC9GPA\\\/\"]}]}<\/script>\n<!-- \/ Yoast SEO plugin. -->","yoast_head_json":{"title":"Mybo Wave XR Cerakote Finish 25\u201d Riser for Olympic Bow RH\/LH - MoitoArchery","description":"El cuerpo del Wave XR Cerakote Finish de 25\" de la marca Mybo es ideal\u00a0 para principiantes como para tiradores experimentados, gracias a su gran equilibrio lateral y su agarre ergon\u00f3mico de tacto suave.Meticulosamente perfeccionado para garantizar una experiencia de tiro espectacular.El Wave XR ha sido dise\u00f1ado para optimizar al m\u00e1ximo cada tiro sin necesidad de gastar de m\u00e1s.Disponible en los siguientes colores: Beige, Negro, Azul, Gris, Verde, Naranja, Morado, Rojo, Blanco, Amarillo.","robots":{"index":"index","follow":"follow","max-snippet":"max-snippet:-1","max-image-preview":"max-image-preview:large","max-video-preview":"max-video-preview:-1"},"canonical":"https:\/\/moitoarchery.com\/en\/product\/mybo-wave-xr-cerakote-finish-25-riser-for-olympic-bow-rh-lh\/","og_locale":"en_US","og_type":"article","og_title":"Mybo Wave XR Cerakote Finish 25\u201d Riser for Olympic Bow RH\/LH - MoitoArchery","og_description":"El cuerpo del Wave XR Cerakote Finish de 25\" de la marca Mybo es ideal\u00a0 para principiantes como para tiradores experimentados, gracias a su gran equilibrio lateral y su agarre ergon\u00f3mico de tacto suave.Meticulosamente perfeccionado para garantizar una experiencia de tiro espectacular.El Wave XR ha sido dise\u00f1ado para optimizar al m\u00e1ximo cada tiro sin necesidad de gastar de m\u00e1s.Disponible en los siguientes colores: Beige, Negro, Azul, Gris, Verde, Naranja, Morado, Rojo, Blanco, Amarillo.","og_url":"https:\/\/moitoarchery.com\/en\/product\/mybo-wave-xr-cerakote-finish-25-riser-for-olympic-bow-rh-lh\/","og_site_name":"MoitoArchery","article_publisher":"https:\/\/www.facebook.com\/arqueriaOnline\/","article_modified_time":"2025-11-13T08:38:18+00:00","og_image":[{"width":800,"height":800,"url":"https:\/\/moitoarchery.com\/wp-content\/uploads\/2024\/04\/WAVE-XR-CERAKOTE.jpg","type":"image\/jpeg"}],"twitter_card":"summary_large_image","twitter_misc":{"Est. reading time":"1 minute"},"schema":{"@context":"https:\/\/schema.org","@graph":[{"@type":"WebPage","@id":"https:\/\/moitoarchery.com\/en\/product\/mybo-wave-xr-cerakote-finish-25-riser-for-olympic-bow-rh-lh\/","url":"https:\/\/moitoarchery.com\/en\/product\/mybo-wave-xr-cerakote-finish-25-riser-for-olympic-bow-rh-lh\/","name":"Mybo Wave XR Cerakote Finish 25\u201d Riser for Olympic Bow RH\/LH - MoitoArchery","isPartOf":{"@id":"https:\/\/moitoarchery.com\/en\/#website"},"primaryImageOfPage":{"@id":"https:\/\/moitoarchery.com\/en\/product\/mybo-wave-xr-cerakote-finish-25-riser-for-olympic-bow-rh-lh\/#primaryimage"},"image":{"@id":"https:\/\/moitoarchery.com\/en\/product\/mybo-wave-xr-cerakote-finish-25-riser-for-olympic-bow-rh-lh\/#primaryimage"},"thumbnailUrl":"https:\/\/moitoarchery.com\/wp-content\/uploads\/2024\/04\/WAVE-XR-CERAKOTE.jpg","datePublished":"2024-04-15T09:16:34+00:00","dateModified":"2025-11-13T08:38:18+00:00","description":"El cuerpo del Wave XR Cerakote Finish de 25\" de la marca Mybo es ideal\u00a0 para principiantes como para tiradores experimentados, gracias a su gran equilibrio lateral y su agarre ergon\u00f3mico de tacto suave.Meticulosamente perfeccionado para garantizar una experiencia de tiro espectacular.El Wave XR ha sido dise\u00f1ado para optimizar al m\u00e1ximo cada tiro sin necesidad de gastar de m\u00e1s.Disponible en los siguientes colores: Beige, Negro, Azul, Gris, Verde, Naranja, Morado, Rojo, Blanco, Amarillo.","breadcrumb":{"@id":"https:\/\/moitoarchery.com\/en\/product\/mybo-wave-xr-cerakote-finish-25-riser-for-olympic-bow-rh-lh\/#breadcrumb"},"inLanguage":"en-US","potentialAction":[{"@type":"ReadAction","target":["https:\/\/moitoarchery.com\/en\/product\/mybo-wave-xr-cerakote-finish-25-riser-for-olympic-bow-rh-lh\/"]}]},{"@type":"ImageObject","inLanguage":"en-US","@id":"https:\/\/moitoarchery.com\/en\/product\/mybo-wave-xr-cerakote-finish-25-riser-for-olympic-bow-rh-lh\/#primaryimage","url":"https:\/\/moitoarchery.com\/wp-content\/uploads\/2024\/04\/WAVE-XR-CERAKOTE.jpg","contentUrl":"https:\/\/moitoarchery.com\/wp-content\/uploads\/2024\/04\/WAVE-XR-CERAKOTE.jpg","width":800,"height":800,"caption":"Mybo Wave XR Cerakote Finish 25\u201d Riser for Olympic Bow RH\/LH"},{"@type":"BreadcrumbList","@id":"https:\/\/moitoarchery.com\/en\/product\/mybo-wave-xr-cerakote-finish-25-riser-for-olympic-bow-rh-lh\/#breadcrumb","itemListElement":[{"@type":"ListItem","position":1,"name":"Portada","item":"https:\/\/moitoarchery.com\/en\/"},{"@type":"ListItem","position":2,"name":"Shop","item":"https:\/\/moitoarchery.com\/en\/shop\/"},{"@type":"ListItem","position":3,"name":"Mybo Wave XR Cerakote Finish 25\u201d Riser for Olympic Bow RH\/LH"}]},{"@type":"WebSite","@id":"https:\/\/moitoarchery.com\/en\/#website","url":"https:\/\/moitoarchery.com\/en\/","name":"MoitoArchery","description":"Tienda de Tiro con arco","publisher":{"@id":"https:\/\/moitoarchery.com\/en\/#organization"},"potentialAction":[{"@type":"SearchAction","target":{"@type":"EntryPoint","urlTemplate":"https:\/\/moitoarchery.com\/en\/?s={search_term_string}"},"query-input":{"@type":"PropertyValueSpecification","valueRequired":true,"valueName":"search_term_string"}}],"inLanguage":"en-US"},{"@type":"Organization","@id":"https:\/\/moitoarchery.com\/en\/#organization","name":"MoitoArchery","url":"https:\/\/moitoarchery.com\/en\/","logo":{"@type":"ImageObject","inLanguage":"en-US","@id":"https:\/\/moitoarchery.com\/en\/#\/schema\/logo\/image\/","url":"https:\/\/moitoarchery.com\/wp-content\/uploads\/2020\/09\/logotipo-moitoarchery.png","contentUrl":"https:\/\/moitoarchery.com\/wp-content\/uploads\/2020\/09\/logotipo-moitoarchery.png","width":300,"height":66,"caption":"MoitoArchery"},"image":{"@id":"https:\/\/moitoarchery.com\/en\/#\/schema\/logo\/image\/"},"sameAs":["https:\/\/www.facebook.com\/arqueriaOnline\/","https:\/\/www.instagram.com\/moitoarchery\/","https:\/\/www.youtube.com\/channel\/UCvmj39gVUIKVoJJ6vQC9GPA\/"]}]}},"_links":{"self":[{"href":"https:\/\/moitoarchery.com\/en\/wp-json\/wp\/v2\/product\/83624","targetHints":{"allow":["GET"]}}],"collection":[{"href":"https:\/\/moitoarchery.com\/en\/wp-json\/wp\/v2\/product"}],"about":[{"href":"https:\/\/moitoarchery.com\/en\/wp-json\/wp\/v2\/types\/product"}],"replies":[{"embeddable":true,"href":"https:\/\/moitoarchery.com\/en\/wp-json\/wp\/v2\/comments?post=83624"}],"version-history":[{"count":0,"href":"https:\/\/moitoarchery.com\/en\/wp-json\/wp\/v2\/product\/83624\/revisions"}],"wp:featuredmedia":[{"embeddable":true,"href":"https:\/\/moitoarchery.com\/en\/wp-json\/wp\/v2\/media\/67688"}],"wp:attachment":[{"href":"https:\/\/moitoarchery.com\/en\/wp-json\/wp\/v2\/media?parent=83624"}],"wp:term":[{"taxonomy":"product_brand","embeddable":true,"href":"https:\/\/moitoarchery.com\/en\/wp-json\/wp\/v2\/product_brand?post=83624"},{"taxonomy":"product_cat","embeddable":true,"href":"https:\/\/moitoarchery.com\/en\/wp-json\/wp\/v2\/product_cat?post=83624"},{"taxonomy":"product_tag","embeddable":true,"href":"https:\/\/moitoarchery.com\/en\/wp-json\/wp\/v2\/product_tag?post=83624"}],"curies":[{"name":"wp","href":"https:\/\/api.w.org\/{rel}","templated":true}]}}