{"id":83117,"date":"2024-06-25T12:24:05","date_gmt":"2024-06-25T10:24:05","guid":{"rendered":"https:\/\/moitoarchery.com\/producto\/gillo-gtl-q7-carbon-foam-matte-ilf-limbs\/"},"modified":"2025-12-19T10:59:47","modified_gmt":"2025-12-19T09:59:47","slug":"gillo-gtl-q7-carbon-foam-matte-ilf-limbs","status":"publish","type":"product","link":"https:\/\/moitoarchery.com\/en\/product\/gillo-gtl-q7-carbon-foam-matte-ilf-limbs\/","title":{"rendered":"Gillo GTL Q7 Carbon Foam Matte ILF limbs"},"content":{"rendered":"<p>The Gillo GTL Q7 Carbon Foam limbs are designed to maximize performance with every shot.<\/p>\n<p>These limbs, with a smooth matte finish, feature an advanced curve that helps achieve greater speed. They also have a softer area near the clicker, offering better control of the shot.<\/p>\n<p><strong>Features:<\/strong><\/p>\n<ul>\n<li>Material: Carbon and Foam.<\/li>\n<li>Sizes: 66&#8243;, 68&#8243; and 70&#8243; for 25&#8243; risers.<\/li>\n<li>Draw weights: 26-38 lbs.<\/li>\n<li>Attachment: ILF.<\/li>\n<\/ul>\n<h2>Orders for distributor requests:<\/h2>\n<p><b>Special order:<\/b> To choose colors or other features, if any, you can contact us to check the available stock from our distributor or for any advisory questions before placing your special order. Prices may vary depending on the color.<\/p>\n<p><b>Delivery time:<\/b> The minimum delivery time is approximately 10-14 days, but in some cases, it may be longer due to possible delays, stock shortages, or other reasons.<\/p>\n<p><b>Workshop service:<\/b> We offer assembly and adjustment services at our workshop for all compound bows. You can check out the various services on our <a href=\"https:\/\/moitoarchery.com\/en\/archery-workshop-service-adjustments-maintenance-and-repairs\/\">workshop page<\/a>.<\/p>\n","protected":false},"excerpt":{"rendered":"<p>The Gillo GTL Q7 Carbon Foam limbs are designed to maximize performance with every shot.<\/p>\n<p>These limbs, with a smooth matte finish, feature an advanced curve that helps achieve greater speed. They also have a softer area near the clicker, offering better control of the shot.<\/p>\n<p><strong>Features:<\/strong><\/p>\n<ul>\n<li>Material: Carbon and Foam.<\/li>\n<li>Sizes: 66&#8243;, 68&#8243; and 70&#8243; for 25&#8243; risers.<\/li>\n<li>Draw weights: 26-38 lbs.<\/li>\n<li>Attachment: ILF.<\/li>\n<\/ul>\n<h2>Orders for distributor requests:<\/h2>\n<p><b>Special order:<\/b> To choose colors or other features, if any, you can contact us to check the available stock from our distributor or for any advisory questions before placing your special order. Prices may vary depending on the color.<\/p>\n<p><b>Delivery time:<\/b> The minimum delivery time is approximately 10-14 days, but in some cases, it may be longer due to possible delays, stock shortages, or other reasons.<\/p>\n<p><b>Workshop service:<\/b> We offer assembly and adjustment services at our workshop for all compound bows. You can check out the various services on our <a href=\"https:\/\/moitoarchery.com\/en\/archery-workshop-service-adjustments-maintenance-and-repairs\/\">workshop page<\/a>.<\/p>\n","protected":false},"featured_media":69911,"comment_status":"open","ping_status":"closed","template":"","meta":{"_acf_changed":false},"product_brand":[],"product_cat":[2526],"product_tag":[2522,2521],"class_list":{"0":"post-83117","1":"product","2":"type-product","3":"status-publish","4":"has-post-thumbnail","6":"product_cat-limbs","7":"product_tag-barebow","8":"product_tag-olimpic-bow","10":"first","11":"onbackorder","12":"sale","13":"taxable","14":"shipping-taxable","15":"purchasable","16":"product-type-variable"},"acf":[],"yoast_head":"<!-- This site is optimized with the Yoast SEO plugin v27.3 - https:\/\/yoast.com\/product\/yoast-seo-wordpress\/ -->\n<title>Gillo GTL Q7 Carbon Foam Matte ILF limbs - MoitoArchery<\/title>\n<meta name=\"description\" content=\"Las palas GTL Q7 Carbon Foam de la marca Gillo est\u00e1n dise\u00f1adas para sacar el m\u00e1ximo rendimiento a cada tiro.Estas palas de acabado liso y mate tienen una curva avanzada, lo que ayuda a obtener una mayor velocidad. Tambi\u00e9n dispone una parte blanda en la zona del clicker que ofrece un mejor control del disparo.Caracter\u00edsticas:Material: Carbono y Espuma.Tama\u00f1os: 66\u2033, 68\u2033 y 70\u2033 para cuerpos de 25\u2033Potencias: 26-38 lbsAnclaje: ILF\" \/>\n<meta name=\"robots\" content=\"index, follow, max-snippet:-1, max-image-preview:large, max-video-preview:-1\" \/>\n<link rel=\"canonical\" href=\"https:\/\/moitoarchery.com\/en\/product\/gillo-gtl-q7-carbon-foam-matte-ilf-limbs\/\" \/>\n<meta property=\"og:locale\" content=\"en_US\" \/>\n<meta property=\"og:type\" content=\"article\" \/>\n<meta property=\"og:title\" content=\"Gillo GTL Q7 Carbon Foam Matte ILF limbs - MoitoArchery\" \/>\n<meta property=\"og:description\" content=\"Las palas GTL Q7 Carbon Foam de la marca Gillo est\u00e1n dise\u00f1adas para sacar el m\u00e1ximo rendimiento a cada tiro.Estas palas de acabado liso y mate tienen una curva avanzada, lo que ayuda a obtener una mayor velocidad. Tambi\u00e9n dispone una parte blanda en la zona del clicker que ofrece un mejor control del disparo.Caracter\u00edsticas:Material: Carbono y Espuma.Tama\u00f1os: 66\u2033, 68\u2033 y 70\u2033 para cuerpos de 25\u2033Potencias: 26-38 lbsAnclaje: ILF\" \/>\n<meta property=\"og:url\" content=\"https:\/\/moitoarchery.com\/en\/product\/gillo-gtl-q7-carbon-foam-matte-ilf-limbs\/\" \/>\n<meta property=\"og:site_name\" content=\"MoitoArchery\" \/>\n<meta property=\"article:publisher\" content=\"https:\/\/www.facebook.com\/arqueriaOnline\/\" \/>\n<meta property=\"article:modified_time\" content=\"2025-12-19T09:59:47+00:00\" \/>\n<meta property=\"og:image\" content=\"https:\/\/moitoarchery.com\/wp-content\/uploads\/2024\/06\/q7.png\" \/>\n\t<meta property=\"og:image:width\" content=\"480\" \/>\n\t<meta property=\"og:image:height\" content=\"480\" \/>\n\t<meta property=\"og:image:type\" content=\"image\/png\" \/>\n<meta name=\"twitter:card\" content=\"summary_large_image\" \/>\n<meta name=\"twitter:label1\" content=\"Est. reading time\" \/>\n\t<meta name=\"twitter:data1\" content=\"1 minute\" \/>\n<script type=\"application\/ld+json\" class=\"yoast-schema-graph\">{\"@context\":\"https:\\\/\\\/schema.org\",\"@graph\":[{\"@type\":\"WebPage\",\"@id\":\"https:\\\/\\\/moitoarchery.com\\\/en\\\/product\\\/gillo-gtl-q7-carbon-foam-matte-ilf-limbs\\\/\",\"url\":\"https:\\\/\\\/moitoarchery.com\\\/en\\\/product\\\/gillo-gtl-q7-carbon-foam-matte-ilf-limbs\\\/\",\"name\":\"Gillo GTL Q7 Carbon Foam Matte ILF limbs - MoitoArchery\",\"isPartOf\":{\"@id\":\"https:\\\/\\\/moitoarchery.com\\\/en\\\/#website\"},\"primaryImageOfPage\":{\"@id\":\"https:\\\/\\\/moitoarchery.com\\\/en\\\/product\\\/gillo-gtl-q7-carbon-foam-matte-ilf-limbs\\\/#primaryimage\"},\"image\":{\"@id\":\"https:\\\/\\\/moitoarchery.com\\\/en\\\/product\\\/gillo-gtl-q7-carbon-foam-matte-ilf-limbs\\\/#primaryimage\"},\"thumbnailUrl\":\"https:\\\/\\\/moitoarchery.com\\\/wp-content\\\/uploads\\\/2024\\\/06\\\/q7.png\",\"datePublished\":\"2024-06-25T10:24:05+00:00\",\"dateModified\":\"2025-12-19T09:59:47+00:00\",\"description\":\"Las palas GTL Q7 Carbon Foam de la marca Gillo est\u00e1n dise\u00f1adas para sacar el m\u00e1ximo rendimiento a cada tiro.Estas palas de acabado liso y mate tienen una curva avanzada, lo que ayuda a obtener una mayor velocidad. Tambi\u00e9n dispone una parte blanda en la zona del clicker que ofrece un mejor control del disparo.Caracter\u00edsticas:Material: Carbono y Espuma.Tama\u00f1os: 66\u2033, 68\u2033 y 70\u2033 para cuerpos de 25\u2033Potencias: 26-38 lbsAnclaje: ILF\",\"breadcrumb\":{\"@id\":\"https:\\\/\\\/moitoarchery.com\\\/en\\\/product\\\/gillo-gtl-q7-carbon-foam-matte-ilf-limbs\\\/#breadcrumb\"},\"inLanguage\":\"en-US\",\"potentialAction\":[{\"@type\":\"ReadAction\",\"target\":[\"https:\\\/\\\/moitoarchery.com\\\/en\\\/product\\\/gillo-gtl-q7-carbon-foam-matte-ilf-limbs\\\/\"]}]},{\"@type\":\"ImageObject\",\"inLanguage\":\"en-US\",\"@id\":\"https:\\\/\\\/moitoarchery.com\\\/en\\\/product\\\/gillo-gtl-q7-carbon-foam-matte-ilf-limbs\\\/#primaryimage\",\"url\":\"https:\\\/\\\/moitoarchery.com\\\/wp-content\\\/uploads\\\/2024\\\/06\\\/q7.png\",\"contentUrl\":\"https:\\\/\\\/moitoarchery.com\\\/wp-content\\\/uploads\\\/2024\\\/06\\\/q7.png\",\"width\":480,\"height\":480,\"caption\":\"Gillo GTL Q7 Carbon Foam Matte ILF limbs\"},{\"@type\":\"BreadcrumbList\",\"@id\":\"https:\\\/\\\/moitoarchery.com\\\/en\\\/product\\\/gillo-gtl-q7-carbon-foam-matte-ilf-limbs\\\/#breadcrumb\",\"itemListElement\":[{\"@type\":\"ListItem\",\"position\":1,\"name\":\"Portada\",\"item\":\"https:\\\/\\\/moitoarchery.com\\\/en\\\/\"},{\"@type\":\"ListItem\",\"position\":2,\"name\":\"Shop\",\"item\":\"https:\\\/\\\/moitoarchery.com\\\/en\\\/shop\\\/\"},{\"@type\":\"ListItem\",\"position\":3,\"name\":\"Gillo GTL Q7 Carbon Foam Matte ILF limbs\"}]},{\"@type\":\"WebSite\",\"@id\":\"https:\\\/\\\/moitoarchery.com\\\/en\\\/#website\",\"url\":\"https:\\\/\\\/moitoarchery.com\\\/en\\\/\",\"name\":\"MoitoArchery\",\"description\":\"Tienda de Tiro con arco\",\"publisher\":{\"@id\":\"https:\\\/\\\/moitoarchery.com\\\/en\\\/#organization\"},\"potentialAction\":[{\"@type\":\"SearchAction\",\"target\":{\"@type\":\"EntryPoint\",\"urlTemplate\":\"https:\\\/\\\/moitoarchery.com\\\/en\\\/?s={search_term_string}\"},\"query-input\":{\"@type\":\"PropertyValueSpecification\",\"valueRequired\":true,\"valueName\":\"search_term_string\"}}],\"inLanguage\":\"en-US\"},{\"@type\":\"Organization\",\"@id\":\"https:\\\/\\\/moitoarchery.com\\\/en\\\/#organization\",\"name\":\"MoitoArchery\",\"url\":\"https:\\\/\\\/moitoarchery.com\\\/en\\\/\",\"logo\":{\"@type\":\"ImageObject\",\"inLanguage\":\"en-US\",\"@id\":\"https:\\\/\\\/moitoarchery.com\\\/en\\\/#\\\/schema\\\/logo\\\/image\\\/\",\"url\":\"https:\\\/\\\/moitoarchery.com\\\/wp-content\\\/uploads\\\/2020\\\/09\\\/logotipo-moitoarchery.png\",\"contentUrl\":\"https:\\\/\\\/moitoarchery.com\\\/wp-content\\\/uploads\\\/2020\\\/09\\\/logotipo-moitoarchery.png\",\"width\":300,\"height\":66,\"caption\":\"MoitoArchery\"},\"image\":{\"@id\":\"https:\\\/\\\/moitoarchery.com\\\/en\\\/#\\\/schema\\\/logo\\\/image\\\/\"},\"sameAs\":[\"https:\\\/\\\/www.facebook.com\\\/arqueriaOnline\\\/\",\"https:\\\/\\\/www.instagram.com\\\/moitoarchery\\\/\",\"https:\\\/\\\/www.youtube.com\\\/channel\\\/UCvmj39gVUIKVoJJ6vQC9GPA\\\/\"]}]}<\/script>\n<!-- \/ Yoast SEO plugin. -->","yoast_head_json":{"title":"Gillo GTL Q7 Carbon Foam Matte ILF limbs - MoitoArchery","description":"Las palas GTL Q7 Carbon Foam de la marca Gillo est\u00e1n dise\u00f1adas para sacar el m\u00e1ximo rendimiento a cada tiro.Estas palas de acabado liso y mate tienen una curva avanzada, lo que ayuda a obtener una mayor velocidad. Tambi\u00e9n dispone una parte blanda en la zona del clicker que ofrece un mejor control del disparo.Caracter\u00edsticas:Material: Carbono y Espuma.Tama\u00f1os: 66\u2033, 68\u2033 y 70\u2033 para cuerpos de 25\u2033Potencias: 26-38 lbsAnclaje: ILF","robots":{"index":"index","follow":"follow","max-snippet":"max-snippet:-1","max-image-preview":"max-image-preview:large","max-video-preview":"max-video-preview:-1"},"canonical":"https:\/\/moitoarchery.com\/en\/product\/gillo-gtl-q7-carbon-foam-matte-ilf-limbs\/","og_locale":"en_US","og_type":"article","og_title":"Gillo GTL Q7 Carbon Foam Matte ILF limbs - MoitoArchery","og_description":"Las palas GTL Q7 Carbon Foam de la marca Gillo est\u00e1n dise\u00f1adas para sacar el m\u00e1ximo rendimiento a cada tiro.Estas palas de acabado liso y mate tienen una curva avanzada, lo que ayuda a obtener una mayor velocidad. Tambi\u00e9n dispone una parte blanda en la zona del clicker que ofrece un mejor control del disparo.Caracter\u00edsticas:Material: Carbono y Espuma.Tama\u00f1os: 66\u2033, 68\u2033 y 70\u2033 para cuerpos de 25\u2033Potencias: 26-38 lbsAnclaje: ILF","og_url":"https:\/\/moitoarchery.com\/en\/product\/gillo-gtl-q7-carbon-foam-matte-ilf-limbs\/","og_site_name":"MoitoArchery","article_publisher":"https:\/\/www.facebook.com\/arqueriaOnline\/","article_modified_time":"2025-12-19T09:59:47+00:00","og_image":[{"width":480,"height":480,"url":"https:\/\/moitoarchery.com\/wp-content\/uploads\/2024\/06\/q7.png","type":"image\/png"}],"twitter_card":"summary_large_image","twitter_misc":{"Est. reading time":"1 minute"},"schema":{"@context":"https:\/\/schema.org","@graph":[{"@type":"WebPage","@id":"https:\/\/moitoarchery.com\/en\/product\/gillo-gtl-q7-carbon-foam-matte-ilf-limbs\/","url":"https:\/\/moitoarchery.com\/en\/product\/gillo-gtl-q7-carbon-foam-matte-ilf-limbs\/","name":"Gillo GTL Q7 Carbon Foam Matte ILF limbs - MoitoArchery","isPartOf":{"@id":"https:\/\/moitoarchery.com\/en\/#website"},"primaryImageOfPage":{"@id":"https:\/\/moitoarchery.com\/en\/product\/gillo-gtl-q7-carbon-foam-matte-ilf-limbs\/#primaryimage"},"image":{"@id":"https:\/\/moitoarchery.com\/en\/product\/gillo-gtl-q7-carbon-foam-matte-ilf-limbs\/#primaryimage"},"thumbnailUrl":"https:\/\/moitoarchery.com\/wp-content\/uploads\/2024\/06\/q7.png","datePublished":"2024-06-25T10:24:05+00:00","dateModified":"2025-12-19T09:59:47+00:00","description":"Las palas GTL Q7 Carbon Foam de la marca Gillo est\u00e1n dise\u00f1adas para sacar el m\u00e1ximo rendimiento a cada tiro.Estas palas de acabado liso y mate tienen una curva avanzada, lo que ayuda a obtener una mayor velocidad. Tambi\u00e9n dispone una parte blanda en la zona del clicker que ofrece un mejor control del disparo.Caracter\u00edsticas:Material: Carbono y Espuma.Tama\u00f1os: 66\u2033, 68\u2033 y 70\u2033 para cuerpos de 25\u2033Potencias: 26-38 lbsAnclaje: ILF","breadcrumb":{"@id":"https:\/\/moitoarchery.com\/en\/product\/gillo-gtl-q7-carbon-foam-matte-ilf-limbs\/#breadcrumb"},"inLanguage":"en-US","potentialAction":[{"@type":"ReadAction","target":["https:\/\/moitoarchery.com\/en\/product\/gillo-gtl-q7-carbon-foam-matte-ilf-limbs\/"]}]},{"@type":"ImageObject","inLanguage":"en-US","@id":"https:\/\/moitoarchery.com\/en\/product\/gillo-gtl-q7-carbon-foam-matte-ilf-limbs\/#primaryimage","url":"https:\/\/moitoarchery.com\/wp-content\/uploads\/2024\/06\/q7.png","contentUrl":"https:\/\/moitoarchery.com\/wp-content\/uploads\/2024\/06\/q7.png","width":480,"height":480,"caption":"Gillo GTL Q7 Carbon Foam Matte ILF limbs"},{"@type":"BreadcrumbList","@id":"https:\/\/moitoarchery.com\/en\/product\/gillo-gtl-q7-carbon-foam-matte-ilf-limbs\/#breadcrumb","itemListElement":[{"@type":"ListItem","position":1,"name":"Portada","item":"https:\/\/moitoarchery.com\/en\/"},{"@type":"ListItem","position":2,"name":"Shop","item":"https:\/\/moitoarchery.com\/en\/shop\/"},{"@type":"ListItem","position":3,"name":"Gillo GTL Q7 Carbon Foam Matte ILF limbs"}]},{"@type":"WebSite","@id":"https:\/\/moitoarchery.com\/en\/#website","url":"https:\/\/moitoarchery.com\/en\/","name":"MoitoArchery","description":"Tienda de Tiro con arco","publisher":{"@id":"https:\/\/moitoarchery.com\/en\/#organization"},"potentialAction":[{"@type":"SearchAction","target":{"@type":"EntryPoint","urlTemplate":"https:\/\/moitoarchery.com\/en\/?s={search_term_string}"},"query-input":{"@type":"PropertyValueSpecification","valueRequired":true,"valueName":"search_term_string"}}],"inLanguage":"en-US"},{"@type":"Organization","@id":"https:\/\/moitoarchery.com\/en\/#organization","name":"MoitoArchery","url":"https:\/\/moitoarchery.com\/en\/","logo":{"@type":"ImageObject","inLanguage":"en-US","@id":"https:\/\/moitoarchery.com\/en\/#\/schema\/logo\/image\/","url":"https:\/\/moitoarchery.com\/wp-content\/uploads\/2020\/09\/logotipo-moitoarchery.png","contentUrl":"https:\/\/moitoarchery.com\/wp-content\/uploads\/2020\/09\/logotipo-moitoarchery.png","width":300,"height":66,"caption":"MoitoArchery"},"image":{"@id":"https:\/\/moitoarchery.com\/en\/#\/schema\/logo\/image\/"},"sameAs":["https:\/\/www.facebook.com\/arqueriaOnline\/","https:\/\/www.instagram.com\/moitoarchery\/","https:\/\/www.youtube.com\/channel\/UCvmj39gVUIKVoJJ6vQC9GPA\/"]}]}},"_links":{"self":[{"href":"https:\/\/moitoarchery.com\/en\/wp-json\/wp\/v2\/product\/83117","targetHints":{"allow":["GET"]}}],"collection":[{"href":"https:\/\/moitoarchery.com\/en\/wp-json\/wp\/v2\/product"}],"about":[{"href":"https:\/\/moitoarchery.com\/en\/wp-json\/wp\/v2\/types\/product"}],"replies":[{"embeddable":true,"href":"https:\/\/moitoarchery.com\/en\/wp-json\/wp\/v2\/comments?post=83117"}],"version-history":[{"count":0,"href":"https:\/\/moitoarchery.com\/en\/wp-json\/wp\/v2\/product\/83117\/revisions"}],"wp:featuredmedia":[{"embeddable":true,"href":"https:\/\/moitoarchery.com\/en\/wp-json\/wp\/v2\/media\/69911"}],"wp:attachment":[{"href":"https:\/\/moitoarchery.com\/en\/wp-json\/wp\/v2\/media?parent=83117"}],"wp:term":[{"taxonomy":"product_brand","embeddable":true,"href":"https:\/\/moitoarchery.com\/en\/wp-json\/wp\/v2\/product_brand?post=83117"},{"taxonomy":"product_cat","embeddable":true,"href":"https:\/\/moitoarchery.com\/en\/wp-json\/wp\/v2\/product_cat?post=83117"},{"taxonomy":"product_tag","embeddable":true,"href":"https:\/\/moitoarchery.com\/en\/wp-json\/wp\/v2\/product_tag?post=83117"}],"curies":[{"name":"wp","href":"https:\/\/api.w.org\/{rel}","templated":true}]}}