{"id":81591,"date":"2024-08-01T13:59:04","date_gmt":"2024-08-01T11:59:04","guid":{"rendered":"https:\/\/moitoarchery.com\/producto\/wiawis-cx7-carbon-foam-ilf-limbs\/"},"modified":"2025-11-12T11:49:05","modified_gmt":"2025-11-12T10:49:05","slug":"wiawis-cx7-carbon-foam-ilf-limbs","status":"publish","type":"product","link":"https:\/\/moitoarchery.com\/en\/product\/wiawis-cx7-carbon-foam-ilf-limbs\/","title":{"rendered":"WiaWis CX7 Carbon Foam ILF Limbs"},"content":{"rendered":"<p>The CX7 limbs from WiaWis have been developed and perfected to absorb all impacts and vibrations from the shot.<\/p>\n<p>Designed for competition, these limbs offer high stability and excellent shooting performance.<\/p>\n<p><strong>Features:<\/strong><\/p>\n<ul>\n<li>Material: Carbon and Foam<\/li>\n<li>Sizes: 66\u2033, 68\u2033, and 70\u2033 for 25\u2033 risers<\/li>\n<li>Draw weights: 28 \u2013 48 lbs<\/li>\n<\/ul>\n<h2>Special Orders for Distributor Purchases:<\/h2>\n<p><b>Special order:<\/b> To choose colors or other features, if available, you can contact us to check the stock available from our distributor or any advisory questions before placing your special order. Prices may vary depending on the color.<\/p>\n<p><b>Delivery time:<\/b> The minimum delivery time is approximately 10-14 days, but in some cases, it may be longer due to potential delays, stock shortages, or other reasons.<\/p>\n<p><b>Workshop Service:<\/b> We offer assembly and adjustment services in our workshop for all compound bows. You can check the various services on our <a href=\"https:\/\/moitoarchery.com\/en\/archery-workshop-service-adjustments-maintenance-and-repairs\/\">workshop page<\/a>.<\/p>\n","protected":false},"excerpt":{"rendered":"<p>The CX7 limbs from WiaWis have been developed and perfected to absorb all impacts and vibrations from the shot.<\/p>\n<p>Designed for competition, these limbs offer high stability and excellent shooting performance.<\/p>\n<p><strong>Features:<\/strong><\/p>\n<ul>\n<li>Material: Carbon and Foam<\/li>\n<li>Sizes: 66\u2033, 68\u2033, and 70\u2033 for 25\u2033 risers<\/li>\n<li>Draw weights: 28 \u2013 48 lbs<\/li>\n<\/ul>\n<h2>Special Orders for Distributor Purchases:<\/h2>\n<p><b>Special order:<\/b> To choose colors or other features, if available, you can contact us to check the stock available from our distributor or any advisory questions before placing your special order. Prices may vary depending on the color.<\/p>\n<p><b>Delivery time:<\/b> The minimum delivery time is approximately 10-14 days, but in some cases, it may be longer due to potential delays, stock shortages, or other reasons.<\/p>\n<p><b>Workshop Service:<\/b> We offer assembly and adjustment services in our workshop for all compound bows. You can check the various services on our <a href=\"https:\/\/moitoarchery.com\/en\/archery-workshop-service-adjustments-maintenance-and-repairs\/\">workshop page<\/a>.<\/p>\n","protected":false},"featured_media":70237,"comment_status":"open","ping_status":"closed","template":"","meta":{"_acf_changed":false},"product_brand":[],"product_cat":[2526],"product_tag":[],"class_list":{"0":"post-81591","1":"product","2":"type-product","3":"status-publish","4":"has-post-thumbnail","6":"product_cat-limbs","7":"product_shipping_class-envio-pe-2090e-ba-3890e","9":"first","10":"onbackorder","11":"sale","12":"taxable","13":"shipping-taxable","14":"purchasable","15":"product-type-variable"},"acf":[],"yoast_head":"<!-- This site is optimized with the Yoast SEO plugin v27.3 - https:\/\/yoast.com\/product\/yoast-seo-wordpress\/ -->\n<title>WiaWis CX7 Carbon Foam ILF Limbs - MoitoArchery<\/title>\n<meta name=\"description\" content=\"Las palas CX7 de la marca WiaWis han sido desarrolladas y perfeccionadas para absorber todos los impactos y vibraciones del tiro.Pensadas para la competici\u00f3n, estas palas consiguen una alta estabilidad y un gran rendimiento de disparo.Caracter\u00edsticas:Material: Carbono y EspumaTama\u00f1os: 66\u2033, 68\u2033 y 70\u2033 para cuerpos de 25\u2033Potencias: 28 \u2013 48 lbs\" \/>\n<meta name=\"robots\" content=\"index, follow, max-snippet:-1, max-image-preview:large, max-video-preview:-1\" \/>\n<link rel=\"canonical\" href=\"https:\/\/moitoarchery.com\/en\/product\/wiawis-cx7-carbon-foam-ilf-limbs\/\" \/>\n<meta property=\"og:locale\" content=\"en_US\" \/>\n<meta property=\"og:type\" content=\"article\" \/>\n<meta property=\"og:title\" content=\"WiaWis CX7 Carbon Foam ILF Limbs - MoitoArchery\" \/>\n<meta property=\"og:description\" content=\"Las palas CX7 de la marca WiaWis han sido desarrolladas y perfeccionadas para absorber todos los impactos y vibraciones del tiro.Pensadas para la competici\u00f3n, estas palas consiguen una alta estabilidad y un gran rendimiento de disparo.Caracter\u00edsticas:Material: Carbono y EspumaTama\u00f1os: 66\u2033, 68\u2033 y 70\u2033 para cuerpos de 25\u2033Potencias: 28 \u2013 48 lbs\" \/>\n<meta property=\"og:url\" content=\"https:\/\/moitoarchery.com\/en\/product\/wiawis-cx7-carbon-foam-ilf-limbs\/\" \/>\n<meta property=\"og:site_name\" content=\"MoitoArchery\" \/>\n<meta property=\"article:publisher\" content=\"https:\/\/www.facebook.com\/arqueriaOnline\/\" \/>\n<meta property=\"article:modified_time\" content=\"2025-11-12T10:49:05+00:00\" \/>\n<meta property=\"og:image\" content=\"https:\/\/moitoarchery.com\/wp-content\/uploads\/2024\/08\/wiawis-cx7.jpg\" \/>\n\t<meta property=\"og:image:width\" content=\"800\" \/>\n\t<meta property=\"og:image:height\" content=\"800\" \/>\n\t<meta property=\"og:image:type\" content=\"image\/jpeg\" \/>\n<meta name=\"twitter:card\" content=\"summary_large_image\" \/>\n<meta name=\"twitter:label1\" content=\"Est. reading time\" \/>\n\t<meta name=\"twitter:data1\" content=\"1 minute\" \/>\n<script type=\"application\/ld+json\" class=\"yoast-schema-graph\">{\"@context\":\"https:\\\/\\\/schema.org\",\"@graph\":[{\"@type\":\"WebPage\",\"@id\":\"https:\\\/\\\/moitoarchery.com\\\/en\\\/product\\\/wiawis-cx7-carbon-foam-ilf-limbs\\\/\",\"url\":\"https:\\\/\\\/moitoarchery.com\\\/en\\\/product\\\/wiawis-cx7-carbon-foam-ilf-limbs\\\/\",\"name\":\"WiaWis CX7 Carbon Foam ILF Limbs - MoitoArchery\",\"isPartOf\":{\"@id\":\"https:\\\/\\\/moitoarchery.com\\\/en\\\/#website\"},\"primaryImageOfPage\":{\"@id\":\"https:\\\/\\\/moitoarchery.com\\\/en\\\/product\\\/wiawis-cx7-carbon-foam-ilf-limbs\\\/#primaryimage\"},\"image\":{\"@id\":\"https:\\\/\\\/moitoarchery.com\\\/en\\\/product\\\/wiawis-cx7-carbon-foam-ilf-limbs\\\/#primaryimage\"},\"thumbnailUrl\":\"https:\\\/\\\/moitoarchery.com\\\/wp-content\\\/uploads\\\/2024\\\/08\\\/wiawis-cx7.jpg\",\"datePublished\":\"2024-08-01T11:59:04+00:00\",\"dateModified\":\"2025-11-12T10:49:05+00:00\",\"description\":\"Las palas CX7 de la marca WiaWis han sido desarrolladas y perfeccionadas para absorber todos los impactos y vibraciones del tiro.Pensadas para la competici\u00f3n, estas palas consiguen una alta estabilidad y un gran rendimiento de disparo.Caracter\u00edsticas:Material: Carbono y EspumaTama\u00f1os: 66\u2033, 68\u2033 y 70\u2033 para cuerpos de 25\u2033Potencias: 28 \u2013 48 lbs\",\"breadcrumb\":{\"@id\":\"https:\\\/\\\/moitoarchery.com\\\/en\\\/product\\\/wiawis-cx7-carbon-foam-ilf-limbs\\\/#breadcrumb\"},\"inLanguage\":\"en-US\",\"potentialAction\":[{\"@type\":\"ReadAction\",\"target\":[\"https:\\\/\\\/moitoarchery.com\\\/en\\\/product\\\/wiawis-cx7-carbon-foam-ilf-limbs\\\/\"]}]},{\"@type\":\"ImageObject\",\"inLanguage\":\"en-US\",\"@id\":\"https:\\\/\\\/moitoarchery.com\\\/en\\\/product\\\/wiawis-cx7-carbon-foam-ilf-limbs\\\/#primaryimage\",\"url\":\"https:\\\/\\\/moitoarchery.com\\\/wp-content\\\/uploads\\\/2024\\\/08\\\/wiawis-cx7.jpg\",\"contentUrl\":\"https:\\\/\\\/moitoarchery.com\\\/wp-content\\\/uploads\\\/2024\\\/08\\\/wiawis-cx7.jpg\",\"width\":800,\"height\":800,\"caption\":\"WiaWis CX7 Carbon Foam ILF Limbs\"},{\"@type\":\"BreadcrumbList\",\"@id\":\"https:\\\/\\\/moitoarchery.com\\\/en\\\/product\\\/wiawis-cx7-carbon-foam-ilf-limbs\\\/#breadcrumb\",\"itemListElement\":[{\"@type\":\"ListItem\",\"position\":1,\"name\":\"Portada\",\"item\":\"https:\\\/\\\/moitoarchery.com\\\/en\\\/\"},{\"@type\":\"ListItem\",\"position\":2,\"name\":\"Shop\",\"item\":\"https:\\\/\\\/moitoarchery.com\\\/en\\\/shop\\\/\"},{\"@type\":\"ListItem\",\"position\":3,\"name\":\"WiaWis CX7 Carbon Foam ILF Limbs\"}]},{\"@type\":\"WebSite\",\"@id\":\"https:\\\/\\\/moitoarchery.com\\\/en\\\/#website\",\"url\":\"https:\\\/\\\/moitoarchery.com\\\/en\\\/\",\"name\":\"MoitoArchery\",\"description\":\"Tienda de Tiro con arco\",\"publisher\":{\"@id\":\"https:\\\/\\\/moitoarchery.com\\\/en\\\/#organization\"},\"potentialAction\":[{\"@type\":\"SearchAction\",\"target\":{\"@type\":\"EntryPoint\",\"urlTemplate\":\"https:\\\/\\\/moitoarchery.com\\\/en\\\/?s={search_term_string}\"},\"query-input\":{\"@type\":\"PropertyValueSpecification\",\"valueRequired\":true,\"valueName\":\"search_term_string\"}}],\"inLanguage\":\"en-US\"},{\"@type\":\"Organization\",\"@id\":\"https:\\\/\\\/moitoarchery.com\\\/en\\\/#organization\",\"name\":\"MoitoArchery\",\"url\":\"https:\\\/\\\/moitoarchery.com\\\/en\\\/\",\"logo\":{\"@type\":\"ImageObject\",\"inLanguage\":\"en-US\",\"@id\":\"https:\\\/\\\/moitoarchery.com\\\/en\\\/#\\\/schema\\\/logo\\\/image\\\/\",\"url\":\"https:\\\/\\\/moitoarchery.com\\\/wp-content\\\/uploads\\\/2020\\\/09\\\/logotipo-moitoarchery.png\",\"contentUrl\":\"https:\\\/\\\/moitoarchery.com\\\/wp-content\\\/uploads\\\/2020\\\/09\\\/logotipo-moitoarchery.png\",\"width\":300,\"height\":66,\"caption\":\"MoitoArchery\"},\"image\":{\"@id\":\"https:\\\/\\\/moitoarchery.com\\\/en\\\/#\\\/schema\\\/logo\\\/image\\\/\"},\"sameAs\":[\"https:\\\/\\\/www.facebook.com\\\/arqueriaOnline\\\/\",\"https:\\\/\\\/www.instagram.com\\\/moitoarchery\\\/\",\"https:\\\/\\\/www.youtube.com\\\/channel\\\/UCvmj39gVUIKVoJJ6vQC9GPA\\\/\"]}]}<\/script>\n<!-- \/ Yoast SEO plugin. -->","yoast_head_json":{"title":"WiaWis CX7 Carbon Foam ILF Limbs - MoitoArchery","description":"Las palas CX7 de la marca WiaWis han sido desarrolladas y perfeccionadas para absorber todos los impactos y vibraciones del tiro.Pensadas para la competici\u00f3n, estas palas consiguen una alta estabilidad y un gran rendimiento de disparo.Caracter\u00edsticas:Material: Carbono y EspumaTama\u00f1os: 66\u2033, 68\u2033 y 70\u2033 para cuerpos de 25\u2033Potencias: 28 \u2013 48 lbs","robots":{"index":"index","follow":"follow","max-snippet":"max-snippet:-1","max-image-preview":"max-image-preview:large","max-video-preview":"max-video-preview:-1"},"canonical":"https:\/\/moitoarchery.com\/en\/product\/wiawis-cx7-carbon-foam-ilf-limbs\/","og_locale":"en_US","og_type":"article","og_title":"WiaWis CX7 Carbon Foam ILF Limbs - MoitoArchery","og_description":"Las palas CX7 de la marca WiaWis han sido desarrolladas y perfeccionadas para absorber todos los impactos y vibraciones del tiro.Pensadas para la competici\u00f3n, estas palas consiguen una alta estabilidad y un gran rendimiento de disparo.Caracter\u00edsticas:Material: Carbono y EspumaTama\u00f1os: 66\u2033, 68\u2033 y 70\u2033 para cuerpos de 25\u2033Potencias: 28 \u2013 48 lbs","og_url":"https:\/\/moitoarchery.com\/en\/product\/wiawis-cx7-carbon-foam-ilf-limbs\/","og_site_name":"MoitoArchery","article_publisher":"https:\/\/www.facebook.com\/arqueriaOnline\/","article_modified_time":"2025-11-12T10:49:05+00:00","og_image":[{"width":800,"height":800,"url":"https:\/\/moitoarchery.com\/wp-content\/uploads\/2024\/08\/wiawis-cx7.jpg","type":"image\/jpeg"}],"twitter_card":"summary_large_image","twitter_misc":{"Est. reading time":"1 minute"},"schema":{"@context":"https:\/\/schema.org","@graph":[{"@type":"WebPage","@id":"https:\/\/moitoarchery.com\/en\/product\/wiawis-cx7-carbon-foam-ilf-limbs\/","url":"https:\/\/moitoarchery.com\/en\/product\/wiawis-cx7-carbon-foam-ilf-limbs\/","name":"WiaWis CX7 Carbon Foam ILF Limbs - MoitoArchery","isPartOf":{"@id":"https:\/\/moitoarchery.com\/en\/#website"},"primaryImageOfPage":{"@id":"https:\/\/moitoarchery.com\/en\/product\/wiawis-cx7-carbon-foam-ilf-limbs\/#primaryimage"},"image":{"@id":"https:\/\/moitoarchery.com\/en\/product\/wiawis-cx7-carbon-foam-ilf-limbs\/#primaryimage"},"thumbnailUrl":"https:\/\/moitoarchery.com\/wp-content\/uploads\/2024\/08\/wiawis-cx7.jpg","datePublished":"2024-08-01T11:59:04+00:00","dateModified":"2025-11-12T10:49:05+00:00","description":"Las palas CX7 de la marca WiaWis han sido desarrolladas y perfeccionadas para absorber todos los impactos y vibraciones del tiro.Pensadas para la competici\u00f3n, estas palas consiguen una alta estabilidad y un gran rendimiento de disparo.Caracter\u00edsticas:Material: Carbono y EspumaTama\u00f1os: 66\u2033, 68\u2033 y 70\u2033 para cuerpos de 25\u2033Potencias: 28 \u2013 48 lbs","breadcrumb":{"@id":"https:\/\/moitoarchery.com\/en\/product\/wiawis-cx7-carbon-foam-ilf-limbs\/#breadcrumb"},"inLanguage":"en-US","potentialAction":[{"@type":"ReadAction","target":["https:\/\/moitoarchery.com\/en\/product\/wiawis-cx7-carbon-foam-ilf-limbs\/"]}]},{"@type":"ImageObject","inLanguage":"en-US","@id":"https:\/\/moitoarchery.com\/en\/product\/wiawis-cx7-carbon-foam-ilf-limbs\/#primaryimage","url":"https:\/\/moitoarchery.com\/wp-content\/uploads\/2024\/08\/wiawis-cx7.jpg","contentUrl":"https:\/\/moitoarchery.com\/wp-content\/uploads\/2024\/08\/wiawis-cx7.jpg","width":800,"height":800,"caption":"WiaWis CX7 Carbon Foam ILF Limbs"},{"@type":"BreadcrumbList","@id":"https:\/\/moitoarchery.com\/en\/product\/wiawis-cx7-carbon-foam-ilf-limbs\/#breadcrumb","itemListElement":[{"@type":"ListItem","position":1,"name":"Portada","item":"https:\/\/moitoarchery.com\/en\/"},{"@type":"ListItem","position":2,"name":"Shop","item":"https:\/\/moitoarchery.com\/en\/shop\/"},{"@type":"ListItem","position":3,"name":"WiaWis CX7 Carbon Foam ILF Limbs"}]},{"@type":"WebSite","@id":"https:\/\/moitoarchery.com\/en\/#website","url":"https:\/\/moitoarchery.com\/en\/","name":"MoitoArchery","description":"Tienda de Tiro con arco","publisher":{"@id":"https:\/\/moitoarchery.com\/en\/#organization"},"potentialAction":[{"@type":"SearchAction","target":{"@type":"EntryPoint","urlTemplate":"https:\/\/moitoarchery.com\/en\/?s={search_term_string}"},"query-input":{"@type":"PropertyValueSpecification","valueRequired":true,"valueName":"search_term_string"}}],"inLanguage":"en-US"},{"@type":"Organization","@id":"https:\/\/moitoarchery.com\/en\/#organization","name":"MoitoArchery","url":"https:\/\/moitoarchery.com\/en\/","logo":{"@type":"ImageObject","inLanguage":"en-US","@id":"https:\/\/moitoarchery.com\/en\/#\/schema\/logo\/image\/","url":"https:\/\/moitoarchery.com\/wp-content\/uploads\/2020\/09\/logotipo-moitoarchery.png","contentUrl":"https:\/\/moitoarchery.com\/wp-content\/uploads\/2020\/09\/logotipo-moitoarchery.png","width":300,"height":66,"caption":"MoitoArchery"},"image":{"@id":"https:\/\/moitoarchery.com\/en\/#\/schema\/logo\/image\/"},"sameAs":["https:\/\/www.facebook.com\/arqueriaOnline\/","https:\/\/www.instagram.com\/moitoarchery\/","https:\/\/www.youtube.com\/channel\/UCvmj39gVUIKVoJJ6vQC9GPA\/"]}]}},"_links":{"self":[{"href":"https:\/\/moitoarchery.com\/en\/wp-json\/wp\/v2\/product\/81591","targetHints":{"allow":["GET"]}}],"collection":[{"href":"https:\/\/moitoarchery.com\/en\/wp-json\/wp\/v2\/product"}],"about":[{"href":"https:\/\/moitoarchery.com\/en\/wp-json\/wp\/v2\/types\/product"}],"replies":[{"embeddable":true,"href":"https:\/\/moitoarchery.com\/en\/wp-json\/wp\/v2\/comments?post=81591"}],"version-history":[{"count":0,"href":"https:\/\/moitoarchery.com\/en\/wp-json\/wp\/v2\/product\/81591\/revisions"}],"wp:featuredmedia":[{"embeddable":true,"href":"https:\/\/moitoarchery.com\/en\/wp-json\/wp\/v2\/media\/70237"}],"wp:attachment":[{"href":"https:\/\/moitoarchery.com\/en\/wp-json\/wp\/v2\/media?parent=81591"}],"wp:term":[{"taxonomy":"product_brand","embeddable":true,"href":"https:\/\/moitoarchery.com\/en\/wp-json\/wp\/v2\/product_brand?post=81591"},{"taxonomy":"product_cat","embeddable":true,"href":"https:\/\/moitoarchery.com\/en\/wp-json\/wp\/v2\/product_cat?post=81591"},{"taxonomy":"product_tag","embeddable":true,"href":"https:\/\/moitoarchery.com\/en\/wp-json\/wp\/v2\/product_tag?post=81591"}],"curies":[{"name":"wp","href":"https:\/\/api.w.org\/{rel}","templated":true}]}}