{"id":81428,"date":"2024-07-30T17:18:38","date_gmt":"2024-07-30T15:18:38","guid":{"rendered":"https:\/\/moitoarchery.com\/producto\/sebastien-flute-ignio-ilf-limbs\/"},"modified":"2025-11-12T11:49:09","modified_gmt":"2025-11-12T10:49:09","slug":"sebastien-flute-ignio-ilf-limbs","status":"publish","type":"product","link":"https:\/\/moitoarchery.com\/en\/product\/sebastien-flute-ignio-ilf-limbs\/","title":{"rendered":"Sebastien Flute Ignio ILF Limbs"},"content":{"rendered":"<p>The Sebastien Flute Ignio limbs are the brand&#8217;s first competition limbs.<\/p>\n<p>Made using cross-laminated carbon fiber, they are excellent limbs for starting in competitions, thanks to their great performance, consistency, and durability.<\/p>\n<p>They use the universal ILF anchoring system.<\/p>\n<p><strong>Features:<\/strong><\/p>\n<ul>\n<li>Material: Crossed Carbon and Foam<\/li>\n<li>Sizes: 66&#8243;, 68&#8243; and 70&#8243; for 25\u2033 risers<\/li>\n<li>Draw weights: 16 &#8211; 44 lbs<\/li>\n<li>ILF Anchoring system<\/li>\n<\/ul>\n<h2>Special Orders for Distributor Purchases:<\/h2>\n<p><b>Special order:<\/b> To choose colors or other features, if available, you can contact us to check the stock available from our distributor or any advisory questions before placing your special order. Prices may vary depending on the color.<\/p>\n<p><b>Delivery time:<\/b> The minimum delivery time is approximately 10-14 days, but in some cases, it may be longer due to potential delays, stock shortages, or other reasons.<\/p>\n<p><b>Workshop Service:<\/b> We offer assembly and adjustment services in our workshop for all compound bows. You can check the various services on our <a href=\"https:\/\/moitoarchery.com\/en\/archery-workshop-service-adjustments-maintenance-and-repairs\/\">workshop page<\/a>.<\/p>\n","protected":false},"excerpt":{"rendered":"<p>The Sebastien Flute Ignio limbs are the brand&#8217;s first competition limbs.<\/p>\n<p>Made using cross-laminated carbon fiber, they are excellent limbs for starting in competitions, thanks to their great performance, consistency, and durability.<\/p>\n<p>They use the universal ILF anchoring system.<\/p>\n<p><strong>Features:<\/strong><\/p>\n<ul>\n<li>Material: Crossed Carbon and Foam<\/li>\n<li>Sizes: 66&#8243;, 68&#8243; and 70&#8243; for 25\u2033 risers<\/li>\n<li>Draw weights: 16 &#8211; 44 lbs<\/li>\n<li>ILF Anchoring system<\/li>\n<\/ul>\n<h2>Special Orders for Distributor Purchases:<\/h2>\n<p><b>Special order:<\/b> To choose colors or other features, if available, you can contact us to check the stock available from our distributor or any advisory questions before placing your special order. Prices may vary depending on the color.<\/p>\n<p><b>Delivery time:<\/b> The minimum delivery time is approximately 10-14 days, but in some cases, it may be longer due to potential delays, stock shortages, or other reasons.<\/p>\n<p><b>Workshop Service:<\/b> We offer assembly and adjustment services in our workshop for all compound bows. You can check the various services on our <a href=\"https:\/\/moitoarchery.com\/en\/archery-workshop-service-adjustments-maintenance-and-repairs\/\">workshop page<\/a>.<\/p>\n","protected":false},"featured_media":70223,"comment_status":"open","ping_status":"closed","template":"","meta":{"_acf_changed":false},"product_brand":[],"product_cat":[2526,2658],"product_tag":[2522,2521],"class_list":{"0":"post-81428","1":"product","2":"type-product","3":"status-publish","4":"has-post-thumbnail","6":"product_cat-limbs","7":"product_cat-sebastien-flute-en-2","8":"product_tag-barebow","9":"product_tag-olimpic-bow","11":"first","12":"onbackorder","13":"sale","14":"taxable","15":"shipping-taxable","16":"purchasable","17":"product-type-variable"},"acf":[],"yoast_head":"<!-- This site is optimized with the Yoast SEO plugin v27.3 - https:\/\/yoast.com\/product\/yoast-seo-wordpress\/ -->\n<title>Sebastien Flute Ignio ILF Limbs - MoitoArchery<\/title>\n<meta name=\"description\" content=\"Las palas Ignio de Sebastien Flute son las primeras palas de competici\u00f3n de la marca.Fabricadas mediante laminaci\u00f3n de fibra de carbono cruzado son unas muy buenas palas para comenzar en la competici\u00f3n, gracias su gran rendimiento, comportamiento y durabilidad.Utiliza el sistema de anclaje universal (ILF)Caracter\u00edsticas:Material: Carbono Cruzado y EspumaTama\u00f1os: 66&quot;, 68&quot; y 70&quot; para cuerpos de 25\u2033Potencias: 16 - 44 lbsAnclaje ILF\" \/>\n<meta name=\"robots\" content=\"index, follow, max-snippet:-1, max-image-preview:large, max-video-preview:-1\" \/>\n<link rel=\"canonical\" href=\"https:\/\/moitoarchery.com\/en\/product\/sebastien-flute-ignio-ilf-limbs\/\" \/>\n<meta property=\"og:locale\" content=\"en_US\" \/>\n<meta property=\"og:type\" content=\"article\" \/>\n<meta property=\"og:title\" content=\"Sebastien Flute Ignio ILF Limbs - MoitoArchery\" \/>\n<meta property=\"og:description\" content=\"Las palas Ignio de Sebastien Flute son las primeras palas de competici\u00f3n de la marca.Fabricadas mediante laminaci\u00f3n de fibra de carbono cruzado son unas muy buenas palas para comenzar en la competici\u00f3n, gracias su gran rendimiento, comportamiento y durabilidad.Utiliza el sistema de anclaje universal (ILF)Caracter\u00edsticas:Material: Carbono Cruzado y EspumaTama\u00f1os: 66&quot;, 68&quot; y 70&quot; para cuerpos de 25\u2033Potencias: 16 - 44 lbsAnclaje ILF\" \/>\n<meta property=\"og:url\" content=\"https:\/\/moitoarchery.com\/en\/product\/sebastien-flute-ignio-ilf-limbs\/\" \/>\n<meta property=\"og:site_name\" content=\"MoitoArchery\" \/>\n<meta property=\"article:publisher\" content=\"https:\/\/www.facebook.com\/arqueriaOnline\/\" \/>\n<meta property=\"article:modified_time\" content=\"2025-11-12T10:49:09+00:00\" \/>\n<meta property=\"og:image\" content=\"https:\/\/moitoarchery.com\/wp-content\/uploads\/2024\/07\/sf-ignio.jpg\" \/>\n\t<meta property=\"og:image:width\" content=\"800\" \/>\n\t<meta property=\"og:image:height\" content=\"800\" \/>\n\t<meta property=\"og:image:type\" content=\"image\/jpeg\" \/>\n<meta name=\"twitter:card\" content=\"summary_large_image\" \/>\n<meta name=\"twitter:label1\" content=\"Est. reading time\" \/>\n\t<meta name=\"twitter:data1\" content=\"1 minute\" \/>\n<script type=\"application\/ld+json\" class=\"yoast-schema-graph\">{\"@context\":\"https:\\\/\\\/schema.org\",\"@graph\":[{\"@type\":\"WebPage\",\"@id\":\"https:\\\/\\\/moitoarchery.com\\\/en\\\/product\\\/sebastien-flute-ignio-ilf-limbs\\\/\",\"url\":\"https:\\\/\\\/moitoarchery.com\\\/en\\\/product\\\/sebastien-flute-ignio-ilf-limbs\\\/\",\"name\":\"Sebastien Flute Ignio ILF Limbs - MoitoArchery\",\"isPartOf\":{\"@id\":\"https:\\\/\\\/moitoarchery.com\\\/en\\\/#website\"},\"primaryImageOfPage\":{\"@id\":\"https:\\\/\\\/moitoarchery.com\\\/en\\\/product\\\/sebastien-flute-ignio-ilf-limbs\\\/#primaryimage\"},\"image\":{\"@id\":\"https:\\\/\\\/moitoarchery.com\\\/en\\\/product\\\/sebastien-flute-ignio-ilf-limbs\\\/#primaryimage\"},\"thumbnailUrl\":\"https:\\\/\\\/moitoarchery.com\\\/wp-content\\\/uploads\\\/2024\\\/07\\\/sf-ignio.jpg\",\"datePublished\":\"2024-07-30T15:18:38+00:00\",\"dateModified\":\"2025-11-12T10:49:09+00:00\",\"description\":\"Las palas Ignio de Sebastien Flute son las primeras palas de competici\u00f3n de la marca.Fabricadas mediante laminaci\u00f3n de fibra de carbono cruzado son unas muy buenas palas para comenzar en la competici\u00f3n, gracias su gran rendimiento, comportamiento y durabilidad.Utiliza el sistema de anclaje universal (ILF)Caracter\u00edsticas:Material: Carbono Cruzado y EspumaTama\u00f1os: 66\\\", 68\\\" y 70\\\" para cuerpos de 25\u2033Potencias: 16 - 44 lbsAnclaje ILF\",\"breadcrumb\":{\"@id\":\"https:\\\/\\\/moitoarchery.com\\\/en\\\/product\\\/sebastien-flute-ignio-ilf-limbs\\\/#breadcrumb\"},\"inLanguage\":\"en-US\",\"potentialAction\":[{\"@type\":\"ReadAction\",\"target\":[\"https:\\\/\\\/moitoarchery.com\\\/en\\\/product\\\/sebastien-flute-ignio-ilf-limbs\\\/\"]}]},{\"@type\":\"ImageObject\",\"inLanguage\":\"en-US\",\"@id\":\"https:\\\/\\\/moitoarchery.com\\\/en\\\/product\\\/sebastien-flute-ignio-ilf-limbs\\\/#primaryimage\",\"url\":\"https:\\\/\\\/moitoarchery.com\\\/wp-content\\\/uploads\\\/2024\\\/07\\\/sf-ignio.jpg\",\"contentUrl\":\"https:\\\/\\\/moitoarchery.com\\\/wp-content\\\/uploads\\\/2024\\\/07\\\/sf-ignio.jpg\",\"width\":800,\"height\":800,\"caption\":\"Sebastien Flute Ignio ILF Limbs\"},{\"@type\":\"BreadcrumbList\",\"@id\":\"https:\\\/\\\/moitoarchery.com\\\/en\\\/product\\\/sebastien-flute-ignio-ilf-limbs\\\/#breadcrumb\",\"itemListElement\":[{\"@type\":\"ListItem\",\"position\":1,\"name\":\"Portada\",\"item\":\"https:\\\/\\\/moitoarchery.com\\\/en\\\/\"},{\"@type\":\"ListItem\",\"position\":2,\"name\":\"Shop\",\"item\":\"https:\\\/\\\/moitoarchery.com\\\/en\\\/shop\\\/\"},{\"@type\":\"ListItem\",\"position\":3,\"name\":\"Sebastien Flute Ignio ILF Limbs\"}]},{\"@type\":\"WebSite\",\"@id\":\"https:\\\/\\\/moitoarchery.com\\\/en\\\/#website\",\"url\":\"https:\\\/\\\/moitoarchery.com\\\/en\\\/\",\"name\":\"MoitoArchery\",\"description\":\"Tienda de Tiro con arco\",\"publisher\":{\"@id\":\"https:\\\/\\\/moitoarchery.com\\\/en\\\/#organization\"},\"potentialAction\":[{\"@type\":\"SearchAction\",\"target\":{\"@type\":\"EntryPoint\",\"urlTemplate\":\"https:\\\/\\\/moitoarchery.com\\\/en\\\/?s={search_term_string}\"},\"query-input\":{\"@type\":\"PropertyValueSpecification\",\"valueRequired\":true,\"valueName\":\"search_term_string\"}}],\"inLanguage\":\"en-US\"},{\"@type\":\"Organization\",\"@id\":\"https:\\\/\\\/moitoarchery.com\\\/en\\\/#organization\",\"name\":\"MoitoArchery\",\"url\":\"https:\\\/\\\/moitoarchery.com\\\/en\\\/\",\"logo\":{\"@type\":\"ImageObject\",\"inLanguage\":\"en-US\",\"@id\":\"https:\\\/\\\/moitoarchery.com\\\/en\\\/#\\\/schema\\\/logo\\\/image\\\/\",\"url\":\"https:\\\/\\\/moitoarchery.com\\\/wp-content\\\/uploads\\\/2020\\\/09\\\/logotipo-moitoarchery.png\",\"contentUrl\":\"https:\\\/\\\/moitoarchery.com\\\/wp-content\\\/uploads\\\/2020\\\/09\\\/logotipo-moitoarchery.png\",\"width\":300,\"height\":66,\"caption\":\"MoitoArchery\"},\"image\":{\"@id\":\"https:\\\/\\\/moitoarchery.com\\\/en\\\/#\\\/schema\\\/logo\\\/image\\\/\"},\"sameAs\":[\"https:\\\/\\\/www.facebook.com\\\/arqueriaOnline\\\/\",\"https:\\\/\\\/www.instagram.com\\\/moitoarchery\\\/\",\"https:\\\/\\\/www.youtube.com\\\/channel\\\/UCvmj39gVUIKVoJJ6vQC9GPA\\\/\"]}]}<\/script>\n<!-- \/ Yoast SEO plugin. -->","yoast_head_json":{"title":"Sebastien Flute Ignio ILF Limbs - MoitoArchery","description":"Las palas Ignio de Sebastien Flute son las primeras palas de competici\u00f3n de la marca.Fabricadas mediante laminaci\u00f3n de fibra de carbono cruzado son unas muy buenas palas para comenzar en la competici\u00f3n, gracias su gran rendimiento, comportamiento y durabilidad.Utiliza el sistema de anclaje universal (ILF)Caracter\u00edsticas:Material: Carbono Cruzado y EspumaTama\u00f1os: 66\", 68\" y 70\" para cuerpos de 25\u2033Potencias: 16 - 44 lbsAnclaje ILF","robots":{"index":"index","follow":"follow","max-snippet":"max-snippet:-1","max-image-preview":"max-image-preview:large","max-video-preview":"max-video-preview:-1"},"canonical":"https:\/\/moitoarchery.com\/en\/product\/sebastien-flute-ignio-ilf-limbs\/","og_locale":"en_US","og_type":"article","og_title":"Sebastien Flute Ignio ILF Limbs - MoitoArchery","og_description":"Las palas Ignio de Sebastien Flute son las primeras palas de competici\u00f3n de la marca.Fabricadas mediante laminaci\u00f3n de fibra de carbono cruzado son unas muy buenas palas para comenzar en la competici\u00f3n, gracias su gran rendimiento, comportamiento y durabilidad.Utiliza el sistema de anclaje universal (ILF)Caracter\u00edsticas:Material: Carbono Cruzado y EspumaTama\u00f1os: 66\", 68\" y 70\" para cuerpos de 25\u2033Potencias: 16 - 44 lbsAnclaje ILF","og_url":"https:\/\/moitoarchery.com\/en\/product\/sebastien-flute-ignio-ilf-limbs\/","og_site_name":"MoitoArchery","article_publisher":"https:\/\/www.facebook.com\/arqueriaOnline\/","article_modified_time":"2025-11-12T10:49:09+00:00","og_image":[{"width":800,"height":800,"url":"https:\/\/moitoarchery.com\/wp-content\/uploads\/2024\/07\/sf-ignio.jpg","type":"image\/jpeg"}],"twitter_card":"summary_large_image","twitter_misc":{"Est. reading time":"1 minute"},"schema":{"@context":"https:\/\/schema.org","@graph":[{"@type":"WebPage","@id":"https:\/\/moitoarchery.com\/en\/product\/sebastien-flute-ignio-ilf-limbs\/","url":"https:\/\/moitoarchery.com\/en\/product\/sebastien-flute-ignio-ilf-limbs\/","name":"Sebastien Flute Ignio ILF Limbs - MoitoArchery","isPartOf":{"@id":"https:\/\/moitoarchery.com\/en\/#website"},"primaryImageOfPage":{"@id":"https:\/\/moitoarchery.com\/en\/product\/sebastien-flute-ignio-ilf-limbs\/#primaryimage"},"image":{"@id":"https:\/\/moitoarchery.com\/en\/product\/sebastien-flute-ignio-ilf-limbs\/#primaryimage"},"thumbnailUrl":"https:\/\/moitoarchery.com\/wp-content\/uploads\/2024\/07\/sf-ignio.jpg","datePublished":"2024-07-30T15:18:38+00:00","dateModified":"2025-11-12T10:49:09+00:00","description":"Las palas Ignio de Sebastien Flute son las primeras palas de competici\u00f3n de la marca.Fabricadas mediante laminaci\u00f3n de fibra de carbono cruzado son unas muy buenas palas para comenzar en la competici\u00f3n, gracias su gran rendimiento, comportamiento y durabilidad.Utiliza el sistema de anclaje universal (ILF)Caracter\u00edsticas:Material: Carbono Cruzado y EspumaTama\u00f1os: 66\", 68\" y 70\" para cuerpos de 25\u2033Potencias: 16 - 44 lbsAnclaje ILF","breadcrumb":{"@id":"https:\/\/moitoarchery.com\/en\/product\/sebastien-flute-ignio-ilf-limbs\/#breadcrumb"},"inLanguage":"en-US","potentialAction":[{"@type":"ReadAction","target":["https:\/\/moitoarchery.com\/en\/product\/sebastien-flute-ignio-ilf-limbs\/"]}]},{"@type":"ImageObject","inLanguage":"en-US","@id":"https:\/\/moitoarchery.com\/en\/product\/sebastien-flute-ignio-ilf-limbs\/#primaryimage","url":"https:\/\/moitoarchery.com\/wp-content\/uploads\/2024\/07\/sf-ignio.jpg","contentUrl":"https:\/\/moitoarchery.com\/wp-content\/uploads\/2024\/07\/sf-ignio.jpg","width":800,"height":800,"caption":"Sebastien Flute Ignio ILF Limbs"},{"@type":"BreadcrumbList","@id":"https:\/\/moitoarchery.com\/en\/product\/sebastien-flute-ignio-ilf-limbs\/#breadcrumb","itemListElement":[{"@type":"ListItem","position":1,"name":"Portada","item":"https:\/\/moitoarchery.com\/en\/"},{"@type":"ListItem","position":2,"name":"Shop","item":"https:\/\/moitoarchery.com\/en\/shop\/"},{"@type":"ListItem","position":3,"name":"Sebastien Flute Ignio ILF Limbs"}]},{"@type":"WebSite","@id":"https:\/\/moitoarchery.com\/en\/#website","url":"https:\/\/moitoarchery.com\/en\/","name":"MoitoArchery","description":"Tienda de Tiro con arco","publisher":{"@id":"https:\/\/moitoarchery.com\/en\/#organization"},"potentialAction":[{"@type":"SearchAction","target":{"@type":"EntryPoint","urlTemplate":"https:\/\/moitoarchery.com\/en\/?s={search_term_string}"},"query-input":{"@type":"PropertyValueSpecification","valueRequired":true,"valueName":"search_term_string"}}],"inLanguage":"en-US"},{"@type":"Organization","@id":"https:\/\/moitoarchery.com\/en\/#organization","name":"MoitoArchery","url":"https:\/\/moitoarchery.com\/en\/","logo":{"@type":"ImageObject","inLanguage":"en-US","@id":"https:\/\/moitoarchery.com\/en\/#\/schema\/logo\/image\/","url":"https:\/\/moitoarchery.com\/wp-content\/uploads\/2020\/09\/logotipo-moitoarchery.png","contentUrl":"https:\/\/moitoarchery.com\/wp-content\/uploads\/2020\/09\/logotipo-moitoarchery.png","width":300,"height":66,"caption":"MoitoArchery"},"image":{"@id":"https:\/\/moitoarchery.com\/en\/#\/schema\/logo\/image\/"},"sameAs":["https:\/\/www.facebook.com\/arqueriaOnline\/","https:\/\/www.instagram.com\/moitoarchery\/","https:\/\/www.youtube.com\/channel\/UCvmj39gVUIKVoJJ6vQC9GPA\/"]}]}},"_links":{"self":[{"href":"https:\/\/moitoarchery.com\/en\/wp-json\/wp\/v2\/product\/81428","targetHints":{"allow":["GET"]}}],"collection":[{"href":"https:\/\/moitoarchery.com\/en\/wp-json\/wp\/v2\/product"}],"about":[{"href":"https:\/\/moitoarchery.com\/en\/wp-json\/wp\/v2\/types\/product"}],"replies":[{"embeddable":true,"href":"https:\/\/moitoarchery.com\/en\/wp-json\/wp\/v2\/comments?post=81428"}],"version-history":[{"count":0,"href":"https:\/\/moitoarchery.com\/en\/wp-json\/wp\/v2\/product\/81428\/revisions"}],"wp:featuredmedia":[{"embeddable":true,"href":"https:\/\/moitoarchery.com\/en\/wp-json\/wp\/v2\/media\/70223"}],"wp:attachment":[{"href":"https:\/\/moitoarchery.com\/en\/wp-json\/wp\/v2\/media?parent=81428"}],"wp:term":[{"taxonomy":"product_brand","embeddable":true,"href":"https:\/\/moitoarchery.com\/en\/wp-json\/wp\/v2\/product_brand?post=81428"},{"taxonomy":"product_cat","embeddable":true,"href":"https:\/\/moitoarchery.com\/en\/wp-json\/wp\/v2\/product_cat?post=81428"},{"taxonomy":"product_tag","embeddable":true,"href":"https:\/\/moitoarchery.com\/en\/wp-json\/wp\/v2\/product_tag?post=81428"}],"curies":[{"name":"wp","href":"https:\/\/api.w.org\/{rel}","templated":true}]}}