{"id":79611,"date":"2025-01-27T10:23:04","date_gmt":"2025-01-27T09:23:04","guid":{"rendered":"https:\/\/moitoarchery.com\/producto\/ek-poelang-jag-1-deluxe-recurve-crossbow-220fps-175lbs\/"},"modified":"2025-11-12T11:00:40","modified_gmt":"2025-11-12T10:00:40","slug":"ek-poelang-jag-1-deluxe-recurve-crossbow-220fps-175lbs","status":"publish","type":"product","link":"https:\/\/moitoarchery.com\/en\/product\/ek-poelang-jag-1-deluxe-recurve-crossbow-220fps-175lbs\/","title":{"rendered":"EK POELANG JAG 1 DELUXE Recurve Crossbow 220fps 175lbs"},"content":{"rendered":"<p>The <strong>EK POELANG JAG 1 DELUXE Recurve Crossbow 220fps 175LBS<\/strong> combines solid construction with exceptional performance, ideal for those looking for a high-quality recurve design. With a speed of 220 feet per second and a power of 175 pounds, this crossbow is perfect for both small game hunting and target shooting. Its sleek and ergonomic design, along with a comfortable grip, ensures easy handling and precise shooting. Additionally, its durable structure is designed to withstand frequent use, making it a reliable and accessible choice for archers and hunters.<\/p>\n<p><strong>Main Features:<\/strong><\/p>\n<ul>\n<li>Speed: 220 fps<\/li>\n<li>Power: 175 LBS<\/li>\n<li>Classic and ergonomic recurve design<\/li>\n<li>Ideal for small game hunting and target shooting<\/li>\n<li>Comfortable grip for easy handling<\/li>\n<li>Robust and durable construction<\/li>\n<\/ul>\n","protected":false},"excerpt":{"rendered":"<p>The <strong>EK POELANG JAG 1 DELUXE Recurve Crossbow 220fps 175LBS<\/strong> combines solid construction with exceptional performance, ideal for those looking for a high-quality recurve design. With a speed of 220 feet per second and a power of 175 pounds, this crossbow is perfect for both small game hunting and target shooting. Its sleek and ergonomic design, along with a comfortable grip, ensures easy handling and precise shooting. Additionally, its durable structure is designed to withstand frequent use, making it a reliable and accessible choice for archers and hunters.<\/p>\n<p><strong>Main Features:<\/strong><\/p>\n<ul>\n<li>Speed: 220 fps<\/li>\n<li>Power: 175 LBS<\/li>\n<li>Classic and ergonomic recurve design<\/li>\n<li>Ideal for small game hunting and target shooting<\/li>\n<li>Comfortable grip for easy handling<\/li>\n<li>Robust and durable construction<\/li>\n<\/ul>\n","protected":false},"featured_media":72254,"comment_status":"open","ping_status":"closed","template":"","meta":{"_acf_changed":false},"product_brand":[],"product_cat":[2668,2670],"product_tag":[3070],"class_list":{"0":"post-79611","1":"product","2":"type-product","3":"status-publish","4":"has-post-thumbnail","6":"product_cat-crossbows","7":"product_cat-recurve-crossbow","8":"product_tag-ballesta-en","10":"first","11":"outofstock","12":"taxable","13":"shipping-taxable","14":"purchasable","15":"product-type-simple"},"acf":[],"yoast_head":"<!-- This site is optimized with the Yoast SEO plugin v27.3 - https:\/\/yoast.com\/product\/yoast-seo-wordpress\/ -->\n<title>EK POELANG JAG 1 DELUXE Recurve Crossbow 220fps 175lbs - MoitoArchery<\/title>\n<meta name=\"description\" content=\"La Ballesta Recurva EK POELANG JAG 1 DELUXE 220fps 175LBS combina una construcci\u00f3n s\u00f3lida con un rendimiento excepcional, ideal para quienes buscan un dise\u00f1o recurvo de alta calidad. Con una velocidad de 220 pies por segundo y una potencia de 175 libras, esta ballesta es perfecta tanto para la caza menor como para el tiro al blanco. Su dise\u00f1o elegante y ergon\u00f3mico, junto con una empu\u00f1adura c\u00f3moda, asegura un manejo f\u00e1cil y un disparo preciso. Adem\u00e1s, su estructura duradera est\u00e1 pensada para resistir el uso frecuente, convirti\u00e9ndola en una opci\u00f3n confiable y accesible para arqueros y cazadores.\" \/>\n<meta name=\"robots\" content=\"index, follow, max-snippet:-1, max-image-preview:large, max-video-preview:-1\" \/>\n<link rel=\"canonical\" href=\"https:\/\/moitoarchery.com\/en\/product\/ek-poelang-jag-1-deluxe-recurve-crossbow-220fps-175lbs\/\" \/>\n<meta property=\"og:locale\" content=\"en_US\" \/>\n<meta property=\"og:type\" content=\"article\" \/>\n<meta property=\"og:title\" content=\"EK POELANG JAG 1 DELUXE Recurve Crossbow 220fps 175lbs - MoitoArchery\" \/>\n<meta property=\"og:description\" content=\"La Ballesta Recurva EK POELANG JAG 1 DELUXE 220fps 175LBS combina una construcci\u00f3n s\u00f3lida con un rendimiento excepcional, ideal para quienes buscan un dise\u00f1o recurvo de alta calidad. Con una velocidad de 220 pies por segundo y una potencia de 175 libras, esta ballesta es perfecta tanto para la caza menor como para el tiro al blanco. Su dise\u00f1o elegante y ergon\u00f3mico, junto con una empu\u00f1adura c\u00f3moda, asegura un manejo f\u00e1cil y un disparo preciso. Adem\u00e1s, su estructura duradera est\u00e1 pensada para resistir el uso frecuente, convirti\u00e9ndola en una opci\u00f3n confiable y accesible para arqueros y cazadores.\" \/>\n<meta property=\"og:url\" content=\"https:\/\/moitoarchery.com\/en\/product\/ek-poelang-jag-1-deluxe-recurve-crossbow-220fps-175lbs\/\" \/>\n<meta property=\"og:site_name\" content=\"MoitoArchery\" \/>\n<meta property=\"article:publisher\" content=\"https:\/\/www.facebook.com\/arqueriaOnline\/\" \/>\n<meta property=\"article:modified_time\" content=\"2025-11-12T10:00:40+00:00\" \/>\n<meta property=\"og:image\" content=\"https:\/\/moitoarchery.com\/wp-content\/uploads\/2025\/01\/Ballesta-EK-Poelang-DELUXE-e1743587647620.jpg\" \/>\n\t<meta property=\"og:image:width\" content=\"800\" \/>\n\t<meta property=\"og:image:height\" content=\"800\" \/>\n\t<meta property=\"og:image:type\" content=\"image\/gif\" \/>\n<meta name=\"twitter:card\" content=\"summary_large_image\" \/>\n<meta name=\"twitter:label1\" content=\"Est. reading time\" \/>\n\t<meta name=\"twitter:data1\" content=\"1 minute\" \/>\n<script type=\"application\/ld+json\" class=\"yoast-schema-graph\">{\"@context\":\"https:\\\/\\\/schema.org\",\"@graph\":[{\"@type\":\"WebPage\",\"@id\":\"https:\\\/\\\/moitoarchery.com\\\/en\\\/product\\\/ek-poelang-jag-1-deluxe-recurve-crossbow-220fps-175lbs\\\/\",\"url\":\"https:\\\/\\\/moitoarchery.com\\\/en\\\/product\\\/ek-poelang-jag-1-deluxe-recurve-crossbow-220fps-175lbs\\\/\",\"name\":\"EK POELANG JAG 1 DELUXE Recurve Crossbow 220fps 175lbs - MoitoArchery\",\"isPartOf\":{\"@id\":\"https:\\\/\\\/moitoarchery.com\\\/en\\\/#website\"},\"primaryImageOfPage\":{\"@id\":\"https:\\\/\\\/moitoarchery.com\\\/en\\\/product\\\/ek-poelang-jag-1-deluxe-recurve-crossbow-220fps-175lbs\\\/#primaryimage\"},\"image\":{\"@id\":\"https:\\\/\\\/moitoarchery.com\\\/en\\\/product\\\/ek-poelang-jag-1-deluxe-recurve-crossbow-220fps-175lbs\\\/#primaryimage\"},\"thumbnailUrl\":\"https:\\\/\\\/moitoarchery.com\\\/wp-content\\\/uploads\\\/2025\\\/01\\\/Ballesta-EK-Poelang-DELUXE-e1743587647620.jpg\",\"datePublished\":\"2025-01-27T09:23:04+00:00\",\"dateModified\":\"2025-11-12T10:00:40+00:00\",\"description\":\"La Ballesta Recurva EK POELANG JAG 1 DELUXE 220fps 175LBS combina una construcci\u00f3n s\u00f3lida con un rendimiento excepcional, ideal para quienes buscan un dise\u00f1o recurvo de alta calidad. Con una velocidad de 220 pies por segundo y una potencia de 175 libras, esta ballesta es perfecta tanto para la caza menor como para el tiro al blanco. Su dise\u00f1o elegante y ergon\u00f3mico, junto con una empu\u00f1adura c\u00f3moda, asegura un manejo f\u00e1cil y un disparo preciso. Adem\u00e1s, su estructura duradera est\u00e1 pensada para resistir el uso frecuente, convirti\u00e9ndola en una opci\u00f3n confiable y accesible para arqueros y cazadores.\",\"breadcrumb\":{\"@id\":\"https:\\\/\\\/moitoarchery.com\\\/en\\\/product\\\/ek-poelang-jag-1-deluxe-recurve-crossbow-220fps-175lbs\\\/#breadcrumb\"},\"inLanguage\":\"en-US\",\"potentialAction\":[{\"@type\":\"ReadAction\",\"target\":[\"https:\\\/\\\/moitoarchery.com\\\/en\\\/product\\\/ek-poelang-jag-1-deluxe-recurve-crossbow-220fps-175lbs\\\/\"]}]},{\"@type\":\"ImageObject\",\"inLanguage\":\"en-US\",\"@id\":\"https:\\\/\\\/moitoarchery.com\\\/en\\\/product\\\/ek-poelang-jag-1-deluxe-recurve-crossbow-220fps-175lbs\\\/#primaryimage\",\"url\":\"https:\\\/\\\/moitoarchery.com\\\/wp-content\\\/uploads\\\/2025\\\/01\\\/Ballesta-EK-Poelang-DELUXE-e1743587647620.jpg\",\"contentUrl\":\"https:\\\/\\\/moitoarchery.com\\\/wp-content\\\/uploads\\\/2025\\\/01\\\/Ballesta-EK-Poelang-DELUXE-e1743587647620.jpg\",\"width\":800,\"height\":800,\"caption\":\"EK POELANG JAG 1 DELUXE Recurve Crossbow 220fps 175lbs\"},{\"@type\":\"BreadcrumbList\",\"@id\":\"https:\\\/\\\/moitoarchery.com\\\/en\\\/product\\\/ek-poelang-jag-1-deluxe-recurve-crossbow-220fps-175lbs\\\/#breadcrumb\",\"itemListElement\":[{\"@type\":\"ListItem\",\"position\":1,\"name\":\"Portada\",\"item\":\"https:\\\/\\\/moitoarchery.com\\\/en\\\/\"},{\"@type\":\"ListItem\",\"position\":2,\"name\":\"Shop\",\"item\":\"https:\\\/\\\/moitoarchery.com\\\/en\\\/shop\\\/\"},{\"@type\":\"ListItem\",\"position\":3,\"name\":\"EK POELANG JAG 1 DELUXE Recurve Crossbow 220fps 175lbs\"}]},{\"@type\":\"WebSite\",\"@id\":\"https:\\\/\\\/moitoarchery.com\\\/en\\\/#website\",\"url\":\"https:\\\/\\\/moitoarchery.com\\\/en\\\/\",\"name\":\"MoitoArchery\",\"description\":\"Tienda de Tiro con arco\",\"publisher\":{\"@id\":\"https:\\\/\\\/moitoarchery.com\\\/en\\\/#organization\"},\"potentialAction\":[{\"@type\":\"SearchAction\",\"target\":{\"@type\":\"EntryPoint\",\"urlTemplate\":\"https:\\\/\\\/moitoarchery.com\\\/en\\\/?s={search_term_string}\"},\"query-input\":{\"@type\":\"PropertyValueSpecification\",\"valueRequired\":true,\"valueName\":\"search_term_string\"}}],\"inLanguage\":\"en-US\"},{\"@type\":\"Organization\",\"@id\":\"https:\\\/\\\/moitoarchery.com\\\/en\\\/#organization\",\"name\":\"MoitoArchery\",\"url\":\"https:\\\/\\\/moitoarchery.com\\\/en\\\/\",\"logo\":{\"@type\":\"ImageObject\",\"inLanguage\":\"en-US\",\"@id\":\"https:\\\/\\\/moitoarchery.com\\\/en\\\/#\\\/schema\\\/logo\\\/image\\\/\",\"url\":\"https:\\\/\\\/moitoarchery.com\\\/wp-content\\\/uploads\\\/2020\\\/09\\\/logotipo-moitoarchery.png\",\"contentUrl\":\"https:\\\/\\\/moitoarchery.com\\\/wp-content\\\/uploads\\\/2020\\\/09\\\/logotipo-moitoarchery.png\",\"width\":300,\"height\":66,\"caption\":\"MoitoArchery\"},\"image\":{\"@id\":\"https:\\\/\\\/moitoarchery.com\\\/en\\\/#\\\/schema\\\/logo\\\/image\\\/\"},\"sameAs\":[\"https:\\\/\\\/www.facebook.com\\\/arqueriaOnline\\\/\",\"https:\\\/\\\/www.instagram.com\\\/moitoarchery\\\/\",\"https:\\\/\\\/www.youtube.com\\\/channel\\\/UCvmj39gVUIKVoJJ6vQC9GPA\\\/\"]}]}<\/script>\n<!-- \/ Yoast SEO plugin. -->","yoast_head_json":{"title":"EK POELANG JAG 1 DELUXE Recurve Crossbow 220fps 175lbs - MoitoArchery","description":"La Ballesta Recurva EK POELANG JAG 1 DELUXE 220fps 175LBS combina una construcci\u00f3n s\u00f3lida con un rendimiento excepcional, ideal para quienes buscan un dise\u00f1o recurvo de alta calidad. Con una velocidad de 220 pies por segundo y una potencia de 175 libras, esta ballesta es perfecta tanto para la caza menor como para el tiro al blanco. Su dise\u00f1o elegante y ergon\u00f3mico, junto con una empu\u00f1adura c\u00f3moda, asegura un manejo f\u00e1cil y un disparo preciso. Adem\u00e1s, su estructura duradera est\u00e1 pensada para resistir el uso frecuente, convirti\u00e9ndola en una opci\u00f3n confiable y accesible para arqueros y cazadores.","robots":{"index":"index","follow":"follow","max-snippet":"max-snippet:-1","max-image-preview":"max-image-preview:large","max-video-preview":"max-video-preview:-1"},"canonical":"https:\/\/moitoarchery.com\/en\/product\/ek-poelang-jag-1-deluxe-recurve-crossbow-220fps-175lbs\/","og_locale":"en_US","og_type":"article","og_title":"EK POELANG JAG 1 DELUXE Recurve Crossbow 220fps 175lbs - MoitoArchery","og_description":"La Ballesta Recurva EK POELANG JAG 1 DELUXE 220fps 175LBS combina una construcci\u00f3n s\u00f3lida con un rendimiento excepcional, ideal para quienes buscan un dise\u00f1o recurvo de alta calidad. Con una velocidad de 220 pies por segundo y una potencia de 175 libras, esta ballesta es perfecta tanto para la caza menor como para el tiro al blanco. Su dise\u00f1o elegante y ergon\u00f3mico, junto con una empu\u00f1adura c\u00f3moda, asegura un manejo f\u00e1cil y un disparo preciso. Adem\u00e1s, su estructura duradera est\u00e1 pensada para resistir el uso frecuente, convirti\u00e9ndola en una opci\u00f3n confiable y accesible para arqueros y cazadores.","og_url":"https:\/\/moitoarchery.com\/en\/product\/ek-poelang-jag-1-deluxe-recurve-crossbow-220fps-175lbs\/","og_site_name":"MoitoArchery","article_publisher":"https:\/\/www.facebook.com\/arqueriaOnline\/","article_modified_time":"2025-11-12T10:00:40+00:00","og_image":[{"width":800,"height":800,"url":"https:\/\/moitoarchery.com\/wp-content\/uploads\/2025\/01\/Ballesta-EK-Poelang-DELUXE-e1743587647620.jpg","type":"image\/gif"}],"twitter_card":"summary_large_image","twitter_misc":{"Est. reading time":"1 minute"},"schema":{"@context":"https:\/\/schema.org","@graph":[{"@type":"WebPage","@id":"https:\/\/moitoarchery.com\/en\/product\/ek-poelang-jag-1-deluxe-recurve-crossbow-220fps-175lbs\/","url":"https:\/\/moitoarchery.com\/en\/product\/ek-poelang-jag-1-deluxe-recurve-crossbow-220fps-175lbs\/","name":"EK POELANG JAG 1 DELUXE Recurve Crossbow 220fps 175lbs - MoitoArchery","isPartOf":{"@id":"https:\/\/moitoarchery.com\/en\/#website"},"primaryImageOfPage":{"@id":"https:\/\/moitoarchery.com\/en\/product\/ek-poelang-jag-1-deluxe-recurve-crossbow-220fps-175lbs\/#primaryimage"},"image":{"@id":"https:\/\/moitoarchery.com\/en\/product\/ek-poelang-jag-1-deluxe-recurve-crossbow-220fps-175lbs\/#primaryimage"},"thumbnailUrl":"https:\/\/moitoarchery.com\/wp-content\/uploads\/2025\/01\/Ballesta-EK-Poelang-DELUXE-e1743587647620.jpg","datePublished":"2025-01-27T09:23:04+00:00","dateModified":"2025-11-12T10:00:40+00:00","description":"La Ballesta Recurva EK POELANG JAG 1 DELUXE 220fps 175LBS combina una construcci\u00f3n s\u00f3lida con un rendimiento excepcional, ideal para quienes buscan un dise\u00f1o recurvo de alta calidad. Con una velocidad de 220 pies por segundo y una potencia de 175 libras, esta ballesta es perfecta tanto para la caza menor como para el tiro al blanco. Su dise\u00f1o elegante y ergon\u00f3mico, junto con una empu\u00f1adura c\u00f3moda, asegura un manejo f\u00e1cil y un disparo preciso. Adem\u00e1s, su estructura duradera est\u00e1 pensada para resistir el uso frecuente, convirti\u00e9ndola en una opci\u00f3n confiable y accesible para arqueros y cazadores.","breadcrumb":{"@id":"https:\/\/moitoarchery.com\/en\/product\/ek-poelang-jag-1-deluxe-recurve-crossbow-220fps-175lbs\/#breadcrumb"},"inLanguage":"en-US","potentialAction":[{"@type":"ReadAction","target":["https:\/\/moitoarchery.com\/en\/product\/ek-poelang-jag-1-deluxe-recurve-crossbow-220fps-175lbs\/"]}]},{"@type":"ImageObject","inLanguage":"en-US","@id":"https:\/\/moitoarchery.com\/en\/product\/ek-poelang-jag-1-deluxe-recurve-crossbow-220fps-175lbs\/#primaryimage","url":"https:\/\/moitoarchery.com\/wp-content\/uploads\/2025\/01\/Ballesta-EK-Poelang-DELUXE-e1743587647620.jpg","contentUrl":"https:\/\/moitoarchery.com\/wp-content\/uploads\/2025\/01\/Ballesta-EK-Poelang-DELUXE-e1743587647620.jpg","width":800,"height":800,"caption":"EK POELANG JAG 1 DELUXE Recurve Crossbow 220fps 175lbs"},{"@type":"BreadcrumbList","@id":"https:\/\/moitoarchery.com\/en\/product\/ek-poelang-jag-1-deluxe-recurve-crossbow-220fps-175lbs\/#breadcrumb","itemListElement":[{"@type":"ListItem","position":1,"name":"Portada","item":"https:\/\/moitoarchery.com\/en\/"},{"@type":"ListItem","position":2,"name":"Shop","item":"https:\/\/moitoarchery.com\/en\/shop\/"},{"@type":"ListItem","position":3,"name":"EK POELANG JAG 1 DELUXE Recurve Crossbow 220fps 175lbs"}]},{"@type":"WebSite","@id":"https:\/\/moitoarchery.com\/en\/#website","url":"https:\/\/moitoarchery.com\/en\/","name":"MoitoArchery","description":"Tienda de Tiro con arco","publisher":{"@id":"https:\/\/moitoarchery.com\/en\/#organization"},"potentialAction":[{"@type":"SearchAction","target":{"@type":"EntryPoint","urlTemplate":"https:\/\/moitoarchery.com\/en\/?s={search_term_string}"},"query-input":{"@type":"PropertyValueSpecification","valueRequired":true,"valueName":"search_term_string"}}],"inLanguage":"en-US"},{"@type":"Organization","@id":"https:\/\/moitoarchery.com\/en\/#organization","name":"MoitoArchery","url":"https:\/\/moitoarchery.com\/en\/","logo":{"@type":"ImageObject","inLanguage":"en-US","@id":"https:\/\/moitoarchery.com\/en\/#\/schema\/logo\/image\/","url":"https:\/\/moitoarchery.com\/wp-content\/uploads\/2020\/09\/logotipo-moitoarchery.png","contentUrl":"https:\/\/moitoarchery.com\/wp-content\/uploads\/2020\/09\/logotipo-moitoarchery.png","width":300,"height":66,"caption":"MoitoArchery"},"image":{"@id":"https:\/\/moitoarchery.com\/en\/#\/schema\/logo\/image\/"},"sameAs":["https:\/\/www.facebook.com\/arqueriaOnline\/","https:\/\/www.instagram.com\/moitoarchery\/","https:\/\/www.youtube.com\/channel\/UCvmj39gVUIKVoJJ6vQC9GPA\/"]}]}},"_links":{"self":[{"href":"https:\/\/moitoarchery.com\/en\/wp-json\/wp\/v2\/product\/79611","targetHints":{"allow":["GET"]}}],"collection":[{"href":"https:\/\/moitoarchery.com\/en\/wp-json\/wp\/v2\/product"}],"about":[{"href":"https:\/\/moitoarchery.com\/en\/wp-json\/wp\/v2\/types\/product"}],"replies":[{"embeddable":true,"href":"https:\/\/moitoarchery.com\/en\/wp-json\/wp\/v2\/comments?post=79611"}],"version-history":[{"count":0,"href":"https:\/\/moitoarchery.com\/en\/wp-json\/wp\/v2\/product\/79611\/revisions"}],"wp:featuredmedia":[{"embeddable":true,"href":"https:\/\/moitoarchery.com\/en\/wp-json\/wp\/v2\/media\/72254"}],"wp:attachment":[{"href":"https:\/\/moitoarchery.com\/en\/wp-json\/wp\/v2\/media?parent=79611"}],"wp:term":[{"taxonomy":"product_brand","embeddable":true,"href":"https:\/\/moitoarchery.com\/en\/wp-json\/wp\/v2\/product_brand?post=79611"},{"taxonomy":"product_cat","embeddable":true,"href":"https:\/\/moitoarchery.com\/en\/wp-json\/wp\/v2\/product_cat?post=79611"},{"taxonomy":"product_tag","embeddable":true,"href":"https:\/\/moitoarchery.com\/en\/wp-json\/wp\/v2\/product_tag?post=79611"}],"curies":[{"name":"wp","href":"https:\/\/api.w.org\/{rel}","templated":true}]}}