{"id":78546,"date":"2025-06-20T09:13:11","date_gmt":"2025-06-20T07:13:11","guid":{"rendered":"https:\/\/moitoarchery.com\/producto\/beier-rattan-recreational-longbow\/"},"modified":"2025-11-12T09:45:20","modified_gmt":"2025-11-12T08:45:20","slug":"beier-rattan-recreational-longbow","status":"publish","type":"product","link":"https:\/\/moitoarchery.com\/en\/product\/beier-rattan-recreational-longbow\/","title":{"rendered":"Beier Rattan Recreational Longbow"},"content":{"rendered":"<p>Available in three sizes (40\u201d, 58\u201d, and 68\u201d) and with an adjustable draw weight from 10 to 40 lbs (in 5 lb increments), it perfectly fits different ages, skill levels, and physical builds. Its straight leather-wrapped grip provides a comfortable and secure hold.<\/p>\n<p>\u2714 Ideal for beginners<br \/>\n\u2714 Ultra-resistant material (manau)<br \/>\n\u2714 Classic English longbow design<br \/>\n\u2714 Customizable draw weight (10\u201340 lbs)<br \/>\n\u2714 Suitable for all ages<\/p>\n<p>Perfect for clubs, schools, or personal use. Start your archery adventure with the Beier Rattan longbow!<\/p>\n<p>Special orders from the distributor:<br \/>\nCustom order: To choose colors or other features, if available, you can contact us to check our distributor\u2019s stock or for any advice before placing your custom order. Prices may vary depending on the color.<\/p>\n<p>Delivery time: The estimated minimum delivery time is approximately 10\u201314 days, though it may be longer in some cases due to possible delays, stock shortages, or other reasons.<\/p>\n<p>Workshop service: We offer assembly and tuning services for all compound bows. You can find more information on our [workshop page].<\/p>\n","protected":false},"excerpt":{"rendered":"<p>Available in three sizes (40\u201d, 58\u201d, and 68\u201d) and with an adjustable draw weight from 10 to 40 lbs (in 5 lb increments), it perfectly fits different ages, skill levels, and physical builds. Its straight leather-wrapped grip provides a comfortable and secure hold.<\/p>\n<p>\u2714 Ideal for beginners<br \/>\n\u2714 Ultra-resistant material (manau)<br \/>\n\u2714 Classic English longbow design<br \/>\n\u2714 Customizable draw weight (10\u201340 lbs)<br \/>\n\u2714 Suitable for all ages<\/p>\n<p>Perfect for clubs, schools, or personal use. Start your archery adventure with the Beier Rattan longbow!<\/p>\n<p>Special orders from the distributor:<br \/>\nCustom order: To choose colors or other features, if available, you can contact us to check our distributor\u2019s stock or for any advice before placing your custom order. Prices may vary depending on the color.<\/p>\n<p>Delivery time: The estimated minimum delivery time is approximately 10\u201314 days, though it may be longer in some cases due to possible delays, stock shortages, or other reasons.<\/p>\n<p>Workshop service: We offer assembly and tuning services for all compound bows. You can find more information on our [workshop page].<\/p>\n","protected":false},"featured_media":75176,"comment_status":"open","ping_status":"closed","template":"","meta":{"_acf_changed":false},"product_brand":[],"product_cat":[2490,2698,2696],"product_tag":[3118],"class_list":{"0":"post-78546","1":"product","2":"type-product","3":"status-publish","4":"has-post-thumbnail","6":"product_cat-bows","7":"product_cat-longbow","8":"product_cat-traditional-bows","9":"product_tag-arqueria-tradicional-en","10":"product_shipping_class-envio-pe-1590e-ba-2490e","12":"first","13":"onbackorder","14":"sale","15":"taxable","16":"shipping-taxable","17":"purchasable","18":"product-type-variable"},"acf":[],"yoast_head":"<!-- This site is optimized with the Yoast SEO plugin v27.3 - https:\/\/yoast.com\/product\/yoast-seo-wordpress\/ -->\n<title>Beier Rattan Recreational Longbow - MoitoArchery<\/title>\n<meta name=\"description\" content=\"Descubre el arco longbow Beier Rattan, un arco recreativo inspirado en el cl\u00e1sico longbow ingl\u00e9s, ideal para ni\u00f1os, adolescentes y adultos que se inician en el tiro con arco. Fabricado con resistente manau (rattan), este arco destaca por su durabilidad e indestructibilidad, lo que lo convierte en una opci\u00f3n excelente para entrenamiento y uso intensivo.Disponible en tres tama\u00f1os (40\u201d, 58\u201d y 68\u201d) y con una potencia ajustable de 10 a 40 lbs (incrementos de 5 lbs), se adapta perfectamente a diferentes edades, niveles de experiencia y complexiones f\u00edsicas. Su empu\u00f1adura recta revestida en cuero proporciona un agarre c\u00f3modo y seguro.\" \/>\n<meta name=\"robots\" content=\"index, follow, max-snippet:-1, max-image-preview:large, max-video-preview:-1\" \/>\n<link rel=\"canonical\" href=\"https:\/\/moitoarchery.com\/en\/product\/beier-rattan-recreational-longbow\/\" \/>\n<meta property=\"og:locale\" content=\"en_US\" \/>\n<meta property=\"og:type\" content=\"article\" \/>\n<meta property=\"og:title\" content=\"Beier Rattan Recreational Longbow - MoitoArchery\" \/>\n<meta property=\"og:description\" content=\"Descubre el arco longbow Beier Rattan, un arco recreativo inspirado en el cl\u00e1sico longbow ingl\u00e9s, ideal para ni\u00f1os, adolescentes y adultos que se inician en el tiro con arco. Fabricado con resistente manau (rattan), este arco destaca por su durabilidad e indestructibilidad, lo que lo convierte en una opci\u00f3n excelente para entrenamiento y uso intensivo.Disponible en tres tama\u00f1os (40\u201d, 58\u201d y 68\u201d) y con una potencia ajustable de 10 a 40 lbs (incrementos de 5 lbs), se adapta perfectamente a diferentes edades, niveles de experiencia y complexiones f\u00edsicas. Su empu\u00f1adura recta revestida en cuero proporciona un agarre c\u00f3modo y seguro.\" \/>\n<meta property=\"og:url\" content=\"https:\/\/moitoarchery.com\/en\/product\/beier-rattan-recreational-longbow\/\" \/>\n<meta property=\"og:site_name\" content=\"MoitoArchery\" \/>\n<meta property=\"article:publisher\" content=\"https:\/\/www.facebook.com\/arqueriaOnline\/\" \/>\n<meta property=\"article:modified_time\" content=\"2025-11-12T08:45:20+00:00\" \/>\n<meta property=\"og:image\" content=\"https:\/\/moitoarchery.com\/wp-content\/uploads\/2025\/06\/longbow.gif\" \/>\n\t<meta property=\"og:image:width\" content=\"800\" \/>\n\t<meta property=\"og:image:height\" content=\"800\" \/>\n\t<meta property=\"og:image:type\" content=\"image\/gif\" \/>\n<meta name=\"twitter:card\" content=\"summary_large_image\" \/>\n<meta name=\"twitter:label1\" content=\"Est. reading time\" \/>\n\t<meta name=\"twitter:data1\" content=\"1 minute\" \/>\n<script type=\"application\/ld+json\" class=\"yoast-schema-graph\">{\"@context\":\"https:\\\/\\\/schema.org\",\"@graph\":[{\"@type\":\"WebPage\",\"@id\":\"https:\\\/\\\/moitoarchery.com\\\/en\\\/product\\\/beier-rattan-recreational-longbow\\\/\",\"url\":\"https:\\\/\\\/moitoarchery.com\\\/en\\\/product\\\/beier-rattan-recreational-longbow\\\/\",\"name\":\"Beier Rattan Recreational Longbow - MoitoArchery\",\"isPartOf\":{\"@id\":\"https:\\\/\\\/moitoarchery.com\\\/en\\\/#website\"},\"primaryImageOfPage\":{\"@id\":\"https:\\\/\\\/moitoarchery.com\\\/en\\\/product\\\/beier-rattan-recreational-longbow\\\/#primaryimage\"},\"image\":{\"@id\":\"https:\\\/\\\/moitoarchery.com\\\/en\\\/product\\\/beier-rattan-recreational-longbow\\\/#primaryimage\"},\"thumbnailUrl\":\"https:\\\/\\\/moitoarchery.com\\\/wp-content\\\/uploads\\\/2025\\\/06\\\/longbow.gif\",\"datePublished\":\"2025-06-20T07:13:11+00:00\",\"dateModified\":\"2025-11-12T08:45:20+00:00\",\"description\":\"Descubre el arco longbow Beier Rattan, un arco recreativo inspirado en el cl\u00e1sico longbow ingl\u00e9s, ideal para ni\u00f1os, adolescentes y adultos que se inician en el tiro con arco. Fabricado con resistente manau (rattan), este arco destaca por su durabilidad e indestructibilidad, lo que lo convierte en una opci\u00f3n excelente para entrenamiento y uso intensivo.Disponible en tres tama\u00f1os (40\u201d, 58\u201d y 68\u201d) y con una potencia ajustable de 10 a 40 lbs (incrementos de 5 lbs), se adapta perfectamente a diferentes edades, niveles de experiencia y complexiones f\u00edsicas. Su empu\u00f1adura recta revestida en cuero proporciona un agarre c\u00f3modo y seguro.\",\"breadcrumb\":{\"@id\":\"https:\\\/\\\/moitoarchery.com\\\/en\\\/product\\\/beier-rattan-recreational-longbow\\\/#breadcrumb\"},\"inLanguage\":\"en-US\",\"potentialAction\":[{\"@type\":\"ReadAction\",\"target\":[\"https:\\\/\\\/moitoarchery.com\\\/en\\\/product\\\/beier-rattan-recreational-longbow\\\/\"]}]},{\"@type\":\"ImageObject\",\"inLanguage\":\"en-US\",\"@id\":\"https:\\\/\\\/moitoarchery.com\\\/en\\\/product\\\/beier-rattan-recreational-longbow\\\/#primaryimage\",\"url\":\"https:\\\/\\\/moitoarchery.com\\\/wp-content\\\/uploads\\\/2025\\\/06\\\/longbow.gif\",\"contentUrl\":\"https:\\\/\\\/moitoarchery.com\\\/wp-content\\\/uploads\\\/2025\\\/06\\\/longbow.gif\",\"width\":800,\"height\":800,\"caption\":\"Beier Rattan Recreational Longbow\"},{\"@type\":\"BreadcrumbList\",\"@id\":\"https:\\\/\\\/moitoarchery.com\\\/en\\\/product\\\/beier-rattan-recreational-longbow\\\/#breadcrumb\",\"itemListElement\":[{\"@type\":\"ListItem\",\"position\":1,\"name\":\"Portada\",\"item\":\"https:\\\/\\\/moitoarchery.com\\\/en\\\/\"},{\"@type\":\"ListItem\",\"position\":2,\"name\":\"Shop\",\"item\":\"https:\\\/\\\/moitoarchery.com\\\/en\\\/shop\\\/\"},{\"@type\":\"ListItem\",\"position\":3,\"name\":\"Beier Rattan Recreational Longbow\"}]},{\"@type\":\"WebSite\",\"@id\":\"https:\\\/\\\/moitoarchery.com\\\/en\\\/#website\",\"url\":\"https:\\\/\\\/moitoarchery.com\\\/en\\\/\",\"name\":\"MoitoArchery\",\"description\":\"Tienda de Tiro con arco\",\"publisher\":{\"@id\":\"https:\\\/\\\/moitoarchery.com\\\/en\\\/#organization\"},\"potentialAction\":[{\"@type\":\"SearchAction\",\"target\":{\"@type\":\"EntryPoint\",\"urlTemplate\":\"https:\\\/\\\/moitoarchery.com\\\/en\\\/?s={search_term_string}\"},\"query-input\":{\"@type\":\"PropertyValueSpecification\",\"valueRequired\":true,\"valueName\":\"search_term_string\"}}],\"inLanguage\":\"en-US\"},{\"@type\":\"Organization\",\"@id\":\"https:\\\/\\\/moitoarchery.com\\\/en\\\/#organization\",\"name\":\"MoitoArchery\",\"url\":\"https:\\\/\\\/moitoarchery.com\\\/en\\\/\",\"logo\":{\"@type\":\"ImageObject\",\"inLanguage\":\"en-US\",\"@id\":\"https:\\\/\\\/moitoarchery.com\\\/en\\\/#\\\/schema\\\/logo\\\/image\\\/\",\"url\":\"https:\\\/\\\/moitoarchery.com\\\/wp-content\\\/uploads\\\/2020\\\/09\\\/logotipo-moitoarchery.png\",\"contentUrl\":\"https:\\\/\\\/moitoarchery.com\\\/wp-content\\\/uploads\\\/2020\\\/09\\\/logotipo-moitoarchery.png\",\"width\":300,\"height\":66,\"caption\":\"MoitoArchery\"},\"image\":{\"@id\":\"https:\\\/\\\/moitoarchery.com\\\/en\\\/#\\\/schema\\\/logo\\\/image\\\/\"},\"sameAs\":[\"https:\\\/\\\/www.facebook.com\\\/arqueriaOnline\\\/\",\"https:\\\/\\\/www.instagram.com\\\/moitoarchery\\\/\",\"https:\\\/\\\/www.youtube.com\\\/channel\\\/UCvmj39gVUIKVoJJ6vQC9GPA\\\/\"]}]}<\/script>\n<!-- \/ Yoast SEO plugin. -->","yoast_head_json":{"title":"Beier Rattan Recreational Longbow - MoitoArchery","description":"Descubre el arco longbow Beier Rattan, un arco recreativo inspirado en el cl\u00e1sico longbow ingl\u00e9s, ideal para ni\u00f1os, adolescentes y adultos que se inician en el tiro con arco. Fabricado con resistente manau (rattan), este arco destaca por su durabilidad e indestructibilidad, lo que lo convierte en una opci\u00f3n excelente para entrenamiento y uso intensivo.Disponible en tres tama\u00f1os (40\u201d, 58\u201d y 68\u201d) y con una potencia ajustable de 10 a 40 lbs (incrementos de 5 lbs), se adapta perfectamente a diferentes edades, niveles de experiencia y complexiones f\u00edsicas. Su empu\u00f1adura recta revestida en cuero proporciona un agarre c\u00f3modo y seguro.","robots":{"index":"index","follow":"follow","max-snippet":"max-snippet:-1","max-image-preview":"max-image-preview:large","max-video-preview":"max-video-preview:-1"},"canonical":"https:\/\/moitoarchery.com\/en\/product\/beier-rattan-recreational-longbow\/","og_locale":"en_US","og_type":"article","og_title":"Beier Rattan Recreational Longbow - MoitoArchery","og_description":"Descubre el arco longbow Beier Rattan, un arco recreativo inspirado en el cl\u00e1sico longbow ingl\u00e9s, ideal para ni\u00f1os, adolescentes y adultos que se inician en el tiro con arco. Fabricado con resistente manau (rattan), este arco destaca por su durabilidad e indestructibilidad, lo que lo convierte en una opci\u00f3n excelente para entrenamiento y uso intensivo.Disponible en tres tama\u00f1os (40\u201d, 58\u201d y 68\u201d) y con una potencia ajustable de 10 a 40 lbs (incrementos de 5 lbs), se adapta perfectamente a diferentes edades, niveles de experiencia y complexiones f\u00edsicas. Su empu\u00f1adura recta revestida en cuero proporciona un agarre c\u00f3modo y seguro.","og_url":"https:\/\/moitoarchery.com\/en\/product\/beier-rattan-recreational-longbow\/","og_site_name":"MoitoArchery","article_publisher":"https:\/\/www.facebook.com\/arqueriaOnline\/","article_modified_time":"2025-11-12T08:45:20+00:00","og_image":[{"width":800,"height":800,"url":"https:\/\/moitoarchery.com\/wp-content\/uploads\/2025\/06\/longbow.gif","type":"image\/gif"}],"twitter_card":"summary_large_image","twitter_misc":{"Est. reading time":"1 minute"},"schema":{"@context":"https:\/\/schema.org","@graph":[{"@type":"WebPage","@id":"https:\/\/moitoarchery.com\/en\/product\/beier-rattan-recreational-longbow\/","url":"https:\/\/moitoarchery.com\/en\/product\/beier-rattan-recreational-longbow\/","name":"Beier Rattan Recreational Longbow - MoitoArchery","isPartOf":{"@id":"https:\/\/moitoarchery.com\/en\/#website"},"primaryImageOfPage":{"@id":"https:\/\/moitoarchery.com\/en\/product\/beier-rattan-recreational-longbow\/#primaryimage"},"image":{"@id":"https:\/\/moitoarchery.com\/en\/product\/beier-rattan-recreational-longbow\/#primaryimage"},"thumbnailUrl":"https:\/\/moitoarchery.com\/wp-content\/uploads\/2025\/06\/longbow.gif","datePublished":"2025-06-20T07:13:11+00:00","dateModified":"2025-11-12T08:45:20+00:00","description":"Descubre el arco longbow Beier Rattan, un arco recreativo inspirado en el cl\u00e1sico longbow ingl\u00e9s, ideal para ni\u00f1os, adolescentes y adultos que se inician en el tiro con arco. Fabricado con resistente manau (rattan), este arco destaca por su durabilidad e indestructibilidad, lo que lo convierte en una opci\u00f3n excelente para entrenamiento y uso intensivo.Disponible en tres tama\u00f1os (40\u201d, 58\u201d y 68\u201d) y con una potencia ajustable de 10 a 40 lbs (incrementos de 5 lbs), se adapta perfectamente a diferentes edades, niveles de experiencia y complexiones f\u00edsicas. Su empu\u00f1adura recta revestida en cuero proporciona un agarre c\u00f3modo y seguro.","breadcrumb":{"@id":"https:\/\/moitoarchery.com\/en\/product\/beier-rattan-recreational-longbow\/#breadcrumb"},"inLanguage":"en-US","potentialAction":[{"@type":"ReadAction","target":["https:\/\/moitoarchery.com\/en\/product\/beier-rattan-recreational-longbow\/"]}]},{"@type":"ImageObject","inLanguage":"en-US","@id":"https:\/\/moitoarchery.com\/en\/product\/beier-rattan-recreational-longbow\/#primaryimage","url":"https:\/\/moitoarchery.com\/wp-content\/uploads\/2025\/06\/longbow.gif","contentUrl":"https:\/\/moitoarchery.com\/wp-content\/uploads\/2025\/06\/longbow.gif","width":800,"height":800,"caption":"Beier Rattan Recreational Longbow"},{"@type":"BreadcrumbList","@id":"https:\/\/moitoarchery.com\/en\/product\/beier-rattan-recreational-longbow\/#breadcrumb","itemListElement":[{"@type":"ListItem","position":1,"name":"Portada","item":"https:\/\/moitoarchery.com\/en\/"},{"@type":"ListItem","position":2,"name":"Shop","item":"https:\/\/moitoarchery.com\/en\/shop\/"},{"@type":"ListItem","position":3,"name":"Beier Rattan Recreational Longbow"}]},{"@type":"WebSite","@id":"https:\/\/moitoarchery.com\/en\/#website","url":"https:\/\/moitoarchery.com\/en\/","name":"MoitoArchery","description":"Tienda de Tiro con arco","publisher":{"@id":"https:\/\/moitoarchery.com\/en\/#organization"},"potentialAction":[{"@type":"SearchAction","target":{"@type":"EntryPoint","urlTemplate":"https:\/\/moitoarchery.com\/en\/?s={search_term_string}"},"query-input":{"@type":"PropertyValueSpecification","valueRequired":true,"valueName":"search_term_string"}}],"inLanguage":"en-US"},{"@type":"Organization","@id":"https:\/\/moitoarchery.com\/en\/#organization","name":"MoitoArchery","url":"https:\/\/moitoarchery.com\/en\/","logo":{"@type":"ImageObject","inLanguage":"en-US","@id":"https:\/\/moitoarchery.com\/en\/#\/schema\/logo\/image\/","url":"https:\/\/moitoarchery.com\/wp-content\/uploads\/2020\/09\/logotipo-moitoarchery.png","contentUrl":"https:\/\/moitoarchery.com\/wp-content\/uploads\/2020\/09\/logotipo-moitoarchery.png","width":300,"height":66,"caption":"MoitoArchery"},"image":{"@id":"https:\/\/moitoarchery.com\/en\/#\/schema\/logo\/image\/"},"sameAs":["https:\/\/www.facebook.com\/arqueriaOnline\/","https:\/\/www.instagram.com\/moitoarchery\/","https:\/\/www.youtube.com\/channel\/UCvmj39gVUIKVoJJ6vQC9GPA\/"]}]}},"_links":{"self":[{"href":"https:\/\/moitoarchery.com\/en\/wp-json\/wp\/v2\/product\/78546","targetHints":{"allow":["GET"]}}],"collection":[{"href":"https:\/\/moitoarchery.com\/en\/wp-json\/wp\/v2\/product"}],"about":[{"href":"https:\/\/moitoarchery.com\/en\/wp-json\/wp\/v2\/types\/product"}],"replies":[{"embeddable":true,"href":"https:\/\/moitoarchery.com\/en\/wp-json\/wp\/v2\/comments?post=78546"}],"version-history":[{"count":0,"href":"https:\/\/moitoarchery.com\/en\/wp-json\/wp\/v2\/product\/78546\/revisions"}],"wp:featuredmedia":[{"embeddable":true,"href":"https:\/\/moitoarchery.com\/en\/wp-json\/wp\/v2\/media\/75176"}],"wp:attachment":[{"href":"https:\/\/moitoarchery.com\/en\/wp-json\/wp\/v2\/media?parent=78546"}],"wp:term":[{"taxonomy":"product_brand","embeddable":true,"href":"https:\/\/moitoarchery.com\/en\/wp-json\/wp\/v2\/product_brand?post=78546"},{"taxonomy":"product_cat","embeddable":true,"href":"https:\/\/moitoarchery.com\/en\/wp-json\/wp\/v2\/product_cat?post=78546"},{"taxonomy":"product_tag","embeddable":true,"href":"https:\/\/moitoarchery.com\/en\/wp-json\/wp\/v2\/product_tag?post=78546"}],"curies":[{"name":"wp","href":"https:\/\/api.w.org\/{rel}","templated":true}]}}