{"id":77818,"date":"2025-04-23T13:35:51","date_gmt":"2025-04-23T11:35:51","guid":{"rendered":"https:\/\/moitoarchery.com\/producto\/wiawis-hmc-plus-flat-stabilizer-weight\/"},"modified":"2025-11-12T10:30:41","modified_gmt":"2025-11-12T09:30:41","slug":"wiawis-hmc-plus-flat-stabilizer-weight","status":"publish","type":"product","link":"https:\/\/moitoarchery.com\/en\/product\/wiawis-hmc-plus-flat-stabilizer-weight\/","title":{"rendered":"Wiawis HMC Plus Flat Stabilizer Weight"},"content":{"rendered":"<p class=\"\" data-start=\"0\" data-end=\"126\">\u200b<\/p>\n<div class=\"flex max-w-full flex-col grow\">\n<div class=\"min-h-8 text-message relative flex w-full flex-col items-end gap-2 text-start break-words whitespace-normal [.text-message+&amp;]:mt-5\" dir=\"auto\" data-message-author-role=\"assistant\" data-message-id=\"e0170e02-9b59-4966-92e1-08098599608e\" data-message-model-slug=\"gpt-4o\">\n<div class=\"flex w-full flex-col gap-1 empty:hidden first:pt-[3px]\">\n<div class=\"markdown prose dark:prose-invert w-full break-words light\">\n<p data-start=\"44\" data-end=\"267\">The Wiawis HMC Plus Flat stabilizer weight in color is an accessory designed to complement Wiawis HMC Plus stabilizers, allowing archers to adjust both the weight and appearance of their setup to match personal preferences.<\/p>\n<p data-start=\"269\" data-end=\"287\"><strong data-start=\"269\" data-end=\"285\">Key Features<\/strong><\/p>\n<ul data-start=\"288\" data-end=\"757\">\n<li data-start=\"288\" data-end=\"367\">\n<p data-start=\"290\" data-end=\"367\"><strong data-start=\"290\" data-end=\"302\">Material<\/strong>: Stainless steel, ensuring durability and corrosion resistance<\/p>\n<\/li>\n<li data-start=\"368\" data-end=\"388\">\n<p data-start=\"370\" data-end=\"388\"><strong data-start=\"370\" data-end=\"380\">Weight<\/strong>: 39 g<\/p>\n<\/li>\n<li data-start=\"389\" data-end=\"472\">\n<p data-start=\"391\" data-end=\"472\"><strong data-start=\"391\" data-end=\"401\">Thread<\/strong>: UNC 1\/4&#8243;, compatible with most stabilizers from other manufacturers<\/p>\n<\/li>\n<li data-start=\"473\" data-end=\"628\">\n<p data-start=\"475\" data-end=\"628\"><strong data-start=\"475\" data-end=\"485\">Design<\/strong>: End-cap style, with internal threading on one side and a closed opposite end, ideal for use as an additional weight at the stabilizer&#8217;s tip<\/p>\n<\/li>\n<li data-start=\"629\" data-end=\"757\">\n<p data-start=\"631\" data-end=\"757\"><strong data-start=\"631\" data-end=\"648\">Compatibility<\/strong>: Specifically made for Wiawis HMC Plus stabilizers, but also fits other stabilizers using UNC 1\/4&#8243; threads<\/p>\n<\/li>\n<\/ul>\n<p data-start=\"759\" data-end=\"775\"><strong data-start=\"759\" data-end=\"773\">Advantages<\/strong><\/p>\n<ul data-start=\"776\" data-end=\"1116\" data-is-last-node=\"\" data-is-only-node=\"\">\n<li data-start=\"776\" data-end=\"898\">\n<p data-start=\"778\" data-end=\"898\"><strong data-start=\"778\" data-end=\"805\">Aesthetic customization<\/strong>: Available in various colors, allowing archers to match their gear to their personal style<\/p>\n<\/li>\n<li data-start=\"899\" data-end=\"1017\">\n<p data-start=\"901\" data-end=\"1017\"><strong data-start=\"901\" data-end=\"930\">Precise weight adjustment<\/strong>: Adding extra weight can help balance the stabilizer according to the archer\u2019s needs<\/p>\n<\/li>\n<li data-start=\"1018\" data-end=\"1116\" data-is-last-node=\"\">\n<p data-start=\"1020\" data-end=\"1116\" data-is-last-node=\"\"><strong data-start=\"1020\" data-end=\"1043\">Robust construction<\/strong>: Stainless steel ensures long-lasting performance and resistance to wear<\/p>\n<\/li>\n<\/ul>\n<\/div>\n<\/div>\n<\/div>\n<\/div>\n<div class=\"flex min-h-[46px] justify-start\"><\/div>\n","protected":false},"excerpt":{"rendered":"<div class=\"flex max-w-full flex-col grow\">\n<div class=\"min-h-8 text-message relative flex w-full flex-col items-end gap-2 text-start break-words whitespace-normal [.text-message+&amp;]:mt-5\" dir=\"auto\" data-message-author-role=\"assistant\" data-message-id=\"e0170e02-9b59-4966-92e1-08098599608e\" data-message-model-slug=\"gpt-4o\">\n<div class=\"flex w-full flex-col gap-1 empty:hidden first:pt-[3px]\">\n<div class=\"markdown prose dark:prose-invert w-full break-words light\">\n<p data-start=\"44\" data-end=\"267\">The Wiawis HMC Plus Flat stabilizer weight in color is an accessory designed to complement Wiawis HMC Plus stabilizers, allowing archers to adjust both the weight and appearance of their setup to match personal preferences.<\/p>\n<p data-start=\"269\" data-end=\"287\"><strong data-start=\"269\" data-end=\"285\">Key Features<\/strong><\/p>\n<ul data-start=\"288\" data-end=\"757\">\n<li data-start=\"288\" data-end=\"367\">\n<p data-start=\"290\" data-end=\"367\"><strong data-start=\"290\" data-end=\"302\">Material<\/strong>: Stainless steel, ensuring durability and corrosion resistance<\/p>\n<\/li>\n<li data-start=\"368\" data-end=\"388\">\n<p data-start=\"370\" data-end=\"388\"><strong data-start=\"370\" data-end=\"380\">Weight<\/strong>: 39 g<\/p>\n<\/li>\n<li data-start=\"389\" data-end=\"472\">\n<p data-start=\"391\" data-end=\"472\"><strong data-start=\"391\" data-end=\"401\">Thread<\/strong>: UNC 1\/4&#8243;, compatible with most stabilizers from other manufacturers<\/p>\n<\/li>\n<li data-start=\"473\" data-end=\"628\">\n<p data-start=\"475\" data-end=\"628\"><strong data-start=\"475\" data-end=\"485\">Design<\/strong>: End-cap style, with internal threading on one side and a closed opposite end, ideal for use as an additional weight at the stabilizer&#8217;s tip<\/p>\n<\/li>\n<li data-start=\"629\" data-end=\"757\">\n<p data-start=\"631\" data-end=\"757\"><strong data-start=\"631\" data-end=\"648\">Compatibility<\/strong>: Specifically made for Wiawis HMC Plus stabilizers, but also fits other stabilizers using UNC 1\/4&#8243; threads<\/p>\n<\/li>\n<\/ul>\n<p data-start=\"759\" data-end=\"775\"><strong data-start=\"759\" data-end=\"773\">Advantages<\/strong><\/p>\n<ul data-start=\"776\" data-end=\"1116\" data-is-last-node=\"\" data-is-only-node=\"\">\n<li data-start=\"776\" data-end=\"898\">\n<p data-start=\"778\" data-end=\"898\"><strong data-start=\"778\" data-end=\"805\">Aesthetic customization<\/strong>: Available in various colors, allowing archers to match their gear to their personal style<\/p>\n<\/li>\n<li data-start=\"899\" data-end=\"1017\">\n<p data-start=\"901\" data-end=\"1017\"><strong data-start=\"901\" data-end=\"930\">Precise weight adjustment<\/strong>: Adding extra weight can help balance the stabilizer according to the archer\u2019s needs<\/p>\n<\/li>\n<li data-start=\"1018\" data-end=\"1116\" data-is-last-node=\"\">\n<p data-start=\"1020\" data-end=\"1116\" data-is-last-node=\"\"><strong data-start=\"1020\" data-end=\"1043\">Robust construction<\/strong>: Stainless steel ensures long-lasting performance and resistance to wear<\/p>\n<\/li>\n<\/ul>\n<\/div>\n<\/div>\n<\/div>\n<\/div>\n<div class=\"flex min-h-[46px] justify-start\"><\/div>\n","protected":false},"featured_media":74645,"comment_status":"open","ping_status":"closed","template":"","meta":{"_acf_changed":false},"product_brand":[],"product_cat":[2824],"product_tag":[4389,2522,2521],"class_list":{"0":"post-77818","1":"product","2":"type-product","3":"status-publish","4":"has-post-thumbnail","6":"product_cat-weights","7":"product_tag-arco-de-poleas-de-precision-en","8":"product_tag-barebow","9":"product_tag-olimpic-bow","11":"first","12":"onbackorder","13":"sale","14":"taxable","15":"shipping-taxable","16":"purchasable","17":"product-type-variable"},"acf":[],"yoast_head":"<!-- This site is optimized with the Yoast SEO plugin v27.3 - https:\/\/yoast.com\/product\/yoast-seo-wordpress\/ -->\n<title>Wiawis HMC Plus Flat Stabilizer Weight - MoitoArchery<\/title>\n<meta name=\"description\" content=\"El peso estabilizador Wiawis HMC Plus Flat en color es un accesorio dise\u00f1ado para complementar los estabilizadores HMC Plus de Wiawis, permitiendo ajustar el peso y la est\u00e9tica del equipo seg\u00fan las preferencias del arquero.\u200b\" \/>\n<meta name=\"robots\" content=\"index, follow, max-snippet:-1, max-image-preview:large, max-video-preview:-1\" \/>\n<link rel=\"canonical\" href=\"https:\/\/moitoarchery.com\/en\/product\/wiawis-hmc-plus-flat-stabilizer-weight\/\" \/>\n<meta property=\"og:locale\" content=\"en_US\" \/>\n<meta property=\"og:type\" content=\"article\" \/>\n<meta property=\"og:title\" content=\"Wiawis HMC Plus Flat Stabilizer Weight - MoitoArchery\" \/>\n<meta property=\"og:description\" content=\"El peso estabilizador Wiawis HMC Plus Flat en color es un accesorio dise\u00f1ado para complementar los estabilizadores HMC Plus de Wiawis, permitiendo ajustar el peso y la est\u00e9tica del equipo seg\u00fan las preferencias del arquero.\u200b\" \/>\n<meta property=\"og:url\" content=\"https:\/\/moitoarchery.com\/en\/product\/wiawis-hmc-plus-flat-stabilizer-weight\/\" \/>\n<meta property=\"og:site_name\" content=\"MoitoArchery\" \/>\n<meta property=\"article:publisher\" content=\"https:\/\/www.facebook.com\/arqueriaOnline\/\" \/>\n<meta property=\"article:modified_time\" content=\"2025-11-12T09:30:41+00:00\" \/>\n<meta property=\"og:image\" content=\"https:\/\/moitoarchery.com\/wp-content\/uploads\/2025\/04\/A033646_1.jpg\" \/>\n\t<meta property=\"og:image:width\" content=\"800\" \/>\n\t<meta property=\"og:image:height\" content=\"800\" \/>\n\t<meta property=\"og:image:type\" content=\"image\/jpeg\" \/>\n<meta name=\"twitter:card\" content=\"summary_large_image\" \/>\n<meta name=\"twitter:label1\" content=\"Est. reading time\" \/>\n\t<meta name=\"twitter:data1\" content=\"1 minute\" \/>\n<script type=\"application\/ld+json\" class=\"yoast-schema-graph\">{\"@context\":\"https:\\\/\\\/schema.org\",\"@graph\":[{\"@type\":\"WebPage\",\"@id\":\"https:\\\/\\\/moitoarchery.com\\\/en\\\/product\\\/wiawis-hmc-plus-flat-stabilizer-weight\\\/\",\"url\":\"https:\\\/\\\/moitoarchery.com\\\/en\\\/product\\\/wiawis-hmc-plus-flat-stabilizer-weight\\\/\",\"name\":\"Wiawis HMC Plus Flat Stabilizer Weight - MoitoArchery\",\"isPartOf\":{\"@id\":\"https:\\\/\\\/moitoarchery.com\\\/en\\\/#website\"},\"primaryImageOfPage\":{\"@id\":\"https:\\\/\\\/moitoarchery.com\\\/en\\\/product\\\/wiawis-hmc-plus-flat-stabilizer-weight\\\/#primaryimage\"},\"image\":{\"@id\":\"https:\\\/\\\/moitoarchery.com\\\/en\\\/product\\\/wiawis-hmc-plus-flat-stabilizer-weight\\\/#primaryimage\"},\"thumbnailUrl\":\"https:\\\/\\\/moitoarchery.com\\\/wp-content\\\/uploads\\\/2025\\\/04\\\/A033646_1.jpg\",\"datePublished\":\"2025-04-23T11:35:51+00:00\",\"dateModified\":\"2025-11-12T09:30:41+00:00\",\"description\":\"El peso estabilizador Wiawis HMC Plus Flat en color es un accesorio dise\u00f1ado para complementar los estabilizadores HMC Plus de Wiawis, permitiendo ajustar el peso y la est\u00e9tica del equipo seg\u00fan las preferencias del arquero.\u200b\",\"breadcrumb\":{\"@id\":\"https:\\\/\\\/moitoarchery.com\\\/en\\\/product\\\/wiawis-hmc-plus-flat-stabilizer-weight\\\/#breadcrumb\"},\"inLanguage\":\"en-US\",\"potentialAction\":[{\"@type\":\"ReadAction\",\"target\":[\"https:\\\/\\\/moitoarchery.com\\\/en\\\/product\\\/wiawis-hmc-plus-flat-stabilizer-weight\\\/\"]}]},{\"@type\":\"ImageObject\",\"inLanguage\":\"en-US\",\"@id\":\"https:\\\/\\\/moitoarchery.com\\\/en\\\/product\\\/wiawis-hmc-plus-flat-stabilizer-weight\\\/#primaryimage\",\"url\":\"https:\\\/\\\/moitoarchery.com\\\/wp-content\\\/uploads\\\/2025\\\/04\\\/A033646_1.jpg\",\"contentUrl\":\"https:\\\/\\\/moitoarchery.com\\\/wp-content\\\/uploads\\\/2025\\\/04\\\/A033646_1.jpg\",\"width\":800,\"height\":800,\"caption\":\"Wiawis HMC Plus Flat Stabilizer Weight\"},{\"@type\":\"BreadcrumbList\",\"@id\":\"https:\\\/\\\/moitoarchery.com\\\/en\\\/product\\\/wiawis-hmc-plus-flat-stabilizer-weight\\\/#breadcrumb\",\"itemListElement\":[{\"@type\":\"ListItem\",\"position\":1,\"name\":\"Portada\",\"item\":\"https:\\\/\\\/moitoarchery.com\\\/en\\\/\"},{\"@type\":\"ListItem\",\"position\":2,\"name\":\"Shop\",\"item\":\"https:\\\/\\\/moitoarchery.com\\\/en\\\/shop\\\/\"},{\"@type\":\"ListItem\",\"position\":3,\"name\":\"Wiawis HMC Plus Flat Stabilizer Weight\"}]},{\"@type\":\"WebSite\",\"@id\":\"https:\\\/\\\/moitoarchery.com\\\/en\\\/#website\",\"url\":\"https:\\\/\\\/moitoarchery.com\\\/en\\\/\",\"name\":\"MoitoArchery\",\"description\":\"Tienda de Tiro con arco\",\"publisher\":{\"@id\":\"https:\\\/\\\/moitoarchery.com\\\/en\\\/#organization\"},\"potentialAction\":[{\"@type\":\"SearchAction\",\"target\":{\"@type\":\"EntryPoint\",\"urlTemplate\":\"https:\\\/\\\/moitoarchery.com\\\/en\\\/?s={search_term_string}\"},\"query-input\":{\"@type\":\"PropertyValueSpecification\",\"valueRequired\":true,\"valueName\":\"search_term_string\"}}],\"inLanguage\":\"en-US\"},{\"@type\":\"Organization\",\"@id\":\"https:\\\/\\\/moitoarchery.com\\\/en\\\/#organization\",\"name\":\"MoitoArchery\",\"url\":\"https:\\\/\\\/moitoarchery.com\\\/en\\\/\",\"logo\":{\"@type\":\"ImageObject\",\"inLanguage\":\"en-US\",\"@id\":\"https:\\\/\\\/moitoarchery.com\\\/en\\\/#\\\/schema\\\/logo\\\/image\\\/\",\"url\":\"https:\\\/\\\/moitoarchery.com\\\/wp-content\\\/uploads\\\/2020\\\/09\\\/logotipo-moitoarchery.png\",\"contentUrl\":\"https:\\\/\\\/moitoarchery.com\\\/wp-content\\\/uploads\\\/2020\\\/09\\\/logotipo-moitoarchery.png\",\"width\":300,\"height\":66,\"caption\":\"MoitoArchery\"},\"image\":{\"@id\":\"https:\\\/\\\/moitoarchery.com\\\/en\\\/#\\\/schema\\\/logo\\\/image\\\/\"},\"sameAs\":[\"https:\\\/\\\/www.facebook.com\\\/arqueriaOnline\\\/\",\"https:\\\/\\\/www.instagram.com\\\/moitoarchery\\\/\",\"https:\\\/\\\/www.youtube.com\\\/channel\\\/UCvmj39gVUIKVoJJ6vQC9GPA\\\/\"]}]}<\/script>\n<!-- \/ Yoast SEO plugin. -->","yoast_head_json":{"title":"Wiawis HMC Plus Flat Stabilizer Weight - MoitoArchery","description":"El peso estabilizador Wiawis HMC Plus Flat en color es un accesorio dise\u00f1ado para complementar los estabilizadores HMC Plus de Wiawis, permitiendo ajustar el peso y la est\u00e9tica del equipo seg\u00fan las preferencias del arquero.\u200b","robots":{"index":"index","follow":"follow","max-snippet":"max-snippet:-1","max-image-preview":"max-image-preview:large","max-video-preview":"max-video-preview:-1"},"canonical":"https:\/\/moitoarchery.com\/en\/product\/wiawis-hmc-plus-flat-stabilizer-weight\/","og_locale":"en_US","og_type":"article","og_title":"Wiawis HMC Plus Flat Stabilizer Weight - MoitoArchery","og_description":"El peso estabilizador Wiawis HMC Plus Flat en color es un accesorio dise\u00f1ado para complementar los estabilizadores HMC Plus de Wiawis, permitiendo ajustar el peso y la est\u00e9tica del equipo seg\u00fan las preferencias del arquero.\u200b","og_url":"https:\/\/moitoarchery.com\/en\/product\/wiawis-hmc-plus-flat-stabilizer-weight\/","og_site_name":"MoitoArchery","article_publisher":"https:\/\/www.facebook.com\/arqueriaOnline\/","article_modified_time":"2025-11-12T09:30:41+00:00","og_image":[{"width":800,"height":800,"url":"https:\/\/moitoarchery.com\/wp-content\/uploads\/2025\/04\/A033646_1.jpg","type":"image\/jpeg"}],"twitter_card":"summary_large_image","twitter_misc":{"Est. reading time":"1 minute"},"schema":{"@context":"https:\/\/schema.org","@graph":[{"@type":"WebPage","@id":"https:\/\/moitoarchery.com\/en\/product\/wiawis-hmc-plus-flat-stabilizer-weight\/","url":"https:\/\/moitoarchery.com\/en\/product\/wiawis-hmc-plus-flat-stabilizer-weight\/","name":"Wiawis HMC Plus Flat Stabilizer Weight - MoitoArchery","isPartOf":{"@id":"https:\/\/moitoarchery.com\/en\/#website"},"primaryImageOfPage":{"@id":"https:\/\/moitoarchery.com\/en\/product\/wiawis-hmc-plus-flat-stabilizer-weight\/#primaryimage"},"image":{"@id":"https:\/\/moitoarchery.com\/en\/product\/wiawis-hmc-plus-flat-stabilizer-weight\/#primaryimage"},"thumbnailUrl":"https:\/\/moitoarchery.com\/wp-content\/uploads\/2025\/04\/A033646_1.jpg","datePublished":"2025-04-23T11:35:51+00:00","dateModified":"2025-11-12T09:30:41+00:00","description":"El peso estabilizador Wiawis HMC Plus Flat en color es un accesorio dise\u00f1ado para complementar los estabilizadores HMC Plus de Wiawis, permitiendo ajustar el peso y la est\u00e9tica del equipo seg\u00fan las preferencias del arquero.\u200b","breadcrumb":{"@id":"https:\/\/moitoarchery.com\/en\/product\/wiawis-hmc-plus-flat-stabilizer-weight\/#breadcrumb"},"inLanguage":"en-US","potentialAction":[{"@type":"ReadAction","target":["https:\/\/moitoarchery.com\/en\/product\/wiawis-hmc-plus-flat-stabilizer-weight\/"]}]},{"@type":"ImageObject","inLanguage":"en-US","@id":"https:\/\/moitoarchery.com\/en\/product\/wiawis-hmc-plus-flat-stabilizer-weight\/#primaryimage","url":"https:\/\/moitoarchery.com\/wp-content\/uploads\/2025\/04\/A033646_1.jpg","contentUrl":"https:\/\/moitoarchery.com\/wp-content\/uploads\/2025\/04\/A033646_1.jpg","width":800,"height":800,"caption":"Wiawis HMC Plus Flat Stabilizer Weight"},{"@type":"BreadcrumbList","@id":"https:\/\/moitoarchery.com\/en\/product\/wiawis-hmc-plus-flat-stabilizer-weight\/#breadcrumb","itemListElement":[{"@type":"ListItem","position":1,"name":"Portada","item":"https:\/\/moitoarchery.com\/en\/"},{"@type":"ListItem","position":2,"name":"Shop","item":"https:\/\/moitoarchery.com\/en\/shop\/"},{"@type":"ListItem","position":3,"name":"Wiawis HMC Plus Flat Stabilizer Weight"}]},{"@type":"WebSite","@id":"https:\/\/moitoarchery.com\/en\/#website","url":"https:\/\/moitoarchery.com\/en\/","name":"MoitoArchery","description":"Tienda de Tiro con arco","publisher":{"@id":"https:\/\/moitoarchery.com\/en\/#organization"},"potentialAction":[{"@type":"SearchAction","target":{"@type":"EntryPoint","urlTemplate":"https:\/\/moitoarchery.com\/en\/?s={search_term_string}"},"query-input":{"@type":"PropertyValueSpecification","valueRequired":true,"valueName":"search_term_string"}}],"inLanguage":"en-US"},{"@type":"Organization","@id":"https:\/\/moitoarchery.com\/en\/#organization","name":"MoitoArchery","url":"https:\/\/moitoarchery.com\/en\/","logo":{"@type":"ImageObject","inLanguage":"en-US","@id":"https:\/\/moitoarchery.com\/en\/#\/schema\/logo\/image\/","url":"https:\/\/moitoarchery.com\/wp-content\/uploads\/2020\/09\/logotipo-moitoarchery.png","contentUrl":"https:\/\/moitoarchery.com\/wp-content\/uploads\/2020\/09\/logotipo-moitoarchery.png","width":300,"height":66,"caption":"MoitoArchery"},"image":{"@id":"https:\/\/moitoarchery.com\/en\/#\/schema\/logo\/image\/"},"sameAs":["https:\/\/www.facebook.com\/arqueriaOnline\/","https:\/\/www.instagram.com\/moitoarchery\/","https:\/\/www.youtube.com\/channel\/UCvmj39gVUIKVoJJ6vQC9GPA\/"]}]}},"_links":{"self":[{"href":"https:\/\/moitoarchery.com\/en\/wp-json\/wp\/v2\/product\/77818","targetHints":{"allow":["GET"]}}],"collection":[{"href":"https:\/\/moitoarchery.com\/en\/wp-json\/wp\/v2\/product"}],"about":[{"href":"https:\/\/moitoarchery.com\/en\/wp-json\/wp\/v2\/types\/product"}],"replies":[{"embeddable":true,"href":"https:\/\/moitoarchery.com\/en\/wp-json\/wp\/v2\/comments?post=77818"}],"version-history":[{"count":0,"href":"https:\/\/moitoarchery.com\/en\/wp-json\/wp\/v2\/product\/77818\/revisions"}],"wp:featuredmedia":[{"embeddable":true,"href":"https:\/\/moitoarchery.com\/en\/wp-json\/wp\/v2\/media\/74645"}],"wp:attachment":[{"href":"https:\/\/moitoarchery.com\/en\/wp-json\/wp\/v2\/media?parent=77818"}],"wp:term":[{"taxonomy":"product_brand","embeddable":true,"href":"https:\/\/moitoarchery.com\/en\/wp-json\/wp\/v2\/product_brand?post=77818"},{"taxonomy":"product_cat","embeddable":true,"href":"https:\/\/moitoarchery.com\/en\/wp-json\/wp\/v2\/product_cat?post=77818"},{"taxonomy":"product_tag","embeddable":true,"href":"https:\/\/moitoarchery.com\/en\/wp-json\/wp\/v2\/product_tag?post=77818"}],"curies":[{"name":"wp","href":"https:\/\/api.w.org\/{rel}","templated":true}]}}