{"id":77472,"date":"2025-03-18T16:34:52","date_gmt":"2025-03-18T15:34:52","guid":{"rendered":"https:\/\/moitoarchery.com\/producto\/cartel-207-scope-with-lens-for-compound-bow\/"},"modified":"2025-11-12T10:43:22","modified_gmt":"2025-11-12T09:43:22","slug":"cartel-207-scope-with-lens-for-compound-bow","status":"publish","type":"product","link":"https:\/\/moitoarchery.com\/en\/product\/cartel-207-scope-with-lens-for-compound-bow\/","title":{"rendered":"Cartel 207 Scope with Lens for Compound Bow"},"content":{"rendered":"<p>The Cartel 207 scope is designed for beginner to intermediate archers, offering a reliable and affordable option to improve accuracy.<\/p>\n<p>Features:<\/p>\n<p>    High-quality optical lenses<\/p>\n<p>    Durable construction<\/p>\n<p>    Precise aiming<\/p>\n<p>    Easy installation<\/p>\n<p>Custom Orders via Distributor:<\/p>\n<p>Made-to-order: To select colors or other features, if available, you can contact us to check the distributor\u2019s stock or for any advice before placing your custom order. Prices may vary depending on the color choice.<\/p>\n<p>Delivery Time: The minimum delivery time is approximately 10\u201314 days, though it may be longer due to possible delays, stock shortages, or other reasons.<\/p>\n<p>Workshop Service: We offer assembly and tuning services for all compound bows. You can find details of our services on our workshop page.<\/p>\n","protected":false},"excerpt":{"rendered":"<p>The Cartel 207 scope is designed for beginner to intermediate archers, offering a reliable and affordable option to improve accuracy.<\/p>\n<p>Features:<\/p>\n<p>    High-quality optical lenses<\/p>\n<p>    Durable construction<\/p>\n<p>    Precise aiming<\/p>\n<p>    Easy installation<\/p>\n<p>Custom Orders via Distributor:<\/p>\n<p>Made-to-order: To select colors or other features, if available, you can contact us to check the distributor\u2019s stock or for any advice before placing your custom order. Prices may vary depending on the color choice.<\/p>\n<p>Delivery Time: The minimum delivery time is approximately 10\u201314 days, though it may be longer due to possible delays, stock shortages, or other reasons.<\/p>\n<p>Workshop Service: We offer assembly and tuning services for all compound bows. You can find details of our services on our workshop page.<\/p>\n","protected":false},"featured_media":73715,"comment_status":"open","ping_status":"closed","template":"","meta":{"_acf_changed":false},"product_brand":[],"product_cat":[2941],"product_tag":[4389],"class_list":{"0":"post-77472","1":"product","2":"type-product","3":"status-publish","4":"has-post-thumbnail","6":"product_cat-compound-scope","7":"product_tag-arco-de-poleas-de-precision-en","9":"first","10":"onbackorder","11":"sale","12":"taxable","13":"shipping-taxable","14":"purchasable","15":"product-type-variable"},"acf":[],"yoast_head":"<!-- This site is optimized with the Yoast SEO plugin v27.3 - https:\/\/yoast.com\/product\/yoast-seo-wordpress\/ -->\n<title>Cartel 207 Scope with Lens for Compound Bow - MoitoArchery<\/title>\n<meta name=\"description\" content=\"El scope Cartel 207 est\u00e1 dise\u00f1ado para arqueros de nivel b\u00e1sico a intermedio, y ofrece una opci\u00f3n confiable y asequible para mejorar la precisi\u00f3n.\" \/>\n<meta name=\"robots\" content=\"index, follow, max-snippet:-1, max-image-preview:large, max-video-preview:-1\" \/>\n<link rel=\"canonical\" href=\"https:\/\/moitoarchery.com\/en\/product\/cartel-207-scope-with-lens-for-compound-bow\/\" \/>\n<meta property=\"og:locale\" content=\"en_US\" \/>\n<meta property=\"og:type\" content=\"article\" \/>\n<meta property=\"og:title\" content=\"Cartel 207 Scope with Lens for Compound Bow - MoitoArchery\" \/>\n<meta property=\"og:description\" content=\"El scope Cartel 207 est\u00e1 dise\u00f1ado para arqueros de nivel b\u00e1sico a intermedio, y ofrece una opci\u00f3n confiable y asequible para mejorar la precisi\u00f3n.\" \/>\n<meta property=\"og:url\" content=\"https:\/\/moitoarchery.com\/en\/product\/cartel-207-scope-with-lens-for-compound-bow\/\" \/>\n<meta property=\"og:site_name\" content=\"MoitoArchery\" \/>\n<meta property=\"article:publisher\" content=\"https:\/\/www.facebook.com\/arqueriaOnline\/\" \/>\n<meta property=\"article:modified_time\" content=\"2025-11-12T09:43:22+00:00\" \/>\n<meta property=\"og:image\" content=\"https:\/\/moitoarchery.com\/wp-content\/uploads\/2025\/03\/scope-cartel-207.jpg\" \/>\n\t<meta property=\"og:image:width\" content=\"800\" \/>\n\t<meta property=\"og:image:height\" content=\"800\" \/>\n\t<meta property=\"og:image:type\" content=\"image\/jpeg\" \/>\n<meta name=\"twitter:card\" content=\"summary_large_image\" \/>\n<meta name=\"twitter:label1\" content=\"Est. reading time\" \/>\n\t<meta name=\"twitter:data1\" content=\"1 minute\" \/>\n<script type=\"application\/ld+json\" class=\"yoast-schema-graph\">{\"@context\":\"https:\\\/\\\/schema.org\",\"@graph\":[{\"@type\":\"WebPage\",\"@id\":\"https:\\\/\\\/moitoarchery.com\\\/en\\\/product\\\/cartel-207-scope-with-lens-for-compound-bow\\\/\",\"url\":\"https:\\\/\\\/moitoarchery.com\\\/en\\\/product\\\/cartel-207-scope-with-lens-for-compound-bow\\\/\",\"name\":\"Cartel 207 Scope with Lens for Compound Bow - MoitoArchery\",\"isPartOf\":{\"@id\":\"https:\\\/\\\/moitoarchery.com\\\/en\\\/#website\"},\"primaryImageOfPage\":{\"@id\":\"https:\\\/\\\/moitoarchery.com\\\/en\\\/product\\\/cartel-207-scope-with-lens-for-compound-bow\\\/#primaryimage\"},\"image\":{\"@id\":\"https:\\\/\\\/moitoarchery.com\\\/en\\\/product\\\/cartel-207-scope-with-lens-for-compound-bow\\\/#primaryimage\"},\"thumbnailUrl\":\"https:\\\/\\\/moitoarchery.com\\\/wp-content\\\/uploads\\\/2025\\\/03\\\/scope-cartel-207.jpg\",\"datePublished\":\"2025-03-18T15:34:52+00:00\",\"dateModified\":\"2025-11-12T09:43:22+00:00\",\"description\":\"El scope Cartel 207 est\u00e1 dise\u00f1ado para arqueros de nivel b\u00e1sico a intermedio, y ofrece una opci\u00f3n confiable y asequible para mejorar la precisi\u00f3n.\",\"breadcrumb\":{\"@id\":\"https:\\\/\\\/moitoarchery.com\\\/en\\\/product\\\/cartel-207-scope-with-lens-for-compound-bow\\\/#breadcrumb\"},\"inLanguage\":\"en-US\",\"potentialAction\":[{\"@type\":\"ReadAction\",\"target\":[\"https:\\\/\\\/moitoarchery.com\\\/en\\\/product\\\/cartel-207-scope-with-lens-for-compound-bow\\\/\"]}]},{\"@type\":\"ImageObject\",\"inLanguage\":\"en-US\",\"@id\":\"https:\\\/\\\/moitoarchery.com\\\/en\\\/product\\\/cartel-207-scope-with-lens-for-compound-bow\\\/#primaryimage\",\"url\":\"https:\\\/\\\/moitoarchery.com\\\/wp-content\\\/uploads\\\/2025\\\/03\\\/scope-cartel-207.jpg\",\"contentUrl\":\"https:\\\/\\\/moitoarchery.com\\\/wp-content\\\/uploads\\\/2025\\\/03\\\/scope-cartel-207.jpg\",\"width\":800,\"height\":800,\"caption\":\"Cartel 207 Scope with Lens for Compound Bow\"},{\"@type\":\"BreadcrumbList\",\"@id\":\"https:\\\/\\\/moitoarchery.com\\\/en\\\/product\\\/cartel-207-scope-with-lens-for-compound-bow\\\/#breadcrumb\",\"itemListElement\":[{\"@type\":\"ListItem\",\"position\":1,\"name\":\"Portada\",\"item\":\"https:\\\/\\\/moitoarchery.com\\\/en\\\/\"},{\"@type\":\"ListItem\",\"position\":2,\"name\":\"Shop\",\"item\":\"https:\\\/\\\/moitoarchery.com\\\/en\\\/shop\\\/\"},{\"@type\":\"ListItem\",\"position\":3,\"name\":\"Cartel 207 Scope with Lens for Compound Bow\"}]},{\"@type\":\"WebSite\",\"@id\":\"https:\\\/\\\/moitoarchery.com\\\/en\\\/#website\",\"url\":\"https:\\\/\\\/moitoarchery.com\\\/en\\\/\",\"name\":\"MoitoArchery\",\"description\":\"Tienda de Tiro con arco\",\"publisher\":{\"@id\":\"https:\\\/\\\/moitoarchery.com\\\/en\\\/#organization\"},\"potentialAction\":[{\"@type\":\"SearchAction\",\"target\":{\"@type\":\"EntryPoint\",\"urlTemplate\":\"https:\\\/\\\/moitoarchery.com\\\/en\\\/?s={search_term_string}\"},\"query-input\":{\"@type\":\"PropertyValueSpecification\",\"valueRequired\":true,\"valueName\":\"search_term_string\"}}],\"inLanguage\":\"en-US\"},{\"@type\":\"Organization\",\"@id\":\"https:\\\/\\\/moitoarchery.com\\\/en\\\/#organization\",\"name\":\"MoitoArchery\",\"url\":\"https:\\\/\\\/moitoarchery.com\\\/en\\\/\",\"logo\":{\"@type\":\"ImageObject\",\"inLanguage\":\"en-US\",\"@id\":\"https:\\\/\\\/moitoarchery.com\\\/en\\\/#\\\/schema\\\/logo\\\/image\\\/\",\"url\":\"https:\\\/\\\/moitoarchery.com\\\/wp-content\\\/uploads\\\/2020\\\/09\\\/logotipo-moitoarchery.png\",\"contentUrl\":\"https:\\\/\\\/moitoarchery.com\\\/wp-content\\\/uploads\\\/2020\\\/09\\\/logotipo-moitoarchery.png\",\"width\":300,\"height\":66,\"caption\":\"MoitoArchery\"},\"image\":{\"@id\":\"https:\\\/\\\/moitoarchery.com\\\/en\\\/#\\\/schema\\\/logo\\\/image\\\/\"},\"sameAs\":[\"https:\\\/\\\/www.facebook.com\\\/arqueriaOnline\\\/\",\"https:\\\/\\\/www.instagram.com\\\/moitoarchery\\\/\",\"https:\\\/\\\/www.youtube.com\\\/channel\\\/UCvmj39gVUIKVoJJ6vQC9GPA\\\/\"]}]}<\/script>\n<!-- \/ Yoast SEO plugin. -->","yoast_head_json":{"title":"Cartel 207 Scope with Lens for Compound Bow - MoitoArchery","description":"El scope Cartel 207 est\u00e1 dise\u00f1ado para arqueros de nivel b\u00e1sico a intermedio, y ofrece una opci\u00f3n confiable y asequible para mejorar la precisi\u00f3n.","robots":{"index":"index","follow":"follow","max-snippet":"max-snippet:-1","max-image-preview":"max-image-preview:large","max-video-preview":"max-video-preview:-1"},"canonical":"https:\/\/moitoarchery.com\/en\/product\/cartel-207-scope-with-lens-for-compound-bow\/","og_locale":"en_US","og_type":"article","og_title":"Cartel 207 Scope with Lens for Compound Bow - MoitoArchery","og_description":"El scope Cartel 207 est\u00e1 dise\u00f1ado para arqueros de nivel b\u00e1sico a intermedio, y ofrece una opci\u00f3n confiable y asequible para mejorar la precisi\u00f3n.","og_url":"https:\/\/moitoarchery.com\/en\/product\/cartel-207-scope-with-lens-for-compound-bow\/","og_site_name":"MoitoArchery","article_publisher":"https:\/\/www.facebook.com\/arqueriaOnline\/","article_modified_time":"2025-11-12T09:43:22+00:00","og_image":[{"width":800,"height":800,"url":"https:\/\/moitoarchery.com\/wp-content\/uploads\/2025\/03\/scope-cartel-207.jpg","type":"image\/jpeg"}],"twitter_card":"summary_large_image","twitter_misc":{"Est. reading time":"1 minute"},"schema":{"@context":"https:\/\/schema.org","@graph":[{"@type":"WebPage","@id":"https:\/\/moitoarchery.com\/en\/product\/cartel-207-scope-with-lens-for-compound-bow\/","url":"https:\/\/moitoarchery.com\/en\/product\/cartel-207-scope-with-lens-for-compound-bow\/","name":"Cartel 207 Scope with Lens for Compound Bow - MoitoArchery","isPartOf":{"@id":"https:\/\/moitoarchery.com\/en\/#website"},"primaryImageOfPage":{"@id":"https:\/\/moitoarchery.com\/en\/product\/cartel-207-scope-with-lens-for-compound-bow\/#primaryimage"},"image":{"@id":"https:\/\/moitoarchery.com\/en\/product\/cartel-207-scope-with-lens-for-compound-bow\/#primaryimage"},"thumbnailUrl":"https:\/\/moitoarchery.com\/wp-content\/uploads\/2025\/03\/scope-cartel-207.jpg","datePublished":"2025-03-18T15:34:52+00:00","dateModified":"2025-11-12T09:43:22+00:00","description":"El scope Cartel 207 est\u00e1 dise\u00f1ado para arqueros de nivel b\u00e1sico a intermedio, y ofrece una opci\u00f3n confiable y asequible para mejorar la precisi\u00f3n.","breadcrumb":{"@id":"https:\/\/moitoarchery.com\/en\/product\/cartel-207-scope-with-lens-for-compound-bow\/#breadcrumb"},"inLanguage":"en-US","potentialAction":[{"@type":"ReadAction","target":["https:\/\/moitoarchery.com\/en\/product\/cartel-207-scope-with-lens-for-compound-bow\/"]}]},{"@type":"ImageObject","inLanguage":"en-US","@id":"https:\/\/moitoarchery.com\/en\/product\/cartel-207-scope-with-lens-for-compound-bow\/#primaryimage","url":"https:\/\/moitoarchery.com\/wp-content\/uploads\/2025\/03\/scope-cartel-207.jpg","contentUrl":"https:\/\/moitoarchery.com\/wp-content\/uploads\/2025\/03\/scope-cartel-207.jpg","width":800,"height":800,"caption":"Cartel 207 Scope with Lens for Compound Bow"},{"@type":"BreadcrumbList","@id":"https:\/\/moitoarchery.com\/en\/product\/cartel-207-scope-with-lens-for-compound-bow\/#breadcrumb","itemListElement":[{"@type":"ListItem","position":1,"name":"Portada","item":"https:\/\/moitoarchery.com\/en\/"},{"@type":"ListItem","position":2,"name":"Shop","item":"https:\/\/moitoarchery.com\/en\/shop\/"},{"@type":"ListItem","position":3,"name":"Cartel 207 Scope with Lens for Compound Bow"}]},{"@type":"WebSite","@id":"https:\/\/moitoarchery.com\/en\/#website","url":"https:\/\/moitoarchery.com\/en\/","name":"MoitoArchery","description":"Tienda de Tiro con arco","publisher":{"@id":"https:\/\/moitoarchery.com\/en\/#organization"},"potentialAction":[{"@type":"SearchAction","target":{"@type":"EntryPoint","urlTemplate":"https:\/\/moitoarchery.com\/en\/?s={search_term_string}"},"query-input":{"@type":"PropertyValueSpecification","valueRequired":true,"valueName":"search_term_string"}}],"inLanguage":"en-US"},{"@type":"Organization","@id":"https:\/\/moitoarchery.com\/en\/#organization","name":"MoitoArchery","url":"https:\/\/moitoarchery.com\/en\/","logo":{"@type":"ImageObject","inLanguage":"en-US","@id":"https:\/\/moitoarchery.com\/en\/#\/schema\/logo\/image\/","url":"https:\/\/moitoarchery.com\/wp-content\/uploads\/2020\/09\/logotipo-moitoarchery.png","contentUrl":"https:\/\/moitoarchery.com\/wp-content\/uploads\/2020\/09\/logotipo-moitoarchery.png","width":300,"height":66,"caption":"MoitoArchery"},"image":{"@id":"https:\/\/moitoarchery.com\/en\/#\/schema\/logo\/image\/"},"sameAs":["https:\/\/www.facebook.com\/arqueriaOnline\/","https:\/\/www.instagram.com\/moitoarchery\/","https:\/\/www.youtube.com\/channel\/UCvmj39gVUIKVoJJ6vQC9GPA\/"]}]}},"_links":{"self":[{"href":"https:\/\/moitoarchery.com\/en\/wp-json\/wp\/v2\/product\/77472","targetHints":{"allow":["GET"]}}],"collection":[{"href":"https:\/\/moitoarchery.com\/en\/wp-json\/wp\/v2\/product"}],"about":[{"href":"https:\/\/moitoarchery.com\/en\/wp-json\/wp\/v2\/types\/product"}],"replies":[{"embeddable":true,"href":"https:\/\/moitoarchery.com\/en\/wp-json\/wp\/v2\/comments?post=77472"}],"version-history":[{"count":0,"href":"https:\/\/moitoarchery.com\/en\/wp-json\/wp\/v2\/product\/77472\/revisions"}],"wp:featuredmedia":[{"embeddable":true,"href":"https:\/\/moitoarchery.com\/en\/wp-json\/wp\/v2\/media\/73715"}],"wp:attachment":[{"href":"https:\/\/moitoarchery.com\/en\/wp-json\/wp\/v2\/media?parent=77472"}],"wp:term":[{"taxonomy":"product_brand","embeddable":true,"href":"https:\/\/moitoarchery.com\/en\/wp-json\/wp\/v2\/product_brand?post=77472"},{"taxonomy":"product_cat","embeddable":true,"href":"https:\/\/moitoarchery.com\/en\/wp-json\/wp\/v2\/product_cat?post=77472"},{"taxonomy":"product_tag","embeddable":true,"href":"https:\/\/moitoarchery.com\/en\/wp-json\/wp\/v2\/product_tag?post=77472"}],"curies":[{"name":"wp","href":"https:\/\/api.w.org\/{rel}","templated":true}]}}