{"id":77464,"date":"2025-03-18T13:14:16","date_gmt":"2025-03-18T12:14:16","guid":{"rendered":"https:\/\/moitoarchery.com\/producto\/aae-barebow-trad-finger-tab\/"},"modified":"2025-11-12T10:43:23","modified_gmt":"2025-11-12T09:43:23","slug":"aae-barebow-trad-finger-tab","status":"publish","type":"product","link":"https:\/\/moitoarchery.com\/en\/product\/aae-barebow-trad-finger-tab\/","title":{"rendered":"AAE Barebow TRAD Finger Tab"},"content":{"rendered":"<div class=\"flex max-w-full flex-col flex-grow\">\n<div class=\"min-h-8 text-message relative flex w-full flex-col items-end gap-2 whitespace-normal break-words text-start [.text-message+&amp;]:mt-5\" dir=\"auto\" data-message-author-role=\"assistant\" data-message-id=\"ae370ab3-e269-418f-857c-403badac4682\" data-message-model-slug=\"gpt-4o-mini\">\n<div class=\"flex w-full flex-col gap-1 empty:hidden first:pt-[3px]\">\n<div class=\"markdown prose w-full break-words dark:prose-invert light\">\n<p data-start=\"0\" data-end=\"174\">The AAE Barebow TRAD Finger Tab has been specifically designed for traditional archers, developed over two years in collaboration with experienced archers in this discipline.<\/p>\n<p data-start=\"176\" data-end=\"195\">Technical Features:<\/p>\n<ul data-start=\"197\" data-end=\"584\">\n<li data-start=\"197\" data-end=\"311\">\n<p data-start=\"199\" data-end=\"311\"><strong data-start=\"199\" data-end=\"218\">Precise design:<\/strong> Ideal for shooters using the three-finger technique below the string and &#8220;string walking.&#8221;<\/p>\n<\/li>\n<li data-start=\"312\" data-end=\"426\">\n<p data-start=\"314\" data-end=\"426\"><strong data-start=\"314\" data-end=\"341\">High-quality materials:<\/strong> Made with aerospace-grade materials, ensuring durability and superior performance.<\/p>\n<\/li>\n<li data-start=\"427\" data-end=\"525\">\n<p data-start=\"429\" data-end=\"525\"><strong data-start=\"429\" data-end=\"450\">Customizable fit:<\/strong> Features oversized cordovan faces that can be trimmed for a perfect fit.<\/p>\n<\/li>\n<li data-start=\"526\" data-end=\"584\">\n<p data-start=\"528\" data-end=\"584\"><strong data-start=\"528\" data-end=\"545\">Size options:<\/strong> Available in Small, Medium, and Large.<\/p>\n<\/li>\n<\/ul>\n<p data-start=\"586\" data-end=\"738\" data-is-last-node=\"\" data-is-only-node=\"\">The AAE Barebow TRAD Finger Tab provides traditional archers with a personalized, high-performance shooting experience tailored to their specific needs.<\/p>\n<\/div>\n<\/div>\n<\/div>\n<\/div>\n<div class=\"mb-2 flex gap-3 -ml-2\" tabindex=\"0\">\n<div class=\"flex items-center justify-start rounded-xl p-1\">\n<div>\n<div class=\"flex items-center transition-opacity group-hover\/turn:opacity-100 opacity-100\"><\/div>\n<\/div>\n<\/div>\n<\/div>\n","protected":false},"excerpt":{"rendered":"<p>The AAE Barebow TRAD Finger Tab has been specifically designed for traditional archers, developed over two years in collaboration with experienced archers in this discipline.<\/p>\n<p>Technical Features:<\/p>\n<p>    Precise design: Ideal for shooters using the three-finger technique below the string and &#8220;string walking.&#8221;<\/p>\n<p>    High-quality materials: Made with aerospace-grade materials, ensuring durability and superior performance.<\/p>\n<p>    Customizable fit: Features oversized cordovan faces that can be trimmed for a perfect fit.<\/p>\n<p>    Size options: Available in Small, Medium, and Large.<\/p>\n<p>The AAE Barebow TRAD Finger Tab provides traditional archers with a personalized, high-performance shooting experience tailored to their specific needs.<\/p>\n","protected":false},"featured_media":73707,"comment_status":"open","ping_status":"closed","template":"","meta":{"_acf_changed":false},"product_brand":[],"product_cat":[2476,2448],"product_tag":[2522],"class_list":{"0":"post-77464","1":"product","2":"type-product","3":"status-publish","4":"has-post-thumbnail","6":"product_cat-barebow-en","7":"product_cat-finger-tabs","8":"product_tag-barebow","10":"first","11":"onbackorder","12":"sale","13":"taxable","14":"shipping-taxable","15":"purchasable","16":"product-type-variable"},"acf":[],"yoast_head":"<!-- This site is optimized with the Yoast SEO plugin v27.3 - https:\/\/yoast.com\/product\/yoast-seo-wordpress\/ -->\n<title>AAE Barebow TRAD Finger Tab - MoitoArchery<\/title>\n<meta name=\"description\" content=\"La Dactilera Barebow TRAD de AAE ha sido dise\u00f1ada espec\u00edficamente para arqueros tradicionales, desarrollada durante 2 a\u00f1os con la colaboraci\u00f3n de arqueros experimentados en esta disciplina.\" \/>\n<meta name=\"robots\" content=\"index, follow, max-snippet:-1, max-image-preview:large, max-video-preview:-1\" \/>\n<link rel=\"canonical\" href=\"https:\/\/moitoarchery.com\/en\/product\/aae-barebow-trad-finger-tab\/\" \/>\n<meta property=\"og:locale\" content=\"en_US\" \/>\n<meta property=\"og:type\" content=\"article\" \/>\n<meta property=\"og:title\" content=\"AAE Barebow TRAD Finger Tab - MoitoArchery\" \/>\n<meta property=\"og:description\" content=\"La Dactilera Barebow TRAD de AAE ha sido dise\u00f1ada espec\u00edficamente para arqueros tradicionales, desarrollada durante 2 a\u00f1os con la colaboraci\u00f3n de arqueros experimentados en esta disciplina.\" \/>\n<meta property=\"og:url\" content=\"https:\/\/moitoarchery.com\/en\/product\/aae-barebow-trad-finger-tab\/\" \/>\n<meta property=\"og:site_name\" content=\"MoitoArchery\" \/>\n<meta property=\"article:publisher\" content=\"https:\/\/www.facebook.com\/arqueriaOnline\/\" \/>\n<meta property=\"article:modified_time\" content=\"2025-11-12T09:43:23+00:00\" \/>\n<meta property=\"og:image\" content=\"https:\/\/moitoarchery.com\/wp-content\/uploads\/2025\/03\/A081578_1.jpg\" \/>\n\t<meta property=\"og:image:width\" content=\"800\" \/>\n\t<meta property=\"og:image:height\" content=\"800\" \/>\n\t<meta property=\"og:image:type\" content=\"image\/jpeg\" \/>\n<meta name=\"twitter:card\" content=\"summary_large_image\" \/>\n<script type=\"application\/ld+json\" class=\"yoast-schema-graph\">{\"@context\":\"https:\\\/\\\/schema.org\",\"@graph\":[{\"@type\":\"WebPage\",\"@id\":\"https:\\\/\\\/moitoarchery.com\\\/en\\\/product\\\/aae-barebow-trad-finger-tab\\\/\",\"url\":\"https:\\\/\\\/moitoarchery.com\\\/en\\\/product\\\/aae-barebow-trad-finger-tab\\\/\",\"name\":\"AAE Barebow TRAD Finger Tab - MoitoArchery\",\"isPartOf\":{\"@id\":\"https:\\\/\\\/moitoarchery.com\\\/en\\\/#website\"},\"primaryImageOfPage\":{\"@id\":\"https:\\\/\\\/moitoarchery.com\\\/en\\\/product\\\/aae-barebow-trad-finger-tab\\\/#primaryimage\"},\"image\":{\"@id\":\"https:\\\/\\\/moitoarchery.com\\\/en\\\/product\\\/aae-barebow-trad-finger-tab\\\/#primaryimage\"},\"thumbnailUrl\":\"https:\\\/\\\/moitoarchery.com\\\/wp-content\\\/uploads\\\/2025\\\/03\\\/A081578_1.jpg\",\"datePublished\":\"2025-03-18T12:14:16+00:00\",\"dateModified\":\"2025-11-12T09:43:23+00:00\",\"description\":\"La Dactilera Barebow TRAD de AAE ha sido dise\u00f1ada espec\u00edficamente para arqueros tradicionales, desarrollada durante 2 a\u00f1os con la colaboraci\u00f3n de arqueros experimentados en esta disciplina.\",\"breadcrumb\":{\"@id\":\"https:\\\/\\\/moitoarchery.com\\\/en\\\/product\\\/aae-barebow-trad-finger-tab\\\/#breadcrumb\"},\"inLanguage\":\"en-US\",\"potentialAction\":[{\"@type\":\"ReadAction\",\"target\":[\"https:\\\/\\\/moitoarchery.com\\\/en\\\/product\\\/aae-barebow-trad-finger-tab\\\/\"]}]},{\"@type\":\"ImageObject\",\"inLanguage\":\"en-US\",\"@id\":\"https:\\\/\\\/moitoarchery.com\\\/en\\\/product\\\/aae-barebow-trad-finger-tab\\\/#primaryimage\",\"url\":\"https:\\\/\\\/moitoarchery.com\\\/wp-content\\\/uploads\\\/2025\\\/03\\\/A081578_1.jpg\",\"contentUrl\":\"https:\\\/\\\/moitoarchery.com\\\/wp-content\\\/uploads\\\/2025\\\/03\\\/A081578_1.jpg\",\"width\":800,\"height\":800,\"caption\":\"AAE Barebow TRAD Finger Tab\"},{\"@type\":\"BreadcrumbList\",\"@id\":\"https:\\\/\\\/moitoarchery.com\\\/en\\\/product\\\/aae-barebow-trad-finger-tab\\\/#breadcrumb\",\"itemListElement\":[{\"@type\":\"ListItem\",\"position\":1,\"name\":\"Portada\",\"item\":\"https:\\\/\\\/moitoarchery.com\\\/en\\\/\"},{\"@type\":\"ListItem\",\"position\":2,\"name\":\"Shop\",\"item\":\"https:\\\/\\\/moitoarchery.com\\\/en\\\/shop\\\/\"},{\"@type\":\"ListItem\",\"position\":3,\"name\":\"AAE Barebow TRAD Finger Tab\"}]},{\"@type\":\"WebSite\",\"@id\":\"https:\\\/\\\/moitoarchery.com\\\/en\\\/#website\",\"url\":\"https:\\\/\\\/moitoarchery.com\\\/en\\\/\",\"name\":\"MoitoArchery\",\"description\":\"Tienda de Tiro con arco\",\"publisher\":{\"@id\":\"https:\\\/\\\/moitoarchery.com\\\/en\\\/#organization\"},\"potentialAction\":[{\"@type\":\"SearchAction\",\"target\":{\"@type\":\"EntryPoint\",\"urlTemplate\":\"https:\\\/\\\/moitoarchery.com\\\/en\\\/?s={search_term_string}\"},\"query-input\":{\"@type\":\"PropertyValueSpecification\",\"valueRequired\":true,\"valueName\":\"search_term_string\"}}],\"inLanguage\":\"en-US\"},{\"@type\":\"Organization\",\"@id\":\"https:\\\/\\\/moitoarchery.com\\\/en\\\/#organization\",\"name\":\"MoitoArchery\",\"url\":\"https:\\\/\\\/moitoarchery.com\\\/en\\\/\",\"logo\":{\"@type\":\"ImageObject\",\"inLanguage\":\"en-US\",\"@id\":\"https:\\\/\\\/moitoarchery.com\\\/en\\\/#\\\/schema\\\/logo\\\/image\\\/\",\"url\":\"https:\\\/\\\/moitoarchery.com\\\/wp-content\\\/uploads\\\/2020\\\/09\\\/logotipo-moitoarchery.png\",\"contentUrl\":\"https:\\\/\\\/moitoarchery.com\\\/wp-content\\\/uploads\\\/2020\\\/09\\\/logotipo-moitoarchery.png\",\"width\":300,\"height\":66,\"caption\":\"MoitoArchery\"},\"image\":{\"@id\":\"https:\\\/\\\/moitoarchery.com\\\/en\\\/#\\\/schema\\\/logo\\\/image\\\/\"},\"sameAs\":[\"https:\\\/\\\/www.facebook.com\\\/arqueriaOnline\\\/\",\"https:\\\/\\\/www.instagram.com\\\/moitoarchery\\\/\",\"https:\\\/\\\/www.youtube.com\\\/channel\\\/UCvmj39gVUIKVoJJ6vQC9GPA\\\/\"]}]}<\/script>\n<!-- \/ Yoast SEO plugin. -->","yoast_head_json":{"title":"AAE Barebow TRAD Finger Tab - MoitoArchery","description":"La Dactilera Barebow TRAD de AAE ha sido dise\u00f1ada espec\u00edficamente para arqueros tradicionales, desarrollada durante 2 a\u00f1os con la colaboraci\u00f3n de arqueros experimentados en esta disciplina.","robots":{"index":"index","follow":"follow","max-snippet":"max-snippet:-1","max-image-preview":"max-image-preview:large","max-video-preview":"max-video-preview:-1"},"canonical":"https:\/\/moitoarchery.com\/en\/product\/aae-barebow-trad-finger-tab\/","og_locale":"en_US","og_type":"article","og_title":"AAE Barebow TRAD Finger Tab - MoitoArchery","og_description":"La Dactilera Barebow TRAD de AAE ha sido dise\u00f1ada espec\u00edficamente para arqueros tradicionales, desarrollada durante 2 a\u00f1os con la colaboraci\u00f3n de arqueros experimentados en esta disciplina.","og_url":"https:\/\/moitoarchery.com\/en\/product\/aae-barebow-trad-finger-tab\/","og_site_name":"MoitoArchery","article_publisher":"https:\/\/www.facebook.com\/arqueriaOnline\/","article_modified_time":"2025-11-12T09:43:23+00:00","og_image":[{"width":800,"height":800,"url":"https:\/\/moitoarchery.com\/wp-content\/uploads\/2025\/03\/A081578_1.jpg","type":"image\/jpeg"}],"twitter_card":"summary_large_image","schema":{"@context":"https:\/\/schema.org","@graph":[{"@type":"WebPage","@id":"https:\/\/moitoarchery.com\/en\/product\/aae-barebow-trad-finger-tab\/","url":"https:\/\/moitoarchery.com\/en\/product\/aae-barebow-trad-finger-tab\/","name":"AAE Barebow TRAD Finger Tab - MoitoArchery","isPartOf":{"@id":"https:\/\/moitoarchery.com\/en\/#website"},"primaryImageOfPage":{"@id":"https:\/\/moitoarchery.com\/en\/product\/aae-barebow-trad-finger-tab\/#primaryimage"},"image":{"@id":"https:\/\/moitoarchery.com\/en\/product\/aae-barebow-trad-finger-tab\/#primaryimage"},"thumbnailUrl":"https:\/\/moitoarchery.com\/wp-content\/uploads\/2025\/03\/A081578_1.jpg","datePublished":"2025-03-18T12:14:16+00:00","dateModified":"2025-11-12T09:43:23+00:00","description":"La Dactilera Barebow TRAD de AAE ha sido dise\u00f1ada espec\u00edficamente para arqueros tradicionales, desarrollada durante 2 a\u00f1os con la colaboraci\u00f3n de arqueros experimentados en esta disciplina.","breadcrumb":{"@id":"https:\/\/moitoarchery.com\/en\/product\/aae-barebow-trad-finger-tab\/#breadcrumb"},"inLanguage":"en-US","potentialAction":[{"@type":"ReadAction","target":["https:\/\/moitoarchery.com\/en\/product\/aae-barebow-trad-finger-tab\/"]}]},{"@type":"ImageObject","inLanguage":"en-US","@id":"https:\/\/moitoarchery.com\/en\/product\/aae-barebow-trad-finger-tab\/#primaryimage","url":"https:\/\/moitoarchery.com\/wp-content\/uploads\/2025\/03\/A081578_1.jpg","contentUrl":"https:\/\/moitoarchery.com\/wp-content\/uploads\/2025\/03\/A081578_1.jpg","width":800,"height":800,"caption":"AAE Barebow TRAD Finger Tab"},{"@type":"BreadcrumbList","@id":"https:\/\/moitoarchery.com\/en\/product\/aae-barebow-trad-finger-tab\/#breadcrumb","itemListElement":[{"@type":"ListItem","position":1,"name":"Portada","item":"https:\/\/moitoarchery.com\/en\/"},{"@type":"ListItem","position":2,"name":"Shop","item":"https:\/\/moitoarchery.com\/en\/shop\/"},{"@type":"ListItem","position":3,"name":"AAE Barebow TRAD Finger Tab"}]},{"@type":"WebSite","@id":"https:\/\/moitoarchery.com\/en\/#website","url":"https:\/\/moitoarchery.com\/en\/","name":"MoitoArchery","description":"Tienda de Tiro con arco","publisher":{"@id":"https:\/\/moitoarchery.com\/en\/#organization"},"potentialAction":[{"@type":"SearchAction","target":{"@type":"EntryPoint","urlTemplate":"https:\/\/moitoarchery.com\/en\/?s={search_term_string}"},"query-input":{"@type":"PropertyValueSpecification","valueRequired":true,"valueName":"search_term_string"}}],"inLanguage":"en-US"},{"@type":"Organization","@id":"https:\/\/moitoarchery.com\/en\/#organization","name":"MoitoArchery","url":"https:\/\/moitoarchery.com\/en\/","logo":{"@type":"ImageObject","inLanguage":"en-US","@id":"https:\/\/moitoarchery.com\/en\/#\/schema\/logo\/image\/","url":"https:\/\/moitoarchery.com\/wp-content\/uploads\/2020\/09\/logotipo-moitoarchery.png","contentUrl":"https:\/\/moitoarchery.com\/wp-content\/uploads\/2020\/09\/logotipo-moitoarchery.png","width":300,"height":66,"caption":"MoitoArchery"},"image":{"@id":"https:\/\/moitoarchery.com\/en\/#\/schema\/logo\/image\/"},"sameAs":["https:\/\/www.facebook.com\/arqueriaOnline\/","https:\/\/www.instagram.com\/moitoarchery\/","https:\/\/www.youtube.com\/channel\/UCvmj39gVUIKVoJJ6vQC9GPA\/"]}]}},"_links":{"self":[{"href":"https:\/\/moitoarchery.com\/en\/wp-json\/wp\/v2\/product\/77464","targetHints":{"allow":["GET"]}}],"collection":[{"href":"https:\/\/moitoarchery.com\/en\/wp-json\/wp\/v2\/product"}],"about":[{"href":"https:\/\/moitoarchery.com\/en\/wp-json\/wp\/v2\/types\/product"}],"replies":[{"embeddable":true,"href":"https:\/\/moitoarchery.com\/en\/wp-json\/wp\/v2\/comments?post=77464"}],"version-history":[{"count":0,"href":"https:\/\/moitoarchery.com\/en\/wp-json\/wp\/v2\/product\/77464\/revisions"}],"wp:featuredmedia":[{"embeddable":true,"href":"https:\/\/moitoarchery.com\/en\/wp-json\/wp\/v2\/media\/73707"}],"wp:attachment":[{"href":"https:\/\/moitoarchery.com\/en\/wp-json\/wp\/v2\/media?parent=77464"}],"wp:term":[{"taxonomy":"product_brand","embeddable":true,"href":"https:\/\/moitoarchery.com\/en\/wp-json\/wp\/v2\/product_brand?post=77464"},{"taxonomy":"product_cat","embeddable":true,"href":"https:\/\/moitoarchery.com\/en\/wp-json\/wp\/v2\/product_cat?post=77464"},{"taxonomy":"product_tag","embeddable":true,"href":"https:\/\/moitoarchery.com\/en\/wp-json\/wp\/v2\/product_tag?post=77464"}],"curies":[{"name":"wp","href":"https:\/\/api.w.org\/{rel}","templated":true}]}}