{"id":76997,"date":"2025-06-10T12:43:30","date_gmt":"2025-06-10T10:43:30","guid":{"rendered":"https:\/\/moitoarchery.com\/producto\/wns-black-wolf-hunting-riser-17\/"},"modified":"2025-11-12T10:03:46","modified_gmt":"2025-11-12T09:03:46","slug":"wns-black-wolf-hunting-riser-17","status":"publish","type":"product","link":"https:\/\/moitoarchery.com\/en\/product\/wns-black-wolf-hunting-riser-17\/","title":{"rendered":"WNS Black Wolf Hunting Riser 17&#8243;"},"content":{"rendered":"<p>The WNS Black Wolf 17&#8243; Hunting Riser delivers unmatched performance, combining speed, efficiency, and smoothness in every shot, making it ideal for both target shooting and hunting. Backed by the legacy of excellence from Wiawis\u2014now WIN&#038;WIN Archery\u2014with over 40 years of experience in high-quality recurve bows, the Black Wolf ensures reliability and precision in the field.<\/p>\n<p>Key features:<\/p>\n<p>    Superior Performance: Designed to maximize speed and smoothness with each shot.<\/p>\n<p>    Optimal Efficiency: Advanced construction reduces vibration and enhances stability.<\/p>\n<p>    Tradition and Quality: Built upon the renowned Wiawis technology from WIN&#038;WIN Archery since 1980.<\/p>\n<p>    ILF Compatibility: Standard pocket compatible with a wide variety of recurve limbs.<\/p>\n","protected":false},"excerpt":{"rendered":"<p>The WNS Black Wolf 17&#8243; Hunting Riser delivers unmatched performance, combining speed, efficiency, and smoothness in every shot, making it ideal for both target shooting and hunting. Backed by the legacy of excellence from Wiawis\u2014now WIN&#038;WIN Archery\u2014with over 40 years of experience in high-quality recurve bows, the Black Wolf ensures reliability and precision in the field.<\/p>\n<p>Key features:<\/p>\n<p>    Superior Performance: Designed to maximize speed and smoothness with each shot.<\/p>\n<p>    Optimal Efficiency: Advanced construction reduces vibration and enhances stability.<\/p>\n<p>    Tradition and Quality: Built upon the renowned Wiawis technology from WIN&#038;WIN Archery since 1980.<\/p>\n<p>    ILF Compatibility: Standard pocket compatible with a wide variety of recurve limbs.<\/p>\n","protected":false},"featured_media":75104,"comment_status":"open","ping_status":"closed","template":"","meta":{"_acf_changed":false},"product_brand":[],"product_cat":[2701,2699,2696],"product_tag":[3118],"class_list":{"0":"post-76997","1":"product","2":"type-product","3":"status-publish","4":"has-post-thumbnail","6":"product_cat-take-down-recurve-bows","7":"product_cat-traditional-bow-risers","8":"product_cat-traditional-bows","9":"product_tag-arqueria-tradicional-en","11":"first","12":"onbackorder","13":"sale","14":"taxable","15":"shipping-taxable","16":"purchasable","17":"product-type-variable"},"acf":[],"yoast_head":"<!-- This site is optimized with the Yoast SEO plugin v27.3 - https:\/\/yoast.com\/product\/yoast-seo-wordpress\/ -->\n<title>WNS Black Wolf Hunting Riser 17&quot; - MoitoArchery<\/title>\n<meta name=\"description\" content=\"El Cuerpo para caza WNS Black Wolf 17\u2033 ofrece un rendimiento inigualable, combinando velocidad, eficiencia y suavidad en cada disparo, perfecto tanto para tiro al blanco como para caza. Respaldado por la herencia de excelencia de Wiawis, ahora WIN&amp;WIN Archery, con m\u00e1s de 40 a\u00f1os de experiencia en arcos recurvos de alta calidad, el Black Wolf garantiza fiabilidad y precisi\u00f3n en campo abierto.Puntos clave:Rendimiento Superior: Dise\u00f1ado para maximizar la velocidad y suavidad en cada disparo.Eficiencia \u00d3ptima: Construcci\u00f3n avanzada que reduce vibraciones y mejora la estabilidad.Tradici\u00f3n y Calidad: Basado en la reconocida tecnolog\u00eda Wiawis por WIN&amp;WIN Archery desde 1980.Compatibilidad ILF: Pocket est\u00e1ndar que permite una amplia variedad de palas recurve.\" \/>\n<meta name=\"robots\" content=\"index, follow, max-snippet:-1, max-image-preview:large, max-video-preview:-1\" \/>\n<link rel=\"canonical\" href=\"https:\/\/moitoarchery.com\/en\/product\/wns-black-wolf-hunting-riser-17\/\" \/>\n<meta property=\"og:locale\" content=\"en_US\" \/>\n<meta property=\"og:type\" content=\"article\" \/>\n<meta property=\"og:title\" content=\"WNS Black Wolf Hunting Riser 17&quot; - MoitoArchery\" \/>\n<meta property=\"og:description\" content=\"El Cuerpo para caza WNS Black Wolf 17\u2033 ofrece un rendimiento inigualable, combinando velocidad, eficiencia y suavidad en cada disparo, perfecto tanto para tiro al blanco como para caza. Respaldado por la herencia de excelencia de Wiawis, ahora WIN&amp;WIN Archery, con m\u00e1s de 40 a\u00f1os de experiencia en arcos recurvos de alta calidad, el Black Wolf garantiza fiabilidad y precisi\u00f3n en campo abierto.Puntos clave:Rendimiento Superior: Dise\u00f1ado para maximizar la velocidad y suavidad en cada disparo.Eficiencia \u00d3ptima: Construcci\u00f3n avanzada que reduce vibraciones y mejora la estabilidad.Tradici\u00f3n y Calidad: Basado en la reconocida tecnolog\u00eda Wiawis por WIN&amp;WIN Archery desde 1980.Compatibilidad ILF: Pocket est\u00e1ndar que permite una amplia variedad de palas recurve.\" \/>\n<meta property=\"og:url\" content=\"https:\/\/moitoarchery.com\/en\/product\/wns-black-wolf-hunting-riser-17\/\" \/>\n<meta property=\"og:site_name\" content=\"MoitoArchery\" \/>\n<meta property=\"article:publisher\" content=\"https:\/\/www.facebook.com\/arqueriaOnline\/\" \/>\n<meta property=\"article:modified_time\" content=\"2025-11-12T09:03:46+00:00\" \/>\n<meta property=\"og:image\" content=\"https:\/\/moitoarchery.com\/wp-content\/uploads\/2025\/06\/A080630_1.jpg\" \/>\n\t<meta property=\"og:image:width\" content=\"800\" \/>\n\t<meta property=\"og:image:height\" content=\"800\" \/>\n\t<meta property=\"og:image:type\" content=\"image\/jpeg\" \/>\n<meta name=\"twitter:card\" content=\"summary_large_image\" \/>\n<meta name=\"twitter:label1\" content=\"Est. reading time\" \/>\n\t<meta name=\"twitter:data1\" content=\"1 minute\" \/>\n<script type=\"application\/ld+json\" class=\"yoast-schema-graph\">{\"@context\":\"https:\\\/\\\/schema.org\",\"@graph\":[{\"@type\":\"WebPage\",\"@id\":\"https:\\\/\\\/moitoarchery.com\\\/en\\\/product\\\/wns-black-wolf-hunting-riser-17\\\/\",\"url\":\"https:\\\/\\\/moitoarchery.com\\\/en\\\/product\\\/wns-black-wolf-hunting-riser-17\\\/\",\"name\":\"WNS Black Wolf Hunting Riser 17\\\" - MoitoArchery\",\"isPartOf\":{\"@id\":\"https:\\\/\\\/moitoarchery.com\\\/en\\\/#website\"},\"primaryImageOfPage\":{\"@id\":\"https:\\\/\\\/moitoarchery.com\\\/en\\\/product\\\/wns-black-wolf-hunting-riser-17\\\/#primaryimage\"},\"image\":{\"@id\":\"https:\\\/\\\/moitoarchery.com\\\/en\\\/product\\\/wns-black-wolf-hunting-riser-17\\\/#primaryimage\"},\"thumbnailUrl\":\"https:\\\/\\\/moitoarchery.com\\\/wp-content\\\/uploads\\\/2025\\\/06\\\/A080630_1.jpg\",\"datePublished\":\"2025-06-10T10:43:30+00:00\",\"dateModified\":\"2025-11-12T09:03:46+00:00\",\"description\":\"El Cuerpo para caza WNS Black Wolf 17\u2033 ofrece un rendimiento inigualable, combinando velocidad, eficiencia y suavidad en cada disparo, perfecto tanto para tiro al blanco como para caza. Respaldado por la herencia de excelencia de Wiawis, ahora WIN&WIN Archery, con m\u00e1s de 40 a\u00f1os de experiencia en arcos recurvos de alta calidad, el Black Wolf garantiza fiabilidad y precisi\u00f3n en campo abierto.Puntos clave:Rendimiento Superior: Dise\u00f1ado para maximizar la velocidad y suavidad en cada disparo.Eficiencia \u00d3ptima: Construcci\u00f3n avanzada que reduce vibraciones y mejora la estabilidad.Tradici\u00f3n y Calidad: Basado en la reconocida tecnolog\u00eda Wiawis por WIN&WIN Archery desde 1980.Compatibilidad ILF: Pocket est\u00e1ndar que permite una amplia variedad de palas recurve.\",\"breadcrumb\":{\"@id\":\"https:\\\/\\\/moitoarchery.com\\\/en\\\/product\\\/wns-black-wolf-hunting-riser-17\\\/#breadcrumb\"},\"inLanguage\":\"en-US\",\"potentialAction\":[{\"@type\":\"ReadAction\",\"target\":[\"https:\\\/\\\/moitoarchery.com\\\/en\\\/product\\\/wns-black-wolf-hunting-riser-17\\\/\"]}]},{\"@type\":\"ImageObject\",\"inLanguage\":\"en-US\",\"@id\":\"https:\\\/\\\/moitoarchery.com\\\/en\\\/product\\\/wns-black-wolf-hunting-riser-17\\\/#primaryimage\",\"url\":\"https:\\\/\\\/moitoarchery.com\\\/wp-content\\\/uploads\\\/2025\\\/06\\\/A080630_1.jpg\",\"contentUrl\":\"https:\\\/\\\/moitoarchery.com\\\/wp-content\\\/uploads\\\/2025\\\/06\\\/A080630_1.jpg\",\"width\":800,\"height\":800,\"caption\":\"WNS Black Wolf Hunting Riser 17\\\"\"},{\"@type\":\"BreadcrumbList\",\"@id\":\"https:\\\/\\\/moitoarchery.com\\\/en\\\/product\\\/wns-black-wolf-hunting-riser-17\\\/#breadcrumb\",\"itemListElement\":[{\"@type\":\"ListItem\",\"position\":1,\"name\":\"Portada\",\"item\":\"https:\\\/\\\/moitoarchery.com\\\/en\\\/\"},{\"@type\":\"ListItem\",\"position\":2,\"name\":\"Shop\",\"item\":\"https:\\\/\\\/moitoarchery.com\\\/en\\\/shop\\\/\"},{\"@type\":\"ListItem\",\"position\":3,\"name\":\"WNS Black Wolf Hunting Riser 17&#8243;\"}]},{\"@type\":\"WebSite\",\"@id\":\"https:\\\/\\\/moitoarchery.com\\\/en\\\/#website\",\"url\":\"https:\\\/\\\/moitoarchery.com\\\/en\\\/\",\"name\":\"MoitoArchery\",\"description\":\"Tienda de Tiro con arco\",\"publisher\":{\"@id\":\"https:\\\/\\\/moitoarchery.com\\\/en\\\/#organization\"},\"potentialAction\":[{\"@type\":\"SearchAction\",\"target\":{\"@type\":\"EntryPoint\",\"urlTemplate\":\"https:\\\/\\\/moitoarchery.com\\\/en\\\/?s={search_term_string}\"},\"query-input\":{\"@type\":\"PropertyValueSpecification\",\"valueRequired\":true,\"valueName\":\"search_term_string\"}}],\"inLanguage\":\"en-US\"},{\"@type\":\"Organization\",\"@id\":\"https:\\\/\\\/moitoarchery.com\\\/en\\\/#organization\",\"name\":\"MoitoArchery\",\"url\":\"https:\\\/\\\/moitoarchery.com\\\/en\\\/\",\"logo\":{\"@type\":\"ImageObject\",\"inLanguage\":\"en-US\",\"@id\":\"https:\\\/\\\/moitoarchery.com\\\/en\\\/#\\\/schema\\\/logo\\\/image\\\/\",\"url\":\"https:\\\/\\\/moitoarchery.com\\\/wp-content\\\/uploads\\\/2020\\\/09\\\/logotipo-moitoarchery.png\",\"contentUrl\":\"https:\\\/\\\/moitoarchery.com\\\/wp-content\\\/uploads\\\/2020\\\/09\\\/logotipo-moitoarchery.png\",\"width\":300,\"height\":66,\"caption\":\"MoitoArchery\"},\"image\":{\"@id\":\"https:\\\/\\\/moitoarchery.com\\\/en\\\/#\\\/schema\\\/logo\\\/image\\\/\"},\"sameAs\":[\"https:\\\/\\\/www.facebook.com\\\/arqueriaOnline\\\/\",\"https:\\\/\\\/www.instagram.com\\\/moitoarchery\\\/\",\"https:\\\/\\\/www.youtube.com\\\/channel\\\/UCvmj39gVUIKVoJJ6vQC9GPA\\\/\"]}]}<\/script>\n<!-- \/ Yoast SEO plugin. -->","yoast_head_json":{"title":"WNS Black Wolf Hunting Riser 17\" - MoitoArchery","description":"El Cuerpo para caza WNS Black Wolf 17\u2033 ofrece un rendimiento inigualable, combinando velocidad, eficiencia y suavidad en cada disparo, perfecto tanto para tiro al blanco como para caza. Respaldado por la herencia de excelencia de Wiawis, ahora WIN&WIN Archery, con m\u00e1s de 40 a\u00f1os de experiencia en arcos recurvos de alta calidad, el Black Wolf garantiza fiabilidad y precisi\u00f3n en campo abierto.Puntos clave:Rendimiento Superior: Dise\u00f1ado para maximizar la velocidad y suavidad en cada disparo.Eficiencia \u00d3ptima: Construcci\u00f3n avanzada que reduce vibraciones y mejora la estabilidad.Tradici\u00f3n y Calidad: Basado en la reconocida tecnolog\u00eda Wiawis por WIN&WIN Archery desde 1980.Compatibilidad ILF: Pocket est\u00e1ndar que permite una amplia variedad de palas recurve.","robots":{"index":"index","follow":"follow","max-snippet":"max-snippet:-1","max-image-preview":"max-image-preview:large","max-video-preview":"max-video-preview:-1"},"canonical":"https:\/\/moitoarchery.com\/en\/product\/wns-black-wolf-hunting-riser-17\/","og_locale":"en_US","og_type":"article","og_title":"WNS Black Wolf Hunting Riser 17\" - MoitoArchery","og_description":"El Cuerpo para caza WNS Black Wolf 17\u2033 ofrece un rendimiento inigualable, combinando velocidad, eficiencia y suavidad en cada disparo, perfecto tanto para tiro al blanco como para caza. Respaldado por la herencia de excelencia de Wiawis, ahora WIN&WIN Archery, con m\u00e1s de 40 a\u00f1os de experiencia en arcos recurvos de alta calidad, el Black Wolf garantiza fiabilidad y precisi\u00f3n en campo abierto.Puntos clave:Rendimiento Superior: Dise\u00f1ado para maximizar la velocidad y suavidad en cada disparo.Eficiencia \u00d3ptima: Construcci\u00f3n avanzada que reduce vibraciones y mejora la estabilidad.Tradici\u00f3n y Calidad: Basado en la reconocida tecnolog\u00eda Wiawis por WIN&WIN Archery desde 1980.Compatibilidad ILF: Pocket est\u00e1ndar que permite una amplia variedad de palas recurve.","og_url":"https:\/\/moitoarchery.com\/en\/product\/wns-black-wolf-hunting-riser-17\/","og_site_name":"MoitoArchery","article_publisher":"https:\/\/www.facebook.com\/arqueriaOnline\/","article_modified_time":"2025-11-12T09:03:46+00:00","og_image":[{"width":800,"height":800,"url":"https:\/\/moitoarchery.com\/wp-content\/uploads\/2025\/06\/A080630_1.jpg","type":"image\/jpeg"}],"twitter_card":"summary_large_image","twitter_misc":{"Est. reading time":"1 minute"},"schema":{"@context":"https:\/\/schema.org","@graph":[{"@type":"WebPage","@id":"https:\/\/moitoarchery.com\/en\/product\/wns-black-wolf-hunting-riser-17\/","url":"https:\/\/moitoarchery.com\/en\/product\/wns-black-wolf-hunting-riser-17\/","name":"WNS Black Wolf Hunting Riser 17\" - MoitoArchery","isPartOf":{"@id":"https:\/\/moitoarchery.com\/en\/#website"},"primaryImageOfPage":{"@id":"https:\/\/moitoarchery.com\/en\/product\/wns-black-wolf-hunting-riser-17\/#primaryimage"},"image":{"@id":"https:\/\/moitoarchery.com\/en\/product\/wns-black-wolf-hunting-riser-17\/#primaryimage"},"thumbnailUrl":"https:\/\/moitoarchery.com\/wp-content\/uploads\/2025\/06\/A080630_1.jpg","datePublished":"2025-06-10T10:43:30+00:00","dateModified":"2025-11-12T09:03:46+00:00","description":"El Cuerpo para caza WNS Black Wolf 17\u2033 ofrece un rendimiento inigualable, combinando velocidad, eficiencia y suavidad en cada disparo, perfecto tanto para tiro al blanco como para caza. Respaldado por la herencia de excelencia de Wiawis, ahora WIN&WIN Archery, con m\u00e1s de 40 a\u00f1os de experiencia en arcos recurvos de alta calidad, el Black Wolf garantiza fiabilidad y precisi\u00f3n en campo abierto.Puntos clave:Rendimiento Superior: Dise\u00f1ado para maximizar la velocidad y suavidad en cada disparo.Eficiencia \u00d3ptima: Construcci\u00f3n avanzada que reduce vibraciones y mejora la estabilidad.Tradici\u00f3n y Calidad: Basado en la reconocida tecnolog\u00eda Wiawis por WIN&WIN Archery desde 1980.Compatibilidad ILF: Pocket est\u00e1ndar que permite una amplia variedad de palas recurve.","breadcrumb":{"@id":"https:\/\/moitoarchery.com\/en\/product\/wns-black-wolf-hunting-riser-17\/#breadcrumb"},"inLanguage":"en-US","potentialAction":[{"@type":"ReadAction","target":["https:\/\/moitoarchery.com\/en\/product\/wns-black-wolf-hunting-riser-17\/"]}]},{"@type":"ImageObject","inLanguage":"en-US","@id":"https:\/\/moitoarchery.com\/en\/product\/wns-black-wolf-hunting-riser-17\/#primaryimage","url":"https:\/\/moitoarchery.com\/wp-content\/uploads\/2025\/06\/A080630_1.jpg","contentUrl":"https:\/\/moitoarchery.com\/wp-content\/uploads\/2025\/06\/A080630_1.jpg","width":800,"height":800,"caption":"WNS Black Wolf Hunting Riser 17\""},{"@type":"BreadcrumbList","@id":"https:\/\/moitoarchery.com\/en\/product\/wns-black-wolf-hunting-riser-17\/#breadcrumb","itemListElement":[{"@type":"ListItem","position":1,"name":"Portada","item":"https:\/\/moitoarchery.com\/en\/"},{"@type":"ListItem","position":2,"name":"Shop","item":"https:\/\/moitoarchery.com\/en\/shop\/"},{"@type":"ListItem","position":3,"name":"WNS Black Wolf Hunting Riser 17&#8243;"}]},{"@type":"WebSite","@id":"https:\/\/moitoarchery.com\/en\/#website","url":"https:\/\/moitoarchery.com\/en\/","name":"MoitoArchery","description":"Tienda de Tiro con arco","publisher":{"@id":"https:\/\/moitoarchery.com\/en\/#organization"},"potentialAction":[{"@type":"SearchAction","target":{"@type":"EntryPoint","urlTemplate":"https:\/\/moitoarchery.com\/en\/?s={search_term_string}"},"query-input":{"@type":"PropertyValueSpecification","valueRequired":true,"valueName":"search_term_string"}}],"inLanguage":"en-US"},{"@type":"Organization","@id":"https:\/\/moitoarchery.com\/en\/#organization","name":"MoitoArchery","url":"https:\/\/moitoarchery.com\/en\/","logo":{"@type":"ImageObject","inLanguage":"en-US","@id":"https:\/\/moitoarchery.com\/en\/#\/schema\/logo\/image\/","url":"https:\/\/moitoarchery.com\/wp-content\/uploads\/2020\/09\/logotipo-moitoarchery.png","contentUrl":"https:\/\/moitoarchery.com\/wp-content\/uploads\/2020\/09\/logotipo-moitoarchery.png","width":300,"height":66,"caption":"MoitoArchery"},"image":{"@id":"https:\/\/moitoarchery.com\/en\/#\/schema\/logo\/image\/"},"sameAs":["https:\/\/www.facebook.com\/arqueriaOnline\/","https:\/\/www.instagram.com\/moitoarchery\/","https:\/\/www.youtube.com\/channel\/UCvmj39gVUIKVoJJ6vQC9GPA\/"]}]}},"_links":{"self":[{"href":"https:\/\/moitoarchery.com\/en\/wp-json\/wp\/v2\/product\/76997","targetHints":{"allow":["GET"]}}],"collection":[{"href":"https:\/\/moitoarchery.com\/en\/wp-json\/wp\/v2\/product"}],"about":[{"href":"https:\/\/moitoarchery.com\/en\/wp-json\/wp\/v2\/types\/product"}],"replies":[{"embeddable":true,"href":"https:\/\/moitoarchery.com\/en\/wp-json\/wp\/v2\/comments?post=76997"}],"version-history":[{"count":0,"href":"https:\/\/moitoarchery.com\/en\/wp-json\/wp\/v2\/product\/76997\/revisions"}],"wp:featuredmedia":[{"embeddable":true,"href":"https:\/\/moitoarchery.com\/en\/wp-json\/wp\/v2\/media\/75104"}],"wp:attachment":[{"href":"https:\/\/moitoarchery.com\/en\/wp-json\/wp\/v2\/media?parent=76997"}],"wp:term":[{"taxonomy":"product_brand","embeddable":true,"href":"https:\/\/moitoarchery.com\/en\/wp-json\/wp\/v2\/product_brand?post=76997"},{"taxonomy":"product_cat","embeddable":true,"href":"https:\/\/moitoarchery.com\/en\/wp-json\/wp\/v2\/product_cat?post=76997"},{"taxonomy":"product_tag","embeddable":true,"href":"https:\/\/moitoarchery.com\/en\/wp-json\/wp\/v2\/product_tag?post=76997"}],"curies":[{"name":"wp","href":"https:\/\/api.w.org\/{rel}","templated":true}]}}