{"id":76674,"date":"2025-04-07T10:54:41","date_gmt":"2025-04-07T08:54:41","guid":{"rendered":"https:\/\/moitoarchery.com\/producto\/beiter-index-for-recurve-bow-8-32\/"},"modified":"2025-11-12T10:33:37","modified_gmt":"2025-11-12T09:33:37","slug":"beiter-index-for-recurve-bow-8-32","status":"publish","type":"product","link":"https:\/\/moitoarchery.com\/en\/product\/beiter-index-for-recurve-bow-8-32\/","title":{"rendered":"Beiter Index for Recurve Bow 8\/32"},"content":{"rendered":"<p data-start=\"0\" data-end=\"247\">El Beiter Sight Tunnel fue el primer Sight Tunnel dise\u00f1ado por Werner Beiter. Se puede combinar con siete insertos intercambiables, todos con diferentes opciones de orientaci\u00f3n, lo que lo convierte en uno de los \u00edndices m\u00e1s adaptables del mercado.<\/p>\n<p data-start=\"249\" data-end=\"294\">Est\u00e1 disponible en di\u00e1metros de 8 mm y 12 mm.<\/p>\n<p data-start=\"296\" data-end=\"334\">Encargos para pedidos al distribuidor:<\/p>\n<ul data-start=\"336\" data-end=\"981\" data-is-last-node=\"\" data-is-only-node=\"\">\n<li data-start=\"336\" data-end=\"616\">\n<p data-start=\"338\" data-end=\"616\">Pedido por encargo: Para elegir colores u otras caracter\u00edsticas, si las hubiese, puede contactar con nosotros para revisar el stock disponible de nuestro distribuidor o cualquier duda de asesor\u00eda antes de realizar su pedido por encargo. Los precios pueden variar seg\u00fan el color.<\/p>\n<\/li>\n<li data-start=\"618\" data-end=\"805\">\n<p data-start=\"620\" data-end=\"805\">Tiempo de entrega: El tiempo m\u00ednimo de entrega es de aproximadamente 10 a 14 d\u00edas, aunque en algunos casos puede ser superior debido a posibles retrasos, falta de stock u otros motivos.<\/p>\n<\/li>\n<li data-start=\"807\" data-end=\"981\" data-is-last-node=\"\">\n<p data-start=\"809\" data-end=\"981\" data-is-last-node=\"\">Servicio de taller: Disponemos de servicio de montaje y ajuste en taller para todos los arcos de poleas. Puede consultar los diversos servicios en nuestra p\u00e1gina de taller.<\/p>\n<\/li>\n<\/ul>\n","protected":false},"excerpt":{"rendered":"<p>El Beiter Sight Tunnel fue el primer Sight Tunnel dise\u00f1ado por Werner Beiter. Se puede combinar con siete insertos intercambiables, todos con diferentes opciones de orientaci\u00f3n, lo que lo convierte en uno de los \u00edndices m\u00e1s adaptables del mercado. Est\u00e1 disponible en di\u00e1metros de 8 mm y 12 mm. Encargos para pedidos al distribuidor: Pedido [&hellip;]<\/p>\n","protected":false},"featured_media":74342,"comment_status":"open","ping_status":"closed","template":"","meta":{"_acf_changed":false},"product_brand":[],"product_cat":[2949],"product_tag":[2521],"class_list":{"0":"post-76674","1":"product","2":"type-product","3":"status-publish","4":"has-post-thumbnail","6":"product_cat-sight","7":"product_tag-olimpic-bow","9":"first","10":"instock","11":"sale","12":"taxable","13":"shipping-taxable","14":"purchasable","15":"product-type-variable"},"acf":[],"yoast_head":"<!-- This site is optimized with the Yoast SEO plugin v27.5 - https:\/\/yoast.com\/product\/yoast-seo-wordpress\/ -->\n<title>Beiter Index for Recurve Bow 8\/32 - MoitoArchery<\/title>\n<meta name=\"robots\" content=\"index, follow, max-snippet:-1, max-image-preview:large, max-video-preview:-1\" \/>\n<link rel=\"canonical\" href=\"https:\/\/moitoarchery.com\/en\/product\/beiter-index-for-recurve-bow-8-32\/\" \/>\n<meta property=\"og:locale\" content=\"en_US\" \/>\n<meta property=\"og:type\" content=\"article\" \/>\n<meta property=\"og:title\" content=\"Beiter Index for Recurve Bow 8\/32 - MoitoArchery\" \/>\n<meta property=\"og:description\" content=\"El Beiter Sight Tunnel fue el primer Sight Tunnel dise\u00f1ado por Werner Beiter. Se puede combinar con siete insertos intercambiables, todos con diferentes opciones de orientaci\u00f3n, lo que lo convierte en uno de los \u00edndices m\u00e1s adaptables del mercado. Est\u00e1 disponible en di\u00e1metros de 8 mm y 12 mm. Encargos para pedidos al distribuidor: Pedido [&hellip;]\" \/>\n<meta property=\"og:url\" content=\"https:\/\/moitoarchery.com\/en\/product\/beiter-index-for-recurve-bow-8-32\/\" \/>\n<meta property=\"og:site_name\" content=\"MoitoArchery\" \/>\n<meta property=\"article:publisher\" content=\"https:\/\/www.facebook.com\/arqueriaOnline\/\" \/>\n<meta property=\"article:modified_time\" content=\"2025-11-12T09:33:37+00:00\" \/>\n<meta property=\"og:image\" content=\"https:\/\/moitoarchery.com\/wp-content\/uploads\/2025\/04\/indice-beiter-8-32-negro.jpg\" \/>\n\t<meta property=\"og:image:width\" content=\"800\" \/>\n\t<meta property=\"og:image:height\" content=\"800\" \/>\n\t<meta property=\"og:image:type\" content=\"image\/jpeg\" \/>\n<meta name=\"twitter:card\" content=\"summary_large_image\" \/>\n<meta name=\"twitter:label1\" content=\"Est. reading time\" \/>\n\t<meta name=\"twitter:data1\" content=\"1 minute\" \/>\n<script type=\"application\/ld+json\" class=\"yoast-schema-graph\">{\"@context\":\"https:\\\/\\\/schema.org\",\"@graph\":[{\"@type\":\"WebPage\",\"@id\":\"https:\\\/\\\/moitoarchery.com\\\/en\\\/product\\\/beiter-index-for-recurve-bow-8-32\\\/\",\"url\":\"https:\\\/\\\/moitoarchery.com\\\/en\\\/product\\\/beiter-index-for-recurve-bow-8-32\\\/\",\"name\":\"Beiter Index for Recurve Bow 8\\\/32 - MoitoArchery\",\"isPartOf\":{\"@id\":\"https:\\\/\\\/moitoarchery.com\\\/en\\\/#website\"},\"primaryImageOfPage\":{\"@id\":\"https:\\\/\\\/moitoarchery.com\\\/en\\\/product\\\/beiter-index-for-recurve-bow-8-32\\\/#primaryimage\"},\"image\":{\"@id\":\"https:\\\/\\\/moitoarchery.com\\\/en\\\/product\\\/beiter-index-for-recurve-bow-8-32\\\/#primaryimage\"},\"thumbnailUrl\":\"https:\\\/\\\/moitoarchery.com\\\/wp-content\\\/uploads\\\/2025\\\/04\\\/indice-beiter-8-32-negro.jpg\",\"datePublished\":\"2025-04-07T08:54:41+00:00\",\"dateModified\":\"2025-11-12T09:33:37+00:00\",\"breadcrumb\":{\"@id\":\"https:\\\/\\\/moitoarchery.com\\\/en\\\/product\\\/beiter-index-for-recurve-bow-8-32\\\/#breadcrumb\"},\"inLanguage\":\"en-US\",\"potentialAction\":[{\"@type\":\"ReadAction\",\"target\":[\"https:\\\/\\\/moitoarchery.com\\\/en\\\/product\\\/beiter-index-for-recurve-bow-8-32\\\/\"]}]},{\"@type\":\"ImageObject\",\"inLanguage\":\"en-US\",\"@id\":\"https:\\\/\\\/moitoarchery.com\\\/en\\\/product\\\/beiter-index-for-recurve-bow-8-32\\\/#primaryimage\",\"url\":\"https:\\\/\\\/moitoarchery.com\\\/wp-content\\\/uploads\\\/2025\\\/04\\\/indice-beiter-8-32-negro.jpg\",\"contentUrl\":\"https:\\\/\\\/moitoarchery.com\\\/wp-content\\\/uploads\\\/2025\\\/04\\\/indice-beiter-8-32-negro.jpg\",\"width\":800,\"height\":800,\"caption\":\"Beiter Index for Recurve Bow 8\\\/32\"},{\"@type\":\"BreadcrumbList\",\"@id\":\"https:\\\/\\\/moitoarchery.com\\\/en\\\/product\\\/beiter-index-for-recurve-bow-8-32\\\/#breadcrumb\",\"itemListElement\":[{\"@type\":\"ListItem\",\"position\":1,\"name\":\"Portada\",\"item\":\"https:\\\/\\\/moitoarchery.com\\\/en\\\/\"},{\"@type\":\"ListItem\",\"position\":2,\"name\":\"Shop\",\"item\":\"https:\\\/\\\/moitoarchery.com\\\/en\\\/shop\\\/\"},{\"@type\":\"ListItem\",\"position\":3,\"name\":\"Beiter Index for Recurve Bow 8\\\/32\"}]},{\"@type\":\"WebSite\",\"@id\":\"https:\\\/\\\/moitoarchery.com\\\/en\\\/#website\",\"url\":\"https:\\\/\\\/moitoarchery.com\\\/en\\\/\",\"name\":\"MoitoArchery\",\"description\":\"Tienda de Tiro con arco\",\"publisher\":{\"@id\":\"https:\\\/\\\/moitoarchery.com\\\/en\\\/#organization\"},\"potentialAction\":[{\"@type\":\"SearchAction\",\"target\":{\"@type\":\"EntryPoint\",\"urlTemplate\":\"https:\\\/\\\/moitoarchery.com\\\/en\\\/?s={search_term_string}\"},\"query-input\":{\"@type\":\"PropertyValueSpecification\",\"valueRequired\":true,\"valueName\":\"search_term_string\"}}],\"inLanguage\":\"en-US\"},{\"@type\":\"Organization\",\"@id\":\"https:\\\/\\\/moitoarchery.com\\\/en\\\/#organization\",\"name\":\"MoitoArchery\",\"url\":\"https:\\\/\\\/moitoarchery.com\\\/en\\\/\",\"logo\":{\"@type\":\"ImageObject\",\"inLanguage\":\"en-US\",\"@id\":\"https:\\\/\\\/moitoarchery.com\\\/en\\\/#\\\/schema\\\/logo\\\/image\\\/\",\"url\":\"https:\\\/\\\/moitoarchery.com\\\/wp-content\\\/uploads\\\/2020\\\/09\\\/logotipo-moitoarchery.png\",\"contentUrl\":\"https:\\\/\\\/moitoarchery.com\\\/wp-content\\\/uploads\\\/2020\\\/09\\\/logotipo-moitoarchery.png\",\"width\":300,\"height\":66,\"caption\":\"MoitoArchery\"},\"image\":{\"@id\":\"https:\\\/\\\/moitoarchery.com\\\/en\\\/#\\\/schema\\\/logo\\\/image\\\/\"},\"sameAs\":[\"https:\\\/\\\/www.facebook.com\\\/arqueriaOnline\\\/\",\"https:\\\/\\\/www.instagram.com\\\/moitoarchery\\\/\",\"https:\\\/\\\/www.youtube.com\\\/channel\\\/UCvmj39gVUIKVoJJ6vQC9GPA\\\/\"]}]}<\/script>\n<!-- \/ Yoast SEO plugin. -->","yoast_head_json":{"title":"Beiter Index for Recurve Bow 8\/32 - MoitoArchery","robots":{"index":"index","follow":"follow","max-snippet":"max-snippet:-1","max-image-preview":"max-image-preview:large","max-video-preview":"max-video-preview:-1"},"canonical":"https:\/\/moitoarchery.com\/en\/product\/beiter-index-for-recurve-bow-8-32\/","og_locale":"en_US","og_type":"article","og_title":"Beiter Index for Recurve Bow 8\/32 - MoitoArchery","og_description":"El Beiter Sight Tunnel fue el primer Sight Tunnel dise\u00f1ado por Werner Beiter. Se puede combinar con siete insertos intercambiables, todos con diferentes opciones de orientaci\u00f3n, lo que lo convierte en uno de los \u00edndices m\u00e1s adaptables del mercado. Est\u00e1 disponible en di\u00e1metros de 8 mm y 12 mm. Encargos para pedidos al distribuidor: Pedido [&hellip;]","og_url":"https:\/\/moitoarchery.com\/en\/product\/beiter-index-for-recurve-bow-8-32\/","og_site_name":"MoitoArchery","article_publisher":"https:\/\/www.facebook.com\/arqueriaOnline\/","article_modified_time":"2025-11-12T09:33:37+00:00","og_image":[{"width":800,"height":800,"url":"https:\/\/moitoarchery.com\/wp-content\/uploads\/2025\/04\/indice-beiter-8-32-negro.jpg","type":"image\/jpeg"}],"twitter_card":"summary_large_image","twitter_misc":{"Est. reading time":"1 minute"},"schema":{"@context":"https:\/\/schema.org","@graph":[{"@type":"WebPage","@id":"https:\/\/moitoarchery.com\/en\/product\/beiter-index-for-recurve-bow-8-32\/","url":"https:\/\/moitoarchery.com\/en\/product\/beiter-index-for-recurve-bow-8-32\/","name":"Beiter Index for Recurve Bow 8\/32 - MoitoArchery","isPartOf":{"@id":"https:\/\/moitoarchery.com\/en\/#website"},"primaryImageOfPage":{"@id":"https:\/\/moitoarchery.com\/en\/product\/beiter-index-for-recurve-bow-8-32\/#primaryimage"},"image":{"@id":"https:\/\/moitoarchery.com\/en\/product\/beiter-index-for-recurve-bow-8-32\/#primaryimage"},"thumbnailUrl":"https:\/\/moitoarchery.com\/wp-content\/uploads\/2025\/04\/indice-beiter-8-32-negro.jpg","datePublished":"2025-04-07T08:54:41+00:00","dateModified":"2025-11-12T09:33:37+00:00","breadcrumb":{"@id":"https:\/\/moitoarchery.com\/en\/product\/beiter-index-for-recurve-bow-8-32\/#breadcrumb"},"inLanguage":"en-US","potentialAction":[{"@type":"ReadAction","target":["https:\/\/moitoarchery.com\/en\/product\/beiter-index-for-recurve-bow-8-32\/"]}]},{"@type":"ImageObject","inLanguage":"en-US","@id":"https:\/\/moitoarchery.com\/en\/product\/beiter-index-for-recurve-bow-8-32\/#primaryimage","url":"https:\/\/moitoarchery.com\/wp-content\/uploads\/2025\/04\/indice-beiter-8-32-negro.jpg","contentUrl":"https:\/\/moitoarchery.com\/wp-content\/uploads\/2025\/04\/indice-beiter-8-32-negro.jpg","width":800,"height":800,"caption":"Beiter Index for Recurve Bow 8\/32"},{"@type":"BreadcrumbList","@id":"https:\/\/moitoarchery.com\/en\/product\/beiter-index-for-recurve-bow-8-32\/#breadcrumb","itemListElement":[{"@type":"ListItem","position":1,"name":"Portada","item":"https:\/\/moitoarchery.com\/en\/"},{"@type":"ListItem","position":2,"name":"Shop","item":"https:\/\/moitoarchery.com\/en\/shop\/"},{"@type":"ListItem","position":3,"name":"Beiter Index for Recurve Bow 8\/32"}]},{"@type":"WebSite","@id":"https:\/\/moitoarchery.com\/en\/#website","url":"https:\/\/moitoarchery.com\/en\/","name":"MoitoArchery","description":"Tienda de Tiro con arco","publisher":{"@id":"https:\/\/moitoarchery.com\/en\/#organization"},"potentialAction":[{"@type":"SearchAction","target":{"@type":"EntryPoint","urlTemplate":"https:\/\/moitoarchery.com\/en\/?s={search_term_string}"},"query-input":{"@type":"PropertyValueSpecification","valueRequired":true,"valueName":"search_term_string"}}],"inLanguage":"en-US"},{"@type":"Organization","@id":"https:\/\/moitoarchery.com\/en\/#organization","name":"MoitoArchery","url":"https:\/\/moitoarchery.com\/en\/","logo":{"@type":"ImageObject","inLanguage":"en-US","@id":"https:\/\/moitoarchery.com\/en\/#\/schema\/logo\/image\/","url":"https:\/\/moitoarchery.com\/wp-content\/uploads\/2020\/09\/logotipo-moitoarchery.png","contentUrl":"https:\/\/moitoarchery.com\/wp-content\/uploads\/2020\/09\/logotipo-moitoarchery.png","width":300,"height":66,"caption":"MoitoArchery"},"image":{"@id":"https:\/\/moitoarchery.com\/en\/#\/schema\/logo\/image\/"},"sameAs":["https:\/\/www.facebook.com\/arqueriaOnline\/","https:\/\/www.instagram.com\/moitoarchery\/","https:\/\/www.youtube.com\/channel\/UCvmj39gVUIKVoJJ6vQC9GPA\/"]}]}},"_links":{"self":[{"href":"https:\/\/moitoarchery.com\/en\/wp-json\/wp\/v2\/product\/76674","targetHints":{"allow":["GET"]}}],"collection":[{"href":"https:\/\/moitoarchery.com\/en\/wp-json\/wp\/v2\/product"}],"about":[{"href":"https:\/\/moitoarchery.com\/en\/wp-json\/wp\/v2\/types\/product"}],"replies":[{"embeddable":true,"href":"https:\/\/moitoarchery.com\/en\/wp-json\/wp\/v2\/comments?post=76674"}],"version-history":[{"count":0,"href":"https:\/\/moitoarchery.com\/en\/wp-json\/wp\/v2\/product\/76674\/revisions"}],"wp:featuredmedia":[{"embeddable":true,"href":"https:\/\/moitoarchery.com\/en\/wp-json\/wp\/v2\/media\/74342"}],"wp:attachment":[{"href":"https:\/\/moitoarchery.com\/en\/wp-json\/wp\/v2\/media?parent=76674"}],"wp:term":[{"taxonomy":"product_brand","embeddable":true,"href":"https:\/\/moitoarchery.com\/en\/wp-json\/wp\/v2\/product_brand?post=76674"},{"taxonomy":"product_cat","embeddable":true,"href":"https:\/\/moitoarchery.com\/en\/wp-json\/wp\/v2\/product_cat?post=76674"},{"taxonomy":"product_tag","embeddable":true,"href":"https:\/\/moitoarchery.com\/en\/wp-json\/wp\/v2\/product_tag?post=76674"}],"curies":[{"name":"wp","href":"https:\/\/api.w.org\/{rel}","templated":true}]}}