{"id":76639,"date":"2025-04-03T09:30:16","date_gmt":"2025-04-03T07:30:16","guid":{"rendered":"https:\/\/moitoarchery.com\/producto\/micro-beiter-pressure-button-5-16-21-5-27mm\/"},"modified":"2025-11-12T10:33:40","modified_gmt":"2025-11-12T09:33:40","slug":"micro-beiter-pressure-button-5-16-21-5-27mm","status":"publish","type":"product","link":"https:\/\/moitoarchery.com\/en\/product\/micro-beiter-pressure-button-5-16-21-5-27mm\/","title":{"rendered":"Micro Beiter Pressure Button 5\/16 \u2013 21.5-27mm"},"content":{"rendered":"<p class=\"\" data-start=\"48\" data-end=\"495\">El <strong data-start=\"51\" data-end=\"97\">Bot\u00f3n de Presi\u00f3n Beiter 5\/16 &#8211; 25.5-29.5mm<\/strong> es una opci\u00f3n de alta precisi\u00f3n dise\u00f1ada para ofrecer un control excepcional del vuelo de la flecha. Desarrollado entre 1985 y 1986 y presentado oficialmente en el <strong data-start=\"262\" data-end=\"286\">Las Vegas Shoot 1987<\/strong>, el Beiter Plunger se ha establecido como un referente mundial en la arquer\u00eda. Desde 1992, ha sido utilizado por todos los medallistas ol\u00edmpicos y m\u00e1s del 80% de los arqueros en competiciones internacionales.<\/p>\n<p class=\"\" data-start=\"497\" data-end=\"839\">Este bot\u00f3n de presi\u00f3n se fabrica con piezas de alta precisi\u00f3n, utilizando los mismos materiales de calidad que la industria de la relojer\u00eda, mec\u00e1nica de precisi\u00f3n y m\u00e9dica, lo que garantiza su fiabilidad y durabilidad. El cilindro de escala de ranuras permite ajustar la tensi\u00f3n del resorte con exactitud y de manera reproducible en cada uso.<\/p>\n<p data-start=\"74\" data-end=\"474\">The <strong data-start=\"78\" data-end=\"123\">Beiter 5\/16 Pressure Button \u2013 25.5-29.5mm<\/strong> is a high-precision option designed to provide exceptional control over arrow flight. Developed between 1985 and 1986 and officially introduced at the 1987 Las Vegas Shoot, the Beiter Plunger has become a worldwide benchmark in archery. Since 1992, it has been used by all Olympic medalists and more than 80% of archers in international competitions.<\/p>\n<p data-start=\"476\" data-end=\"788\">This pressure button is manufactured with high-precision components, using the same quality materials found in the watchmaking, precision mechanics, and medical industries, ensuring reliability and durability. The grooved scale cylinder allows for exact and reproducible spring tension adjustment with every use.<\/p>\n<p data-start=\"790\" data-end=\"1145\">The Beiter Plunger consists of a threaded cylinder made of refined high-quality steel, stainless harmonic steel springs, and a grooved scale cylinder and slotted nut made of anodized aluminum. The Plunger Pin, made from materials that offer excellent sliding properties and wear resistance, is compatible with aluminum, carbon, and carbon-aluminum arrows.<\/p>\n","protected":false},"excerpt":{"rendered":"<p data-start=\"74\" data-end=\"474\">The <strong data-start=\"78\" data-end=\"123\">Beiter 5\/16 Pressure Button \u2013 25.5-29.5mm<\/strong> is a high-precision option designed to provide exceptional control over arrow flight. Developed between 1985 and 1986 and officially introduced at the 1987 Las Vegas Shoot, the Beiter Plunger has become a worldwide benchmark in archery. Since 1992, it has been used by all Olympic medalists and more than 80% of archers in international competitions.<\/p>\n<p data-start=\"476\" data-end=\"788\">This pressure button is manufactured with high-precision components, using the same quality materials found in the watchmaking, precision mechanics, and medical industries, ensuring reliability and durability. The grooved scale cylinder allows for exact and reproducible spring tension adjustment with every use.<\/p>\n<p data-start=\"790\" data-end=\"1145\">The Beiter Plunger consists of a threaded cylinder made of refined high-quality steel, stainless harmonic steel springs, and a grooved scale cylinder and slotted nut made of anodized aluminum. The Plunger Pin, made from materials that offer excellent sliding properties and wear resistance, is compatible with aluminum, carbon, and carbon-aluminum arrows.<\/p>\n","protected":false},"featured_media":74321,"comment_status":"open","ping_status":"closed","template":"","meta":{"_acf_changed":false},"product_brand":[],"product_cat":[2510,2508],"product_tag":[2522,2525,2521],"class_list":{"0":"post-76639","1":"product","2":"type-product","3":"status-publish","4":"has-post-thumbnail","6":"product_cat-microclick-en","7":"product_cat-plunger-buttons","8":"product_tag-barebow","9":"product_tag-bows-for-beginners","10":"product_tag-olimpic-bow","12":"first","13":"onbackorder","14":"sale","15":"taxable","16":"shipping-taxable","17":"purchasable","18":"product-type-variable"},"acf":[],"yoast_head":"<!-- This site is optimized with the Yoast SEO plugin v27.3 - https:\/\/yoast.com\/product\/yoast-seo-wordpress\/ -->\n<title>Micro Beiter Pressure Button 5\/16 \u2013 21.5-27mm - MoitoArchery<\/title>\n<meta name=\"description\" content=\"The Beiter 5\/16 Pressure Button \u2013 25.5-29.5mm is a high-precision option designed to provide exceptional control over arrow flight. Developed between 1985 and 1986 and officially introduced at the 1987 Las Vegas Shoot, the Beiter Plunger has become a worldwide benchmark in archery. Since 1992, it has been used by all Olympic medalists and more than 80% of archers in international competitions. This pressure button is manufactured with high-precision components, using the same quality materials found in the watchmaking, precision mechanics, and medical industries, ensuring reliability and durability. The grooved scale cylinder allows for exact and reproducible spring tension adjustment with every use. The Beiter Plunger consists of a threaded cylinder made of refined high-quality steel, stainless harmonic steel springs, and a grooved scale cylinder and slotted nut made of anodized aluminum. The Plunger Pin, made from materials that offer excellent sliding properties and wear resistance, is compatible with aluminum, carbon, and carbon-aluminum arrows.\" \/>\n<meta name=\"robots\" content=\"index, follow, max-snippet:-1, max-image-preview:large, max-video-preview:-1\" \/>\n<link rel=\"canonical\" href=\"https:\/\/moitoarchery.com\/en\/product\/micro-beiter-pressure-button-5-16-21-5-27mm\/\" \/>\n<meta property=\"og:locale\" content=\"en_US\" \/>\n<meta property=\"og:type\" content=\"article\" \/>\n<meta property=\"og:title\" content=\"Micro Beiter Pressure Button 5\/16 \u2013 21.5-27mm - MoitoArchery\" \/>\n<meta property=\"og:description\" content=\"The Beiter 5\/16 Pressure Button \u2013 25.5-29.5mm is a high-precision option designed to provide exceptional control over arrow flight. Developed between 1985 and 1986 and officially introduced at the 1987 Las Vegas Shoot, the Beiter Plunger has become a worldwide benchmark in archery. Since 1992, it has been used by all Olympic medalists and more than 80% of archers in international competitions. This pressure button is manufactured with high-precision components, using the same quality materials found in the watchmaking, precision mechanics, and medical industries, ensuring reliability and durability. The grooved scale cylinder allows for exact and reproducible spring tension adjustment with every use. The Beiter Plunger consists of a threaded cylinder made of refined high-quality steel, stainless harmonic steel springs, and a grooved scale cylinder and slotted nut made of anodized aluminum. The Plunger Pin, made from materials that offer excellent sliding properties and wear resistance, is compatible with aluminum, carbon, and carbon-aluminum arrows.\" \/>\n<meta property=\"og:url\" content=\"https:\/\/moitoarchery.com\/en\/product\/micro-beiter-pressure-button-5-16-21-5-27mm\/\" \/>\n<meta property=\"og:site_name\" content=\"MoitoArchery\" \/>\n<meta property=\"article:publisher\" content=\"https:\/\/www.facebook.com\/arqueriaOnline\/\" \/>\n<meta property=\"article:modified_time\" content=\"2025-11-12T09:33:40+00:00\" \/>\n<meta property=\"og:image\" content=\"https:\/\/moitoarchery.com\/wp-content\/uploads\/2025\/04\/A010722_1.jpg\" \/>\n\t<meta property=\"og:image:width\" content=\"800\" \/>\n\t<meta property=\"og:image:height\" content=\"800\" \/>\n\t<meta property=\"og:image:type\" content=\"image\/jpeg\" \/>\n<meta name=\"twitter:card\" content=\"summary_large_image\" \/>\n<meta name=\"twitter:label1\" content=\"Est. reading time\" \/>\n\t<meta name=\"twitter:data1\" content=\"1 minute\" \/>\n<script type=\"application\/ld+json\" class=\"yoast-schema-graph\">{\"@context\":\"https:\\\/\\\/schema.org\",\"@graph\":[{\"@type\":\"WebPage\",\"@id\":\"https:\\\/\\\/moitoarchery.com\\\/en\\\/product\\\/micro-beiter-pressure-button-5-16-21-5-27mm\\\/\",\"url\":\"https:\\\/\\\/moitoarchery.com\\\/en\\\/product\\\/micro-beiter-pressure-button-5-16-21-5-27mm\\\/\",\"name\":\"Micro Beiter Pressure Button 5\\\/16 \u2013 21.5-27mm - MoitoArchery\",\"isPartOf\":{\"@id\":\"https:\\\/\\\/moitoarchery.com\\\/en\\\/#website\"},\"primaryImageOfPage\":{\"@id\":\"https:\\\/\\\/moitoarchery.com\\\/en\\\/product\\\/micro-beiter-pressure-button-5-16-21-5-27mm\\\/#primaryimage\"},\"image\":{\"@id\":\"https:\\\/\\\/moitoarchery.com\\\/en\\\/product\\\/micro-beiter-pressure-button-5-16-21-5-27mm\\\/#primaryimage\"},\"thumbnailUrl\":\"https:\\\/\\\/moitoarchery.com\\\/wp-content\\\/uploads\\\/2025\\\/04\\\/A010722_1.jpg\",\"datePublished\":\"2025-04-03T07:30:16+00:00\",\"dateModified\":\"2025-11-12T09:33:40+00:00\",\"description\":\"The Beiter 5\\\/16 Pressure Button \u2013 25.5-29.5mm is a high-precision option designed to provide exceptional control over arrow flight. Developed between 1985 and 1986 and officially introduced at the 1987 Las Vegas Shoot, the Beiter Plunger has become a worldwide benchmark in archery. Since 1992, it has been used by all Olympic medalists and more than 80% of archers in international competitions. This pressure button is manufactured with high-precision components, using the same quality materials found in the watchmaking, precision mechanics, and medical industries, ensuring reliability and durability. The grooved scale cylinder allows for exact and reproducible spring tension adjustment with every use. The Beiter Plunger consists of a threaded cylinder made of refined high-quality steel, stainless harmonic steel springs, and a grooved scale cylinder and slotted nut made of anodized aluminum. The Plunger Pin, made from materials that offer excellent sliding properties and wear resistance, is compatible with aluminum, carbon, and carbon-aluminum arrows.\",\"breadcrumb\":{\"@id\":\"https:\\\/\\\/moitoarchery.com\\\/en\\\/product\\\/micro-beiter-pressure-button-5-16-21-5-27mm\\\/#breadcrumb\"},\"inLanguage\":\"en-US\",\"potentialAction\":[{\"@type\":\"ReadAction\",\"target\":[\"https:\\\/\\\/moitoarchery.com\\\/en\\\/product\\\/micro-beiter-pressure-button-5-16-21-5-27mm\\\/\"]}]},{\"@type\":\"ImageObject\",\"inLanguage\":\"en-US\",\"@id\":\"https:\\\/\\\/moitoarchery.com\\\/en\\\/product\\\/micro-beiter-pressure-button-5-16-21-5-27mm\\\/#primaryimage\",\"url\":\"https:\\\/\\\/moitoarchery.com\\\/wp-content\\\/uploads\\\/2025\\\/04\\\/A010722_1.jpg\",\"contentUrl\":\"https:\\\/\\\/moitoarchery.com\\\/wp-content\\\/uploads\\\/2025\\\/04\\\/A010722_1.jpg\",\"width\":800,\"height\":800,\"caption\":\"Micro Beiter Pressure Button 5\\\/16 \u2013 21.5-27mm\"},{\"@type\":\"BreadcrumbList\",\"@id\":\"https:\\\/\\\/moitoarchery.com\\\/en\\\/product\\\/micro-beiter-pressure-button-5-16-21-5-27mm\\\/#breadcrumb\",\"itemListElement\":[{\"@type\":\"ListItem\",\"position\":1,\"name\":\"Portada\",\"item\":\"https:\\\/\\\/moitoarchery.com\\\/en\\\/\"},{\"@type\":\"ListItem\",\"position\":2,\"name\":\"Shop\",\"item\":\"https:\\\/\\\/moitoarchery.com\\\/en\\\/shop\\\/\"},{\"@type\":\"ListItem\",\"position\":3,\"name\":\"Micro Beiter Pressure Button 5\\\/16 \u2013 21.5-27mm\"}]},{\"@type\":\"WebSite\",\"@id\":\"https:\\\/\\\/moitoarchery.com\\\/en\\\/#website\",\"url\":\"https:\\\/\\\/moitoarchery.com\\\/en\\\/\",\"name\":\"MoitoArchery\",\"description\":\"Tienda de Tiro con arco\",\"publisher\":{\"@id\":\"https:\\\/\\\/moitoarchery.com\\\/en\\\/#organization\"},\"potentialAction\":[{\"@type\":\"SearchAction\",\"target\":{\"@type\":\"EntryPoint\",\"urlTemplate\":\"https:\\\/\\\/moitoarchery.com\\\/en\\\/?s={search_term_string}\"},\"query-input\":{\"@type\":\"PropertyValueSpecification\",\"valueRequired\":true,\"valueName\":\"search_term_string\"}}],\"inLanguage\":\"en-US\"},{\"@type\":\"Organization\",\"@id\":\"https:\\\/\\\/moitoarchery.com\\\/en\\\/#organization\",\"name\":\"MoitoArchery\",\"url\":\"https:\\\/\\\/moitoarchery.com\\\/en\\\/\",\"logo\":{\"@type\":\"ImageObject\",\"inLanguage\":\"en-US\",\"@id\":\"https:\\\/\\\/moitoarchery.com\\\/en\\\/#\\\/schema\\\/logo\\\/image\\\/\",\"url\":\"https:\\\/\\\/moitoarchery.com\\\/wp-content\\\/uploads\\\/2020\\\/09\\\/logotipo-moitoarchery.png\",\"contentUrl\":\"https:\\\/\\\/moitoarchery.com\\\/wp-content\\\/uploads\\\/2020\\\/09\\\/logotipo-moitoarchery.png\",\"width\":300,\"height\":66,\"caption\":\"MoitoArchery\"},\"image\":{\"@id\":\"https:\\\/\\\/moitoarchery.com\\\/en\\\/#\\\/schema\\\/logo\\\/image\\\/\"},\"sameAs\":[\"https:\\\/\\\/www.facebook.com\\\/arqueriaOnline\\\/\",\"https:\\\/\\\/www.instagram.com\\\/moitoarchery\\\/\",\"https:\\\/\\\/www.youtube.com\\\/channel\\\/UCvmj39gVUIKVoJJ6vQC9GPA\\\/\"]}]}<\/script>\n<!-- \/ Yoast SEO plugin. -->","yoast_head_json":{"title":"Micro Beiter Pressure Button 5\/16 \u2013 21.5-27mm - MoitoArchery","description":"The Beiter 5\/16 Pressure Button \u2013 25.5-29.5mm is a high-precision option designed to provide exceptional control over arrow flight. Developed between 1985 and 1986 and officially introduced at the 1987 Las Vegas Shoot, the Beiter Plunger has become a worldwide benchmark in archery. Since 1992, it has been used by all Olympic medalists and more than 80% of archers in international competitions. This pressure button is manufactured with high-precision components, using the same quality materials found in the watchmaking, precision mechanics, and medical industries, ensuring reliability and durability. The grooved scale cylinder allows for exact and reproducible spring tension adjustment with every use. The Beiter Plunger consists of a threaded cylinder made of refined high-quality steel, stainless harmonic steel springs, and a grooved scale cylinder and slotted nut made of anodized aluminum. The Plunger Pin, made from materials that offer excellent sliding properties and wear resistance, is compatible with aluminum, carbon, and carbon-aluminum arrows.","robots":{"index":"index","follow":"follow","max-snippet":"max-snippet:-1","max-image-preview":"max-image-preview:large","max-video-preview":"max-video-preview:-1"},"canonical":"https:\/\/moitoarchery.com\/en\/product\/micro-beiter-pressure-button-5-16-21-5-27mm\/","og_locale":"en_US","og_type":"article","og_title":"Micro Beiter Pressure Button 5\/16 \u2013 21.5-27mm - MoitoArchery","og_description":"The Beiter 5\/16 Pressure Button \u2013 25.5-29.5mm is a high-precision option designed to provide exceptional control over arrow flight. Developed between 1985 and 1986 and officially introduced at the 1987 Las Vegas Shoot, the Beiter Plunger has become a worldwide benchmark in archery. Since 1992, it has been used by all Olympic medalists and more than 80% of archers in international competitions. This pressure button is manufactured with high-precision components, using the same quality materials found in the watchmaking, precision mechanics, and medical industries, ensuring reliability and durability. The grooved scale cylinder allows for exact and reproducible spring tension adjustment with every use. The Beiter Plunger consists of a threaded cylinder made of refined high-quality steel, stainless harmonic steel springs, and a grooved scale cylinder and slotted nut made of anodized aluminum. The Plunger Pin, made from materials that offer excellent sliding properties and wear resistance, is compatible with aluminum, carbon, and carbon-aluminum arrows.","og_url":"https:\/\/moitoarchery.com\/en\/product\/micro-beiter-pressure-button-5-16-21-5-27mm\/","og_site_name":"MoitoArchery","article_publisher":"https:\/\/www.facebook.com\/arqueriaOnline\/","article_modified_time":"2025-11-12T09:33:40+00:00","og_image":[{"width":800,"height":800,"url":"https:\/\/moitoarchery.com\/wp-content\/uploads\/2025\/04\/A010722_1.jpg","type":"image\/jpeg"}],"twitter_card":"summary_large_image","twitter_misc":{"Est. reading time":"1 minute"},"schema":{"@context":"https:\/\/schema.org","@graph":[{"@type":"WebPage","@id":"https:\/\/moitoarchery.com\/en\/product\/micro-beiter-pressure-button-5-16-21-5-27mm\/","url":"https:\/\/moitoarchery.com\/en\/product\/micro-beiter-pressure-button-5-16-21-5-27mm\/","name":"Micro Beiter Pressure Button 5\/16 \u2013 21.5-27mm - MoitoArchery","isPartOf":{"@id":"https:\/\/moitoarchery.com\/en\/#website"},"primaryImageOfPage":{"@id":"https:\/\/moitoarchery.com\/en\/product\/micro-beiter-pressure-button-5-16-21-5-27mm\/#primaryimage"},"image":{"@id":"https:\/\/moitoarchery.com\/en\/product\/micro-beiter-pressure-button-5-16-21-5-27mm\/#primaryimage"},"thumbnailUrl":"https:\/\/moitoarchery.com\/wp-content\/uploads\/2025\/04\/A010722_1.jpg","datePublished":"2025-04-03T07:30:16+00:00","dateModified":"2025-11-12T09:33:40+00:00","description":"The Beiter 5\/16 Pressure Button \u2013 25.5-29.5mm is a high-precision option designed to provide exceptional control over arrow flight. Developed between 1985 and 1986 and officially introduced at the 1987 Las Vegas Shoot, the Beiter Plunger has become a worldwide benchmark in archery. Since 1992, it has been used by all Olympic medalists and more than 80% of archers in international competitions. This pressure button is manufactured with high-precision components, using the same quality materials found in the watchmaking, precision mechanics, and medical industries, ensuring reliability and durability. The grooved scale cylinder allows for exact and reproducible spring tension adjustment with every use. The Beiter Plunger consists of a threaded cylinder made of refined high-quality steel, stainless harmonic steel springs, and a grooved scale cylinder and slotted nut made of anodized aluminum. The Plunger Pin, made from materials that offer excellent sliding properties and wear resistance, is compatible with aluminum, carbon, and carbon-aluminum arrows.","breadcrumb":{"@id":"https:\/\/moitoarchery.com\/en\/product\/micro-beiter-pressure-button-5-16-21-5-27mm\/#breadcrumb"},"inLanguage":"en-US","potentialAction":[{"@type":"ReadAction","target":["https:\/\/moitoarchery.com\/en\/product\/micro-beiter-pressure-button-5-16-21-5-27mm\/"]}]},{"@type":"ImageObject","inLanguage":"en-US","@id":"https:\/\/moitoarchery.com\/en\/product\/micro-beiter-pressure-button-5-16-21-5-27mm\/#primaryimage","url":"https:\/\/moitoarchery.com\/wp-content\/uploads\/2025\/04\/A010722_1.jpg","contentUrl":"https:\/\/moitoarchery.com\/wp-content\/uploads\/2025\/04\/A010722_1.jpg","width":800,"height":800,"caption":"Micro Beiter Pressure Button 5\/16 \u2013 21.5-27mm"},{"@type":"BreadcrumbList","@id":"https:\/\/moitoarchery.com\/en\/product\/micro-beiter-pressure-button-5-16-21-5-27mm\/#breadcrumb","itemListElement":[{"@type":"ListItem","position":1,"name":"Portada","item":"https:\/\/moitoarchery.com\/en\/"},{"@type":"ListItem","position":2,"name":"Shop","item":"https:\/\/moitoarchery.com\/en\/shop\/"},{"@type":"ListItem","position":3,"name":"Micro Beiter Pressure Button 5\/16 \u2013 21.5-27mm"}]},{"@type":"WebSite","@id":"https:\/\/moitoarchery.com\/en\/#website","url":"https:\/\/moitoarchery.com\/en\/","name":"MoitoArchery","description":"Tienda de Tiro con arco","publisher":{"@id":"https:\/\/moitoarchery.com\/en\/#organization"},"potentialAction":[{"@type":"SearchAction","target":{"@type":"EntryPoint","urlTemplate":"https:\/\/moitoarchery.com\/en\/?s={search_term_string}"},"query-input":{"@type":"PropertyValueSpecification","valueRequired":true,"valueName":"search_term_string"}}],"inLanguage":"en-US"},{"@type":"Organization","@id":"https:\/\/moitoarchery.com\/en\/#organization","name":"MoitoArchery","url":"https:\/\/moitoarchery.com\/en\/","logo":{"@type":"ImageObject","inLanguage":"en-US","@id":"https:\/\/moitoarchery.com\/en\/#\/schema\/logo\/image\/","url":"https:\/\/moitoarchery.com\/wp-content\/uploads\/2020\/09\/logotipo-moitoarchery.png","contentUrl":"https:\/\/moitoarchery.com\/wp-content\/uploads\/2020\/09\/logotipo-moitoarchery.png","width":300,"height":66,"caption":"MoitoArchery"},"image":{"@id":"https:\/\/moitoarchery.com\/en\/#\/schema\/logo\/image\/"},"sameAs":["https:\/\/www.facebook.com\/arqueriaOnline\/","https:\/\/www.instagram.com\/moitoarchery\/","https:\/\/www.youtube.com\/channel\/UCvmj39gVUIKVoJJ6vQC9GPA\/"]}]}},"_links":{"self":[{"href":"https:\/\/moitoarchery.com\/en\/wp-json\/wp\/v2\/product\/76639","targetHints":{"allow":["GET"]}}],"collection":[{"href":"https:\/\/moitoarchery.com\/en\/wp-json\/wp\/v2\/product"}],"about":[{"href":"https:\/\/moitoarchery.com\/en\/wp-json\/wp\/v2\/types\/product"}],"replies":[{"embeddable":true,"href":"https:\/\/moitoarchery.com\/en\/wp-json\/wp\/v2\/comments?post=76639"}],"version-history":[{"count":0,"href":"https:\/\/moitoarchery.com\/en\/wp-json\/wp\/v2\/product\/76639\/revisions"}],"wp:featuredmedia":[{"embeddable":true,"href":"https:\/\/moitoarchery.com\/en\/wp-json\/wp\/v2\/media\/74321"}],"wp:attachment":[{"href":"https:\/\/moitoarchery.com\/en\/wp-json\/wp\/v2\/media?parent=76639"}],"wp:term":[{"taxonomy":"product_brand","embeddable":true,"href":"https:\/\/moitoarchery.com\/en\/wp-json\/wp\/v2\/product_brand?post=76639"},{"taxonomy":"product_cat","embeddable":true,"href":"https:\/\/moitoarchery.com\/en\/wp-json\/wp\/v2\/product_cat?post=76639"},{"taxonomy":"product_tag","embeddable":true,"href":"https:\/\/moitoarchery.com\/en\/wp-json\/wp\/v2\/product_tag?post=76639"}],"curies":[{"name":"wp","href":"https:\/\/api.w.org\/{rel}","templated":true}]}}