{"id":76638,"date":"2025-04-03T09:21:40","date_gmt":"2025-04-03T07:21:40","guid":{"rendered":"https:\/\/moitoarchery.com\/producto\/micro-avalon-tec-one-xl-pressure-button\/"},"modified":"2025-11-12T10:33:40","modified_gmt":"2025-11-12T09:33:40","slug":"micro-avalon-tec-one-xl-pressure-button","status":"publish","type":"product","link":"https:\/\/moitoarchery.com\/en\/product\/micro-avalon-tec-one-xl-pressure-button\/","title":{"rendered":"Micro Avalon Tec One XL Pressure Button"},"content":{"rendered":"<p>The Avalon Tec One XL Micro Pressure Button is designed to provide precise control and exceptional performance with every shot. Featuring a micro-adjustable mechanism, it allows customization of pressure for the most consistent and accurate arrow flight, making it ideal for both beginner and advanced archers. Its robust yet lightweight construction ensures long-lasting durability and resistance to the most demanding conditions. The optimized design reduces friction, enhancing stability and accuracy with each shot. With easy installation and adjustment, the Avalon Tec One XL Micro is the perfect choice for those seeking reliable and consistent performance in all their competitions.<\/p>\n","protected":false},"excerpt":{"rendered":"<p>The Avalon Tec One XL Micro Pressure Button is designed to provide precise control and exceptional performance with every shot. Featuring a micro-adjustable mechanism, it allows customization of pressure for the most consistent and accurate arrow flight, making it ideal for both beginner and advanced archers. Its robust yet lightweight construction ensures long-lasting durability and resistance to the most demanding conditions. The optimized design reduces friction, enhancing stability and accuracy with each shot. With easy installation and adjustment, the Avalon Tec One XL Micro is the perfect choice for those seeking reliable and consistent performance in all their competitions.<\/p>\n","protected":false},"featured_media":74313,"comment_status":"open","ping_status":"closed","template":"","meta":{"_acf_changed":false},"product_brand":[],"product_cat":[2510,2508],"product_tag":[2522,2521],"class_list":{"0":"post-76638","1":"product","2":"type-product","3":"status-publish","4":"has-post-thumbnail","6":"product_cat-microclick-en","7":"product_cat-plunger-buttons","8":"product_tag-barebow","9":"product_tag-olimpic-bow","11":"first","12":"onbackorder","13":"taxable","14":"shipping-taxable","15":"purchasable","16":"product-type-simple"},"acf":[],"yoast_head":"<!-- This site is optimized with the Yoast SEO plugin v27.3 - https:\/\/yoast.com\/product\/yoast-seo-wordpress\/ -->\n<title>Micro Avalon Tec One XL Pressure Button - MoitoArchery<\/title>\n<meta name=\"description\" content=\"El Bot\u00f3n de Presi\u00f3n Avalon Tec One XL Micro est\u00e1 dise\u00f1ado para ofrecer un control preciso y un rendimiento excepcional en cada disparo. Con un mecanismo microajustable, permite personalizar la presi\u00f3n para obtener el vuelo de la flecha m\u00e1s consistente y preciso, ideal tanto para arqueros principiantes como avanzados. Su construcci\u00f3n robusta y ligera asegura una durabilidad prolongada y resistencia a las condiciones de uso m\u00e1s exigentes. El dise\u00f1o optimizado reduce la fricci\u00f3n, mejorando la estabilidad y la precisi\u00f3n de cada tiro. Con una f\u00e1cil instalaci\u00f3n y ajuste, el Avalon Tec One XL Micro es la opci\u00f3n perfecta para quienes buscan un rendimiento fiable y constante en todas sus competiciones.\" \/>\n<meta name=\"robots\" content=\"index, follow, max-snippet:-1, max-image-preview:large, max-video-preview:-1\" \/>\n<link rel=\"canonical\" href=\"https:\/\/moitoarchery.com\/en\/product\/micro-avalon-tec-one-xl-pressure-button\/\" \/>\n<meta property=\"og:locale\" content=\"en_US\" \/>\n<meta property=\"og:type\" content=\"article\" \/>\n<meta property=\"og:title\" content=\"Micro Avalon Tec One XL Pressure Button - MoitoArchery\" \/>\n<meta property=\"og:description\" content=\"El Bot\u00f3n de Presi\u00f3n Avalon Tec One XL Micro est\u00e1 dise\u00f1ado para ofrecer un control preciso y un rendimiento excepcional en cada disparo. Con un mecanismo microajustable, permite personalizar la presi\u00f3n para obtener el vuelo de la flecha m\u00e1s consistente y preciso, ideal tanto para arqueros principiantes como avanzados. Su construcci\u00f3n robusta y ligera asegura una durabilidad prolongada y resistencia a las condiciones de uso m\u00e1s exigentes. El dise\u00f1o optimizado reduce la fricci\u00f3n, mejorando la estabilidad y la precisi\u00f3n de cada tiro. Con una f\u00e1cil instalaci\u00f3n y ajuste, el Avalon Tec One XL Micro es la opci\u00f3n perfecta para quienes buscan un rendimiento fiable y constante en todas sus competiciones.\" \/>\n<meta property=\"og:url\" content=\"https:\/\/moitoarchery.com\/en\/product\/micro-avalon-tec-one-xl-pressure-button\/\" \/>\n<meta property=\"og:site_name\" content=\"MoitoArchery\" \/>\n<meta property=\"article:publisher\" content=\"https:\/\/www.facebook.com\/arqueriaOnline\/\" \/>\n<meta property=\"article:modified_time\" content=\"2025-11-12T09:33:40+00:00\" \/>\n<meta property=\"og:image\" content=\"https:\/\/moitoarchery.com\/wp-content\/uploads\/2025\/04\/A048001_1.jpg\" \/>\n\t<meta property=\"og:image:width\" content=\"800\" \/>\n\t<meta property=\"og:image:height\" content=\"800\" \/>\n\t<meta property=\"og:image:type\" content=\"image\/jpeg\" \/>\n<meta name=\"twitter:card\" content=\"summary_large_image\" \/>\n<script type=\"application\/ld+json\" class=\"yoast-schema-graph\">{\"@context\":\"https:\\\/\\\/schema.org\",\"@graph\":[{\"@type\":\"WebPage\",\"@id\":\"https:\\\/\\\/moitoarchery.com\\\/en\\\/product\\\/micro-avalon-tec-one-xl-pressure-button\\\/\",\"url\":\"https:\\\/\\\/moitoarchery.com\\\/en\\\/product\\\/micro-avalon-tec-one-xl-pressure-button\\\/\",\"name\":\"Micro Avalon Tec One XL Pressure Button - MoitoArchery\",\"isPartOf\":{\"@id\":\"https:\\\/\\\/moitoarchery.com\\\/en\\\/#website\"},\"primaryImageOfPage\":{\"@id\":\"https:\\\/\\\/moitoarchery.com\\\/en\\\/product\\\/micro-avalon-tec-one-xl-pressure-button\\\/#primaryimage\"},\"image\":{\"@id\":\"https:\\\/\\\/moitoarchery.com\\\/en\\\/product\\\/micro-avalon-tec-one-xl-pressure-button\\\/#primaryimage\"},\"thumbnailUrl\":\"https:\\\/\\\/moitoarchery.com\\\/wp-content\\\/uploads\\\/2025\\\/04\\\/A048001_1.jpg\",\"datePublished\":\"2025-04-03T07:21:40+00:00\",\"dateModified\":\"2025-11-12T09:33:40+00:00\",\"description\":\"El Bot\u00f3n de Presi\u00f3n Avalon Tec One XL Micro est\u00e1 dise\u00f1ado para ofrecer un control preciso y un rendimiento excepcional en cada disparo. Con un mecanismo microajustable, permite personalizar la presi\u00f3n para obtener el vuelo de la flecha m\u00e1s consistente y preciso, ideal tanto para arqueros principiantes como avanzados. Su construcci\u00f3n robusta y ligera asegura una durabilidad prolongada y resistencia a las condiciones de uso m\u00e1s exigentes. El dise\u00f1o optimizado reduce la fricci\u00f3n, mejorando la estabilidad y la precisi\u00f3n de cada tiro. Con una f\u00e1cil instalaci\u00f3n y ajuste, el Avalon Tec One XL Micro es la opci\u00f3n perfecta para quienes buscan un rendimiento fiable y constante en todas sus competiciones.\",\"breadcrumb\":{\"@id\":\"https:\\\/\\\/moitoarchery.com\\\/en\\\/product\\\/micro-avalon-tec-one-xl-pressure-button\\\/#breadcrumb\"},\"inLanguage\":\"en-US\",\"potentialAction\":[{\"@type\":\"ReadAction\",\"target\":[\"https:\\\/\\\/moitoarchery.com\\\/en\\\/product\\\/micro-avalon-tec-one-xl-pressure-button\\\/\"]}]},{\"@type\":\"ImageObject\",\"inLanguage\":\"en-US\",\"@id\":\"https:\\\/\\\/moitoarchery.com\\\/en\\\/product\\\/micro-avalon-tec-one-xl-pressure-button\\\/#primaryimage\",\"url\":\"https:\\\/\\\/moitoarchery.com\\\/wp-content\\\/uploads\\\/2025\\\/04\\\/A048001_1.jpg\",\"contentUrl\":\"https:\\\/\\\/moitoarchery.com\\\/wp-content\\\/uploads\\\/2025\\\/04\\\/A048001_1.jpg\",\"width\":800,\"height\":800,\"caption\":\"Micro Avalon Tec One XL Pressure Button\"},{\"@type\":\"BreadcrumbList\",\"@id\":\"https:\\\/\\\/moitoarchery.com\\\/en\\\/product\\\/micro-avalon-tec-one-xl-pressure-button\\\/#breadcrumb\",\"itemListElement\":[{\"@type\":\"ListItem\",\"position\":1,\"name\":\"Portada\",\"item\":\"https:\\\/\\\/moitoarchery.com\\\/en\\\/\"},{\"@type\":\"ListItem\",\"position\":2,\"name\":\"Shop\",\"item\":\"https:\\\/\\\/moitoarchery.com\\\/en\\\/shop\\\/\"},{\"@type\":\"ListItem\",\"position\":3,\"name\":\"Micro Avalon Tec One XL Pressure Button\"}]},{\"@type\":\"WebSite\",\"@id\":\"https:\\\/\\\/moitoarchery.com\\\/en\\\/#website\",\"url\":\"https:\\\/\\\/moitoarchery.com\\\/en\\\/\",\"name\":\"MoitoArchery\",\"description\":\"Tienda de Tiro con arco\",\"publisher\":{\"@id\":\"https:\\\/\\\/moitoarchery.com\\\/en\\\/#organization\"},\"potentialAction\":[{\"@type\":\"SearchAction\",\"target\":{\"@type\":\"EntryPoint\",\"urlTemplate\":\"https:\\\/\\\/moitoarchery.com\\\/en\\\/?s={search_term_string}\"},\"query-input\":{\"@type\":\"PropertyValueSpecification\",\"valueRequired\":true,\"valueName\":\"search_term_string\"}}],\"inLanguage\":\"en-US\"},{\"@type\":\"Organization\",\"@id\":\"https:\\\/\\\/moitoarchery.com\\\/en\\\/#organization\",\"name\":\"MoitoArchery\",\"url\":\"https:\\\/\\\/moitoarchery.com\\\/en\\\/\",\"logo\":{\"@type\":\"ImageObject\",\"inLanguage\":\"en-US\",\"@id\":\"https:\\\/\\\/moitoarchery.com\\\/en\\\/#\\\/schema\\\/logo\\\/image\\\/\",\"url\":\"https:\\\/\\\/moitoarchery.com\\\/wp-content\\\/uploads\\\/2020\\\/09\\\/logotipo-moitoarchery.png\",\"contentUrl\":\"https:\\\/\\\/moitoarchery.com\\\/wp-content\\\/uploads\\\/2020\\\/09\\\/logotipo-moitoarchery.png\",\"width\":300,\"height\":66,\"caption\":\"MoitoArchery\"},\"image\":{\"@id\":\"https:\\\/\\\/moitoarchery.com\\\/en\\\/#\\\/schema\\\/logo\\\/image\\\/\"},\"sameAs\":[\"https:\\\/\\\/www.facebook.com\\\/arqueriaOnline\\\/\",\"https:\\\/\\\/www.instagram.com\\\/moitoarchery\\\/\",\"https:\\\/\\\/www.youtube.com\\\/channel\\\/UCvmj39gVUIKVoJJ6vQC9GPA\\\/\"]}]}<\/script>\n<!-- \/ Yoast SEO plugin. -->","yoast_head_json":{"title":"Micro Avalon Tec One XL Pressure Button - MoitoArchery","description":"El Bot\u00f3n de Presi\u00f3n Avalon Tec One XL Micro est\u00e1 dise\u00f1ado para ofrecer un control preciso y un rendimiento excepcional en cada disparo. Con un mecanismo microajustable, permite personalizar la presi\u00f3n para obtener el vuelo de la flecha m\u00e1s consistente y preciso, ideal tanto para arqueros principiantes como avanzados. Su construcci\u00f3n robusta y ligera asegura una durabilidad prolongada y resistencia a las condiciones de uso m\u00e1s exigentes. El dise\u00f1o optimizado reduce la fricci\u00f3n, mejorando la estabilidad y la precisi\u00f3n de cada tiro. Con una f\u00e1cil instalaci\u00f3n y ajuste, el Avalon Tec One XL Micro es la opci\u00f3n perfecta para quienes buscan un rendimiento fiable y constante en todas sus competiciones.","robots":{"index":"index","follow":"follow","max-snippet":"max-snippet:-1","max-image-preview":"max-image-preview:large","max-video-preview":"max-video-preview:-1"},"canonical":"https:\/\/moitoarchery.com\/en\/product\/micro-avalon-tec-one-xl-pressure-button\/","og_locale":"en_US","og_type":"article","og_title":"Micro Avalon Tec One XL Pressure Button - MoitoArchery","og_description":"El Bot\u00f3n de Presi\u00f3n Avalon Tec One XL Micro est\u00e1 dise\u00f1ado para ofrecer un control preciso y un rendimiento excepcional en cada disparo. Con un mecanismo microajustable, permite personalizar la presi\u00f3n para obtener el vuelo de la flecha m\u00e1s consistente y preciso, ideal tanto para arqueros principiantes como avanzados. Su construcci\u00f3n robusta y ligera asegura una durabilidad prolongada y resistencia a las condiciones de uso m\u00e1s exigentes. El dise\u00f1o optimizado reduce la fricci\u00f3n, mejorando la estabilidad y la precisi\u00f3n de cada tiro. Con una f\u00e1cil instalaci\u00f3n y ajuste, el Avalon Tec One XL Micro es la opci\u00f3n perfecta para quienes buscan un rendimiento fiable y constante en todas sus competiciones.","og_url":"https:\/\/moitoarchery.com\/en\/product\/micro-avalon-tec-one-xl-pressure-button\/","og_site_name":"MoitoArchery","article_publisher":"https:\/\/www.facebook.com\/arqueriaOnline\/","article_modified_time":"2025-11-12T09:33:40+00:00","og_image":[{"width":800,"height":800,"url":"https:\/\/moitoarchery.com\/wp-content\/uploads\/2025\/04\/A048001_1.jpg","type":"image\/jpeg"}],"twitter_card":"summary_large_image","schema":{"@context":"https:\/\/schema.org","@graph":[{"@type":"WebPage","@id":"https:\/\/moitoarchery.com\/en\/product\/micro-avalon-tec-one-xl-pressure-button\/","url":"https:\/\/moitoarchery.com\/en\/product\/micro-avalon-tec-one-xl-pressure-button\/","name":"Micro Avalon Tec One XL Pressure Button - MoitoArchery","isPartOf":{"@id":"https:\/\/moitoarchery.com\/en\/#website"},"primaryImageOfPage":{"@id":"https:\/\/moitoarchery.com\/en\/product\/micro-avalon-tec-one-xl-pressure-button\/#primaryimage"},"image":{"@id":"https:\/\/moitoarchery.com\/en\/product\/micro-avalon-tec-one-xl-pressure-button\/#primaryimage"},"thumbnailUrl":"https:\/\/moitoarchery.com\/wp-content\/uploads\/2025\/04\/A048001_1.jpg","datePublished":"2025-04-03T07:21:40+00:00","dateModified":"2025-11-12T09:33:40+00:00","description":"El Bot\u00f3n de Presi\u00f3n Avalon Tec One XL Micro est\u00e1 dise\u00f1ado para ofrecer un control preciso y un rendimiento excepcional en cada disparo. Con un mecanismo microajustable, permite personalizar la presi\u00f3n para obtener el vuelo de la flecha m\u00e1s consistente y preciso, ideal tanto para arqueros principiantes como avanzados. Su construcci\u00f3n robusta y ligera asegura una durabilidad prolongada y resistencia a las condiciones de uso m\u00e1s exigentes. El dise\u00f1o optimizado reduce la fricci\u00f3n, mejorando la estabilidad y la precisi\u00f3n de cada tiro. Con una f\u00e1cil instalaci\u00f3n y ajuste, el Avalon Tec One XL Micro es la opci\u00f3n perfecta para quienes buscan un rendimiento fiable y constante en todas sus competiciones.","breadcrumb":{"@id":"https:\/\/moitoarchery.com\/en\/product\/micro-avalon-tec-one-xl-pressure-button\/#breadcrumb"},"inLanguage":"en-US","potentialAction":[{"@type":"ReadAction","target":["https:\/\/moitoarchery.com\/en\/product\/micro-avalon-tec-one-xl-pressure-button\/"]}]},{"@type":"ImageObject","inLanguage":"en-US","@id":"https:\/\/moitoarchery.com\/en\/product\/micro-avalon-tec-one-xl-pressure-button\/#primaryimage","url":"https:\/\/moitoarchery.com\/wp-content\/uploads\/2025\/04\/A048001_1.jpg","contentUrl":"https:\/\/moitoarchery.com\/wp-content\/uploads\/2025\/04\/A048001_1.jpg","width":800,"height":800,"caption":"Micro Avalon Tec One XL Pressure Button"},{"@type":"BreadcrumbList","@id":"https:\/\/moitoarchery.com\/en\/product\/micro-avalon-tec-one-xl-pressure-button\/#breadcrumb","itemListElement":[{"@type":"ListItem","position":1,"name":"Portada","item":"https:\/\/moitoarchery.com\/en\/"},{"@type":"ListItem","position":2,"name":"Shop","item":"https:\/\/moitoarchery.com\/en\/shop\/"},{"@type":"ListItem","position":3,"name":"Micro Avalon Tec One XL Pressure Button"}]},{"@type":"WebSite","@id":"https:\/\/moitoarchery.com\/en\/#website","url":"https:\/\/moitoarchery.com\/en\/","name":"MoitoArchery","description":"Tienda de Tiro con arco","publisher":{"@id":"https:\/\/moitoarchery.com\/en\/#organization"},"potentialAction":[{"@type":"SearchAction","target":{"@type":"EntryPoint","urlTemplate":"https:\/\/moitoarchery.com\/en\/?s={search_term_string}"},"query-input":{"@type":"PropertyValueSpecification","valueRequired":true,"valueName":"search_term_string"}}],"inLanguage":"en-US"},{"@type":"Organization","@id":"https:\/\/moitoarchery.com\/en\/#organization","name":"MoitoArchery","url":"https:\/\/moitoarchery.com\/en\/","logo":{"@type":"ImageObject","inLanguage":"en-US","@id":"https:\/\/moitoarchery.com\/en\/#\/schema\/logo\/image\/","url":"https:\/\/moitoarchery.com\/wp-content\/uploads\/2020\/09\/logotipo-moitoarchery.png","contentUrl":"https:\/\/moitoarchery.com\/wp-content\/uploads\/2020\/09\/logotipo-moitoarchery.png","width":300,"height":66,"caption":"MoitoArchery"},"image":{"@id":"https:\/\/moitoarchery.com\/en\/#\/schema\/logo\/image\/"},"sameAs":["https:\/\/www.facebook.com\/arqueriaOnline\/","https:\/\/www.instagram.com\/moitoarchery\/","https:\/\/www.youtube.com\/channel\/UCvmj39gVUIKVoJJ6vQC9GPA\/"]}]}},"_links":{"self":[{"href":"https:\/\/moitoarchery.com\/en\/wp-json\/wp\/v2\/product\/76638","targetHints":{"allow":["GET"]}}],"collection":[{"href":"https:\/\/moitoarchery.com\/en\/wp-json\/wp\/v2\/product"}],"about":[{"href":"https:\/\/moitoarchery.com\/en\/wp-json\/wp\/v2\/types\/product"}],"replies":[{"embeddable":true,"href":"https:\/\/moitoarchery.com\/en\/wp-json\/wp\/v2\/comments?post=76638"}],"version-history":[{"count":0,"href":"https:\/\/moitoarchery.com\/en\/wp-json\/wp\/v2\/product\/76638\/revisions"}],"wp:featuredmedia":[{"embeddable":true,"href":"https:\/\/moitoarchery.com\/en\/wp-json\/wp\/v2\/media\/74313"}],"wp:attachment":[{"href":"https:\/\/moitoarchery.com\/en\/wp-json\/wp\/v2\/media?parent=76638"}],"wp:term":[{"taxonomy":"product_brand","embeddable":true,"href":"https:\/\/moitoarchery.com\/en\/wp-json\/wp\/v2\/product_brand?post=76638"},{"taxonomy":"product_cat","embeddable":true,"href":"https:\/\/moitoarchery.com\/en\/wp-json\/wp\/v2\/product_cat?post=76638"},{"taxonomy":"product_tag","embeddable":true,"href":"https:\/\/moitoarchery.com\/en\/wp-json\/wp\/v2\/product_tag?post=76638"}],"curies":[{"name":"wp","href":"https:\/\/api.w.org\/{rel}","templated":true}]}}