{"id":76608,"date":"2025-03-31T12:50:07","date_gmt":"2025-03-31T10:50:07","guid":{"rendered":"https:\/\/moitoarchery.com\/producto\/excalibur-mag-max-recurve-crossbow-340fps\/"},"modified":"2025-11-12T10:33:42","modified_gmt":"2025-11-12T09:33:42","slug":"excalibur-mag-max-recurve-crossbow-340fps","status":"publish","type":"product","link":"https:\/\/moitoarchery.com\/en\/product\/excalibur-mag-max-recurve-crossbow-340fps\/","title":{"rendered":"Excalibur MAG MAX Recurve Crossbow \u2013 340fps"},"content":{"rendered":"<p class=\"\" data-start=\"87\" data-end=\"527\">The <strong data-start=\"120\" data-end=\"158\">Excalibur MAG MAX Recurve Crossbow<\/strong> is one of the top choices for hunters seeking a powerful, accurate, and reliable crossbow. With its rugged and high-performance design, the MAG MAX is built to deliver a superior hunting experience. Its outstanding power, combined with a simple and efficient recurve design, makes it a trustworthy tool for both beginners and experienced hunters.<\/p>\n<p class=\"\" data-start=\"529\" data-end=\"560\"><strong data-start=\"529\" data-end=\"560\">Caracter\u00edsticas destacadas:<\/strong><\/p>\n<ul data-start=\"562\" data-end=\"1169\">\n<li class=\"\" data-start=\"562\" data-end=\"718\">\n<p class=\"\" data-start=\"564\" data-end=\"718\"><strong data-start=\"564\" data-end=\"597\">Rendimiento de alta potencia:<\/strong> Dise\u00f1ada para ofrecer un alto nivel de velocidad y penetraci\u00f3n en cada disparo, ideal para caza mayor y de gran alcance.<\/p>\n<\/li>\n<li class=\"\" data-start=\"719\" data-end=\"851\">\n<p class=\"\" data-start=\"721\" data-end=\"851\"><strong data-start=\"721\" data-end=\"748\">Dise\u00f1o recurvo robusto:<\/strong> La fiabilidad del sistema recurvo garantiza un rendimiento consistente sin complicaciones adicionales.<\/p>\n<\/li>\n<li class=\"\" data-start=\"852\" data-end=\"1003\">\n<p class=\"\" data-start=\"854\" data-end=\"1003\"><strong data-start=\"854\" data-end=\"882\">Ligereza y manejo f\u00e1cil:<\/strong> Aunque de gran potencia, su dise\u00f1o asegura una experiencia c\u00f3moda al disparar, permitiendo un mejor control y precisi\u00f3n.<\/p>\n<\/li>\n<li class=\"\" data-start=\"1004\" data-end=\"1169\">\n<p class=\"\" data-start=\"1006\" data-end=\"1169\"><strong data-start=\"1006\" data-end=\"1029\">Accesorios premium:<\/strong> Equipado con todo lo necesario para una experiencia de caza profesional, incluyendo una quiver, flechas y otros accesorios de alta calidad.<\/p>\n<\/li>\n<\/ul>\n<p>&nbsp;<\/p>\n<p><b>Pedido por encargo:<\/b>\u00a0Para elegir colores u otras caracter\u00edsticas, si las hubiese, puede contactar con nosotros para revisar el stock disponible de nuestro distribuidor o cualquier duda de asesor\u00eda antes de realizar su pedido por encargo. Los precios pueden variar de un color a otro.<\/p>\n<p><b>Tiempo de entrega:<\/b>\u00a0El tiempo m\u00ednimo de entrega es 10-14 d\u00edas aproximadamente pero en algunos casos puede ser superior debido a posibles retrasos, falta de stock u otros motivos.<\/p>\n<p><b>Servicio de taller:<\/b>\u00a0Disponemos de servicio de montaje y ajuste en taller para todos los arcos de poleas. Puede consultar los diversos servicios en nuestra\u00a0<a href=\"https:\/\/moitoarchery.com\/en\/archery-workshop-service-adjustments-maintenance-and-repairs\/\">p\u00e1gina de taller<\/a>.<\/p>\n","protected":false},"excerpt":{"rendered":"<p>The Excalibur MAG MAX Recurve Crossbow is one of the top choices for hunters seeking a powerful, accurate, and reliable crossbow. With its rugged and high-performance design, the MAG MAX is built to deliver a superior hunting experience. Its outstanding power, combined with a simple and efficient recurve design, makes it a trustworthy tool for both beginners and experienced hunters.<\/p>\n","protected":false},"featured_media":74275,"comment_status":"open","ping_status":"closed","template":"","meta":{"_acf_changed":false},"product_brand":[],"product_cat":[2668,2670],"product_tag":[3070],"class_list":{"0":"post-76608","1":"product","2":"type-product","3":"status-publish","4":"has-post-thumbnail","6":"product_cat-crossbows","7":"product_cat-recurve-crossbow","8":"product_tag-ballesta-en","9":"product_shipping_class-envio-pe-2090e-ba-3890e","11":"first","12":"outofstock","13":"taxable","14":"shipping-taxable","15":"purchasable","16":"product-type-variable"},"acf":[],"yoast_head":"<!-- This site is optimized with the Yoast SEO plugin v27.5 - https:\/\/yoast.com\/product\/yoast-seo-wordpress\/ -->\n<title>Excalibur MAG MAX Recurve Crossbow \u2013 340fps - MoitoArchery<\/title>\n<meta name=\"description\" content=\"La Ballesta Recurva Excalibur MAG MAX es una de las mejores opciones para cazadores que buscan una ballesta potente, precisa y confiable. Con un dise\u00f1o robusto y de alto rendimiento, la MAG MAX est\u00e1 construida para ofrecer una experiencia de caza superior. Su incre\u00edble potencia, combinada con un dise\u00f1o recurvo sencillo y eficiente, la convierte en una herramienta confiable tanto para principiantes como para cazadores experimentados.\" \/>\n<meta name=\"robots\" content=\"index, follow, max-snippet:-1, max-image-preview:large, max-video-preview:-1\" \/>\n<link rel=\"canonical\" href=\"https:\/\/moitoarchery.com\/en\/product\/excalibur-mag-max-recurve-crossbow-340fps\/\" \/>\n<meta property=\"og:locale\" content=\"en_US\" \/>\n<meta property=\"og:type\" content=\"article\" \/>\n<meta property=\"og:title\" content=\"Excalibur MAG MAX Recurve Crossbow \u2013 340fps - MoitoArchery\" \/>\n<meta property=\"og:description\" content=\"La Ballesta Recurva Excalibur MAG MAX es una de las mejores opciones para cazadores que buscan una ballesta potente, precisa y confiable. Con un dise\u00f1o robusto y de alto rendimiento, la MAG MAX est\u00e1 construida para ofrecer una experiencia de caza superior. Su incre\u00edble potencia, combinada con un dise\u00f1o recurvo sencillo y eficiente, la convierte en una herramienta confiable tanto para principiantes como para cazadores experimentados.\" \/>\n<meta property=\"og:url\" content=\"https:\/\/moitoarchery.com\/en\/product\/excalibur-mag-max-recurve-crossbow-340fps\/\" \/>\n<meta property=\"og:site_name\" content=\"MoitoArchery\" \/>\n<meta property=\"article:publisher\" content=\"https:\/\/www.facebook.com\/arqueriaOnline\/\" \/>\n<meta property=\"article:modified_time\" content=\"2025-11-12T09:33:42+00:00\" \/>\n<meta property=\"og:image\" content=\"https:\/\/moitoarchery.com\/wp-content\/uploads\/2025\/03\/A091809_1.jpg\" \/>\n\t<meta property=\"og:image:width\" content=\"800\" \/>\n\t<meta property=\"og:image:height\" content=\"800\" \/>\n\t<meta property=\"og:image:type\" content=\"image\/jpeg\" \/>\n<meta name=\"twitter:card\" content=\"summary_large_image\" \/>\n<meta name=\"twitter:label1\" content=\"Est. reading time\" \/>\n\t<meta name=\"twitter:data1\" content=\"1 minute\" \/>\n<script type=\"application\/ld+json\" class=\"yoast-schema-graph\">{\"@context\":\"https:\\\/\\\/schema.org\",\"@graph\":[{\"@type\":\"WebPage\",\"@id\":\"https:\\\/\\\/moitoarchery.com\\\/en\\\/product\\\/excalibur-mag-max-recurve-crossbow-340fps\\\/\",\"url\":\"https:\\\/\\\/moitoarchery.com\\\/en\\\/product\\\/excalibur-mag-max-recurve-crossbow-340fps\\\/\",\"name\":\"Excalibur MAG MAX Recurve Crossbow \u2013 340fps - MoitoArchery\",\"isPartOf\":{\"@id\":\"https:\\\/\\\/moitoarchery.com\\\/en\\\/#website\"},\"primaryImageOfPage\":{\"@id\":\"https:\\\/\\\/moitoarchery.com\\\/en\\\/product\\\/excalibur-mag-max-recurve-crossbow-340fps\\\/#primaryimage\"},\"image\":{\"@id\":\"https:\\\/\\\/moitoarchery.com\\\/en\\\/product\\\/excalibur-mag-max-recurve-crossbow-340fps\\\/#primaryimage\"},\"thumbnailUrl\":\"https:\\\/\\\/moitoarchery.com\\\/wp-content\\\/uploads\\\/2025\\\/03\\\/A091809_1.jpg\",\"datePublished\":\"2025-03-31T10:50:07+00:00\",\"dateModified\":\"2025-11-12T09:33:42+00:00\",\"description\":\"La Ballesta Recurva Excalibur MAG MAX es una de las mejores opciones para cazadores que buscan una ballesta potente, precisa y confiable. Con un dise\u00f1o robusto y de alto rendimiento, la MAG MAX est\u00e1 construida para ofrecer una experiencia de caza superior. Su incre\u00edble potencia, combinada con un dise\u00f1o recurvo sencillo y eficiente, la convierte en una herramienta confiable tanto para principiantes como para cazadores experimentados.\",\"breadcrumb\":{\"@id\":\"https:\\\/\\\/moitoarchery.com\\\/en\\\/product\\\/excalibur-mag-max-recurve-crossbow-340fps\\\/#breadcrumb\"},\"inLanguage\":\"en-US\",\"potentialAction\":[{\"@type\":\"ReadAction\",\"target\":[\"https:\\\/\\\/moitoarchery.com\\\/en\\\/product\\\/excalibur-mag-max-recurve-crossbow-340fps\\\/\"]}]},{\"@type\":\"ImageObject\",\"inLanguage\":\"en-US\",\"@id\":\"https:\\\/\\\/moitoarchery.com\\\/en\\\/product\\\/excalibur-mag-max-recurve-crossbow-340fps\\\/#primaryimage\",\"url\":\"https:\\\/\\\/moitoarchery.com\\\/wp-content\\\/uploads\\\/2025\\\/03\\\/A091809_1.jpg\",\"contentUrl\":\"https:\\\/\\\/moitoarchery.com\\\/wp-content\\\/uploads\\\/2025\\\/03\\\/A091809_1.jpg\",\"width\":800,\"height\":800,\"caption\":\"Excalibur MAG MAX Recurve Crossbow \u2013 340fps\"},{\"@type\":\"BreadcrumbList\",\"@id\":\"https:\\\/\\\/moitoarchery.com\\\/en\\\/product\\\/excalibur-mag-max-recurve-crossbow-340fps\\\/#breadcrumb\",\"itemListElement\":[{\"@type\":\"ListItem\",\"position\":1,\"name\":\"Portada\",\"item\":\"https:\\\/\\\/moitoarchery.com\\\/en\\\/\"},{\"@type\":\"ListItem\",\"position\":2,\"name\":\"Shop\",\"item\":\"https:\\\/\\\/moitoarchery.com\\\/en\\\/shop\\\/\"},{\"@type\":\"ListItem\",\"position\":3,\"name\":\"Excalibur MAG MAX Recurve Crossbow \u2013 340fps\"}]},{\"@type\":\"WebSite\",\"@id\":\"https:\\\/\\\/moitoarchery.com\\\/en\\\/#website\",\"url\":\"https:\\\/\\\/moitoarchery.com\\\/en\\\/\",\"name\":\"MoitoArchery\",\"description\":\"Tienda de Tiro con arco\",\"publisher\":{\"@id\":\"https:\\\/\\\/moitoarchery.com\\\/en\\\/#organization\"},\"potentialAction\":[{\"@type\":\"SearchAction\",\"target\":{\"@type\":\"EntryPoint\",\"urlTemplate\":\"https:\\\/\\\/moitoarchery.com\\\/en\\\/?s={search_term_string}\"},\"query-input\":{\"@type\":\"PropertyValueSpecification\",\"valueRequired\":true,\"valueName\":\"search_term_string\"}}],\"inLanguage\":\"en-US\"},{\"@type\":\"Organization\",\"@id\":\"https:\\\/\\\/moitoarchery.com\\\/en\\\/#organization\",\"name\":\"MoitoArchery\",\"url\":\"https:\\\/\\\/moitoarchery.com\\\/en\\\/\",\"logo\":{\"@type\":\"ImageObject\",\"inLanguage\":\"en-US\",\"@id\":\"https:\\\/\\\/moitoarchery.com\\\/en\\\/#\\\/schema\\\/logo\\\/image\\\/\",\"url\":\"https:\\\/\\\/moitoarchery.com\\\/wp-content\\\/uploads\\\/2020\\\/09\\\/logotipo-moitoarchery.png\",\"contentUrl\":\"https:\\\/\\\/moitoarchery.com\\\/wp-content\\\/uploads\\\/2020\\\/09\\\/logotipo-moitoarchery.png\",\"width\":300,\"height\":66,\"caption\":\"MoitoArchery\"},\"image\":{\"@id\":\"https:\\\/\\\/moitoarchery.com\\\/en\\\/#\\\/schema\\\/logo\\\/image\\\/\"},\"sameAs\":[\"https:\\\/\\\/www.facebook.com\\\/arqueriaOnline\\\/\",\"https:\\\/\\\/www.instagram.com\\\/moitoarchery\\\/\",\"https:\\\/\\\/www.youtube.com\\\/channel\\\/UCvmj39gVUIKVoJJ6vQC9GPA\\\/\"]}]}<\/script>\n<!-- \/ Yoast SEO plugin. -->","yoast_head_json":{"title":"Excalibur MAG MAX Recurve Crossbow \u2013 340fps - MoitoArchery","description":"La Ballesta Recurva Excalibur MAG MAX es una de las mejores opciones para cazadores que buscan una ballesta potente, precisa y confiable. Con un dise\u00f1o robusto y de alto rendimiento, la MAG MAX est\u00e1 construida para ofrecer una experiencia de caza superior. Su incre\u00edble potencia, combinada con un dise\u00f1o recurvo sencillo y eficiente, la convierte en una herramienta confiable tanto para principiantes como para cazadores experimentados.","robots":{"index":"index","follow":"follow","max-snippet":"max-snippet:-1","max-image-preview":"max-image-preview:large","max-video-preview":"max-video-preview:-1"},"canonical":"https:\/\/moitoarchery.com\/en\/product\/excalibur-mag-max-recurve-crossbow-340fps\/","og_locale":"en_US","og_type":"article","og_title":"Excalibur MAG MAX Recurve Crossbow \u2013 340fps - MoitoArchery","og_description":"La Ballesta Recurva Excalibur MAG MAX es una de las mejores opciones para cazadores que buscan una ballesta potente, precisa y confiable. Con un dise\u00f1o robusto y de alto rendimiento, la MAG MAX est\u00e1 construida para ofrecer una experiencia de caza superior. Su incre\u00edble potencia, combinada con un dise\u00f1o recurvo sencillo y eficiente, la convierte en una herramienta confiable tanto para principiantes como para cazadores experimentados.","og_url":"https:\/\/moitoarchery.com\/en\/product\/excalibur-mag-max-recurve-crossbow-340fps\/","og_site_name":"MoitoArchery","article_publisher":"https:\/\/www.facebook.com\/arqueriaOnline\/","article_modified_time":"2025-11-12T09:33:42+00:00","og_image":[{"width":800,"height":800,"url":"https:\/\/moitoarchery.com\/wp-content\/uploads\/2025\/03\/A091809_1.jpg","type":"image\/jpeg"}],"twitter_card":"summary_large_image","twitter_misc":{"Est. reading time":"1 minute"},"schema":{"@context":"https:\/\/schema.org","@graph":[{"@type":"WebPage","@id":"https:\/\/moitoarchery.com\/en\/product\/excalibur-mag-max-recurve-crossbow-340fps\/","url":"https:\/\/moitoarchery.com\/en\/product\/excalibur-mag-max-recurve-crossbow-340fps\/","name":"Excalibur MAG MAX Recurve Crossbow \u2013 340fps - MoitoArchery","isPartOf":{"@id":"https:\/\/moitoarchery.com\/en\/#website"},"primaryImageOfPage":{"@id":"https:\/\/moitoarchery.com\/en\/product\/excalibur-mag-max-recurve-crossbow-340fps\/#primaryimage"},"image":{"@id":"https:\/\/moitoarchery.com\/en\/product\/excalibur-mag-max-recurve-crossbow-340fps\/#primaryimage"},"thumbnailUrl":"https:\/\/moitoarchery.com\/wp-content\/uploads\/2025\/03\/A091809_1.jpg","datePublished":"2025-03-31T10:50:07+00:00","dateModified":"2025-11-12T09:33:42+00:00","description":"La Ballesta Recurva Excalibur MAG MAX es una de las mejores opciones para cazadores que buscan una ballesta potente, precisa y confiable. Con un dise\u00f1o robusto y de alto rendimiento, la MAG MAX est\u00e1 construida para ofrecer una experiencia de caza superior. Su incre\u00edble potencia, combinada con un dise\u00f1o recurvo sencillo y eficiente, la convierte en una herramienta confiable tanto para principiantes como para cazadores experimentados.","breadcrumb":{"@id":"https:\/\/moitoarchery.com\/en\/product\/excalibur-mag-max-recurve-crossbow-340fps\/#breadcrumb"},"inLanguage":"en-US","potentialAction":[{"@type":"ReadAction","target":["https:\/\/moitoarchery.com\/en\/product\/excalibur-mag-max-recurve-crossbow-340fps\/"]}]},{"@type":"ImageObject","inLanguage":"en-US","@id":"https:\/\/moitoarchery.com\/en\/product\/excalibur-mag-max-recurve-crossbow-340fps\/#primaryimage","url":"https:\/\/moitoarchery.com\/wp-content\/uploads\/2025\/03\/A091809_1.jpg","contentUrl":"https:\/\/moitoarchery.com\/wp-content\/uploads\/2025\/03\/A091809_1.jpg","width":800,"height":800,"caption":"Excalibur MAG MAX Recurve Crossbow \u2013 340fps"},{"@type":"BreadcrumbList","@id":"https:\/\/moitoarchery.com\/en\/product\/excalibur-mag-max-recurve-crossbow-340fps\/#breadcrumb","itemListElement":[{"@type":"ListItem","position":1,"name":"Portada","item":"https:\/\/moitoarchery.com\/en\/"},{"@type":"ListItem","position":2,"name":"Shop","item":"https:\/\/moitoarchery.com\/en\/shop\/"},{"@type":"ListItem","position":3,"name":"Excalibur MAG MAX Recurve Crossbow \u2013 340fps"}]},{"@type":"WebSite","@id":"https:\/\/moitoarchery.com\/en\/#website","url":"https:\/\/moitoarchery.com\/en\/","name":"MoitoArchery","description":"Tienda de Tiro con arco","publisher":{"@id":"https:\/\/moitoarchery.com\/en\/#organization"},"potentialAction":[{"@type":"SearchAction","target":{"@type":"EntryPoint","urlTemplate":"https:\/\/moitoarchery.com\/en\/?s={search_term_string}"},"query-input":{"@type":"PropertyValueSpecification","valueRequired":true,"valueName":"search_term_string"}}],"inLanguage":"en-US"},{"@type":"Organization","@id":"https:\/\/moitoarchery.com\/en\/#organization","name":"MoitoArchery","url":"https:\/\/moitoarchery.com\/en\/","logo":{"@type":"ImageObject","inLanguage":"en-US","@id":"https:\/\/moitoarchery.com\/en\/#\/schema\/logo\/image\/","url":"https:\/\/moitoarchery.com\/wp-content\/uploads\/2020\/09\/logotipo-moitoarchery.png","contentUrl":"https:\/\/moitoarchery.com\/wp-content\/uploads\/2020\/09\/logotipo-moitoarchery.png","width":300,"height":66,"caption":"MoitoArchery"},"image":{"@id":"https:\/\/moitoarchery.com\/en\/#\/schema\/logo\/image\/"},"sameAs":["https:\/\/www.facebook.com\/arqueriaOnline\/","https:\/\/www.instagram.com\/moitoarchery\/","https:\/\/www.youtube.com\/channel\/UCvmj39gVUIKVoJJ6vQC9GPA\/"]}]}},"_links":{"self":[{"href":"https:\/\/moitoarchery.com\/en\/wp-json\/wp\/v2\/product\/76608","targetHints":{"allow":["GET"]}}],"collection":[{"href":"https:\/\/moitoarchery.com\/en\/wp-json\/wp\/v2\/product"}],"about":[{"href":"https:\/\/moitoarchery.com\/en\/wp-json\/wp\/v2\/types\/product"}],"replies":[{"embeddable":true,"href":"https:\/\/moitoarchery.com\/en\/wp-json\/wp\/v2\/comments?post=76608"}],"version-history":[{"count":0,"href":"https:\/\/moitoarchery.com\/en\/wp-json\/wp\/v2\/product\/76608\/revisions"}],"wp:featuredmedia":[{"embeddable":true,"href":"https:\/\/moitoarchery.com\/en\/wp-json\/wp\/v2\/media\/74275"}],"wp:attachment":[{"href":"https:\/\/moitoarchery.com\/en\/wp-json\/wp\/v2\/media?parent=76608"}],"wp:term":[{"taxonomy":"product_brand","embeddable":true,"href":"https:\/\/moitoarchery.com\/en\/wp-json\/wp\/v2\/product_brand?post=76608"},{"taxonomy":"product_cat","embeddable":true,"href":"https:\/\/moitoarchery.com\/en\/wp-json\/wp\/v2\/product_cat?post=76608"},{"taxonomy":"product_tag","embeddable":true,"href":"https:\/\/moitoarchery.com\/en\/wp-json\/wp\/v2\/product_tag?post=76608"}],"curies":[{"name":"wp","href":"https:\/\/api.w.org\/{rel}","templated":true}]}}