{"id":76544,"date":"2025-03-28T10:43:11","date_gmt":"2025-03-28T10:43:11","guid":{"rendered":"https:\/\/moitoarchery.com\/?post_type=product&#038;p=76544"},"modified":"2025-11-12T10:39:50","modified_gmt":"2025-11-12T09:39:50","slug":"backstop-netting-complete-with-piles-era-garden-loisir","status":"publish","type":"product","link":"https:\/\/moitoarchery.com\/en\/product\/backstop-netting-complete-with-piles-era-garden-loisir\/","title":{"rendered":"BACKSTOP NETTING COMPLETE WITH PILES ERA-GARDEN LOISIR"},"content":{"rendered":"<p>La <strong data-start=\"59\" data-end=\"97\">Cortina para Flechas ERA Camuflaje<\/strong> es la opci\u00f3n perfecta para quienes practican caza o tiro con arco en entornos naturales. Con una altura de 120 cm, est\u00e1 dise\u00f1ada para detener las flechas de manera efectiva, mientras su patr\u00f3n de camuflaje se integra perfectamente en el entorno, ofreciendo discreci\u00f3n y seguridad. Su material resistente al impacto asegura una larga durabilidad, ideal para el uso en exteriores. Esta cortina es perfecta para proteger el \u00e1rea de tiro y minimizar el riesgo en actividades de caza o entrenamiento en la naturaleza.<\/p>\n","protected":false},"excerpt":{"rendered":"<p>La Cortina para Flechas ERA Camuflaje es la opci\u00f3n perfecta para quienes practican caza o tiro con arco en entornos naturales. Con una altura de 120 cm, est\u00e1 dise\u00f1ada para detener las flechas de manera efectiva, mientras su patr\u00f3n de camuflaje se integra perfectamente en el entorno, ofreciendo discreci\u00f3n y seguridad. Su material resistente al [&hellip;]<\/p>\n","protected":false},"featured_media":74094,"comment_status":"open","ping_status":"closed","template":"","meta":{"_acf_changed":false},"product_brand":[],"product_cat":[2815],"product_tag":[3145],"class_list":{"0":"post-76544","1":"product","2":"type-product","3":"status-publish","4":"has-post-thumbnail","6":"product_cat-netting","7":"product_tag-dianas-y-parapetos-en","9":"first","10":"onbackorder","11":"sale","12":"taxable","13":"shipping-taxable","14":"purchasable","15":"product-type-variable"},"acf":[],"yoast_head":"<!-- This site is optimized with the Yoast SEO plugin v27.3 - https:\/\/yoast.com\/product\/yoast-seo-wordpress\/ -->\n<title>BACKSTOP NETTING COMPLETE WITH PILES ERA-GARDEN LOISIR - MoitoArchery<\/title>\n<meta name=\"description\" content=\"- Ready to use safety net kit (nets + stakes) - 22 pounds and arrows diameter 5.5mm - Knitted material 100% polyester 1100 Dtex, 380 gr \/ m\u00b2 - Mesh 4mm x 1mm resisting to UV - Coated steel pegs - Sheath for insertion of pegs before installation - Individual bag for transport\" \/>\n<meta name=\"robots\" content=\"index, follow, max-snippet:-1, max-image-preview:large, max-video-preview:-1\" \/>\n<link rel=\"canonical\" href=\"https:\/\/moitoarchery.com\/en\/product\/backstop-netting-complete-with-piles-era-garden-loisir\/\" \/>\n<meta property=\"og:locale\" content=\"en_US\" \/>\n<meta property=\"og:type\" content=\"article\" \/>\n<meta property=\"og:title\" content=\"BACKSTOP NETTING COMPLETE WITH PILES ERA-GARDEN LOISIR - MoitoArchery\" \/>\n<meta property=\"og:description\" content=\"- Ready to use safety net kit (nets + stakes) - 22 pounds and arrows diameter 5.5mm - Knitted material 100% polyester 1100 Dtex, 380 gr \/ m\u00b2 - Mesh 4mm x 1mm resisting to UV - Coated steel pegs - Sheath for insertion of pegs before installation - Individual bag for transport\" \/>\n<meta property=\"og:url\" content=\"https:\/\/moitoarchery.com\/en\/product\/backstop-netting-complete-with-piles-era-garden-loisir\/\" \/>\n<meta property=\"og:site_name\" content=\"MoitoArchery\" \/>\n<meta property=\"article:publisher\" content=\"https:\/\/www.facebook.com\/arqueriaOnline\/\" \/>\n<meta property=\"article:modified_time\" content=\"2025-11-12T09:39:50+00:00\" \/>\n<meta property=\"og:image\" content=\"https:\/\/moitoarchery.com\/wp-content\/uploads\/2025\/03\/A016942_2.jpg\" \/>\n\t<meta property=\"og:image:width\" content=\"800\" \/>\n\t<meta property=\"og:image:height\" content=\"800\" \/>\n\t<meta property=\"og:image:type\" content=\"image\/jpeg\" \/>\n<meta name=\"twitter:card\" content=\"summary_large_image\" \/>\n<script type=\"application\/ld+json\" class=\"yoast-schema-graph\">{\"@context\":\"https:\\\/\\\/schema.org\",\"@graph\":[{\"@type\":\"WebPage\",\"@id\":\"https:\\\/\\\/moitoarchery.com\\\/en\\\/product\\\/backstop-netting-complete-with-piles-era-garden-loisir\\\/\",\"url\":\"https:\\\/\\\/moitoarchery.com\\\/en\\\/product\\\/backstop-netting-complete-with-piles-era-garden-loisir\\\/\",\"name\":\"BACKSTOP NETTING COMPLETE WITH PILES ERA-GARDEN LOISIR - MoitoArchery\",\"isPartOf\":{\"@id\":\"https:\\\/\\\/moitoarchery.com\\\/en\\\/#website\"},\"primaryImageOfPage\":{\"@id\":\"https:\\\/\\\/moitoarchery.com\\\/en\\\/product\\\/backstop-netting-complete-with-piles-era-garden-loisir\\\/#primaryimage\"},\"image\":{\"@id\":\"https:\\\/\\\/moitoarchery.com\\\/en\\\/product\\\/backstop-netting-complete-with-piles-era-garden-loisir\\\/#primaryimage\"},\"thumbnailUrl\":\"https:\\\/\\\/moitoarchery.com\\\/wp-content\\\/uploads\\\/2025\\\/03\\\/A016942_2.jpg\",\"datePublished\":\"2025-03-28T10:43:11+00:00\",\"dateModified\":\"2025-11-12T09:39:50+00:00\",\"description\":\"- Ready to use safety net kit (nets + stakes) - 22 pounds and arrows diameter 5.5mm - Knitted material 100% polyester 1100 Dtex, 380 gr \\\/ m\u00b2 - Mesh 4mm x 1mm resisting to UV - Coated steel pegs - Sheath for insertion of pegs before installation - Individual bag for transport\",\"breadcrumb\":{\"@id\":\"https:\\\/\\\/moitoarchery.com\\\/en\\\/product\\\/backstop-netting-complete-with-piles-era-garden-loisir\\\/#breadcrumb\"},\"inLanguage\":\"en-US\",\"potentialAction\":[{\"@type\":\"ReadAction\",\"target\":[\"https:\\\/\\\/moitoarchery.com\\\/en\\\/product\\\/backstop-netting-complete-with-piles-era-garden-loisir\\\/\"]}]},{\"@type\":\"ImageObject\",\"inLanguage\":\"en-US\",\"@id\":\"https:\\\/\\\/moitoarchery.com\\\/en\\\/product\\\/backstop-netting-complete-with-piles-era-garden-loisir\\\/#primaryimage\",\"url\":\"https:\\\/\\\/moitoarchery.com\\\/wp-content\\\/uploads\\\/2025\\\/03\\\/A016942_2.jpg\",\"contentUrl\":\"https:\\\/\\\/moitoarchery.com\\\/wp-content\\\/uploads\\\/2025\\\/03\\\/A016942_2.jpg\",\"width\":800,\"height\":800,\"caption\":\"BACKSTOP NETTING COMPLETE WITH PILES ERA-GARDEN LOISIR\"},{\"@type\":\"BreadcrumbList\",\"@id\":\"https:\\\/\\\/moitoarchery.com\\\/en\\\/product\\\/backstop-netting-complete-with-piles-era-garden-loisir\\\/#breadcrumb\",\"itemListElement\":[{\"@type\":\"ListItem\",\"position\":1,\"name\":\"Portada\",\"item\":\"https:\\\/\\\/moitoarchery.com\\\/en\\\/\"},{\"@type\":\"ListItem\",\"position\":2,\"name\":\"Shop\",\"item\":\"https:\\\/\\\/moitoarchery.com\\\/en\\\/shop\\\/\"},{\"@type\":\"ListItem\",\"position\":3,\"name\":\"BACKSTOP NETTING COMPLETE WITH PILES ERA-GARDEN LOISIR\"}]},{\"@type\":\"WebSite\",\"@id\":\"https:\\\/\\\/moitoarchery.com\\\/en\\\/#website\",\"url\":\"https:\\\/\\\/moitoarchery.com\\\/en\\\/\",\"name\":\"MoitoArchery\",\"description\":\"Tienda de Tiro con arco\",\"publisher\":{\"@id\":\"https:\\\/\\\/moitoarchery.com\\\/en\\\/#organization\"},\"potentialAction\":[{\"@type\":\"SearchAction\",\"target\":{\"@type\":\"EntryPoint\",\"urlTemplate\":\"https:\\\/\\\/moitoarchery.com\\\/en\\\/?s={search_term_string}\"},\"query-input\":{\"@type\":\"PropertyValueSpecification\",\"valueRequired\":true,\"valueName\":\"search_term_string\"}}],\"inLanguage\":\"en-US\"},{\"@type\":\"Organization\",\"@id\":\"https:\\\/\\\/moitoarchery.com\\\/en\\\/#organization\",\"name\":\"MoitoArchery\",\"url\":\"https:\\\/\\\/moitoarchery.com\\\/en\\\/\",\"logo\":{\"@type\":\"ImageObject\",\"inLanguage\":\"en-US\",\"@id\":\"https:\\\/\\\/moitoarchery.com\\\/en\\\/#\\\/schema\\\/logo\\\/image\\\/\",\"url\":\"https:\\\/\\\/moitoarchery.com\\\/wp-content\\\/uploads\\\/2020\\\/09\\\/logotipo-moitoarchery.png\",\"contentUrl\":\"https:\\\/\\\/moitoarchery.com\\\/wp-content\\\/uploads\\\/2020\\\/09\\\/logotipo-moitoarchery.png\",\"width\":300,\"height\":66,\"caption\":\"MoitoArchery\"},\"image\":{\"@id\":\"https:\\\/\\\/moitoarchery.com\\\/en\\\/#\\\/schema\\\/logo\\\/image\\\/\"},\"sameAs\":[\"https:\\\/\\\/www.facebook.com\\\/arqueriaOnline\\\/\",\"https:\\\/\\\/www.instagram.com\\\/moitoarchery\\\/\",\"https:\\\/\\\/www.youtube.com\\\/channel\\\/UCvmj39gVUIKVoJJ6vQC9GPA\\\/\"]}]}<\/script>\n<!-- \/ Yoast SEO plugin. -->","yoast_head_json":{"title":"BACKSTOP NETTING COMPLETE WITH PILES ERA-GARDEN LOISIR - MoitoArchery","description":"- Ready to use safety net kit (nets + stakes) - 22 pounds and arrows diameter 5.5mm - Knitted material 100% polyester 1100 Dtex, 380 gr \/ m\u00b2 - Mesh 4mm x 1mm resisting to UV - Coated steel pegs - Sheath for insertion of pegs before installation - Individual bag for transport","robots":{"index":"index","follow":"follow","max-snippet":"max-snippet:-1","max-image-preview":"max-image-preview:large","max-video-preview":"max-video-preview:-1"},"canonical":"https:\/\/moitoarchery.com\/en\/product\/backstop-netting-complete-with-piles-era-garden-loisir\/","og_locale":"en_US","og_type":"article","og_title":"BACKSTOP NETTING COMPLETE WITH PILES ERA-GARDEN LOISIR - MoitoArchery","og_description":"- Ready to use safety net kit (nets + stakes) - 22 pounds and arrows diameter 5.5mm - Knitted material 100% polyester 1100 Dtex, 380 gr \/ m\u00b2 - Mesh 4mm x 1mm resisting to UV - Coated steel pegs - Sheath for insertion of pegs before installation - Individual bag for transport","og_url":"https:\/\/moitoarchery.com\/en\/product\/backstop-netting-complete-with-piles-era-garden-loisir\/","og_site_name":"MoitoArchery","article_publisher":"https:\/\/www.facebook.com\/arqueriaOnline\/","article_modified_time":"2025-11-12T09:39:50+00:00","og_image":[{"width":800,"height":800,"url":"https:\/\/moitoarchery.com\/wp-content\/uploads\/2025\/03\/A016942_2.jpg","type":"image\/jpeg"}],"twitter_card":"summary_large_image","schema":{"@context":"https:\/\/schema.org","@graph":[{"@type":"WebPage","@id":"https:\/\/moitoarchery.com\/en\/product\/backstop-netting-complete-with-piles-era-garden-loisir\/","url":"https:\/\/moitoarchery.com\/en\/product\/backstop-netting-complete-with-piles-era-garden-loisir\/","name":"BACKSTOP NETTING COMPLETE WITH PILES ERA-GARDEN LOISIR - MoitoArchery","isPartOf":{"@id":"https:\/\/moitoarchery.com\/en\/#website"},"primaryImageOfPage":{"@id":"https:\/\/moitoarchery.com\/en\/product\/backstop-netting-complete-with-piles-era-garden-loisir\/#primaryimage"},"image":{"@id":"https:\/\/moitoarchery.com\/en\/product\/backstop-netting-complete-with-piles-era-garden-loisir\/#primaryimage"},"thumbnailUrl":"https:\/\/moitoarchery.com\/wp-content\/uploads\/2025\/03\/A016942_2.jpg","datePublished":"2025-03-28T10:43:11+00:00","dateModified":"2025-11-12T09:39:50+00:00","description":"- Ready to use safety net kit (nets + stakes) - 22 pounds and arrows diameter 5.5mm - Knitted material 100% polyester 1100 Dtex, 380 gr \/ m\u00b2 - Mesh 4mm x 1mm resisting to UV - Coated steel pegs - Sheath for insertion of pegs before installation - Individual bag for transport","breadcrumb":{"@id":"https:\/\/moitoarchery.com\/en\/product\/backstop-netting-complete-with-piles-era-garden-loisir\/#breadcrumb"},"inLanguage":"en-US","potentialAction":[{"@type":"ReadAction","target":["https:\/\/moitoarchery.com\/en\/product\/backstop-netting-complete-with-piles-era-garden-loisir\/"]}]},{"@type":"ImageObject","inLanguage":"en-US","@id":"https:\/\/moitoarchery.com\/en\/product\/backstop-netting-complete-with-piles-era-garden-loisir\/#primaryimage","url":"https:\/\/moitoarchery.com\/wp-content\/uploads\/2025\/03\/A016942_2.jpg","contentUrl":"https:\/\/moitoarchery.com\/wp-content\/uploads\/2025\/03\/A016942_2.jpg","width":800,"height":800,"caption":"BACKSTOP NETTING COMPLETE WITH PILES ERA-GARDEN LOISIR"},{"@type":"BreadcrumbList","@id":"https:\/\/moitoarchery.com\/en\/product\/backstop-netting-complete-with-piles-era-garden-loisir\/#breadcrumb","itemListElement":[{"@type":"ListItem","position":1,"name":"Portada","item":"https:\/\/moitoarchery.com\/en\/"},{"@type":"ListItem","position":2,"name":"Shop","item":"https:\/\/moitoarchery.com\/en\/shop\/"},{"@type":"ListItem","position":3,"name":"BACKSTOP NETTING COMPLETE WITH PILES ERA-GARDEN LOISIR"}]},{"@type":"WebSite","@id":"https:\/\/moitoarchery.com\/en\/#website","url":"https:\/\/moitoarchery.com\/en\/","name":"MoitoArchery","description":"Tienda de Tiro con arco","publisher":{"@id":"https:\/\/moitoarchery.com\/en\/#organization"},"potentialAction":[{"@type":"SearchAction","target":{"@type":"EntryPoint","urlTemplate":"https:\/\/moitoarchery.com\/en\/?s={search_term_string}"},"query-input":{"@type":"PropertyValueSpecification","valueRequired":true,"valueName":"search_term_string"}}],"inLanguage":"en-US"},{"@type":"Organization","@id":"https:\/\/moitoarchery.com\/en\/#organization","name":"MoitoArchery","url":"https:\/\/moitoarchery.com\/en\/","logo":{"@type":"ImageObject","inLanguage":"en-US","@id":"https:\/\/moitoarchery.com\/en\/#\/schema\/logo\/image\/","url":"https:\/\/moitoarchery.com\/wp-content\/uploads\/2020\/09\/logotipo-moitoarchery.png","contentUrl":"https:\/\/moitoarchery.com\/wp-content\/uploads\/2020\/09\/logotipo-moitoarchery.png","width":300,"height":66,"caption":"MoitoArchery"},"image":{"@id":"https:\/\/moitoarchery.com\/en\/#\/schema\/logo\/image\/"},"sameAs":["https:\/\/www.facebook.com\/arqueriaOnline\/","https:\/\/www.instagram.com\/moitoarchery\/","https:\/\/www.youtube.com\/channel\/UCvmj39gVUIKVoJJ6vQC9GPA\/"]}]}},"_links":{"self":[{"href":"https:\/\/moitoarchery.com\/en\/wp-json\/wp\/v2\/product\/76544","targetHints":{"allow":["GET"]}}],"collection":[{"href":"https:\/\/moitoarchery.com\/en\/wp-json\/wp\/v2\/product"}],"about":[{"href":"https:\/\/moitoarchery.com\/en\/wp-json\/wp\/v2\/types\/product"}],"replies":[{"embeddable":true,"href":"https:\/\/moitoarchery.com\/en\/wp-json\/wp\/v2\/comments?post=76544"}],"version-history":[{"count":0,"href":"https:\/\/moitoarchery.com\/en\/wp-json\/wp\/v2\/product\/76544\/revisions"}],"wp:featuredmedia":[{"embeddable":true,"href":"https:\/\/moitoarchery.com\/en\/wp-json\/wp\/v2\/media\/74094"}],"wp:attachment":[{"href":"https:\/\/moitoarchery.com\/en\/wp-json\/wp\/v2\/media?parent=76544"}],"wp:term":[{"taxonomy":"product_brand","embeddable":true,"href":"https:\/\/moitoarchery.com\/en\/wp-json\/wp\/v2\/product_brand?post=76544"},{"taxonomy":"product_cat","embeddable":true,"href":"https:\/\/moitoarchery.com\/en\/wp-json\/wp\/v2\/product_cat?post=76544"},{"taxonomy":"product_tag","embeddable":true,"href":"https:\/\/moitoarchery.com\/en\/wp-json\/wp\/v2\/product_tag?post=76544"}],"curies":[{"name":"wp","href":"https:\/\/api.w.org\/{rel}","templated":true}]}}