{"id":76483,"date":"2025-06-10T11:12:08","date_gmt":"2025-06-10T09:12:08","guid":{"rendered":"https:\/\/moitoarchery.com\/producto\/gillo-gt-lux-25-ilf-riser-for-olympic-recurve-bows\/"},"modified":"2025-11-12T10:03:47","modified_gmt":"2025-11-12T09:03:47","slug":"gillo-gt-lux-25-ilf-riser-for-olympic-recurve-bows","status":"publish","type":"product","link":"https:\/\/moitoarchery.com\/en\/product\/gillo-gt-lux-25-ilf-riser-for-olympic-recurve-bows\/","title":{"rendered":"Gillo GT LUX 25\u201d ILF Riser for Olympic Recurve Bows"},"content":{"rendered":"<p data-start=\"136\" data-end=\"826\">El\u00a0<strong data-start=\"215\" data-end=\"239\">Gillo GT LUX 25\u201d ILF<\/strong>\u00a0es un cuerpo de arco ol\u00edmpico de alta gama, dise\u00f1ado para arqueros que buscan precisi\u00f3n milim\u00e9trica y estabilidad superior. Fabricado con una estructura h\u00edbrida de aluminio y acero inoxidable, combina rigidez extrema con un control de vibraciones excepcional. Compatible con el sistema ILF (International Limb Fitting), ofrece ajustes precisos de tiller, alineaci\u00f3n y potencia, permitiendo una personalizaci\u00f3n completa del arco seg\u00fan tus necesidades. Su dise\u00f1o modular y balance optimizado lo convierten en una opci\u00f3n ideal para el alto rendimiento y la competici\u00f3n a nivel profesional.<\/p>\n<h2>Encargos para pedidos al distribuidor:<\/h2>\n<p><b>Pedido por encargo:<\/b>\u00a0Para elegir colores u otras caracter\u00edsticas, si las hubiese, puede contactar con nosotros para revisar el stock disponible de nuestro distribuidor o cualquier duda de asesor\u00eda antes de realizar su pedido por encargo. Los precios pueden variar de un color a otro.<\/p>\n<p><b>Tiempo de entrega:<\/b>\u00a0El tiempo m\u00ednimo de entrega es 10-14 d\u00edas aproximadamente pero en algunos casos puede ser superior debido a posibles retrasos, falta de stock u otros motivos.<\/p>\n<p data-start=\"143\" data-end=\"725\">The Gillo GT LUX 25\u201d ILF is a premium Olympic recurve riser crafted for archers who demand pinpoint precision and superior stability. Built with a hybrid structure of aluminum and stainless steel, it delivers extreme rigidity and outstanding vibration control. Fully compatible with the ILF (International Limb Fitting) system, it offers fine adjustments for tiller, limb alignment, and draw weight\u2014allowing full customization to match your shooting style. Its modular design and optimized balance make it a top-tier choice for high-performance archery and professional competition.<\/p>\n<p data-start=\"727\" data-end=\"982\"><strong data-start=\"727\" data-end=\"763\">Special Orders from Distributor:<\/strong><br data-start=\"763\" data-end=\"766\" \/>This item is available by special order. For specific colors or features, please contact us to check distributor stock or request guidance before placing your order. Prices may vary depending on the selected options.<\/p>\n<p data-start=\"984\" data-end=\"1151\"><strong data-start=\"984\" data-end=\"1012\">Estimated Delivery Time:<\/strong><br data-start=\"1012\" data-end=\"1015\" \/>Estimated delivery time is 10\u201314 days, though it may be longer in some cases due to potential delays, stock shortages, or other factors.<\/p>\n<p data-start=\"1153\" data-end=\"1318\"><strong data-start=\"1153\" data-end=\"1174\">Workshop Service:<\/strong><br data-start=\"1174\" data-end=\"1177\" \/>We offer setup and tuning services for all compound bows in our workshop. Visit our workshop page for more information on available services.<\/p>\n","protected":false},"excerpt":{"rendered":"<p data-start=\"143\" data-end=\"725\">The Gillo GT LUX 25\u201d ILF is a premium Olympic recurve riser crafted for archers who demand pinpoint precision and superior stability. Built with a hybrid structure of aluminum and stainless steel, it delivers extreme rigidity and outstanding vibration control. Fully compatible with the ILF (International Limb Fitting) system, it offers fine adjustments for tiller, limb alignment, and draw weight\u2014allowing full customization to match your shooting style. Its modular design and optimized balance make it a top-tier choice for high-performance archery and professional competition.<\/p>\n<p data-start=\"727\" data-end=\"982\"><strong data-start=\"727\" data-end=\"763\">Special Orders from Distributor:<\/strong><br data-start=\"763\" data-end=\"766\" \/>This item is available by special order. For specific colors or features, please contact us to check distributor stock or request guidance before placing your order. Prices may vary depending on the selected options.<\/p>\n<p data-start=\"984\" data-end=\"1151\"><strong data-start=\"984\" data-end=\"1012\">Estimated Delivery Time:<\/strong><br data-start=\"1012\" data-end=\"1015\" \/>Estimated delivery time is 10\u201314 days, though it may be longer in some cases due to potential delays, stock shortages, or other factors.<\/p>\n<p data-start=\"1153\" data-end=\"1318\"><strong data-start=\"1153\" data-end=\"1174\">Workshop Service:<\/strong><br data-start=\"1174\" data-end=\"1177\" \/>We offer setup and tuning services for all compound bows in our workshop. Visit our workshop page for more information on available services.<\/p>\n","protected":false},"featured_media":75096,"comment_status":"open","ping_status":"closed","template":"","meta":{"_acf_changed":false},"product_brand":[],"product_cat":[2519],"product_tag":[2522,2521],"class_list":{"0":"post-76483","1":"product","2":"type-product","3":"status-publish","4":"has-post-thumbnail","6":"product_cat-risers","7":"product_tag-barebow","8":"product_tag-olimpic-bow","10":"first","11":"onbackorder","12":"sale","13":"taxable","14":"shipping-taxable","15":"purchasable","16":"product-type-variable"},"acf":[],"yoast_head":"<!-- This site is optimized with the Yoast SEO plugin v27.3 - https:\/\/yoast.com\/product\/yoast-seo-wordpress\/ -->\n<title>Gillo GT LUX 25\u201d ILF Riser for Olympic Recurve Bows - MoitoArchery<\/title>\n<meta name=\"description\" content=\"The Gillo GT LUX 25\u201d ILF is a premium Olympic recurve riser crafted for archers who demand pinpoint precision and superior stability. Built with a hybrid structure of aluminum and stainless steel, it delivers extreme rigidity and outstanding vibration control. Fully compatible with the ILF (International Limb Fitting) system, it offers fine adjustments for tiller, limb alignment, and draw weight\u2014allowing full customization to match your shooting style. Its modular design and optimized balance make it a top-tier choice for high-performance archery and professional competition.\" \/>\n<meta name=\"robots\" content=\"index, follow, max-snippet:-1, max-image-preview:large, max-video-preview:-1\" \/>\n<link rel=\"canonical\" href=\"https:\/\/moitoarchery.com\/en\/product\/gillo-gt-lux-25-ilf-riser-for-olympic-recurve-bows\/\" \/>\n<meta property=\"og:locale\" content=\"en_US\" \/>\n<meta property=\"og:type\" content=\"article\" \/>\n<meta property=\"og:title\" content=\"Gillo GT LUX 25\u201d ILF Riser for Olympic Recurve Bows - MoitoArchery\" \/>\n<meta property=\"og:description\" content=\"The Gillo GT LUX 25\u201d ILF is a premium Olympic recurve riser crafted for archers who demand pinpoint precision and superior stability. Built with a hybrid structure of aluminum and stainless steel, it delivers extreme rigidity and outstanding vibration control. Fully compatible with the ILF (International Limb Fitting) system, it offers fine adjustments for tiller, limb alignment, and draw weight\u2014allowing full customization to match your shooting style. Its modular design and optimized balance make it a top-tier choice for high-performance archery and professional competition.\" \/>\n<meta property=\"og:url\" content=\"https:\/\/moitoarchery.com\/en\/product\/gillo-gt-lux-25-ilf-riser-for-olympic-recurve-bows\/\" \/>\n<meta property=\"og:site_name\" content=\"MoitoArchery\" \/>\n<meta property=\"article:publisher\" content=\"https:\/\/www.facebook.com\/arqueriaOnline\/\" \/>\n<meta property=\"article:modified_time\" content=\"2025-11-12T09:03:47+00:00\" \/>\n<meta property=\"og:image\" content=\"https:\/\/moitoarchery.com\/wp-content\/uploads\/2025\/06\/A088666_1.jpg\" \/>\n\t<meta property=\"og:image:width\" content=\"800\" \/>\n\t<meta property=\"og:image:height\" content=\"800\" \/>\n\t<meta property=\"og:image:type\" content=\"image\/jpeg\" \/>\n<meta name=\"twitter:card\" content=\"summary_large_image\" \/>\n<meta name=\"twitter:label1\" content=\"Est. reading time\" \/>\n\t<meta name=\"twitter:data1\" content=\"2 minutes\" \/>\n<script type=\"application\/ld+json\" class=\"yoast-schema-graph\">{\"@context\":\"https:\\\/\\\/schema.org\",\"@graph\":[{\"@type\":\"WebPage\",\"@id\":\"https:\\\/\\\/moitoarchery.com\\\/en\\\/product\\\/gillo-gt-lux-25-ilf-riser-for-olympic-recurve-bows\\\/\",\"url\":\"https:\\\/\\\/moitoarchery.com\\\/en\\\/product\\\/gillo-gt-lux-25-ilf-riser-for-olympic-recurve-bows\\\/\",\"name\":\"Gillo GT LUX 25\u201d ILF Riser for Olympic Recurve Bows - MoitoArchery\",\"isPartOf\":{\"@id\":\"https:\\\/\\\/moitoarchery.com\\\/en\\\/#website\"},\"primaryImageOfPage\":{\"@id\":\"https:\\\/\\\/moitoarchery.com\\\/en\\\/product\\\/gillo-gt-lux-25-ilf-riser-for-olympic-recurve-bows\\\/#primaryimage\"},\"image\":{\"@id\":\"https:\\\/\\\/moitoarchery.com\\\/en\\\/product\\\/gillo-gt-lux-25-ilf-riser-for-olympic-recurve-bows\\\/#primaryimage\"},\"thumbnailUrl\":\"https:\\\/\\\/moitoarchery.com\\\/wp-content\\\/uploads\\\/2025\\\/06\\\/A088666_1.jpg\",\"datePublished\":\"2025-06-10T09:12:08+00:00\",\"dateModified\":\"2025-11-12T09:03:47+00:00\",\"description\":\"The Gillo GT LUX 25\u201d ILF is a premium Olympic recurve riser crafted for archers who demand pinpoint precision and superior stability. Built with a hybrid structure of aluminum and stainless steel, it delivers extreme rigidity and outstanding vibration control. Fully compatible with the ILF (International Limb Fitting) system, it offers fine adjustments for tiller, limb alignment, and draw weight\u2014allowing full customization to match your shooting style. Its modular design and optimized balance make it a top-tier choice for high-performance archery and professional competition.\",\"breadcrumb\":{\"@id\":\"https:\\\/\\\/moitoarchery.com\\\/en\\\/product\\\/gillo-gt-lux-25-ilf-riser-for-olympic-recurve-bows\\\/#breadcrumb\"},\"inLanguage\":\"en-US\",\"potentialAction\":[{\"@type\":\"ReadAction\",\"target\":[\"https:\\\/\\\/moitoarchery.com\\\/en\\\/product\\\/gillo-gt-lux-25-ilf-riser-for-olympic-recurve-bows\\\/\"]}]},{\"@type\":\"ImageObject\",\"inLanguage\":\"en-US\",\"@id\":\"https:\\\/\\\/moitoarchery.com\\\/en\\\/product\\\/gillo-gt-lux-25-ilf-riser-for-olympic-recurve-bows\\\/#primaryimage\",\"url\":\"https:\\\/\\\/moitoarchery.com\\\/wp-content\\\/uploads\\\/2025\\\/06\\\/A088666_1.jpg\",\"contentUrl\":\"https:\\\/\\\/moitoarchery.com\\\/wp-content\\\/uploads\\\/2025\\\/06\\\/A088666_1.jpg\",\"width\":800,\"height\":800},{\"@type\":\"BreadcrumbList\",\"@id\":\"https:\\\/\\\/moitoarchery.com\\\/en\\\/product\\\/gillo-gt-lux-25-ilf-riser-for-olympic-recurve-bows\\\/#breadcrumb\",\"itemListElement\":[{\"@type\":\"ListItem\",\"position\":1,\"name\":\"Portada\",\"item\":\"https:\\\/\\\/moitoarchery.com\\\/en\\\/\"},{\"@type\":\"ListItem\",\"position\":2,\"name\":\"Shop\",\"item\":\"https:\\\/\\\/moitoarchery.com\\\/en\\\/shop\\\/\"},{\"@type\":\"ListItem\",\"position\":3,\"name\":\"Gillo GT LUX 25\u201d ILF Riser for Olympic Recurve Bows\"}]},{\"@type\":\"WebSite\",\"@id\":\"https:\\\/\\\/moitoarchery.com\\\/en\\\/#website\",\"url\":\"https:\\\/\\\/moitoarchery.com\\\/en\\\/\",\"name\":\"MoitoArchery\",\"description\":\"Tienda de Tiro con arco\",\"publisher\":{\"@id\":\"https:\\\/\\\/moitoarchery.com\\\/en\\\/#organization\"},\"potentialAction\":[{\"@type\":\"SearchAction\",\"target\":{\"@type\":\"EntryPoint\",\"urlTemplate\":\"https:\\\/\\\/moitoarchery.com\\\/en\\\/?s={search_term_string}\"},\"query-input\":{\"@type\":\"PropertyValueSpecification\",\"valueRequired\":true,\"valueName\":\"search_term_string\"}}],\"inLanguage\":\"en-US\"},{\"@type\":\"Organization\",\"@id\":\"https:\\\/\\\/moitoarchery.com\\\/en\\\/#organization\",\"name\":\"MoitoArchery\",\"url\":\"https:\\\/\\\/moitoarchery.com\\\/en\\\/\",\"logo\":{\"@type\":\"ImageObject\",\"inLanguage\":\"en-US\",\"@id\":\"https:\\\/\\\/moitoarchery.com\\\/en\\\/#\\\/schema\\\/logo\\\/image\\\/\",\"url\":\"https:\\\/\\\/moitoarchery.com\\\/wp-content\\\/uploads\\\/2020\\\/09\\\/logotipo-moitoarchery.png\",\"contentUrl\":\"https:\\\/\\\/moitoarchery.com\\\/wp-content\\\/uploads\\\/2020\\\/09\\\/logotipo-moitoarchery.png\",\"width\":300,\"height\":66,\"caption\":\"MoitoArchery\"},\"image\":{\"@id\":\"https:\\\/\\\/moitoarchery.com\\\/en\\\/#\\\/schema\\\/logo\\\/image\\\/\"},\"sameAs\":[\"https:\\\/\\\/www.facebook.com\\\/arqueriaOnline\\\/\",\"https:\\\/\\\/www.instagram.com\\\/moitoarchery\\\/\",\"https:\\\/\\\/www.youtube.com\\\/channel\\\/UCvmj39gVUIKVoJJ6vQC9GPA\\\/\"]}]}<\/script>\n<!-- \/ Yoast SEO plugin. -->","yoast_head_json":{"title":"Gillo GT LUX 25\u201d ILF Riser for Olympic Recurve Bows - MoitoArchery","description":"The Gillo GT LUX 25\u201d ILF is a premium Olympic recurve riser crafted for archers who demand pinpoint precision and superior stability. Built with a hybrid structure of aluminum and stainless steel, it delivers extreme rigidity and outstanding vibration control. Fully compatible with the ILF (International Limb Fitting) system, it offers fine adjustments for tiller, limb alignment, and draw weight\u2014allowing full customization to match your shooting style. Its modular design and optimized balance make it a top-tier choice for high-performance archery and professional competition.","robots":{"index":"index","follow":"follow","max-snippet":"max-snippet:-1","max-image-preview":"max-image-preview:large","max-video-preview":"max-video-preview:-1"},"canonical":"https:\/\/moitoarchery.com\/en\/product\/gillo-gt-lux-25-ilf-riser-for-olympic-recurve-bows\/","og_locale":"en_US","og_type":"article","og_title":"Gillo GT LUX 25\u201d ILF Riser for Olympic Recurve Bows - MoitoArchery","og_description":"The Gillo GT LUX 25\u201d ILF is a premium Olympic recurve riser crafted for archers who demand pinpoint precision and superior stability. Built with a hybrid structure of aluminum and stainless steel, it delivers extreme rigidity and outstanding vibration control. Fully compatible with the ILF (International Limb Fitting) system, it offers fine adjustments for tiller, limb alignment, and draw weight\u2014allowing full customization to match your shooting style. Its modular design and optimized balance make it a top-tier choice for high-performance archery and professional competition.","og_url":"https:\/\/moitoarchery.com\/en\/product\/gillo-gt-lux-25-ilf-riser-for-olympic-recurve-bows\/","og_site_name":"MoitoArchery","article_publisher":"https:\/\/www.facebook.com\/arqueriaOnline\/","article_modified_time":"2025-11-12T09:03:47+00:00","og_image":[{"width":800,"height":800,"url":"https:\/\/moitoarchery.com\/wp-content\/uploads\/2025\/06\/A088666_1.jpg","type":"image\/jpeg"}],"twitter_card":"summary_large_image","twitter_misc":{"Est. reading time":"2 minutes"},"schema":{"@context":"https:\/\/schema.org","@graph":[{"@type":"WebPage","@id":"https:\/\/moitoarchery.com\/en\/product\/gillo-gt-lux-25-ilf-riser-for-olympic-recurve-bows\/","url":"https:\/\/moitoarchery.com\/en\/product\/gillo-gt-lux-25-ilf-riser-for-olympic-recurve-bows\/","name":"Gillo GT LUX 25\u201d ILF Riser for Olympic Recurve Bows - MoitoArchery","isPartOf":{"@id":"https:\/\/moitoarchery.com\/en\/#website"},"primaryImageOfPage":{"@id":"https:\/\/moitoarchery.com\/en\/product\/gillo-gt-lux-25-ilf-riser-for-olympic-recurve-bows\/#primaryimage"},"image":{"@id":"https:\/\/moitoarchery.com\/en\/product\/gillo-gt-lux-25-ilf-riser-for-olympic-recurve-bows\/#primaryimage"},"thumbnailUrl":"https:\/\/moitoarchery.com\/wp-content\/uploads\/2025\/06\/A088666_1.jpg","datePublished":"2025-06-10T09:12:08+00:00","dateModified":"2025-11-12T09:03:47+00:00","description":"The Gillo GT LUX 25\u201d ILF is a premium Olympic recurve riser crafted for archers who demand pinpoint precision and superior stability. Built with a hybrid structure of aluminum and stainless steel, it delivers extreme rigidity and outstanding vibration control. Fully compatible with the ILF (International Limb Fitting) system, it offers fine adjustments for tiller, limb alignment, and draw weight\u2014allowing full customization to match your shooting style. Its modular design and optimized balance make it a top-tier choice for high-performance archery and professional competition.","breadcrumb":{"@id":"https:\/\/moitoarchery.com\/en\/product\/gillo-gt-lux-25-ilf-riser-for-olympic-recurve-bows\/#breadcrumb"},"inLanguage":"en-US","potentialAction":[{"@type":"ReadAction","target":["https:\/\/moitoarchery.com\/en\/product\/gillo-gt-lux-25-ilf-riser-for-olympic-recurve-bows\/"]}]},{"@type":"ImageObject","inLanguage":"en-US","@id":"https:\/\/moitoarchery.com\/en\/product\/gillo-gt-lux-25-ilf-riser-for-olympic-recurve-bows\/#primaryimage","url":"https:\/\/moitoarchery.com\/wp-content\/uploads\/2025\/06\/A088666_1.jpg","contentUrl":"https:\/\/moitoarchery.com\/wp-content\/uploads\/2025\/06\/A088666_1.jpg","width":800,"height":800},{"@type":"BreadcrumbList","@id":"https:\/\/moitoarchery.com\/en\/product\/gillo-gt-lux-25-ilf-riser-for-olympic-recurve-bows\/#breadcrumb","itemListElement":[{"@type":"ListItem","position":1,"name":"Portada","item":"https:\/\/moitoarchery.com\/en\/"},{"@type":"ListItem","position":2,"name":"Shop","item":"https:\/\/moitoarchery.com\/en\/shop\/"},{"@type":"ListItem","position":3,"name":"Gillo GT LUX 25\u201d ILF Riser for Olympic Recurve Bows"}]},{"@type":"WebSite","@id":"https:\/\/moitoarchery.com\/en\/#website","url":"https:\/\/moitoarchery.com\/en\/","name":"MoitoArchery","description":"Tienda de Tiro con arco","publisher":{"@id":"https:\/\/moitoarchery.com\/en\/#organization"},"potentialAction":[{"@type":"SearchAction","target":{"@type":"EntryPoint","urlTemplate":"https:\/\/moitoarchery.com\/en\/?s={search_term_string}"},"query-input":{"@type":"PropertyValueSpecification","valueRequired":true,"valueName":"search_term_string"}}],"inLanguage":"en-US"},{"@type":"Organization","@id":"https:\/\/moitoarchery.com\/en\/#organization","name":"MoitoArchery","url":"https:\/\/moitoarchery.com\/en\/","logo":{"@type":"ImageObject","inLanguage":"en-US","@id":"https:\/\/moitoarchery.com\/en\/#\/schema\/logo\/image\/","url":"https:\/\/moitoarchery.com\/wp-content\/uploads\/2020\/09\/logotipo-moitoarchery.png","contentUrl":"https:\/\/moitoarchery.com\/wp-content\/uploads\/2020\/09\/logotipo-moitoarchery.png","width":300,"height":66,"caption":"MoitoArchery"},"image":{"@id":"https:\/\/moitoarchery.com\/en\/#\/schema\/logo\/image\/"},"sameAs":["https:\/\/www.facebook.com\/arqueriaOnline\/","https:\/\/www.instagram.com\/moitoarchery\/","https:\/\/www.youtube.com\/channel\/UCvmj39gVUIKVoJJ6vQC9GPA\/"]}]}},"_links":{"self":[{"href":"https:\/\/moitoarchery.com\/en\/wp-json\/wp\/v2\/product\/76483","targetHints":{"allow":["GET"]}}],"collection":[{"href":"https:\/\/moitoarchery.com\/en\/wp-json\/wp\/v2\/product"}],"about":[{"href":"https:\/\/moitoarchery.com\/en\/wp-json\/wp\/v2\/types\/product"}],"replies":[{"embeddable":true,"href":"https:\/\/moitoarchery.com\/en\/wp-json\/wp\/v2\/comments?post=76483"}],"version-history":[{"count":0,"href":"https:\/\/moitoarchery.com\/en\/wp-json\/wp\/v2\/product\/76483\/revisions"}],"wp:featuredmedia":[{"embeddable":true,"href":"https:\/\/moitoarchery.com\/en\/wp-json\/wp\/v2\/media\/75096"}],"wp:attachment":[{"href":"https:\/\/moitoarchery.com\/en\/wp-json\/wp\/v2\/media?parent=76483"}],"wp:term":[{"taxonomy":"product_brand","embeddable":true,"href":"https:\/\/moitoarchery.com\/en\/wp-json\/wp\/v2\/product_brand?post=76483"},{"taxonomy":"product_cat","embeddable":true,"href":"https:\/\/moitoarchery.com\/en\/wp-json\/wp\/v2\/product_cat?post=76483"},{"taxonomy":"product_tag","embeddable":true,"href":"https:\/\/moitoarchery.com\/en\/wp-json\/wp\/v2\/product_tag?post=76483"}],"curies":[{"name":"wp","href":"https:\/\/api.w.org\/{rel}","templated":true}]}}