{"id":53306,"date":"2025-05-28T13:14:21","date_gmt":"2025-05-28T11:14:21","guid":{"rendered":"https:\/\/moitoarchery.com\/?post_type=product&#038;p=53306"},"modified":"2026-04-16T11:20:29","modified_gmt":"2026-04-16T09:20:29","slug":"kit-arco-olimpico-supreme-velora","status":"publish","type":"product","link":"https:\/\/moitoarchery.com\/en\/product\/kit-arco-olimpico-supreme-velora\/","title":{"rendered":"Kit Arco Ol\u00edmpico Supreme Velora"},"content":{"rendered":"<p>El kit arco ol\u00edmpico Supreme Velora con todo el equipamiento incluye:<\/p>\n<ul>\n<li>Cuerpo Shocq ILF Supreme 25\u201d RH\/LH para arco ol\u00edmpico<\/li>\n<li>Palas Core ILF Velora Fiber Bamboo para arco recurvo ol\u00edmpico<\/li>\n<li>Cuerda Avalon Dynagen 14 hilos para arco recurvo<\/li>\n<li>Nock<\/li>\n<li>Reposaflechas RF-RF WNS magn\u00e9tico ajustable para arco recurvo<\/li>\n<li>Bot\u00f3n de Presi\u00f3n Avalon Tyro para arco recurvo<\/li>\n<li>Soporte Avalon Basic para arco recurvo<\/li>\n<li>Mochila Avalon Tyro Plus para arco recurvo desmontable<\/li>\n<li>Carcaj Avalon Tyro 2.0 con tres tubos de cintura y bolsillo lateral<\/li>\n<li>Visor Avalon Tyro Composite<\/li>\n<li>Dactilera Avalon Tyro RH\/LH<\/li>\n<li>Protector de Brazo Buck Trail de 20cm sint\u00e9tico<\/li>\n<li>Flecha completa Avalon Hybrid 4.2 (6 uds)<\/li>\n<li>Armador de arco Avalon para arcos recurvos<\/li>\n<\/ul>\n","protected":false},"excerpt":{"rendered":"<p>El kit arco ol\u00edmpico Supreme Velora con todo el equipamiento incluye:<\/p>\n<ul>\n<li>Cuerpo Shocq ILF Supreme 25\u201d RH\/LH para arco ol\u00edmpico<\/li>\n<li>Palas Core ILF Velora Fiber Bamboo para arco recurvo ol\u00edmpico<\/li>\n<li>Cuerda Avalon Dynagen 14 hilos para arco recurvo<\/li>\n<li>Nock<\/li>\n<li>Reposaflechas RF-RF WNS magn\u00e9tico ajustable para arco recurvo<\/li>\n<li>Bot\u00f3n de Presi\u00f3n Avalon Tyro para arco recurvo (<span style=\"color: #0000ff;\"><a style=\"color: #0000ff;\" href=\"https:\/\/moitoarchery.com\/producto\/boton-de-presion-avalon-tyro\/\">Color a elegir<\/a><\/span>)<\/li>\n<li>Soporte Avalon Basic para arco recurvo<\/li>\n<li>Mochila Avalon Tyro Plus para arco recurvo desmontable (<span style=\"color: #0000ff;\"><a style=\"color: #0000ff;\" href=\"https:\/\/moitoarchery.com\/producto\/bolsa-de-transporte-avalon-tyro-plus-para-arco-recurvo-desmontable\/\">Color a elegir<\/a><\/span>)<\/li>\n<li>Carcaj Avalon Tyro 2.0 con tres tubos de cintura y bolsillo lateral<\/li>\n<li>Visor Avalon Tyro Composite<\/li>\n<li>Dactilera Avalon Tyro RH\/LH<\/li>\n<li>Protector de Brazo Buck Trail de 20cm sint\u00e9tico<\/li>\n<li>Flecha completa Avalon Hybrid 4.2 (6 uds)<\/li>\n<li>Armador de arco Avalon para arcos recurvos<\/li>\n<\/ul>\n","protected":false},"featured_media":53393,"comment_status":"open","ping_status":"closed","template":"","meta":{"_acf_changed":false},"product_brand":[4054],"product_cat":[469],"product_tag":[190],"class_list":{"0":"post-53306","1":"product","2":"type-product","3":"status-publish","4":"has-post-thumbnail","6":"product_brand-varios","7":"product_cat-kits-de-arco-olimpico","8":"product_tag-arcos-olimpicos","9":"product_shipping_class-envio-pe-2090e-ba-3890e","11":"first","12":"onbackorder","13":"sale","14":"taxable","15":"shipping-taxable","16":"purchasable","17":"product-type-easy_product_bundle"},"acf":[],"yoast_head":"<!-- This site is optimized with the Yoast SEO plugin v27.3 - https:\/\/yoast.com\/product\/yoast-seo-wordpress\/ -->\n<title>Kit Arco Ol\u00edmpico Supreme Velora - MoitoArchery<\/title>\n<meta name=\"robots\" content=\"index, follow, max-snippet:-1, max-image-preview:large, max-video-preview:-1\" \/>\n<link rel=\"canonical\" href=\"https:\/\/moitoarchery.com\/en\/product\/kit-arco-olimpico-supreme-velora\/\" \/>\n<meta property=\"og:locale\" content=\"en_US\" \/>\n<meta property=\"og:type\" content=\"article\" \/>\n<meta property=\"og:title\" content=\"Kit Arco Ol\u00edmpico Supreme Velora - MoitoArchery\" \/>\n<meta property=\"og:description\" content=\"El kit arco ol\u00edmpico Supreme Velora con todo el equipamiento incluye:   Cuerpo Shocq ILF Supreme 25\u201d RH\/LH para arco ol\u00edmpico  Palas Core ILF Velora Fiber Bamboo para arco recurvo ol\u00edmpico  Cuerda Avalon Dynagen 14 hilos para arco recurvo  Nock  Reposaflechas RF-RF WNS magn\u00e9tico ajustable para arco recurvo  Bot\u00f3n de Presi\u00f3n Avalon Tyro para arco recurvo (Color a elegir)  Soporte Avalon Basic para arco recurvo  Mochila Avalon Tyro Plus para arco recurvo desmontable (Color a elegir)  Carcaj Avalon Tyro 2.0 con tres tubos de cintura y bolsillo lateral  Visor Avalon Tyro Composite  Dactilera Avalon Tyro RH\/LH  Protector de Brazo Buck Trail de 20cm sint\u00e9tico  Flecha completa Avalon Hybrid 4.2 (6 uds)  Armador de arco Avalon para arcos recurvos\" \/>\n<meta property=\"og:url\" content=\"https:\/\/moitoarchery.com\/en\/product\/kit-arco-olimpico-supreme-velora\/\" \/>\n<meta property=\"og:site_name\" content=\"MoitoArchery\" \/>\n<meta property=\"article:publisher\" content=\"https:\/\/www.facebook.com\/arqueriaOnline\/\" \/>\n<meta property=\"article:modified_time\" content=\"2026-04-16T09:20:29+00:00\" \/>\n<meta property=\"og:image\" content=\"https:\/\/moitoarchery.com\/wp-content\/uploads\/2025\/05\/kit-supreme-velora.jpg\" \/>\n\t<meta property=\"og:image:width\" content=\"800\" \/>\n\t<meta property=\"og:image:height\" content=\"800\" \/>\n\t<meta property=\"og:image:type\" content=\"image\/jpeg\" \/>\n<meta name=\"twitter:card\" content=\"summary_large_image\" \/>\n<meta name=\"twitter:label1\" content=\"Est. reading time\" \/>\n\t<meta name=\"twitter:data1\" content=\"2 minutes\" \/>\n<script type=\"application\/ld+json\" class=\"yoast-schema-graph\">{\"@context\":\"https:\\\/\\\/schema.org\",\"@graph\":[{\"@type\":\"WebPage\",\"@id\":\"https:\\\/\\\/moitoarchery.com\\\/en\\\/product\\\/kit-arco-olimpico-supreme-velora\\\/\",\"url\":\"https:\\\/\\\/moitoarchery.com\\\/en\\\/product\\\/kit-arco-olimpico-supreme-velora\\\/\",\"name\":\"Kit Arco Ol\u00edmpico Supreme Velora - MoitoArchery\",\"isPartOf\":{\"@id\":\"https:\\\/\\\/moitoarchery.com\\\/en\\\/#website\"},\"primaryImageOfPage\":{\"@id\":\"https:\\\/\\\/moitoarchery.com\\\/en\\\/product\\\/kit-arco-olimpico-supreme-velora\\\/#primaryimage\"},\"image\":{\"@id\":\"https:\\\/\\\/moitoarchery.com\\\/en\\\/product\\\/kit-arco-olimpico-supreme-velora\\\/#primaryimage\"},\"thumbnailUrl\":\"https:\\\/\\\/moitoarchery.com\\\/wp-content\\\/uploads\\\/2025\\\/05\\\/kit-supreme-velora.jpg\",\"datePublished\":\"2025-05-28T11:14:21+00:00\",\"dateModified\":\"2026-04-16T09:20:29+00:00\",\"breadcrumb\":{\"@id\":\"https:\\\/\\\/moitoarchery.com\\\/en\\\/product\\\/kit-arco-olimpico-supreme-velora\\\/#breadcrumb\"},\"inLanguage\":\"en-US\",\"potentialAction\":[{\"@type\":\"ReadAction\",\"target\":[\"https:\\\/\\\/moitoarchery.com\\\/en\\\/product\\\/kit-arco-olimpico-supreme-velora\\\/\"]}]},{\"@type\":\"ImageObject\",\"inLanguage\":\"en-US\",\"@id\":\"https:\\\/\\\/moitoarchery.com\\\/en\\\/product\\\/kit-arco-olimpico-supreme-velora\\\/#primaryimage\",\"url\":\"https:\\\/\\\/moitoarchery.com\\\/wp-content\\\/uploads\\\/2025\\\/05\\\/kit-supreme-velora.jpg\",\"contentUrl\":\"https:\\\/\\\/moitoarchery.com\\\/wp-content\\\/uploads\\\/2025\\\/05\\\/kit-supreme-velora.jpg\",\"width\":800,\"height\":800,\"caption\":\"Kit supreme velora\"},{\"@type\":\"BreadcrumbList\",\"@id\":\"https:\\\/\\\/moitoarchery.com\\\/en\\\/product\\\/kit-arco-olimpico-supreme-velora\\\/#breadcrumb\",\"itemListElement\":[{\"@type\":\"ListItem\",\"position\":1,\"name\":\"Portada\",\"item\":\"https:\\\/\\\/moitoarchery.com\\\/en\\\/\"},{\"@type\":\"ListItem\",\"position\":2,\"name\":\"Shop\",\"item\":\"https:\\\/\\\/moitoarchery.com\\\/en\\\/shop\\\/\"},{\"@type\":\"ListItem\",\"position\":3,\"name\":\"Kit Arco Ol\u00edmpico Supreme Velora\"}]},{\"@type\":\"WebSite\",\"@id\":\"https:\\\/\\\/moitoarchery.com\\\/en\\\/#website\",\"url\":\"https:\\\/\\\/moitoarchery.com\\\/en\\\/\",\"name\":\"MoitoArchery\",\"description\":\"Tienda de Tiro con arco\",\"publisher\":{\"@id\":\"https:\\\/\\\/moitoarchery.com\\\/en\\\/#organization\"},\"potentialAction\":[{\"@type\":\"SearchAction\",\"target\":{\"@type\":\"EntryPoint\",\"urlTemplate\":\"https:\\\/\\\/moitoarchery.com\\\/en\\\/?s={search_term_string}\"},\"query-input\":{\"@type\":\"PropertyValueSpecification\",\"valueRequired\":true,\"valueName\":\"search_term_string\"}}],\"inLanguage\":\"en-US\"},{\"@type\":\"Organization\",\"@id\":\"https:\\\/\\\/moitoarchery.com\\\/en\\\/#organization\",\"name\":\"MoitoArchery\",\"url\":\"https:\\\/\\\/moitoarchery.com\\\/en\\\/\",\"logo\":{\"@type\":\"ImageObject\",\"inLanguage\":\"en-US\",\"@id\":\"https:\\\/\\\/moitoarchery.com\\\/en\\\/#\\\/schema\\\/logo\\\/image\\\/\",\"url\":\"https:\\\/\\\/moitoarchery.com\\\/wp-content\\\/uploads\\\/2020\\\/09\\\/logotipo-moitoarchery.png\",\"contentUrl\":\"https:\\\/\\\/moitoarchery.com\\\/wp-content\\\/uploads\\\/2020\\\/09\\\/logotipo-moitoarchery.png\",\"width\":300,\"height\":66,\"caption\":\"MoitoArchery\"},\"image\":{\"@id\":\"https:\\\/\\\/moitoarchery.com\\\/en\\\/#\\\/schema\\\/logo\\\/image\\\/\"},\"sameAs\":[\"https:\\\/\\\/www.facebook.com\\\/arqueriaOnline\\\/\",\"https:\\\/\\\/www.instagram.com\\\/moitoarchery\\\/\",\"https:\\\/\\\/www.youtube.com\\\/channel\\\/UCvmj39gVUIKVoJJ6vQC9GPA\\\/\"]}]}<\/script>\n<!-- \/ Yoast SEO plugin. -->","yoast_head_json":{"title":"Kit Arco Ol\u00edmpico Supreme Velora - MoitoArchery","robots":{"index":"index","follow":"follow","max-snippet":"max-snippet:-1","max-image-preview":"max-image-preview:large","max-video-preview":"max-video-preview:-1"},"canonical":"https:\/\/moitoarchery.com\/en\/product\/kit-arco-olimpico-supreme-velora\/","og_locale":"en_US","og_type":"article","og_title":"Kit Arco Ol\u00edmpico Supreme Velora - MoitoArchery","og_description":"El kit arco ol\u00edmpico Supreme Velora con todo el equipamiento incluye:   Cuerpo Shocq ILF Supreme 25\u201d RH\/LH para arco ol\u00edmpico  Palas Core ILF Velora Fiber Bamboo para arco recurvo ol\u00edmpico  Cuerda Avalon Dynagen 14 hilos para arco recurvo  Nock  Reposaflechas RF-RF WNS magn\u00e9tico ajustable para arco recurvo  Bot\u00f3n de Presi\u00f3n Avalon Tyro para arco recurvo (Color a elegir)  Soporte Avalon Basic para arco recurvo  Mochila Avalon Tyro Plus para arco recurvo desmontable (Color a elegir)  Carcaj Avalon Tyro 2.0 con tres tubos de cintura y bolsillo lateral  Visor Avalon Tyro Composite  Dactilera Avalon Tyro RH\/LH  Protector de Brazo Buck Trail de 20cm sint\u00e9tico  Flecha completa Avalon Hybrid 4.2 (6 uds)  Armador de arco Avalon para arcos recurvos","og_url":"https:\/\/moitoarchery.com\/en\/product\/kit-arco-olimpico-supreme-velora\/","og_site_name":"MoitoArchery","article_publisher":"https:\/\/www.facebook.com\/arqueriaOnline\/","article_modified_time":"2026-04-16T09:20:29+00:00","og_image":[{"width":800,"height":800,"url":"https:\/\/moitoarchery.com\/wp-content\/uploads\/2025\/05\/kit-supreme-velora.jpg","type":"image\/jpeg"}],"twitter_card":"summary_large_image","twitter_misc":{"Est. reading time":"2 minutes"},"schema":{"@context":"https:\/\/schema.org","@graph":[{"@type":"WebPage","@id":"https:\/\/moitoarchery.com\/en\/product\/kit-arco-olimpico-supreme-velora\/","url":"https:\/\/moitoarchery.com\/en\/product\/kit-arco-olimpico-supreme-velora\/","name":"Kit Arco Ol\u00edmpico Supreme Velora - MoitoArchery","isPartOf":{"@id":"https:\/\/moitoarchery.com\/en\/#website"},"primaryImageOfPage":{"@id":"https:\/\/moitoarchery.com\/en\/product\/kit-arco-olimpico-supreme-velora\/#primaryimage"},"image":{"@id":"https:\/\/moitoarchery.com\/en\/product\/kit-arco-olimpico-supreme-velora\/#primaryimage"},"thumbnailUrl":"https:\/\/moitoarchery.com\/wp-content\/uploads\/2025\/05\/kit-supreme-velora.jpg","datePublished":"2025-05-28T11:14:21+00:00","dateModified":"2026-04-16T09:20:29+00:00","breadcrumb":{"@id":"https:\/\/moitoarchery.com\/en\/product\/kit-arco-olimpico-supreme-velora\/#breadcrumb"},"inLanguage":"en-US","potentialAction":[{"@type":"ReadAction","target":["https:\/\/moitoarchery.com\/en\/product\/kit-arco-olimpico-supreme-velora\/"]}]},{"@type":"ImageObject","inLanguage":"en-US","@id":"https:\/\/moitoarchery.com\/en\/product\/kit-arco-olimpico-supreme-velora\/#primaryimage","url":"https:\/\/moitoarchery.com\/wp-content\/uploads\/2025\/05\/kit-supreme-velora.jpg","contentUrl":"https:\/\/moitoarchery.com\/wp-content\/uploads\/2025\/05\/kit-supreme-velora.jpg","width":800,"height":800,"caption":"Kit supreme velora"},{"@type":"BreadcrumbList","@id":"https:\/\/moitoarchery.com\/en\/product\/kit-arco-olimpico-supreme-velora\/#breadcrumb","itemListElement":[{"@type":"ListItem","position":1,"name":"Portada","item":"https:\/\/moitoarchery.com\/en\/"},{"@type":"ListItem","position":2,"name":"Shop","item":"https:\/\/moitoarchery.com\/en\/shop\/"},{"@type":"ListItem","position":3,"name":"Kit Arco Ol\u00edmpico Supreme Velora"}]},{"@type":"WebSite","@id":"https:\/\/moitoarchery.com\/en\/#website","url":"https:\/\/moitoarchery.com\/en\/","name":"MoitoArchery","description":"Tienda de Tiro con arco","publisher":{"@id":"https:\/\/moitoarchery.com\/en\/#organization"},"potentialAction":[{"@type":"SearchAction","target":{"@type":"EntryPoint","urlTemplate":"https:\/\/moitoarchery.com\/en\/?s={search_term_string}"},"query-input":{"@type":"PropertyValueSpecification","valueRequired":true,"valueName":"search_term_string"}}],"inLanguage":"en-US"},{"@type":"Organization","@id":"https:\/\/moitoarchery.com\/en\/#organization","name":"MoitoArchery","url":"https:\/\/moitoarchery.com\/en\/","logo":{"@type":"ImageObject","inLanguage":"en-US","@id":"https:\/\/moitoarchery.com\/en\/#\/schema\/logo\/image\/","url":"https:\/\/moitoarchery.com\/wp-content\/uploads\/2020\/09\/logotipo-moitoarchery.png","contentUrl":"https:\/\/moitoarchery.com\/wp-content\/uploads\/2020\/09\/logotipo-moitoarchery.png","width":300,"height":66,"caption":"MoitoArchery"},"image":{"@id":"https:\/\/moitoarchery.com\/en\/#\/schema\/logo\/image\/"},"sameAs":["https:\/\/www.facebook.com\/arqueriaOnline\/","https:\/\/www.instagram.com\/moitoarchery\/","https:\/\/www.youtube.com\/channel\/UCvmj39gVUIKVoJJ6vQC9GPA\/"]}]}},"_links":{"self":[{"href":"https:\/\/moitoarchery.com\/en\/wp-json\/wp\/v2\/product\/53306","targetHints":{"allow":["GET"]}}],"collection":[{"href":"https:\/\/moitoarchery.com\/en\/wp-json\/wp\/v2\/product"}],"about":[{"href":"https:\/\/moitoarchery.com\/en\/wp-json\/wp\/v2\/types\/product"}],"replies":[{"embeddable":true,"href":"https:\/\/moitoarchery.com\/en\/wp-json\/wp\/v2\/comments?post=53306"}],"version-history":[{"count":2,"href":"https:\/\/moitoarchery.com\/en\/wp-json\/wp\/v2\/product\/53306\/revisions"}],"predecessor-version":[{"id":132614,"href":"https:\/\/moitoarchery.com\/en\/wp-json\/wp\/v2\/product\/53306\/revisions\/132614"}],"wp:featuredmedia":[{"embeddable":true,"href":"https:\/\/moitoarchery.com\/en\/wp-json\/wp\/v2\/media\/53393"}],"wp:attachment":[{"href":"https:\/\/moitoarchery.com\/en\/wp-json\/wp\/v2\/media?parent=53306"}],"wp:term":[{"taxonomy":"product_brand","embeddable":true,"href":"https:\/\/moitoarchery.com\/en\/wp-json\/wp\/v2\/product_brand?post=53306"},{"taxonomy":"product_cat","embeddable":true,"href":"https:\/\/moitoarchery.com\/en\/wp-json\/wp\/v2\/product_cat?post=53306"},{"taxonomy":"product_tag","embeddable":true,"href":"https:\/\/moitoarchery.com\/en\/wp-json\/wp\/v2\/product_tag?post=53306"}],"curies":[{"name":"wp","href":"https:\/\/api.w.org\/{rel}","templated":true}]}}