{"id":41900,"date":"2024-11-14T10:00:39","date_gmt":"2024-11-14T09:00:39","guid":{"rendered":"https:\/\/moitoarchery.com\/?post_type=product&#038;p=41900"},"modified":"2026-04-16T11:19:48","modified_gmt":"2026-04-16T09:19:48","slug":"kit-de-arco-olimpico-evo-honor","status":"publish","type":"product","link":"https:\/\/moitoarchery.com\/en\/product\/kit-de-arco-olimpico-evo-honor\/","title":{"rendered":"Kit de Arco Ol\u00edmpico Evo &amp; Honor"},"content":{"rendered":"<p>El Kit de Arco Ol\u00edmpico Evo &amp; Honor incluye:<\/p>\n<ul>\n<li>Cuerpo Kinetic Evolium 25\u2033 RH\/LH (<span style=\"color: #0000ff\"><a style=\"color: #0000ff\" href=\"https:\/\/moitoarchery.com\/producto\/cuerpo-kinetic-evolium-25-rh-lh\/\">Ver Colores)<\/a><\/span><\/li>\n<li>Palas Kinetic Honoric Carbon Foam ILF para arco recurvo<\/li>\n<li>Flecha completa Avalon Classic 4.2 32\u2033 con punta (6 uds)<\/li>\n<li>Visor Avalon Tyro Metal para arco recurvo<\/li>\n<li>Reposaflechas SF-RE WNS magn\u00e9tico para arco recurvo RH o LH (<span style=\"color: #0000ff\"><a style=\"color: #0000ff\" href=\"https:\/\/moitoarchery.com\/producto\/reposaflechas-sf-re-wns-magnetico-para-arco-recurvo\/\">Ver colores<\/a><\/span>)<\/li>\n<li>Estabilizador Completo Avalon Tyro<\/li>\n<li>Dactilera Avalon Classic Prime para tiro con arco ol\u00edmpico (<a href=\"https:\/\/moitoarchery.com\/producto\/dactilera-avalon-classic-prime\/\"><span style=\"color: #0000ff\">Ver Colores<\/span><\/a>)<\/li>\n<li>Protector de brazo Easton Deluxe Oval de policarbonato (<a href=\"https:\/\/moitoarchery.com\/producto\/protector-de-brazo-easton-deluxe-oval\/\"><span style=\"color: #0000ff\">Ver Colores<\/span><\/a>)<\/li>\n<li>Armador De Arco Avalon para arcos recurvos<\/li>\n<li>Mochila Avalon Classic con tubo para flechas (<span style=\"color: #0000ff\"><a style=\"color: #0000ff\" href=\"https:\/\/moitoarchery.com\/producto\/mochila-avalon-classic\/\">Ver Colores<\/a><\/span>)<\/li>\n<li>Dragonera KAP de nylon ajustable Winstorm<\/li>\n<li>Soporte para Arco Avalon EOLA de recurvo y ol\u00edmpico<\/li>\n<li>Cuerda NITRO BCY 8125 16 hilos (<span style=\"color: #0000ff\"><a style=\"color: #0000ff\" href=\"https:\/\/moitoarchery.com\/producto\/cuerda-nitro-bcy-8125-16-hilos\/\">Ver Colores<\/a><\/span>)<\/li>\n<li>Carcaj Avalon Classic para tiro con arco (<span style=\"color: #0000ff\"><a style=\"color: #0000ff\" href=\"https:\/\/moitoarchery.com\/producto\/carcaj-avalon-classic\/\">Ver Colores<\/a><\/span>)<\/li>\n<li>Bot\u00f3n de presi\u00f3n Avalon Tec One (<span style=\"color: #0000ff\"><a style=\"color: #0000ff\" href=\"https:\/\/moitoarchery.com\/producto\/boton-de-presion-avalon-tec-one\/\">Ver Colores<\/a><\/span>)<\/li>\n<\/ul>\n","protected":false},"excerpt":{"rendered":"<p>El Kit de Arco Ol\u00edmpico Evo &amp; Honor incluye todo lo necesario para un alto rendimiento en tiro con arco: cuerpo Kinetic Evolium 25\u2033 RH\/LH, palas Kinetic Honoric Carbon Foam ILF para arco recurvo, y 6 flechas completas Avalon Classic 4.2 de 32\u2033 con punta. Tambi\u00e9n incluye un visor Avalon Tyro Metal, reposaflechas SF-RE WNS magn\u00e9tico (RH o LH), estabilizador completo Avalon Tyro, y dactilera Avalon Classic Prime. El kit se completa con protector de brazo Easton Deluxe Oval de policarbonato, armador de arco Avalon, mochila Avalon Classic con tubo para flechas, dragonera KAP de nylon ajustable Winstorm, soporte para arco Avalon EOLA, cuerda NITRO BCY 8125 de 16 hilos , carcaj Avalon Classic y bot\u00f3n de presi\u00f3n Avalon Tec One. Un conjunto ideal para los arqueros que buscan precisi\u00f3n y calidad.<\/p>\n","protected":false},"featured_media":44372,"comment_status":"open","ping_status":"closed","template":"","meta":{"_acf_changed":false},"product_brand":[4054],"product_cat":[469,114],"product_tag":[190],"class_list":{"0":"post-41900","1":"product","2":"type-product","3":"status-publish","4":"has-post-thumbnail","6":"product_brand-varios","7":"product_cat-kits-de-arco-olimpico","8":"product_cat-kit-arco-completo","9":"product_tag-arcos-olimpicos","10":"product_shipping_class-envio-pe-2090e-ba-3890e","12":"first","13":"instock","14":"sale","15":"taxable","16":"shipping-taxable","17":"purchasable","18":"product-type-easy_product_bundle"},"acf":[],"yoast_head":"<!-- This site is optimized with the Yoast SEO plugin v27.3 - https:\/\/yoast.com\/product\/yoast-seo-wordpress\/ -->\n<title>Kit de Arco Ol\u00edmpico Evo &amp; Honor - MoitoArchery<\/title>\n<meta name=\"robots\" content=\"index, follow, max-snippet:-1, max-image-preview:large, max-video-preview:-1\" \/>\n<link rel=\"canonical\" href=\"https:\/\/moitoarchery.com\/en\/product\/kit-de-arco-olimpico-evo-honor\/\" \/>\n<meta property=\"og:locale\" content=\"en_US\" \/>\n<meta property=\"og:type\" content=\"article\" \/>\n<meta property=\"og:title\" content=\"Kit de Arco Ol\u00edmpico Evo &amp; Honor - MoitoArchery\" \/>\n<meta property=\"og:description\" content=\"El Kit de Arco Ol\u00edmpico Evo &amp; Honor incluye todo lo necesario para un alto rendimiento en tiro con arco: cuerpo Kinetic Evolium 25\u2033 RH\/LH, palas Kinetic Honoric Carbon Foam ILF para arco recurvo, y 6 flechas completas Avalon Classic 4.2 de 32\u2033 con punta. Tambi\u00e9n incluye un visor Avalon Tyro Metal, reposaflechas SF-RE WNS magn\u00e9tico (RH o LH), estabilizador completo Avalon Tyro, y dactilera Avalon Classic Prime. El kit se completa con protector de brazo Easton Deluxe Oval de policarbonato, armador de arco Avalon, mochila Avalon Classic con tubo para flechas, dragonera KAP de nylon ajustable Winstorm, soporte para arco Avalon EOLA, cuerda NITRO BCY 8125 de 16 hilos , carcaj Avalon Classic y bot\u00f3n de presi\u00f3n Avalon Tec One. Un conjunto ideal para los arqueros que buscan precisi\u00f3n y calidad.\" \/>\n<meta property=\"og:url\" content=\"https:\/\/moitoarchery.com\/en\/product\/kit-de-arco-olimpico-evo-honor\/\" \/>\n<meta property=\"og:site_name\" content=\"MoitoArchery\" \/>\n<meta property=\"article:publisher\" content=\"https:\/\/www.facebook.com\/arqueriaOnline\/\" \/>\n<meta property=\"article:modified_time\" content=\"2026-04-16T09:19:48+00:00\" \/>\n<meta property=\"og:image\" content=\"https:\/\/moitoarchery.com\/wp-content\/uploads\/2024\/11\/kit-evo-y-honor-1.jpg\" \/>\n\t<meta property=\"og:image:width\" content=\"800\" \/>\n\t<meta property=\"og:image:height\" content=\"800\" \/>\n\t<meta property=\"og:image:type\" content=\"image\/jpeg\" \/>\n<meta name=\"twitter:card\" content=\"summary_large_image\" \/>\n<meta name=\"twitter:label1\" content=\"Est. reading time\" \/>\n\t<meta name=\"twitter:data1\" content=\"1 minute\" \/>\n<script type=\"application\/ld+json\" class=\"yoast-schema-graph\">{\"@context\":\"https:\\\/\\\/schema.org\",\"@graph\":[{\"@type\":\"WebPage\",\"@id\":\"https:\\\/\\\/moitoarchery.com\\\/en\\\/product\\\/kit-de-arco-olimpico-evo-honor\\\/\",\"url\":\"https:\\\/\\\/moitoarchery.com\\\/en\\\/product\\\/kit-de-arco-olimpico-evo-honor\\\/\",\"name\":\"Kit de Arco Ol\u00edmpico Evo &amp; Honor - MoitoArchery\",\"isPartOf\":{\"@id\":\"https:\\\/\\\/moitoarchery.com\\\/en\\\/#website\"},\"primaryImageOfPage\":{\"@id\":\"https:\\\/\\\/moitoarchery.com\\\/en\\\/product\\\/kit-de-arco-olimpico-evo-honor\\\/#primaryimage\"},\"image\":{\"@id\":\"https:\\\/\\\/moitoarchery.com\\\/en\\\/product\\\/kit-de-arco-olimpico-evo-honor\\\/#primaryimage\"},\"thumbnailUrl\":\"https:\\\/\\\/moitoarchery.com\\\/wp-content\\\/uploads\\\/2024\\\/11\\\/kit-evo-y-honor-1.jpg\",\"datePublished\":\"2024-11-14T09:00:39+00:00\",\"dateModified\":\"2026-04-16T09:19:48+00:00\",\"breadcrumb\":{\"@id\":\"https:\\\/\\\/moitoarchery.com\\\/en\\\/product\\\/kit-de-arco-olimpico-evo-honor\\\/#breadcrumb\"},\"inLanguage\":\"en-US\",\"potentialAction\":[{\"@type\":\"ReadAction\",\"target\":[\"https:\\\/\\\/moitoarchery.com\\\/en\\\/product\\\/kit-de-arco-olimpico-evo-honor\\\/\"]}]},{\"@type\":\"ImageObject\",\"inLanguage\":\"en-US\",\"@id\":\"https:\\\/\\\/moitoarchery.com\\\/en\\\/product\\\/kit-de-arco-olimpico-evo-honor\\\/#primaryimage\",\"url\":\"https:\\\/\\\/moitoarchery.com\\\/wp-content\\\/uploads\\\/2024\\\/11\\\/kit-evo-y-honor-1.jpg\",\"contentUrl\":\"https:\\\/\\\/moitoarchery.com\\\/wp-content\\\/uploads\\\/2024\\\/11\\\/kit-evo-y-honor-1.jpg\",\"width\":800,\"height\":800,\"caption\":\"Evo & Honor Olympic Bow Kit\"},{\"@type\":\"BreadcrumbList\",\"@id\":\"https:\\\/\\\/moitoarchery.com\\\/en\\\/product\\\/kit-de-arco-olimpico-evo-honor\\\/#breadcrumb\",\"itemListElement\":[{\"@type\":\"ListItem\",\"position\":1,\"name\":\"Portada\",\"item\":\"https:\\\/\\\/moitoarchery.com\\\/en\\\/\"},{\"@type\":\"ListItem\",\"position\":2,\"name\":\"Shop\",\"item\":\"https:\\\/\\\/moitoarchery.com\\\/en\\\/shop\\\/\"},{\"@type\":\"ListItem\",\"position\":3,\"name\":\"Kit de Arco Ol\u00edmpico Evo &amp; Honor\"}]},{\"@type\":\"WebSite\",\"@id\":\"https:\\\/\\\/moitoarchery.com\\\/en\\\/#website\",\"url\":\"https:\\\/\\\/moitoarchery.com\\\/en\\\/\",\"name\":\"MoitoArchery\",\"description\":\"Tienda de Tiro con arco\",\"publisher\":{\"@id\":\"https:\\\/\\\/moitoarchery.com\\\/en\\\/#organization\"},\"potentialAction\":[{\"@type\":\"SearchAction\",\"target\":{\"@type\":\"EntryPoint\",\"urlTemplate\":\"https:\\\/\\\/moitoarchery.com\\\/en\\\/?s={search_term_string}\"},\"query-input\":{\"@type\":\"PropertyValueSpecification\",\"valueRequired\":true,\"valueName\":\"search_term_string\"}}],\"inLanguage\":\"en-US\"},{\"@type\":\"Organization\",\"@id\":\"https:\\\/\\\/moitoarchery.com\\\/en\\\/#organization\",\"name\":\"MoitoArchery\",\"url\":\"https:\\\/\\\/moitoarchery.com\\\/en\\\/\",\"logo\":{\"@type\":\"ImageObject\",\"inLanguage\":\"en-US\",\"@id\":\"https:\\\/\\\/moitoarchery.com\\\/en\\\/#\\\/schema\\\/logo\\\/image\\\/\",\"url\":\"https:\\\/\\\/moitoarchery.com\\\/wp-content\\\/uploads\\\/2020\\\/09\\\/logotipo-moitoarchery.png\",\"contentUrl\":\"https:\\\/\\\/moitoarchery.com\\\/wp-content\\\/uploads\\\/2020\\\/09\\\/logotipo-moitoarchery.png\",\"width\":300,\"height\":66,\"caption\":\"MoitoArchery\"},\"image\":{\"@id\":\"https:\\\/\\\/moitoarchery.com\\\/en\\\/#\\\/schema\\\/logo\\\/image\\\/\"},\"sameAs\":[\"https:\\\/\\\/www.facebook.com\\\/arqueriaOnline\\\/\",\"https:\\\/\\\/www.instagram.com\\\/moitoarchery\\\/\",\"https:\\\/\\\/www.youtube.com\\\/channel\\\/UCvmj39gVUIKVoJJ6vQC9GPA\\\/\"]}]}<\/script>\n<!-- \/ Yoast SEO plugin. -->","yoast_head_json":{"title":"Kit de Arco Ol\u00edmpico Evo &amp; Honor - MoitoArchery","robots":{"index":"index","follow":"follow","max-snippet":"max-snippet:-1","max-image-preview":"max-image-preview:large","max-video-preview":"max-video-preview:-1"},"canonical":"https:\/\/moitoarchery.com\/en\/product\/kit-de-arco-olimpico-evo-honor\/","og_locale":"en_US","og_type":"article","og_title":"Kit de Arco Ol\u00edmpico Evo &amp; Honor - MoitoArchery","og_description":"El Kit de Arco Ol\u00edmpico Evo &amp; Honor incluye todo lo necesario para un alto rendimiento en tiro con arco: cuerpo Kinetic Evolium 25\u2033 RH\/LH, palas Kinetic Honoric Carbon Foam ILF para arco recurvo, y 6 flechas completas Avalon Classic 4.2 de 32\u2033 con punta. Tambi\u00e9n incluye un visor Avalon Tyro Metal, reposaflechas SF-RE WNS magn\u00e9tico (RH o LH), estabilizador completo Avalon Tyro, y dactilera Avalon Classic Prime. El kit se completa con protector de brazo Easton Deluxe Oval de policarbonato, armador de arco Avalon, mochila Avalon Classic con tubo para flechas, dragonera KAP de nylon ajustable Winstorm, soporte para arco Avalon EOLA, cuerda NITRO BCY 8125 de 16 hilos , carcaj Avalon Classic y bot\u00f3n de presi\u00f3n Avalon Tec One. Un conjunto ideal para los arqueros que buscan precisi\u00f3n y calidad.","og_url":"https:\/\/moitoarchery.com\/en\/product\/kit-de-arco-olimpico-evo-honor\/","og_site_name":"MoitoArchery","article_publisher":"https:\/\/www.facebook.com\/arqueriaOnline\/","article_modified_time":"2026-04-16T09:19:48+00:00","og_image":[{"width":800,"height":800,"url":"https:\/\/moitoarchery.com\/wp-content\/uploads\/2024\/11\/kit-evo-y-honor-1.jpg","type":"image\/jpeg"}],"twitter_card":"summary_large_image","twitter_misc":{"Est. reading time":"1 minute"},"schema":{"@context":"https:\/\/schema.org","@graph":[{"@type":"WebPage","@id":"https:\/\/moitoarchery.com\/en\/product\/kit-de-arco-olimpico-evo-honor\/","url":"https:\/\/moitoarchery.com\/en\/product\/kit-de-arco-olimpico-evo-honor\/","name":"Kit de Arco Ol\u00edmpico Evo &amp; Honor - MoitoArchery","isPartOf":{"@id":"https:\/\/moitoarchery.com\/en\/#website"},"primaryImageOfPage":{"@id":"https:\/\/moitoarchery.com\/en\/product\/kit-de-arco-olimpico-evo-honor\/#primaryimage"},"image":{"@id":"https:\/\/moitoarchery.com\/en\/product\/kit-de-arco-olimpico-evo-honor\/#primaryimage"},"thumbnailUrl":"https:\/\/moitoarchery.com\/wp-content\/uploads\/2024\/11\/kit-evo-y-honor-1.jpg","datePublished":"2024-11-14T09:00:39+00:00","dateModified":"2026-04-16T09:19:48+00:00","breadcrumb":{"@id":"https:\/\/moitoarchery.com\/en\/product\/kit-de-arco-olimpico-evo-honor\/#breadcrumb"},"inLanguage":"en-US","potentialAction":[{"@type":"ReadAction","target":["https:\/\/moitoarchery.com\/en\/product\/kit-de-arco-olimpico-evo-honor\/"]}]},{"@type":"ImageObject","inLanguage":"en-US","@id":"https:\/\/moitoarchery.com\/en\/product\/kit-de-arco-olimpico-evo-honor\/#primaryimage","url":"https:\/\/moitoarchery.com\/wp-content\/uploads\/2024\/11\/kit-evo-y-honor-1.jpg","contentUrl":"https:\/\/moitoarchery.com\/wp-content\/uploads\/2024\/11\/kit-evo-y-honor-1.jpg","width":800,"height":800,"caption":"Evo & Honor Olympic Bow Kit"},{"@type":"BreadcrumbList","@id":"https:\/\/moitoarchery.com\/en\/product\/kit-de-arco-olimpico-evo-honor\/#breadcrumb","itemListElement":[{"@type":"ListItem","position":1,"name":"Portada","item":"https:\/\/moitoarchery.com\/en\/"},{"@type":"ListItem","position":2,"name":"Shop","item":"https:\/\/moitoarchery.com\/en\/shop\/"},{"@type":"ListItem","position":3,"name":"Kit de Arco Ol\u00edmpico Evo &amp; Honor"}]},{"@type":"WebSite","@id":"https:\/\/moitoarchery.com\/en\/#website","url":"https:\/\/moitoarchery.com\/en\/","name":"MoitoArchery","description":"Tienda de Tiro con arco","publisher":{"@id":"https:\/\/moitoarchery.com\/en\/#organization"},"potentialAction":[{"@type":"SearchAction","target":{"@type":"EntryPoint","urlTemplate":"https:\/\/moitoarchery.com\/en\/?s={search_term_string}"},"query-input":{"@type":"PropertyValueSpecification","valueRequired":true,"valueName":"search_term_string"}}],"inLanguage":"en-US"},{"@type":"Organization","@id":"https:\/\/moitoarchery.com\/en\/#organization","name":"MoitoArchery","url":"https:\/\/moitoarchery.com\/en\/","logo":{"@type":"ImageObject","inLanguage":"en-US","@id":"https:\/\/moitoarchery.com\/en\/#\/schema\/logo\/image\/","url":"https:\/\/moitoarchery.com\/wp-content\/uploads\/2020\/09\/logotipo-moitoarchery.png","contentUrl":"https:\/\/moitoarchery.com\/wp-content\/uploads\/2020\/09\/logotipo-moitoarchery.png","width":300,"height":66,"caption":"MoitoArchery"},"image":{"@id":"https:\/\/moitoarchery.com\/en\/#\/schema\/logo\/image\/"},"sameAs":["https:\/\/www.facebook.com\/arqueriaOnline\/","https:\/\/www.instagram.com\/moitoarchery\/","https:\/\/www.youtube.com\/channel\/UCvmj39gVUIKVoJJ6vQC9GPA\/"]}]}},"_links":{"self":[{"href":"https:\/\/moitoarchery.com\/en\/wp-json\/wp\/v2\/product\/41900","targetHints":{"allow":["GET"]}}],"collection":[{"href":"https:\/\/moitoarchery.com\/en\/wp-json\/wp\/v2\/product"}],"about":[{"href":"https:\/\/moitoarchery.com\/en\/wp-json\/wp\/v2\/types\/product"}],"replies":[{"embeddable":true,"href":"https:\/\/moitoarchery.com\/en\/wp-json\/wp\/v2\/comments?post=41900"}],"version-history":[{"count":1,"href":"https:\/\/moitoarchery.com\/en\/wp-json\/wp\/v2\/product\/41900\/revisions"}],"predecessor-version":[{"id":129721,"href":"https:\/\/moitoarchery.com\/en\/wp-json\/wp\/v2\/product\/41900\/revisions\/129721"}],"wp:featuredmedia":[{"embeddable":true,"href":"https:\/\/moitoarchery.com\/en\/wp-json\/wp\/v2\/media\/44372"}],"wp:attachment":[{"href":"https:\/\/moitoarchery.com\/en\/wp-json\/wp\/v2\/media?parent=41900"}],"wp:term":[{"taxonomy":"product_brand","embeddable":true,"href":"https:\/\/moitoarchery.com\/en\/wp-json\/wp\/v2\/product_brand?post=41900"},{"taxonomy":"product_cat","embeddable":true,"href":"https:\/\/moitoarchery.com\/en\/wp-json\/wp\/v2\/product_cat?post=41900"},{"taxonomy":"product_tag","embeddable":true,"href":"https:\/\/moitoarchery.com\/en\/wp-json\/wp\/v2\/product_tag?post=41900"}],"curies":[{"name":"wp","href":"https:\/\/api.w.org\/{rel}","templated":true}]}}