{"id":3935,"date":"2021-03-16T23:55:08","date_gmt":"2021-03-16T22:55:08","guid":{"rendered":"https:\/\/moitoarchery.com\/arqueria-online\/sin%20categor\u00eda\/kit-de-arco-completo-eco-economico-de-iniciacion-rh-o-lh\/"},"modified":"2026-04-20T12:24:10","modified_gmt":"2026-04-20T10:24:10","slug":"kit-de-arco-completo-eco-economico-de-iniciacion-rh-o-lh","status":"publish","type":"product","link":"https:\/\/moitoarchery.com\/en\/product\/kit-de-arco-completo-eco-economico-de-iniciacion-rh-o-lh\/","title":{"rendered":"Kit de Arco Completo \u201cEco\u201d (Econ\u00f3mico) de Iniciaci\u00f3n RH o LH"},"content":{"rendered":"<p><strong>Kit de iniciaci\u00f3n para tiro con arco &#8220;ECO&#8221; o Econ\u00f3mico incluye:<\/strong><\/p>\n<ul>\n<li>Palas de iniciaci\u00f3n Core Hit Black para arco recurvo<\/li>\n<li>Cuerpo Core Wood Shift para arco de iniciaci\u00f3n<\/li>\n<li>Cuerda Dacron de iniciaci\u00f3n para arco de iniciaci\u00f3n + Nock<\/li>\n<li>Reposaflechas Avalon Tyro Sticky para arco recurvo RH o LH<\/li>\n<li>Dactilera Buck Trail con separador de dedos (<span style=\"color: #0000ff;\"><a style=\"color: #0000ff;\" href=\"https:\/\/moitoarchery.com\/producto\/dactilera-buck-trail-cuero-rh\/\">Talla a elegir<\/a><\/span>)<\/li>\n<li>Protector de Brazo Winstorm ambidiestro para arco recurvo<\/li>\n<li>Carcaj Avalon A2 de Cintura de 2 tubos para Ambidiestro (<span style=\"color: #0000ff;\"><a style=\"color: #0000ff;\" href=\"https:\/\/moitoarchery.com\/producto\/carcaj-avalon-a3-de-cintura-de-2-tubos-para-ambidiestro\/\">Color a elegir<\/a><\/span>)<\/li>\n<li>Armador De Arco Avalon para arcos recurvos<\/li>\n<li>Soporte Avalon Basic Magnetic para arco recurvo (<a href=\"https:\/\/moitoarchery.com\/producto\/soporte-para-arco-avalon-magnetic\/\"><span style=\"color: #0000ff;\">Color a elegir<\/span><\/a>)<\/li>\n<li>Flecha Completa Avalon Hybrid 4.2 para iniciaci\u00f3n (6 Unidades)<\/li>\n<li>Bolsa de transporte Avalon Tyro First para arco recurvo desmontable (<a href=\"https:\/\/moitoarchery.com\/producto\/bolsa-de-transpo\u2026valon-tyro-first\/\"><span style=\"color: #0000ff;\">Color a elegir<\/span><\/a>)<\/li>\n<\/ul>\n<p><strong>NOTA PARA EL PEDIDO:<\/strong> Los productos que tengan tallas, colores o sean para diestro a zurdo, pueden especificarse en comentarios del pedido. Si no, se enviar\u00e1 una talla media, para diestro y en color aleatorio.<\/p>\n<p>Las Palas Core Hit Black de Iniciaci\u00f3n de arco recurvo son para cuerpos de 20\u2033 y 24\u2033 con color negro.<\/p>\n<p>Medidas de 62\u2033, 64\u2033, 68\u2033 y 70\u2033 y diferentes potencias para cualquier persona que se est\u00e9 iniciando en tiro con arco.<\/p>\n<p>El cuerpo de arco recurvo Core Wood Shift de 20\u2033 y 24\u2033 de la marca Core Archery est\u00e1 hecho en madera.<\/p>\n<p>Los cuerpos de cuerpos de 24\u2033 son adaptables a palas de 66\u2033, 68\u2033 y 70\u2033 y los cuerpos de 20\u2033 son adaptables a palas de 64\u2033 y 62\u2033.<\/p>\n<p>La cuerda es de Dacron de la marca Core en 12 hilos para arco recurvo. El Dacron es un material para cuerdas de disparo lento, ya que tiene elevada elasticidad y absorbe parte de la potencia acumulada en su tensi\u00f3n. Ideal para arcos de iniciaci\u00f3n y arcos con palas de madera que no soporten cuerdas de mayores prestaciones.<\/p>\n","protected":false},"excerpt":{"rendered":"<p>El kit de arco completo \u201cEco\u201d (Econ\u00f3mico) de iniciaci\u00f3n es nuestro kit completo m\u00e1s barato y adem\u00e1s en oferta. Es un kit completo ideal para iniciarse en arquer\u00eda. En este kit hemos escogido accesorios populares y los hemos incluido para que puedas disfrutar del mejor equipo posible al mejor precio. Seg\u00fan se adquiera m\u00e1s fuerza y destreza, se puede actualizar el arco adquiriendo unas palas de iniciaci\u00f3n de mayor potencia por un precio m\u00ednimo.<\/p>\n","protected":false},"featured_media":23269,"comment_status":"open","ping_status":"closed","template":"","meta":{"_acf_changed":false},"product_brand":[4054],"product_cat":[470,114],"product_tag":[188],"class_list":{"0":"post-3935","1":"product","2":"type-product","3":"status-publish","4":"has-post-thumbnail","6":"product_brand-varios","7":"product_cat-kits-de-iniciacion","8":"product_cat-kit-arco-completo","9":"product_tag-arcos-para-principiantes","10":"product_shipping_class-envio-pe-1590e-ba-2490e","12":"first","13":"instock","14":"sale","15":"taxable","16":"shipping-taxable","17":"purchasable","18":"product-type-easy_product_bundle"},"acf":[],"yoast_head":"<!-- This site is optimized with the Yoast SEO plugin v27.3 - https:\/\/yoast.com\/product\/yoast-seo-wordpress\/ -->\n<title>Kit de Arco Completo \u201cEco\u201d (Econ\u00f3mico) de Iniciaci\u00f3n RH o LH - MoitoArchery<\/title>\n<meta name=\"description\" content=\"El kit de arco completo \u201cEco\u201d (Econ\u00f3mico) de iniciaci\u00f3n es nuestro kit completo m\u00e1s barato y adem\u00e1s en oferta. Ideal para iniciarse en arquer\u00eda.\" \/>\n<meta name=\"robots\" content=\"index, follow, max-snippet:-1, max-image-preview:large, max-video-preview:-1\" \/>\n<link rel=\"canonical\" href=\"https:\/\/moitoarchery.com\/en\/product\/kit-de-arco-completo-eco-economico-de-iniciacion-rh-o-lh\/\" \/>\n<meta property=\"og:locale\" content=\"en_US\" \/>\n<meta property=\"og:type\" content=\"article\" \/>\n<meta property=\"og:title\" content=\"Kit de Arco Completo \u201cEco\u201d (Econ\u00f3mico) de Iniciaci\u00f3n RH o LH - MoitoArchery\" \/>\n<meta property=\"og:description\" content=\"El kit de arco completo \u201cEco\u201d (Econ\u00f3mico) de iniciaci\u00f3n es nuestro kit completo m\u00e1s barato y adem\u00e1s en oferta. Ideal para iniciarse en arquer\u00eda.\" \/>\n<meta property=\"og:url\" content=\"https:\/\/moitoarchery.com\/en\/product\/kit-de-arco-completo-eco-economico-de-iniciacion-rh-o-lh\/\" \/>\n<meta property=\"og:site_name\" content=\"MoitoArchery\" \/>\n<meta property=\"article:publisher\" content=\"https:\/\/www.facebook.com\/arqueriaOnline\/\" \/>\n<meta property=\"article:modified_time\" content=\"2026-04-20T10:24:10+00:00\" \/>\n<meta property=\"og:image\" content=\"https:\/\/moitoarchery.com\/wp-content\/uploads\/2021\/03\/kit-arco-completo-economico-para-iniciacion-tiro-con-arco-1-1.jpg\" \/>\n\t<meta property=\"og:image:width\" content=\"800\" \/>\n\t<meta property=\"og:image:height\" content=\"800\" \/>\n\t<meta property=\"og:image:type\" content=\"image\/jpeg\" \/>\n<meta name=\"twitter:card\" content=\"summary_large_image\" \/>\n<meta name=\"twitter:label1\" content=\"Est. reading time\" \/>\n\t<meta name=\"twitter:data1\" content=\"2 minutes\" \/>\n<script type=\"application\/ld+json\" class=\"yoast-schema-graph\">{\"@context\":\"https:\\\/\\\/schema.org\",\"@graph\":[{\"@type\":\"WebPage\",\"@id\":\"https:\\\/\\\/moitoarchery.com\\\/en\\\/product\\\/kit-de-arco-completo-eco-economico-de-iniciacion-rh-o-lh\\\/\",\"url\":\"https:\\\/\\\/moitoarchery.com\\\/en\\\/product\\\/kit-de-arco-completo-eco-economico-de-iniciacion-rh-o-lh\\\/\",\"name\":\"Kit de Arco Completo \u201cEco\u201d (Econ\u00f3mico) de Iniciaci\u00f3n RH o LH - MoitoArchery\",\"isPartOf\":{\"@id\":\"https:\\\/\\\/moitoarchery.com\\\/en\\\/#website\"},\"primaryImageOfPage\":{\"@id\":\"https:\\\/\\\/moitoarchery.com\\\/en\\\/product\\\/kit-de-arco-completo-eco-economico-de-iniciacion-rh-o-lh\\\/#primaryimage\"},\"image\":{\"@id\":\"https:\\\/\\\/moitoarchery.com\\\/en\\\/product\\\/kit-de-arco-completo-eco-economico-de-iniciacion-rh-o-lh\\\/#primaryimage\"},\"thumbnailUrl\":\"https:\\\/\\\/moitoarchery.com\\\/wp-content\\\/uploads\\\/2021\\\/03\\\/kit-arco-completo-economico-para-iniciacion-tiro-con-arco-1-1.jpg\",\"datePublished\":\"2021-03-16T22:55:08+00:00\",\"dateModified\":\"2026-04-20T10:24:10+00:00\",\"description\":\"El kit de arco completo \u201cEco\u201d (Econ\u00f3mico) de iniciaci\u00f3n es nuestro kit completo m\u00e1s barato y adem\u00e1s en oferta. Ideal para iniciarse en arquer\u00eda.\",\"breadcrumb\":{\"@id\":\"https:\\\/\\\/moitoarchery.com\\\/en\\\/product\\\/kit-de-arco-completo-eco-economico-de-iniciacion-rh-o-lh\\\/#breadcrumb\"},\"inLanguage\":\"en-US\",\"potentialAction\":[{\"@type\":\"ReadAction\",\"target\":[\"https:\\\/\\\/moitoarchery.com\\\/en\\\/product\\\/kit-de-arco-completo-eco-economico-de-iniciacion-rh-o-lh\\\/\"]}]},{\"@type\":\"ImageObject\",\"inLanguage\":\"en-US\",\"@id\":\"https:\\\/\\\/moitoarchery.com\\\/en\\\/product\\\/kit-de-arco-completo-eco-economico-de-iniciacion-rh-o-lh\\\/#primaryimage\",\"url\":\"https:\\\/\\\/moitoarchery.com\\\/wp-content\\\/uploads\\\/2021\\\/03\\\/kit-arco-completo-economico-para-iniciacion-tiro-con-arco-1-1.jpg\",\"contentUrl\":\"https:\\\/\\\/moitoarchery.com\\\/wp-content\\\/uploads\\\/2021\\\/03\\\/kit-arco-completo-economico-para-iniciacion-tiro-con-arco-1-1.jpg\",\"width\":800,\"height\":800,\"caption\":\"Complete \\\"Eco\\\" Bow Kit (Budget-Friendly) for RH or LH Beginners\"},{\"@type\":\"BreadcrumbList\",\"@id\":\"https:\\\/\\\/moitoarchery.com\\\/en\\\/product\\\/kit-de-arco-completo-eco-economico-de-iniciacion-rh-o-lh\\\/#breadcrumb\",\"itemListElement\":[{\"@type\":\"ListItem\",\"position\":1,\"name\":\"Portada\",\"item\":\"https:\\\/\\\/moitoarchery.com\\\/en\\\/\"},{\"@type\":\"ListItem\",\"position\":2,\"name\":\"Shop\",\"item\":\"https:\\\/\\\/moitoarchery.com\\\/en\\\/shop\\\/\"},{\"@type\":\"ListItem\",\"position\":3,\"name\":\"Kit de Arco Completo \u201cEco\u201d (Econ\u00f3mico) de Iniciaci\u00f3n RH o LH\"}]},{\"@type\":\"WebSite\",\"@id\":\"https:\\\/\\\/moitoarchery.com\\\/en\\\/#website\",\"url\":\"https:\\\/\\\/moitoarchery.com\\\/en\\\/\",\"name\":\"MoitoArchery\",\"description\":\"Tienda de Tiro con arco\",\"publisher\":{\"@id\":\"https:\\\/\\\/moitoarchery.com\\\/en\\\/#organization\"},\"potentialAction\":[{\"@type\":\"SearchAction\",\"target\":{\"@type\":\"EntryPoint\",\"urlTemplate\":\"https:\\\/\\\/moitoarchery.com\\\/en\\\/?s={search_term_string}\"},\"query-input\":{\"@type\":\"PropertyValueSpecification\",\"valueRequired\":true,\"valueName\":\"search_term_string\"}}],\"inLanguage\":\"en-US\"},{\"@type\":\"Organization\",\"@id\":\"https:\\\/\\\/moitoarchery.com\\\/en\\\/#organization\",\"name\":\"MoitoArchery\",\"url\":\"https:\\\/\\\/moitoarchery.com\\\/en\\\/\",\"logo\":{\"@type\":\"ImageObject\",\"inLanguage\":\"en-US\",\"@id\":\"https:\\\/\\\/moitoarchery.com\\\/en\\\/#\\\/schema\\\/logo\\\/image\\\/\",\"url\":\"https:\\\/\\\/moitoarchery.com\\\/wp-content\\\/uploads\\\/2020\\\/09\\\/logotipo-moitoarchery.png\",\"contentUrl\":\"https:\\\/\\\/moitoarchery.com\\\/wp-content\\\/uploads\\\/2020\\\/09\\\/logotipo-moitoarchery.png\",\"width\":300,\"height\":66,\"caption\":\"MoitoArchery\"},\"image\":{\"@id\":\"https:\\\/\\\/moitoarchery.com\\\/en\\\/#\\\/schema\\\/logo\\\/image\\\/\"},\"sameAs\":[\"https:\\\/\\\/www.facebook.com\\\/arqueriaOnline\\\/\",\"https:\\\/\\\/www.instagram.com\\\/moitoarchery\\\/\",\"https:\\\/\\\/www.youtube.com\\\/channel\\\/UCvmj39gVUIKVoJJ6vQC9GPA\\\/\"]}]}<\/script>\n<!-- \/ Yoast SEO plugin. -->","yoast_head_json":{"title":"Kit de Arco Completo \u201cEco\u201d (Econ\u00f3mico) de Iniciaci\u00f3n RH o LH - MoitoArchery","description":"El kit de arco completo \u201cEco\u201d (Econ\u00f3mico) de iniciaci\u00f3n es nuestro kit completo m\u00e1s barato y adem\u00e1s en oferta. Ideal para iniciarse en arquer\u00eda.","robots":{"index":"index","follow":"follow","max-snippet":"max-snippet:-1","max-image-preview":"max-image-preview:large","max-video-preview":"max-video-preview:-1"},"canonical":"https:\/\/moitoarchery.com\/en\/product\/kit-de-arco-completo-eco-economico-de-iniciacion-rh-o-lh\/","og_locale":"en_US","og_type":"article","og_title":"Kit de Arco Completo \u201cEco\u201d (Econ\u00f3mico) de Iniciaci\u00f3n RH o LH - MoitoArchery","og_description":"El kit de arco completo \u201cEco\u201d (Econ\u00f3mico) de iniciaci\u00f3n es nuestro kit completo m\u00e1s barato y adem\u00e1s en oferta. Ideal para iniciarse en arquer\u00eda.","og_url":"https:\/\/moitoarchery.com\/en\/product\/kit-de-arco-completo-eco-economico-de-iniciacion-rh-o-lh\/","og_site_name":"MoitoArchery","article_publisher":"https:\/\/www.facebook.com\/arqueriaOnline\/","article_modified_time":"2026-04-20T10:24:10+00:00","og_image":[{"width":800,"height":800,"url":"https:\/\/moitoarchery.com\/wp-content\/uploads\/2021\/03\/kit-arco-completo-economico-para-iniciacion-tiro-con-arco-1-1.jpg","type":"image\/jpeg"}],"twitter_card":"summary_large_image","twitter_misc":{"Est. reading time":"2 minutes"},"schema":{"@context":"https:\/\/schema.org","@graph":[{"@type":"WebPage","@id":"https:\/\/moitoarchery.com\/en\/product\/kit-de-arco-completo-eco-economico-de-iniciacion-rh-o-lh\/","url":"https:\/\/moitoarchery.com\/en\/product\/kit-de-arco-completo-eco-economico-de-iniciacion-rh-o-lh\/","name":"Kit de Arco Completo \u201cEco\u201d (Econ\u00f3mico) de Iniciaci\u00f3n RH o LH - MoitoArchery","isPartOf":{"@id":"https:\/\/moitoarchery.com\/en\/#website"},"primaryImageOfPage":{"@id":"https:\/\/moitoarchery.com\/en\/product\/kit-de-arco-completo-eco-economico-de-iniciacion-rh-o-lh\/#primaryimage"},"image":{"@id":"https:\/\/moitoarchery.com\/en\/product\/kit-de-arco-completo-eco-economico-de-iniciacion-rh-o-lh\/#primaryimage"},"thumbnailUrl":"https:\/\/moitoarchery.com\/wp-content\/uploads\/2021\/03\/kit-arco-completo-economico-para-iniciacion-tiro-con-arco-1-1.jpg","datePublished":"2021-03-16T22:55:08+00:00","dateModified":"2026-04-20T10:24:10+00:00","description":"El kit de arco completo \u201cEco\u201d (Econ\u00f3mico) de iniciaci\u00f3n es nuestro kit completo m\u00e1s barato y adem\u00e1s en oferta. Ideal para iniciarse en arquer\u00eda.","breadcrumb":{"@id":"https:\/\/moitoarchery.com\/en\/product\/kit-de-arco-completo-eco-economico-de-iniciacion-rh-o-lh\/#breadcrumb"},"inLanguage":"en-US","potentialAction":[{"@type":"ReadAction","target":["https:\/\/moitoarchery.com\/en\/product\/kit-de-arco-completo-eco-economico-de-iniciacion-rh-o-lh\/"]}]},{"@type":"ImageObject","inLanguage":"en-US","@id":"https:\/\/moitoarchery.com\/en\/product\/kit-de-arco-completo-eco-economico-de-iniciacion-rh-o-lh\/#primaryimage","url":"https:\/\/moitoarchery.com\/wp-content\/uploads\/2021\/03\/kit-arco-completo-economico-para-iniciacion-tiro-con-arco-1-1.jpg","contentUrl":"https:\/\/moitoarchery.com\/wp-content\/uploads\/2021\/03\/kit-arco-completo-economico-para-iniciacion-tiro-con-arco-1-1.jpg","width":800,"height":800,"caption":"Complete \"Eco\" Bow Kit (Budget-Friendly) for RH or LH Beginners"},{"@type":"BreadcrumbList","@id":"https:\/\/moitoarchery.com\/en\/product\/kit-de-arco-completo-eco-economico-de-iniciacion-rh-o-lh\/#breadcrumb","itemListElement":[{"@type":"ListItem","position":1,"name":"Portada","item":"https:\/\/moitoarchery.com\/en\/"},{"@type":"ListItem","position":2,"name":"Shop","item":"https:\/\/moitoarchery.com\/en\/shop\/"},{"@type":"ListItem","position":3,"name":"Kit de Arco Completo \u201cEco\u201d (Econ\u00f3mico) de Iniciaci\u00f3n RH o LH"}]},{"@type":"WebSite","@id":"https:\/\/moitoarchery.com\/en\/#website","url":"https:\/\/moitoarchery.com\/en\/","name":"MoitoArchery","description":"Tienda de Tiro con arco","publisher":{"@id":"https:\/\/moitoarchery.com\/en\/#organization"},"potentialAction":[{"@type":"SearchAction","target":{"@type":"EntryPoint","urlTemplate":"https:\/\/moitoarchery.com\/en\/?s={search_term_string}"},"query-input":{"@type":"PropertyValueSpecification","valueRequired":true,"valueName":"search_term_string"}}],"inLanguage":"en-US"},{"@type":"Organization","@id":"https:\/\/moitoarchery.com\/en\/#organization","name":"MoitoArchery","url":"https:\/\/moitoarchery.com\/en\/","logo":{"@type":"ImageObject","inLanguage":"en-US","@id":"https:\/\/moitoarchery.com\/en\/#\/schema\/logo\/image\/","url":"https:\/\/moitoarchery.com\/wp-content\/uploads\/2020\/09\/logotipo-moitoarchery.png","contentUrl":"https:\/\/moitoarchery.com\/wp-content\/uploads\/2020\/09\/logotipo-moitoarchery.png","width":300,"height":66,"caption":"MoitoArchery"},"image":{"@id":"https:\/\/moitoarchery.com\/en\/#\/schema\/logo\/image\/"},"sameAs":["https:\/\/www.facebook.com\/arqueriaOnline\/","https:\/\/www.instagram.com\/moitoarchery\/","https:\/\/www.youtube.com\/channel\/UCvmj39gVUIKVoJJ6vQC9GPA\/"]}]}},"_links":{"self":[{"href":"https:\/\/moitoarchery.com\/en\/wp-json\/wp\/v2\/product\/3935","targetHints":{"allow":["GET"]}}],"collection":[{"href":"https:\/\/moitoarchery.com\/en\/wp-json\/wp\/v2\/product"}],"about":[{"href":"https:\/\/moitoarchery.com\/en\/wp-json\/wp\/v2\/types\/product"}],"replies":[{"embeddable":true,"href":"https:\/\/moitoarchery.com\/en\/wp-json\/wp\/v2\/comments?post=3935"}],"version-history":[{"count":3,"href":"https:\/\/moitoarchery.com\/en\/wp-json\/wp\/v2\/product\/3935\/revisions"}],"predecessor-version":[{"id":134463,"href":"https:\/\/moitoarchery.com\/en\/wp-json\/wp\/v2\/product\/3935\/revisions\/134463"}],"wp:featuredmedia":[{"embeddable":true,"href":"https:\/\/moitoarchery.com\/en\/wp-json\/wp\/v2\/media\/23269"}],"wp:attachment":[{"href":"https:\/\/moitoarchery.com\/en\/wp-json\/wp\/v2\/media?parent=3935"}],"wp:term":[{"taxonomy":"product_brand","embeddable":true,"href":"https:\/\/moitoarchery.com\/en\/wp-json\/wp\/v2\/product_brand?post=3935"},{"taxonomy":"product_cat","embeddable":true,"href":"https:\/\/moitoarchery.com\/en\/wp-json\/wp\/v2\/product_cat?post=3935"},{"taxonomy":"product_tag","embeddable":true,"href":"https:\/\/moitoarchery.com\/en\/wp-json\/wp\/v2\/product_tag?post=3935"}],"curies":[{"name":"wp","href":"https:\/\/api.w.org\/{rel}","templated":true}]}}