{"id":36644,"date":"2024-07-24T12:30:23","date_gmt":"2024-07-24T10:30:23","guid":{"rendered":"https:\/\/moitoarchery.com\/?post_type=product&#038;p=36644"},"modified":"2026-04-16T11:18:28","modified_gmt":"2026-04-16T09:18:28","slug":"kit-arco-olimpico-valenz","status":"publish","type":"product","link":"https:\/\/moitoarchery.com\/en\/product\/kit-arco-olimpico-valenz\/","title":{"rendered":"Kit Arco Ol\u00edmpico Valenz"},"content":{"rendered":"<p>El kit arco ol\u00edmpico Valenz con todo el equipamiento incluye:<\/p>\n<ul>\n<li>Cuerpo Kinetic Valenz 25&#8243; (<a href=\"https:\/\/moitoarchery.com\/producto\/cuerpo-kinetic-valenz-de-25-pulgadas-rh-con-empunadura-de-madera\/\">color a elegir<\/a>)<\/li>\n<li>Palas Kinetic Honoric Carbon Foam<\/li>\n<li>Cuerda Nitro BCY 8125 16 hilos (<span style=\"color: #0000ff;\"><a style=\"color: #0000ff;\" href=\"https:\/\/moitoarchery.com\/producto\/cuerda-nitro-bcy-8125-16-hilos\/\">Color a elegir<\/a><\/span>)<\/li>\n<li>Nock<\/li>\n<li>Reposaflechas Shibuya Ultima (<a href=\"https:\/\/moitoarchery.com\/producto\/reposaflechas-shibuya-ultima-magnetic-ajustable-y-ambidiestro\/\">Color a elegir<\/a>)<\/li>\n<li>Bot\u00f3n de presi\u00f3n Shibuya New DX (<a href=\"https:\/\/moitoarchery.com\/producto\/boton-de-presion-shibuya-new-dx-gold-tip\/\"><span style=\"color: #0000ff;\">Color a elegir<\/span><\/a>)<\/li>\n<li>Dragonera Avalon para arco recurvo ol\u00edmpico (<a href=\"https:\/\/moitoarchery.com\/producto\/dragonera-avalon\/\">Talla a elegir<\/a>)<\/li>\n<li>Soporte de arco Avalon EOLA<\/li>\n<li>Flecha Completa Avalon Classic (6 uds)<\/li>\n<li>Mochila Avalon Classic (<span style=\"color: #0000ff;\"><a style=\"color: #0000ff;\" href=\"https:\/\/moitoarchery.com\/producto\/mochila-avalon-classic\/\">Color a elegir<\/a><\/span>)<\/li>\n<li>Carcaj Avalon Classic (<span style=\"color: #0000ff;\"><a style=\"color: #0000ff;\" href=\"https:\/\/moitoarchery.com\/producto\/carcaj-avalon-classic\/\">Color a elegir<\/a><\/span>)<\/li>\n<li>Dactilera Avalon Classic Prime (<span style=\"color: #0000ff;\"><a style=\"color: #0000ff;\" href=\"https:\/\/moitoarchery.com\/producto\/dactilera-avalon-classic-prime\/\">Talla a elegir<\/a><\/span>)<\/li>\n<li>Protector de brazo Easton Deluxe Oval de policarbonato (<a href=\"https:\/\/moitoarchery.com\/producto\/protector-de-brazo-easton-deluxe-oval\/\">Color a elegir<\/a>)<\/li>\n<li>Armador de arco Avalon<\/li>\n<li>Visor Avalon Avalon Carbon Tec One (<a href=\"https:\/\/moitoarchery.com\/producto\/visor-avalon-carbon-tec-one-para-arco-recurvo-rh-con-indice\/\">Color a elegir<\/a>)<\/li>\n<li>Estabilizador Avalon Largo Tec one 30&#8243;<\/li>\n<\/ul>\n<p>*Especificar los colores y tallas en un comentario<\/p>\n","protected":false},"excerpt":{"rendered":"<p>El <strong data-start=\"3\" data-end=\"31\">Kit Arco Ol\u00edmpico Valenz<\/strong> con todo el equipamiento est\u00e1 dise\u00f1ado para arqueros que buscan el m\u00e1ximo rendimiento en competiciones de alto nivel. Todo lo necesario para tener un equipo ol\u00edmpico de alto rendimiento y listo para la competencia.<\/p>\n","protected":false},"featured_media":36753,"comment_status":"open","ping_status":"closed","template":"","meta":{"_acf_changed":false},"product_brand":[4054],"product_cat":[469,114],"product_tag":[190],"class_list":{"0":"post-36644","1":"product","2":"type-product","3":"status-publish","4":"has-post-thumbnail","6":"product_brand-varios","7":"product_cat-kits-de-arco-olimpico","8":"product_cat-kit-arco-completo","9":"product_tag-arcos-olimpicos","10":"product_shipping_class-envio-pe-2090e-ba-3890e","12":"first","13":"instock","14":"sale","15":"taxable","16":"shipping-taxable","17":"purchasable","18":"product-type-easy_product_bundle"},"acf":[],"yoast_head":"<!-- This site is optimized with the Yoast SEO plugin v27.3 - https:\/\/yoast.com\/product\/yoast-seo-wordpress\/ -->\n<title>Kit Arco Ol\u00edmpico Valenz - MoitoArchery<\/title>\n<meta name=\"description\" content=\"El Kit Arco Ol\u00edmpico Valenz con todo el equipamiento est\u00e1 dise\u00f1ado para arqueros que buscan el m\u00e1ximo rendimiento en competiciones de alto nivel. Todo lo necesario para tener un equipo ol\u00edmpico de alto rendimiento y listo para la competencia.\" \/>\n<meta name=\"robots\" content=\"index, follow, max-snippet:-1, max-image-preview:large, max-video-preview:-1\" \/>\n<link rel=\"canonical\" href=\"https:\/\/moitoarchery.com\/en\/product\/kit-arco-olimpico-valenz\/\" \/>\n<meta property=\"og:locale\" content=\"en_US\" \/>\n<meta property=\"og:type\" content=\"article\" \/>\n<meta property=\"og:title\" content=\"Kit Arco Ol\u00edmpico Valenz - MoitoArchery\" \/>\n<meta property=\"og:description\" content=\"El Kit Arco Ol\u00edmpico Valenz con todo el equipamiento est\u00e1 dise\u00f1ado para arqueros que buscan el m\u00e1ximo rendimiento en competiciones de alto nivel. Todo lo necesario para tener un equipo ol\u00edmpico de alto rendimiento y listo para la competencia.\" \/>\n<meta property=\"og:url\" content=\"https:\/\/moitoarchery.com\/en\/product\/kit-arco-olimpico-valenz\/\" \/>\n<meta property=\"og:site_name\" content=\"MoitoArchery\" \/>\n<meta property=\"article:publisher\" content=\"https:\/\/www.facebook.com\/arqueriaOnline\/\" \/>\n<meta property=\"article:modified_time\" content=\"2026-04-16T09:18:28+00:00\" \/>\n<meta property=\"og:image\" content=\"https:\/\/moitoarchery.com\/wp-content\/uploads\/2024\/07\/kit-valenz.jpg\" \/>\n\t<meta property=\"og:image:width\" content=\"800\" \/>\n\t<meta property=\"og:image:height\" content=\"800\" \/>\n\t<meta property=\"og:image:type\" content=\"image\/jpeg\" \/>\n<meta name=\"twitter:card\" content=\"summary_large_image\" \/>\n<meta name=\"twitter:label1\" content=\"Est. reading time\" \/>\n\t<meta name=\"twitter:data1\" content=\"2 minutes\" \/>\n<script type=\"application\/ld+json\" class=\"yoast-schema-graph\">{\"@context\":\"https:\\\/\\\/schema.org\",\"@graph\":[{\"@type\":\"WebPage\",\"@id\":\"https:\\\/\\\/moitoarchery.com\\\/en\\\/product\\\/kit-arco-olimpico-valenz\\\/\",\"url\":\"https:\\\/\\\/moitoarchery.com\\\/en\\\/product\\\/kit-arco-olimpico-valenz\\\/\",\"name\":\"Kit Arco Ol\u00edmpico Valenz - MoitoArchery\",\"isPartOf\":{\"@id\":\"https:\\\/\\\/moitoarchery.com\\\/en\\\/#website\"},\"primaryImageOfPage\":{\"@id\":\"https:\\\/\\\/moitoarchery.com\\\/en\\\/product\\\/kit-arco-olimpico-valenz\\\/#primaryimage\"},\"image\":{\"@id\":\"https:\\\/\\\/moitoarchery.com\\\/en\\\/product\\\/kit-arco-olimpico-valenz\\\/#primaryimage\"},\"thumbnailUrl\":\"https:\\\/\\\/moitoarchery.com\\\/wp-content\\\/uploads\\\/2024\\\/07\\\/kit-valenz.jpg\",\"datePublished\":\"2024-07-24T10:30:23+00:00\",\"dateModified\":\"2026-04-16T09:18:28+00:00\",\"description\":\"El Kit Arco Ol\u00edmpico Valenz con todo el equipamiento est\u00e1 dise\u00f1ado para arqueros que buscan el m\u00e1ximo rendimiento en competiciones de alto nivel. Todo lo necesario para tener un equipo ol\u00edmpico de alto rendimiento y listo para la competencia.\",\"breadcrumb\":{\"@id\":\"https:\\\/\\\/moitoarchery.com\\\/en\\\/product\\\/kit-arco-olimpico-valenz\\\/#breadcrumb\"},\"inLanguage\":\"en-US\",\"potentialAction\":[{\"@type\":\"ReadAction\",\"target\":[\"https:\\\/\\\/moitoarchery.com\\\/en\\\/product\\\/kit-arco-olimpico-valenz\\\/\"]}]},{\"@type\":\"ImageObject\",\"inLanguage\":\"en-US\",\"@id\":\"https:\\\/\\\/moitoarchery.com\\\/en\\\/product\\\/kit-arco-olimpico-valenz\\\/#primaryimage\",\"url\":\"https:\\\/\\\/moitoarchery.com\\\/wp-content\\\/uploads\\\/2024\\\/07\\\/kit-valenz.jpg\",\"contentUrl\":\"https:\\\/\\\/moitoarchery.com\\\/wp-content\\\/uploads\\\/2024\\\/07\\\/kit-valenz.jpg\",\"width\":800,\"height\":800,\"caption\":\"Valenz Olympic Bow Kit\"},{\"@type\":\"BreadcrumbList\",\"@id\":\"https:\\\/\\\/moitoarchery.com\\\/en\\\/product\\\/kit-arco-olimpico-valenz\\\/#breadcrumb\",\"itemListElement\":[{\"@type\":\"ListItem\",\"position\":1,\"name\":\"Portada\",\"item\":\"https:\\\/\\\/moitoarchery.com\\\/en\\\/\"},{\"@type\":\"ListItem\",\"position\":2,\"name\":\"Shop\",\"item\":\"https:\\\/\\\/moitoarchery.com\\\/en\\\/shop\\\/\"},{\"@type\":\"ListItem\",\"position\":3,\"name\":\"Kit Arco Ol\u00edmpico Valenz\"}]},{\"@type\":\"WebSite\",\"@id\":\"https:\\\/\\\/moitoarchery.com\\\/en\\\/#website\",\"url\":\"https:\\\/\\\/moitoarchery.com\\\/en\\\/\",\"name\":\"MoitoArchery\",\"description\":\"Tienda de Tiro con arco\",\"publisher\":{\"@id\":\"https:\\\/\\\/moitoarchery.com\\\/en\\\/#organization\"},\"potentialAction\":[{\"@type\":\"SearchAction\",\"target\":{\"@type\":\"EntryPoint\",\"urlTemplate\":\"https:\\\/\\\/moitoarchery.com\\\/en\\\/?s={search_term_string}\"},\"query-input\":{\"@type\":\"PropertyValueSpecification\",\"valueRequired\":true,\"valueName\":\"search_term_string\"}}],\"inLanguage\":\"en-US\"},{\"@type\":\"Organization\",\"@id\":\"https:\\\/\\\/moitoarchery.com\\\/en\\\/#organization\",\"name\":\"MoitoArchery\",\"url\":\"https:\\\/\\\/moitoarchery.com\\\/en\\\/\",\"logo\":{\"@type\":\"ImageObject\",\"inLanguage\":\"en-US\",\"@id\":\"https:\\\/\\\/moitoarchery.com\\\/en\\\/#\\\/schema\\\/logo\\\/image\\\/\",\"url\":\"https:\\\/\\\/moitoarchery.com\\\/wp-content\\\/uploads\\\/2020\\\/09\\\/logotipo-moitoarchery.png\",\"contentUrl\":\"https:\\\/\\\/moitoarchery.com\\\/wp-content\\\/uploads\\\/2020\\\/09\\\/logotipo-moitoarchery.png\",\"width\":300,\"height\":66,\"caption\":\"MoitoArchery\"},\"image\":{\"@id\":\"https:\\\/\\\/moitoarchery.com\\\/en\\\/#\\\/schema\\\/logo\\\/image\\\/\"},\"sameAs\":[\"https:\\\/\\\/www.facebook.com\\\/arqueriaOnline\\\/\",\"https:\\\/\\\/www.instagram.com\\\/moitoarchery\\\/\",\"https:\\\/\\\/www.youtube.com\\\/channel\\\/UCvmj39gVUIKVoJJ6vQC9GPA\\\/\"]}]}<\/script>\n<!-- \/ Yoast SEO plugin. -->","yoast_head_json":{"title":"Kit Arco Ol\u00edmpico Valenz - MoitoArchery","description":"El Kit Arco Ol\u00edmpico Valenz con todo el equipamiento est\u00e1 dise\u00f1ado para arqueros que buscan el m\u00e1ximo rendimiento en competiciones de alto nivel. Todo lo necesario para tener un equipo ol\u00edmpico de alto rendimiento y listo para la competencia.","robots":{"index":"index","follow":"follow","max-snippet":"max-snippet:-1","max-image-preview":"max-image-preview:large","max-video-preview":"max-video-preview:-1"},"canonical":"https:\/\/moitoarchery.com\/en\/product\/kit-arco-olimpico-valenz\/","og_locale":"en_US","og_type":"article","og_title":"Kit Arco Ol\u00edmpico Valenz - MoitoArchery","og_description":"El Kit Arco Ol\u00edmpico Valenz con todo el equipamiento est\u00e1 dise\u00f1ado para arqueros que buscan el m\u00e1ximo rendimiento en competiciones de alto nivel. Todo lo necesario para tener un equipo ol\u00edmpico de alto rendimiento y listo para la competencia.","og_url":"https:\/\/moitoarchery.com\/en\/product\/kit-arco-olimpico-valenz\/","og_site_name":"MoitoArchery","article_publisher":"https:\/\/www.facebook.com\/arqueriaOnline\/","article_modified_time":"2026-04-16T09:18:28+00:00","og_image":[{"width":800,"height":800,"url":"https:\/\/moitoarchery.com\/wp-content\/uploads\/2024\/07\/kit-valenz.jpg","type":"image\/jpeg"}],"twitter_card":"summary_large_image","twitter_misc":{"Est. reading time":"2 minutes"},"schema":{"@context":"https:\/\/schema.org","@graph":[{"@type":"WebPage","@id":"https:\/\/moitoarchery.com\/en\/product\/kit-arco-olimpico-valenz\/","url":"https:\/\/moitoarchery.com\/en\/product\/kit-arco-olimpico-valenz\/","name":"Kit Arco Ol\u00edmpico Valenz - MoitoArchery","isPartOf":{"@id":"https:\/\/moitoarchery.com\/en\/#website"},"primaryImageOfPage":{"@id":"https:\/\/moitoarchery.com\/en\/product\/kit-arco-olimpico-valenz\/#primaryimage"},"image":{"@id":"https:\/\/moitoarchery.com\/en\/product\/kit-arco-olimpico-valenz\/#primaryimage"},"thumbnailUrl":"https:\/\/moitoarchery.com\/wp-content\/uploads\/2024\/07\/kit-valenz.jpg","datePublished":"2024-07-24T10:30:23+00:00","dateModified":"2026-04-16T09:18:28+00:00","description":"El Kit Arco Ol\u00edmpico Valenz con todo el equipamiento est\u00e1 dise\u00f1ado para arqueros que buscan el m\u00e1ximo rendimiento en competiciones de alto nivel. Todo lo necesario para tener un equipo ol\u00edmpico de alto rendimiento y listo para la competencia.","breadcrumb":{"@id":"https:\/\/moitoarchery.com\/en\/product\/kit-arco-olimpico-valenz\/#breadcrumb"},"inLanguage":"en-US","potentialAction":[{"@type":"ReadAction","target":["https:\/\/moitoarchery.com\/en\/product\/kit-arco-olimpico-valenz\/"]}]},{"@type":"ImageObject","inLanguage":"en-US","@id":"https:\/\/moitoarchery.com\/en\/product\/kit-arco-olimpico-valenz\/#primaryimage","url":"https:\/\/moitoarchery.com\/wp-content\/uploads\/2024\/07\/kit-valenz.jpg","contentUrl":"https:\/\/moitoarchery.com\/wp-content\/uploads\/2024\/07\/kit-valenz.jpg","width":800,"height":800,"caption":"Valenz Olympic Bow Kit"},{"@type":"BreadcrumbList","@id":"https:\/\/moitoarchery.com\/en\/product\/kit-arco-olimpico-valenz\/#breadcrumb","itemListElement":[{"@type":"ListItem","position":1,"name":"Portada","item":"https:\/\/moitoarchery.com\/en\/"},{"@type":"ListItem","position":2,"name":"Shop","item":"https:\/\/moitoarchery.com\/en\/shop\/"},{"@type":"ListItem","position":3,"name":"Kit Arco Ol\u00edmpico Valenz"}]},{"@type":"WebSite","@id":"https:\/\/moitoarchery.com\/en\/#website","url":"https:\/\/moitoarchery.com\/en\/","name":"MoitoArchery","description":"Tienda de Tiro con arco","publisher":{"@id":"https:\/\/moitoarchery.com\/en\/#organization"},"potentialAction":[{"@type":"SearchAction","target":{"@type":"EntryPoint","urlTemplate":"https:\/\/moitoarchery.com\/en\/?s={search_term_string}"},"query-input":{"@type":"PropertyValueSpecification","valueRequired":true,"valueName":"search_term_string"}}],"inLanguage":"en-US"},{"@type":"Organization","@id":"https:\/\/moitoarchery.com\/en\/#organization","name":"MoitoArchery","url":"https:\/\/moitoarchery.com\/en\/","logo":{"@type":"ImageObject","inLanguage":"en-US","@id":"https:\/\/moitoarchery.com\/en\/#\/schema\/logo\/image\/","url":"https:\/\/moitoarchery.com\/wp-content\/uploads\/2020\/09\/logotipo-moitoarchery.png","contentUrl":"https:\/\/moitoarchery.com\/wp-content\/uploads\/2020\/09\/logotipo-moitoarchery.png","width":300,"height":66,"caption":"MoitoArchery"},"image":{"@id":"https:\/\/moitoarchery.com\/en\/#\/schema\/logo\/image\/"},"sameAs":["https:\/\/www.facebook.com\/arqueriaOnline\/","https:\/\/www.instagram.com\/moitoarchery\/","https:\/\/www.youtube.com\/channel\/UCvmj39gVUIKVoJJ6vQC9GPA\/"]}]}},"_links":{"self":[{"href":"https:\/\/moitoarchery.com\/en\/wp-json\/wp\/v2\/product\/36644","targetHints":{"allow":["GET"]}}],"collection":[{"href":"https:\/\/moitoarchery.com\/en\/wp-json\/wp\/v2\/product"}],"about":[{"href":"https:\/\/moitoarchery.com\/en\/wp-json\/wp\/v2\/types\/product"}],"replies":[{"embeddable":true,"href":"https:\/\/moitoarchery.com\/en\/wp-json\/wp\/v2\/comments?post=36644"}],"version-history":[{"count":2,"href":"https:\/\/moitoarchery.com\/en\/wp-json\/wp\/v2\/product\/36644\/revisions"}],"predecessor-version":[{"id":132225,"href":"https:\/\/moitoarchery.com\/en\/wp-json\/wp\/v2\/product\/36644\/revisions\/132225"}],"wp:featuredmedia":[{"embeddable":true,"href":"https:\/\/moitoarchery.com\/en\/wp-json\/wp\/v2\/media\/36753"}],"wp:attachment":[{"href":"https:\/\/moitoarchery.com\/en\/wp-json\/wp\/v2\/media?parent=36644"}],"wp:term":[{"taxonomy":"product_brand","embeddable":true,"href":"https:\/\/moitoarchery.com\/en\/wp-json\/wp\/v2\/product_brand?post=36644"},{"taxonomy":"product_cat","embeddable":true,"href":"https:\/\/moitoarchery.com\/en\/wp-json\/wp\/v2\/product_cat?post=36644"},{"taxonomy":"product_tag","embeddable":true,"href":"https:\/\/moitoarchery.com\/en\/wp-json\/wp\/v2\/product_tag?post=36644"}],"curies":[{"name":"wp","href":"https:\/\/api.w.org\/{rel}","templated":true}]}}