{"id":35803,"date":"2024-07-22T16:42:37","date_gmt":"2024-07-22T14:42:37","guid":{"rendered":"https:\/\/moitoarchery.com\/?post_type=product&#038;p=35803"},"modified":"2026-04-16T11:18:28","modified_gmt":"2026-04-16T09:18:28","slug":"kit-arco-olimpico-lancer","status":"publish","type":"product","link":"https:\/\/moitoarchery.com\/en\/product\/kit-arco-olimpico-lancer\/","title":{"rendered":"Kit Arco Ol\u00edmpico Lancer"},"content":{"rendered":"<p>El kit arco ol\u00edmpico Lancer con todo el equipamiento incluye:<\/p>\n<ul>\n<li>Cuerpo Kinetic Lancer V2 25\u2033 RH\/LH. (<span style=\"color: #0000ff\"><a style=\"color: #0000ff\" href=\"https:\/\/moitoarchery.com\/producto\/cuerpo-kinetic-lancer-25\/\">Ver colores<\/a><\/span>)<\/li>\n<li>Palas Kinetic Honoric Carbon Foam<\/li>\n<li>Cuerda Nitro BCY 8125 16 hilos (<span style=\"color: #0000ff\"><a style=\"color: #0000ff\" href=\"https:\/\/moitoarchery.com\/producto\/cuerda-nitro-bcy-8125-16-hilos\/\">Ver colores<\/a><\/span>)<\/li>\n<li>Nock<\/li>\n<li>Reposaflechas Avalon Tec One (<span style=\"color: #0000ff\"><a style=\"color: #0000ff\" href=\"https:\/\/moitoarchery.com\/producto\/reposaflechas-avalon-stick-on-tec-one-magnetico-rh\/\">Ver colores<\/a><\/span>)<\/li>\n<li>Bot\u00f3n de presi\u00f3n Avalon Tec One (<a href=\"https:\/\/moitoarchery.com\/producto\/boton-de-presion-avalon-tec-one\/\"><span style=\"color: #0000ff\">Ver colores<\/span><\/a>)<\/li>\n<li>Soporte Avalon EOLA<\/li>\n<li>Flecha Completa Avalon Classic (6 uds)<\/li>\n<li>Mochila Avalon Classic con tubo para flechas (<span style=\"color: #0000ff\"><a style=\"color: #0000ff\" href=\"https:\/\/moitoarchery.com\/producto\/mochila-avalon-classic\/\">Ver colores<\/a><\/span>)<\/li>\n<li>Carcaj Avalon Classic (<span style=\"color: #0000ff\"><a style=\"color: #0000ff\" href=\"https:\/\/moitoarchery.com\/producto\/carcaj-avalon-classic\/\">Ver colores<\/a><\/span>)<\/li>\n<li>Dactilera Avalon Classic Prime (<span style=\"color: #0000ff\"><a style=\"color: #0000ff\" href=\"https:\/\/moitoarchery.com\/producto\/dactilera-avalon-classic-prime\/\">Talla a elegir<\/a><\/span>)<\/li>\n<li>Dragonera Avalon para arco recurvo ol\u00edmpico (<a href=\"https:\/\/moitoarchery.com\/producto\/dragonera-avalon\/\"><span style=\"color: #0000ff\">Talla a elegir<\/span><\/a>)<\/li>\n<li>Protector de brazo Easton Comfort<\/li>\n<li>Armador de arco Avalon<\/li>\n<li>Visor Avalon Classic Metal 8\/32\u201d para arco recurvo con \u00edndice<\/li>\n<li>Estabilizador Avalon Largo 26&#8243;,28&#8243; o 30&#8243; (<span style=\"color: #0000ff\"><a style=\"color: #0000ff\" href=\"https:\/\/moitoarchery.com\/producto\/estabilizador-largo-avalon-tyro-de-26-28-y-30\/\">Ver colores<\/a><\/span>)<\/li>\n<\/ul>\n<p>*Especificar los colores y tallas en un comentario<\/p>\n","protected":false},"excerpt":{"rendered":"<p>Kit completo de tiro con arco ol\u00edmpico, dise\u00f1ado para ofrecer precisi\u00f3n y rendimiento de alto nivel. Incluye todo lo necesario para una experiencia de tiro profesional. Ideal para arqueros de todos los niveles que buscan mejorar su t\u00e9cnica y precisi\u00f3n en competiciones.<\/p>\n","protected":false},"featured_media":44376,"comment_status":"open","ping_status":"closed","template":"","meta":{"_acf_changed":false},"product_brand":[4054],"product_cat":[469,114],"product_tag":[190,4440],"class_list":{"0":"post-35803","1":"product","2":"type-product","3":"status-publish","4":"has-post-thumbnail","6":"product_brand-varios","7":"product_cat-kits-de-arco-olimpico","8":"product_cat-kit-arco-completo","9":"product_tag-arcos-olimpicos","10":"product_tag-kit","11":"product_shipping_class-envio-pe-2090e-ba-3890e","13":"first","14":"instock","15":"sale","16":"taxable","17":"shipping-taxable","18":"purchasable","19":"product-type-easy_product_bundle"},"acf":[],"yoast_head":"<!-- This site is optimized with the Yoast SEO plugin v27.3 - https:\/\/yoast.com\/product\/yoast-seo-wordpress\/ -->\n<title>Kit Arco Ol\u00edmpico Lancer - MoitoArchery<\/title>\n<meta name=\"robots\" content=\"index, follow, max-snippet:-1, max-image-preview:large, max-video-preview:-1\" \/>\n<link rel=\"canonical\" href=\"https:\/\/moitoarchery.com\/en\/product\/kit-arco-olimpico-lancer\/\" \/>\n<meta property=\"og:locale\" content=\"en_US\" \/>\n<meta property=\"og:type\" content=\"article\" \/>\n<meta property=\"og:title\" content=\"Kit Arco Ol\u00edmpico Lancer - MoitoArchery\" \/>\n<meta property=\"og:description\" content=\"Kit completo de tiro con arco ol\u00edmpico, dise\u00f1ado para ofrecer precisi\u00f3n y rendimiento de alto nivel. Incluye todo lo necesario para una experiencia de tiro profesional. Ideal para arqueros de todos los niveles que buscan mejorar su t\u00e9cnica y precisi\u00f3n en competiciones.\" \/>\n<meta property=\"og:url\" content=\"https:\/\/moitoarchery.com\/en\/product\/kit-arco-olimpico-lancer\/\" \/>\n<meta property=\"og:site_name\" content=\"MoitoArchery\" \/>\n<meta property=\"article:publisher\" content=\"https:\/\/www.facebook.com\/arqueriaOnline\/\" \/>\n<meta property=\"article:modified_time\" content=\"2026-04-16T09:18:28+00:00\" \/>\n<meta property=\"og:image\" content=\"https:\/\/moitoarchery.com\/wp-content\/uploads\/2024\/07\/kit-lancer-con-visor-classic-1.jpg\" \/>\n\t<meta property=\"og:image:width\" content=\"800\" \/>\n\t<meta property=\"og:image:height\" content=\"800\" \/>\n\t<meta property=\"og:image:type\" content=\"image\/jpeg\" \/>\n<meta name=\"twitter:card\" content=\"summary_large_image\" \/>\n<meta name=\"twitter:label1\" content=\"Est. reading time\" \/>\n\t<meta name=\"twitter:data1\" content=\"2 minutes\" \/>\n<script type=\"application\/ld+json\" class=\"yoast-schema-graph\">{\"@context\":\"https:\\\/\\\/schema.org\",\"@graph\":[{\"@type\":\"WebPage\",\"@id\":\"https:\\\/\\\/moitoarchery.com\\\/en\\\/product\\\/kit-arco-olimpico-lancer\\\/\",\"url\":\"https:\\\/\\\/moitoarchery.com\\\/en\\\/product\\\/kit-arco-olimpico-lancer\\\/\",\"name\":\"Kit Arco Ol\u00edmpico Lancer - MoitoArchery\",\"isPartOf\":{\"@id\":\"https:\\\/\\\/moitoarchery.com\\\/en\\\/#website\"},\"primaryImageOfPage\":{\"@id\":\"https:\\\/\\\/moitoarchery.com\\\/en\\\/product\\\/kit-arco-olimpico-lancer\\\/#primaryimage\"},\"image\":{\"@id\":\"https:\\\/\\\/moitoarchery.com\\\/en\\\/product\\\/kit-arco-olimpico-lancer\\\/#primaryimage\"},\"thumbnailUrl\":\"https:\\\/\\\/moitoarchery.com\\\/wp-content\\\/uploads\\\/2024\\\/07\\\/kit-lancer-con-visor-classic-1.jpg\",\"datePublished\":\"2024-07-22T14:42:37+00:00\",\"dateModified\":\"2026-04-16T09:18:28+00:00\",\"breadcrumb\":{\"@id\":\"https:\\\/\\\/moitoarchery.com\\\/en\\\/product\\\/kit-arco-olimpico-lancer\\\/#breadcrumb\"},\"inLanguage\":\"en-US\",\"potentialAction\":[{\"@type\":\"ReadAction\",\"target\":[\"https:\\\/\\\/moitoarchery.com\\\/en\\\/product\\\/kit-arco-olimpico-lancer\\\/\"]}]},{\"@type\":\"ImageObject\",\"inLanguage\":\"en-US\",\"@id\":\"https:\\\/\\\/moitoarchery.com\\\/en\\\/product\\\/kit-arco-olimpico-lancer\\\/#primaryimage\",\"url\":\"https:\\\/\\\/moitoarchery.com\\\/wp-content\\\/uploads\\\/2024\\\/07\\\/kit-lancer-con-visor-classic-1.jpg\",\"contentUrl\":\"https:\\\/\\\/moitoarchery.com\\\/wp-content\\\/uploads\\\/2024\\\/07\\\/kit-lancer-con-visor-classic-1.jpg\",\"width\":800,\"height\":800,\"caption\":\"Lancer Olympic Bow Kit\"},{\"@type\":\"BreadcrumbList\",\"@id\":\"https:\\\/\\\/moitoarchery.com\\\/en\\\/product\\\/kit-arco-olimpico-lancer\\\/#breadcrumb\",\"itemListElement\":[{\"@type\":\"ListItem\",\"position\":1,\"name\":\"Portada\",\"item\":\"https:\\\/\\\/moitoarchery.com\\\/en\\\/\"},{\"@type\":\"ListItem\",\"position\":2,\"name\":\"Shop\",\"item\":\"https:\\\/\\\/moitoarchery.com\\\/en\\\/shop\\\/\"},{\"@type\":\"ListItem\",\"position\":3,\"name\":\"Kit Arco Ol\u00edmpico Lancer\"}]},{\"@type\":\"WebSite\",\"@id\":\"https:\\\/\\\/moitoarchery.com\\\/en\\\/#website\",\"url\":\"https:\\\/\\\/moitoarchery.com\\\/en\\\/\",\"name\":\"MoitoArchery\",\"description\":\"Tienda de Tiro con arco\",\"publisher\":{\"@id\":\"https:\\\/\\\/moitoarchery.com\\\/en\\\/#organization\"},\"potentialAction\":[{\"@type\":\"SearchAction\",\"target\":{\"@type\":\"EntryPoint\",\"urlTemplate\":\"https:\\\/\\\/moitoarchery.com\\\/en\\\/?s={search_term_string}\"},\"query-input\":{\"@type\":\"PropertyValueSpecification\",\"valueRequired\":true,\"valueName\":\"search_term_string\"}}],\"inLanguage\":\"en-US\"},{\"@type\":\"Organization\",\"@id\":\"https:\\\/\\\/moitoarchery.com\\\/en\\\/#organization\",\"name\":\"MoitoArchery\",\"url\":\"https:\\\/\\\/moitoarchery.com\\\/en\\\/\",\"logo\":{\"@type\":\"ImageObject\",\"inLanguage\":\"en-US\",\"@id\":\"https:\\\/\\\/moitoarchery.com\\\/en\\\/#\\\/schema\\\/logo\\\/image\\\/\",\"url\":\"https:\\\/\\\/moitoarchery.com\\\/wp-content\\\/uploads\\\/2020\\\/09\\\/logotipo-moitoarchery.png\",\"contentUrl\":\"https:\\\/\\\/moitoarchery.com\\\/wp-content\\\/uploads\\\/2020\\\/09\\\/logotipo-moitoarchery.png\",\"width\":300,\"height\":66,\"caption\":\"MoitoArchery\"},\"image\":{\"@id\":\"https:\\\/\\\/moitoarchery.com\\\/en\\\/#\\\/schema\\\/logo\\\/image\\\/\"},\"sameAs\":[\"https:\\\/\\\/www.facebook.com\\\/arqueriaOnline\\\/\",\"https:\\\/\\\/www.instagram.com\\\/moitoarchery\\\/\",\"https:\\\/\\\/www.youtube.com\\\/channel\\\/UCvmj39gVUIKVoJJ6vQC9GPA\\\/\"]}]}<\/script>\n<!-- \/ Yoast SEO plugin. -->","yoast_head_json":{"title":"Kit Arco Ol\u00edmpico Lancer - MoitoArchery","robots":{"index":"index","follow":"follow","max-snippet":"max-snippet:-1","max-image-preview":"max-image-preview:large","max-video-preview":"max-video-preview:-1"},"canonical":"https:\/\/moitoarchery.com\/en\/product\/kit-arco-olimpico-lancer\/","og_locale":"en_US","og_type":"article","og_title":"Kit Arco Ol\u00edmpico Lancer - MoitoArchery","og_description":"Kit completo de tiro con arco ol\u00edmpico, dise\u00f1ado para ofrecer precisi\u00f3n y rendimiento de alto nivel. Incluye todo lo necesario para una experiencia de tiro profesional. Ideal para arqueros de todos los niveles que buscan mejorar su t\u00e9cnica y precisi\u00f3n en competiciones.","og_url":"https:\/\/moitoarchery.com\/en\/product\/kit-arco-olimpico-lancer\/","og_site_name":"MoitoArchery","article_publisher":"https:\/\/www.facebook.com\/arqueriaOnline\/","article_modified_time":"2026-04-16T09:18:28+00:00","og_image":[{"width":800,"height":800,"url":"https:\/\/moitoarchery.com\/wp-content\/uploads\/2024\/07\/kit-lancer-con-visor-classic-1.jpg","type":"image\/jpeg"}],"twitter_card":"summary_large_image","twitter_misc":{"Est. reading time":"2 minutes"},"schema":{"@context":"https:\/\/schema.org","@graph":[{"@type":"WebPage","@id":"https:\/\/moitoarchery.com\/en\/product\/kit-arco-olimpico-lancer\/","url":"https:\/\/moitoarchery.com\/en\/product\/kit-arco-olimpico-lancer\/","name":"Kit Arco Ol\u00edmpico Lancer - MoitoArchery","isPartOf":{"@id":"https:\/\/moitoarchery.com\/en\/#website"},"primaryImageOfPage":{"@id":"https:\/\/moitoarchery.com\/en\/product\/kit-arco-olimpico-lancer\/#primaryimage"},"image":{"@id":"https:\/\/moitoarchery.com\/en\/product\/kit-arco-olimpico-lancer\/#primaryimage"},"thumbnailUrl":"https:\/\/moitoarchery.com\/wp-content\/uploads\/2024\/07\/kit-lancer-con-visor-classic-1.jpg","datePublished":"2024-07-22T14:42:37+00:00","dateModified":"2026-04-16T09:18:28+00:00","breadcrumb":{"@id":"https:\/\/moitoarchery.com\/en\/product\/kit-arco-olimpico-lancer\/#breadcrumb"},"inLanguage":"en-US","potentialAction":[{"@type":"ReadAction","target":["https:\/\/moitoarchery.com\/en\/product\/kit-arco-olimpico-lancer\/"]}]},{"@type":"ImageObject","inLanguage":"en-US","@id":"https:\/\/moitoarchery.com\/en\/product\/kit-arco-olimpico-lancer\/#primaryimage","url":"https:\/\/moitoarchery.com\/wp-content\/uploads\/2024\/07\/kit-lancer-con-visor-classic-1.jpg","contentUrl":"https:\/\/moitoarchery.com\/wp-content\/uploads\/2024\/07\/kit-lancer-con-visor-classic-1.jpg","width":800,"height":800,"caption":"Lancer Olympic Bow Kit"},{"@type":"BreadcrumbList","@id":"https:\/\/moitoarchery.com\/en\/product\/kit-arco-olimpico-lancer\/#breadcrumb","itemListElement":[{"@type":"ListItem","position":1,"name":"Portada","item":"https:\/\/moitoarchery.com\/en\/"},{"@type":"ListItem","position":2,"name":"Shop","item":"https:\/\/moitoarchery.com\/en\/shop\/"},{"@type":"ListItem","position":3,"name":"Kit Arco Ol\u00edmpico Lancer"}]},{"@type":"WebSite","@id":"https:\/\/moitoarchery.com\/en\/#website","url":"https:\/\/moitoarchery.com\/en\/","name":"MoitoArchery","description":"Tienda de Tiro con arco","publisher":{"@id":"https:\/\/moitoarchery.com\/en\/#organization"},"potentialAction":[{"@type":"SearchAction","target":{"@type":"EntryPoint","urlTemplate":"https:\/\/moitoarchery.com\/en\/?s={search_term_string}"},"query-input":{"@type":"PropertyValueSpecification","valueRequired":true,"valueName":"search_term_string"}}],"inLanguage":"en-US"},{"@type":"Organization","@id":"https:\/\/moitoarchery.com\/en\/#organization","name":"MoitoArchery","url":"https:\/\/moitoarchery.com\/en\/","logo":{"@type":"ImageObject","inLanguage":"en-US","@id":"https:\/\/moitoarchery.com\/en\/#\/schema\/logo\/image\/","url":"https:\/\/moitoarchery.com\/wp-content\/uploads\/2020\/09\/logotipo-moitoarchery.png","contentUrl":"https:\/\/moitoarchery.com\/wp-content\/uploads\/2020\/09\/logotipo-moitoarchery.png","width":300,"height":66,"caption":"MoitoArchery"},"image":{"@id":"https:\/\/moitoarchery.com\/en\/#\/schema\/logo\/image\/"},"sameAs":["https:\/\/www.facebook.com\/arqueriaOnline\/","https:\/\/www.instagram.com\/moitoarchery\/","https:\/\/www.youtube.com\/channel\/UCvmj39gVUIKVoJJ6vQC9GPA\/"]}]}},"_links":{"self":[{"href":"https:\/\/moitoarchery.com\/en\/wp-json\/wp\/v2\/product\/35803","targetHints":{"allow":["GET"]}}],"collection":[{"href":"https:\/\/moitoarchery.com\/en\/wp-json\/wp\/v2\/product"}],"about":[{"href":"https:\/\/moitoarchery.com\/en\/wp-json\/wp\/v2\/types\/product"}],"replies":[{"embeddable":true,"href":"https:\/\/moitoarchery.com\/en\/wp-json\/wp\/v2\/comments?post=35803"}],"version-history":[{"count":2,"href":"https:\/\/moitoarchery.com\/en\/wp-json\/wp\/v2\/product\/35803\/revisions"}],"predecessor-version":[{"id":132220,"href":"https:\/\/moitoarchery.com\/en\/wp-json\/wp\/v2\/product\/35803\/revisions\/132220"}],"wp:featuredmedia":[{"embeddable":true,"href":"https:\/\/moitoarchery.com\/en\/wp-json\/wp\/v2\/media\/44376"}],"wp:attachment":[{"href":"https:\/\/moitoarchery.com\/en\/wp-json\/wp\/v2\/media?parent=35803"}],"wp:term":[{"taxonomy":"product_brand","embeddable":true,"href":"https:\/\/moitoarchery.com\/en\/wp-json\/wp\/v2\/product_brand?post=35803"},{"taxonomy":"product_cat","embeddable":true,"href":"https:\/\/moitoarchery.com\/en\/wp-json\/wp\/v2\/product_cat?post=35803"},{"taxonomy":"product_tag","embeddable":true,"href":"https:\/\/moitoarchery.com\/en\/wp-json\/wp\/v2\/product_tag?post=35803"}],"curies":[{"name":"wp","href":"https:\/\/api.w.org\/{rel}","templated":true}]}}