{"id":23015,"date":"2023-12-04T16:41:50","date_gmt":"2023-12-04T15:41:50","guid":{"rendered":"https:\/\/moitoarchery.com\/?post_type=product&#038;p=23015"},"modified":"2026-04-16T11:17:44","modified_gmt":"2026-04-16T09:17:44","slug":"kit-arco-recurvo-estandar-vygo-honor-con-todo-el-equipo","status":"publish","type":"product","link":"https:\/\/moitoarchery.com\/en\/product\/kit-arco-recurvo-estandar-vygo-honor-con-todo-el-equipo\/","title":{"rendered":"Kit Arco Recurvo Est\u00e1ndar Vygo &#038; Honor con todo el equipo"},"content":{"rendered":"<p>El Kit de Arco Recurvo Est\u00e1ndar Vygo &amp; Honor incluye:<\/p>\n<ul>\n<li>Cuerpo Kinetic CNC Vygo 25\u2033 (<span style=\"color: #0000ff;\"><a style=\"color: #0000ff;\" href=\"https:\/\/moitoarchery.com\/producto\/cuerpo-kinetic-cnc-vygo-25-rh\/\">Color a elegir<\/a><\/span>)<\/li>\n<li>Palas Kinetic Honoric Carbon Foam ILF<\/li>\n<li>Cuerda NITRO BCY 8125 16 hilos (<a href=\"https:\/\/moitoarchery.com\/producto\/cuerda-nitro-bcy-8125-16-hilos\/\"><span style=\"color: #0000ff;\">Color a elegir<\/span><\/a>)<\/li>\n<li>Reposaflechas Spigarelli Z\/T Magnetico Tipo \u00abC\u00bb<\/li>\n<li>Carcaj Avalon Tyro 2.0 con tres tubos de cintura (<span style=\"color: #0000ff;\"><a style=\"color: #0000ff;\" href=\"https:\/\/moitoarchery.com\/producto\/carcaj-avalon-tyro-2-0-con-tres-tubos-de-cintura-y-bolsillo-lateral\/\">Color a elegir<\/a><\/span>)<\/li>\n<li>Dactilera Avalon Classic Prime para tiro con arco ol\u00edmpico (<a href=\"https:\/\/moitoarchery.com\/producto\/dactilera-avalon-classic-prime\/\"><span style=\"color: #0000ff;\">Color a elegir<\/span><\/a>)<\/li>\n<li>Protector de brazo Easton Deluxe Oval de policarbonato (<span style=\"color: #0000ff;\"><a style=\"color: #0000ff;\" href=\"https:\/\/moitoarchery.com\/producto\/protector-de-brazo-easton-deluxe-oval\/\">Color a elegir<\/a><\/span>)<\/li>\n<li>Armador De Arco Avalon para arcos recurvos<\/li>\n<li>Dragonera KAP de nylon ajustable Winstorm<\/li>\n<li>Mochila Avalon Tyro con tubo portaflechas (<span style=\"color: #0000ff;\"><a style=\"color: #0000ff;\" href=\"https:\/\/moitoarchery.com\/producto\/mochila-avalon-tyro\/\">Color a elegir<\/a><\/span>)<\/li>\n<li>Soporte para Arco Avalon EOLA de recurvo y ol\u00edmpico<\/li>\n<li>Flecha Completa Skylon Radius ID4.2 (6 uds)<\/li>\n<li>Bot\u00f3n de presi\u00f3n Avalon Tec One (<a href=\"https:\/\/moitoarchery.com\/producto\/boton-de-presion-avalon-tec-one\/\"><span style=\"color: #0000ff;\">Color a elegir<\/span><\/a>)<\/li>\n<li>Peso para cuerpo con rosca 5\/16\u2033 de 180gr<\/li>\n<\/ul>\n","protected":false},"excerpt":{"rendered":"<p>El Kit de Arco Recurvo Est\u00e1ndar Vygo &amp; Honor es un conjunto completo dise\u00f1ado para arqueros que buscan calidad y rendimiento. Incluye el cuerpo Kinetic CNC Vygo de 25&#8243;, palas Kinetic Honoric Carbon Foam ILF, cuerda NITRO BCY 8125 de 16 hilos, y un reposaflechas Spigarelli Z\/T Magn\u00e9tico Tipo &#8220;C&#8221;. Adem\u00e1s, trae un carcaj Avalon Tyro 2.0, dactilera Avalon Classic Prime, protector de brazo Easton Deluxe, y armador de arco Avalon. Tambi\u00e9n contiene una dragonera KAP de nylon, mochila Avalon Tyro, soporte para arco Avalon EOLA, flechas Skylon Radius (6 uds.), bot\u00f3n de presi\u00f3n Avalon Tec One y peso para cuerpo de 180gr. Ideal para los arqueros que buscan un kit profesional y vers\u00e1til.<\/p>\n","protected":false},"featured_media":23016,"comment_status":"open","ping_status":"closed","template":"","meta":{"_acf_changed":false},"product_brand":[4054],"product_cat":[469],"product_tag":[190],"class_list":{"0":"post-23015","1":"product","2":"type-product","3":"status-publish","4":"has-post-thumbnail","6":"product_brand-varios","7":"product_cat-kits-de-arco-olimpico","8":"product_tag-arcos-olimpicos","9":"product_shipping_class-envio-pe-2090e-ba-3890e","11":"first","12":"onbackorder","13":"sale","14":"taxable","15":"shipping-taxable","16":"purchasable","17":"product-type-easy_product_bundle"},"acf":[],"yoast_head":"<!-- This site is optimized with the Yoast SEO plugin v27.4 - https:\/\/yoast.com\/product\/yoast-seo-wordpress\/ -->\n<title>Kit Arco Recurvo Est\u00e1ndar Vygo &amp; Honor con todo el equipo - MoitoArchery<\/title>\n<meta name=\"description\" content=\"El Kit de Arco Recurvo Est\u00e1ndar Vygo &amp; Honor es un conjunto completo dise\u00f1ado para arqueros que buscan calidad y rendimiento. Incluye el cuerpo Kinetic CNC Vygo de 25&quot; (con opci\u00f3n de color), palas Kinetic Honoric Carbon Foam ILF, cuerda NITRO BCY 8125 de 16 hilos, y un reposaflechas Spigarelli Z\/T Magn\u00e9tico Tipo &quot;C&quot;. Adem\u00e1s, trae un carcaj Avalon Tyro 2.0, dactilera Avalon Classic Prime, protector de brazo Easton Deluxe, y armador de arco Avalon. Tambi\u00e9n contiene una dragonera KAP de nylon, mochila Avalon Tyro, soporte para arco Avalon EOLA, flechas Skylon Radius (6 uds.), bot\u00f3n de presi\u00f3n Avalon Tec One y peso para cuerpo de 180gr. Ideal para los arqueros que buscan un kit profesional y vers\u00e1til.\" \/>\n<meta name=\"robots\" content=\"index, follow, max-snippet:-1, max-image-preview:large, max-video-preview:-1\" \/>\n<link rel=\"canonical\" href=\"https:\/\/moitoarchery.com\/en\/product\/kit-arco-recurvo-estandar-vygo-honor-con-todo-el-equipo\/\" \/>\n<meta property=\"og:locale\" content=\"en_US\" \/>\n<meta property=\"og:type\" content=\"article\" \/>\n<meta property=\"og:title\" content=\"Kit Arco Recurvo Est\u00e1ndar Vygo &amp; Honor con todo el equipo - MoitoArchery\" \/>\n<meta property=\"og:description\" content=\"El Kit de Arco Recurvo Est\u00e1ndar Vygo &amp; Honor es un conjunto completo dise\u00f1ado para arqueros que buscan calidad y rendimiento. Incluye el cuerpo Kinetic CNC Vygo de 25&quot; (con opci\u00f3n de color), palas Kinetic Honoric Carbon Foam ILF, cuerda NITRO BCY 8125 de 16 hilos, y un reposaflechas Spigarelli Z\/T Magn\u00e9tico Tipo &quot;C&quot;. Adem\u00e1s, trae un carcaj Avalon Tyro 2.0, dactilera Avalon Classic Prime, protector de brazo Easton Deluxe, y armador de arco Avalon. Tambi\u00e9n contiene una dragonera KAP de nylon, mochila Avalon Tyro, soporte para arco Avalon EOLA, flechas Skylon Radius (6 uds.), bot\u00f3n de presi\u00f3n Avalon Tec One y peso para cuerpo de 180gr. Ideal para los arqueros que buscan un kit profesional y vers\u00e1til.\" \/>\n<meta property=\"og:url\" content=\"https:\/\/moitoarchery.com\/en\/product\/kit-arco-recurvo-estandar-vygo-honor-con-todo-el-equipo\/\" \/>\n<meta property=\"og:site_name\" content=\"MoitoArchery\" \/>\n<meta property=\"article:publisher\" content=\"https:\/\/www.facebook.com\/arqueriaOnline\/\" \/>\n<meta property=\"article:modified_time\" content=\"2026-04-16T09:17:44+00:00\" \/>\n<meta property=\"og:image\" content=\"https:\/\/moitoarchery.com\/wp-content\/uploads\/2023\/12\/kit-vygo-honor-arco-estandar.jpg\" \/>\n\t<meta property=\"og:image:width\" content=\"800\" \/>\n\t<meta property=\"og:image:height\" content=\"800\" \/>\n\t<meta property=\"og:image:type\" content=\"image\/jpeg\" \/>\n<meta name=\"twitter:card\" content=\"summary_large_image\" \/>\n<meta name=\"twitter:label1\" content=\"Est. reading time\" \/>\n\t<meta name=\"twitter:data1\" content=\"1 minute\" \/>\n<script type=\"application\/ld+json\" class=\"yoast-schema-graph\">{\"@context\":\"https:\\\/\\\/schema.org\",\"@graph\":[{\"@type\":\"WebPage\",\"@id\":\"https:\\\/\\\/moitoarchery.com\\\/en\\\/product\\\/kit-arco-recurvo-estandar-vygo-honor-con-todo-el-equipo\\\/\",\"url\":\"https:\\\/\\\/moitoarchery.com\\\/en\\\/product\\\/kit-arco-recurvo-estandar-vygo-honor-con-todo-el-equipo\\\/\",\"name\":\"Kit Arco Recurvo Est\u00e1ndar Vygo & Honor con todo el equipo - MoitoArchery\",\"isPartOf\":{\"@id\":\"https:\\\/\\\/moitoarchery.com\\\/en\\\/#website\"},\"primaryImageOfPage\":{\"@id\":\"https:\\\/\\\/moitoarchery.com\\\/en\\\/product\\\/kit-arco-recurvo-estandar-vygo-honor-con-todo-el-equipo\\\/#primaryimage\"},\"image\":{\"@id\":\"https:\\\/\\\/moitoarchery.com\\\/en\\\/product\\\/kit-arco-recurvo-estandar-vygo-honor-con-todo-el-equipo\\\/#primaryimage\"},\"thumbnailUrl\":\"https:\\\/\\\/moitoarchery.com\\\/wp-content\\\/uploads\\\/2023\\\/12\\\/kit-vygo-honor-arco-estandar.jpg\",\"datePublished\":\"2023-12-04T15:41:50+00:00\",\"dateModified\":\"2026-04-16T09:17:44+00:00\",\"description\":\"El Kit de Arco Recurvo Est\u00e1ndar Vygo & Honor es un conjunto completo dise\u00f1ado para arqueros que buscan calidad y rendimiento. Incluye el cuerpo Kinetic CNC Vygo de 25\\\" (con opci\u00f3n de color), palas Kinetic Honoric Carbon Foam ILF, cuerda NITRO BCY 8125 de 16 hilos, y un reposaflechas Spigarelli Z\\\/T Magn\u00e9tico Tipo \\\"C\\\". Adem\u00e1s, trae un carcaj Avalon Tyro 2.0, dactilera Avalon Classic Prime, protector de brazo Easton Deluxe, y armador de arco Avalon. Tambi\u00e9n contiene una dragonera KAP de nylon, mochila Avalon Tyro, soporte para arco Avalon EOLA, flechas Skylon Radius (6 uds.), bot\u00f3n de presi\u00f3n Avalon Tec One y peso para cuerpo de 180gr. Ideal para los arqueros que buscan un kit profesional y vers\u00e1til.\",\"breadcrumb\":{\"@id\":\"https:\\\/\\\/moitoarchery.com\\\/en\\\/product\\\/kit-arco-recurvo-estandar-vygo-honor-con-todo-el-equipo\\\/#breadcrumb\"},\"inLanguage\":\"en-US\",\"potentialAction\":[{\"@type\":\"ReadAction\",\"target\":[\"https:\\\/\\\/moitoarchery.com\\\/en\\\/product\\\/kit-arco-recurvo-estandar-vygo-honor-con-todo-el-equipo\\\/\"]}]},{\"@type\":\"ImageObject\",\"inLanguage\":\"en-US\",\"@id\":\"https:\\\/\\\/moitoarchery.com\\\/en\\\/product\\\/kit-arco-recurvo-estandar-vygo-honor-con-todo-el-equipo\\\/#primaryimage\",\"url\":\"https:\\\/\\\/moitoarchery.com\\\/wp-content\\\/uploads\\\/2023\\\/12\\\/kit-vygo-honor-arco-estandar.jpg\",\"contentUrl\":\"https:\\\/\\\/moitoarchery.com\\\/wp-content\\\/uploads\\\/2023\\\/12\\\/kit-vygo-honor-arco-estandar.jpg\",\"width\":800,\"height\":800,\"caption\":\"Vygo & Honor Standard Recurve Bow Kit with Complete Equipment\"},{\"@type\":\"BreadcrumbList\",\"@id\":\"https:\\\/\\\/moitoarchery.com\\\/en\\\/product\\\/kit-arco-recurvo-estandar-vygo-honor-con-todo-el-equipo\\\/#breadcrumb\",\"itemListElement\":[{\"@type\":\"ListItem\",\"position\":1,\"name\":\"Portada\",\"item\":\"https:\\\/\\\/moitoarchery.com\\\/en\\\/\"},{\"@type\":\"ListItem\",\"position\":2,\"name\":\"Shop\",\"item\":\"https:\\\/\\\/moitoarchery.com\\\/en\\\/shop\\\/\"},{\"@type\":\"ListItem\",\"position\":3,\"name\":\"Kit Arco Recurvo Est\u00e1ndar Vygo &#038; Honor con todo el equipo\"}]},{\"@type\":\"WebSite\",\"@id\":\"https:\\\/\\\/moitoarchery.com\\\/en\\\/#website\",\"url\":\"https:\\\/\\\/moitoarchery.com\\\/en\\\/\",\"name\":\"MoitoArchery\",\"description\":\"Tienda de Tiro con arco\",\"publisher\":{\"@id\":\"https:\\\/\\\/moitoarchery.com\\\/en\\\/#organization\"},\"potentialAction\":[{\"@type\":\"SearchAction\",\"target\":{\"@type\":\"EntryPoint\",\"urlTemplate\":\"https:\\\/\\\/moitoarchery.com\\\/en\\\/?s={search_term_string}\"},\"query-input\":{\"@type\":\"PropertyValueSpecification\",\"valueRequired\":true,\"valueName\":\"search_term_string\"}}],\"inLanguage\":\"en-US\"},{\"@type\":\"Organization\",\"@id\":\"https:\\\/\\\/moitoarchery.com\\\/en\\\/#organization\",\"name\":\"MoitoArchery\",\"url\":\"https:\\\/\\\/moitoarchery.com\\\/en\\\/\",\"logo\":{\"@type\":\"ImageObject\",\"inLanguage\":\"en-US\",\"@id\":\"https:\\\/\\\/moitoarchery.com\\\/en\\\/#\\\/schema\\\/logo\\\/image\\\/\",\"url\":\"https:\\\/\\\/moitoarchery.com\\\/wp-content\\\/uploads\\\/2020\\\/09\\\/logotipo-moitoarchery.png\",\"contentUrl\":\"https:\\\/\\\/moitoarchery.com\\\/wp-content\\\/uploads\\\/2020\\\/09\\\/logotipo-moitoarchery.png\",\"width\":300,\"height\":66,\"caption\":\"MoitoArchery\"},\"image\":{\"@id\":\"https:\\\/\\\/moitoarchery.com\\\/en\\\/#\\\/schema\\\/logo\\\/image\\\/\"},\"sameAs\":[\"https:\\\/\\\/www.facebook.com\\\/arqueriaOnline\\\/\",\"https:\\\/\\\/www.instagram.com\\\/moitoarchery\\\/\",\"https:\\\/\\\/www.youtube.com\\\/channel\\\/UCvmj39gVUIKVoJJ6vQC9GPA\\\/\"]}]}<\/script>\n<!-- \/ Yoast SEO plugin. -->","yoast_head_json":{"title":"Kit Arco Recurvo Est\u00e1ndar Vygo & Honor con todo el equipo - MoitoArchery","description":"El Kit de Arco Recurvo Est\u00e1ndar Vygo & Honor es un conjunto completo dise\u00f1ado para arqueros que buscan calidad y rendimiento. Incluye el cuerpo Kinetic CNC Vygo de 25\" (con opci\u00f3n de color), palas Kinetic Honoric Carbon Foam ILF, cuerda NITRO BCY 8125 de 16 hilos, y un reposaflechas Spigarelli Z\/T Magn\u00e9tico Tipo \"C\". Adem\u00e1s, trae un carcaj Avalon Tyro 2.0, dactilera Avalon Classic Prime, protector de brazo Easton Deluxe, y armador de arco Avalon. Tambi\u00e9n contiene una dragonera KAP de nylon, mochila Avalon Tyro, soporte para arco Avalon EOLA, flechas Skylon Radius (6 uds.), bot\u00f3n de presi\u00f3n Avalon Tec One y peso para cuerpo de 180gr. Ideal para los arqueros que buscan un kit profesional y vers\u00e1til.","robots":{"index":"index","follow":"follow","max-snippet":"max-snippet:-1","max-image-preview":"max-image-preview:large","max-video-preview":"max-video-preview:-1"},"canonical":"https:\/\/moitoarchery.com\/en\/product\/kit-arco-recurvo-estandar-vygo-honor-con-todo-el-equipo\/","og_locale":"en_US","og_type":"article","og_title":"Kit Arco Recurvo Est\u00e1ndar Vygo & Honor con todo el equipo - MoitoArchery","og_description":"El Kit de Arco Recurvo Est\u00e1ndar Vygo & Honor es un conjunto completo dise\u00f1ado para arqueros que buscan calidad y rendimiento. Incluye el cuerpo Kinetic CNC Vygo de 25\" (con opci\u00f3n de color), palas Kinetic Honoric Carbon Foam ILF, cuerda NITRO BCY 8125 de 16 hilos, y un reposaflechas Spigarelli Z\/T Magn\u00e9tico Tipo \"C\". Adem\u00e1s, trae un carcaj Avalon Tyro 2.0, dactilera Avalon Classic Prime, protector de brazo Easton Deluxe, y armador de arco Avalon. Tambi\u00e9n contiene una dragonera KAP de nylon, mochila Avalon Tyro, soporte para arco Avalon EOLA, flechas Skylon Radius (6 uds.), bot\u00f3n de presi\u00f3n Avalon Tec One y peso para cuerpo de 180gr. Ideal para los arqueros que buscan un kit profesional y vers\u00e1til.","og_url":"https:\/\/moitoarchery.com\/en\/product\/kit-arco-recurvo-estandar-vygo-honor-con-todo-el-equipo\/","og_site_name":"MoitoArchery","article_publisher":"https:\/\/www.facebook.com\/arqueriaOnline\/","article_modified_time":"2026-04-16T09:17:44+00:00","og_image":[{"width":800,"height":800,"url":"https:\/\/moitoarchery.com\/wp-content\/uploads\/2023\/12\/kit-vygo-honor-arco-estandar.jpg","type":"image\/jpeg"}],"twitter_card":"summary_large_image","twitter_misc":{"Est. reading time":"1 minute"},"schema":{"@context":"https:\/\/schema.org","@graph":[{"@type":"WebPage","@id":"https:\/\/moitoarchery.com\/en\/product\/kit-arco-recurvo-estandar-vygo-honor-con-todo-el-equipo\/","url":"https:\/\/moitoarchery.com\/en\/product\/kit-arco-recurvo-estandar-vygo-honor-con-todo-el-equipo\/","name":"Kit Arco Recurvo Est\u00e1ndar Vygo & Honor con todo el equipo - MoitoArchery","isPartOf":{"@id":"https:\/\/moitoarchery.com\/en\/#website"},"primaryImageOfPage":{"@id":"https:\/\/moitoarchery.com\/en\/product\/kit-arco-recurvo-estandar-vygo-honor-con-todo-el-equipo\/#primaryimage"},"image":{"@id":"https:\/\/moitoarchery.com\/en\/product\/kit-arco-recurvo-estandar-vygo-honor-con-todo-el-equipo\/#primaryimage"},"thumbnailUrl":"https:\/\/moitoarchery.com\/wp-content\/uploads\/2023\/12\/kit-vygo-honor-arco-estandar.jpg","datePublished":"2023-12-04T15:41:50+00:00","dateModified":"2026-04-16T09:17:44+00:00","description":"El Kit de Arco Recurvo Est\u00e1ndar Vygo & Honor es un conjunto completo dise\u00f1ado para arqueros que buscan calidad y rendimiento. Incluye el cuerpo Kinetic CNC Vygo de 25\" (con opci\u00f3n de color), palas Kinetic Honoric Carbon Foam ILF, cuerda NITRO BCY 8125 de 16 hilos, y un reposaflechas Spigarelli Z\/T Magn\u00e9tico Tipo \"C\". Adem\u00e1s, trae un carcaj Avalon Tyro 2.0, dactilera Avalon Classic Prime, protector de brazo Easton Deluxe, y armador de arco Avalon. Tambi\u00e9n contiene una dragonera KAP de nylon, mochila Avalon Tyro, soporte para arco Avalon EOLA, flechas Skylon Radius (6 uds.), bot\u00f3n de presi\u00f3n Avalon Tec One y peso para cuerpo de 180gr. Ideal para los arqueros que buscan un kit profesional y vers\u00e1til.","breadcrumb":{"@id":"https:\/\/moitoarchery.com\/en\/product\/kit-arco-recurvo-estandar-vygo-honor-con-todo-el-equipo\/#breadcrumb"},"inLanguage":"en-US","potentialAction":[{"@type":"ReadAction","target":["https:\/\/moitoarchery.com\/en\/product\/kit-arco-recurvo-estandar-vygo-honor-con-todo-el-equipo\/"]}]},{"@type":"ImageObject","inLanguage":"en-US","@id":"https:\/\/moitoarchery.com\/en\/product\/kit-arco-recurvo-estandar-vygo-honor-con-todo-el-equipo\/#primaryimage","url":"https:\/\/moitoarchery.com\/wp-content\/uploads\/2023\/12\/kit-vygo-honor-arco-estandar.jpg","contentUrl":"https:\/\/moitoarchery.com\/wp-content\/uploads\/2023\/12\/kit-vygo-honor-arco-estandar.jpg","width":800,"height":800,"caption":"Vygo & Honor Standard Recurve Bow Kit with Complete Equipment"},{"@type":"BreadcrumbList","@id":"https:\/\/moitoarchery.com\/en\/product\/kit-arco-recurvo-estandar-vygo-honor-con-todo-el-equipo\/#breadcrumb","itemListElement":[{"@type":"ListItem","position":1,"name":"Portada","item":"https:\/\/moitoarchery.com\/en\/"},{"@type":"ListItem","position":2,"name":"Shop","item":"https:\/\/moitoarchery.com\/en\/shop\/"},{"@type":"ListItem","position":3,"name":"Kit Arco Recurvo Est\u00e1ndar Vygo &#038; Honor con todo el equipo"}]},{"@type":"WebSite","@id":"https:\/\/moitoarchery.com\/en\/#website","url":"https:\/\/moitoarchery.com\/en\/","name":"MoitoArchery","description":"Tienda de Tiro con arco","publisher":{"@id":"https:\/\/moitoarchery.com\/en\/#organization"},"potentialAction":[{"@type":"SearchAction","target":{"@type":"EntryPoint","urlTemplate":"https:\/\/moitoarchery.com\/en\/?s={search_term_string}"},"query-input":{"@type":"PropertyValueSpecification","valueRequired":true,"valueName":"search_term_string"}}],"inLanguage":"en-US"},{"@type":"Organization","@id":"https:\/\/moitoarchery.com\/en\/#organization","name":"MoitoArchery","url":"https:\/\/moitoarchery.com\/en\/","logo":{"@type":"ImageObject","inLanguage":"en-US","@id":"https:\/\/moitoarchery.com\/en\/#\/schema\/logo\/image\/","url":"https:\/\/moitoarchery.com\/wp-content\/uploads\/2020\/09\/logotipo-moitoarchery.png","contentUrl":"https:\/\/moitoarchery.com\/wp-content\/uploads\/2020\/09\/logotipo-moitoarchery.png","width":300,"height":66,"caption":"MoitoArchery"},"image":{"@id":"https:\/\/moitoarchery.com\/en\/#\/schema\/logo\/image\/"},"sameAs":["https:\/\/www.facebook.com\/arqueriaOnline\/","https:\/\/www.instagram.com\/moitoarchery\/","https:\/\/www.youtube.com\/channel\/UCvmj39gVUIKVoJJ6vQC9GPA\/"]}]}},"_links":{"self":[{"href":"https:\/\/moitoarchery.com\/en\/wp-json\/wp\/v2\/product\/23015","targetHints":{"allow":["GET"]}}],"collection":[{"href":"https:\/\/moitoarchery.com\/en\/wp-json\/wp\/v2\/product"}],"about":[{"href":"https:\/\/moitoarchery.com\/en\/wp-json\/wp\/v2\/types\/product"}],"replies":[{"embeddable":true,"href":"https:\/\/moitoarchery.com\/en\/wp-json\/wp\/v2\/comments?post=23015"}],"version-history":[{"count":1,"href":"https:\/\/moitoarchery.com\/en\/wp-json\/wp\/v2\/product\/23015\/revisions"}],"predecessor-version":[{"id":129736,"href":"https:\/\/moitoarchery.com\/en\/wp-json\/wp\/v2\/product\/23015\/revisions\/129736"}],"wp:featuredmedia":[{"embeddable":true,"href":"https:\/\/moitoarchery.com\/en\/wp-json\/wp\/v2\/media\/23016"}],"wp:attachment":[{"href":"https:\/\/moitoarchery.com\/en\/wp-json\/wp\/v2\/media?parent=23015"}],"wp:term":[{"taxonomy":"product_brand","embeddable":true,"href":"https:\/\/moitoarchery.com\/en\/wp-json\/wp\/v2\/product_brand?post=23015"},{"taxonomy":"product_cat","embeddable":true,"href":"https:\/\/moitoarchery.com\/en\/wp-json\/wp\/v2\/product_cat?post=23015"},{"taxonomy":"product_tag","embeddable":true,"href":"https:\/\/moitoarchery.com\/en\/wp-json\/wp\/v2\/product_tag?post=23015"}],"curies":[{"name":"wp","href":"https:\/\/api.w.org\/{rel}","templated":true}]}}