{"id":23013,"date":"2023-12-04T16:36:11","date_gmt":"2023-12-04T15:36:11","guid":{"rendered":"https:\/\/moitoarchery.com\/?post_type=product&#038;p=23013"},"modified":"2026-04-16T11:17:44","modified_gmt":"2026-04-16T09:17:44","slug":"kit-arco-de-poleas-zion-rh-de-caza","status":"publish","type":"product","link":"https:\/\/moitoarchery.com\/en\/product\/kit-arco-de-poleas-zion-rh-de-caza\/","title":{"rendered":"Kit Arco de Poleas Zion RH de Caza"},"content":{"rendered":"<p>El Kit de Arco de Poleas Zion RH de Caza incluye:<\/p>\n<ul>\n<li>Arco Bowtech Carbon Zion<\/li>\n<li>Tubo Victory VAP TKO V1 Elite (6 uds)<\/li>\n<li>Puntas de caza QAD Exodus (3UDS) &#8211; 125Grains (2 Packs)<\/li>\n<li>Pluma Artificial Bohning X Vane 2,25\u2033 Escudo (18 Uds)<\/li>\n<li>Carcaj de Caza para Arco de Poleas G5 Head Loc de 6 flechas<\/li>\n<li>Disparador de mu\u00f1eca Rook B3 Archery<\/li>\n<li>Reposaflechas QAD Ultra Rest HDX RH &#8211; Negro<\/li>\n<li>Estabilizador Avalon de caza y 3D con damper &#8211; 12&#8243;<\/li>\n<li>Estabilizador Avalon de caza y 3D con damper &#8211; 8&#8243;<\/li>\n<li>Dragonera Paradox PBSE &#8211; Camuflaje<\/li>\n<li>Mochila Guardian en Camuflaje para arco de poleas<\/li>\n<li>Hunter Peep Kit con Alineador para caza<\/li>\n<li>V-bar Mono Gillo para estabilizador lateral ajustable en 3 ejes<\/li>\n<li>Visor CBE Tactic Micro De 5 Pines .019 RH\/LH para caza<\/li>\n<li>Montaje de flecha completa en taller (6 Uds)<\/li>\n<li>Puesta a punto taller<\/li>\n<\/ul>\n","protected":false},"excerpt":{"rendered":"<p>El <strong data-start=\"3\" data-end=\"44\">Kit de Arco de Poleas Zion RH de Caza<\/strong> est\u00e1 dise\u00f1ado para los cazadores que buscan lo \u00faltimo en tecnolog\u00eda y precisi\u00f3n. El <strong data-start=\"1315\" data-end=\"1363\">montaje de flecha completa en taller (6 uds)<\/strong> y la <strong data-start=\"1369\" data-end=\"1397\">puesta a punto en taller<\/strong> garantizan que tu equipo est\u00e9 listo para usarlo en el campo, asegurando el m\u00e1ximo rendimiento desde el primer disparo. Un kit completo para una experiencia de caza precisa y eficiente.<\/p>\n","protected":false},"featured_media":42289,"comment_status":"open","ping_status":"closed","template":"","meta":{"_acf_changed":false},"product_brand":[4054],"product_cat":[105,140,811,466,2276,114],"product_tag":[189],"class_list":{"0":"post-23013","1":"product","2":"type-product","3":"status-publish","4":"has-post-thumbnail","6":"product_brand-varios","7":"product_cat-arcos","8":"product_cat-arco-de-poleas","9":"product_cat-arcos-de-poleas-menos-de-35-pulgadas","10":"product_cat-kits-de-poleas","11":"product_cat-de-poleas-de-caza","12":"product_cat-kit-arco-completo","13":"product_tag-caza-con-arco-de-poleas","14":"product_shipping_class-envio-pe-2090e-ba-3890e","16":"first","17":"onbackorder","18":"sale","19":"taxable","20":"shipping-taxable","21":"purchasable","22":"product-type-easy_product_bundle"},"acf":[],"yoast_head":"<!-- This site is optimized with the Yoast SEO plugin v27.3 - https:\/\/yoast.com\/product\/yoast-seo-wordpress\/ -->\n<title>Kit Arco de Poleas Zion RH de Caza - MoitoArchery<\/title>\n<meta name=\"robots\" content=\"index, follow, max-snippet:-1, max-image-preview:large, max-video-preview:-1\" \/>\n<link rel=\"canonical\" href=\"https:\/\/moitoarchery.com\/en\/product\/kit-arco-de-poleas-zion-rh-de-caza\/\" \/>\n<meta property=\"og:locale\" content=\"en_US\" \/>\n<meta property=\"og:type\" content=\"article\" \/>\n<meta property=\"og:title\" content=\"Kit Arco de Poleas Zion RH de Caza - MoitoArchery\" \/>\n<meta property=\"og:description\" content=\"El Kit de Arco de Poleas Zion RH de Caza est\u00e1 dise\u00f1ado para los cazadores que buscan lo \u00faltimo en tecnolog\u00eda y precisi\u00f3n. El montaje de flecha completa en taller (6 uds) y la puesta a punto en taller garantizan que tu equipo est\u00e9 listo para usarlo en el campo, asegurando el m\u00e1ximo rendimiento desde el primer disparo. Un kit completo para una experiencia de caza precisa y eficiente.\" \/>\n<meta property=\"og:url\" content=\"https:\/\/moitoarchery.com\/en\/product\/kit-arco-de-poleas-zion-rh-de-caza\/\" \/>\n<meta property=\"og:site_name\" content=\"MoitoArchery\" \/>\n<meta property=\"article:publisher\" content=\"https:\/\/www.facebook.com\/arqueriaOnline\/\" \/>\n<meta property=\"article:modified_time\" content=\"2026-04-16T09:17:44+00:00\" \/>\n<meta property=\"og:image\" content=\"https:\/\/moitoarchery.com\/wp-content\/uploads\/2023\/12\/kit-carbon-zion.jpg\" \/>\n\t<meta property=\"og:image:width\" content=\"800\" \/>\n\t<meta property=\"og:image:height\" content=\"800\" \/>\n\t<meta property=\"og:image:type\" content=\"image\/jpeg\" \/>\n<meta name=\"twitter:card\" content=\"summary_large_image\" \/>\n<meta name=\"twitter:label1\" content=\"Est. reading time\" \/>\n\t<meta name=\"twitter:data1\" content=\"1 minute\" \/>\n<script type=\"application\/ld+json\" class=\"yoast-schema-graph\">{\"@context\":\"https:\\\/\\\/schema.org\",\"@graph\":[{\"@type\":\"WebPage\",\"@id\":\"https:\\\/\\\/moitoarchery.com\\\/en\\\/product\\\/kit-arco-de-poleas-zion-rh-de-caza\\\/\",\"url\":\"https:\\\/\\\/moitoarchery.com\\\/en\\\/product\\\/kit-arco-de-poleas-zion-rh-de-caza\\\/\",\"name\":\"Kit Arco de Poleas Zion RH de Caza - MoitoArchery\",\"isPartOf\":{\"@id\":\"https:\\\/\\\/moitoarchery.com\\\/en\\\/#website\"},\"primaryImageOfPage\":{\"@id\":\"https:\\\/\\\/moitoarchery.com\\\/en\\\/product\\\/kit-arco-de-poleas-zion-rh-de-caza\\\/#primaryimage\"},\"image\":{\"@id\":\"https:\\\/\\\/moitoarchery.com\\\/en\\\/product\\\/kit-arco-de-poleas-zion-rh-de-caza\\\/#primaryimage\"},\"thumbnailUrl\":\"https:\\\/\\\/moitoarchery.com\\\/wp-content\\\/uploads\\\/2023\\\/12\\\/kit-carbon-zion.jpg\",\"datePublished\":\"2023-12-04T15:36:11+00:00\",\"dateModified\":\"2026-04-16T09:17:44+00:00\",\"breadcrumb\":{\"@id\":\"https:\\\/\\\/moitoarchery.com\\\/en\\\/product\\\/kit-arco-de-poleas-zion-rh-de-caza\\\/#breadcrumb\"},\"inLanguage\":\"en-US\",\"potentialAction\":[{\"@type\":\"ReadAction\",\"target\":[\"https:\\\/\\\/moitoarchery.com\\\/en\\\/product\\\/kit-arco-de-poleas-zion-rh-de-caza\\\/\"]}]},{\"@type\":\"ImageObject\",\"inLanguage\":\"en-US\",\"@id\":\"https:\\\/\\\/moitoarchery.com\\\/en\\\/product\\\/kit-arco-de-poleas-zion-rh-de-caza\\\/#primaryimage\",\"url\":\"https:\\\/\\\/moitoarchery.com\\\/wp-content\\\/uploads\\\/2023\\\/12\\\/kit-carbon-zion.jpg\",\"contentUrl\":\"https:\\\/\\\/moitoarchery.com\\\/wp-content\\\/uploads\\\/2023\\\/12\\\/kit-carbon-zion.jpg\",\"width\":800,\"height\":800,\"caption\":\"Zion RH Compound Bow Hunting Kit\"},{\"@type\":\"BreadcrumbList\",\"@id\":\"https:\\\/\\\/moitoarchery.com\\\/en\\\/product\\\/kit-arco-de-poleas-zion-rh-de-caza\\\/#breadcrumb\",\"itemListElement\":[{\"@type\":\"ListItem\",\"position\":1,\"name\":\"Portada\",\"item\":\"https:\\\/\\\/moitoarchery.com\\\/en\\\/\"},{\"@type\":\"ListItem\",\"position\":2,\"name\":\"Shop\",\"item\":\"https:\\\/\\\/moitoarchery.com\\\/en\\\/shop\\\/\"},{\"@type\":\"ListItem\",\"position\":3,\"name\":\"Kit Arco de Poleas Zion RH de Caza\"}]},{\"@type\":\"WebSite\",\"@id\":\"https:\\\/\\\/moitoarchery.com\\\/en\\\/#website\",\"url\":\"https:\\\/\\\/moitoarchery.com\\\/en\\\/\",\"name\":\"MoitoArchery\",\"description\":\"Tienda de Tiro con arco\",\"publisher\":{\"@id\":\"https:\\\/\\\/moitoarchery.com\\\/en\\\/#organization\"},\"potentialAction\":[{\"@type\":\"SearchAction\",\"target\":{\"@type\":\"EntryPoint\",\"urlTemplate\":\"https:\\\/\\\/moitoarchery.com\\\/en\\\/?s={search_term_string}\"},\"query-input\":{\"@type\":\"PropertyValueSpecification\",\"valueRequired\":true,\"valueName\":\"search_term_string\"}}],\"inLanguage\":\"en-US\"},{\"@type\":\"Organization\",\"@id\":\"https:\\\/\\\/moitoarchery.com\\\/en\\\/#organization\",\"name\":\"MoitoArchery\",\"url\":\"https:\\\/\\\/moitoarchery.com\\\/en\\\/\",\"logo\":{\"@type\":\"ImageObject\",\"inLanguage\":\"en-US\",\"@id\":\"https:\\\/\\\/moitoarchery.com\\\/en\\\/#\\\/schema\\\/logo\\\/image\\\/\",\"url\":\"https:\\\/\\\/moitoarchery.com\\\/wp-content\\\/uploads\\\/2020\\\/09\\\/logotipo-moitoarchery.png\",\"contentUrl\":\"https:\\\/\\\/moitoarchery.com\\\/wp-content\\\/uploads\\\/2020\\\/09\\\/logotipo-moitoarchery.png\",\"width\":300,\"height\":66,\"caption\":\"MoitoArchery\"},\"image\":{\"@id\":\"https:\\\/\\\/moitoarchery.com\\\/en\\\/#\\\/schema\\\/logo\\\/image\\\/\"},\"sameAs\":[\"https:\\\/\\\/www.facebook.com\\\/arqueriaOnline\\\/\",\"https:\\\/\\\/www.instagram.com\\\/moitoarchery\\\/\",\"https:\\\/\\\/www.youtube.com\\\/channel\\\/UCvmj39gVUIKVoJJ6vQC9GPA\\\/\"]}]}<\/script>\n<!-- \/ Yoast SEO plugin. -->","yoast_head_json":{"title":"Kit Arco de Poleas Zion RH de Caza - MoitoArchery","robots":{"index":"index","follow":"follow","max-snippet":"max-snippet:-1","max-image-preview":"max-image-preview:large","max-video-preview":"max-video-preview:-1"},"canonical":"https:\/\/moitoarchery.com\/en\/product\/kit-arco-de-poleas-zion-rh-de-caza\/","og_locale":"en_US","og_type":"article","og_title":"Kit Arco de Poleas Zion RH de Caza - MoitoArchery","og_description":"El Kit de Arco de Poleas Zion RH de Caza est\u00e1 dise\u00f1ado para los cazadores que buscan lo \u00faltimo en tecnolog\u00eda y precisi\u00f3n. El montaje de flecha completa en taller (6 uds) y la puesta a punto en taller garantizan que tu equipo est\u00e9 listo para usarlo en el campo, asegurando el m\u00e1ximo rendimiento desde el primer disparo. Un kit completo para una experiencia de caza precisa y eficiente.","og_url":"https:\/\/moitoarchery.com\/en\/product\/kit-arco-de-poleas-zion-rh-de-caza\/","og_site_name":"MoitoArchery","article_publisher":"https:\/\/www.facebook.com\/arqueriaOnline\/","article_modified_time":"2026-04-16T09:17:44+00:00","og_image":[{"width":800,"height":800,"url":"https:\/\/moitoarchery.com\/wp-content\/uploads\/2023\/12\/kit-carbon-zion.jpg","type":"image\/jpeg"}],"twitter_card":"summary_large_image","twitter_misc":{"Est. reading time":"1 minute"},"schema":{"@context":"https:\/\/schema.org","@graph":[{"@type":"WebPage","@id":"https:\/\/moitoarchery.com\/en\/product\/kit-arco-de-poleas-zion-rh-de-caza\/","url":"https:\/\/moitoarchery.com\/en\/product\/kit-arco-de-poleas-zion-rh-de-caza\/","name":"Kit Arco de Poleas Zion RH de Caza - MoitoArchery","isPartOf":{"@id":"https:\/\/moitoarchery.com\/en\/#website"},"primaryImageOfPage":{"@id":"https:\/\/moitoarchery.com\/en\/product\/kit-arco-de-poleas-zion-rh-de-caza\/#primaryimage"},"image":{"@id":"https:\/\/moitoarchery.com\/en\/product\/kit-arco-de-poleas-zion-rh-de-caza\/#primaryimage"},"thumbnailUrl":"https:\/\/moitoarchery.com\/wp-content\/uploads\/2023\/12\/kit-carbon-zion.jpg","datePublished":"2023-12-04T15:36:11+00:00","dateModified":"2026-04-16T09:17:44+00:00","breadcrumb":{"@id":"https:\/\/moitoarchery.com\/en\/product\/kit-arco-de-poleas-zion-rh-de-caza\/#breadcrumb"},"inLanguage":"en-US","potentialAction":[{"@type":"ReadAction","target":["https:\/\/moitoarchery.com\/en\/product\/kit-arco-de-poleas-zion-rh-de-caza\/"]}]},{"@type":"ImageObject","inLanguage":"en-US","@id":"https:\/\/moitoarchery.com\/en\/product\/kit-arco-de-poleas-zion-rh-de-caza\/#primaryimage","url":"https:\/\/moitoarchery.com\/wp-content\/uploads\/2023\/12\/kit-carbon-zion.jpg","contentUrl":"https:\/\/moitoarchery.com\/wp-content\/uploads\/2023\/12\/kit-carbon-zion.jpg","width":800,"height":800,"caption":"Zion RH Compound Bow Hunting Kit"},{"@type":"BreadcrumbList","@id":"https:\/\/moitoarchery.com\/en\/product\/kit-arco-de-poleas-zion-rh-de-caza\/#breadcrumb","itemListElement":[{"@type":"ListItem","position":1,"name":"Portada","item":"https:\/\/moitoarchery.com\/en\/"},{"@type":"ListItem","position":2,"name":"Shop","item":"https:\/\/moitoarchery.com\/en\/shop\/"},{"@type":"ListItem","position":3,"name":"Kit Arco de Poleas Zion RH de Caza"}]},{"@type":"WebSite","@id":"https:\/\/moitoarchery.com\/en\/#website","url":"https:\/\/moitoarchery.com\/en\/","name":"MoitoArchery","description":"Tienda de Tiro con arco","publisher":{"@id":"https:\/\/moitoarchery.com\/en\/#organization"},"potentialAction":[{"@type":"SearchAction","target":{"@type":"EntryPoint","urlTemplate":"https:\/\/moitoarchery.com\/en\/?s={search_term_string}"},"query-input":{"@type":"PropertyValueSpecification","valueRequired":true,"valueName":"search_term_string"}}],"inLanguage":"en-US"},{"@type":"Organization","@id":"https:\/\/moitoarchery.com\/en\/#organization","name":"MoitoArchery","url":"https:\/\/moitoarchery.com\/en\/","logo":{"@type":"ImageObject","inLanguage":"en-US","@id":"https:\/\/moitoarchery.com\/en\/#\/schema\/logo\/image\/","url":"https:\/\/moitoarchery.com\/wp-content\/uploads\/2020\/09\/logotipo-moitoarchery.png","contentUrl":"https:\/\/moitoarchery.com\/wp-content\/uploads\/2020\/09\/logotipo-moitoarchery.png","width":300,"height":66,"caption":"MoitoArchery"},"image":{"@id":"https:\/\/moitoarchery.com\/en\/#\/schema\/logo\/image\/"},"sameAs":["https:\/\/www.facebook.com\/arqueriaOnline\/","https:\/\/www.instagram.com\/moitoarchery\/","https:\/\/www.youtube.com\/channel\/UCvmj39gVUIKVoJJ6vQC9GPA\/"]}]}},"_links":{"self":[{"href":"https:\/\/moitoarchery.com\/en\/wp-json\/wp\/v2\/product\/23013","targetHints":{"allow":["GET"]}}],"collection":[{"href":"https:\/\/moitoarchery.com\/en\/wp-json\/wp\/v2\/product"}],"about":[{"href":"https:\/\/moitoarchery.com\/en\/wp-json\/wp\/v2\/types\/product"}],"replies":[{"embeddable":true,"href":"https:\/\/moitoarchery.com\/en\/wp-json\/wp\/v2\/comments?post=23013"}],"version-history":[{"count":1,"href":"https:\/\/moitoarchery.com\/en\/wp-json\/wp\/v2\/product\/23013\/revisions"}],"predecessor-version":[{"id":129121,"href":"https:\/\/moitoarchery.com\/en\/wp-json\/wp\/v2\/product\/23013\/revisions\/129121"}],"wp:featuredmedia":[{"embeddable":true,"href":"https:\/\/moitoarchery.com\/en\/wp-json\/wp\/v2\/media\/42289"}],"wp:attachment":[{"href":"https:\/\/moitoarchery.com\/en\/wp-json\/wp\/v2\/media?parent=23013"}],"wp:term":[{"taxonomy":"product_brand","embeddable":true,"href":"https:\/\/moitoarchery.com\/en\/wp-json\/wp\/v2\/product_brand?post=23013"},{"taxonomy":"product_cat","embeddable":true,"href":"https:\/\/moitoarchery.com\/en\/wp-json\/wp\/v2\/product_cat?post=23013"},{"taxonomy":"product_tag","embeddable":true,"href":"https:\/\/moitoarchery.com\/en\/wp-json\/wp\/v2\/product_tag?post=23013"}],"curies":[{"name":"wp","href":"https:\/\/api.w.org\/{rel}","templated":true}]}}