{"id":22992,"date":"2023-12-04T15:24:51","date_gmt":"2023-12-04T14:24:51","guid":{"rendered":"https:\/\/moitoarchery.com\/?post_type=product&#038;p=22992"},"modified":"2026-04-16T11:17:43","modified_gmt":"2026-04-16T09:17:43","slug":"kit-arco-firehonor-recurvo-tradicional","status":"publish","type":"product","link":"https:\/\/moitoarchery.com\/en\/product\/kit-arco-firehonor-recurvo-tradicional\/","title":{"rendered":"Kit Arco FireHonor Recurvo Tradicional T\/D"},"content":{"rendered":"<p>El Kit de Arco FireHonor Recurvo Tradicional incluye:<\/p>\n<ul>\n<li>Cuerpo White Feather Firefinch 23\u2033<\/li>\n<li>Palas Kinetic Honoric Carbon Foam ILF<\/li>\n<li>Mochila Avalon Classic con tubo para flechas &#8211; Negra<\/li>\n<li>Guante Buck Trail Stygian con refuerzo<\/li>\n<li>Soporte para Arco Avalon EOLA de recurvo<\/li>\n<li>Carcaj Bucktrail Median con bolsillo &#8211; Negro<\/li>\n<li>Cera Para Cuerda Tex-Tite para mantenimiento<\/li>\n<li>Armador De Arco Avalon para arcos recurvos<\/li>\n<li>Flecha completa tradicional Bearpaw Slim Line Black Feathers (6u)\n<ul>\n<li>Punta Penthalon Slim Line Bearpaw (6 Uds)<\/li>\n<li>Culatin Penthalon Slim Line Bearpaw (6 Uds)<\/li>\n<li>Tubo Bearpaw Penthalon Slim Line Timber (6 Uds)<\/li>\n<li>Pluma Natural Bearpaw Escudo 4\u2033 RW (18 Uds)<\/li>\n<\/ul>\n<\/li>\n<li>Montaje de flecha completa\u00a0 Bearpaw Timber con empluado recto (6 Uds) (Indicar color de pluma, de culat\u00edn y spin en nota de producto)<\/li>\n<li>Cuerda NITRO BCY 8125 16 Hilos &#8211; 66 &#8211; Negro\/Rojo<\/li>\n<\/ul>\n","protected":false},"excerpt":{"rendered":"<p>El Kit de Arco FireHonor Recurvo Tradicional est\u00e1 dise\u00f1ado para arqueros que buscan una experiencia aut\u00e9ntica y de alto rendimiento. Incluye el cuerpo White Feather Firefinch de 23&#8243;, palas Kinetic Honoric Carbon Foam ILF, y una mochila Avalon Classic con tubo para flechas (negra). Tambi\u00e9n trae un guante Buck Trail Stygian con refuerzo, carcaso Bucktrail Median con bolsillo (negro), y cera Tex-Tite para mantenimiento de la cuerda. El kit incorpora un armador de arco Avalon, flechas tradicionales Bearpaw Slim Line (6 uds.) con punta, culat\u00edn y plumas naturales Bearpaw Escudo 4&#8243; RW, junto con un montaje completo de flecha Bearpaw Timber. Adem\u00e1s, la cuerda NITRO BCY 8125 de 16 hilos (66&#8243;, negro\/rojo) garantiza una excelente velocidad y precisi\u00f3n. Perfecto para los arqueros que buscan calidad y tradici\u00f3n en su equipo.<\/p>\n<p><strong>Nota:<\/strong> elegir color de culat\u00edn y emplumado y dimensiones de la flecha en la nota de pedido.<\/p>\n","protected":false},"featured_media":22993,"comment_status":"open","ping_status":"closed","template":"","meta":{"_acf_changed":false},"product_brand":[4054],"product_cat":[1295],"product_tag":[187],"class_list":{"0":"post-22992","1":"product","2":"type-product","3":"status-publish","4":"has-post-thumbnail","6":"product_brand-varios","7":"product_cat-kits-tradicional-recurvo-t-d","8":"product_tag-arqueria-tradicional","9":"product_shipping_class-envio-pe-2090e-ba-3890e","11":"first","12":"instock","13":"sale","14":"taxable","15":"shipping-taxable","16":"purchasable","17":"product-type-easy_product_bundle"},"acf":[],"yoast_head":"<!-- This site is optimized with the Yoast SEO plugin v27.3 - https:\/\/yoast.com\/product\/yoast-seo-wordpress\/ -->\n<title>Kit Arco FireHonor Recurvo Tradicional T\/D - MoitoArchery<\/title>\n<meta name=\"description\" content=\"El Kit de Arco FireHonor Recurvo Tradicional est\u00e1 dise\u00f1ado para arqueros que buscan una experiencia aut\u00e9ntica y de alto rendimiento. Incluye el cuerpo White Feather Firefinch de 23&quot;, palas Kinetic Honoric Carbon Foam ILF, y una mochila Avalon Classic con tubo para flechas (negra). Tambi\u00e9n trae un guante Buck Trail Stygian con refuerzo, carcaso Bucktrail Median con bolsillo (negro), y cera Tex-Tite para mantenimiento de la cuerda. El kit incorpora un armador de arco Avalon, flechas tradicionales Bearpaw Slim Line (6 uds.) con punta, culat\u00edn y plumas naturales Bearpaw Escudo 4&quot; RW, junto con un montaje completo de flecha Bearpaw Timber. Adem\u00e1s, la cuerda NITRO BCY 8125 de 16 hilos (66&quot;, negro\/rojo) garantiza una excelente velocidad y precisi\u00f3n. Perfecto para los arqueros que buscan calidad y tradici\u00f3n en su equipo.\" \/>\n<meta name=\"robots\" content=\"index, follow, max-snippet:-1, max-image-preview:large, max-video-preview:-1\" \/>\n<link rel=\"canonical\" href=\"https:\/\/moitoarchery.com\/en\/product\/kit-arco-firehonor-recurvo-tradicional\/\" \/>\n<meta property=\"og:locale\" content=\"en_US\" \/>\n<meta property=\"og:type\" content=\"article\" \/>\n<meta property=\"og:title\" content=\"Kit Arco FireHonor Recurvo Tradicional T\/D - MoitoArchery\" \/>\n<meta property=\"og:description\" content=\"El Kit de Arco FireHonor Recurvo Tradicional est\u00e1 dise\u00f1ado para arqueros que buscan una experiencia aut\u00e9ntica y de alto rendimiento. Incluye el cuerpo White Feather Firefinch de 23&quot;, palas Kinetic Honoric Carbon Foam ILF, y una mochila Avalon Classic con tubo para flechas (negra). Tambi\u00e9n trae un guante Buck Trail Stygian con refuerzo, carcaso Bucktrail Median con bolsillo (negro), y cera Tex-Tite para mantenimiento de la cuerda. El kit incorpora un armador de arco Avalon, flechas tradicionales Bearpaw Slim Line (6 uds.) con punta, culat\u00edn y plumas naturales Bearpaw Escudo 4&quot; RW, junto con un montaje completo de flecha Bearpaw Timber. Adem\u00e1s, la cuerda NITRO BCY 8125 de 16 hilos (66&quot;, negro\/rojo) garantiza una excelente velocidad y precisi\u00f3n. Perfecto para los arqueros que buscan calidad y tradici\u00f3n en su equipo.\" \/>\n<meta property=\"og:url\" content=\"https:\/\/moitoarchery.com\/en\/product\/kit-arco-firehonor-recurvo-tradicional\/\" \/>\n<meta property=\"og:site_name\" content=\"MoitoArchery\" \/>\n<meta property=\"article:publisher\" content=\"https:\/\/www.facebook.com\/arqueriaOnline\/\" \/>\n<meta property=\"article:modified_time\" content=\"2026-04-16T09:17:43+00:00\" \/>\n<meta property=\"og:image\" content=\"https:\/\/moitoarchery.com\/wp-content\/uploads\/2023\/12\/kit-FireHonor.jpg\" \/>\n\t<meta property=\"og:image:width\" content=\"800\" \/>\n\t<meta property=\"og:image:height\" content=\"800\" \/>\n\t<meta property=\"og:image:type\" content=\"image\/jpeg\" \/>\n<meta name=\"twitter:card\" content=\"summary_large_image\" \/>\n<meta name=\"twitter:label1\" content=\"Est. reading time\" \/>\n\t<meta name=\"twitter:data1\" content=\"1 minute\" \/>\n<script type=\"application\/ld+json\" class=\"yoast-schema-graph\">{\"@context\":\"https:\\\/\\\/schema.org\",\"@graph\":[{\"@type\":\"WebPage\",\"@id\":\"https:\\\/\\\/moitoarchery.com\\\/en\\\/product\\\/kit-arco-firehonor-recurvo-tradicional\\\/\",\"url\":\"https:\\\/\\\/moitoarchery.com\\\/en\\\/product\\\/kit-arco-firehonor-recurvo-tradicional\\\/\",\"name\":\"Kit Arco FireHonor Recurvo Tradicional T\\\/D - MoitoArchery\",\"isPartOf\":{\"@id\":\"https:\\\/\\\/moitoarchery.com\\\/en\\\/#website\"},\"primaryImageOfPage\":{\"@id\":\"https:\\\/\\\/moitoarchery.com\\\/en\\\/product\\\/kit-arco-firehonor-recurvo-tradicional\\\/#primaryimage\"},\"image\":{\"@id\":\"https:\\\/\\\/moitoarchery.com\\\/en\\\/product\\\/kit-arco-firehonor-recurvo-tradicional\\\/#primaryimage\"},\"thumbnailUrl\":\"https:\\\/\\\/moitoarchery.com\\\/wp-content\\\/uploads\\\/2023\\\/12\\\/kit-FireHonor.jpg\",\"datePublished\":\"2023-12-04T14:24:51+00:00\",\"dateModified\":\"2026-04-16T09:17:43+00:00\",\"description\":\"El Kit de Arco FireHonor Recurvo Tradicional est\u00e1 dise\u00f1ado para arqueros que buscan una experiencia aut\u00e9ntica y de alto rendimiento. Incluye el cuerpo White Feather Firefinch de 23\\\", palas Kinetic Honoric Carbon Foam ILF, y una mochila Avalon Classic con tubo para flechas (negra). Tambi\u00e9n trae un guante Buck Trail Stygian con refuerzo, carcaso Bucktrail Median con bolsillo (negro), y cera Tex-Tite para mantenimiento de la cuerda. El kit incorpora un armador de arco Avalon, flechas tradicionales Bearpaw Slim Line (6 uds.) con punta, culat\u00edn y plumas naturales Bearpaw Escudo 4\\\" RW, junto con un montaje completo de flecha Bearpaw Timber. Adem\u00e1s, la cuerda NITRO BCY 8125 de 16 hilos (66\\\", negro\\\/rojo) garantiza una excelente velocidad y precisi\u00f3n. Perfecto para los arqueros que buscan calidad y tradici\u00f3n en su equipo.\",\"breadcrumb\":{\"@id\":\"https:\\\/\\\/moitoarchery.com\\\/en\\\/product\\\/kit-arco-firehonor-recurvo-tradicional\\\/#breadcrumb\"},\"inLanguage\":\"en-US\",\"potentialAction\":[{\"@type\":\"ReadAction\",\"target\":[\"https:\\\/\\\/moitoarchery.com\\\/en\\\/product\\\/kit-arco-firehonor-recurvo-tradicional\\\/\"]}]},{\"@type\":\"ImageObject\",\"inLanguage\":\"en-US\",\"@id\":\"https:\\\/\\\/moitoarchery.com\\\/en\\\/product\\\/kit-arco-firehonor-recurvo-tradicional\\\/#primaryimage\",\"url\":\"https:\\\/\\\/moitoarchery.com\\\/wp-content\\\/uploads\\\/2023\\\/12\\\/kit-FireHonor.jpg\",\"contentUrl\":\"https:\\\/\\\/moitoarchery.com\\\/wp-content\\\/uploads\\\/2023\\\/12\\\/kit-FireHonor.jpg\",\"width\":800,\"height\":800,\"caption\":\"FireHonor Traditional T\\\/D Recurve Bow Kit\"},{\"@type\":\"BreadcrumbList\",\"@id\":\"https:\\\/\\\/moitoarchery.com\\\/en\\\/product\\\/kit-arco-firehonor-recurvo-tradicional\\\/#breadcrumb\",\"itemListElement\":[{\"@type\":\"ListItem\",\"position\":1,\"name\":\"Portada\",\"item\":\"https:\\\/\\\/moitoarchery.com\\\/en\\\/\"},{\"@type\":\"ListItem\",\"position\":2,\"name\":\"Shop\",\"item\":\"https:\\\/\\\/moitoarchery.com\\\/en\\\/shop\\\/\"},{\"@type\":\"ListItem\",\"position\":3,\"name\":\"Kit Arco FireHonor Recurvo Tradicional T\\\/D\"}]},{\"@type\":\"WebSite\",\"@id\":\"https:\\\/\\\/moitoarchery.com\\\/en\\\/#website\",\"url\":\"https:\\\/\\\/moitoarchery.com\\\/en\\\/\",\"name\":\"MoitoArchery\",\"description\":\"Tienda de Tiro con arco\",\"publisher\":{\"@id\":\"https:\\\/\\\/moitoarchery.com\\\/en\\\/#organization\"},\"potentialAction\":[{\"@type\":\"SearchAction\",\"target\":{\"@type\":\"EntryPoint\",\"urlTemplate\":\"https:\\\/\\\/moitoarchery.com\\\/en\\\/?s={search_term_string}\"},\"query-input\":{\"@type\":\"PropertyValueSpecification\",\"valueRequired\":true,\"valueName\":\"search_term_string\"}}],\"inLanguage\":\"en-US\"},{\"@type\":\"Organization\",\"@id\":\"https:\\\/\\\/moitoarchery.com\\\/en\\\/#organization\",\"name\":\"MoitoArchery\",\"url\":\"https:\\\/\\\/moitoarchery.com\\\/en\\\/\",\"logo\":{\"@type\":\"ImageObject\",\"inLanguage\":\"en-US\",\"@id\":\"https:\\\/\\\/moitoarchery.com\\\/en\\\/#\\\/schema\\\/logo\\\/image\\\/\",\"url\":\"https:\\\/\\\/moitoarchery.com\\\/wp-content\\\/uploads\\\/2020\\\/09\\\/logotipo-moitoarchery.png\",\"contentUrl\":\"https:\\\/\\\/moitoarchery.com\\\/wp-content\\\/uploads\\\/2020\\\/09\\\/logotipo-moitoarchery.png\",\"width\":300,\"height\":66,\"caption\":\"MoitoArchery\"},\"image\":{\"@id\":\"https:\\\/\\\/moitoarchery.com\\\/en\\\/#\\\/schema\\\/logo\\\/image\\\/\"},\"sameAs\":[\"https:\\\/\\\/www.facebook.com\\\/arqueriaOnline\\\/\",\"https:\\\/\\\/www.instagram.com\\\/moitoarchery\\\/\",\"https:\\\/\\\/www.youtube.com\\\/channel\\\/UCvmj39gVUIKVoJJ6vQC9GPA\\\/\"]}]}<\/script>\n<!-- \/ Yoast SEO plugin. -->","yoast_head_json":{"title":"Kit Arco FireHonor Recurvo Tradicional T\/D - MoitoArchery","description":"El Kit de Arco FireHonor Recurvo Tradicional est\u00e1 dise\u00f1ado para arqueros que buscan una experiencia aut\u00e9ntica y de alto rendimiento. Incluye el cuerpo White Feather Firefinch de 23\", palas Kinetic Honoric Carbon Foam ILF, y una mochila Avalon Classic con tubo para flechas (negra). Tambi\u00e9n trae un guante Buck Trail Stygian con refuerzo, carcaso Bucktrail Median con bolsillo (negro), y cera Tex-Tite para mantenimiento de la cuerda. El kit incorpora un armador de arco Avalon, flechas tradicionales Bearpaw Slim Line (6 uds.) con punta, culat\u00edn y plumas naturales Bearpaw Escudo 4\" RW, junto con un montaje completo de flecha Bearpaw Timber. Adem\u00e1s, la cuerda NITRO BCY 8125 de 16 hilos (66\", negro\/rojo) garantiza una excelente velocidad y precisi\u00f3n. Perfecto para los arqueros que buscan calidad y tradici\u00f3n en su equipo.","robots":{"index":"index","follow":"follow","max-snippet":"max-snippet:-1","max-image-preview":"max-image-preview:large","max-video-preview":"max-video-preview:-1"},"canonical":"https:\/\/moitoarchery.com\/en\/product\/kit-arco-firehonor-recurvo-tradicional\/","og_locale":"en_US","og_type":"article","og_title":"Kit Arco FireHonor Recurvo Tradicional T\/D - MoitoArchery","og_description":"El Kit de Arco FireHonor Recurvo Tradicional est\u00e1 dise\u00f1ado para arqueros que buscan una experiencia aut\u00e9ntica y de alto rendimiento. Incluye el cuerpo White Feather Firefinch de 23\", palas Kinetic Honoric Carbon Foam ILF, y una mochila Avalon Classic con tubo para flechas (negra). Tambi\u00e9n trae un guante Buck Trail Stygian con refuerzo, carcaso Bucktrail Median con bolsillo (negro), y cera Tex-Tite para mantenimiento de la cuerda. El kit incorpora un armador de arco Avalon, flechas tradicionales Bearpaw Slim Line (6 uds.) con punta, culat\u00edn y plumas naturales Bearpaw Escudo 4\" RW, junto con un montaje completo de flecha Bearpaw Timber. Adem\u00e1s, la cuerda NITRO BCY 8125 de 16 hilos (66\", negro\/rojo) garantiza una excelente velocidad y precisi\u00f3n. Perfecto para los arqueros que buscan calidad y tradici\u00f3n en su equipo.","og_url":"https:\/\/moitoarchery.com\/en\/product\/kit-arco-firehonor-recurvo-tradicional\/","og_site_name":"MoitoArchery","article_publisher":"https:\/\/www.facebook.com\/arqueriaOnline\/","article_modified_time":"2026-04-16T09:17:43+00:00","og_image":[{"width":800,"height":800,"url":"https:\/\/moitoarchery.com\/wp-content\/uploads\/2023\/12\/kit-FireHonor.jpg","type":"image\/jpeg"}],"twitter_card":"summary_large_image","twitter_misc":{"Est. reading time":"1 minute"},"schema":{"@context":"https:\/\/schema.org","@graph":[{"@type":"WebPage","@id":"https:\/\/moitoarchery.com\/en\/product\/kit-arco-firehonor-recurvo-tradicional\/","url":"https:\/\/moitoarchery.com\/en\/product\/kit-arco-firehonor-recurvo-tradicional\/","name":"Kit Arco FireHonor Recurvo Tradicional T\/D - MoitoArchery","isPartOf":{"@id":"https:\/\/moitoarchery.com\/en\/#website"},"primaryImageOfPage":{"@id":"https:\/\/moitoarchery.com\/en\/product\/kit-arco-firehonor-recurvo-tradicional\/#primaryimage"},"image":{"@id":"https:\/\/moitoarchery.com\/en\/product\/kit-arco-firehonor-recurvo-tradicional\/#primaryimage"},"thumbnailUrl":"https:\/\/moitoarchery.com\/wp-content\/uploads\/2023\/12\/kit-FireHonor.jpg","datePublished":"2023-12-04T14:24:51+00:00","dateModified":"2026-04-16T09:17:43+00:00","description":"El Kit de Arco FireHonor Recurvo Tradicional est\u00e1 dise\u00f1ado para arqueros que buscan una experiencia aut\u00e9ntica y de alto rendimiento. Incluye el cuerpo White Feather Firefinch de 23\", palas Kinetic Honoric Carbon Foam ILF, y una mochila Avalon Classic con tubo para flechas (negra). Tambi\u00e9n trae un guante Buck Trail Stygian con refuerzo, carcaso Bucktrail Median con bolsillo (negro), y cera Tex-Tite para mantenimiento de la cuerda. El kit incorpora un armador de arco Avalon, flechas tradicionales Bearpaw Slim Line (6 uds.) con punta, culat\u00edn y plumas naturales Bearpaw Escudo 4\" RW, junto con un montaje completo de flecha Bearpaw Timber. Adem\u00e1s, la cuerda NITRO BCY 8125 de 16 hilos (66\", negro\/rojo) garantiza una excelente velocidad y precisi\u00f3n. Perfecto para los arqueros que buscan calidad y tradici\u00f3n en su equipo.","breadcrumb":{"@id":"https:\/\/moitoarchery.com\/en\/product\/kit-arco-firehonor-recurvo-tradicional\/#breadcrumb"},"inLanguage":"en-US","potentialAction":[{"@type":"ReadAction","target":["https:\/\/moitoarchery.com\/en\/product\/kit-arco-firehonor-recurvo-tradicional\/"]}]},{"@type":"ImageObject","inLanguage":"en-US","@id":"https:\/\/moitoarchery.com\/en\/product\/kit-arco-firehonor-recurvo-tradicional\/#primaryimage","url":"https:\/\/moitoarchery.com\/wp-content\/uploads\/2023\/12\/kit-FireHonor.jpg","contentUrl":"https:\/\/moitoarchery.com\/wp-content\/uploads\/2023\/12\/kit-FireHonor.jpg","width":800,"height":800,"caption":"FireHonor Traditional T\/D Recurve Bow Kit"},{"@type":"BreadcrumbList","@id":"https:\/\/moitoarchery.com\/en\/product\/kit-arco-firehonor-recurvo-tradicional\/#breadcrumb","itemListElement":[{"@type":"ListItem","position":1,"name":"Portada","item":"https:\/\/moitoarchery.com\/en\/"},{"@type":"ListItem","position":2,"name":"Shop","item":"https:\/\/moitoarchery.com\/en\/shop\/"},{"@type":"ListItem","position":3,"name":"Kit Arco FireHonor Recurvo Tradicional T\/D"}]},{"@type":"WebSite","@id":"https:\/\/moitoarchery.com\/en\/#website","url":"https:\/\/moitoarchery.com\/en\/","name":"MoitoArchery","description":"Tienda de Tiro con arco","publisher":{"@id":"https:\/\/moitoarchery.com\/en\/#organization"},"potentialAction":[{"@type":"SearchAction","target":{"@type":"EntryPoint","urlTemplate":"https:\/\/moitoarchery.com\/en\/?s={search_term_string}"},"query-input":{"@type":"PropertyValueSpecification","valueRequired":true,"valueName":"search_term_string"}}],"inLanguage":"en-US"},{"@type":"Organization","@id":"https:\/\/moitoarchery.com\/en\/#organization","name":"MoitoArchery","url":"https:\/\/moitoarchery.com\/en\/","logo":{"@type":"ImageObject","inLanguage":"en-US","@id":"https:\/\/moitoarchery.com\/en\/#\/schema\/logo\/image\/","url":"https:\/\/moitoarchery.com\/wp-content\/uploads\/2020\/09\/logotipo-moitoarchery.png","contentUrl":"https:\/\/moitoarchery.com\/wp-content\/uploads\/2020\/09\/logotipo-moitoarchery.png","width":300,"height":66,"caption":"MoitoArchery"},"image":{"@id":"https:\/\/moitoarchery.com\/en\/#\/schema\/logo\/image\/"},"sameAs":["https:\/\/www.facebook.com\/arqueriaOnline\/","https:\/\/www.instagram.com\/moitoarchery\/","https:\/\/www.youtube.com\/channel\/UCvmj39gVUIKVoJJ6vQC9GPA\/"]}]}},"_links":{"self":[{"href":"https:\/\/moitoarchery.com\/en\/wp-json\/wp\/v2\/product\/22992","targetHints":{"allow":["GET"]}}],"collection":[{"href":"https:\/\/moitoarchery.com\/en\/wp-json\/wp\/v2\/product"}],"about":[{"href":"https:\/\/moitoarchery.com\/en\/wp-json\/wp\/v2\/types\/product"}],"replies":[{"embeddable":true,"href":"https:\/\/moitoarchery.com\/en\/wp-json\/wp\/v2\/comments?post=22992"}],"version-history":[{"count":1,"href":"https:\/\/moitoarchery.com\/en\/wp-json\/wp\/v2\/product\/22992\/revisions"}],"predecessor-version":[{"id":129737,"href":"https:\/\/moitoarchery.com\/en\/wp-json\/wp\/v2\/product\/22992\/revisions\/129737"}],"wp:featuredmedia":[{"embeddable":true,"href":"https:\/\/moitoarchery.com\/en\/wp-json\/wp\/v2\/media\/22993"}],"wp:attachment":[{"href":"https:\/\/moitoarchery.com\/en\/wp-json\/wp\/v2\/media?parent=22992"}],"wp:term":[{"taxonomy":"product_brand","embeddable":true,"href":"https:\/\/moitoarchery.com\/en\/wp-json\/wp\/v2\/product_brand?post=22992"},{"taxonomy":"product_cat","embeddable":true,"href":"https:\/\/moitoarchery.com\/en\/wp-json\/wp\/v2\/product_cat?post=22992"},{"taxonomy":"product_tag","embeddable":true,"href":"https:\/\/moitoarchery.com\/en\/wp-json\/wp\/v2\/product_tag?post=22992"}],"curies":[{"name":"wp","href":"https:\/\/api.w.org\/{rel}","templated":true}]}}