{"id":19692,"date":"2023-03-23T16:42:08","date_gmt":"2023-03-23T15:42:08","guid":{"rendered":"https:\/\/moitoarchery.com\/?post_type=product&#038;p=19692"},"modified":"2026-04-16T11:17:20","modified_gmt":"2026-04-16T09:17:20","slug":"kit-de-arco-longbow-tradicional-fenix-52-para-ninos","status":"publish","type":"product","link":"https:\/\/moitoarchery.com\/en\/product\/kit-de-arco-longbow-tradicional-fenix-52-para-ninos\/","title":{"rendered":"Kit de arco longbow tradicional Fenix 52&#8243; para ni\u00f1os"},"content":{"rendered":"<p>El kit de arco longbow tradicional Fenix de 52&#8243; para ni\u00f1os incluye:<\/p>\n<ul>\n<li>Arco Longbow Tradicional Fenix 52&#8243; para ni\u00f1os<\/li>\n<li>Protector de Brazo Kap Winstorm<\/li>\n<li>Funda para arco recurvo Buck Trail Western 160x15cm<\/li>\n<li>Dactilera Buck Trail Basic Tradicional<\/li>\n<li>Arrancaflechas Avalon Grasper<\/li>\n<li>Armador de arco Buck Trail Universal Dos-Tip<\/li>\n<li>Carcaj Tradicional Trifty de Buck Trail &#8211; Gris<\/li>\n<li>Soporte de Arco Avalon Basic<\/li>\n<li>Flecha Completa Spruce Wood Ni\u00f1os 5\/16 (6 Unidades)<\/li>\n<\/ul>\n","protected":false},"excerpt":{"rendered":"<p>El Kit de Arco Longbow Tradicional Fenix de 52&#8243; para ni\u00f1os est\u00e1 especialmente dise\u00f1ado para los m\u00e1s j\u00f3venes arqueros. Incluye el arco Longbow Fenix de 52&#8243; ideal para su tama\u00f1o y habilidades, un protector de brazo Kap Winstorm, y una funda Buck Trail Western para archos recurvos. Tambi\u00e9n cuenta con una dactilera Buck Trail Basic Tradicional, arrancaflechas Avalon Grasper, y un armador de arco Buck Trail Universal Dos-Tip. El kit incluye un carcaso tradicional Trifty de Buck Trail en gris, un soporte para arco Avalon Basic, y flechas completas Spruce Wood Ni\u00f1os (6 unidades), ofreciendo todo lo necesario para iniciarse en el tiro con arco con calidad y seguridad.<\/p>\n","protected":false},"featured_media":20032,"comment_status":"open","ping_status":"closed","template":"","meta":{"_acf_changed":false},"product_brand":[4054],"product_cat":[467],"product_tag":[187],"class_list":{"0":"post-19692","1":"product","2":"type-product","3":"status-publish","4":"has-post-thumbnail","6":"product_brand-varios","7":"product_cat-kits-longbow","8":"product_tag-arqueria-tradicional","9":"product_shipping_class-envio-pe-2090e-ba-3890e","11":"first","12":"instock","13":"sale","14":"taxable","15":"shipping-taxable","16":"purchasable","17":"product-type-easy_product_bundle"},"acf":[],"yoast_head":"<!-- This site is optimized with the Yoast SEO plugin v27.4 - https:\/\/yoast.com\/product\/yoast-seo-wordpress\/ -->\n<title>Kit de arco longbow tradicional Fenix 52&quot; para ni\u00f1os - MoitoArchery<\/title>\n<meta name=\"description\" content=\"El Kit de Arco Longbow Tradicional Fenix de 52&quot; para ni\u00f1os est\u00e1 especialmente dise\u00f1ado para los m\u00e1s j\u00f3venes arqueros. Incluye el arco Longbow Fenix de 52&quot; ideal para su tama\u00f1o y habilidades, un protector de brazo Kap Winstorm, y una funda Buck Trail Western para archos recurvos. Tambi\u00e9n cuenta con una dactilera Buck Trail Basic Tradicional, arrancaflechas Avalon Grasper, y un armador de arco Buck Trail Universal Dos-Tip. El kit incluye un carcaso tradicional Trifty de Buck Trail en gris, un soporte para arco Avalon Basic, y flechas completas Spruce Wood Ni\u00f1os (6 unidades), ofreciendo todo lo necesario para iniciarse en el tiro con arco con calidad y seguridad.\" \/>\n<meta name=\"robots\" content=\"index, follow, max-snippet:-1, max-image-preview:large, max-video-preview:-1\" \/>\n<link rel=\"canonical\" href=\"https:\/\/moitoarchery.com\/en\/product\/kit-de-arco-longbow-tradicional-fenix-52-para-ninos\/\" \/>\n<meta property=\"og:locale\" content=\"en_US\" \/>\n<meta property=\"og:type\" content=\"article\" \/>\n<meta property=\"og:title\" content=\"Kit de arco longbow tradicional Fenix 52&quot; para ni\u00f1os - MoitoArchery\" \/>\n<meta property=\"og:description\" content=\"El Kit de Arco Longbow Tradicional Fenix de 52&quot; para ni\u00f1os est\u00e1 especialmente dise\u00f1ado para los m\u00e1s j\u00f3venes arqueros. Incluye el arco Longbow Fenix de 52&quot; ideal para su tama\u00f1o y habilidades, un protector de brazo Kap Winstorm, y una funda Buck Trail Western para archos recurvos. Tambi\u00e9n cuenta con una dactilera Buck Trail Basic Tradicional, arrancaflechas Avalon Grasper, y un armador de arco Buck Trail Universal Dos-Tip. El kit incluye un carcaso tradicional Trifty de Buck Trail en gris, un soporte para arco Avalon Basic, y flechas completas Spruce Wood Ni\u00f1os (6 unidades), ofreciendo todo lo necesario para iniciarse en el tiro con arco con calidad y seguridad.\" \/>\n<meta property=\"og:url\" content=\"https:\/\/moitoarchery.com\/en\/product\/kit-de-arco-longbow-tradicional-fenix-52-para-ninos\/\" \/>\n<meta property=\"og:site_name\" content=\"MoitoArchery\" \/>\n<meta property=\"article:publisher\" content=\"https:\/\/www.facebook.com\/arqueriaOnline\/\" \/>\n<meta property=\"article:modified_time\" content=\"2026-04-16T09:17:20+00:00\" \/>\n<meta property=\"og:image\" content=\"https:\/\/moitoarchery.com\/wp-content\/uploads\/2023\/03\/KIT-ARCO-FENIX-1-1.jpg\" \/>\n\t<meta property=\"og:image:width\" content=\"800\" \/>\n\t<meta property=\"og:image:height\" content=\"800\" \/>\n\t<meta property=\"og:image:type\" content=\"image\/jpeg\" \/>\n<meta name=\"twitter:card\" content=\"summary_large_image\" \/>\n<meta name=\"twitter:label1\" content=\"Est. reading time\" \/>\n\t<meta name=\"twitter:data1\" content=\"1 minute\" \/>\n<script type=\"application\/ld+json\" class=\"yoast-schema-graph\">{\"@context\":\"https:\\\/\\\/schema.org\",\"@graph\":[{\"@type\":\"WebPage\",\"@id\":\"https:\\\/\\\/moitoarchery.com\\\/en\\\/product\\\/kit-de-arco-longbow-tradicional-fenix-52-para-ninos\\\/\",\"url\":\"https:\\\/\\\/moitoarchery.com\\\/en\\\/product\\\/kit-de-arco-longbow-tradicional-fenix-52-para-ninos\\\/\",\"name\":\"Kit de arco longbow tradicional Fenix 52\\\" para ni\u00f1os - MoitoArchery\",\"isPartOf\":{\"@id\":\"https:\\\/\\\/moitoarchery.com\\\/en\\\/#website\"},\"primaryImageOfPage\":{\"@id\":\"https:\\\/\\\/moitoarchery.com\\\/en\\\/product\\\/kit-de-arco-longbow-tradicional-fenix-52-para-ninos\\\/#primaryimage\"},\"image\":{\"@id\":\"https:\\\/\\\/moitoarchery.com\\\/en\\\/product\\\/kit-de-arco-longbow-tradicional-fenix-52-para-ninos\\\/#primaryimage\"},\"thumbnailUrl\":\"https:\\\/\\\/moitoarchery.com\\\/wp-content\\\/uploads\\\/2023\\\/03\\\/KIT-ARCO-FENIX-1-1.jpg\",\"datePublished\":\"2023-03-23T15:42:08+00:00\",\"dateModified\":\"2026-04-16T09:17:20+00:00\",\"description\":\"El Kit de Arco Longbow Tradicional Fenix de 52\\\" para ni\u00f1os est\u00e1 especialmente dise\u00f1ado para los m\u00e1s j\u00f3venes arqueros. Incluye el arco Longbow Fenix de 52\\\" ideal para su tama\u00f1o y habilidades, un protector de brazo Kap Winstorm, y una funda Buck Trail Western para archos recurvos. Tambi\u00e9n cuenta con una dactilera Buck Trail Basic Tradicional, arrancaflechas Avalon Grasper, y un armador de arco Buck Trail Universal Dos-Tip. El kit incluye un carcaso tradicional Trifty de Buck Trail en gris, un soporte para arco Avalon Basic, y flechas completas Spruce Wood Ni\u00f1os (6 unidades), ofreciendo todo lo necesario para iniciarse en el tiro con arco con calidad y seguridad.\",\"breadcrumb\":{\"@id\":\"https:\\\/\\\/moitoarchery.com\\\/en\\\/product\\\/kit-de-arco-longbow-tradicional-fenix-52-para-ninos\\\/#breadcrumb\"},\"inLanguage\":\"en-US\",\"potentialAction\":[{\"@type\":\"ReadAction\",\"target\":[\"https:\\\/\\\/moitoarchery.com\\\/en\\\/product\\\/kit-de-arco-longbow-tradicional-fenix-52-para-ninos\\\/\"]}]},{\"@type\":\"ImageObject\",\"inLanguage\":\"en-US\",\"@id\":\"https:\\\/\\\/moitoarchery.com\\\/en\\\/product\\\/kit-de-arco-longbow-tradicional-fenix-52-para-ninos\\\/#primaryimage\",\"url\":\"https:\\\/\\\/moitoarchery.com\\\/wp-content\\\/uploads\\\/2023\\\/03\\\/KIT-ARCO-FENIX-1-1.jpg\",\"contentUrl\":\"https:\\\/\\\/moitoarchery.com\\\/wp-content\\\/uploads\\\/2023\\\/03\\\/KIT-ARCO-FENIX-1-1.jpg\",\"width\":800,\"height\":800,\"caption\":\"Fenix 52\\\" Traditional Longbow Kit for Kids\"},{\"@type\":\"BreadcrumbList\",\"@id\":\"https:\\\/\\\/moitoarchery.com\\\/en\\\/product\\\/kit-de-arco-longbow-tradicional-fenix-52-para-ninos\\\/#breadcrumb\",\"itemListElement\":[{\"@type\":\"ListItem\",\"position\":1,\"name\":\"Portada\",\"item\":\"https:\\\/\\\/moitoarchery.com\\\/en\\\/\"},{\"@type\":\"ListItem\",\"position\":2,\"name\":\"Shop\",\"item\":\"https:\\\/\\\/moitoarchery.com\\\/en\\\/shop\\\/\"},{\"@type\":\"ListItem\",\"position\":3,\"name\":\"Kit de arco longbow tradicional Fenix 52&#8243; para ni\u00f1os\"}]},{\"@type\":\"WebSite\",\"@id\":\"https:\\\/\\\/moitoarchery.com\\\/en\\\/#website\",\"url\":\"https:\\\/\\\/moitoarchery.com\\\/en\\\/\",\"name\":\"MoitoArchery\",\"description\":\"Tienda de Tiro con arco\",\"publisher\":{\"@id\":\"https:\\\/\\\/moitoarchery.com\\\/en\\\/#organization\"},\"potentialAction\":[{\"@type\":\"SearchAction\",\"target\":{\"@type\":\"EntryPoint\",\"urlTemplate\":\"https:\\\/\\\/moitoarchery.com\\\/en\\\/?s={search_term_string}\"},\"query-input\":{\"@type\":\"PropertyValueSpecification\",\"valueRequired\":true,\"valueName\":\"search_term_string\"}}],\"inLanguage\":\"en-US\"},{\"@type\":\"Organization\",\"@id\":\"https:\\\/\\\/moitoarchery.com\\\/en\\\/#organization\",\"name\":\"MoitoArchery\",\"url\":\"https:\\\/\\\/moitoarchery.com\\\/en\\\/\",\"logo\":{\"@type\":\"ImageObject\",\"inLanguage\":\"en-US\",\"@id\":\"https:\\\/\\\/moitoarchery.com\\\/en\\\/#\\\/schema\\\/logo\\\/image\\\/\",\"url\":\"https:\\\/\\\/moitoarchery.com\\\/wp-content\\\/uploads\\\/2020\\\/09\\\/logotipo-moitoarchery.png\",\"contentUrl\":\"https:\\\/\\\/moitoarchery.com\\\/wp-content\\\/uploads\\\/2020\\\/09\\\/logotipo-moitoarchery.png\",\"width\":300,\"height\":66,\"caption\":\"MoitoArchery\"},\"image\":{\"@id\":\"https:\\\/\\\/moitoarchery.com\\\/en\\\/#\\\/schema\\\/logo\\\/image\\\/\"},\"sameAs\":[\"https:\\\/\\\/www.facebook.com\\\/arqueriaOnline\\\/\",\"https:\\\/\\\/www.instagram.com\\\/moitoarchery\\\/\",\"https:\\\/\\\/www.youtube.com\\\/channel\\\/UCvmj39gVUIKVoJJ6vQC9GPA\\\/\"]}]}<\/script>\n<!-- \/ Yoast SEO plugin. -->","yoast_head_json":{"title":"Kit de arco longbow tradicional Fenix 52\" para ni\u00f1os - MoitoArchery","description":"El Kit de Arco Longbow Tradicional Fenix de 52\" para ni\u00f1os est\u00e1 especialmente dise\u00f1ado para los m\u00e1s j\u00f3venes arqueros. Incluye el arco Longbow Fenix de 52\" ideal para su tama\u00f1o y habilidades, un protector de brazo Kap Winstorm, y una funda Buck Trail Western para archos recurvos. Tambi\u00e9n cuenta con una dactilera Buck Trail Basic Tradicional, arrancaflechas Avalon Grasper, y un armador de arco Buck Trail Universal Dos-Tip. El kit incluye un carcaso tradicional Trifty de Buck Trail en gris, un soporte para arco Avalon Basic, y flechas completas Spruce Wood Ni\u00f1os (6 unidades), ofreciendo todo lo necesario para iniciarse en el tiro con arco con calidad y seguridad.","robots":{"index":"index","follow":"follow","max-snippet":"max-snippet:-1","max-image-preview":"max-image-preview:large","max-video-preview":"max-video-preview:-1"},"canonical":"https:\/\/moitoarchery.com\/en\/product\/kit-de-arco-longbow-tradicional-fenix-52-para-ninos\/","og_locale":"en_US","og_type":"article","og_title":"Kit de arco longbow tradicional Fenix 52\" para ni\u00f1os - MoitoArchery","og_description":"El Kit de Arco Longbow Tradicional Fenix de 52\" para ni\u00f1os est\u00e1 especialmente dise\u00f1ado para los m\u00e1s j\u00f3venes arqueros. Incluye el arco Longbow Fenix de 52\" ideal para su tama\u00f1o y habilidades, un protector de brazo Kap Winstorm, y una funda Buck Trail Western para archos recurvos. Tambi\u00e9n cuenta con una dactilera Buck Trail Basic Tradicional, arrancaflechas Avalon Grasper, y un armador de arco Buck Trail Universal Dos-Tip. El kit incluye un carcaso tradicional Trifty de Buck Trail en gris, un soporte para arco Avalon Basic, y flechas completas Spruce Wood Ni\u00f1os (6 unidades), ofreciendo todo lo necesario para iniciarse en el tiro con arco con calidad y seguridad.","og_url":"https:\/\/moitoarchery.com\/en\/product\/kit-de-arco-longbow-tradicional-fenix-52-para-ninos\/","og_site_name":"MoitoArchery","article_publisher":"https:\/\/www.facebook.com\/arqueriaOnline\/","article_modified_time":"2026-04-16T09:17:20+00:00","og_image":[{"width":800,"height":800,"url":"https:\/\/moitoarchery.com\/wp-content\/uploads\/2023\/03\/KIT-ARCO-FENIX-1-1.jpg","type":"image\/jpeg"}],"twitter_card":"summary_large_image","twitter_misc":{"Est. reading time":"1 minute"},"schema":{"@context":"https:\/\/schema.org","@graph":[{"@type":"WebPage","@id":"https:\/\/moitoarchery.com\/en\/product\/kit-de-arco-longbow-tradicional-fenix-52-para-ninos\/","url":"https:\/\/moitoarchery.com\/en\/product\/kit-de-arco-longbow-tradicional-fenix-52-para-ninos\/","name":"Kit de arco longbow tradicional Fenix 52\" para ni\u00f1os - MoitoArchery","isPartOf":{"@id":"https:\/\/moitoarchery.com\/en\/#website"},"primaryImageOfPage":{"@id":"https:\/\/moitoarchery.com\/en\/product\/kit-de-arco-longbow-tradicional-fenix-52-para-ninos\/#primaryimage"},"image":{"@id":"https:\/\/moitoarchery.com\/en\/product\/kit-de-arco-longbow-tradicional-fenix-52-para-ninos\/#primaryimage"},"thumbnailUrl":"https:\/\/moitoarchery.com\/wp-content\/uploads\/2023\/03\/KIT-ARCO-FENIX-1-1.jpg","datePublished":"2023-03-23T15:42:08+00:00","dateModified":"2026-04-16T09:17:20+00:00","description":"El Kit de Arco Longbow Tradicional Fenix de 52\" para ni\u00f1os est\u00e1 especialmente dise\u00f1ado para los m\u00e1s j\u00f3venes arqueros. Incluye el arco Longbow Fenix de 52\" ideal para su tama\u00f1o y habilidades, un protector de brazo Kap Winstorm, y una funda Buck Trail Western para archos recurvos. Tambi\u00e9n cuenta con una dactilera Buck Trail Basic Tradicional, arrancaflechas Avalon Grasper, y un armador de arco Buck Trail Universal Dos-Tip. El kit incluye un carcaso tradicional Trifty de Buck Trail en gris, un soporte para arco Avalon Basic, y flechas completas Spruce Wood Ni\u00f1os (6 unidades), ofreciendo todo lo necesario para iniciarse en el tiro con arco con calidad y seguridad.","breadcrumb":{"@id":"https:\/\/moitoarchery.com\/en\/product\/kit-de-arco-longbow-tradicional-fenix-52-para-ninos\/#breadcrumb"},"inLanguage":"en-US","potentialAction":[{"@type":"ReadAction","target":["https:\/\/moitoarchery.com\/en\/product\/kit-de-arco-longbow-tradicional-fenix-52-para-ninos\/"]}]},{"@type":"ImageObject","inLanguage":"en-US","@id":"https:\/\/moitoarchery.com\/en\/product\/kit-de-arco-longbow-tradicional-fenix-52-para-ninos\/#primaryimage","url":"https:\/\/moitoarchery.com\/wp-content\/uploads\/2023\/03\/KIT-ARCO-FENIX-1-1.jpg","contentUrl":"https:\/\/moitoarchery.com\/wp-content\/uploads\/2023\/03\/KIT-ARCO-FENIX-1-1.jpg","width":800,"height":800,"caption":"Fenix 52\" Traditional Longbow Kit for Kids"},{"@type":"BreadcrumbList","@id":"https:\/\/moitoarchery.com\/en\/product\/kit-de-arco-longbow-tradicional-fenix-52-para-ninos\/#breadcrumb","itemListElement":[{"@type":"ListItem","position":1,"name":"Portada","item":"https:\/\/moitoarchery.com\/en\/"},{"@type":"ListItem","position":2,"name":"Shop","item":"https:\/\/moitoarchery.com\/en\/shop\/"},{"@type":"ListItem","position":3,"name":"Kit de arco longbow tradicional Fenix 52&#8243; para ni\u00f1os"}]},{"@type":"WebSite","@id":"https:\/\/moitoarchery.com\/en\/#website","url":"https:\/\/moitoarchery.com\/en\/","name":"MoitoArchery","description":"Tienda de Tiro con arco","publisher":{"@id":"https:\/\/moitoarchery.com\/en\/#organization"},"potentialAction":[{"@type":"SearchAction","target":{"@type":"EntryPoint","urlTemplate":"https:\/\/moitoarchery.com\/en\/?s={search_term_string}"},"query-input":{"@type":"PropertyValueSpecification","valueRequired":true,"valueName":"search_term_string"}}],"inLanguage":"en-US"},{"@type":"Organization","@id":"https:\/\/moitoarchery.com\/en\/#organization","name":"MoitoArchery","url":"https:\/\/moitoarchery.com\/en\/","logo":{"@type":"ImageObject","inLanguage":"en-US","@id":"https:\/\/moitoarchery.com\/en\/#\/schema\/logo\/image\/","url":"https:\/\/moitoarchery.com\/wp-content\/uploads\/2020\/09\/logotipo-moitoarchery.png","contentUrl":"https:\/\/moitoarchery.com\/wp-content\/uploads\/2020\/09\/logotipo-moitoarchery.png","width":300,"height":66,"caption":"MoitoArchery"},"image":{"@id":"https:\/\/moitoarchery.com\/en\/#\/schema\/logo\/image\/"},"sameAs":["https:\/\/www.facebook.com\/arqueriaOnline\/","https:\/\/www.instagram.com\/moitoarchery\/","https:\/\/www.youtube.com\/channel\/UCvmj39gVUIKVoJJ6vQC9GPA\/"]}]}},"_links":{"self":[{"href":"https:\/\/moitoarchery.com\/en\/wp-json\/wp\/v2\/product\/19692","targetHints":{"allow":["GET"]}}],"collection":[{"href":"https:\/\/moitoarchery.com\/en\/wp-json\/wp\/v2\/product"}],"about":[{"href":"https:\/\/moitoarchery.com\/en\/wp-json\/wp\/v2\/types\/product"}],"replies":[{"embeddable":true,"href":"https:\/\/moitoarchery.com\/en\/wp-json\/wp\/v2\/comments?post=19692"}],"version-history":[{"count":1,"href":"https:\/\/moitoarchery.com\/en\/wp-json\/wp\/v2\/product\/19692\/revisions"}],"predecessor-version":[{"id":129739,"href":"https:\/\/moitoarchery.com\/en\/wp-json\/wp\/v2\/product\/19692\/revisions\/129739"}],"wp:featuredmedia":[{"embeddable":true,"href":"https:\/\/moitoarchery.com\/en\/wp-json\/wp\/v2\/media\/20032"}],"wp:attachment":[{"href":"https:\/\/moitoarchery.com\/en\/wp-json\/wp\/v2\/media?parent=19692"}],"wp:term":[{"taxonomy":"product_brand","embeddable":true,"href":"https:\/\/moitoarchery.com\/en\/wp-json\/wp\/v2\/product_brand?post=19692"},{"taxonomy":"product_cat","embeddable":true,"href":"https:\/\/moitoarchery.com\/en\/wp-json\/wp\/v2\/product_cat?post=19692"},{"taxonomy":"product_tag","embeddable":true,"href":"https:\/\/moitoarchery.com\/en\/wp-json\/wp\/v2\/product_tag?post=19692"}],"curies":[{"name":"wp","href":"https:\/\/api.w.org\/{rel}","templated":true}]}}