{"id":18804,"date":"2023-01-27T17:47:16","date_gmt":"2023-01-27T16:47:16","guid":{"rendered":"https:\/\/moitoarchery.com\/?post_type=product&#038;p=18804"},"modified":"2026-04-20T12:23:43","modified_gmt":"2026-04-20T10:23:43","slug":"kit-arco-completo-jet-metal","status":"publish","type":"product","link":"https:\/\/moitoarchery.com\/en\/product\/kit-arco-completo-jet-metal\/","title":{"rendered":"Kit arco completo JET Metal"},"content":{"rendered":"<p>Kit Arco Completo Hit Metal de iniciaci\u00f3n incluye:<\/p>\n<ul>\n<li>Cuerpo Core Jet Metal 24&#8243; RH de iniciaci\u00f3n (<a href=\"https:\/\/moitoarchery.com\/producto\/cuerpo-core-jet-metal-24-metallic-de-iniciacion-para-arco-olimpico-rh-lh\/\"><span style=\"color: #0000ff;\">Ver colores<\/span><\/a>)<\/li>\n<li>Palas de iniciaci\u00f3n Core Hit Black para recurvo T\/D<\/li>\n<li>Cuerda Avalon Dynagen 14 hilos<\/li>\n<li>Reposaflechas Avalon Tyro Sticky para recurvo<\/li>\n<li>Nock<\/li>\n<li>Dactilera Buck Trail Basic (<span style=\"color: #0000ff;\"><a style=\"color: #0000ff;\" href=\"https:\/\/moitoarchery.com\/producto\/dactilera-buck-trail-basic-tradicional-para-tiro-con-arco-recurvo-y-tradicional\/\">Talla a elegir<\/a><\/span>)<\/li>\n<li>Protector de Brazo Avalon M<\/li>\n<li>Carcaj Avalon Tyro (<a href=\"https:\/\/moitoarchery.com\/producto\/carcaj-avalon-tyro-2-0-con-tres-tubos-de-cintura-y-bolsillo-lateral\/\"><span style=\"color: #0000ff;\">Color a elegir<\/span><\/a>)<\/li>\n<li>Armador de Arco Avalon<\/li>\n<li>Soporte de arco Basic<\/li>\n<li>Mochila Avalon Tyro con tubo portaflechas (<a href=\"https:\/\/moitoarchery.com\/producto\/mochila-avalon-tyro\/\"><span style=\"color: #0000ff;\">Color a elegir<\/span><\/a>)<\/li>\n<li>Flecha completa Avalon Tyro 4.2 (6 Unidades)<\/li>\n<\/ul>\n<p>*A\u00f1adir los colores de los art\u00edculos en un comentario<\/p>\n","protected":false},"excerpt":{"rendered":"<p>El kit de arco Jet Metal es ideal para principiantes y arqueros que se est\u00e9n iniciando que busquen comenzar en la arquer\u00eda con el mejor equipamiento posible. Cuenta con un cuerpo met\u00e1lico fabricado con fundici\u00f3n de aluminio que llega a los 700 gramos de peso sin ajuste de potencia y que incluye alojamientos para todo tipos de accesorios.<\/p>\n","protected":false},"featured_media":37724,"comment_status":"open","ping_status":"closed","template":"","meta":{"_acf_changed":false},"product_brand":[4054],"product_cat":[470],"product_tag":[188],"class_list":{"0":"post-18804","1":"product","2":"type-product","3":"status-publish","4":"has-post-thumbnail","6":"product_brand-varios","7":"product_cat-kits-de-iniciacion","8":"product_tag-arcos-para-principiantes","9":"product_shipping_class-envio-pe-2090e-ba-3890e","11":"first","12":"instock","13":"sale","14":"taxable","15":"shipping-taxable","16":"purchasable","17":"product-type-easy_product_bundle"},"acf":[],"yoast_head":"<!-- This site is optimized with the Yoast SEO plugin v27.3 - https:\/\/yoast.com\/product\/yoast-seo-wordpress\/ -->\n<title>Kit arco completo JET Metal - MoitoArchery<\/title>\n<meta name=\"description\" content=\"El kit de arco completo Jet Metal cuenta con un cuerpo met\u00e1lico fabricado con fundici\u00f3n de aluminio que llega a los 700 gramos de peso.\" \/>\n<meta name=\"robots\" content=\"index, follow, max-snippet:-1, max-image-preview:large, max-video-preview:-1\" \/>\n<link rel=\"canonical\" href=\"https:\/\/moitoarchery.com\/en\/product\/kit-arco-completo-jet-metal\/\" \/>\n<meta property=\"og:locale\" content=\"en_US\" \/>\n<meta property=\"og:type\" content=\"article\" \/>\n<meta property=\"og:title\" content=\"Kit arco completo JET Metal - MoitoArchery\" \/>\n<meta property=\"og:description\" content=\"El kit de arco completo Jet Metal cuenta con un cuerpo met\u00e1lico fabricado con fundici\u00f3n de aluminio que llega a los 700 gramos de peso.\" \/>\n<meta property=\"og:url\" content=\"https:\/\/moitoarchery.com\/en\/product\/kit-arco-completo-jet-metal\/\" \/>\n<meta property=\"og:site_name\" content=\"MoitoArchery\" \/>\n<meta property=\"article:publisher\" content=\"https:\/\/www.facebook.com\/arqueriaOnline\/\" \/>\n<meta property=\"article:modified_time\" content=\"2026-04-20T10:23:43+00:00\" \/>\n<meta property=\"og:image\" content=\"https:\/\/moitoarchery.com\/wp-content\/uploads\/2023\/01\/kit-jet-metal.jpg\" \/>\n\t<meta property=\"og:image:width\" content=\"800\" \/>\n\t<meta property=\"og:image:height\" content=\"800\" \/>\n\t<meta property=\"og:image:type\" content=\"image\/jpeg\" \/>\n<meta name=\"twitter:card\" content=\"summary_large_image\" \/>\n<meta name=\"twitter:label1\" content=\"Est. reading time\" \/>\n\t<meta name=\"twitter:data1\" content=\"1 minute\" \/>\n<script type=\"application\/ld+json\" class=\"yoast-schema-graph\">{\"@context\":\"https:\\\/\\\/schema.org\",\"@graph\":[{\"@type\":\"WebPage\",\"@id\":\"https:\\\/\\\/moitoarchery.com\\\/en\\\/product\\\/kit-arco-completo-jet-metal\\\/\",\"url\":\"https:\\\/\\\/moitoarchery.com\\\/en\\\/product\\\/kit-arco-completo-jet-metal\\\/\",\"name\":\"Kit arco completo JET Metal - MoitoArchery\",\"isPartOf\":{\"@id\":\"https:\\\/\\\/moitoarchery.com\\\/en\\\/#website\"},\"primaryImageOfPage\":{\"@id\":\"https:\\\/\\\/moitoarchery.com\\\/en\\\/product\\\/kit-arco-completo-jet-metal\\\/#primaryimage\"},\"image\":{\"@id\":\"https:\\\/\\\/moitoarchery.com\\\/en\\\/product\\\/kit-arco-completo-jet-metal\\\/#primaryimage\"},\"thumbnailUrl\":\"https:\\\/\\\/moitoarchery.com\\\/wp-content\\\/uploads\\\/2023\\\/01\\\/kit-jet-metal.jpg\",\"datePublished\":\"2023-01-27T16:47:16+00:00\",\"dateModified\":\"2026-04-20T10:23:43+00:00\",\"description\":\"El kit de arco completo Jet Metal cuenta con un cuerpo met\u00e1lico fabricado con fundici\u00f3n de aluminio que llega a los 700 gramos de peso.\",\"breadcrumb\":{\"@id\":\"https:\\\/\\\/moitoarchery.com\\\/en\\\/product\\\/kit-arco-completo-jet-metal\\\/#breadcrumb\"},\"inLanguage\":\"en-US\",\"potentialAction\":[{\"@type\":\"ReadAction\",\"target\":[\"https:\\\/\\\/moitoarchery.com\\\/en\\\/product\\\/kit-arco-completo-jet-metal\\\/\"]}]},{\"@type\":\"ImageObject\",\"inLanguage\":\"en-US\",\"@id\":\"https:\\\/\\\/moitoarchery.com\\\/en\\\/product\\\/kit-arco-completo-jet-metal\\\/#primaryimage\",\"url\":\"https:\\\/\\\/moitoarchery.com\\\/wp-content\\\/uploads\\\/2023\\\/01\\\/kit-jet-metal.jpg\",\"contentUrl\":\"https:\\\/\\\/moitoarchery.com\\\/wp-content\\\/uploads\\\/2023\\\/01\\\/kit-jet-metal.jpg\",\"width\":800,\"height\":800,\"caption\":\"JET Metal Complete Bow Kit\"},{\"@type\":\"BreadcrumbList\",\"@id\":\"https:\\\/\\\/moitoarchery.com\\\/en\\\/product\\\/kit-arco-completo-jet-metal\\\/#breadcrumb\",\"itemListElement\":[{\"@type\":\"ListItem\",\"position\":1,\"name\":\"Portada\",\"item\":\"https:\\\/\\\/moitoarchery.com\\\/en\\\/\"},{\"@type\":\"ListItem\",\"position\":2,\"name\":\"Shop\",\"item\":\"https:\\\/\\\/moitoarchery.com\\\/en\\\/shop\\\/\"},{\"@type\":\"ListItem\",\"position\":3,\"name\":\"Kit arco completo JET Metal\"}]},{\"@type\":\"WebSite\",\"@id\":\"https:\\\/\\\/moitoarchery.com\\\/en\\\/#website\",\"url\":\"https:\\\/\\\/moitoarchery.com\\\/en\\\/\",\"name\":\"MoitoArchery\",\"description\":\"Tienda de Tiro con arco\",\"publisher\":{\"@id\":\"https:\\\/\\\/moitoarchery.com\\\/en\\\/#organization\"},\"potentialAction\":[{\"@type\":\"SearchAction\",\"target\":{\"@type\":\"EntryPoint\",\"urlTemplate\":\"https:\\\/\\\/moitoarchery.com\\\/en\\\/?s={search_term_string}\"},\"query-input\":{\"@type\":\"PropertyValueSpecification\",\"valueRequired\":true,\"valueName\":\"search_term_string\"}}],\"inLanguage\":\"en-US\"},{\"@type\":\"Organization\",\"@id\":\"https:\\\/\\\/moitoarchery.com\\\/en\\\/#organization\",\"name\":\"MoitoArchery\",\"url\":\"https:\\\/\\\/moitoarchery.com\\\/en\\\/\",\"logo\":{\"@type\":\"ImageObject\",\"inLanguage\":\"en-US\",\"@id\":\"https:\\\/\\\/moitoarchery.com\\\/en\\\/#\\\/schema\\\/logo\\\/image\\\/\",\"url\":\"https:\\\/\\\/moitoarchery.com\\\/wp-content\\\/uploads\\\/2020\\\/09\\\/logotipo-moitoarchery.png\",\"contentUrl\":\"https:\\\/\\\/moitoarchery.com\\\/wp-content\\\/uploads\\\/2020\\\/09\\\/logotipo-moitoarchery.png\",\"width\":300,\"height\":66,\"caption\":\"MoitoArchery\"},\"image\":{\"@id\":\"https:\\\/\\\/moitoarchery.com\\\/en\\\/#\\\/schema\\\/logo\\\/image\\\/\"},\"sameAs\":[\"https:\\\/\\\/www.facebook.com\\\/arqueriaOnline\\\/\",\"https:\\\/\\\/www.instagram.com\\\/moitoarchery\\\/\",\"https:\\\/\\\/www.youtube.com\\\/channel\\\/UCvmj39gVUIKVoJJ6vQC9GPA\\\/\"]}]}<\/script>\n<!-- \/ Yoast SEO plugin. -->","yoast_head_json":{"title":"Kit arco completo JET Metal - MoitoArchery","description":"El kit de arco completo Jet Metal cuenta con un cuerpo met\u00e1lico fabricado con fundici\u00f3n de aluminio que llega a los 700 gramos de peso.","robots":{"index":"index","follow":"follow","max-snippet":"max-snippet:-1","max-image-preview":"max-image-preview:large","max-video-preview":"max-video-preview:-1"},"canonical":"https:\/\/moitoarchery.com\/en\/product\/kit-arco-completo-jet-metal\/","og_locale":"en_US","og_type":"article","og_title":"Kit arco completo JET Metal - MoitoArchery","og_description":"El kit de arco completo Jet Metal cuenta con un cuerpo met\u00e1lico fabricado con fundici\u00f3n de aluminio que llega a los 700 gramos de peso.","og_url":"https:\/\/moitoarchery.com\/en\/product\/kit-arco-completo-jet-metal\/","og_site_name":"MoitoArchery","article_publisher":"https:\/\/www.facebook.com\/arqueriaOnline\/","article_modified_time":"2026-04-20T10:23:43+00:00","og_image":[{"width":800,"height":800,"url":"https:\/\/moitoarchery.com\/wp-content\/uploads\/2023\/01\/kit-jet-metal.jpg","type":"image\/jpeg"}],"twitter_card":"summary_large_image","twitter_misc":{"Est. reading time":"1 minute"},"schema":{"@context":"https:\/\/schema.org","@graph":[{"@type":"WebPage","@id":"https:\/\/moitoarchery.com\/en\/product\/kit-arco-completo-jet-metal\/","url":"https:\/\/moitoarchery.com\/en\/product\/kit-arco-completo-jet-metal\/","name":"Kit arco completo JET Metal - MoitoArchery","isPartOf":{"@id":"https:\/\/moitoarchery.com\/en\/#website"},"primaryImageOfPage":{"@id":"https:\/\/moitoarchery.com\/en\/product\/kit-arco-completo-jet-metal\/#primaryimage"},"image":{"@id":"https:\/\/moitoarchery.com\/en\/product\/kit-arco-completo-jet-metal\/#primaryimage"},"thumbnailUrl":"https:\/\/moitoarchery.com\/wp-content\/uploads\/2023\/01\/kit-jet-metal.jpg","datePublished":"2023-01-27T16:47:16+00:00","dateModified":"2026-04-20T10:23:43+00:00","description":"El kit de arco completo Jet Metal cuenta con un cuerpo met\u00e1lico fabricado con fundici\u00f3n de aluminio que llega a los 700 gramos de peso.","breadcrumb":{"@id":"https:\/\/moitoarchery.com\/en\/product\/kit-arco-completo-jet-metal\/#breadcrumb"},"inLanguage":"en-US","potentialAction":[{"@type":"ReadAction","target":["https:\/\/moitoarchery.com\/en\/product\/kit-arco-completo-jet-metal\/"]}]},{"@type":"ImageObject","inLanguage":"en-US","@id":"https:\/\/moitoarchery.com\/en\/product\/kit-arco-completo-jet-metal\/#primaryimage","url":"https:\/\/moitoarchery.com\/wp-content\/uploads\/2023\/01\/kit-jet-metal.jpg","contentUrl":"https:\/\/moitoarchery.com\/wp-content\/uploads\/2023\/01\/kit-jet-metal.jpg","width":800,"height":800,"caption":"JET Metal Complete Bow Kit"},{"@type":"BreadcrumbList","@id":"https:\/\/moitoarchery.com\/en\/product\/kit-arco-completo-jet-metal\/#breadcrumb","itemListElement":[{"@type":"ListItem","position":1,"name":"Portada","item":"https:\/\/moitoarchery.com\/en\/"},{"@type":"ListItem","position":2,"name":"Shop","item":"https:\/\/moitoarchery.com\/en\/shop\/"},{"@type":"ListItem","position":3,"name":"Kit arco completo JET Metal"}]},{"@type":"WebSite","@id":"https:\/\/moitoarchery.com\/en\/#website","url":"https:\/\/moitoarchery.com\/en\/","name":"MoitoArchery","description":"Tienda de Tiro con arco","publisher":{"@id":"https:\/\/moitoarchery.com\/en\/#organization"},"potentialAction":[{"@type":"SearchAction","target":{"@type":"EntryPoint","urlTemplate":"https:\/\/moitoarchery.com\/en\/?s={search_term_string}"},"query-input":{"@type":"PropertyValueSpecification","valueRequired":true,"valueName":"search_term_string"}}],"inLanguage":"en-US"},{"@type":"Organization","@id":"https:\/\/moitoarchery.com\/en\/#organization","name":"MoitoArchery","url":"https:\/\/moitoarchery.com\/en\/","logo":{"@type":"ImageObject","inLanguage":"en-US","@id":"https:\/\/moitoarchery.com\/en\/#\/schema\/logo\/image\/","url":"https:\/\/moitoarchery.com\/wp-content\/uploads\/2020\/09\/logotipo-moitoarchery.png","contentUrl":"https:\/\/moitoarchery.com\/wp-content\/uploads\/2020\/09\/logotipo-moitoarchery.png","width":300,"height":66,"caption":"MoitoArchery"},"image":{"@id":"https:\/\/moitoarchery.com\/en\/#\/schema\/logo\/image\/"},"sameAs":["https:\/\/www.facebook.com\/arqueriaOnline\/","https:\/\/www.instagram.com\/moitoarchery\/","https:\/\/www.youtube.com\/channel\/UCvmj39gVUIKVoJJ6vQC9GPA\/"]}]}},"_links":{"self":[{"href":"https:\/\/moitoarchery.com\/en\/wp-json\/wp\/v2\/product\/18804","targetHints":{"allow":["GET"]}}],"collection":[{"href":"https:\/\/moitoarchery.com\/en\/wp-json\/wp\/v2\/product"}],"about":[{"href":"https:\/\/moitoarchery.com\/en\/wp-json\/wp\/v2\/types\/product"}],"replies":[{"embeddable":true,"href":"https:\/\/moitoarchery.com\/en\/wp-json\/wp\/v2\/comments?post=18804"}],"version-history":[{"count":4,"href":"https:\/\/moitoarchery.com\/en\/wp-json\/wp\/v2\/product\/18804\/revisions"}],"predecessor-version":[{"id":134464,"href":"https:\/\/moitoarchery.com\/en\/wp-json\/wp\/v2\/product\/18804\/revisions\/134464"}],"wp:featuredmedia":[{"embeddable":true,"href":"https:\/\/moitoarchery.com\/en\/wp-json\/wp\/v2\/media\/37724"}],"wp:attachment":[{"href":"https:\/\/moitoarchery.com\/en\/wp-json\/wp\/v2\/media?parent=18804"}],"wp:term":[{"taxonomy":"product_brand","embeddable":true,"href":"https:\/\/moitoarchery.com\/en\/wp-json\/wp\/v2\/product_brand?post=18804"},{"taxonomy":"product_cat","embeddable":true,"href":"https:\/\/moitoarchery.com\/en\/wp-json\/wp\/v2\/product_cat?post=18804"},{"taxonomy":"product_tag","embeddable":true,"href":"https:\/\/moitoarchery.com\/en\/wp-json\/wp\/v2\/product_tag?post=18804"}],"curies":[{"name":"wp","href":"https:\/\/api.w.org\/{rel}","templated":true}]}}