{"id":14564,"date":"2022-03-15T16:34:08","date_gmt":"2022-03-15T15:34:08","guid":{"rendered":"https:\/\/moitoarchery.com\/?post_type=product&#038;p=14564"},"modified":"2026-04-16T11:16:34","modified_gmt":"2026-04-16T09:16:34","slug":"kit-de-arco-samick-horse-bow-skb-de-50%e2%80%b3","status":"publish","type":"product","link":"https:\/\/moitoarchery.com\/en\/product\/kit-de-arco-samick-horse-bow-skb-de-50%e2%80%b3\/","title":{"rendered":"Kit de arco Samick Horse Bow SKB de 50\u2033"},"content":{"rendered":"<p><strong>El Kit de Arco Samick Horse Bow SKB de 50\u2033 incluye:<\/strong><\/p>\n<ul>\n<li>Arco Samick Horse Bow SKB de 50\u2033<\/li>\n<li>Armador De Arco Avalon para arcos recurvos<\/li>\n<li>Bolsa de transporte Buck Trail para Horse Bow 130x30cm<\/li>\n<li>Tubo Extensible para Flechas Avalon<\/li>\n<li>Carcaj Buck Trail Trinary Tradicional<\/li>\n<li>Soporte Avalon Basic Magnetic para arco recurvo<\/li>\n<li>\u00a0Guante Buck Trail BowHand con protecci\u00f3n de pelo RH<\/li>\n<li>Guante Buck Trail Stygian con refuerzo<\/li>\n<li>Flecha Completa Standard Spruce Wood 5\/16 (x6 Unidades)<\/li>\n<li>Protector de Brazo Tribal de 17cm<\/li>\n<\/ul>\n<p><strong>Nota del Kit:<\/strong>\u00a0Para escoger diferentes colores de mochilas, carcajs, etc o tallas de guantes y durezas de flecha, si las hubiese, a\u00f1adir las especificaciones en comentarios cuando vaya a finalizar la compra. En su defecto, si no se especifica, se pondr\u00e1 una talla M (media) y colores a discreci\u00f3n.<\/p>\n","protected":false},"excerpt":{"rendered":"<p>El Kit de Arco Samick Horse Bow SKB 50&#8243; es un paquete completo para arqueros, que incluye un arco tradicional de 50&#8243;, flechas de madera de abeto, protector de brazo, guantes, carcaj, armador de arco, bolsa de transporte y m\u00e1s accesorios, todo dise\u00f1ado para garantizar un rendimiento superior y comodidad. Perfecto para aquellos que buscan precisi\u00f3n y durabilidad en su equipo de tiro con arco tradicional.<\/p>\n","protected":false},"featured_media":14565,"comment_status":"open","ping_status":"closed","template":"","meta":{"_acf_changed":false},"product_brand":[4054],"product_cat":[1141,114],"product_tag":[187],"class_list":{"0":"post-14564","1":"product","2":"type-product","3":"status-publish","4":"has-post-thumbnail","6":"product_brand-varios","7":"product_cat-kits-horsebow","8":"product_cat-kit-arco-completo","9":"product_tag-arqueria-tradicional","10":"product_shipping_class-envio-pe-2090e-ba-3890e","12":"first","13":"onbackorder","14":"sale","15":"taxable","16":"shipping-taxable","17":"purchasable","18":"product-type-easy_product_bundle"},"acf":[],"yoast_head":"<!-- This site is optimized with the Yoast SEO plugin v27.4 - https:\/\/yoast.com\/product\/yoast-seo-wordpress\/ -->\n<title>Kit de arco Samick Horse Bow SKB de 50\u2033 - MoitoArchery<\/title>\n<meta name=\"description\" content=\"El Kit de Arco Samick Horse Bow SKB 50&quot; es un paquete completo para arqueros, que incluye un arco tradicional de 50&quot;, flechas de madera de abeto, protector de brazo, guantes, carcaj, armador de arco, bolsa de transporte y m\u00e1s accesorios, todo dise\u00f1ado para garantizar un rendimiento superior y comodidad. Perfecto para aquellos que buscan precisi\u00f3n y durabilidad en su equipo de tiro con arco tradicional.\" \/>\n<meta name=\"robots\" content=\"index, follow, max-snippet:-1, max-image-preview:large, max-video-preview:-1\" \/>\n<link rel=\"canonical\" href=\"https:\/\/moitoarchery.com\/en\/product\/kit-de-arco-samick-horse-bow-skb-de-50%e2%80%b3\/\" \/>\n<meta property=\"og:locale\" content=\"en_US\" \/>\n<meta property=\"og:type\" content=\"article\" \/>\n<meta property=\"og:title\" content=\"Kit de arco Samick Horse Bow SKB de 50\u2033 - MoitoArchery\" \/>\n<meta property=\"og:description\" content=\"El Kit de Arco Samick Horse Bow SKB 50&quot; es un paquete completo para arqueros, que incluye un arco tradicional de 50&quot;, flechas de madera de abeto, protector de brazo, guantes, carcaj, armador de arco, bolsa de transporte y m\u00e1s accesorios, todo dise\u00f1ado para garantizar un rendimiento superior y comodidad. Perfecto para aquellos que buscan precisi\u00f3n y durabilidad en su equipo de tiro con arco tradicional.\" \/>\n<meta property=\"og:url\" content=\"https:\/\/moitoarchery.com\/en\/product\/kit-de-arco-samick-horse-bow-skb-de-50%e2%80%b3\/\" \/>\n<meta property=\"og:site_name\" content=\"MoitoArchery\" \/>\n<meta property=\"article:publisher\" content=\"https:\/\/www.facebook.com\/arqueriaOnline\/\" \/>\n<meta property=\"article:modified_time\" content=\"2026-04-16T09:16:34+00:00\" \/>\n<meta property=\"og:image\" content=\"https:\/\/moitoarchery.com\/wp-content\/uploads\/2022\/03\/kit-arco-tradicional-samick-skb-oak-ridge.jpg\" \/>\n\t<meta property=\"og:image:width\" content=\"800\" \/>\n\t<meta property=\"og:image:height\" content=\"800\" \/>\n\t<meta property=\"og:image:type\" content=\"image\/jpeg\" \/>\n<meta name=\"twitter:card\" content=\"summary_large_image\" \/>\n<meta name=\"twitter:label1\" content=\"Est. reading time\" \/>\n\t<meta name=\"twitter:data1\" content=\"1 minute\" \/>\n<script type=\"application\/ld+json\" class=\"yoast-schema-graph\">{\"@context\":\"https:\\\/\\\/schema.org\",\"@graph\":[{\"@type\":\"WebPage\",\"@id\":\"https:\\\/\\\/moitoarchery.com\\\/en\\\/product\\\/kit-de-arco-samick-horse-bow-skb-de-50%e2%80%b3\\\/\",\"url\":\"https:\\\/\\\/moitoarchery.com\\\/en\\\/product\\\/kit-de-arco-samick-horse-bow-skb-de-50%e2%80%b3\\\/\",\"name\":\"Kit de arco Samick Horse Bow SKB de 50\u2033 - MoitoArchery\",\"isPartOf\":{\"@id\":\"https:\\\/\\\/moitoarchery.com\\\/en\\\/#website\"},\"primaryImageOfPage\":{\"@id\":\"https:\\\/\\\/moitoarchery.com\\\/en\\\/product\\\/kit-de-arco-samick-horse-bow-skb-de-50%e2%80%b3\\\/#primaryimage\"},\"image\":{\"@id\":\"https:\\\/\\\/moitoarchery.com\\\/en\\\/product\\\/kit-de-arco-samick-horse-bow-skb-de-50%e2%80%b3\\\/#primaryimage\"},\"thumbnailUrl\":\"https:\\\/\\\/moitoarchery.com\\\/wp-content\\\/uploads\\\/2022\\\/03\\\/kit-arco-tradicional-samick-skb-oak-ridge.jpg\",\"datePublished\":\"2022-03-15T15:34:08+00:00\",\"dateModified\":\"2026-04-16T09:16:34+00:00\",\"description\":\"El Kit de Arco Samick Horse Bow SKB 50\\\" es un paquete completo para arqueros, que incluye un arco tradicional de 50\\\", flechas de madera de abeto, protector de brazo, guantes, carcaj, armador de arco, bolsa de transporte y m\u00e1s accesorios, todo dise\u00f1ado para garantizar un rendimiento superior y comodidad. Perfecto para aquellos que buscan precisi\u00f3n y durabilidad en su equipo de tiro con arco tradicional.\",\"breadcrumb\":{\"@id\":\"https:\\\/\\\/moitoarchery.com\\\/en\\\/product\\\/kit-de-arco-samick-horse-bow-skb-de-50%e2%80%b3\\\/#breadcrumb\"},\"inLanguage\":\"en-US\",\"potentialAction\":[{\"@type\":\"ReadAction\",\"target\":[\"https:\\\/\\\/moitoarchery.com\\\/en\\\/product\\\/kit-de-arco-samick-horse-bow-skb-de-50%e2%80%b3\\\/\"]}]},{\"@type\":\"ImageObject\",\"inLanguage\":\"en-US\",\"@id\":\"https:\\\/\\\/moitoarchery.com\\\/en\\\/product\\\/kit-de-arco-samick-horse-bow-skb-de-50%e2%80%b3\\\/#primaryimage\",\"url\":\"https:\\\/\\\/moitoarchery.com\\\/wp-content\\\/uploads\\\/2022\\\/03\\\/kit-arco-tradicional-samick-skb-oak-ridge.jpg\",\"contentUrl\":\"https:\\\/\\\/moitoarchery.com\\\/wp-content\\\/uploads\\\/2022\\\/03\\\/kit-arco-tradicional-samick-skb-oak-ridge.jpg\",\"width\":800,\"height\":800,\"caption\":\"Samick Horse Bow SKB 50\\\" Bow Kit\"},{\"@type\":\"BreadcrumbList\",\"@id\":\"https:\\\/\\\/moitoarchery.com\\\/en\\\/product\\\/kit-de-arco-samick-horse-bow-skb-de-50%e2%80%b3\\\/#breadcrumb\",\"itemListElement\":[{\"@type\":\"ListItem\",\"position\":1,\"name\":\"Portada\",\"item\":\"https:\\\/\\\/moitoarchery.com\\\/en\\\/\"},{\"@type\":\"ListItem\",\"position\":2,\"name\":\"Shop\",\"item\":\"https:\\\/\\\/moitoarchery.com\\\/en\\\/shop\\\/\"},{\"@type\":\"ListItem\",\"position\":3,\"name\":\"Kit de arco Samick Horse Bow SKB de 50\u2033\"}]},{\"@type\":\"WebSite\",\"@id\":\"https:\\\/\\\/moitoarchery.com\\\/en\\\/#website\",\"url\":\"https:\\\/\\\/moitoarchery.com\\\/en\\\/\",\"name\":\"MoitoArchery\",\"description\":\"Tienda de Tiro con arco\",\"publisher\":{\"@id\":\"https:\\\/\\\/moitoarchery.com\\\/en\\\/#organization\"},\"potentialAction\":[{\"@type\":\"SearchAction\",\"target\":{\"@type\":\"EntryPoint\",\"urlTemplate\":\"https:\\\/\\\/moitoarchery.com\\\/en\\\/?s={search_term_string}\"},\"query-input\":{\"@type\":\"PropertyValueSpecification\",\"valueRequired\":true,\"valueName\":\"search_term_string\"}}],\"inLanguage\":\"en-US\"},{\"@type\":\"Organization\",\"@id\":\"https:\\\/\\\/moitoarchery.com\\\/en\\\/#organization\",\"name\":\"MoitoArchery\",\"url\":\"https:\\\/\\\/moitoarchery.com\\\/en\\\/\",\"logo\":{\"@type\":\"ImageObject\",\"inLanguage\":\"en-US\",\"@id\":\"https:\\\/\\\/moitoarchery.com\\\/en\\\/#\\\/schema\\\/logo\\\/image\\\/\",\"url\":\"https:\\\/\\\/moitoarchery.com\\\/wp-content\\\/uploads\\\/2020\\\/09\\\/logotipo-moitoarchery.png\",\"contentUrl\":\"https:\\\/\\\/moitoarchery.com\\\/wp-content\\\/uploads\\\/2020\\\/09\\\/logotipo-moitoarchery.png\",\"width\":300,\"height\":66,\"caption\":\"MoitoArchery\"},\"image\":{\"@id\":\"https:\\\/\\\/moitoarchery.com\\\/en\\\/#\\\/schema\\\/logo\\\/image\\\/\"},\"sameAs\":[\"https:\\\/\\\/www.facebook.com\\\/arqueriaOnline\\\/\",\"https:\\\/\\\/www.instagram.com\\\/moitoarchery\\\/\",\"https:\\\/\\\/www.youtube.com\\\/channel\\\/UCvmj39gVUIKVoJJ6vQC9GPA\\\/\"]}]}<\/script>\n<!-- \/ Yoast SEO plugin. -->","yoast_head_json":{"title":"Kit de arco Samick Horse Bow SKB de 50\u2033 - MoitoArchery","description":"El Kit de Arco Samick Horse Bow SKB 50\" es un paquete completo para arqueros, que incluye un arco tradicional de 50\", flechas de madera de abeto, protector de brazo, guantes, carcaj, armador de arco, bolsa de transporte y m\u00e1s accesorios, todo dise\u00f1ado para garantizar un rendimiento superior y comodidad. Perfecto para aquellos que buscan precisi\u00f3n y durabilidad en su equipo de tiro con arco tradicional.","robots":{"index":"index","follow":"follow","max-snippet":"max-snippet:-1","max-image-preview":"max-image-preview:large","max-video-preview":"max-video-preview:-1"},"canonical":"https:\/\/moitoarchery.com\/en\/product\/kit-de-arco-samick-horse-bow-skb-de-50%e2%80%b3\/","og_locale":"en_US","og_type":"article","og_title":"Kit de arco Samick Horse Bow SKB de 50\u2033 - MoitoArchery","og_description":"El Kit de Arco Samick Horse Bow SKB 50\" es un paquete completo para arqueros, que incluye un arco tradicional de 50\", flechas de madera de abeto, protector de brazo, guantes, carcaj, armador de arco, bolsa de transporte y m\u00e1s accesorios, todo dise\u00f1ado para garantizar un rendimiento superior y comodidad. Perfecto para aquellos que buscan precisi\u00f3n y durabilidad en su equipo de tiro con arco tradicional.","og_url":"https:\/\/moitoarchery.com\/en\/product\/kit-de-arco-samick-horse-bow-skb-de-50%e2%80%b3\/","og_site_name":"MoitoArchery","article_publisher":"https:\/\/www.facebook.com\/arqueriaOnline\/","article_modified_time":"2026-04-16T09:16:34+00:00","og_image":[{"width":800,"height":800,"url":"https:\/\/moitoarchery.com\/wp-content\/uploads\/2022\/03\/kit-arco-tradicional-samick-skb-oak-ridge.jpg","type":"image\/jpeg"}],"twitter_card":"summary_large_image","twitter_misc":{"Est. reading time":"1 minute"},"schema":{"@context":"https:\/\/schema.org","@graph":[{"@type":"WebPage","@id":"https:\/\/moitoarchery.com\/en\/product\/kit-de-arco-samick-horse-bow-skb-de-50%e2%80%b3\/","url":"https:\/\/moitoarchery.com\/en\/product\/kit-de-arco-samick-horse-bow-skb-de-50%e2%80%b3\/","name":"Kit de arco Samick Horse Bow SKB de 50\u2033 - MoitoArchery","isPartOf":{"@id":"https:\/\/moitoarchery.com\/en\/#website"},"primaryImageOfPage":{"@id":"https:\/\/moitoarchery.com\/en\/product\/kit-de-arco-samick-horse-bow-skb-de-50%e2%80%b3\/#primaryimage"},"image":{"@id":"https:\/\/moitoarchery.com\/en\/product\/kit-de-arco-samick-horse-bow-skb-de-50%e2%80%b3\/#primaryimage"},"thumbnailUrl":"https:\/\/moitoarchery.com\/wp-content\/uploads\/2022\/03\/kit-arco-tradicional-samick-skb-oak-ridge.jpg","datePublished":"2022-03-15T15:34:08+00:00","dateModified":"2026-04-16T09:16:34+00:00","description":"El Kit de Arco Samick Horse Bow SKB 50\" es un paquete completo para arqueros, que incluye un arco tradicional de 50\", flechas de madera de abeto, protector de brazo, guantes, carcaj, armador de arco, bolsa de transporte y m\u00e1s accesorios, todo dise\u00f1ado para garantizar un rendimiento superior y comodidad. Perfecto para aquellos que buscan precisi\u00f3n y durabilidad en su equipo de tiro con arco tradicional.","breadcrumb":{"@id":"https:\/\/moitoarchery.com\/en\/product\/kit-de-arco-samick-horse-bow-skb-de-50%e2%80%b3\/#breadcrumb"},"inLanguage":"en-US","potentialAction":[{"@type":"ReadAction","target":["https:\/\/moitoarchery.com\/en\/product\/kit-de-arco-samick-horse-bow-skb-de-50%e2%80%b3\/"]}]},{"@type":"ImageObject","inLanguage":"en-US","@id":"https:\/\/moitoarchery.com\/en\/product\/kit-de-arco-samick-horse-bow-skb-de-50%e2%80%b3\/#primaryimage","url":"https:\/\/moitoarchery.com\/wp-content\/uploads\/2022\/03\/kit-arco-tradicional-samick-skb-oak-ridge.jpg","contentUrl":"https:\/\/moitoarchery.com\/wp-content\/uploads\/2022\/03\/kit-arco-tradicional-samick-skb-oak-ridge.jpg","width":800,"height":800,"caption":"Samick Horse Bow SKB 50\" Bow Kit"},{"@type":"BreadcrumbList","@id":"https:\/\/moitoarchery.com\/en\/product\/kit-de-arco-samick-horse-bow-skb-de-50%e2%80%b3\/#breadcrumb","itemListElement":[{"@type":"ListItem","position":1,"name":"Portada","item":"https:\/\/moitoarchery.com\/en\/"},{"@type":"ListItem","position":2,"name":"Shop","item":"https:\/\/moitoarchery.com\/en\/shop\/"},{"@type":"ListItem","position":3,"name":"Kit de arco Samick Horse Bow SKB de 50\u2033"}]},{"@type":"WebSite","@id":"https:\/\/moitoarchery.com\/en\/#website","url":"https:\/\/moitoarchery.com\/en\/","name":"MoitoArchery","description":"Tienda de Tiro con arco","publisher":{"@id":"https:\/\/moitoarchery.com\/en\/#organization"},"potentialAction":[{"@type":"SearchAction","target":{"@type":"EntryPoint","urlTemplate":"https:\/\/moitoarchery.com\/en\/?s={search_term_string}"},"query-input":{"@type":"PropertyValueSpecification","valueRequired":true,"valueName":"search_term_string"}}],"inLanguage":"en-US"},{"@type":"Organization","@id":"https:\/\/moitoarchery.com\/en\/#organization","name":"MoitoArchery","url":"https:\/\/moitoarchery.com\/en\/","logo":{"@type":"ImageObject","inLanguage":"en-US","@id":"https:\/\/moitoarchery.com\/en\/#\/schema\/logo\/image\/","url":"https:\/\/moitoarchery.com\/wp-content\/uploads\/2020\/09\/logotipo-moitoarchery.png","contentUrl":"https:\/\/moitoarchery.com\/wp-content\/uploads\/2020\/09\/logotipo-moitoarchery.png","width":300,"height":66,"caption":"MoitoArchery"},"image":{"@id":"https:\/\/moitoarchery.com\/en\/#\/schema\/logo\/image\/"},"sameAs":["https:\/\/www.facebook.com\/arqueriaOnline\/","https:\/\/www.instagram.com\/moitoarchery\/","https:\/\/www.youtube.com\/channel\/UCvmj39gVUIKVoJJ6vQC9GPA\/"]}]}},"_links":{"self":[{"href":"https:\/\/moitoarchery.com\/en\/wp-json\/wp\/v2\/product\/14564","targetHints":{"allow":["GET"]}}],"collection":[{"href":"https:\/\/moitoarchery.com\/en\/wp-json\/wp\/v2\/product"}],"about":[{"href":"https:\/\/moitoarchery.com\/en\/wp-json\/wp\/v2\/types\/product"}],"replies":[{"embeddable":true,"href":"https:\/\/moitoarchery.com\/en\/wp-json\/wp\/v2\/comments?post=14564"}],"version-history":[{"count":1,"href":"https:\/\/moitoarchery.com\/en\/wp-json\/wp\/v2\/product\/14564\/revisions"}],"predecessor-version":[{"id":129749,"href":"https:\/\/moitoarchery.com\/en\/wp-json\/wp\/v2\/product\/14564\/revisions\/129749"}],"wp:featuredmedia":[{"embeddable":true,"href":"https:\/\/moitoarchery.com\/en\/wp-json\/wp\/v2\/media\/14565"}],"wp:attachment":[{"href":"https:\/\/moitoarchery.com\/en\/wp-json\/wp\/v2\/media?parent=14564"}],"wp:term":[{"taxonomy":"product_brand","embeddable":true,"href":"https:\/\/moitoarchery.com\/en\/wp-json\/wp\/v2\/product_brand?post=14564"},{"taxonomy":"product_cat","embeddable":true,"href":"https:\/\/moitoarchery.com\/en\/wp-json\/wp\/v2\/product_cat?post=14564"},{"taxonomy":"product_tag","embeddable":true,"href":"https:\/\/moitoarchery.com\/en\/wp-json\/wp\/v2\/product_tag?post=14564"}],"curies":[{"name":"wp","href":"https:\/\/api.w.org\/{rel}","templated":true}]}}