{"id":14554,"date":"2022-03-15T13:50:08","date_gmt":"2022-03-15T12:50:08","guid":{"rendered":"https:\/\/moitoarchery.com\/?post_type=product&#038;p=14554"},"modified":"2026-04-16T11:16:33","modified_gmt":"2026-04-16T09:16:33","slug":"kit-de-arco-tradicional-slick-stick-de-bearpaw-58-rh","status":"publish","type":"product","link":"https:\/\/moitoarchery.com\/en\/product\/kit-de-arco-tradicional-slick-stick-de-bearpaw-58-rh\/","title":{"rendered":"Kit de arco tradicional Slick Stick de Bearpaw 58&#8243; RH 25 LBS"},"content":{"rendered":"<p><strong>El kit de arco completo Tradicional Slick Stick de Bearpaw 58&#8243; RH 25 LBS incluye:<\/strong><\/p>\n<ul>\n<li>Arco Longbow Tradicional Slick Stick Bearpaw de 58&#8243; 25 LBS + Cuerda + Tapete + Nock<\/li>\n<li>Flecha Completa Skylon Frontier de carbono (x6 Unidades)<\/li>\n<li>Protector de Brazo Traditional Natural Medium 18cm<\/li>\n<li>Armador de arco longbow Bearpaw de cuero<\/li>\n<li>Guante Bearpaw Bodnik Speed para arquer\u00eda tradicional<\/li>\n<li>Carcaj Buck Trail Trinary Tradicional<\/li>\n<li>Bolsa Green Strap para Arco Recurvo de 160cm<\/li>\n<li>Tubo Extensible para Flechas Avalon<\/li>\n<li>Soporte para Arco Avalon Magnetic<\/li>\n<\/ul>\n<p><strong>Nota del Kit:<\/strong>\u00a0Para escoger diferentes colores de mochilas, carcajs, etc o tallas de guantes y durezas de flecha, si las hubiese, a\u00f1adir las especificaciones en comentarios cuando vaya a finalizar la compra. En su defecto, si no se especifica, se pondr\u00e1 una talla M (media) y colores a discreci\u00f3n.<\/p>\n","protected":false},"excerpt":{"rendered":"<p>El Kit de Arco Tradicional Slick Stick Bearpaw 58&#8243; RH ofrece todo lo necesario para los arqueros, incluyendo un longbow de 58&#8243; 25 LBS, flechas de carbono Skylon Frontier, protector de brazo, guante Bearpaw Speed, carcaj tradicional, armador de cuero y m\u00e1s. Este conjunto es ideal para quienes buscan calidad, durabilidad y precisi\u00f3n en su equipo de tiro con arco tradicional.<\/p>\n","protected":false},"featured_media":14557,"comment_status":"open","ping_status":"closed","template":"","meta":{"_acf_changed":false},"product_brand":[4054],"product_cat":[467],"product_tag":[187],"class_list":{"0":"post-14554","1":"product","2":"type-product","3":"status-publish","4":"has-post-thumbnail","6":"product_brand-varios","7":"product_cat-kits-longbow","8":"product_tag-arqueria-tradicional","9":"product_shipping_class-envio-pe-2090e-ba-3890e","11":"first","12":"instock","13":"sale","14":"sold-individually","15":"taxable","16":"shipping-taxable","17":"purchasable","18":"product-type-easy_product_bundle"},"acf":[],"yoast_head":"<!-- This site is optimized with the Yoast SEO plugin v27.4 - https:\/\/yoast.com\/product\/yoast-seo-wordpress\/ -->\n<title>Kit de arco tradicional Slick Stick de Bearpaw 58&quot; RH 25 LBS - MoitoArchery<\/title>\n<meta name=\"description\" content=\"El Kit de Arco Tradicional Slick Stick Bearpaw 58&quot; RH ofrece todo lo necesario para los arqueros, incluyendo un longbow de 58&quot;, flechas de carbono Skylon Frontier, protector de brazo, guante Bearpaw Speed, carcaj tradicional, armador de cuero y m\u00e1s. Este conjunto es ideal para quienes buscan calidad, durabilidad y precisi\u00f3n en su equipo de tiro con arco tradicional.\" \/>\n<meta name=\"robots\" content=\"index, follow, max-snippet:-1, max-image-preview:large, max-video-preview:-1\" \/>\n<link rel=\"canonical\" href=\"https:\/\/moitoarchery.com\/en\/product\/kit-de-arco-tradicional-slick-stick-de-bearpaw-58-rh\/\" \/>\n<meta property=\"og:locale\" content=\"en_US\" \/>\n<meta property=\"og:type\" content=\"article\" \/>\n<meta property=\"og:title\" content=\"Kit de arco tradicional Slick Stick de Bearpaw 58&quot; RH 25 LBS - MoitoArchery\" \/>\n<meta property=\"og:description\" content=\"El Kit de Arco Tradicional Slick Stick Bearpaw 58&quot; RH ofrece todo lo necesario para los arqueros, incluyendo un longbow de 58&quot;, flechas de carbono Skylon Frontier, protector de brazo, guante Bearpaw Speed, carcaj tradicional, armador de cuero y m\u00e1s. Este conjunto es ideal para quienes buscan calidad, durabilidad y precisi\u00f3n en su equipo de tiro con arco tradicional.\" \/>\n<meta property=\"og:url\" content=\"https:\/\/moitoarchery.com\/en\/product\/kit-de-arco-tradicional-slick-stick-de-bearpaw-58-rh\/\" \/>\n<meta property=\"og:site_name\" content=\"MoitoArchery\" \/>\n<meta property=\"article:publisher\" content=\"https:\/\/www.facebook.com\/arqueriaOnline\/\" \/>\n<meta property=\"article:modified_time\" content=\"2026-04-16T09:16:33+00:00\" \/>\n<meta property=\"og:image\" content=\"https:\/\/moitoarchery.com\/wp-content\/uploads\/2022\/03\/kit-arco-tradicional-slick-stick-bearpaw.jpg\" \/>\n\t<meta property=\"og:image:width\" content=\"800\" \/>\n\t<meta property=\"og:image:height\" content=\"800\" \/>\n\t<meta property=\"og:image:type\" content=\"image\/jpeg\" \/>\n<meta name=\"twitter:card\" content=\"summary_large_image\" \/>\n<meta name=\"twitter:label1\" content=\"Est. reading time\" \/>\n\t<meta name=\"twitter:data1\" content=\"1 minute\" \/>\n<script type=\"application\/ld+json\" class=\"yoast-schema-graph\">{\"@context\":\"https:\\\/\\\/schema.org\",\"@graph\":[{\"@type\":\"WebPage\",\"@id\":\"https:\\\/\\\/moitoarchery.com\\\/en\\\/product\\\/kit-de-arco-tradicional-slick-stick-de-bearpaw-58-rh\\\/\",\"url\":\"https:\\\/\\\/moitoarchery.com\\\/en\\\/product\\\/kit-de-arco-tradicional-slick-stick-de-bearpaw-58-rh\\\/\",\"name\":\"Kit de arco tradicional Slick Stick de Bearpaw 58\\\" RH 25 LBS - MoitoArchery\",\"isPartOf\":{\"@id\":\"https:\\\/\\\/moitoarchery.com\\\/en\\\/#website\"},\"primaryImageOfPage\":{\"@id\":\"https:\\\/\\\/moitoarchery.com\\\/en\\\/product\\\/kit-de-arco-tradicional-slick-stick-de-bearpaw-58-rh\\\/#primaryimage\"},\"image\":{\"@id\":\"https:\\\/\\\/moitoarchery.com\\\/en\\\/product\\\/kit-de-arco-tradicional-slick-stick-de-bearpaw-58-rh\\\/#primaryimage\"},\"thumbnailUrl\":\"https:\\\/\\\/moitoarchery.com\\\/wp-content\\\/uploads\\\/2022\\\/03\\\/kit-arco-tradicional-slick-stick-bearpaw.jpg\",\"datePublished\":\"2022-03-15T12:50:08+00:00\",\"dateModified\":\"2026-04-16T09:16:33+00:00\",\"description\":\"El Kit de Arco Tradicional Slick Stick Bearpaw 58\\\" RH ofrece todo lo necesario para los arqueros, incluyendo un longbow de 58\\\", flechas de carbono Skylon Frontier, protector de brazo, guante Bearpaw Speed, carcaj tradicional, armador de cuero y m\u00e1s. Este conjunto es ideal para quienes buscan calidad, durabilidad y precisi\u00f3n en su equipo de tiro con arco tradicional.\",\"breadcrumb\":{\"@id\":\"https:\\\/\\\/moitoarchery.com\\\/en\\\/product\\\/kit-de-arco-tradicional-slick-stick-de-bearpaw-58-rh\\\/#breadcrumb\"},\"inLanguage\":\"en-US\",\"potentialAction\":[{\"@type\":\"ReadAction\",\"target\":[\"https:\\\/\\\/moitoarchery.com\\\/en\\\/product\\\/kit-de-arco-tradicional-slick-stick-de-bearpaw-58-rh\\\/\"]}]},{\"@type\":\"ImageObject\",\"inLanguage\":\"en-US\",\"@id\":\"https:\\\/\\\/moitoarchery.com\\\/en\\\/product\\\/kit-de-arco-tradicional-slick-stick-de-bearpaw-58-rh\\\/#primaryimage\",\"url\":\"https:\\\/\\\/moitoarchery.com\\\/wp-content\\\/uploads\\\/2022\\\/03\\\/kit-arco-tradicional-slick-stick-bearpaw.jpg\",\"contentUrl\":\"https:\\\/\\\/moitoarchery.com\\\/wp-content\\\/uploads\\\/2022\\\/03\\\/kit-arco-tradicional-slick-stick-bearpaw.jpg\",\"width\":800,\"height\":800,\"caption\":\"Bearpaw Slick Stick 58\\\" RH Traditional Bow Kit\"},{\"@type\":\"BreadcrumbList\",\"@id\":\"https:\\\/\\\/moitoarchery.com\\\/en\\\/product\\\/kit-de-arco-tradicional-slick-stick-de-bearpaw-58-rh\\\/#breadcrumb\",\"itemListElement\":[{\"@type\":\"ListItem\",\"position\":1,\"name\":\"Portada\",\"item\":\"https:\\\/\\\/moitoarchery.com\\\/en\\\/\"},{\"@type\":\"ListItem\",\"position\":2,\"name\":\"Shop\",\"item\":\"https:\\\/\\\/moitoarchery.com\\\/en\\\/shop\\\/\"},{\"@type\":\"ListItem\",\"position\":3,\"name\":\"Kit de arco tradicional Slick Stick de Bearpaw 58&#8243; RH 25 LBS\"}]},{\"@type\":\"WebSite\",\"@id\":\"https:\\\/\\\/moitoarchery.com\\\/en\\\/#website\",\"url\":\"https:\\\/\\\/moitoarchery.com\\\/en\\\/\",\"name\":\"MoitoArchery\",\"description\":\"Tienda de Tiro con arco\",\"publisher\":{\"@id\":\"https:\\\/\\\/moitoarchery.com\\\/en\\\/#organization\"},\"potentialAction\":[{\"@type\":\"SearchAction\",\"target\":{\"@type\":\"EntryPoint\",\"urlTemplate\":\"https:\\\/\\\/moitoarchery.com\\\/en\\\/?s={search_term_string}\"},\"query-input\":{\"@type\":\"PropertyValueSpecification\",\"valueRequired\":true,\"valueName\":\"search_term_string\"}}],\"inLanguage\":\"en-US\"},{\"@type\":\"Organization\",\"@id\":\"https:\\\/\\\/moitoarchery.com\\\/en\\\/#organization\",\"name\":\"MoitoArchery\",\"url\":\"https:\\\/\\\/moitoarchery.com\\\/en\\\/\",\"logo\":{\"@type\":\"ImageObject\",\"inLanguage\":\"en-US\",\"@id\":\"https:\\\/\\\/moitoarchery.com\\\/en\\\/#\\\/schema\\\/logo\\\/image\\\/\",\"url\":\"https:\\\/\\\/moitoarchery.com\\\/wp-content\\\/uploads\\\/2020\\\/09\\\/logotipo-moitoarchery.png\",\"contentUrl\":\"https:\\\/\\\/moitoarchery.com\\\/wp-content\\\/uploads\\\/2020\\\/09\\\/logotipo-moitoarchery.png\",\"width\":300,\"height\":66,\"caption\":\"MoitoArchery\"},\"image\":{\"@id\":\"https:\\\/\\\/moitoarchery.com\\\/en\\\/#\\\/schema\\\/logo\\\/image\\\/\"},\"sameAs\":[\"https:\\\/\\\/www.facebook.com\\\/arqueriaOnline\\\/\",\"https:\\\/\\\/www.instagram.com\\\/moitoarchery\\\/\",\"https:\\\/\\\/www.youtube.com\\\/channel\\\/UCvmj39gVUIKVoJJ6vQC9GPA\\\/\"]}]}<\/script>\n<!-- \/ Yoast SEO plugin. -->","yoast_head_json":{"title":"Kit de arco tradicional Slick Stick de Bearpaw 58\" RH 25 LBS - MoitoArchery","description":"El Kit de Arco Tradicional Slick Stick Bearpaw 58\" RH ofrece todo lo necesario para los arqueros, incluyendo un longbow de 58\", flechas de carbono Skylon Frontier, protector de brazo, guante Bearpaw Speed, carcaj tradicional, armador de cuero y m\u00e1s. Este conjunto es ideal para quienes buscan calidad, durabilidad y precisi\u00f3n en su equipo de tiro con arco tradicional.","robots":{"index":"index","follow":"follow","max-snippet":"max-snippet:-1","max-image-preview":"max-image-preview:large","max-video-preview":"max-video-preview:-1"},"canonical":"https:\/\/moitoarchery.com\/en\/product\/kit-de-arco-tradicional-slick-stick-de-bearpaw-58-rh\/","og_locale":"en_US","og_type":"article","og_title":"Kit de arco tradicional Slick Stick de Bearpaw 58\" RH 25 LBS - MoitoArchery","og_description":"El Kit de Arco Tradicional Slick Stick Bearpaw 58\" RH ofrece todo lo necesario para los arqueros, incluyendo un longbow de 58\", flechas de carbono Skylon Frontier, protector de brazo, guante Bearpaw Speed, carcaj tradicional, armador de cuero y m\u00e1s. Este conjunto es ideal para quienes buscan calidad, durabilidad y precisi\u00f3n en su equipo de tiro con arco tradicional.","og_url":"https:\/\/moitoarchery.com\/en\/product\/kit-de-arco-tradicional-slick-stick-de-bearpaw-58-rh\/","og_site_name":"MoitoArchery","article_publisher":"https:\/\/www.facebook.com\/arqueriaOnline\/","article_modified_time":"2026-04-16T09:16:33+00:00","og_image":[{"width":800,"height":800,"url":"https:\/\/moitoarchery.com\/wp-content\/uploads\/2022\/03\/kit-arco-tradicional-slick-stick-bearpaw.jpg","type":"image\/jpeg"}],"twitter_card":"summary_large_image","twitter_misc":{"Est. reading time":"1 minute"},"schema":{"@context":"https:\/\/schema.org","@graph":[{"@type":"WebPage","@id":"https:\/\/moitoarchery.com\/en\/product\/kit-de-arco-tradicional-slick-stick-de-bearpaw-58-rh\/","url":"https:\/\/moitoarchery.com\/en\/product\/kit-de-arco-tradicional-slick-stick-de-bearpaw-58-rh\/","name":"Kit de arco tradicional Slick Stick de Bearpaw 58\" RH 25 LBS - MoitoArchery","isPartOf":{"@id":"https:\/\/moitoarchery.com\/en\/#website"},"primaryImageOfPage":{"@id":"https:\/\/moitoarchery.com\/en\/product\/kit-de-arco-tradicional-slick-stick-de-bearpaw-58-rh\/#primaryimage"},"image":{"@id":"https:\/\/moitoarchery.com\/en\/product\/kit-de-arco-tradicional-slick-stick-de-bearpaw-58-rh\/#primaryimage"},"thumbnailUrl":"https:\/\/moitoarchery.com\/wp-content\/uploads\/2022\/03\/kit-arco-tradicional-slick-stick-bearpaw.jpg","datePublished":"2022-03-15T12:50:08+00:00","dateModified":"2026-04-16T09:16:33+00:00","description":"El Kit de Arco Tradicional Slick Stick Bearpaw 58\" RH ofrece todo lo necesario para los arqueros, incluyendo un longbow de 58\", flechas de carbono Skylon Frontier, protector de brazo, guante Bearpaw Speed, carcaj tradicional, armador de cuero y m\u00e1s. Este conjunto es ideal para quienes buscan calidad, durabilidad y precisi\u00f3n en su equipo de tiro con arco tradicional.","breadcrumb":{"@id":"https:\/\/moitoarchery.com\/en\/product\/kit-de-arco-tradicional-slick-stick-de-bearpaw-58-rh\/#breadcrumb"},"inLanguage":"en-US","potentialAction":[{"@type":"ReadAction","target":["https:\/\/moitoarchery.com\/en\/product\/kit-de-arco-tradicional-slick-stick-de-bearpaw-58-rh\/"]}]},{"@type":"ImageObject","inLanguage":"en-US","@id":"https:\/\/moitoarchery.com\/en\/product\/kit-de-arco-tradicional-slick-stick-de-bearpaw-58-rh\/#primaryimage","url":"https:\/\/moitoarchery.com\/wp-content\/uploads\/2022\/03\/kit-arco-tradicional-slick-stick-bearpaw.jpg","contentUrl":"https:\/\/moitoarchery.com\/wp-content\/uploads\/2022\/03\/kit-arco-tradicional-slick-stick-bearpaw.jpg","width":800,"height":800,"caption":"Bearpaw Slick Stick 58\" RH Traditional Bow Kit"},{"@type":"BreadcrumbList","@id":"https:\/\/moitoarchery.com\/en\/product\/kit-de-arco-tradicional-slick-stick-de-bearpaw-58-rh\/#breadcrumb","itemListElement":[{"@type":"ListItem","position":1,"name":"Portada","item":"https:\/\/moitoarchery.com\/en\/"},{"@type":"ListItem","position":2,"name":"Shop","item":"https:\/\/moitoarchery.com\/en\/shop\/"},{"@type":"ListItem","position":3,"name":"Kit de arco tradicional Slick Stick de Bearpaw 58&#8243; RH 25 LBS"}]},{"@type":"WebSite","@id":"https:\/\/moitoarchery.com\/en\/#website","url":"https:\/\/moitoarchery.com\/en\/","name":"MoitoArchery","description":"Tienda de Tiro con arco","publisher":{"@id":"https:\/\/moitoarchery.com\/en\/#organization"},"potentialAction":[{"@type":"SearchAction","target":{"@type":"EntryPoint","urlTemplate":"https:\/\/moitoarchery.com\/en\/?s={search_term_string}"},"query-input":{"@type":"PropertyValueSpecification","valueRequired":true,"valueName":"search_term_string"}}],"inLanguage":"en-US"},{"@type":"Organization","@id":"https:\/\/moitoarchery.com\/en\/#organization","name":"MoitoArchery","url":"https:\/\/moitoarchery.com\/en\/","logo":{"@type":"ImageObject","inLanguage":"en-US","@id":"https:\/\/moitoarchery.com\/en\/#\/schema\/logo\/image\/","url":"https:\/\/moitoarchery.com\/wp-content\/uploads\/2020\/09\/logotipo-moitoarchery.png","contentUrl":"https:\/\/moitoarchery.com\/wp-content\/uploads\/2020\/09\/logotipo-moitoarchery.png","width":300,"height":66,"caption":"MoitoArchery"},"image":{"@id":"https:\/\/moitoarchery.com\/en\/#\/schema\/logo\/image\/"},"sameAs":["https:\/\/www.facebook.com\/arqueriaOnline\/","https:\/\/www.instagram.com\/moitoarchery\/","https:\/\/www.youtube.com\/channel\/UCvmj39gVUIKVoJJ6vQC9GPA\/"]}]}},"_links":{"self":[{"href":"https:\/\/moitoarchery.com\/en\/wp-json\/wp\/v2\/product\/14554","targetHints":{"allow":["GET"]}}],"collection":[{"href":"https:\/\/moitoarchery.com\/en\/wp-json\/wp\/v2\/product"}],"about":[{"href":"https:\/\/moitoarchery.com\/en\/wp-json\/wp\/v2\/types\/product"}],"replies":[{"embeddable":true,"href":"https:\/\/moitoarchery.com\/en\/wp-json\/wp\/v2\/comments?post=14554"}],"version-history":[{"count":1,"href":"https:\/\/moitoarchery.com\/en\/wp-json\/wp\/v2\/product\/14554\/revisions"}],"predecessor-version":[{"id":129750,"href":"https:\/\/moitoarchery.com\/en\/wp-json\/wp\/v2\/product\/14554\/revisions\/129750"}],"wp:featuredmedia":[{"embeddable":true,"href":"https:\/\/moitoarchery.com\/en\/wp-json\/wp\/v2\/media\/14557"}],"wp:attachment":[{"href":"https:\/\/moitoarchery.com\/en\/wp-json\/wp\/v2\/media?parent=14554"}],"wp:term":[{"taxonomy":"product_brand","embeddable":true,"href":"https:\/\/moitoarchery.com\/en\/wp-json\/wp\/v2\/product_brand?post=14554"},{"taxonomy":"product_cat","embeddable":true,"href":"https:\/\/moitoarchery.com\/en\/wp-json\/wp\/v2\/product_cat?post=14554"},{"taxonomy":"product_tag","embeddable":true,"href":"https:\/\/moitoarchery.com\/en\/wp-json\/wp\/v2\/product_tag?post=14554"}],"curies":[{"name":"wp","href":"https:\/\/api.w.org\/{rel}","templated":true}]}}