{"id":14418,"date":"2022-03-04T13:56:22","date_gmt":"2022-03-04T12:56:22","guid":{"rendered":"https:\/\/moitoarchery.com\/?post_type=product&#038;p=14418"},"modified":"2026-04-16T11:16:33","modified_gmt":"2026-04-16T09:16:33","slug":"kit-arco-tradicional-horseman-de-bearpaw","status":"publish","type":"product","link":"https:\/\/moitoarchery.com\/en\/product\/kit-arco-tradicional-horseman-de-bearpaw\/","title":{"rendered":"Kit arco tradicional Horseman de Bearpaw"},"content":{"rendered":"<p><strong>El Kit Arco Tradicional Horseman de Bearpaw incluye:<\/strong><\/p>\n<ul>\n<li>Arco Bearpaw Horseman 52\u2033 30 \u00f3 35 LBS<\/li>\n<li>Flecha Completa Skylon Frontier de carbono (x6 unidades)<\/li>\n<li>Protector de Brazo Traditional Natural Medium 18cm<\/li>\n<li>Armador De Arco Avalon para arcos recurvos<\/li>\n<li>Guante Buck Trail Stygian con refuerzo<\/li>\n<li>Carcaj Buck Trail Trinary Tradicional<\/li>\n<li>Bolsa Green Strap para Arco Recurvo de 160cm<\/li>\n<li>Tubo Extensible para Flechas Avalon<\/li>\n<li>Soporte para Arco Avalon Magnetic<\/li>\n<\/ul>\n<p><strong>Nota del Kit:<\/strong>\u00a0Para escoger diferentes colores de mochilas, carcajs, etc o tallas de guantes y durezas de flecha, si las hubiese, a\u00f1adir las especificaciones en comentarios cuando vaya a finalizar la compra. En su defecto, si no se especifica, se pondr\u00e1 una talla M (media) y colores a discreci\u00f3n.<\/p>\n","protected":false},"excerpt":{"rendered":"<p>El Kit Arco Tradicional Horseman de Bearpaw incluye todo lo necesario para un rendimiento excepcional, con un arco de 52&#8243;, flechas de carbono Skylon Frontier, protector de brazo, guante con refuerzo, carcaj tradicional, armador de arco y m\u00e1s. Ideal para arqueros que buscan precisi\u00f3n, durabilidad y comodidad en su equipo de tiro con arco tradicional.<\/p>\n<p><strong>El Kit Arco Tradicional Horseman de Bearpaw incluye:<\/strong><\/p>\n<ul>\n<li>Arco Bearpaw Horseman 52\u2033 30 \u00f3 35 LBS<\/li>\n<li>Flecha Completa Skylon Frontier de carbono (x6 unidades)<\/li>\n<li>Protector de Brazo Traditional Natural Medium 18cm<\/li>\n<li>Armador De Arco Avalon para arcos recurvos<\/li>\n<li>Guante Buck Trail Stygian con refuerzo<\/li>\n<li>Carcaj Buck Trail Trinary Tradicional<\/li>\n<li>Bolsa Green Strap para Arco Recurvo de 160cm<\/li>\n<li>Tubo Extensible para Flechas Avalon<\/li>\n<li>Soporte para Arco Avalon Magnetic<\/li>\n<\/ul>\n<p><strong>Nota del Kit:<\/strong>\u00a0Para escoger diferentes colores de mochilas, carcajs, etc o tallas de guantes y durezas de flecha, si las hubiese, a\u00f1adir las especificaciones en comentarios cuando vaya a finalizar la compra. En su defecto, si no se especifica, se pondr\u00e1 una talla M (media) y colores a discreci\u00f3n.<\/p>\n","protected":false},"featured_media":14419,"comment_status":"open","ping_status":"closed","template":"","meta":{"_acf_changed":false},"product_brand":[4054],"product_cat":[1141],"product_tag":[187],"class_list":{"0":"post-14418","1":"product","2":"type-product","3":"status-publish","4":"has-post-thumbnail","6":"product_brand-varios","7":"product_cat-kits-horsebow","8":"product_tag-arqueria-tradicional","9":"product_shipping_class-envio-pe-2090e-ba-3890e","11":"first","12":"instock","13":"sale","14":"taxable","15":"shipping-taxable","16":"purchasable","17":"product-type-easy_product_bundle"},"acf":[],"yoast_head":"<!-- This site is optimized with the Yoast SEO plugin v27.3 - https:\/\/yoast.com\/product\/yoast-seo-wordpress\/ -->\n<title>Kit arco tradicional Horseman de Bearpaw - MoitoArchery<\/title>\n<meta name=\"description\" content=\"El Kit Arco Tradicional Horseman de Bearpaw incluye todo lo necesario para un rendimiento excepcional, con un arco de 52&quot;, flechas de carbono Skylon Frontier, protector de brazo, guante con refuerzo, carcaj tradicional, armador de arco y m\u00e1s. Ideal para arqueros que buscan precisi\u00f3n, durabilidad y comodidad en su equipo de tiro con arco tradicional.\" \/>\n<meta name=\"robots\" content=\"index, follow, max-snippet:-1, max-image-preview:large, max-video-preview:-1\" \/>\n<link rel=\"canonical\" href=\"https:\/\/moitoarchery.com\/en\/product\/kit-arco-tradicional-horseman-de-bearpaw\/\" \/>\n<meta property=\"og:locale\" content=\"en_US\" \/>\n<meta property=\"og:type\" content=\"article\" \/>\n<meta property=\"og:title\" content=\"Kit arco tradicional Horseman de Bearpaw - MoitoArchery\" \/>\n<meta property=\"og:description\" content=\"El Kit Arco Tradicional Horseman de Bearpaw incluye todo lo necesario para un rendimiento excepcional, con un arco de 52&quot;, flechas de carbono Skylon Frontier, protector de brazo, guante con refuerzo, carcaj tradicional, armador de arco y m\u00e1s. Ideal para arqueros que buscan precisi\u00f3n, durabilidad y comodidad en su equipo de tiro con arco tradicional.\" \/>\n<meta property=\"og:url\" content=\"https:\/\/moitoarchery.com\/en\/product\/kit-arco-tradicional-horseman-de-bearpaw\/\" \/>\n<meta property=\"og:site_name\" content=\"MoitoArchery\" \/>\n<meta property=\"article:publisher\" content=\"https:\/\/www.facebook.com\/arqueriaOnline\/\" \/>\n<meta property=\"article:modified_time\" content=\"2026-04-16T09:16:33+00:00\" \/>\n<meta property=\"og:image\" content=\"https:\/\/moitoarchery.com\/wp-content\/uploads\/2022\/03\/kit-arco-tradicional-horseman-bearpaw.jpg\" \/>\n\t<meta property=\"og:image:width\" content=\"800\" \/>\n\t<meta property=\"og:image:height\" content=\"800\" \/>\n\t<meta property=\"og:image:type\" content=\"image\/jpeg\" \/>\n<meta name=\"twitter:card\" content=\"summary_large_image\" \/>\n<meta name=\"twitter:label1\" content=\"Est. reading time\" \/>\n\t<meta name=\"twitter:data1\" content=\"1 minute\" \/>\n<script type=\"application\/ld+json\" class=\"yoast-schema-graph\">{\"@context\":\"https:\\\/\\\/schema.org\",\"@graph\":[{\"@type\":\"WebPage\",\"@id\":\"https:\\\/\\\/moitoarchery.com\\\/en\\\/product\\\/kit-arco-tradicional-horseman-de-bearpaw\\\/\",\"url\":\"https:\\\/\\\/moitoarchery.com\\\/en\\\/product\\\/kit-arco-tradicional-horseman-de-bearpaw\\\/\",\"name\":\"Kit arco tradicional Horseman de Bearpaw - MoitoArchery\",\"isPartOf\":{\"@id\":\"https:\\\/\\\/moitoarchery.com\\\/en\\\/#website\"},\"primaryImageOfPage\":{\"@id\":\"https:\\\/\\\/moitoarchery.com\\\/en\\\/product\\\/kit-arco-tradicional-horseman-de-bearpaw\\\/#primaryimage\"},\"image\":{\"@id\":\"https:\\\/\\\/moitoarchery.com\\\/en\\\/product\\\/kit-arco-tradicional-horseman-de-bearpaw\\\/#primaryimage\"},\"thumbnailUrl\":\"https:\\\/\\\/moitoarchery.com\\\/wp-content\\\/uploads\\\/2022\\\/03\\\/kit-arco-tradicional-horseman-bearpaw.jpg\",\"datePublished\":\"2022-03-04T12:56:22+00:00\",\"dateModified\":\"2026-04-16T09:16:33+00:00\",\"description\":\"El Kit Arco Tradicional Horseman de Bearpaw incluye todo lo necesario para un rendimiento excepcional, con un arco de 52\\\", flechas de carbono Skylon Frontier, protector de brazo, guante con refuerzo, carcaj tradicional, armador de arco y m\u00e1s. Ideal para arqueros que buscan precisi\u00f3n, durabilidad y comodidad en su equipo de tiro con arco tradicional.\",\"breadcrumb\":{\"@id\":\"https:\\\/\\\/moitoarchery.com\\\/en\\\/product\\\/kit-arco-tradicional-horseman-de-bearpaw\\\/#breadcrumb\"},\"inLanguage\":\"en-US\",\"potentialAction\":[{\"@type\":\"ReadAction\",\"target\":[\"https:\\\/\\\/moitoarchery.com\\\/en\\\/product\\\/kit-arco-tradicional-horseman-de-bearpaw\\\/\"]}]},{\"@type\":\"ImageObject\",\"inLanguage\":\"en-US\",\"@id\":\"https:\\\/\\\/moitoarchery.com\\\/en\\\/product\\\/kit-arco-tradicional-horseman-de-bearpaw\\\/#primaryimage\",\"url\":\"https:\\\/\\\/moitoarchery.com\\\/wp-content\\\/uploads\\\/2022\\\/03\\\/kit-arco-tradicional-horseman-bearpaw.jpg\",\"contentUrl\":\"https:\\\/\\\/moitoarchery.com\\\/wp-content\\\/uploads\\\/2022\\\/03\\\/kit-arco-tradicional-horseman-bearpaw.jpg\",\"width\":800,\"height\":800,\"caption\":\"Bearpaw Horseman Traditional Bow Kit\"},{\"@type\":\"BreadcrumbList\",\"@id\":\"https:\\\/\\\/moitoarchery.com\\\/en\\\/product\\\/kit-arco-tradicional-horseman-de-bearpaw\\\/#breadcrumb\",\"itemListElement\":[{\"@type\":\"ListItem\",\"position\":1,\"name\":\"Portada\",\"item\":\"https:\\\/\\\/moitoarchery.com\\\/en\\\/\"},{\"@type\":\"ListItem\",\"position\":2,\"name\":\"Shop\",\"item\":\"https:\\\/\\\/moitoarchery.com\\\/en\\\/shop\\\/\"},{\"@type\":\"ListItem\",\"position\":3,\"name\":\"Kit arco tradicional Horseman de Bearpaw\"}]},{\"@type\":\"WebSite\",\"@id\":\"https:\\\/\\\/moitoarchery.com\\\/en\\\/#website\",\"url\":\"https:\\\/\\\/moitoarchery.com\\\/en\\\/\",\"name\":\"MoitoArchery\",\"description\":\"Tienda de Tiro con arco\",\"publisher\":{\"@id\":\"https:\\\/\\\/moitoarchery.com\\\/en\\\/#organization\"},\"potentialAction\":[{\"@type\":\"SearchAction\",\"target\":{\"@type\":\"EntryPoint\",\"urlTemplate\":\"https:\\\/\\\/moitoarchery.com\\\/en\\\/?s={search_term_string}\"},\"query-input\":{\"@type\":\"PropertyValueSpecification\",\"valueRequired\":true,\"valueName\":\"search_term_string\"}}],\"inLanguage\":\"en-US\"},{\"@type\":\"Organization\",\"@id\":\"https:\\\/\\\/moitoarchery.com\\\/en\\\/#organization\",\"name\":\"MoitoArchery\",\"url\":\"https:\\\/\\\/moitoarchery.com\\\/en\\\/\",\"logo\":{\"@type\":\"ImageObject\",\"inLanguage\":\"en-US\",\"@id\":\"https:\\\/\\\/moitoarchery.com\\\/en\\\/#\\\/schema\\\/logo\\\/image\\\/\",\"url\":\"https:\\\/\\\/moitoarchery.com\\\/wp-content\\\/uploads\\\/2020\\\/09\\\/logotipo-moitoarchery.png\",\"contentUrl\":\"https:\\\/\\\/moitoarchery.com\\\/wp-content\\\/uploads\\\/2020\\\/09\\\/logotipo-moitoarchery.png\",\"width\":300,\"height\":66,\"caption\":\"MoitoArchery\"},\"image\":{\"@id\":\"https:\\\/\\\/moitoarchery.com\\\/en\\\/#\\\/schema\\\/logo\\\/image\\\/\"},\"sameAs\":[\"https:\\\/\\\/www.facebook.com\\\/arqueriaOnline\\\/\",\"https:\\\/\\\/www.instagram.com\\\/moitoarchery\\\/\",\"https:\\\/\\\/www.youtube.com\\\/channel\\\/UCvmj39gVUIKVoJJ6vQC9GPA\\\/\"]}]}<\/script>\n<!-- \/ Yoast SEO plugin. -->","yoast_head_json":{"title":"Kit arco tradicional Horseman de Bearpaw - MoitoArchery","description":"El Kit Arco Tradicional Horseman de Bearpaw incluye todo lo necesario para un rendimiento excepcional, con un arco de 52\", flechas de carbono Skylon Frontier, protector de brazo, guante con refuerzo, carcaj tradicional, armador de arco y m\u00e1s. Ideal para arqueros que buscan precisi\u00f3n, durabilidad y comodidad en su equipo de tiro con arco tradicional.","robots":{"index":"index","follow":"follow","max-snippet":"max-snippet:-1","max-image-preview":"max-image-preview:large","max-video-preview":"max-video-preview:-1"},"canonical":"https:\/\/moitoarchery.com\/en\/product\/kit-arco-tradicional-horseman-de-bearpaw\/","og_locale":"en_US","og_type":"article","og_title":"Kit arco tradicional Horseman de Bearpaw - MoitoArchery","og_description":"El Kit Arco Tradicional Horseman de Bearpaw incluye todo lo necesario para un rendimiento excepcional, con un arco de 52\", flechas de carbono Skylon Frontier, protector de brazo, guante con refuerzo, carcaj tradicional, armador de arco y m\u00e1s. Ideal para arqueros que buscan precisi\u00f3n, durabilidad y comodidad en su equipo de tiro con arco tradicional.","og_url":"https:\/\/moitoarchery.com\/en\/product\/kit-arco-tradicional-horseman-de-bearpaw\/","og_site_name":"MoitoArchery","article_publisher":"https:\/\/www.facebook.com\/arqueriaOnline\/","article_modified_time":"2026-04-16T09:16:33+00:00","og_image":[{"width":800,"height":800,"url":"https:\/\/moitoarchery.com\/wp-content\/uploads\/2022\/03\/kit-arco-tradicional-horseman-bearpaw.jpg","type":"image\/jpeg"}],"twitter_card":"summary_large_image","twitter_misc":{"Est. reading time":"1 minute"},"schema":{"@context":"https:\/\/schema.org","@graph":[{"@type":"WebPage","@id":"https:\/\/moitoarchery.com\/en\/product\/kit-arco-tradicional-horseman-de-bearpaw\/","url":"https:\/\/moitoarchery.com\/en\/product\/kit-arco-tradicional-horseman-de-bearpaw\/","name":"Kit arco tradicional Horseman de Bearpaw - MoitoArchery","isPartOf":{"@id":"https:\/\/moitoarchery.com\/en\/#website"},"primaryImageOfPage":{"@id":"https:\/\/moitoarchery.com\/en\/product\/kit-arco-tradicional-horseman-de-bearpaw\/#primaryimage"},"image":{"@id":"https:\/\/moitoarchery.com\/en\/product\/kit-arco-tradicional-horseman-de-bearpaw\/#primaryimage"},"thumbnailUrl":"https:\/\/moitoarchery.com\/wp-content\/uploads\/2022\/03\/kit-arco-tradicional-horseman-bearpaw.jpg","datePublished":"2022-03-04T12:56:22+00:00","dateModified":"2026-04-16T09:16:33+00:00","description":"El Kit Arco Tradicional Horseman de Bearpaw incluye todo lo necesario para un rendimiento excepcional, con un arco de 52\", flechas de carbono Skylon Frontier, protector de brazo, guante con refuerzo, carcaj tradicional, armador de arco y m\u00e1s. Ideal para arqueros que buscan precisi\u00f3n, durabilidad y comodidad en su equipo de tiro con arco tradicional.","breadcrumb":{"@id":"https:\/\/moitoarchery.com\/en\/product\/kit-arco-tradicional-horseman-de-bearpaw\/#breadcrumb"},"inLanguage":"en-US","potentialAction":[{"@type":"ReadAction","target":["https:\/\/moitoarchery.com\/en\/product\/kit-arco-tradicional-horseman-de-bearpaw\/"]}]},{"@type":"ImageObject","inLanguage":"en-US","@id":"https:\/\/moitoarchery.com\/en\/product\/kit-arco-tradicional-horseman-de-bearpaw\/#primaryimage","url":"https:\/\/moitoarchery.com\/wp-content\/uploads\/2022\/03\/kit-arco-tradicional-horseman-bearpaw.jpg","contentUrl":"https:\/\/moitoarchery.com\/wp-content\/uploads\/2022\/03\/kit-arco-tradicional-horseman-bearpaw.jpg","width":800,"height":800,"caption":"Bearpaw Horseman Traditional Bow Kit"},{"@type":"BreadcrumbList","@id":"https:\/\/moitoarchery.com\/en\/product\/kit-arco-tradicional-horseman-de-bearpaw\/#breadcrumb","itemListElement":[{"@type":"ListItem","position":1,"name":"Portada","item":"https:\/\/moitoarchery.com\/en\/"},{"@type":"ListItem","position":2,"name":"Shop","item":"https:\/\/moitoarchery.com\/en\/shop\/"},{"@type":"ListItem","position":3,"name":"Kit arco tradicional Horseman de Bearpaw"}]},{"@type":"WebSite","@id":"https:\/\/moitoarchery.com\/en\/#website","url":"https:\/\/moitoarchery.com\/en\/","name":"MoitoArchery","description":"Tienda de Tiro con arco","publisher":{"@id":"https:\/\/moitoarchery.com\/en\/#organization"},"potentialAction":[{"@type":"SearchAction","target":{"@type":"EntryPoint","urlTemplate":"https:\/\/moitoarchery.com\/en\/?s={search_term_string}"},"query-input":{"@type":"PropertyValueSpecification","valueRequired":true,"valueName":"search_term_string"}}],"inLanguage":"en-US"},{"@type":"Organization","@id":"https:\/\/moitoarchery.com\/en\/#organization","name":"MoitoArchery","url":"https:\/\/moitoarchery.com\/en\/","logo":{"@type":"ImageObject","inLanguage":"en-US","@id":"https:\/\/moitoarchery.com\/en\/#\/schema\/logo\/image\/","url":"https:\/\/moitoarchery.com\/wp-content\/uploads\/2020\/09\/logotipo-moitoarchery.png","contentUrl":"https:\/\/moitoarchery.com\/wp-content\/uploads\/2020\/09\/logotipo-moitoarchery.png","width":300,"height":66,"caption":"MoitoArchery"},"image":{"@id":"https:\/\/moitoarchery.com\/en\/#\/schema\/logo\/image\/"},"sameAs":["https:\/\/www.facebook.com\/arqueriaOnline\/","https:\/\/www.instagram.com\/moitoarchery\/","https:\/\/www.youtube.com\/channel\/UCvmj39gVUIKVoJJ6vQC9GPA\/"]}]}},"_links":{"self":[{"href":"https:\/\/moitoarchery.com\/en\/wp-json\/wp\/v2\/product\/14418","targetHints":{"allow":["GET"]}}],"collection":[{"href":"https:\/\/moitoarchery.com\/en\/wp-json\/wp\/v2\/product"}],"about":[{"href":"https:\/\/moitoarchery.com\/en\/wp-json\/wp\/v2\/types\/product"}],"replies":[{"embeddable":true,"href":"https:\/\/moitoarchery.com\/en\/wp-json\/wp\/v2\/comments?post=14418"}],"version-history":[{"count":1,"href":"https:\/\/moitoarchery.com\/en\/wp-json\/wp\/v2\/product\/14418\/revisions"}],"predecessor-version":[{"id":129752,"href":"https:\/\/moitoarchery.com\/en\/wp-json\/wp\/v2\/product\/14418\/revisions\/129752"}],"wp:featuredmedia":[{"embeddable":true,"href":"https:\/\/moitoarchery.com\/en\/wp-json\/wp\/v2\/media\/14419"}],"wp:attachment":[{"href":"https:\/\/moitoarchery.com\/en\/wp-json\/wp\/v2\/media?parent=14418"}],"wp:term":[{"taxonomy":"product_brand","embeddable":true,"href":"https:\/\/moitoarchery.com\/en\/wp-json\/wp\/v2\/product_brand?post=14418"},{"taxonomy":"product_cat","embeddable":true,"href":"https:\/\/moitoarchery.com\/en\/wp-json\/wp\/v2\/product_cat?post=14418"},{"taxonomy":"product_tag","embeddable":true,"href":"https:\/\/moitoarchery.com\/en\/wp-json\/wp\/v2\/product_tag?post=14418"}],"curies":[{"name":"wp","href":"https:\/\/api.w.org\/{rel}","templated":true}]}}