{"id":14410,"date":"2022-03-04T13:40:44","date_gmt":"2022-03-04T12:40:44","guid":{"rendered":"https:\/\/moitoarchery.com\/?post_type=product&#038;p=14410"},"modified":"2026-05-06T13:18:58","modified_gmt":"2026-05-06T11:18:58","slug":"kit-arco-tradicional-oak-ridge-black-sada","status":"publish","type":"product","link":"https:\/\/moitoarchery.com\/en\/product\/kit-arco-tradicional-oak-ridge-black-sada\/","title":{"rendered":"Kit arco tradicional Oak Ridge Black Sada"},"content":{"rendered":"<p><strong>El Kit Arco Tradicional Oak Ridge Black Sada incluye:<\/strong><\/p>\n<ul>\n<li>Arco Corto Oak Ridge Black Sada tradicional de 52\u2033<\/li>\n<li>Armador De Arco Avalon para arcos recurvos<\/li>\n<li>Bolsa de transporte Buck Trail para Horse Bow 130x30cm<\/li>\n<li>Tubo Extensible para Flechas Avalon<\/li>\n<li>Carcaj Buck Trail Trinary Tradicional<\/li>\n<li>Soporte Avalon Basic Magnetic para arco recurvo<\/li>\n<li>\u00a0Guante Buck Trail BowHand con protecci\u00f3n de pelo RH<\/li>\n<li>Guante Buck Trail Stygian con refuerzo<\/li>\n<li>Flecha Completa Standard Spruce Wood 5\/16 (6 unidades)<\/li>\n<li>Protector de Brazo Tribal de 17cm<\/li>\n<\/ul>\n<p><strong>Nota del Kit:<\/strong>\u00a0Para escoger diferentes colores de mochilas, carcajs, etc o tallas de guantes y durezas de flecha, si las hubiese, a\u00f1adir las especificaciones en comentarios cuando vaya a finalizar la compra. En su defecto, si no se especifica, se pondr\u00e1 una talla M (media) y colores a discreci\u00f3n.<\/p>\n","protected":false},"excerpt":{"rendered":"<p>Kit de arco tradicional corto ideal para iniciarse con este tipo de arcos tanto a pie como a caballo. Puede practicar el tiro con arco con todo el equipo necesario con arco de madera y accesorios a juego.<\/p>\n","protected":false},"featured_media":14413,"comment_status":"open","ping_status":"closed","template":"","meta":{"_acf_changed":false},"product_brand":[4054],"product_cat":[1141,114],"product_tag":[187],"class_list":{"0":"post-14410","1":"product","2":"type-product","3":"status-publish","4":"has-post-thumbnail","6":"product_brand-varios","7":"product_cat-kits-horsebow","8":"product_cat-kit-arco-completo","9":"product_tag-arqueria-tradicional","10":"product_shipping_class-envio-pe-2090e-ba-3890e","12":"first","13":"onbackorder","14":"sale","15":"taxable","16":"shipping-taxable","17":"purchasable","18":"product-type-easy_product_bundle"},"acf":[],"yoast_head":"<!-- This site is optimized with the Yoast SEO plugin v27.5 - https:\/\/yoast.com\/product\/yoast-seo-wordpress\/ -->\n<title>Kit arco tradicional Oak Ridge Black Sada - MoitoArchery<\/title>\n<meta name=\"description\" content=\"Kit de arco tradicional corto ideal para iniciarse con este tipo de arcos tanto a pie como a caballo. Puede practicar el tiro con arco con todo el equipo necesario con arco de madera y accesorios a juego.\" \/>\n<meta name=\"robots\" content=\"index, follow, max-snippet:-1, max-image-preview:large, max-video-preview:-1\" \/>\n<link rel=\"canonical\" href=\"https:\/\/moitoarchery.com\/en\/product\/kit-arco-tradicional-oak-ridge-black-sada\/\" \/>\n<meta property=\"og:locale\" content=\"en_US\" \/>\n<meta property=\"og:type\" content=\"article\" \/>\n<meta property=\"og:title\" content=\"Kit arco tradicional Oak Ridge Black Sada - MoitoArchery\" \/>\n<meta property=\"og:description\" content=\"Kit de arco tradicional corto ideal para iniciarse con este tipo de arcos tanto a pie como a caballo. Puede practicar el tiro con arco con todo el equipo necesario con arco de madera y accesorios a juego.\" \/>\n<meta property=\"og:url\" content=\"https:\/\/moitoarchery.com\/en\/product\/kit-arco-tradicional-oak-ridge-black-sada\/\" \/>\n<meta property=\"og:site_name\" content=\"MoitoArchery\" \/>\n<meta property=\"article:publisher\" content=\"https:\/\/www.facebook.com\/arqueriaOnline\/\" \/>\n<meta property=\"article:modified_time\" content=\"2026-05-06T11:18:58+00:00\" \/>\n<meta property=\"og:image\" content=\"https:\/\/moitoarchery.com\/wp-content\/uploads\/2022\/03\/kit-arco-tradicional-black-sada-oak-ridge.jpg\" \/>\n\t<meta property=\"og:image:width\" content=\"800\" \/>\n\t<meta property=\"og:image:height\" content=\"800\" \/>\n\t<meta property=\"og:image:type\" content=\"image\/jpeg\" \/>\n<meta name=\"twitter:card\" content=\"summary_large_image\" \/>\n<meta name=\"twitter:label1\" content=\"Est. reading time\" \/>\n\t<meta name=\"twitter:data1\" content=\"1 minute\" \/>\n<script type=\"application\/ld+json\" class=\"yoast-schema-graph\">{\"@context\":\"https:\\\/\\\/schema.org\",\"@graph\":[{\"@type\":\"WebPage\",\"@id\":\"https:\\\/\\\/moitoarchery.com\\\/en\\\/product\\\/kit-arco-tradicional-oak-ridge-black-sada\\\/\",\"url\":\"https:\\\/\\\/moitoarchery.com\\\/en\\\/product\\\/kit-arco-tradicional-oak-ridge-black-sada\\\/\",\"name\":\"Kit arco tradicional Oak Ridge Black Sada - MoitoArchery\",\"isPartOf\":{\"@id\":\"https:\\\/\\\/moitoarchery.com\\\/en\\\/#website\"},\"primaryImageOfPage\":{\"@id\":\"https:\\\/\\\/moitoarchery.com\\\/en\\\/product\\\/kit-arco-tradicional-oak-ridge-black-sada\\\/#primaryimage\"},\"image\":{\"@id\":\"https:\\\/\\\/moitoarchery.com\\\/en\\\/product\\\/kit-arco-tradicional-oak-ridge-black-sada\\\/#primaryimage\"},\"thumbnailUrl\":\"https:\\\/\\\/moitoarchery.com\\\/wp-content\\\/uploads\\\/2022\\\/03\\\/kit-arco-tradicional-black-sada-oak-ridge.jpg\",\"datePublished\":\"2022-03-04T12:40:44+00:00\",\"dateModified\":\"2026-05-06T11:18:58+00:00\",\"description\":\"Kit de arco tradicional corto ideal para iniciarse con este tipo de arcos tanto a pie como a caballo. Puede practicar el tiro con arco con todo el equipo necesario con arco de madera y accesorios a juego.\",\"breadcrumb\":{\"@id\":\"https:\\\/\\\/moitoarchery.com\\\/en\\\/product\\\/kit-arco-tradicional-oak-ridge-black-sada\\\/#breadcrumb\"},\"inLanguage\":\"en-US\",\"potentialAction\":[{\"@type\":\"ReadAction\",\"target\":[\"https:\\\/\\\/moitoarchery.com\\\/en\\\/product\\\/kit-arco-tradicional-oak-ridge-black-sada\\\/\"]}]},{\"@type\":\"ImageObject\",\"inLanguage\":\"en-US\",\"@id\":\"https:\\\/\\\/moitoarchery.com\\\/en\\\/product\\\/kit-arco-tradicional-oak-ridge-black-sada\\\/#primaryimage\",\"url\":\"https:\\\/\\\/moitoarchery.com\\\/wp-content\\\/uploads\\\/2022\\\/03\\\/kit-arco-tradicional-black-sada-oak-ridge.jpg\",\"contentUrl\":\"https:\\\/\\\/moitoarchery.com\\\/wp-content\\\/uploads\\\/2022\\\/03\\\/kit-arco-tradicional-black-sada-oak-ridge.jpg\",\"width\":800,\"height\":800,\"caption\":\"Oak Ridge Black Sada Traditional Bow Kit\"},{\"@type\":\"BreadcrumbList\",\"@id\":\"https:\\\/\\\/moitoarchery.com\\\/en\\\/product\\\/kit-arco-tradicional-oak-ridge-black-sada\\\/#breadcrumb\",\"itemListElement\":[{\"@type\":\"ListItem\",\"position\":1,\"name\":\"Portada\",\"item\":\"https:\\\/\\\/moitoarchery.com\\\/en\\\/\"},{\"@type\":\"ListItem\",\"position\":2,\"name\":\"Shop\",\"item\":\"https:\\\/\\\/moitoarchery.com\\\/en\\\/shop\\\/\"},{\"@type\":\"ListItem\",\"position\":3,\"name\":\"Kit arco tradicional Oak Ridge Black Sada\"}]},{\"@type\":\"WebSite\",\"@id\":\"https:\\\/\\\/moitoarchery.com\\\/en\\\/#website\",\"url\":\"https:\\\/\\\/moitoarchery.com\\\/en\\\/\",\"name\":\"MoitoArchery\",\"description\":\"Tienda de Tiro con arco\",\"publisher\":{\"@id\":\"https:\\\/\\\/moitoarchery.com\\\/en\\\/#organization\"},\"potentialAction\":[{\"@type\":\"SearchAction\",\"target\":{\"@type\":\"EntryPoint\",\"urlTemplate\":\"https:\\\/\\\/moitoarchery.com\\\/en\\\/?s={search_term_string}\"},\"query-input\":{\"@type\":\"PropertyValueSpecification\",\"valueRequired\":true,\"valueName\":\"search_term_string\"}}],\"inLanguage\":\"en-US\"},{\"@type\":\"Organization\",\"@id\":\"https:\\\/\\\/moitoarchery.com\\\/en\\\/#organization\",\"name\":\"MoitoArchery\",\"url\":\"https:\\\/\\\/moitoarchery.com\\\/en\\\/\",\"logo\":{\"@type\":\"ImageObject\",\"inLanguage\":\"en-US\",\"@id\":\"https:\\\/\\\/moitoarchery.com\\\/en\\\/#\\\/schema\\\/logo\\\/image\\\/\",\"url\":\"https:\\\/\\\/moitoarchery.com\\\/wp-content\\\/uploads\\\/2020\\\/09\\\/logotipo-moitoarchery.png\",\"contentUrl\":\"https:\\\/\\\/moitoarchery.com\\\/wp-content\\\/uploads\\\/2020\\\/09\\\/logotipo-moitoarchery.png\",\"width\":300,\"height\":66,\"caption\":\"MoitoArchery\"},\"image\":{\"@id\":\"https:\\\/\\\/moitoarchery.com\\\/en\\\/#\\\/schema\\\/logo\\\/image\\\/\"},\"sameAs\":[\"https:\\\/\\\/www.facebook.com\\\/arqueriaOnline\\\/\",\"https:\\\/\\\/www.instagram.com\\\/moitoarchery\\\/\",\"https:\\\/\\\/www.youtube.com\\\/channel\\\/UCvmj39gVUIKVoJJ6vQC9GPA\\\/\"]}]}<\/script>\n<!-- \/ Yoast SEO plugin. -->","yoast_head_json":{"title":"Kit arco tradicional Oak Ridge Black Sada - MoitoArchery","description":"Kit de arco tradicional corto ideal para iniciarse con este tipo de arcos tanto a pie como a caballo. Puede practicar el tiro con arco con todo el equipo necesario con arco de madera y accesorios a juego.","robots":{"index":"index","follow":"follow","max-snippet":"max-snippet:-1","max-image-preview":"max-image-preview:large","max-video-preview":"max-video-preview:-1"},"canonical":"https:\/\/moitoarchery.com\/en\/product\/kit-arco-tradicional-oak-ridge-black-sada\/","og_locale":"en_US","og_type":"article","og_title":"Kit arco tradicional Oak Ridge Black Sada - MoitoArchery","og_description":"Kit de arco tradicional corto ideal para iniciarse con este tipo de arcos tanto a pie como a caballo. Puede practicar el tiro con arco con todo el equipo necesario con arco de madera y accesorios a juego.","og_url":"https:\/\/moitoarchery.com\/en\/product\/kit-arco-tradicional-oak-ridge-black-sada\/","og_site_name":"MoitoArchery","article_publisher":"https:\/\/www.facebook.com\/arqueriaOnline\/","article_modified_time":"2026-05-06T11:18:58+00:00","og_image":[{"width":800,"height":800,"url":"https:\/\/moitoarchery.com\/wp-content\/uploads\/2022\/03\/kit-arco-tradicional-black-sada-oak-ridge.jpg","type":"image\/jpeg"}],"twitter_card":"summary_large_image","twitter_misc":{"Est. reading time":"1 minute"},"schema":{"@context":"https:\/\/schema.org","@graph":[{"@type":"WebPage","@id":"https:\/\/moitoarchery.com\/en\/product\/kit-arco-tradicional-oak-ridge-black-sada\/","url":"https:\/\/moitoarchery.com\/en\/product\/kit-arco-tradicional-oak-ridge-black-sada\/","name":"Kit arco tradicional Oak Ridge Black Sada - MoitoArchery","isPartOf":{"@id":"https:\/\/moitoarchery.com\/en\/#website"},"primaryImageOfPage":{"@id":"https:\/\/moitoarchery.com\/en\/product\/kit-arco-tradicional-oak-ridge-black-sada\/#primaryimage"},"image":{"@id":"https:\/\/moitoarchery.com\/en\/product\/kit-arco-tradicional-oak-ridge-black-sada\/#primaryimage"},"thumbnailUrl":"https:\/\/moitoarchery.com\/wp-content\/uploads\/2022\/03\/kit-arco-tradicional-black-sada-oak-ridge.jpg","datePublished":"2022-03-04T12:40:44+00:00","dateModified":"2026-05-06T11:18:58+00:00","description":"Kit de arco tradicional corto ideal para iniciarse con este tipo de arcos tanto a pie como a caballo. Puede practicar el tiro con arco con todo el equipo necesario con arco de madera y accesorios a juego.","breadcrumb":{"@id":"https:\/\/moitoarchery.com\/en\/product\/kit-arco-tradicional-oak-ridge-black-sada\/#breadcrumb"},"inLanguage":"en-US","potentialAction":[{"@type":"ReadAction","target":["https:\/\/moitoarchery.com\/en\/product\/kit-arco-tradicional-oak-ridge-black-sada\/"]}]},{"@type":"ImageObject","inLanguage":"en-US","@id":"https:\/\/moitoarchery.com\/en\/product\/kit-arco-tradicional-oak-ridge-black-sada\/#primaryimage","url":"https:\/\/moitoarchery.com\/wp-content\/uploads\/2022\/03\/kit-arco-tradicional-black-sada-oak-ridge.jpg","contentUrl":"https:\/\/moitoarchery.com\/wp-content\/uploads\/2022\/03\/kit-arco-tradicional-black-sada-oak-ridge.jpg","width":800,"height":800,"caption":"Oak Ridge Black Sada Traditional Bow Kit"},{"@type":"BreadcrumbList","@id":"https:\/\/moitoarchery.com\/en\/product\/kit-arco-tradicional-oak-ridge-black-sada\/#breadcrumb","itemListElement":[{"@type":"ListItem","position":1,"name":"Portada","item":"https:\/\/moitoarchery.com\/en\/"},{"@type":"ListItem","position":2,"name":"Shop","item":"https:\/\/moitoarchery.com\/en\/shop\/"},{"@type":"ListItem","position":3,"name":"Kit arco tradicional Oak Ridge Black Sada"}]},{"@type":"WebSite","@id":"https:\/\/moitoarchery.com\/en\/#website","url":"https:\/\/moitoarchery.com\/en\/","name":"MoitoArchery","description":"Tienda de Tiro con arco","publisher":{"@id":"https:\/\/moitoarchery.com\/en\/#organization"},"potentialAction":[{"@type":"SearchAction","target":{"@type":"EntryPoint","urlTemplate":"https:\/\/moitoarchery.com\/en\/?s={search_term_string}"},"query-input":{"@type":"PropertyValueSpecification","valueRequired":true,"valueName":"search_term_string"}}],"inLanguage":"en-US"},{"@type":"Organization","@id":"https:\/\/moitoarchery.com\/en\/#organization","name":"MoitoArchery","url":"https:\/\/moitoarchery.com\/en\/","logo":{"@type":"ImageObject","inLanguage":"en-US","@id":"https:\/\/moitoarchery.com\/en\/#\/schema\/logo\/image\/","url":"https:\/\/moitoarchery.com\/wp-content\/uploads\/2020\/09\/logotipo-moitoarchery.png","contentUrl":"https:\/\/moitoarchery.com\/wp-content\/uploads\/2020\/09\/logotipo-moitoarchery.png","width":300,"height":66,"caption":"MoitoArchery"},"image":{"@id":"https:\/\/moitoarchery.com\/en\/#\/schema\/logo\/image\/"},"sameAs":["https:\/\/www.facebook.com\/arqueriaOnline\/","https:\/\/www.instagram.com\/moitoarchery\/","https:\/\/www.youtube.com\/channel\/UCvmj39gVUIKVoJJ6vQC9GPA\/"]}]}},"_links":{"self":[{"href":"https:\/\/moitoarchery.com\/en\/wp-json\/wp\/v2\/product\/14410","targetHints":{"allow":["GET"]}}],"collection":[{"href":"https:\/\/moitoarchery.com\/en\/wp-json\/wp\/v2\/product"}],"about":[{"href":"https:\/\/moitoarchery.com\/en\/wp-json\/wp\/v2\/types\/product"}],"replies":[{"embeddable":true,"href":"https:\/\/moitoarchery.com\/en\/wp-json\/wp\/v2\/comments?post=14410"}],"version-history":[{"count":1,"href":"https:\/\/moitoarchery.com\/en\/wp-json\/wp\/v2\/product\/14410\/revisions"}],"predecessor-version":[{"id":129753,"href":"https:\/\/moitoarchery.com\/en\/wp-json\/wp\/v2\/product\/14410\/revisions\/129753"}],"wp:featuredmedia":[{"embeddable":true,"href":"https:\/\/moitoarchery.com\/en\/wp-json\/wp\/v2\/media\/14413"}],"wp:attachment":[{"href":"https:\/\/moitoarchery.com\/en\/wp-json\/wp\/v2\/media?parent=14410"}],"wp:term":[{"taxonomy":"product_brand","embeddable":true,"href":"https:\/\/moitoarchery.com\/en\/wp-json\/wp\/v2\/product_brand?post=14410"},{"taxonomy":"product_cat","embeddable":true,"href":"https:\/\/moitoarchery.com\/en\/wp-json\/wp\/v2\/product_cat?post=14410"},{"taxonomy":"product_tag","embeddable":true,"href":"https:\/\/moitoarchery.com\/en\/wp-json\/wp\/v2\/product_tag?post=14410"}],"curies":[{"name":"wp","href":"https:\/\/api.w.org\/{rel}","templated":true}]}}