{"id":135431,"date":"2026-05-12T09:17:27","date_gmt":"2026-05-12T07:17:27","guid":{"rendered":"https:\/\/moitoarchery.com\/?post_type=product&#038;p=135431"},"modified":"2026-05-12T13:35:57","modified_gmt":"2026-05-12T11:35:57","slug":"estabilizador-largo-focus-evenness","status":"publish","type":"product","link":"https:\/\/moitoarchery.com\/en\/product\/estabilizador-largo-focus-evenness\/","title":{"rendered":"Estabilizador largo Focus Evenness"},"content":{"rendered":"<p data-start=\"244\" data-end=\"559\">El <strong data-start=\"247\" data-end=\"285\">Estabilizador Largo Focus Evenness<\/strong> ha sido desarrollado para arqueros que buscan un mayor control y estabilidad durante el disparo. Su construcci\u00f3n en <strong data-start=\"402\" data-end=\"428\">carbono de alto m\u00f3dulo<\/strong> proporciona una excelente rigidez con un peso reducido, ayudando a minimizar vibraciones y mejorar el equilibrio general del arco.<\/p>\n<p data-start=\"561\" data-end=\"824\">Gracias a su dise\u00f1o optimizado, este estabilizador contribuye a reducir el torque y mejorar la estabilidad en punter\u00eda, ofreciendo una sensaci\u00f3n m\u00e1s s\u00f3lida y una mayor regularidad entre disparos. Es una opci\u00f3n ideal tanto para entrenamiento como para competici\u00f3n.<\/p>\n<p data-start=\"826\" data-end=\"957\">Disponible en varias longitudes, permite adaptar la configuraci\u00f3n del arco seg\u00fan las preferencias y estilo de tiro de cada arquero.<\/p>\n<h3 data-section-id=\"1a0km5t\" data-start=\"964\" data-end=\"997\">Caracter\u00edsticas principales<\/h3>\n<ul data-start=\"998\" data-end=\"1186\">\n<li data-section-id=\"1954sz6\" data-start=\"998\" data-end=\"1040\">Construcci\u00f3n en carbono de alto m\u00f3dulo<\/li>\n<li data-section-id=\"1g1bqzp\" data-start=\"1041\" data-end=\"1075\">Mejora la estabilidad del arco<\/li>\n<li data-section-id=\"353kbu\" data-start=\"1076\" data-end=\"1107\">Reduce vibraciones y torque<\/li>\n<li data-section-id=\"f2t53j\" data-start=\"1108\" data-end=\"1146\">Favorece disparos m\u00e1s consistentes<\/li>\n<li data-section-id=\"1utk1rf\" data-start=\"1147\" data-end=\"1186\">Disponible en diferentes longitudes<\/li>\n<\/ul>\n","protected":false},"excerpt":{"rendered":"<p data-start=\"244\" data-end=\"559\">El <strong data-start=\"247\" data-end=\"285\">Estabilizador Largo Focus Evenness<\/strong> ha sido desarrollado para arqueros que buscan un mayor control y estabilidad durante el disparo. Su construcci\u00f3n en <strong data-start=\"402\" data-end=\"428\">carbono de alto m\u00f3dulo<\/strong> proporciona una excelente rigidez con un peso reducido, ayudando a minimizar vibraciones y mejorar el equilibrio general del arco.<\/p>\n<p data-start=\"561\" data-end=\"824\">Gracias a su dise\u00f1o optimizado, este estabilizador contribuye a reducir el torque y mejorar la estabilidad en punter\u00eda, ofreciendo una sensaci\u00f3n m\u00e1s s\u00f3lida y una mayor regularidad entre disparos. Es una opci\u00f3n ideal tanto para entrenamiento como para competici\u00f3n.<\/p>\n<p data-start=\"826\" data-end=\"957\">Disponible en varias longitudes, permite adaptar la configuraci\u00f3n del arco seg\u00fan las preferencias y estilo de tiro de cada arquero.<\/p>\n<h3 data-section-id=\"1a0km5t\" data-start=\"964\" data-end=\"997\">Caracter\u00edsticas principales<\/h3>\n<ul data-start=\"998\" data-end=\"1186\">\n<li data-section-id=\"1954sz6\" data-start=\"998\" data-end=\"1040\">Construcci\u00f3n en carbono de alto m\u00f3dulo<\/li>\n<li data-section-id=\"1g1bqzp\" data-start=\"1041\" data-end=\"1075\">Mejora la estabilidad del arco<\/li>\n<li data-section-id=\"353kbu\" data-start=\"1076\" data-end=\"1107\">Reduce vibraciones y torque<\/li>\n<li data-section-id=\"f2t53j\" data-start=\"1108\" data-end=\"1146\">Favorece disparos m\u00e1s consistentes<\/li>\n<li data-section-id=\"1utk1rf\" data-start=\"1147\" data-end=\"1186\">Disponible en diferentes longitudes<\/li>\n<\/ul>\n","protected":false},"featured_media":135437,"comment_status":"open","ping_status":"closed","template":"","meta":{"_acf_changed":false},"product_brand":[5003],"product_cat":[109,152],"product_tag":[],"class_list":{"0":"post-135431","1":"product","2":"type-product","3":"status-publish","4":"has-post-thumbnail","6":"product_brand-focus-archery","7":"product_cat-estabilizadores","8":"product_cat-estabilizador-largo","10":"first","11":"instock","12":"sale","13":"taxable","14":"shipping-taxable","15":"purchasable","16":"product-type-variable"},"acf":[],"yoast_head":"<!-- This site is optimized with the Yoast SEO plugin v27.5 - https:\/\/yoast.com\/product\/yoast-seo-wordpress\/ -->\n<title>Estabilizador largo Focus Evenness - MoitoArchery<\/title>\n<meta name=\"description\" content=\"El Estabilizador Largo Focus Evenness ha sido desarrollado para arqueros que buscan un mayor control y estabilidad durante el disparo.\" \/>\n<meta name=\"robots\" content=\"index, follow, max-snippet:-1, max-image-preview:large, max-video-preview:-1\" \/>\n<link rel=\"canonical\" href=\"https:\/\/moitoarchery.com\/en\/product\/estabilizador-largo-focus-evenness\/\" \/>\n<meta property=\"og:locale\" content=\"en_US\" \/>\n<meta property=\"og:type\" content=\"article\" \/>\n<meta property=\"og:title\" content=\"Estabilizador largo Focus Evenness - MoitoArchery\" \/>\n<meta property=\"og:description\" content=\"El Estabilizador Largo Focus Evenness ha sido desarrollado para arqueros que buscan un mayor control y estabilidad durante el disparo.\" \/>\n<meta property=\"og:url\" content=\"https:\/\/moitoarchery.com\/en\/product\/estabilizador-largo-focus-evenness\/\" \/>\n<meta property=\"og:site_name\" content=\"MoitoArchery\" \/>\n<meta property=\"article:publisher\" content=\"https:\/\/www.facebook.com\/arqueriaOnline\/\" \/>\n<meta property=\"article:modified_time\" content=\"2026-05-12T11:35:57+00:00\" \/>\n<meta property=\"og:image\" content=\"https:\/\/moitoarchery.com\/wp-content\/uploads\/2026\/05\/Focus-Archery-Stabilizer-Long-Evenness.jpg\" \/>\n\t<meta property=\"og:image:width\" content=\"800\" \/>\n\t<meta property=\"og:image:height\" content=\"800\" \/>\n\t<meta property=\"og:image:type\" content=\"image\/jpeg\" \/>\n<meta name=\"twitter:card\" content=\"summary_large_image\" \/>\n<meta name=\"twitter:label1\" content=\"Est. reading time\" \/>\n\t<meta name=\"twitter:data1\" content=\"1 minute\" \/>\n<script type=\"application\/ld+json\" class=\"yoast-schema-graph\">{\"@context\":\"https:\\\/\\\/schema.org\",\"@graph\":[{\"@type\":\"WebPage\",\"@id\":\"https:\\\/\\\/moitoarchery.com\\\/en\\\/product\\\/estabilizador-largo-focus-evenness\\\/\",\"url\":\"https:\\\/\\\/moitoarchery.com\\\/en\\\/product\\\/estabilizador-largo-focus-evenness\\\/\",\"name\":\"Estabilizador largo Focus Evenness - MoitoArchery\",\"isPartOf\":{\"@id\":\"https:\\\/\\\/moitoarchery.com\\\/en\\\/#website\"},\"primaryImageOfPage\":{\"@id\":\"https:\\\/\\\/moitoarchery.com\\\/en\\\/product\\\/estabilizador-largo-focus-evenness\\\/#primaryimage\"},\"image\":{\"@id\":\"https:\\\/\\\/moitoarchery.com\\\/en\\\/product\\\/estabilizador-largo-focus-evenness\\\/#primaryimage\"},\"thumbnailUrl\":\"https:\\\/\\\/moitoarchery.com\\\/wp-content\\\/uploads\\\/2026\\\/05\\\/Focus-Archery-Stabilizer-Long-Evenness.jpg\",\"datePublished\":\"2026-05-12T07:17:27+00:00\",\"dateModified\":\"2026-05-12T11:35:57+00:00\",\"description\":\"El Estabilizador Largo Focus Evenness ha sido desarrollado para arqueros que buscan un mayor control y estabilidad durante el disparo.\",\"breadcrumb\":{\"@id\":\"https:\\\/\\\/moitoarchery.com\\\/en\\\/product\\\/estabilizador-largo-focus-evenness\\\/#breadcrumb\"},\"inLanguage\":\"en-US\",\"potentialAction\":[{\"@type\":\"ReadAction\",\"target\":[\"https:\\\/\\\/moitoarchery.com\\\/en\\\/product\\\/estabilizador-largo-focus-evenness\\\/\"]}]},{\"@type\":\"ImageObject\",\"inLanguage\":\"en-US\",\"@id\":\"https:\\\/\\\/moitoarchery.com\\\/en\\\/product\\\/estabilizador-largo-focus-evenness\\\/#primaryimage\",\"url\":\"https:\\\/\\\/moitoarchery.com\\\/wp-content\\\/uploads\\\/2026\\\/05\\\/Focus-Archery-Stabilizer-Long-Evenness.jpg\",\"contentUrl\":\"https:\\\/\\\/moitoarchery.com\\\/wp-content\\\/uploads\\\/2026\\\/05\\\/Focus-Archery-Stabilizer-Long-Evenness.jpg\",\"width\":800,\"height\":800},{\"@type\":\"BreadcrumbList\",\"@id\":\"https:\\\/\\\/moitoarchery.com\\\/en\\\/product\\\/estabilizador-largo-focus-evenness\\\/#breadcrumb\",\"itemListElement\":[{\"@type\":\"ListItem\",\"position\":1,\"name\":\"Portada\",\"item\":\"https:\\\/\\\/moitoarchery.com\\\/en\\\/\"},{\"@type\":\"ListItem\",\"position\":2,\"name\":\"Shop\",\"item\":\"https:\\\/\\\/moitoarchery.com\\\/en\\\/shop\\\/\"},{\"@type\":\"ListItem\",\"position\":3,\"name\":\"Estabilizador largo Focus Evenness\"}]},{\"@type\":\"WebSite\",\"@id\":\"https:\\\/\\\/moitoarchery.com\\\/en\\\/#website\",\"url\":\"https:\\\/\\\/moitoarchery.com\\\/en\\\/\",\"name\":\"MoitoArchery\",\"description\":\"Tienda de Tiro con arco\",\"publisher\":{\"@id\":\"https:\\\/\\\/moitoarchery.com\\\/en\\\/#organization\"},\"potentialAction\":[{\"@type\":\"SearchAction\",\"target\":{\"@type\":\"EntryPoint\",\"urlTemplate\":\"https:\\\/\\\/moitoarchery.com\\\/en\\\/?s={search_term_string}\"},\"query-input\":{\"@type\":\"PropertyValueSpecification\",\"valueRequired\":true,\"valueName\":\"search_term_string\"}}],\"inLanguage\":\"en-US\"},{\"@type\":\"Organization\",\"@id\":\"https:\\\/\\\/moitoarchery.com\\\/en\\\/#organization\",\"name\":\"MoitoArchery\",\"url\":\"https:\\\/\\\/moitoarchery.com\\\/en\\\/\",\"logo\":{\"@type\":\"ImageObject\",\"inLanguage\":\"en-US\",\"@id\":\"https:\\\/\\\/moitoarchery.com\\\/en\\\/#\\\/schema\\\/logo\\\/image\\\/\",\"url\":\"https:\\\/\\\/moitoarchery.com\\\/wp-content\\\/uploads\\\/2020\\\/09\\\/logotipo-moitoarchery.png\",\"contentUrl\":\"https:\\\/\\\/moitoarchery.com\\\/wp-content\\\/uploads\\\/2020\\\/09\\\/logotipo-moitoarchery.png\",\"width\":300,\"height\":66,\"caption\":\"MoitoArchery\"},\"image\":{\"@id\":\"https:\\\/\\\/moitoarchery.com\\\/en\\\/#\\\/schema\\\/logo\\\/image\\\/\"},\"sameAs\":[\"https:\\\/\\\/www.facebook.com\\\/arqueriaOnline\\\/\",\"https:\\\/\\\/www.instagram.com\\\/moitoarchery\\\/\",\"https:\\\/\\\/www.youtube.com\\\/channel\\\/UCvmj39gVUIKVoJJ6vQC9GPA\\\/\"]}]}<\/script>\n<!-- \/ Yoast SEO plugin. -->","yoast_head_json":{"title":"Estabilizador largo Focus Evenness - MoitoArchery","description":"El Estabilizador Largo Focus Evenness ha sido desarrollado para arqueros que buscan un mayor control y estabilidad durante el disparo.","robots":{"index":"index","follow":"follow","max-snippet":"max-snippet:-1","max-image-preview":"max-image-preview:large","max-video-preview":"max-video-preview:-1"},"canonical":"https:\/\/moitoarchery.com\/en\/product\/estabilizador-largo-focus-evenness\/","og_locale":"en_US","og_type":"article","og_title":"Estabilizador largo Focus Evenness - MoitoArchery","og_description":"El Estabilizador Largo Focus Evenness ha sido desarrollado para arqueros que buscan un mayor control y estabilidad durante el disparo.","og_url":"https:\/\/moitoarchery.com\/en\/product\/estabilizador-largo-focus-evenness\/","og_site_name":"MoitoArchery","article_publisher":"https:\/\/www.facebook.com\/arqueriaOnline\/","article_modified_time":"2026-05-12T11:35:57+00:00","og_image":[{"width":800,"height":800,"url":"https:\/\/moitoarchery.com\/wp-content\/uploads\/2026\/05\/Focus-Archery-Stabilizer-Long-Evenness.jpg","type":"image\/jpeg"}],"twitter_card":"summary_large_image","twitter_misc":{"Est. reading time":"1 minute"},"schema":{"@context":"https:\/\/schema.org","@graph":[{"@type":"WebPage","@id":"https:\/\/moitoarchery.com\/en\/product\/estabilizador-largo-focus-evenness\/","url":"https:\/\/moitoarchery.com\/en\/product\/estabilizador-largo-focus-evenness\/","name":"Estabilizador largo Focus Evenness - MoitoArchery","isPartOf":{"@id":"https:\/\/moitoarchery.com\/en\/#website"},"primaryImageOfPage":{"@id":"https:\/\/moitoarchery.com\/en\/product\/estabilizador-largo-focus-evenness\/#primaryimage"},"image":{"@id":"https:\/\/moitoarchery.com\/en\/product\/estabilizador-largo-focus-evenness\/#primaryimage"},"thumbnailUrl":"https:\/\/moitoarchery.com\/wp-content\/uploads\/2026\/05\/Focus-Archery-Stabilizer-Long-Evenness.jpg","datePublished":"2026-05-12T07:17:27+00:00","dateModified":"2026-05-12T11:35:57+00:00","description":"El Estabilizador Largo Focus Evenness ha sido desarrollado para arqueros que buscan un mayor control y estabilidad durante el disparo.","breadcrumb":{"@id":"https:\/\/moitoarchery.com\/en\/product\/estabilizador-largo-focus-evenness\/#breadcrumb"},"inLanguage":"en-US","potentialAction":[{"@type":"ReadAction","target":["https:\/\/moitoarchery.com\/en\/product\/estabilizador-largo-focus-evenness\/"]}]},{"@type":"ImageObject","inLanguage":"en-US","@id":"https:\/\/moitoarchery.com\/en\/product\/estabilizador-largo-focus-evenness\/#primaryimage","url":"https:\/\/moitoarchery.com\/wp-content\/uploads\/2026\/05\/Focus-Archery-Stabilizer-Long-Evenness.jpg","contentUrl":"https:\/\/moitoarchery.com\/wp-content\/uploads\/2026\/05\/Focus-Archery-Stabilizer-Long-Evenness.jpg","width":800,"height":800},{"@type":"BreadcrumbList","@id":"https:\/\/moitoarchery.com\/en\/product\/estabilizador-largo-focus-evenness\/#breadcrumb","itemListElement":[{"@type":"ListItem","position":1,"name":"Portada","item":"https:\/\/moitoarchery.com\/en\/"},{"@type":"ListItem","position":2,"name":"Shop","item":"https:\/\/moitoarchery.com\/en\/shop\/"},{"@type":"ListItem","position":3,"name":"Estabilizador largo Focus Evenness"}]},{"@type":"WebSite","@id":"https:\/\/moitoarchery.com\/en\/#website","url":"https:\/\/moitoarchery.com\/en\/","name":"MoitoArchery","description":"Tienda de Tiro con arco","publisher":{"@id":"https:\/\/moitoarchery.com\/en\/#organization"},"potentialAction":[{"@type":"SearchAction","target":{"@type":"EntryPoint","urlTemplate":"https:\/\/moitoarchery.com\/en\/?s={search_term_string}"},"query-input":{"@type":"PropertyValueSpecification","valueRequired":true,"valueName":"search_term_string"}}],"inLanguage":"en-US"},{"@type":"Organization","@id":"https:\/\/moitoarchery.com\/en\/#organization","name":"MoitoArchery","url":"https:\/\/moitoarchery.com\/en\/","logo":{"@type":"ImageObject","inLanguage":"en-US","@id":"https:\/\/moitoarchery.com\/en\/#\/schema\/logo\/image\/","url":"https:\/\/moitoarchery.com\/wp-content\/uploads\/2020\/09\/logotipo-moitoarchery.png","contentUrl":"https:\/\/moitoarchery.com\/wp-content\/uploads\/2020\/09\/logotipo-moitoarchery.png","width":300,"height":66,"caption":"MoitoArchery"},"image":{"@id":"https:\/\/moitoarchery.com\/en\/#\/schema\/logo\/image\/"},"sameAs":["https:\/\/www.facebook.com\/arqueriaOnline\/","https:\/\/www.instagram.com\/moitoarchery\/","https:\/\/www.youtube.com\/channel\/UCvmj39gVUIKVoJJ6vQC9GPA\/"]}]}},"_links":{"self":[{"href":"https:\/\/moitoarchery.com\/en\/wp-json\/wp\/v2\/product\/135431","targetHints":{"allow":["GET"]}}],"collection":[{"href":"https:\/\/moitoarchery.com\/en\/wp-json\/wp\/v2\/product"}],"about":[{"href":"https:\/\/moitoarchery.com\/en\/wp-json\/wp\/v2\/types\/product"}],"replies":[{"embeddable":true,"href":"https:\/\/moitoarchery.com\/en\/wp-json\/wp\/v2\/comments?post=135431"}],"version-history":[{"count":1,"href":"https:\/\/moitoarchery.com\/en\/wp-json\/wp\/v2\/product\/135431\/revisions"}],"predecessor-version":[{"id":135445,"href":"https:\/\/moitoarchery.com\/en\/wp-json\/wp\/v2\/product\/135431\/revisions\/135445"}],"wp:featuredmedia":[{"embeddable":true,"href":"https:\/\/moitoarchery.com\/en\/wp-json\/wp\/v2\/media\/135437"}],"wp:attachment":[{"href":"https:\/\/moitoarchery.com\/en\/wp-json\/wp\/v2\/media?parent=135431"}],"wp:term":[{"taxonomy":"product_brand","embeddable":true,"href":"https:\/\/moitoarchery.com\/en\/wp-json\/wp\/v2\/product_brand?post=135431"},{"taxonomy":"product_cat","embeddable":true,"href":"https:\/\/moitoarchery.com\/en\/wp-json\/wp\/v2\/product_cat?post=135431"},{"taxonomy":"product_tag","embeddable":true,"href":"https:\/\/moitoarchery.com\/en\/wp-json\/wp\/v2\/product_tag?post=135431"}],"curies":[{"name":"wp","href":"https:\/\/api.w.org\/{rel}","templated":true}]}}