{"id":135053,"date":"2026-03-26T09:51:53","date_gmt":"2026-03-26T08:51:53","guid":{"rendered":"https:\/\/moitoarchery.com\/producto\/eleven-target-2%c2%bdd-pear-archery-target\/"},"modified":"2026-03-26T09:51:53","modified_gmt":"2026-03-26T08:51:53","slug":"eleven-target-2%c2%bdd-pear-archery-target","status":"publish","type":"product","link":"https:\/\/moitoarchery.com\/en\/product\/eleven-target-2%c2%bdd-pear-archery-target\/","title":{"rendered":"Eleven Target 2\u00bdD Pear Archery Target"},"content":{"rendered":"<p data-start=\"311\" data-end=\"640\">The Eleven Target 2\u00bdD Pear archery target is a training target designed to improve accuracy and control in archery. Unlike models with animal silhouettes, this target features a classic pear-shaped design with multiple scoring zones, ideal for technical and progressive practice. <\/p>\n<p data-start=\"642\" data-end=\"928\">Its printed face includes differentiated scoring zones (5, 3, and 1 points), allowing archers to work on consistency, arrow grouping, and measurable performance improvement. It is an excellent option for both beginner archers and those looking to refine their technique. <\/p>\n<p data-start=\"930\" data-end=\"1175\">Made from durable foam, it offers good stopping power and allows for easy arrow removal. Its large size makes it visible at various distances, making it perfect for both field shooting and traditional training sessions. <\/p>\n<p data-start=\"1177\" data-end=\"1273\">\u26a0\ufe0f Braking power may vary depending on the arrow diameter and the type of tip used.<\/p>\n<h3 data-section-id=\"c8ebol\" data-start=\"1506\" data-end=\"1538\">\ud83d\udccf Technical Specifications:<\/h3>\n<ul data-start=\"1539\" data-end=\"1771\">\n<li data-section-id=\"1o4aqbj\" data-start=\"1539\" data-end=\"1560\">Brand: Eleven.<\/li>\n<li data-section-id=\"bsusds\" data-start=\"1586\" data-end=\"1622\"><strong data-start=\"1588\" data-end=\"1604\">Dimensions:<\/strong> 99 \u00d7 48 \u00d7 17 cm<\/li>\n<li data-section-id=\"8l6cef\" data-start=\"1623\" data-end=\"1657\">Weight: approximately 3 kg<\/li>\n<li data-section-id=\"1c1dd0m\" data-start=\"1658\" data-end=\"1682\">Material: Foam.<\/li>\n<li data-section-id=\"11cq24s\" data-start=\"1683\" data-end=\"1735\">Recommended use: Recurve bows up to 30 lbs<\/li>\n<li data-section-id=\"qhr7qt\" data-start=\"1736\" data-end=\"1771\">Target type: 2\u00bdD butt<\/li>\n<\/ul>\n","protected":false},"excerpt":{"rendered":"<p data-start=\"311\" data-end=\"640\">The Eleven Target 2\u00bdD Pear archery target is a training target designed to improve accuracy and control in archery. Unlike models with animal silhouettes, this target features a classic pear-shaped design with multiple scoring zones, ideal for technical and progressive practice. <\/p>\n<p data-start=\"642\" data-end=\"928\">Its printed face includes differentiated scoring zones (5, 3, and 1 points), allowing archers to work on consistency, arrow grouping, and measurable performance improvement. It is an excellent option for both beginner archers and those looking to refine their technique. <\/p>\n<p data-start=\"930\" data-end=\"1175\">Made from durable foam, it offers good stopping power and allows for easy arrow removal. Its large size makes it visible at various distances, making it perfect for both field shooting and traditional training sessions. <\/p>\n<p data-start=\"1177\" data-end=\"1273\">\u26a0\ufe0f Braking power may vary depending on the arrow diameter and the type of tip used.<\/p>\n<h3 data-section-id=\"c8ebol\" data-start=\"1506\" data-end=\"1538\">\ud83d\udccf Technical Specifications:<\/h3>\n<ul data-start=\"1539\" data-end=\"1771\">\n<li data-section-id=\"1o4aqbj\" data-start=\"1539\" data-end=\"1560\">Brand: Eleven.<\/li>\n<li data-section-id=\"bsusds\" data-start=\"1586\" data-end=\"1622\"><strong data-start=\"1588\" data-end=\"1604\">Dimensions:<\/strong> 99 \u00d7 48 \u00d7 17 cm<\/li>\n<li data-section-id=\"8l6cef\" data-start=\"1623\" data-end=\"1657\">Weight: approximately 3 kg<\/li>\n<li data-section-id=\"1c1dd0m\" data-start=\"1658\" data-end=\"1682\">Material: Foam.<\/li>\n<li data-section-id=\"11cq24s\" data-start=\"1683\" data-end=\"1735\">Recommended use: Recurve bows up to 30 lbs<\/li>\n<li data-section-id=\"qhr7qt\" data-start=\"1736\" data-end=\"1771\">Target type: 2\u00bdD butt<\/li>\n<\/ul>\n","protected":false},"featured_media":130093,"comment_status":"open","ping_status":"closed","template":"","meta":{"_acf_changed":false},"product_brand":[],"product_cat":[4978,2798],"product_tag":[],"class_list":{"0":"post-135053","1":"product","2":"type-product","3":"status-publish","4":"has-post-thumbnail","6":"product_cat-2d-animals","7":"product_cat-targets-and-target-faces","8":"product_shipping_class-envio-pe-1590e-ba-2490e","10":"first","11":"onbackorder","12":"sale","13":"taxable","14":"shipping-taxable","15":"purchasable","16":"product-type-simple"},"acf":[],"yoast_head":"<!-- This site is optimized with the Yoast SEO plugin v27.5 - https:\/\/yoast.com\/product\/yoast-seo-wordpress\/ -->\n<title>Eleven Target 2\u00bdD Pear Archery Target - MoitoArchery<\/title>\n<meta name=\"description\" content=\"El Parapeto Eleven Target 2\u00bdD Pera es una diana de entrenamiento dise\u00f1ada para mejorar la precisi\u00f3n y el control en el tiro con arco. A diferencia de los modelos con siluetas de animales, este parapeto presenta un dise\u00f1o cl\u00e1sico en forma de pera con m\u00faltiples zonas de puntuaci\u00f3n, ideal para pr\u00e1cticas t\u00e9cnicas y progresivas.\" \/>\n<meta name=\"robots\" content=\"index, follow, max-snippet:-1, max-image-preview:large, max-video-preview:-1\" \/>\n<link rel=\"canonical\" href=\"https:\/\/moitoarchery.com\/en\/product\/eleven-target-2%c2%bdd-pear-archery-target\/\" \/>\n<meta property=\"og:locale\" content=\"en_US\" \/>\n<meta property=\"og:type\" content=\"article\" \/>\n<meta property=\"og:title\" content=\"Eleven Target 2\u00bdD Pear Archery Target - MoitoArchery\" \/>\n<meta property=\"og:description\" content=\"El Parapeto Eleven Target 2\u00bdD Pera es una diana de entrenamiento dise\u00f1ada para mejorar la precisi\u00f3n y el control en el tiro con arco. A diferencia de los modelos con siluetas de animales, este parapeto presenta un dise\u00f1o cl\u00e1sico en forma de pera con m\u00faltiples zonas de puntuaci\u00f3n, ideal para pr\u00e1cticas t\u00e9cnicas y progresivas.\" \/>\n<meta property=\"og:url\" content=\"https:\/\/moitoarchery.com\/en\/product\/eleven-target-2%c2%bdd-pear-archery-target\/\" \/>\n<meta property=\"og:site_name\" content=\"MoitoArchery\" \/>\n<meta property=\"article:publisher\" content=\"https:\/\/www.facebook.com\/arqueriaOnline\/\" \/>\n<meta property=\"og:image\" content=\"https:\/\/moitoarchery.com\/wp-content\/uploads\/2026\/03\/diana-eleven-pera2\u00bd-2.jpg\" \/>\n\t<meta property=\"og:image:width\" content=\"800\" \/>\n\t<meta property=\"og:image:height\" content=\"800\" \/>\n\t<meta property=\"og:image:type\" content=\"image\/jpeg\" \/>\n<meta name=\"twitter:card\" content=\"summary_large_image\" \/>\n<meta name=\"twitter:label1\" content=\"Est. reading time\" \/>\n\t<meta name=\"twitter:data1\" content=\"1 minute\" \/>\n<script type=\"application\/ld+json\" class=\"yoast-schema-graph\">{\"@context\":\"https:\\\/\\\/schema.org\",\"@graph\":[{\"@type\":\"WebPage\",\"@id\":\"https:\\\/\\\/moitoarchery.com\\\/en\\\/product\\\/eleven-target-2%c2%bdd-pear-archery-target\\\/\",\"url\":\"https:\\\/\\\/moitoarchery.com\\\/en\\\/product\\\/eleven-target-2%c2%bdd-pear-archery-target\\\/\",\"name\":\"Eleven Target 2\u00bdD Pear Archery Target - MoitoArchery\",\"isPartOf\":{\"@id\":\"https:\\\/\\\/moitoarchery.com\\\/en\\\/#website\"},\"primaryImageOfPage\":{\"@id\":\"https:\\\/\\\/moitoarchery.com\\\/en\\\/product\\\/eleven-target-2%c2%bdd-pear-archery-target\\\/#primaryimage\"},\"image\":{\"@id\":\"https:\\\/\\\/moitoarchery.com\\\/en\\\/product\\\/eleven-target-2%c2%bdd-pear-archery-target\\\/#primaryimage\"},\"thumbnailUrl\":\"https:\\\/\\\/moitoarchery.com\\\/wp-content\\\/uploads\\\/2026\\\/03\\\/diana-eleven-pera2\u00bd-2.jpg\",\"datePublished\":\"2026-03-26T08:51:53+00:00\",\"description\":\"El Parapeto Eleven Target 2\u00bdD Pera es una diana de entrenamiento dise\u00f1ada para mejorar la precisi\u00f3n y el control en el tiro con arco. A diferencia de los modelos con siluetas de animales, este parapeto presenta un dise\u00f1o cl\u00e1sico en forma de pera con m\u00faltiples zonas de puntuaci\u00f3n, ideal para pr\u00e1cticas t\u00e9cnicas y progresivas.\",\"breadcrumb\":{\"@id\":\"https:\\\/\\\/moitoarchery.com\\\/en\\\/product\\\/eleven-target-2%c2%bdd-pear-archery-target\\\/#breadcrumb\"},\"inLanguage\":\"en-US\",\"potentialAction\":[{\"@type\":\"ReadAction\",\"target\":[\"https:\\\/\\\/moitoarchery.com\\\/en\\\/product\\\/eleven-target-2%c2%bdd-pear-archery-target\\\/\"]}]},{\"@type\":\"ImageObject\",\"inLanguage\":\"en-US\",\"@id\":\"https:\\\/\\\/moitoarchery.com\\\/en\\\/product\\\/eleven-target-2%c2%bdd-pear-archery-target\\\/#primaryimage\",\"url\":\"https:\\\/\\\/moitoarchery.com\\\/wp-content\\\/uploads\\\/2026\\\/03\\\/diana-eleven-pera2\u00bd-2.jpg\",\"contentUrl\":\"https:\\\/\\\/moitoarchery.com\\\/wp-content\\\/uploads\\\/2026\\\/03\\\/diana-eleven-pera2\u00bd-2.jpg\",\"width\":800,\"height\":800},{\"@type\":\"BreadcrumbList\",\"@id\":\"https:\\\/\\\/moitoarchery.com\\\/en\\\/product\\\/eleven-target-2%c2%bdd-pear-archery-target\\\/#breadcrumb\",\"itemListElement\":[{\"@type\":\"ListItem\",\"position\":1,\"name\":\"Portada\",\"item\":\"https:\\\/\\\/moitoarchery.com\\\/en\\\/\"},{\"@type\":\"ListItem\",\"position\":2,\"name\":\"Shop\",\"item\":\"https:\\\/\\\/moitoarchery.com\\\/en\\\/shop\\\/\"},{\"@type\":\"ListItem\",\"position\":3,\"name\":\"Eleven Target 2\u00bdD Pear Archery Target\"}]},{\"@type\":\"WebSite\",\"@id\":\"https:\\\/\\\/moitoarchery.com\\\/en\\\/#website\",\"url\":\"https:\\\/\\\/moitoarchery.com\\\/en\\\/\",\"name\":\"MoitoArchery\",\"description\":\"Tienda de Tiro con arco\",\"publisher\":{\"@id\":\"https:\\\/\\\/moitoarchery.com\\\/en\\\/#organization\"},\"potentialAction\":[{\"@type\":\"SearchAction\",\"target\":{\"@type\":\"EntryPoint\",\"urlTemplate\":\"https:\\\/\\\/moitoarchery.com\\\/en\\\/?s={search_term_string}\"},\"query-input\":{\"@type\":\"PropertyValueSpecification\",\"valueRequired\":true,\"valueName\":\"search_term_string\"}}],\"inLanguage\":\"en-US\"},{\"@type\":\"Organization\",\"@id\":\"https:\\\/\\\/moitoarchery.com\\\/en\\\/#organization\",\"name\":\"MoitoArchery\",\"url\":\"https:\\\/\\\/moitoarchery.com\\\/en\\\/\",\"logo\":{\"@type\":\"ImageObject\",\"inLanguage\":\"en-US\",\"@id\":\"https:\\\/\\\/moitoarchery.com\\\/en\\\/#\\\/schema\\\/logo\\\/image\\\/\",\"url\":\"https:\\\/\\\/moitoarchery.com\\\/wp-content\\\/uploads\\\/2020\\\/09\\\/logotipo-moitoarchery.png\",\"contentUrl\":\"https:\\\/\\\/moitoarchery.com\\\/wp-content\\\/uploads\\\/2020\\\/09\\\/logotipo-moitoarchery.png\",\"width\":300,\"height\":66,\"caption\":\"MoitoArchery\"},\"image\":{\"@id\":\"https:\\\/\\\/moitoarchery.com\\\/en\\\/#\\\/schema\\\/logo\\\/image\\\/\"},\"sameAs\":[\"https:\\\/\\\/www.facebook.com\\\/arqueriaOnline\\\/\",\"https:\\\/\\\/www.instagram.com\\\/moitoarchery\\\/\",\"https:\\\/\\\/www.youtube.com\\\/channel\\\/UCvmj39gVUIKVoJJ6vQC9GPA\\\/\"]}]}<\/script>\n<!-- \/ Yoast SEO plugin. -->","yoast_head_json":{"title":"Eleven Target 2\u00bdD Pear Archery Target - MoitoArchery","description":"El Parapeto Eleven Target 2\u00bdD Pera es una diana de entrenamiento dise\u00f1ada para mejorar la precisi\u00f3n y el control en el tiro con arco. A diferencia de los modelos con siluetas de animales, este parapeto presenta un dise\u00f1o cl\u00e1sico en forma de pera con m\u00faltiples zonas de puntuaci\u00f3n, ideal para pr\u00e1cticas t\u00e9cnicas y progresivas.","robots":{"index":"index","follow":"follow","max-snippet":"max-snippet:-1","max-image-preview":"max-image-preview:large","max-video-preview":"max-video-preview:-1"},"canonical":"https:\/\/moitoarchery.com\/en\/product\/eleven-target-2%c2%bdd-pear-archery-target\/","og_locale":"en_US","og_type":"article","og_title":"Eleven Target 2\u00bdD Pear Archery Target - MoitoArchery","og_description":"El Parapeto Eleven Target 2\u00bdD Pera es una diana de entrenamiento dise\u00f1ada para mejorar la precisi\u00f3n y el control en el tiro con arco. A diferencia de los modelos con siluetas de animales, este parapeto presenta un dise\u00f1o cl\u00e1sico en forma de pera con m\u00faltiples zonas de puntuaci\u00f3n, ideal para pr\u00e1cticas t\u00e9cnicas y progresivas.","og_url":"https:\/\/moitoarchery.com\/en\/product\/eleven-target-2%c2%bdd-pear-archery-target\/","og_site_name":"MoitoArchery","article_publisher":"https:\/\/www.facebook.com\/arqueriaOnline\/","og_image":[{"width":800,"height":800,"url":"https:\/\/moitoarchery.com\/wp-content\/uploads\/2026\/03\/diana-eleven-pera2\u00bd-2.jpg","type":"image\/jpeg"}],"twitter_card":"summary_large_image","twitter_misc":{"Est. reading time":"1 minute"},"schema":{"@context":"https:\/\/schema.org","@graph":[{"@type":"WebPage","@id":"https:\/\/moitoarchery.com\/en\/product\/eleven-target-2%c2%bdd-pear-archery-target\/","url":"https:\/\/moitoarchery.com\/en\/product\/eleven-target-2%c2%bdd-pear-archery-target\/","name":"Eleven Target 2\u00bdD Pear Archery Target - MoitoArchery","isPartOf":{"@id":"https:\/\/moitoarchery.com\/en\/#website"},"primaryImageOfPage":{"@id":"https:\/\/moitoarchery.com\/en\/product\/eleven-target-2%c2%bdd-pear-archery-target\/#primaryimage"},"image":{"@id":"https:\/\/moitoarchery.com\/en\/product\/eleven-target-2%c2%bdd-pear-archery-target\/#primaryimage"},"thumbnailUrl":"https:\/\/moitoarchery.com\/wp-content\/uploads\/2026\/03\/diana-eleven-pera2\u00bd-2.jpg","datePublished":"2026-03-26T08:51:53+00:00","description":"El Parapeto Eleven Target 2\u00bdD Pera es una diana de entrenamiento dise\u00f1ada para mejorar la precisi\u00f3n y el control en el tiro con arco. A diferencia de los modelos con siluetas de animales, este parapeto presenta un dise\u00f1o cl\u00e1sico en forma de pera con m\u00faltiples zonas de puntuaci\u00f3n, ideal para pr\u00e1cticas t\u00e9cnicas y progresivas.","breadcrumb":{"@id":"https:\/\/moitoarchery.com\/en\/product\/eleven-target-2%c2%bdd-pear-archery-target\/#breadcrumb"},"inLanguage":"en-US","potentialAction":[{"@type":"ReadAction","target":["https:\/\/moitoarchery.com\/en\/product\/eleven-target-2%c2%bdd-pear-archery-target\/"]}]},{"@type":"ImageObject","inLanguage":"en-US","@id":"https:\/\/moitoarchery.com\/en\/product\/eleven-target-2%c2%bdd-pear-archery-target\/#primaryimage","url":"https:\/\/moitoarchery.com\/wp-content\/uploads\/2026\/03\/diana-eleven-pera2\u00bd-2.jpg","contentUrl":"https:\/\/moitoarchery.com\/wp-content\/uploads\/2026\/03\/diana-eleven-pera2\u00bd-2.jpg","width":800,"height":800},{"@type":"BreadcrumbList","@id":"https:\/\/moitoarchery.com\/en\/product\/eleven-target-2%c2%bdd-pear-archery-target\/#breadcrumb","itemListElement":[{"@type":"ListItem","position":1,"name":"Portada","item":"https:\/\/moitoarchery.com\/en\/"},{"@type":"ListItem","position":2,"name":"Shop","item":"https:\/\/moitoarchery.com\/en\/shop\/"},{"@type":"ListItem","position":3,"name":"Eleven Target 2\u00bdD Pear Archery Target"}]},{"@type":"WebSite","@id":"https:\/\/moitoarchery.com\/en\/#website","url":"https:\/\/moitoarchery.com\/en\/","name":"MoitoArchery","description":"Tienda de Tiro con arco","publisher":{"@id":"https:\/\/moitoarchery.com\/en\/#organization"},"potentialAction":[{"@type":"SearchAction","target":{"@type":"EntryPoint","urlTemplate":"https:\/\/moitoarchery.com\/en\/?s={search_term_string}"},"query-input":{"@type":"PropertyValueSpecification","valueRequired":true,"valueName":"search_term_string"}}],"inLanguage":"en-US"},{"@type":"Organization","@id":"https:\/\/moitoarchery.com\/en\/#organization","name":"MoitoArchery","url":"https:\/\/moitoarchery.com\/en\/","logo":{"@type":"ImageObject","inLanguage":"en-US","@id":"https:\/\/moitoarchery.com\/en\/#\/schema\/logo\/image\/","url":"https:\/\/moitoarchery.com\/wp-content\/uploads\/2020\/09\/logotipo-moitoarchery.png","contentUrl":"https:\/\/moitoarchery.com\/wp-content\/uploads\/2020\/09\/logotipo-moitoarchery.png","width":300,"height":66,"caption":"MoitoArchery"},"image":{"@id":"https:\/\/moitoarchery.com\/en\/#\/schema\/logo\/image\/"},"sameAs":["https:\/\/www.facebook.com\/arqueriaOnline\/","https:\/\/www.instagram.com\/moitoarchery\/","https:\/\/www.youtube.com\/channel\/UCvmj39gVUIKVoJJ6vQC9GPA\/"]}]}},"_links":{"self":[{"href":"https:\/\/moitoarchery.com\/en\/wp-json\/wp\/v2\/product\/135053","targetHints":{"allow":["GET"]}}],"collection":[{"href":"https:\/\/moitoarchery.com\/en\/wp-json\/wp\/v2\/product"}],"about":[{"href":"https:\/\/moitoarchery.com\/en\/wp-json\/wp\/v2\/types\/product"}],"replies":[{"embeddable":true,"href":"https:\/\/moitoarchery.com\/en\/wp-json\/wp\/v2\/comments?post=135053"}],"version-history":[{"count":0,"href":"https:\/\/moitoarchery.com\/en\/wp-json\/wp\/v2\/product\/135053\/revisions"}],"wp:featuredmedia":[{"embeddable":true,"href":"https:\/\/moitoarchery.com\/en\/wp-json\/wp\/v2\/media\/130093"}],"wp:attachment":[{"href":"https:\/\/moitoarchery.com\/en\/wp-json\/wp\/v2\/media?parent=135053"}],"wp:term":[{"taxonomy":"product_brand","embeddable":true,"href":"https:\/\/moitoarchery.com\/en\/wp-json\/wp\/v2\/product_brand?post=135053"},{"taxonomy":"product_cat","embeddable":true,"href":"https:\/\/moitoarchery.com\/en\/wp-json\/wp\/v2\/product_cat?post=135053"},{"taxonomy":"product_tag","embeddable":true,"href":"https:\/\/moitoarchery.com\/en\/wp-json\/wp\/v2\/product_tag?post=135053"}],"curies":[{"name":"wp","href":"https:\/\/api.w.org\/{rel}","templated":true}]}}