{"id":134986,"date":"2026-04-30T10:56:26","date_gmt":"2026-04-30T08:56:26","guid":{"rendered":"https:\/\/moitoarchery.com\/?post_type=product&#038;p=134986"},"modified":"2026-04-30T11:12:45","modified_gmt":"2026-04-30T09:12:45","slug":"reposaflechas-para-arco-compuesto-drop-away-rak-ims","status":"publish","type":"product","link":"https:\/\/moitoarchery.com\/en\/product\/reposaflechas-para-arco-compuesto-drop-away-rak-ims\/","title":{"rendered":"Reposaflechas para arco compuesto Drop Away RAK IMS"},"content":{"rendered":"<p data-start=\"158\" data-end=\"355\">El <strong data-start=\"161\" data-end=\"208\">reposaflechas Drop Away RAK Limb Driven IMS<\/strong> es una opci\u00f3n de alto rendimiento dise\u00f1ada para arqueros de arco compuesto que buscan m\u00e1xima precisi\u00f3n, fiabilidad y consistencia en cada disparo.<\/p>\n<p data-start=\"357\" data-end=\"646\">Su sistema <strong data-start=\"368\" data-end=\"404\">limb driven (accionado por pala)<\/strong> garantiza una sincronizaci\u00f3n m\u00e1s precisa que los sistemas tradicionales por cable, proporcionando una ca\u00edda r\u00e1pida y limpia del soporte tras el disparo. Esto reduce al m\u00ednimo el contacto con la flecha, mejorando la agrupaci\u00f3n y la velocidad.<\/p>\n<p data-start=\"648\" data-end=\"812\">El montaje <strong data-start=\"659\" data-end=\"695\">IMS (Integrated Mounting System)<\/strong> permite una instalaci\u00f3n m\u00e1s integrada y segura en arcos compatibles, reduciendo vibraciones y optimizando el ajuste.<\/p>\n<hr data-start=\"814\" data-end=\"817\" \/>\n<h3 data-section-id=\"zmewqp\" data-start=\"819\" data-end=\"850\">Caracter\u00edsticas principales<\/h3>\n<ul data-start=\"852\" data-end=\"1093\">\n<li data-section-id=\"jteyc4\" data-start=\"852\" data-end=\"903\"><strong data-start=\"857\" data-end=\"866\">Tipo:<\/strong> Drop Away (reposaflechas de ca\u00edda)<\/li>\n<li data-section-id=\"4sqze3\" data-start=\"904\" data-end=\"956\"><strong data-start=\"909\" data-end=\"921\">Sistema:<\/strong> Limb Driven (accionado por pala)<\/li>\n<li data-section-id=\"2ha9o9\" data-start=\"957\" data-end=\"1009\"><strong data-start=\"962\" data-end=\"974\">Montaje:<\/strong> IMS (Integrated Mounting System) o Estandar (de rosca).<\/li>\n<li data-section-id=\"e8hd0d\" data-start=\"1010\" data-end=\"1038\"><strong data-start=\"1014\" data-end=\"1023\">Mano:<\/strong> Diestro (RH) o Zurdo (LH)<\/li>\n<li data-section-id=\"ehwqkq\" data-start=\"1039\" data-end=\"1062\"><strong data-start=\"1044\" data-end=\"1054\">Color:<\/strong> Negro<\/li>\n<li data-section-id=\"14uk5i6\" data-start=\"1063\" data-end=\"1093\"><strong data-start=\"1068\" data-end=\"1076\">Uso:<\/strong> Arco compuesto<\/li>\n<\/ul>\n<hr data-start=\"1095\" data-end=\"1098\" \/>\n<h3 data-section-id=\"1te6pev\" data-start=\"1100\" data-end=\"1136\">Ventajas del sistema Limb Driven<\/h3>\n<ul data-start=\"1138\" data-end=\"1351\">\n<li data-section-id=\"sq0u9e\" data-start=\"1138\" data-end=\"1192\">Mayor <strong data-start=\"1146\" data-end=\"1174\">precisi\u00f3n y consistencia<\/strong> en cada disparo<\/li>\n<li data-section-id=\"11l7p9e\" data-start=\"1193\" data-end=\"1239\">Ajuste independiente del cableado del arco<\/li>\n<li data-section-id=\"5meauz\" data-start=\"1240\" data-end=\"1295\">Activaci\u00f3n m\u00e1s fiable y menos sensible a desajustes<\/li>\n<li data-section-id=\"1x11wjz\" data-start=\"1296\" data-end=\"1351\">Ca\u00edda r\u00e1pida que evita interferencias con la flecha<\/li>\n<\/ul>\n<hr data-start=\"1353\" data-end=\"1356\" \/>\n<h3 data-section-id=\"4l90bu\" data-start=\"1358\" data-end=\"1394\">Beneficios del reposaflechas RAK<\/h3>\n<ul data-start=\"1396\" data-end=\"1591\">\n<li data-section-id=\"12vwj9o\" data-start=\"1396\" data-end=\"1440\">Mejora la <strong data-start=\"1408\" data-end=\"1438\">agrupaci\u00f3n de los disparos<\/strong><\/li>\n<li data-section-id=\"1d3787c\" data-start=\"1441\" data-end=\"1492\">Reduce el contacto y la desviaci\u00f3n de la flecha<\/li>\n<li data-section-id=\"hnzrch\" data-start=\"1493\" data-end=\"1538\">Instalaci\u00f3n s\u00f3lida gracias al sistema IMS<\/li>\n<li data-section-id=\"15ddpeo\" data-start=\"1539\" data-end=\"1591\">Ideal para tiro de precisi\u00f3n, caza o competici\u00f3n<\/li>\n<\/ul>\n<hr data-start=\"1593\" data-end=\"1596\" \/>\n<h3 data-section-id=\"1uxs4r7\" data-start=\"1598\" data-end=\"1636\">\u00bfPara qui\u00e9n es este reposaflechas?<\/h3>\n<p data-start=\"1638\" data-end=\"1652\">Perfecto para:<\/p>\n<ul data-start=\"1654\" data-end=\"1833\">\n<li data-section-id=\"1aj54rf\" data-start=\"1654\" data-end=\"1717\">Arqueros de <strong data-start=\"1668\" data-end=\"1686\">arco compuesto<\/strong> que buscan m\u00e1xima eficiencia<\/li>\n<li data-section-id=\"kco6kg\" data-start=\"1718\" data-end=\"1780\">Tiradores que quieren un sistema fiable y f\u00e1cil de ajustar<\/li>\n<li data-section-id=\"1y3t7rp\" data-start=\"1781\" data-end=\"1833\">Usuarios que priorizan precisi\u00f3n y repetibilidad<\/li>\n<\/ul>\n","protected":false},"excerpt":{"rendered":"<p data-start=\"158\" data-end=\"355\">El <strong data-start=\"161\" data-end=\"208\">reposaflechas Drop Away RAK Limb Driven IMS<\/strong> es una opci\u00f3n de alto rendimiento dise\u00f1ada para arqueros de arco compuesto que buscan m\u00e1xima precisi\u00f3n, fiabilidad y consistencia en cada disparo.<\/p>\n<p data-start=\"357\" data-end=\"646\">Su sistema <strong data-start=\"368\" data-end=\"404\">limb driven (accionado por pala)<\/strong> garantiza una sincronizaci\u00f3n m\u00e1s precisa que los sistemas tradicionales por cable, proporcionando una ca\u00edda r\u00e1pida y limpia del soporte tras el disparo. Esto reduce al m\u00ednimo el contacto con la flecha, mejorando la agrupaci\u00f3n y la velocidad.<\/p>\n<p data-start=\"648\" data-end=\"812\">El montaje <strong data-start=\"659\" data-end=\"695\">IMS (Integrated Mounting System)<\/strong> permite una instalaci\u00f3n m\u00e1s integrada y segura en arcos compatibles, reduciendo vibraciones y optimizando el ajuste.<\/p>\n","protected":false},"featured_media":134989,"comment_status":"open","ping_status":"closed","template":"","meta":{"_acf_changed":false},"product_brand":[4187],"product_cat":[1334,180,110],"product_tag":[],"class_list":{"0":"post-134986","1":"product","2":"type-product","3":"status-publish","4":"has-post-thumbnail","6":"product_brand-ripcord","7":"product_cat-de-caida","8":"product_cat-arco-de-poleas-reposaflechas","9":"product_cat-reposaflechas","11":"first","12":"onbackorder","13":"sale","14":"taxable","15":"shipping-taxable","16":"purchasable","17":"product-type-variable"},"acf":[],"yoast_head":"<!-- This site is optimized with the Yoast SEO plugin v27.5 - https:\/\/yoast.com\/product\/yoast-seo-wordpress\/ -->\n<title>Reposaflechas para arco compuesto Drop Away RAK IMS - MoitoArchery<\/title>\n<meta name=\"description\" content=\"El reposaflechas Drop Away RAK Limb Driven IMS es una opci\u00f3n de alto rendimiento dise\u00f1ada para arqueros de arco compuesto que buscan m\u00e1xima precisi\u00f3n, fiabilidad y consistencia en cada disparo.Su sistema limb driven (accionado por pala) garantiza una sincronizaci\u00f3n m\u00e1s precisa que los sistemas tradicionales por cable, proporcionando una ca\u00edda r\u00e1pida y limpia del soporte tras el disparo. Esto reduce al m\u00ednimo el contacto con la flecha, mejorando la agrupaci\u00f3n y la velocidad.El montaje IMS (Integrated Mounting System) permite una instalaci\u00f3n m\u00e1s integrada y segura en arcos compatibles, reduciendo vibraciones y optimizando el ajuste.\" \/>\n<meta name=\"robots\" content=\"index, follow, max-snippet:-1, max-image-preview:large, max-video-preview:-1\" \/>\n<link rel=\"canonical\" href=\"https:\/\/moitoarchery.com\/en\/product\/reposaflechas-para-arco-compuesto-drop-away-rak-ims\/\" \/>\n<meta property=\"og:locale\" content=\"en_US\" \/>\n<meta property=\"og:type\" content=\"article\" \/>\n<meta property=\"og:title\" content=\"Reposaflechas para arco compuesto Drop Away RAK IMS - MoitoArchery\" \/>\n<meta property=\"og:description\" content=\"El reposaflechas Drop Away RAK Limb Driven IMS es una opci\u00f3n de alto rendimiento dise\u00f1ada para arqueros de arco compuesto que buscan m\u00e1xima precisi\u00f3n, fiabilidad y consistencia en cada disparo.Su sistema limb driven (accionado por pala) garantiza una sincronizaci\u00f3n m\u00e1s precisa que los sistemas tradicionales por cable, proporcionando una ca\u00edda r\u00e1pida y limpia del soporte tras el disparo. Esto reduce al m\u00ednimo el contacto con la flecha, mejorando la agrupaci\u00f3n y la velocidad.El montaje IMS (Integrated Mounting System) permite una instalaci\u00f3n m\u00e1s integrada y segura en arcos compatibles, reduciendo vibraciones y optimizando el ajuste.\" \/>\n<meta property=\"og:url\" content=\"https:\/\/moitoarchery.com\/en\/product\/reposaflechas-para-arco-compuesto-drop-away-rak-ims\/\" \/>\n<meta property=\"og:site_name\" content=\"MoitoArchery\" \/>\n<meta property=\"article:publisher\" content=\"https:\/\/www.facebook.com\/arqueriaOnline\/\" \/>\n<meta property=\"article:modified_time\" content=\"2026-04-30T09:12:45+00:00\" \/>\n<meta property=\"og:image\" content=\"https:\/\/moitoarchery.com\/wp-content\/uploads\/2026\/04\/Respoaflechas-Rak-IMS.jpg\" \/>\n\t<meta property=\"og:image:width\" content=\"800\" \/>\n\t<meta property=\"og:image:height\" content=\"800\" \/>\n\t<meta property=\"og:image:type\" content=\"image\/jpeg\" \/>\n<meta name=\"twitter:card\" content=\"summary_large_image\" \/>\n<meta name=\"twitter:label1\" content=\"Est. reading time\" \/>\n\t<meta name=\"twitter:data1\" content=\"2 minutes\" \/>\n<script type=\"application\/ld+json\" class=\"yoast-schema-graph\">{\"@context\":\"https:\\\/\\\/schema.org\",\"@graph\":[{\"@type\":\"WebPage\",\"@id\":\"https:\\\/\\\/moitoarchery.com\\\/en\\\/product\\\/reposaflechas-para-arco-compuesto-drop-away-rak-ims\\\/\",\"url\":\"https:\\\/\\\/moitoarchery.com\\\/en\\\/product\\\/reposaflechas-para-arco-compuesto-drop-away-rak-ims\\\/\",\"name\":\"Reposaflechas para arco compuesto Drop Away RAK IMS - MoitoArchery\",\"isPartOf\":{\"@id\":\"https:\\\/\\\/moitoarchery.com\\\/en\\\/#website\"},\"primaryImageOfPage\":{\"@id\":\"https:\\\/\\\/moitoarchery.com\\\/en\\\/product\\\/reposaflechas-para-arco-compuesto-drop-away-rak-ims\\\/#primaryimage\"},\"image\":{\"@id\":\"https:\\\/\\\/moitoarchery.com\\\/en\\\/product\\\/reposaflechas-para-arco-compuesto-drop-away-rak-ims\\\/#primaryimage\"},\"thumbnailUrl\":\"https:\\\/\\\/moitoarchery.com\\\/wp-content\\\/uploads\\\/2026\\\/04\\\/Respoaflechas-Rak-IMS.jpg\",\"datePublished\":\"2026-04-30T08:56:26+00:00\",\"dateModified\":\"2026-04-30T09:12:45+00:00\",\"description\":\"El reposaflechas Drop Away RAK Limb Driven IMS es una opci\u00f3n de alto rendimiento dise\u00f1ada para arqueros de arco compuesto que buscan m\u00e1xima precisi\u00f3n, fiabilidad y consistencia en cada disparo.Su sistema limb driven (accionado por pala) garantiza una sincronizaci\u00f3n m\u00e1s precisa que los sistemas tradicionales por cable, proporcionando una ca\u00edda r\u00e1pida y limpia del soporte tras el disparo. Esto reduce al m\u00ednimo el contacto con la flecha, mejorando la agrupaci\u00f3n y la velocidad.El montaje IMS (Integrated Mounting System) permite una instalaci\u00f3n m\u00e1s integrada y segura en arcos compatibles, reduciendo vibraciones y optimizando el ajuste.\",\"breadcrumb\":{\"@id\":\"https:\\\/\\\/moitoarchery.com\\\/en\\\/product\\\/reposaflechas-para-arco-compuesto-drop-away-rak-ims\\\/#breadcrumb\"},\"inLanguage\":\"en-US\",\"potentialAction\":[{\"@type\":\"ReadAction\",\"target\":[\"https:\\\/\\\/moitoarchery.com\\\/en\\\/product\\\/reposaflechas-para-arco-compuesto-drop-away-rak-ims\\\/\"]}]},{\"@type\":\"ImageObject\",\"inLanguage\":\"en-US\",\"@id\":\"https:\\\/\\\/moitoarchery.com\\\/en\\\/product\\\/reposaflechas-para-arco-compuesto-drop-away-rak-ims\\\/#primaryimage\",\"url\":\"https:\\\/\\\/moitoarchery.com\\\/wp-content\\\/uploads\\\/2026\\\/04\\\/Respoaflechas-Rak-IMS.jpg\",\"contentUrl\":\"https:\\\/\\\/moitoarchery.com\\\/wp-content\\\/uploads\\\/2026\\\/04\\\/Respoaflechas-Rak-IMS.jpg\",\"width\":800,\"height\":800,\"caption\":\"Reposaflechas para arco compuesto Drop Away RAK IMS\"},{\"@type\":\"BreadcrumbList\",\"@id\":\"https:\\\/\\\/moitoarchery.com\\\/en\\\/product\\\/reposaflechas-para-arco-compuesto-drop-away-rak-ims\\\/#breadcrumb\",\"itemListElement\":[{\"@type\":\"ListItem\",\"position\":1,\"name\":\"Portada\",\"item\":\"https:\\\/\\\/moitoarchery.com\\\/en\\\/\"},{\"@type\":\"ListItem\",\"position\":2,\"name\":\"Shop\",\"item\":\"https:\\\/\\\/moitoarchery.com\\\/en\\\/shop\\\/\"},{\"@type\":\"ListItem\",\"position\":3,\"name\":\"Reposaflechas para arco compuesto Drop Away RAK IMS\"}]},{\"@type\":\"WebSite\",\"@id\":\"https:\\\/\\\/moitoarchery.com\\\/en\\\/#website\",\"url\":\"https:\\\/\\\/moitoarchery.com\\\/en\\\/\",\"name\":\"MoitoArchery\",\"description\":\"Tienda de Tiro con arco\",\"publisher\":{\"@id\":\"https:\\\/\\\/moitoarchery.com\\\/en\\\/#organization\"},\"potentialAction\":[{\"@type\":\"SearchAction\",\"target\":{\"@type\":\"EntryPoint\",\"urlTemplate\":\"https:\\\/\\\/moitoarchery.com\\\/en\\\/?s={search_term_string}\"},\"query-input\":{\"@type\":\"PropertyValueSpecification\",\"valueRequired\":true,\"valueName\":\"search_term_string\"}}],\"inLanguage\":\"en-US\"},{\"@type\":\"Organization\",\"@id\":\"https:\\\/\\\/moitoarchery.com\\\/en\\\/#organization\",\"name\":\"MoitoArchery\",\"url\":\"https:\\\/\\\/moitoarchery.com\\\/en\\\/\",\"logo\":{\"@type\":\"ImageObject\",\"inLanguage\":\"en-US\",\"@id\":\"https:\\\/\\\/moitoarchery.com\\\/en\\\/#\\\/schema\\\/logo\\\/image\\\/\",\"url\":\"https:\\\/\\\/moitoarchery.com\\\/wp-content\\\/uploads\\\/2020\\\/09\\\/logotipo-moitoarchery.png\",\"contentUrl\":\"https:\\\/\\\/moitoarchery.com\\\/wp-content\\\/uploads\\\/2020\\\/09\\\/logotipo-moitoarchery.png\",\"width\":300,\"height\":66,\"caption\":\"MoitoArchery\"},\"image\":{\"@id\":\"https:\\\/\\\/moitoarchery.com\\\/en\\\/#\\\/schema\\\/logo\\\/image\\\/\"},\"sameAs\":[\"https:\\\/\\\/www.facebook.com\\\/arqueriaOnline\\\/\",\"https:\\\/\\\/www.instagram.com\\\/moitoarchery\\\/\",\"https:\\\/\\\/www.youtube.com\\\/channel\\\/UCvmj39gVUIKVoJJ6vQC9GPA\\\/\"]}]}<\/script>\n<!-- \/ Yoast SEO plugin. -->","yoast_head_json":{"title":"Reposaflechas para arco compuesto Drop Away RAK IMS - MoitoArchery","description":"El reposaflechas Drop Away RAK Limb Driven IMS es una opci\u00f3n de alto rendimiento dise\u00f1ada para arqueros de arco compuesto que buscan m\u00e1xima precisi\u00f3n, fiabilidad y consistencia en cada disparo.Su sistema limb driven (accionado por pala) garantiza una sincronizaci\u00f3n m\u00e1s precisa que los sistemas tradicionales por cable, proporcionando una ca\u00edda r\u00e1pida y limpia del soporte tras el disparo. Esto reduce al m\u00ednimo el contacto con la flecha, mejorando la agrupaci\u00f3n y la velocidad.El montaje IMS (Integrated Mounting System) permite una instalaci\u00f3n m\u00e1s integrada y segura en arcos compatibles, reduciendo vibraciones y optimizando el ajuste.","robots":{"index":"index","follow":"follow","max-snippet":"max-snippet:-1","max-image-preview":"max-image-preview:large","max-video-preview":"max-video-preview:-1"},"canonical":"https:\/\/moitoarchery.com\/en\/product\/reposaflechas-para-arco-compuesto-drop-away-rak-ims\/","og_locale":"en_US","og_type":"article","og_title":"Reposaflechas para arco compuesto Drop Away RAK IMS - MoitoArchery","og_description":"El reposaflechas Drop Away RAK Limb Driven IMS es una opci\u00f3n de alto rendimiento dise\u00f1ada para arqueros de arco compuesto que buscan m\u00e1xima precisi\u00f3n, fiabilidad y consistencia en cada disparo.Su sistema limb driven (accionado por pala) garantiza una sincronizaci\u00f3n m\u00e1s precisa que los sistemas tradicionales por cable, proporcionando una ca\u00edda r\u00e1pida y limpia del soporte tras el disparo. Esto reduce al m\u00ednimo el contacto con la flecha, mejorando la agrupaci\u00f3n y la velocidad.El montaje IMS (Integrated Mounting System) permite una instalaci\u00f3n m\u00e1s integrada y segura en arcos compatibles, reduciendo vibraciones y optimizando el ajuste.","og_url":"https:\/\/moitoarchery.com\/en\/product\/reposaflechas-para-arco-compuesto-drop-away-rak-ims\/","og_site_name":"MoitoArchery","article_publisher":"https:\/\/www.facebook.com\/arqueriaOnline\/","article_modified_time":"2026-04-30T09:12:45+00:00","og_image":[{"width":800,"height":800,"url":"https:\/\/moitoarchery.com\/wp-content\/uploads\/2026\/04\/Respoaflechas-Rak-IMS.jpg","type":"image\/jpeg"}],"twitter_card":"summary_large_image","twitter_misc":{"Est. reading time":"2 minutes"},"schema":{"@context":"https:\/\/schema.org","@graph":[{"@type":"WebPage","@id":"https:\/\/moitoarchery.com\/en\/product\/reposaflechas-para-arco-compuesto-drop-away-rak-ims\/","url":"https:\/\/moitoarchery.com\/en\/product\/reposaflechas-para-arco-compuesto-drop-away-rak-ims\/","name":"Reposaflechas para arco compuesto Drop Away RAK IMS - MoitoArchery","isPartOf":{"@id":"https:\/\/moitoarchery.com\/en\/#website"},"primaryImageOfPage":{"@id":"https:\/\/moitoarchery.com\/en\/product\/reposaflechas-para-arco-compuesto-drop-away-rak-ims\/#primaryimage"},"image":{"@id":"https:\/\/moitoarchery.com\/en\/product\/reposaflechas-para-arco-compuesto-drop-away-rak-ims\/#primaryimage"},"thumbnailUrl":"https:\/\/moitoarchery.com\/wp-content\/uploads\/2026\/04\/Respoaflechas-Rak-IMS.jpg","datePublished":"2026-04-30T08:56:26+00:00","dateModified":"2026-04-30T09:12:45+00:00","description":"El reposaflechas Drop Away RAK Limb Driven IMS es una opci\u00f3n de alto rendimiento dise\u00f1ada para arqueros de arco compuesto que buscan m\u00e1xima precisi\u00f3n, fiabilidad y consistencia en cada disparo.Su sistema limb driven (accionado por pala) garantiza una sincronizaci\u00f3n m\u00e1s precisa que los sistemas tradicionales por cable, proporcionando una ca\u00edda r\u00e1pida y limpia del soporte tras el disparo. Esto reduce al m\u00ednimo el contacto con la flecha, mejorando la agrupaci\u00f3n y la velocidad.El montaje IMS (Integrated Mounting System) permite una instalaci\u00f3n m\u00e1s integrada y segura en arcos compatibles, reduciendo vibraciones y optimizando el ajuste.","breadcrumb":{"@id":"https:\/\/moitoarchery.com\/en\/product\/reposaflechas-para-arco-compuesto-drop-away-rak-ims\/#breadcrumb"},"inLanguage":"en-US","potentialAction":[{"@type":"ReadAction","target":["https:\/\/moitoarchery.com\/en\/product\/reposaflechas-para-arco-compuesto-drop-away-rak-ims\/"]}]},{"@type":"ImageObject","inLanguage":"en-US","@id":"https:\/\/moitoarchery.com\/en\/product\/reposaflechas-para-arco-compuesto-drop-away-rak-ims\/#primaryimage","url":"https:\/\/moitoarchery.com\/wp-content\/uploads\/2026\/04\/Respoaflechas-Rak-IMS.jpg","contentUrl":"https:\/\/moitoarchery.com\/wp-content\/uploads\/2026\/04\/Respoaflechas-Rak-IMS.jpg","width":800,"height":800,"caption":"Reposaflechas para arco compuesto Drop Away RAK IMS"},{"@type":"BreadcrumbList","@id":"https:\/\/moitoarchery.com\/en\/product\/reposaflechas-para-arco-compuesto-drop-away-rak-ims\/#breadcrumb","itemListElement":[{"@type":"ListItem","position":1,"name":"Portada","item":"https:\/\/moitoarchery.com\/en\/"},{"@type":"ListItem","position":2,"name":"Shop","item":"https:\/\/moitoarchery.com\/en\/shop\/"},{"@type":"ListItem","position":3,"name":"Reposaflechas para arco compuesto Drop Away RAK IMS"}]},{"@type":"WebSite","@id":"https:\/\/moitoarchery.com\/en\/#website","url":"https:\/\/moitoarchery.com\/en\/","name":"MoitoArchery","description":"Tienda de Tiro con arco","publisher":{"@id":"https:\/\/moitoarchery.com\/en\/#organization"},"potentialAction":[{"@type":"SearchAction","target":{"@type":"EntryPoint","urlTemplate":"https:\/\/moitoarchery.com\/en\/?s={search_term_string}"},"query-input":{"@type":"PropertyValueSpecification","valueRequired":true,"valueName":"search_term_string"}}],"inLanguage":"en-US"},{"@type":"Organization","@id":"https:\/\/moitoarchery.com\/en\/#organization","name":"MoitoArchery","url":"https:\/\/moitoarchery.com\/en\/","logo":{"@type":"ImageObject","inLanguage":"en-US","@id":"https:\/\/moitoarchery.com\/en\/#\/schema\/logo\/image\/","url":"https:\/\/moitoarchery.com\/wp-content\/uploads\/2020\/09\/logotipo-moitoarchery.png","contentUrl":"https:\/\/moitoarchery.com\/wp-content\/uploads\/2020\/09\/logotipo-moitoarchery.png","width":300,"height":66,"caption":"MoitoArchery"},"image":{"@id":"https:\/\/moitoarchery.com\/en\/#\/schema\/logo\/image\/"},"sameAs":["https:\/\/www.facebook.com\/arqueriaOnline\/","https:\/\/www.instagram.com\/moitoarchery\/","https:\/\/www.youtube.com\/channel\/UCvmj39gVUIKVoJJ6vQC9GPA\/"]}]}},"_links":{"self":[{"href":"https:\/\/moitoarchery.com\/en\/wp-json\/wp\/v2\/product\/134986","targetHints":{"allow":["GET"]}}],"collection":[{"href":"https:\/\/moitoarchery.com\/en\/wp-json\/wp\/v2\/product"}],"about":[{"href":"https:\/\/moitoarchery.com\/en\/wp-json\/wp\/v2\/types\/product"}],"replies":[{"embeddable":true,"href":"https:\/\/moitoarchery.com\/en\/wp-json\/wp\/v2\/comments?post=134986"}],"version-history":[{"count":3,"href":"https:\/\/moitoarchery.com\/en\/wp-json\/wp\/v2\/product\/134986\/revisions"}],"predecessor-version":[{"id":135001,"href":"https:\/\/moitoarchery.com\/en\/wp-json\/wp\/v2\/product\/134986\/revisions\/135001"}],"wp:featuredmedia":[{"embeddable":true,"href":"https:\/\/moitoarchery.com\/en\/wp-json\/wp\/v2\/media\/134989"}],"wp:attachment":[{"href":"https:\/\/moitoarchery.com\/en\/wp-json\/wp\/v2\/media?parent=134986"}],"wp:term":[{"taxonomy":"product_brand","embeddable":true,"href":"https:\/\/moitoarchery.com\/en\/wp-json\/wp\/v2\/product_brand?post=134986"},{"taxonomy":"product_cat","embeddable":true,"href":"https:\/\/moitoarchery.com\/en\/wp-json\/wp\/v2\/product_cat?post=134986"},{"taxonomy":"product_tag","embeddable":true,"href":"https:\/\/moitoarchery.com\/en\/wp-json\/wp\/v2\/product_tag?post=134986"}],"curies":[{"name":"wp","href":"https:\/\/api.w.org\/{rel}","templated":true}]}}