{"id":134976,"date":"2026-04-30T10:43:17","date_gmt":"2026-04-30T08:43:17","guid":{"rendered":"https:\/\/moitoarchery.com\/?post_type=product&#038;p=134976"},"modified":"2026-04-30T10:43:18","modified_gmt":"2026-04-30T08:43:18","slug":"cuerpo-gillo-g1-n-25-rh","status":"publish","type":"product","link":"https:\/\/moitoarchery.com\/en\/product\/cuerpo-gillo-g1-n-25-rh\/","title":{"rendered":"Cuerpo Gillo G1 N 25&#8243; RH"},"content":{"rendered":"<p data-start=\"222\" data-end=\"432\">El <strong data-start=\"225\" data-end=\"246\">GILLO G1N 25\u201d ILF<\/strong> es un cuerpo de alto rendimiento dise\u00f1ado para arqueros que buscan m\u00e1xima precisi\u00f3n, estabilidad y capacidad de personalizaci\u00f3n, tanto en arco recurvo ol\u00edmpico como en modalidad barebow.<\/p>\n<p data-start=\"434\" data-end=\"695\">Fabricado mediante mecanizado <strong data-start=\"464\" data-end=\"496\">Full CNC en aluminio 6065 T6<\/strong>, ofrece una estructura s\u00f3lida, duradera y perfectamente equilibrada. Su geometr\u00eda deflex sim\u00e9trica de 43 mm mejora la estabilidad en el disparo y proporciona una sensaci\u00f3n suave durante la apertura.<\/p>\n<p data-start=\"697\" data-end=\"1021\">Gracias a su sistema <strong data-start=\"718\" data-end=\"754\">ILF (International Limb Fitting)<\/strong>, es compatible con palas de pr\u00e1cticamente cualquier marca, permitiendo una gran flexibilidad en la configuraci\u00f3n del arco. Adem\u00e1s, incorpora m\u00faltiples puntos de fijaci\u00f3n para estabilizadores y sistemas de pesos, ideal para ajustar el balance seg\u00fan el estilo de tiro.<\/p>\n<hr data-start=\"1023\" data-end=\"1026\" \/>\n<h3 data-section-id=\"zmewqp\" data-start=\"1028\" data-end=\"1059\">Caracter\u00edsticas principales<\/h3>\n<ul data-start=\"1061\" data-end=\"1533\">\n<li data-section-id=\"8nv3ij\" data-start=\"1061\" data-end=\"1093\"><strong data-start=\"1099\" data-end=\"1112\">Longitud:<\/strong> 25 pulgadas<\/li>\n<li data-section-id=\"5ef8g1\" data-start=\"1127\" data-end=\"1167\"><strong>Ti<\/strong><strong data-start=\"1132\" data-end=\"1141\">po:<\/strong> Riser recurvo \/ barebow<\/li>\n<li data-section-id=\"ajf95d\" data-start=\"1168\" data-end=\"1212\"><strong data-start=\"1173\" data-end=\"1194\">Sistema de palas:<\/strong> ILF (universal)<\/li>\n<li data-section-id=\"13s2wt2\" data-start=\"1213\" data-end=\"1265\"><strong data-start=\"1218\" data-end=\"1231\">Material:<\/strong> Aluminio 6065 T6 mecanizado CNC<\/li>\n<li data-section-id=\"8s4kvk\" data-start=\"1266\" data-end=\"1330\"><strong data-start=\"1271\" data-end=\"1296\">Placas de alineaci\u00f3n:<\/strong> Aluminio 7075 de alta precisi\u00f3n<\/li>\n<li data-section-id=\"1vfvyko\" data-start=\"1331\" data-end=\"1391\"><strong data-start=\"1336\" data-end=\"1355\">Compatibilidad:<\/strong> Todos los pesos y configuraciones<\/li>\n<li data-section-id=\"kwrmbc\" data-start=\"1392\" data-end=\"1452\"><strong data-start=\"1397\" data-end=\"1422\">Roscas estabilizador:<\/strong> 5\/16-24 (frontal y trasera)<\/li>\n<li data-section-id=\"3574f9\" data-start=\"1453\" data-end=\"1508\"><strong data-start=\"1457\" data-end=\"1472\">Empu\u00f1adura:<\/strong> Madera laminada slim (ergon\u00f3mica)<\/li>\n<li data-section-id=\"q8huv2\" data-start=\"1509\" data-end=\"1533\"><strong data-start=\"1514\" data-end=\"1523\">Mano:<\/strong> Diestro<\/li>\n<\/ul>\n<hr data-start=\"1535\" data-end=\"1538\" \/>\n<h3 data-section-id=\"puor6q\" data-start=\"1540\" data-end=\"1566\">Ventajas del GILLO G1N<\/h3>\n<ul data-start=\"1568\" data-end=\"1886\">\n<li data-section-id=\"gy0irz\" data-start=\"1568\" data-end=\"1634\">Excelente <strong data-start=\"1580\" data-end=\"1605\">estabilidad y control<\/strong> gracias a su dise\u00f1o deflex<\/li>\n<li data-section-id=\"cbibu0\" data-start=\"1635\" data-end=\"1691\">Gran capacidad de ajuste con sistemas de pesos GILLO<\/li>\n<li data-section-id=\"jbyjxg\" data-start=\"1692\" data-end=\"1756\">Ideal tanto para <strong data-start=\"1711\" data-end=\"1754\">competici\u00f3n como entrenamiento avanzado<\/strong><\/li>\n<li data-section-id=\"6ie7n1\" data-start=\"1757\" data-end=\"1821\">Compatible con m\u00faltiples configuraciones (recurvo y barebow)<\/li>\n<li data-section-id=\"hxphf2\" data-start=\"1822\" data-end=\"1886\">Construcci\u00f3n premium con acabados anodizados de alta calidad<\/li>\n<\/ul>\n<hr data-start=\"1888\" data-end=\"1891\" \/>\n<h3 data-section-id=\"7gy6f4\" data-start=\"1893\" data-end=\"1923\">\u00bfPara qui\u00e9n es este riser?<\/h3>\n<p data-start=\"1925\" data-end=\"1960\">El GILLO G1N est\u00e1 recomendado para:<\/p>\n<ul data-start=\"1962\" data-end=\"2216\">\n<li data-section-id=\"1ky5vl6\" data-start=\"1962\" data-end=\"2005\">Arqueros de nivel intermedio a avanzado<\/li>\n<li data-section-id=\"7yn307\" data-start=\"2006\" data-end=\"2073\">Tiradores de <strong data-start=\"2021\" data-end=\"2032\">barebow<\/strong> que buscan equilibrio y peso ajustable<\/li>\n<li data-section-id=\"1ostes1\" data-start=\"2074\" data-end=\"2150\">Usuarios que quieren un cuerpo vers\u00e1til compatible con cualquier pala ILF<\/li>\n<li data-section-id=\"17igams\" data-start=\"2151\" data-end=\"2216\">Deportistas que valoran precisi\u00f3n, robustez y personalizaci\u00f3n<\/li>\n<\/ul>\n","protected":false},"excerpt":{"rendered":"<p data-start=\"222\" data-end=\"432\">El <strong data-start=\"225\" data-end=\"246\">GILLO G1N 25\u201d ILF<\/strong> es un cuerpo de alto rendimiento dise\u00f1ado para arqueros que buscan m\u00e1xima precisi\u00f3n, estabilidad y capacidad de personalizaci\u00f3n, tanto en arco recurvo ol\u00edmpico como en modalidad barebow.<\/p>\n<p data-start=\"434\" data-end=\"695\">Fabricado mediante mecanizado <strong data-start=\"464\" data-end=\"496\">Full CNC en aluminio 6065 T6<\/strong>, ofrece una estructura s\u00f3lida, duradera y perfectamente equilibrada. Su geometr\u00eda deflex sim\u00e9trica de 43 mm mejora la estabilidad en el disparo y proporciona una sensaci\u00f3n suave durante la apertura.<\/p>\n<p data-start=\"697\" data-end=\"1021\">Gracias a su sistema <strong data-start=\"718\" data-end=\"754\">ILF (International Limb Fitting)<\/strong>, es compatible con palas de pr\u00e1cticamente cualquier marca, permitiendo una gran flexibilidad en la configuraci\u00f3n del arco. Adem\u00e1s, incorpora m\u00faltiples puntos de fijaci\u00f3n para estabilizadores y sistemas de pesos, ideal para ajustar el balance seg\u00fan el estilo de tiro.<\/p>\n","protected":false},"featured_media":134983,"comment_status":"open","ping_status":"closed","template":"","meta":{"_acf_changed":false},"product_brand":[4154],"product_cat":[105,143,400],"product_tag":[],"class_list":{"0":"post-134976","1":"product","2":"type-product","3":"status-publish","4":"has-post-thumbnail","6":"product_brand-gillo","7":"product_cat-arcos","8":"product_cat-arcos-olimpicos","9":"product_cat-cuerpo-para-arco","11":"first","12":"onbackorder","13":"sale","14":"taxable","15":"shipping-taxable","16":"purchasable","17":"product-type-variable"},"acf":[],"yoast_head":"<!-- This site is optimized with the Yoast SEO plugin v27.5 - https:\/\/yoast.com\/product\/yoast-seo-wordpress\/ -->\n<title>Cuerpo Gillo G1 N 25&quot; RH - MoitoArchery<\/title>\n<meta name=\"description\" content=\"El GILLO G1N 25\u201d ILF es un cuerpo de alto rendimiento dise\u00f1ado para arqueros que buscan m\u00e1xima precisi\u00f3n, estabilidad y capacidad de personalizaci\u00f3n, tanto en arco recurvo ol\u00edmpico como en modalidad barebow.Fabricado mediante mecanizado Full CNC en aluminio 6065 T6, ofrece una estructura s\u00f3lida, duradera y perfectamente equilibrada. Su geometr\u00eda deflex sim\u00e9trica de 43 mm mejora la estabilidad en el disparo y proporciona una sensaci\u00f3n suave durante la apertura.Gracias a su sistema ILF (International Limb Fitting), es compatible con palas de pr\u00e1cticamente cualquier marca, permitiendo una gran flexibilidad en la configuraci\u00f3n del arco. Adem\u00e1s, incorpora m\u00faltiples puntos de fijaci\u00f3n para estabilizadores y sistemas de pesos, ideal para ajustar el balance seg\u00fan el estilo de tiro.\" \/>\n<meta name=\"robots\" content=\"index, follow, max-snippet:-1, max-image-preview:large, max-video-preview:-1\" \/>\n<link rel=\"canonical\" href=\"https:\/\/moitoarchery.com\/en\/product\/cuerpo-gillo-g1-n-25-rh\/\" \/>\n<meta property=\"og:locale\" content=\"en_US\" \/>\n<meta property=\"og:type\" content=\"article\" \/>\n<meta property=\"og:title\" content=\"Cuerpo Gillo G1 N 25&quot; RH - MoitoArchery\" \/>\n<meta property=\"og:description\" content=\"El GILLO G1N 25\u201d ILF es un cuerpo de alto rendimiento dise\u00f1ado para arqueros que buscan m\u00e1xima precisi\u00f3n, estabilidad y capacidad de personalizaci\u00f3n, tanto en arco recurvo ol\u00edmpico como en modalidad barebow.Fabricado mediante mecanizado Full CNC en aluminio 6065 T6, ofrece una estructura s\u00f3lida, duradera y perfectamente equilibrada. Su geometr\u00eda deflex sim\u00e9trica de 43 mm mejora la estabilidad en el disparo y proporciona una sensaci\u00f3n suave durante la apertura.Gracias a su sistema ILF (International Limb Fitting), es compatible con palas de pr\u00e1cticamente cualquier marca, permitiendo una gran flexibilidad en la configuraci\u00f3n del arco. Adem\u00e1s, incorpora m\u00faltiples puntos de fijaci\u00f3n para estabilizadores y sistemas de pesos, ideal para ajustar el balance seg\u00fan el estilo de tiro.\" \/>\n<meta property=\"og:url\" content=\"https:\/\/moitoarchery.com\/en\/product\/cuerpo-gillo-g1-n-25-rh\/\" \/>\n<meta property=\"og:site_name\" content=\"MoitoArchery\" \/>\n<meta property=\"article:publisher\" content=\"https:\/\/www.facebook.com\/arqueriaOnline\/\" \/>\n<meta property=\"article:modified_time\" content=\"2026-04-30T08:43:18+00:00\" \/>\n<meta property=\"og:image\" content=\"https:\/\/moitoarchery.com\/wp-content\/uploads\/2026\/04\/Gillo-G1-N.jpg\" \/>\n\t<meta property=\"og:image:width\" content=\"800\" \/>\n\t<meta property=\"og:image:height\" content=\"800\" \/>\n\t<meta property=\"og:image:type\" content=\"image\/jpeg\" \/>\n<meta name=\"twitter:card\" content=\"summary_large_image\" \/>\n<meta name=\"twitter:label1\" content=\"Est. reading time\" \/>\n\t<meta name=\"twitter:data1\" content=\"2 minutes\" \/>\n<script type=\"application\/ld+json\" class=\"yoast-schema-graph\">{\"@context\":\"https:\\\/\\\/schema.org\",\"@graph\":[{\"@type\":\"WebPage\",\"@id\":\"https:\\\/\\\/moitoarchery.com\\\/en\\\/product\\\/cuerpo-gillo-g1-n-25-rh\\\/\",\"url\":\"https:\\\/\\\/moitoarchery.com\\\/en\\\/product\\\/cuerpo-gillo-g1-n-25-rh\\\/\",\"name\":\"Cuerpo Gillo G1 N 25\\\" RH - MoitoArchery\",\"isPartOf\":{\"@id\":\"https:\\\/\\\/moitoarchery.com\\\/en\\\/#website\"},\"primaryImageOfPage\":{\"@id\":\"https:\\\/\\\/moitoarchery.com\\\/en\\\/product\\\/cuerpo-gillo-g1-n-25-rh\\\/#primaryimage\"},\"image\":{\"@id\":\"https:\\\/\\\/moitoarchery.com\\\/en\\\/product\\\/cuerpo-gillo-g1-n-25-rh\\\/#primaryimage\"},\"thumbnailUrl\":\"https:\\\/\\\/moitoarchery.com\\\/wp-content\\\/uploads\\\/2026\\\/04\\\/Gillo-G1-N.jpg\",\"datePublished\":\"2026-04-30T08:43:17+00:00\",\"dateModified\":\"2026-04-30T08:43:18+00:00\",\"description\":\"El GILLO G1N 25\u201d ILF es un cuerpo de alto rendimiento dise\u00f1ado para arqueros que buscan m\u00e1xima precisi\u00f3n, estabilidad y capacidad de personalizaci\u00f3n, tanto en arco recurvo ol\u00edmpico como en modalidad barebow.Fabricado mediante mecanizado Full CNC en aluminio 6065 T6, ofrece una estructura s\u00f3lida, duradera y perfectamente equilibrada. Su geometr\u00eda deflex sim\u00e9trica de 43 mm mejora la estabilidad en el disparo y proporciona una sensaci\u00f3n suave durante la apertura.Gracias a su sistema ILF (International Limb Fitting), es compatible con palas de pr\u00e1cticamente cualquier marca, permitiendo una gran flexibilidad en la configuraci\u00f3n del arco. Adem\u00e1s, incorpora m\u00faltiples puntos de fijaci\u00f3n para estabilizadores y sistemas de pesos, ideal para ajustar el balance seg\u00fan el estilo de tiro.\",\"breadcrumb\":{\"@id\":\"https:\\\/\\\/moitoarchery.com\\\/en\\\/product\\\/cuerpo-gillo-g1-n-25-rh\\\/#breadcrumb\"},\"inLanguage\":\"en-US\",\"potentialAction\":[{\"@type\":\"ReadAction\",\"target\":[\"https:\\\/\\\/moitoarchery.com\\\/en\\\/product\\\/cuerpo-gillo-g1-n-25-rh\\\/\"]}]},{\"@type\":\"ImageObject\",\"inLanguage\":\"en-US\",\"@id\":\"https:\\\/\\\/moitoarchery.com\\\/en\\\/product\\\/cuerpo-gillo-g1-n-25-rh\\\/#primaryimage\",\"url\":\"https:\\\/\\\/moitoarchery.com\\\/wp-content\\\/uploads\\\/2026\\\/04\\\/Gillo-G1-N.jpg\",\"contentUrl\":\"https:\\\/\\\/moitoarchery.com\\\/wp-content\\\/uploads\\\/2026\\\/04\\\/Gillo-G1-N.jpg\",\"width\":800,\"height\":800,\"caption\":\"Cuerpo Gillo G1 N 25\\\" RH\"},{\"@type\":\"BreadcrumbList\",\"@id\":\"https:\\\/\\\/moitoarchery.com\\\/en\\\/product\\\/cuerpo-gillo-g1-n-25-rh\\\/#breadcrumb\",\"itemListElement\":[{\"@type\":\"ListItem\",\"position\":1,\"name\":\"Portada\",\"item\":\"https:\\\/\\\/moitoarchery.com\\\/en\\\/\"},{\"@type\":\"ListItem\",\"position\":2,\"name\":\"Shop\",\"item\":\"https:\\\/\\\/moitoarchery.com\\\/en\\\/shop\\\/\"},{\"@type\":\"ListItem\",\"position\":3,\"name\":\"Cuerpo Gillo G1 N 25&#8243; RH\"}]},{\"@type\":\"WebSite\",\"@id\":\"https:\\\/\\\/moitoarchery.com\\\/en\\\/#website\",\"url\":\"https:\\\/\\\/moitoarchery.com\\\/en\\\/\",\"name\":\"MoitoArchery\",\"description\":\"Tienda de Tiro con arco\",\"publisher\":{\"@id\":\"https:\\\/\\\/moitoarchery.com\\\/en\\\/#organization\"},\"potentialAction\":[{\"@type\":\"SearchAction\",\"target\":{\"@type\":\"EntryPoint\",\"urlTemplate\":\"https:\\\/\\\/moitoarchery.com\\\/en\\\/?s={search_term_string}\"},\"query-input\":{\"@type\":\"PropertyValueSpecification\",\"valueRequired\":true,\"valueName\":\"search_term_string\"}}],\"inLanguage\":\"en-US\"},{\"@type\":\"Organization\",\"@id\":\"https:\\\/\\\/moitoarchery.com\\\/en\\\/#organization\",\"name\":\"MoitoArchery\",\"url\":\"https:\\\/\\\/moitoarchery.com\\\/en\\\/\",\"logo\":{\"@type\":\"ImageObject\",\"inLanguage\":\"en-US\",\"@id\":\"https:\\\/\\\/moitoarchery.com\\\/en\\\/#\\\/schema\\\/logo\\\/image\\\/\",\"url\":\"https:\\\/\\\/moitoarchery.com\\\/wp-content\\\/uploads\\\/2020\\\/09\\\/logotipo-moitoarchery.png\",\"contentUrl\":\"https:\\\/\\\/moitoarchery.com\\\/wp-content\\\/uploads\\\/2020\\\/09\\\/logotipo-moitoarchery.png\",\"width\":300,\"height\":66,\"caption\":\"MoitoArchery\"},\"image\":{\"@id\":\"https:\\\/\\\/moitoarchery.com\\\/en\\\/#\\\/schema\\\/logo\\\/image\\\/\"},\"sameAs\":[\"https:\\\/\\\/www.facebook.com\\\/arqueriaOnline\\\/\",\"https:\\\/\\\/www.instagram.com\\\/moitoarchery\\\/\",\"https:\\\/\\\/www.youtube.com\\\/channel\\\/UCvmj39gVUIKVoJJ6vQC9GPA\\\/\"]}]}<\/script>\n<!-- \/ Yoast SEO plugin. -->","yoast_head_json":{"title":"Cuerpo Gillo G1 N 25\" RH - MoitoArchery","description":"El GILLO G1N 25\u201d ILF es un cuerpo de alto rendimiento dise\u00f1ado para arqueros que buscan m\u00e1xima precisi\u00f3n, estabilidad y capacidad de personalizaci\u00f3n, tanto en arco recurvo ol\u00edmpico como en modalidad barebow.Fabricado mediante mecanizado Full CNC en aluminio 6065 T6, ofrece una estructura s\u00f3lida, duradera y perfectamente equilibrada. Su geometr\u00eda deflex sim\u00e9trica de 43 mm mejora la estabilidad en el disparo y proporciona una sensaci\u00f3n suave durante la apertura.Gracias a su sistema ILF (International Limb Fitting), es compatible con palas de pr\u00e1cticamente cualquier marca, permitiendo una gran flexibilidad en la configuraci\u00f3n del arco. Adem\u00e1s, incorpora m\u00faltiples puntos de fijaci\u00f3n para estabilizadores y sistemas de pesos, ideal para ajustar el balance seg\u00fan el estilo de tiro.","robots":{"index":"index","follow":"follow","max-snippet":"max-snippet:-1","max-image-preview":"max-image-preview:large","max-video-preview":"max-video-preview:-1"},"canonical":"https:\/\/moitoarchery.com\/en\/product\/cuerpo-gillo-g1-n-25-rh\/","og_locale":"en_US","og_type":"article","og_title":"Cuerpo Gillo G1 N 25\" RH - MoitoArchery","og_description":"El GILLO G1N 25\u201d ILF es un cuerpo de alto rendimiento dise\u00f1ado para arqueros que buscan m\u00e1xima precisi\u00f3n, estabilidad y capacidad de personalizaci\u00f3n, tanto en arco recurvo ol\u00edmpico como en modalidad barebow.Fabricado mediante mecanizado Full CNC en aluminio 6065 T6, ofrece una estructura s\u00f3lida, duradera y perfectamente equilibrada. Su geometr\u00eda deflex sim\u00e9trica de 43 mm mejora la estabilidad en el disparo y proporciona una sensaci\u00f3n suave durante la apertura.Gracias a su sistema ILF (International Limb Fitting), es compatible con palas de pr\u00e1cticamente cualquier marca, permitiendo una gran flexibilidad en la configuraci\u00f3n del arco. Adem\u00e1s, incorpora m\u00faltiples puntos de fijaci\u00f3n para estabilizadores y sistemas de pesos, ideal para ajustar el balance seg\u00fan el estilo de tiro.","og_url":"https:\/\/moitoarchery.com\/en\/product\/cuerpo-gillo-g1-n-25-rh\/","og_site_name":"MoitoArchery","article_publisher":"https:\/\/www.facebook.com\/arqueriaOnline\/","article_modified_time":"2026-04-30T08:43:18+00:00","og_image":[{"width":800,"height":800,"url":"https:\/\/moitoarchery.com\/wp-content\/uploads\/2026\/04\/Gillo-G1-N.jpg","type":"image\/jpeg"}],"twitter_card":"summary_large_image","twitter_misc":{"Est. reading time":"2 minutes"},"schema":{"@context":"https:\/\/schema.org","@graph":[{"@type":"WebPage","@id":"https:\/\/moitoarchery.com\/en\/product\/cuerpo-gillo-g1-n-25-rh\/","url":"https:\/\/moitoarchery.com\/en\/product\/cuerpo-gillo-g1-n-25-rh\/","name":"Cuerpo Gillo G1 N 25\" RH - MoitoArchery","isPartOf":{"@id":"https:\/\/moitoarchery.com\/en\/#website"},"primaryImageOfPage":{"@id":"https:\/\/moitoarchery.com\/en\/product\/cuerpo-gillo-g1-n-25-rh\/#primaryimage"},"image":{"@id":"https:\/\/moitoarchery.com\/en\/product\/cuerpo-gillo-g1-n-25-rh\/#primaryimage"},"thumbnailUrl":"https:\/\/moitoarchery.com\/wp-content\/uploads\/2026\/04\/Gillo-G1-N.jpg","datePublished":"2026-04-30T08:43:17+00:00","dateModified":"2026-04-30T08:43:18+00:00","description":"El GILLO G1N 25\u201d ILF es un cuerpo de alto rendimiento dise\u00f1ado para arqueros que buscan m\u00e1xima precisi\u00f3n, estabilidad y capacidad de personalizaci\u00f3n, tanto en arco recurvo ol\u00edmpico como en modalidad barebow.Fabricado mediante mecanizado Full CNC en aluminio 6065 T6, ofrece una estructura s\u00f3lida, duradera y perfectamente equilibrada. Su geometr\u00eda deflex sim\u00e9trica de 43 mm mejora la estabilidad en el disparo y proporciona una sensaci\u00f3n suave durante la apertura.Gracias a su sistema ILF (International Limb Fitting), es compatible con palas de pr\u00e1cticamente cualquier marca, permitiendo una gran flexibilidad en la configuraci\u00f3n del arco. Adem\u00e1s, incorpora m\u00faltiples puntos de fijaci\u00f3n para estabilizadores y sistemas de pesos, ideal para ajustar el balance seg\u00fan el estilo de tiro.","breadcrumb":{"@id":"https:\/\/moitoarchery.com\/en\/product\/cuerpo-gillo-g1-n-25-rh\/#breadcrumb"},"inLanguage":"en-US","potentialAction":[{"@type":"ReadAction","target":["https:\/\/moitoarchery.com\/en\/product\/cuerpo-gillo-g1-n-25-rh\/"]}]},{"@type":"ImageObject","inLanguage":"en-US","@id":"https:\/\/moitoarchery.com\/en\/product\/cuerpo-gillo-g1-n-25-rh\/#primaryimage","url":"https:\/\/moitoarchery.com\/wp-content\/uploads\/2026\/04\/Gillo-G1-N.jpg","contentUrl":"https:\/\/moitoarchery.com\/wp-content\/uploads\/2026\/04\/Gillo-G1-N.jpg","width":800,"height":800,"caption":"Cuerpo Gillo G1 N 25\" RH"},{"@type":"BreadcrumbList","@id":"https:\/\/moitoarchery.com\/en\/product\/cuerpo-gillo-g1-n-25-rh\/#breadcrumb","itemListElement":[{"@type":"ListItem","position":1,"name":"Portada","item":"https:\/\/moitoarchery.com\/en\/"},{"@type":"ListItem","position":2,"name":"Shop","item":"https:\/\/moitoarchery.com\/en\/shop\/"},{"@type":"ListItem","position":3,"name":"Cuerpo Gillo G1 N 25&#8243; RH"}]},{"@type":"WebSite","@id":"https:\/\/moitoarchery.com\/en\/#website","url":"https:\/\/moitoarchery.com\/en\/","name":"MoitoArchery","description":"Tienda de Tiro con arco","publisher":{"@id":"https:\/\/moitoarchery.com\/en\/#organization"},"potentialAction":[{"@type":"SearchAction","target":{"@type":"EntryPoint","urlTemplate":"https:\/\/moitoarchery.com\/en\/?s={search_term_string}"},"query-input":{"@type":"PropertyValueSpecification","valueRequired":true,"valueName":"search_term_string"}}],"inLanguage":"en-US"},{"@type":"Organization","@id":"https:\/\/moitoarchery.com\/en\/#organization","name":"MoitoArchery","url":"https:\/\/moitoarchery.com\/en\/","logo":{"@type":"ImageObject","inLanguage":"en-US","@id":"https:\/\/moitoarchery.com\/en\/#\/schema\/logo\/image\/","url":"https:\/\/moitoarchery.com\/wp-content\/uploads\/2020\/09\/logotipo-moitoarchery.png","contentUrl":"https:\/\/moitoarchery.com\/wp-content\/uploads\/2020\/09\/logotipo-moitoarchery.png","width":300,"height":66,"caption":"MoitoArchery"},"image":{"@id":"https:\/\/moitoarchery.com\/en\/#\/schema\/logo\/image\/"},"sameAs":["https:\/\/www.facebook.com\/arqueriaOnline\/","https:\/\/www.instagram.com\/moitoarchery\/","https:\/\/www.youtube.com\/channel\/UCvmj39gVUIKVoJJ6vQC9GPA\/"]}]}},"_links":{"self":[{"href":"https:\/\/moitoarchery.com\/en\/wp-json\/wp\/v2\/product\/134976","targetHints":{"allow":["GET"]}}],"collection":[{"href":"https:\/\/moitoarchery.com\/en\/wp-json\/wp\/v2\/product"}],"about":[{"href":"https:\/\/moitoarchery.com\/en\/wp-json\/wp\/v2\/types\/product"}],"replies":[{"embeddable":true,"href":"https:\/\/moitoarchery.com\/en\/wp-json\/wp\/v2\/comments?post=134976"}],"version-history":[{"count":1,"href":"https:\/\/moitoarchery.com\/en\/wp-json\/wp\/v2\/product\/134976\/revisions"}],"predecessor-version":[{"id":134985,"href":"https:\/\/moitoarchery.com\/en\/wp-json\/wp\/v2\/product\/134976\/revisions\/134985"}],"wp:featuredmedia":[{"embeddable":true,"href":"https:\/\/moitoarchery.com\/en\/wp-json\/wp\/v2\/media\/134983"}],"wp:attachment":[{"href":"https:\/\/moitoarchery.com\/en\/wp-json\/wp\/v2\/media?parent=134976"}],"wp:term":[{"taxonomy":"product_brand","embeddable":true,"href":"https:\/\/moitoarchery.com\/en\/wp-json\/wp\/v2\/product_brand?post=134976"},{"taxonomy":"product_cat","embeddable":true,"href":"https:\/\/moitoarchery.com\/en\/wp-json\/wp\/v2\/product_cat?post=134976"},{"taxonomy":"product_tag","embeddable":true,"href":"https:\/\/moitoarchery.com\/en\/wp-json\/wp\/v2\/product_tag?post=134976"}],"curies":[{"name":"wp","href":"https:\/\/api.w.org\/{rel}","templated":true}]}}