{"id":134685,"date":"2026-04-27T10:55:11","date_gmt":"2026-04-27T08:55:11","guid":{"rendered":"https:\/\/moitoarchery.com\/?post_type=product&#038;p=134685"},"modified":"2026-04-30T11:18:54","modified_gmt":"2026-04-30T09:18:54","slug":"maleta-rigida-fivics-aegis-para-arco-recurvo-simple","status":"publish","type":"product","link":"https:\/\/moitoarchery.com\/en\/product\/maleta-rigida-fivics-aegis-para-arco-recurvo-simple\/","title":{"rendered":"Maleta r\u00edgida FIVICS AEGIS para arco recurvo Simple"},"content":{"rendered":"<p data-start=\"109\" data-end=\"435\">La funda r\u00edgida FIVICS AEGIS para arco recurvo simple es la soluci\u00f3n ideal para transportar y proteger tu arco recurvo con total seguridad. Fabricada con materiales de alta calidad (ABS + PC), ofrece una estructura ligera pero extremadamente resistente frente a golpes, humedad y condiciones adversas.<\/p>\n<p data-start=\"437\" data-end=\"773\">Dise\u00f1ada para alojar un arco recurvo completo junto con sus accesorios, cuenta con un interior bien distribuido en compartimentos que facilitan la organizaci\u00f3n del equipo. Incluye funda impermeable para lluvia y correa de transporte, lo que la convierte en una opci\u00f3n pr\u00e1ctica tanto para entrenamientos como para viajes y competiciones.<\/p>\n<p data-start=\"775\" data-end=\"893\">Su dise\u00f1o compacto pero espacioso permite transportar todo lo necesario sin comprometer la comodidad ni la protecci\u00f3n.<\/p>\n<p data-start=\"895\" data-end=\"927\"><strong data-start=\"895\" data-end=\"927\">Caracter\u00edsticas principales:<\/strong><\/p>\n<ul data-start=\"928\" data-end=\"1254\">\n<li data-section-id=\"1jyjvyo\" data-start=\"928\" data-end=\"974\">Capacidad para 1 arco recurvo y accesorios<\/li>\n<li data-section-id=\"1esv4e1\" data-start=\"975\" data-end=\"1015\">Estructura r\u00edgida, ligera y duradera<\/li>\n<li data-section-id=\"115yfp7\" data-start=\"1016\" data-end=\"1048\">Material resistente ABS + PC<\/li>\n<li data-section-id=\"1otx9d9\" data-start=\"1049\" data-end=\"1099\">Incluye funda de lluvia y correa de transporte<\/li>\n<li data-section-id=\"159nux6\" data-start=\"1100\" data-end=\"1152\">Dise\u00f1o interior con compartimentos diferenciados<\/li>\n<li data-section-id=\"yt2uvs\" data-start=\"1153\" data-end=\"1191\">Medidas externas: 33\u201d x 14\u201d x 8.5\u201d<\/li>\n<li data-section-id=\"q8aacm\" data-start=\"1192\" data-end=\"1237\">Dimensiones internas: 32.25&#8243; x 12.5&#8243; x 8&#8243;<\/li>\n<li data-section-id=\"1f1bfp6\" data-start=\"1238\" data-end=\"1254\">Peso: 6.5 kg<\/li>\n<\/ul>\n<p data-start=\"1256\" data-end=\"1378\" data-is-last-node=\"\" data-is-only-node=\"\">Una funda perfecta para arqueros que buscan m\u00e1xima protecci\u00f3n, organizaci\u00f3n y facilidad de transporte en un solo producto.<\/p>\n","protected":false},"excerpt":{"rendered":"<p data-start=\"109\" data-end=\"435\">La funda r\u00edgida FIVICS AEGIS para arco recurvo simple es la soluci\u00f3n ideal para transportar y proteger tu arco recurvo con total seguridad. Fabricada con materiales de alta calidad (ABS + PC), ofrece una estructura ligera pero extremadamente resistente frente a golpes, humedad y condiciones adversas.<\/p>\n<p data-start=\"437\" data-end=\"773\">Dise\u00f1ada para alojar un arco recurvo completo junto con sus accesorios, cuenta con un interior bien distribuido en compartimentos que facilitan la organizaci\u00f3n del equipo. Incluye funda impermeable para lluvia y correa de transporte, lo que la convierte en una opci\u00f3n pr\u00e1ctica tanto para entrenamientos como para viajes y competiciones.<\/p>\n<p data-start=\"775\" data-end=\"893\">Su dise\u00f1o compacto pero espacioso permite transportar todo lo necesario sin comprometer la comodidad ni la protecci\u00f3n.<\/p>\n","protected":false},"featured_media":134691,"comment_status":"open","ping_status":"closed","template":"","meta":{"_acf_changed":false},"product_brand":[4087],"product_cat":[104,835,138],"product_tag":[],"class_list":{"0":"post-134685","1":"product","2":"type-product","3":"status-publish","4":"has-post-thumbnail","6":"product_brand-fivics","7":"product_cat-accesorios","8":"product_cat-maletas-y-mochilas-para-recurvo","9":"product_cat-maletas-y-mochilas","10":"product_shipping_class-envio-pe-2090e-ba-3890e","12":"first","13":"onbackorder","14":"sale","15":"taxable","16":"shipping-taxable","17":"purchasable","18":"product-type-variable"},"acf":[],"yoast_head":"<!-- This site is optimized with the Yoast SEO plugin v27.5 - https:\/\/yoast.com\/product\/yoast-seo-wordpress\/ -->\n<title>Maleta r\u00edgida FIVICS AEGIS para arco recurvo Simple - MoitoArchery<\/title>\n<meta name=\"description\" content=\"La funda r\u00edgida FIVICS AEGIS para arco recurvo simple es la soluci\u00f3n ideal para transportar y proteger tu arco recurvo con total seguridad. Fabricada con materiales de alta calidad (ABS + PC), ofrece una estructura ligera pero extremadamente resistente frente a golpes, humedad y condiciones adversas.Dise\u00f1ada para alojar un arco recurvo completo junto con sus accesorios, cuenta con un interior bien distribuido en compartimentos que facilitan la organizaci\u00f3n del equipo. Incluye funda impermeable para lluvia y correa de transporte, lo que la convierte en una opci\u00f3n pr\u00e1ctica tanto para entrenamientos como para viajes y competiciones.Su dise\u00f1o compacto pero espacioso permite transportar todo lo necesario sin comprometer la comodidad ni la protecci\u00f3n.\" \/>\n<meta name=\"robots\" content=\"index, follow, max-snippet:-1, max-image-preview:large, max-video-preview:-1\" \/>\n<link rel=\"canonical\" href=\"https:\/\/moitoarchery.com\/en\/product\/maleta-rigida-fivics-aegis-para-arco-recurvo-simple\/\" \/>\n<meta property=\"og:locale\" content=\"en_US\" \/>\n<meta property=\"og:type\" content=\"article\" \/>\n<meta property=\"og:title\" content=\"Maleta r\u00edgida FIVICS AEGIS para arco recurvo Simple - MoitoArchery\" \/>\n<meta property=\"og:description\" content=\"La funda r\u00edgida FIVICS AEGIS para arco recurvo simple es la soluci\u00f3n ideal para transportar y proteger tu arco recurvo con total seguridad. Fabricada con materiales de alta calidad (ABS + PC), ofrece una estructura ligera pero extremadamente resistente frente a golpes, humedad y condiciones adversas.Dise\u00f1ada para alojar un arco recurvo completo junto con sus accesorios, cuenta con un interior bien distribuido en compartimentos que facilitan la organizaci\u00f3n del equipo. Incluye funda impermeable para lluvia y correa de transporte, lo que la convierte en una opci\u00f3n pr\u00e1ctica tanto para entrenamientos como para viajes y competiciones.Su dise\u00f1o compacto pero espacioso permite transportar todo lo necesario sin comprometer la comodidad ni la protecci\u00f3n.\" \/>\n<meta property=\"og:url\" content=\"https:\/\/moitoarchery.com\/en\/product\/maleta-rigida-fivics-aegis-para-arco-recurvo-simple\/\" \/>\n<meta property=\"og:site_name\" content=\"MoitoArchery\" \/>\n<meta property=\"article:publisher\" content=\"https:\/\/www.facebook.com\/arqueriaOnline\/\" \/>\n<meta property=\"article:modified_time\" content=\"2026-04-30T09:18:54+00:00\" \/>\n<meta property=\"og:image\" content=\"https:\/\/moitoarchery.com\/wp-content\/uploads\/2026\/04\/Maleta-fivics-aegis.jpg\" \/>\n\t<meta property=\"og:image:width\" content=\"800\" \/>\n\t<meta property=\"og:image:height\" content=\"800\" \/>\n\t<meta property=\"og:image:type\" content=\"image\/jpeg\" \/>\n<meta name=\"twitter:card\" content=\"summary_large_image\" \/>\n<meta name=\"twitter:label1\" content=\"Est. reading time\" \/>\n\t<meta name=\"twitter:data1\" content=\"2 minutes\" \/>\n<script type=\"application\/ld+json\" class=\"yoast-schema-graph\">{\"@context\":\"https:\\\/\\\/schema.org\",\"@graph\":[{\"@type\":\"WebPage\",\"@id\":\"https:\\\/\\\/moitoarchery.com\\\/en\\\/product\\\/maleta-rigida-fivics-aegis-para-arco-recurvo-simple\\\/\",\"url\":\"https:\\\/\\\/moitoarchery.com\\\/en\\\/product\\\/maleta-rigida-fivics-aegis-para-arco-recurvo-simple\\\/\",\"name\":\"Maleta r\u00edgida FIVICS AEGIS para arco recurvo Simple - MoitoArchery\",\"isPartOf\":{\"@id\":\"https:\\\/\\\/moitoarchery.com\\\/en\\\/#website\"},\"primaryImageOfPage\":{\"@id\":\"https:\\\/\\\/moitoarchery.com\\\/en\\\/product\\\/maleta-rigida-fivics-aegis-para-arco-recurvo-simple\\\/#primaryimage\"},\"image\":{\"@id\":\"https:\\\/\\\/moitoarchery.com\\\/en\\\/product\\\/maleta-rigida-fivics-aegis-para-arco-recurvo-simple\\\/#primaryimage\"},\"thumbnailUrl\":\"https:\\\/\\\/moitoarchery.com\\\/wp-content\\\/uploads\\\/2026\\\/04\\\/Maleta-fivics-aegis.jpg\",\"datePublished\":\"2026-04-27T08:55:11+00:00\",\"dateModified\":\"2026-04-30T09:18:54+00:00\",\"description\":\"La funda r\u00edgida FIVICS AEGIS para arco recurvo simple es la soluci\u00f3n ideal para transportar y proteger tu arco recurvo con total seguridad. Fabricada con materiales de alta calidad (ABS + PC), ofrece una estructura ligera pero extremadamente resistente frente a golpes, humedad y condiciones adversas.Dise\u00f1ada para alojar un arco recurvo completo junto con sus accesorios, cuenta con un interior bien distribuido en compartimentos que facilitan la organizaci\u00f3n del equipo. Incluye funda impermeable para lluvia y correa de transporte, lo que la convierte en una opci\u00f3n pr\u00e1ctica tanto para entrenamientos como para viajes y competiciones.Su dise\u00f1o compacto pero espacioso permite transportar todo lo necesario sin comprometer la comodidad ni la protecci\u00f3n.\",\"breadcrumb\":{\"@id\":\"https:\\\/\\\/moitoarchery.com\\\/en\\\/product\\\/maleta-rigida-fivics-aegis-para-arco-recurvo-simple\\\/#breadcrumb\"},\"inLanguage\":\"en-US\",\"potentialAction\":[{\"@type\":\"ReadAction\",\"target\":[\"https:\\\/\\\/moitoarchery.com\\\/en\\\/product\\\/maleta-rigida-fivics-aegis-para-arco-recurvo-simple\\\/\"]}]},{\"@type\":\"ImageObject\",\"inLanguage\":\"en-US\",\"@id\":\"https:\\\/\\\/moitoarchery.com\\\/en\\\/product\\\/maleta-rigida-fivics-aegis-para-arco-recurvo-simple\\\/#primaryimage\",\"url\":\"https:\\\/\\\/moitoarchery.com\\\/wp-content\\\/uploads\\\/2026\\\/04\\\/Maleta-fivics-aegis.jpg\",\"contentUrl\":\"https:\\\/\\\/moitoarchery.com\\\/wp-content\\\/uploads\\\/2026\\\/04\\\/Maleta-fivics-aegis.jpg\",\"width\":800,\"height\":800,\"caption\":\"Maleta r\u00edgida FIVICS AEGIS para arco recurvo Simple\"},{\"@type\":\"BreadcrumbList\",\"@id\":\"https:\\\/\\\/moitoarchery.com\\\/en\\\/product\\\/maleta-rigida-fivics-aegis-para-arco-recurvo-simple\\\/#breadcrumb\",\"itemListElement\":[{\"@type\":\"ListItem\",\"position\":1,\"name\":\"Portada\",\"item\":\"https:\\\/\\\/moitoarchery.com\\\/en\\\/\"},{\"@type\":\"ListItem\",\"position\":2,\"name\":\"Shop\",\"item\":\"https:\\\/\\\/moitoarchery.com\\\/en\\\/shop\\\/\"},{\"@type\":\"ListItem\",\"position\":3,\"name\":\"Maleta r\u00edgida FIVICS AEGIS para arco recurvo Simple\"}]},{\"@type\":\"WebSite\",\"@id\":\"https:\\\/\\\/moitoarchery.com\\\/en\\\/#website\",\"url\":\"https:\\\/\\\/moitoarchery.com\\\/en\\\/\",\"name\":\"MoitoArchery\",\"description\":\"Tienda de Tiro con arco\",\"publisher\":{\"@id\":\"https:\\\/\\\/moitoarchery.com\\\/en\\\/#organization\"},\"potentialAction\":[{\"@type\":\"SearchAction\",\"target\":{\"@type\":\"EntryPoint\",\"urlTemplate\":\"https:\\\/\\\/moitoarchery.com\\\/en\\\/?s={search_term_string}\"},\"query-input\":{\"@type\":\"PropertyValueSpecification\",\"valueRequired\":true,\"valueName\":\"search_term_string\"}}],\"inLanguage\":\"en-US\"},{\"@type\":\"Organization\",\"@id\":\"https:\\\/\\\/moitoarchery.com\\\/en\\\/#organization\",\"name\":\"MoitoArchery\",\"url\":\"https:\\\/\\\/moitoarchery.com\\\/en\\\/\",\"logo\":{\"@type\":\"ImageObject\",\"inLanguage\":\"en-US\",\"@id\":\"https:\\\/\\\/moitoarchery.com\\\/en\\\/#\\\/schema\\\/logo\\\/image\\\/\",\"url\":\"https:\\\/\\\/moitoarchery.com\\\/wp-content\\\/uploads\\\/2020\\\/09\\\/logotipo-moitoarchery.png\",\"contentUrl\":\"https:\\\/\\\/moitoarchery.com\\\/wp-content\\\/uploads\\\/2020\\\/09\\\/logotipo-moitoarchery.png\",\"width\":300,\"height\":66,\"caption\":\"MoitoArchery\"},\"image\":{\"@id\":\"https:\\\/\\\/moitoarchery.com\\\/en\\\/#\\\/schema\\\/logo\\\/image\\\/\"},\"sameAs\":[\"https:\\\/\\\/www.facebook.com\\\/arqueriaOnline\\\/\",\"https:\\\/\\\/www.instagram.com\\\/moitoarchery\\\/\",\"https:\\\/\\\/www.youtube.com\\\/channel\\\/UCvmj39gVUIKVoJJ6vQC9GPA\\\/\"]}]}<\/script>\n<!-- \/ Yoast SEO plugin. -->","yoast_head_json":{"title":"Maleta r\u00edgida FIVICS AEGIS para arco recurvo Simple - MoitoArchery","description":"La funda r\u00edgida FIVICS AEGIS para arco recurvo simple es la soluci\u00f3n ideal para transportar y proteger tu arco recurvo con total seguridad. Fabricada con materiales de alta calidad (ABS + PC), ofrece una estructura ligera pero extremadamente resistente frente a golpes, humedad y condiciones adversas.Dise\u00f1ada para alojar un arco recurvo completo junto con sus accesorios, cuenta con un interior bien distribuido en compartimentos que facilitan la organizaci\u00f3n del equipo. Incluye funda impermeable para lluvia y correa de transporte, lo que la convierte en una opci\u00f3n pr\u00e1ctica tanto para entrenamientos como para viajes y competiciones.Su dise\u00f1o compacto pero espacioso permite transportar todo lo necesario sin comprometer la comodidad ni la protecci\u00f3n.","robots":{"index":"index","follow":"follow","max-snippet":"max-snippet:-1","max-image-preview":"max-image-preview:large","max-video-preview":"max-video-preview:-1"},"canonical":"https:\/\/moitoarchery.com\/en\/product\/maleta-rigida-fivics-aegis-para-arco-recurvo-simple\/","og_locale":"en_US","og_type":"article","og_title":"Maleta r\u00edgida FIVICS AEGIS para arco recurvo Simple - MoitoArchery","og_description":"La funda r\u00edgida FIVICS AEGIS para arco recurvo simple es la soluci\u00f3n ideal para transportar y proteger tu arco recurvo con total seguridad. Fabricada con materiales de alta calidad (ABS + PC), ofrece una estructura ligera pero extremadamente resistente frente a golpes, humedad y condiciones adversas.Dise\u00f1ada para alojar un arco recurvo completo junto con sus accesorios, cuenta con un interior bien distribuido en compartimentos que facilitan la organizaci\u00f3n del equipo. Incluye funda impermeable para lluvia y correa de transporte, lo que la convierte en una opci\u00f3n pr\u00e1ctica tanto para entrenamientos como para viajes y competiciones.Su dise\u00f1o compacto pero espacioso permite transportar todo lo necesario sin comprometer la comodidad ni la protecci\u00f3n.","og_url":"https:\/\/moitoarchery.com\/en\/product\/maleta-rigida-fivics-aegis-para-arco-recurvo-simple\/","og_site_name":"MoitoArchery","article_publisher":"https:\/\/www.facebook.com\/arqueriaOnline\/","article_modified_time":"2026-04-30T09:18:54+00:00","og_image":[{"width":800,"height":800,"url":"https:\/\/moitoarchery.com\/wp-content\/uploads\/2026\/04\/Maleta-fivics-aegis.jpg","type":"image\/jpeg"}],"twitter_card":"summary_large_image","twitter_misc":{"Est. reading time":"2 minutes"},"schema":{"@context":"https:\/\/schema.org","@graph":[{"@type":"WebPage","@id":"https:\/\/moitoarchery.com\/en\/product\/maleta-rigida-fivics-aegis-para-arco-recurvo-simple\/","url":"https:\/\/moitoarchery.com\/en\/product\/maleta-rigida-fivics-aegis-para-arco-recurvo-simple\/","name":"Maleta r\u00edgida FIVICS AEGIS para arco recurvo Simple - MoitoArchery","isPartOf":{"@id":"https:\/\/moitoarchery.com\/en\/#website"},"primaryImageOfPage":{"@id":"https:\/\/moitoarchery.com\/en\/product\/maleta-rigida-fivics-aegis-para-arco-recurvo-simple\/#primaryimage"},"image":{"@id":"https:\/\/moitoarchery.com\/en\/product\/maleta-rigida-fivics-aegis-para-arco-recurvo-simple\/#primaryimage"},"thumbnailUrl":"https:\/\/moitoarchery.com\/wp-content\/uploads\/2026\/04\/Maleta-fivics-aegis.jpg","datePublished":"2026-04-27T08:55:11+00:00","dateModified":"2026-04-30T09:18:54+00:00","description":"La funda r\u00edgida FIVICS AEGIS para arco recurvo simple es la soluci\u00f3n ideal para transportar y proteger tu arco recurvo con total seguridad. Fabricada con materiales de alta calidad (ABS + PC), ofrece una estructura ligera pero extremadamente resistente frente a golpes, humedad y condiciones adversas.Dise\u00f1ada para alojar un arco recurvo completo junto con sus accesorios, cuenta con un interior bien distribuido en compartimentos que facilitan la organizaci\u00f3n del equipo. Incluye funda impermeable para lluvia y correa de transporte, lo que la convierte en una opci\u00f3n pr\u00e1ctica tanto para entrenamientos como para viajes y competiciones.Su dise\u00f1o compacto pero espacioso permite transportar todo lo necesario sin comprometer la comodidad ni la protecci\u00f3n.","breadcrumb":{"@id":"https:\/\/moitoarchery.com\/en\/product\/maleta-rigida-fivics-aegis-para-arco-recurvo-simple\/#breadcrumb"},"inLanguage":"en-US","potentialAction":[{"@type":"ReadAction","target":["https:\/\/moitoarchery.com\/en\/product\/maleta-rigida-fivics-aegis-para-arco-recurvo-simple\/"]}]},{"@type":"ImageObject","inLanguage":"en-US","@id":"https:\/\/moitoarchery.com\/en\/product\/maleta-rigida-fivics-aegis-para-arco-recurvo-simple\/#primaryimage","url":"https:\/\/moitoarchery.com\/wp-content\/uploads\/2026\/04\/Maleta-fivics-aegis.jpg","contentUrl":"https:\/\/moitoarchery.com\/wp-content\/uploads\/2026\/04\/Maleta-fivics-aegis.jpg","width":800,"height":800,"caption":"Maleta r\u00edgida FIVICS AEGIS para arco recurvo Simple"},{"@type":"BreadcrumbList","@id":"https:\/\/moitoarchery.com\/en\/product\/maleta-rigida-fivics-aegis-para-arco-recurvo-simple\/#breadcrumb","itemListElement":[{"@type":"ListItem","position":1,"name":"Portada","item":"https:\/\/moitoarchery.com\/en\/"},{"@type":"ListItem","position":2,"name":"Shop","item":"https:\/\/moitoarchery.com\/en\/shop\/"},{"@type":"ListItem","position":3,"name":"Maleta r\u00edgida FIVICS AEGIS para arco recurvo Simple"}]},{"@type":"WebSite","@id":"https:\/\/moitoarchery.com\/en\/#website","url":"https:\/\/moitoarchery.com\/en\/","name":"MoitoArchery","description":"Tienda de Tiro con arco","publisher":{"@id":"https:\/\/moitoarchery.com\/en\/#organization"},"potentialAction":[{"@type":"SearchAction","target":{"@type":"EntryPoint","urlTemplate":"https:\/\/moitoarchery.com\/en\/?s={search_term_string}"},"query-input":{"@type":"PropertyValueSpecification","valueRequired":true,"valueName":"search_term_string"}}],"inLanguage":"en-US"},{"@type":"Organization","@id":"https:\/\/moitoarchery.com\/en\/#organization","name":"MoitoArchery","url":"https:\/\/moitoarchery.com\/en\/","logo":{"@type":"ImageObject","inLanguage":"en-US","@id":"https:\/\/moitoarchery.com\/en\/#\/schema\/logo\/image\/","url":"https:\/\/moitoarchery.com\/wp-content\/uploads\/2020\/09\/logotipo-moitoarchery.png","contentUrl":"https:\/\/moitoarchery.com\/wp-content\/uploads\/2020\/09\/logotipo-moitoarchery.png","width":300,"height":66,"caption":"MoitoArchery"},"image":{"@id":"https:\/\/moitoarchery.com\/en\/#\/schema\/logo\/image\/"},"sameAs":["https:\/\/www.facebook.com\/arqueriaOnline\/","https:\/\/www.instagram.com\/moitoarchery\/","https:\/\/www.youtube.com\/channel\/UCvmj39gVUIKVoJJ6vQC9GPA\/"]}]}},"_links":{"self":[{"href":"https:\/\/moitoarchery.com\/en\/wp-json\/wp\/v2\/product\/134685","targetHints":{"allow":["GET"]}}],"collection":[{"href":"https:\/\/moitoarchery.com\/en\/wp-json\/wp\/v2\/product"}],"about":[{"href":"https:\/\/moitoarchery.com\/en\/wp-json\/wp\/v2\/types\/product"}],"replies":[{"embeddable":true,"href":"https:\/\/moitoarchery.com\/en\/wp-json\/wp\/v2\/comments?post=134685"}],"version-history":[{"count":2,"href":"https:\/\/moitoarchery.com\/en\/wp-json\/wp\/v2\/product\/134685\/revisions"}],"predecessor-version":[{"id":135006,"href":"https:\/\/moitoarchery.com\/en\/wp-json\/wp\/v2\/product\/134685\/revisions\/135006"}],"wp:featuredmedia":[{"embeddable":true,"href":"https:\/\/moitoarchery.com\/en\/wp-json\/wp\/v2\/media\/134691"}],"wp:attachment":[{"href":"https:\/\/moitoarchery.com\/en\/wp-json\/wp\/v2\/media?parent=134685"}],"wp:term":[{"taxonomy":"product_brand","embeddable":true,"href":"https:\/\/moitoarchery.com\/en\/wp-json\/wp\/v2\/product_brand?post=134685"},{"taxonomy":"product_cat","embeddable":true,"href":"https:\/\/moitoarchery.com\/en\/wp-json\/wp\/v2\/product_cat?post=134685"},{"taxonomy":"product_tag","embeddable":true,"href":"https:\/\/moitoarchery.com\/en\/wp-json\/wp\/v2\/product_tag?post=134685"}],"curies":[{"name":"wp","href":"https:\/\/api.w.org\/{rel}","templated":true}]}}