{"id":134520,"date":"2026-04-22T11:21:32","date_gmt":"2026-04-22T09:21:32","guid":{"rendered":"https:\/\/moitoarchery.com\/?post_type=product&#038;p=134520"},"modified":"2026-04-22T11:21:33","modified_gmt":"2026-04-22T09:21:33","slug":"plantilla-de-triple-emplumado-jet6","status":"publish","type":"product","link":"https:\/\/moitoarchery.com\/en\/product\/plantilla-de-triple-emplumado-jet6\/","title":{"rendered":"Plantilla de triple emplumado Jet6"},"content":{"rendered":"<p data-start=\"40\" data-end=\"369\">Optimiza tu proceso de emplumado con la plantilla de triple emplumado Jet6, una herramienta pr\u00e1ctica y precisa dise\u00f1ada para arqueros que buscan resultados consistentes y profesionales. Su dise\u00f1o innovador permite colocar tres plumas de forma simult\u00e1nea, reduciendo el tiempo de trabajo y mejorando la uniformidad en cada flecha.<\/p>\n<p data-start=\"371\" data-end=\"707\">El sistema es muy sencillo de usar: coloca la l\u00e1mina de soporte Tri-Fletch con la cinta adhesiva orientada hacia arriba sobre la plantilla. A continuaci\u00f3n, sit\u00faa el astil sin emplumar sobre la l\u00e1mina y g\u00edralo para completar el proceso de forma r\u00e1pida y precisa. El resultado es un emplumado limpio, equilibrado y perfectamente alineado.<\/p>\n<p data-start=\"709\" data-end=\"859\" data-is-last-node=\"\" data-is-only-node=\"\">Ideal tanto para principiantes como para arqueros experimentados, esta plantilla te ayudar\u00e1 a conseguir un acabado profesional con el m\u00ednimo esfuerzo.<\/p>\n","protected":false},"excerpt":{"rendered":"<p data-start=\"40\" data-end=\"369\">Optimiza tu proceso de emplumado con la plantilla de triple emplumado Jet6, una herramienta pr\u00e1ctica y precisa dise\u00f1ada para arqueros que buscan resultados consistentes y profesionales. Su dise\u00f1o innovador permite colocar tres plumas de forma simult\u00e1nea, reduciendo el tiempo de trabajo y mejorando la uniformidad en cada flecha.<\/p>\n<p data-start=\"371\" data-end=\"707\">El sistema es muy sencillo de usar: coloca la l\u00e1mina de soporte Tri-Fletch con la cinta adhesiva orientada hacia arriba sobre la plantilla. A continuaci\u00f3n, sit\u00faa el astil sin emplumar sobre la l\u00e1mina y g\u00edralo para completar el proceso de forma r\u00e1pida y precisa. El resultado es un emplumado limpio, equilibrado y perfectamente alineado.<\/p>\n<p data-start=\"709\" data-end=\"859\" data-is-last-node=\"\" data-is-only-node=\"\">Ideal tanto para principiantes como para arqueros experimentados, esta plantilla te ayudar\u00e1 a conseguir un acabado profesional con el m\u00ednimo esfuerzo.<\/p>\n","protected":false},"featured_media":134524,"comment_status":"open","ping_status":"closed","template":"","meta":{"_acf_changed":false},"product_brand":[4983],"product_cat":[170,112],"product_tag":[],"class_list":{"0":"post-134520","1":"product","2":"type-product","3":"status-publish","4":"has-post-thumbnail","6":"product_brand-jet-6","7":"product_cat-emplumadoras","8":"product_cat-herramientas","10":"first","11":"onbackorder","12":"taxable","13":"shipping-taxable","14":"purchasable","15":"product-type-variable"},"acf":[],"yoast_head":"<!-- This site is optimized with the Yoast SEO plugin v27.3 - https:\/\/yoast.com\/product\/yoast-seo-wordpress\/ -->\n<title>Plantilla de triple emplumado Jet6 - MoitoArchery<\/title>\n<meta name=\"description\" content=\"Optimiza tu proceso de emplumado con la plantilla de triple emplumado Jet6, una herramienta pr\u00e1ctica y precisa dise\u00f1ada para arqueros que buscan resultados consistentes y profesionales. Su dise\u00f1o innovador permite colocar tres plumas de forma simult\u00e1nea, reduciendo el tiempo de trabajo y mejorando la uniformidad en cada flecha.El sistema es muy sencillo de usar: coloca la l\u00e1mina de soporte Tri-Fletch con la cinta adhesiva orientada hacia arriba sobre la plantilla. A continuaci\u00f3n, sit\u00faa el astil sin emplumar sobre la l\u00e1mina y g\u00edralo para completar el proceso de forma r\u00e1pida y precisa. El resultado es un emplumado limpio, equilibrado y perfectamente alineado.Ideal tanto para principiantes como para arqueros experimentados, esta plantilla te ayudar\u00e1 a conseguir un acabado profesional con el m\u00ednimo esfuerzo.\" \/>\n<meta name=\"robots\" content=\"index, follow, max-snippet:-1, max-image-preview:large, max-video-preview:-1\" \/>\n<link rel=\"canonical\" href=\"https:\/\/moitoarchery.com\/en\/product\/plantilla-de-triple-emplumado-jet6\/\" \/>\n<meta property=\"og:locale\" content=\"en_US\" \/>\n<meta property=\"og:type\" content=\"article\" \/>\n<meta property=\"og:title\" content=\"Plantilla de triple emplumado Jet6 - MoitoArchery\" \/>\n<meta property=\"og:description\" content=\"Optimiza tu proceso de emplumado con la plantilla de triple emplumado Jet6, una herramienta pr\u00e1ctica y precisa dise\u00f1ada para arqueros que buscan resultados consistentes y profesionales. Su dise\u00f1o innovador permite colocar tres plumas de forma simult\u00e1nea, reduciendo el tiempo de trabajo y mejorando la uniformidad en cada flecha.El sistema es muy sencillo de usar: coloca la l\u00e1mina de soporte Tri-Fletch con la cinta adhesiva orientada hacia arriba sobre la plantilla. A continuaci\u00f3n, sit\u00faa el astil sin emplumar sobre la l\u00e1mina y g\u00edralo para completar el proceso de forma r\u00e1pida y precisa. El resultado es un emplumado limpio, equilibrado y perfectamente alineado.Ideal tanto para principiantes como para arqueros experimentados, esta plantilla te ayudar\u00e1 a conseguir un acabado profesional con el m\u00ednimo esfuerzo.\" \/>\n<meta property=\"og:url\" content=\"https:\/\/moitoarchery.com\/en\/product\/plantilla-de-triple-emplumado-jet6\/\" \/>\n<meta property=\"og:site_name\" content=\"MoitoArchery\" \/>\n<meta property=\"article:publisher\" content=\"https:\/\/www.facebook.com\/arqueriaOnline\/\" \/>\n<meta property=\"article:modified_time\" content=\"2026-04-22T09:21:33+00:00\" \/>\n<meta property=\"og:image\" content=\"https:\/\/moitoarchery.com\/wp-content\/uploads\/2026\/04\/Plantilla-emplumado-jet6.jpg\" \/>\n\t<meta property=\"og:image:width\" content=\"800\" \/>\n\t<meta property=\"og:image:height\" content=\"800\" \/>\n\t<meta property=\"og:image:type\" content=\"image\/jpeg\" \/>\n<meta name=\"twitter:card\" content=\"summary_large_image\" \/>\n<meta name=\"twitter:label1\" content=\"Est. reading time\" \/>\n\t<meta name=\"twitter:data1\" content=\"1 minute\" \/>\n<script type=\"application\/ld+json\" class=\"yoast-schema-graph\">{\"@context\":\"https:\\\/\\\/schema.org\",\"@graph\":[{\"@type\":\"WebPage\",\"@id\":\"https:\\\/\\\/moitoarchery.com\\\/en\\\/product\\\/plantilla-de-triple-emplumado-jet6\\\/\",\"url\":\"https:\\\/\\\/moitoarchery.com\\\/en\\\/product\\\/plantilla-de-triple-emplumado-jet6\\\/\",\"name\":\"Plantilla de triple emplumado Jet6 - MoitoArchery\",\"isPartOf\":{\"@id\":\"https:\\\/\\\/moitoarchery.com\\\/en\\\/#website\"},\"primaryImageOfPage\":{\"@id\":\"https:\\\/\\\/moitoarchery.com\\\/en\\\/product\\\/plantilla-de-triple-emplumado-jet6\\\/#primaryimage\"},\"image\":{\"@id\":\"https:\\\/\\\/moitoarchery.com\\\/en\\\/product\\\/plantilla-de-triple-emplumado-jet6\\\/#primaryimage\"},\"thumbnailUrl\":\"https:\\\/\\\/moitoarchery.com\\\/wp-content\\\/uploads\\\/2026\\\/04\\\/Plantilla-emplumado-jet6.jpg\",\"datePublished\":\"2026-04-22T09:21:32+00:00\",\"dateModified\":\"2026-04-22T09:21:33+00:00\",\"description\":\"Optimiza tu proceso de emplumado con la plantilla de triple emplumado Jet6, una herramienta pr\u00e1ctica y precisa dise\u00f1ada para arqueros que buscan resultados consistentes y profesionales. Su dise\u00f1o innovador permite colocar tres plumas de forma simult\u00e1nea, reduciendo el tiempo de trabajo y mejorando la uniformidad en cada flecha.El sistema es muy sencillo de usar: coloca la l\u00e1mina de soporte Tri-Fletch con la cinta adhesiva orientada hacia arriba sobre la plantilla. A continuaci\u00f3n, sit\u00faa el astil sin emplumar sobre la l\u00e1mina y g\u00edralo para completar el proceso de forma r\u00e1pida y precisa. El resultado es un emplumado limpio, equilibrado y perfectamente alineado.Ideal tanto para principiantes como para arqueros experimentados, esta plantilla te ayudar\u00e1 a conseguir un acabado profesional con el m\u00ednimo esfuerzo.\",\"breadcrumb\":{\"@id\":\"https:\\\/\\\/moitoarchery.com\\\/en\\\/product\\\/plantilla-de-triple-emplumado-jet6\\\/#breadcrumb\"},\"inLanguage\":\"en-US\",\"potentialAction\":[{\"@type\":\"ReadAction\",\"target\":[\"https:\\\/\\\/moitoarchery.com\\\/en\\\/product\\\/plantilla-de-triple-emplumado-jet6\\\/\"]}]},{\"@type\":\"ImageObject\",\"inLanguage\":\"en-US\",\"@id\":\"https:\\\/\\\/moitoarchery.com\\\/en\\\/product\\\/plantilla-de-triple-emplumado-jet6\\\/#primaryimage\",\"url\":\"https:\\\/\\\/moitoarchery.com\\\/wp-content\\\/uploads\\\/2026\\\/04\\\/Plantilla-emplumado-jet6.jpg\",\"contentUrl\":\"https:\\\/\\\/moitoarchery.com\\\/wp-content\\\/uploads\\\/2026\\\/04\\\/Plantilla-emplumado-jet6.jpg\",\"width\":800,\"height\":800,\"caption\":\"Plantilla de triple emplumado Jet6\"},{\"@type\":\"BreadcrumbList\",\"@id\":\"https:\\\/\\\/moitoarchery.com\\\/en\\\/product\\\/plantilla-de-triple-emplumado-jet6\\\/#breadcrumb\",\"itemListElement\":[{\"@type\":\"ListItem\",\"position\":1,\"name\":\"Portada\",\"item\":\"https:\\\/\\\/moitoarchery.com\\\/en\\\/\"},{\"@type\":\"ListItem\",\"position\":2,\"name\":\"Shop\",\"item\":\"https:\\\/\\\/moitoarchery.com\\\/en\\\/shop\\\/\"},{\"@type\":\"ListItem\",\"position\":3,\"name\":\"Plantilla de triple emplumado Jet6\"}]},{\"@type\":\"WebSite\",\"@id\":\"https:\\\/\\\/moitoarchery.com\\\/en\\\/#website\",\"url\":\"https:\\\/\\\/moitoarchery.com\\\/en\\\/\",\"name\":\"MoitoArchery\",\"description\":\"Tienda de Tiro con arco\",\"publisher\":{\"@id\":\"https:\\\/\\\/moitoarchery.com\\\/en\\\/#organization\"},\"potentialAction\":[{\"@type\":\"SearchAction\",\"target\":{\"@type\":\"EntryPoint\",\"urlTemplate\":\"https:\\\/\\\/moitoarchery.com\\\/en\\\/?s={search_term_string}\"},\"query-input\":{\"@type\":\"PropertyValueSpecification\",\"valueRequired\":true,\"valueName\":\"search_term_string\"}}],\"inLanguage\":\"en-US\"},{\"@type\":\"Organization\",\"@id\":\"https:\\\/\\\/moitoarchery.com\\\/en\\\/#organization\",\"name\":\"MoitoArchery\",\"url\":\"https:\\\/\\\/moitoarchery.com\\\/en\\\/\",\"logo\":{\"@type\":\"ImageObject\",\"inLanguage\":\"en-US\",\"@id\":\"https:\\\/\\\/moitoarchery.com\\\/en\\\/#\\\/schema\\\/logo\\\/image\\\/\",\"url\":\"https:\\\/\\\/moitoarchery.com\\\/wp-content\\\/uploads\\\/2020\\\/09\\\/logotipo-moitoarchery.png\",\"contentUrl\":\"https:\\\/\\\/moitoarchery.com\\\/wp-content\\\/uploads\\\/2020\\\/09\\\/logotipo-moitoarchery.png\",\"width\":300,\"height\":66,\"caption\":\"MoitoArchery\"},\"image\":{\"@id\":\"https:\\\/\\\/moitoarchery.com\\\/en\\\/#\\\/schema\\\/logo\\\/image\\\/\"},\"sameAs\":[\"https:\\\/\\\/www.facebook.com\\\/arqueriaOnline\\\/\",\"https:\\\/\\\/www.instagram.com\\\/moitoarchery\\\/\",\"https:\\\/\\\/www.youtube.com\\\/channel\\\/UCvmj39gVUIKVoJJ6vQC9GPA\\\/\"]}]}<\/script>\n<!-- \/ Yoast SEO plugin. -->","yoast_head_json":{"title":"Plantilla de triple emplumado Jet6 - MoitoArchery","description":"Optimiza tu proceso de emplumado con la plantilla de triple emplumado Jet6, una herramienta pr\u00e1ctica y precisa dise\u00f1ada para arqueros que buscan resultados consistentes y profesionales. Su dise\u00f1o innovador permite colocar tres plumas de forma simult\u00e1nea, reduciendo el tiempo de trabajo y mejorando la uniformidad en cada flecha.El sistema es muy sencillo de usar: coloca la l\u00e1mina de soporte Tri-Fletch con la cinta adhesiva orientada hacia arriba sobre la plantilla. A continuaci\u00f3n, sit\u00faa el astil sin emplumar sobre la l\u00e1mina y g\u00edralo para completar el proceso de forma r\u00e1pida y precisa. El resultado es un emplumado limpio, equilibrado y perfectamente alineado.Ideal tanto para principiantes como para arqueros experimentados, esta plantilla te ayudar\u00e1 a conseguir un acabado profesional con el m\u00ednimo esfuerzo.","robots":{"index":"index","follow":"follow","max-snippet":"max-snippet:-1","max-image-preview":"max-image-preview:large","max-video-preview":"max-video-preview:-1"},"canonical":"https:\/\/moitoarchery.com\/en\/product\/plantilla-de-triple-emplumado-jet6\/","og_locale":"en_US","og_type":"article","og_title":"Plantilla de triple emplumado Jet6 - MoitoArchery","og_description":"Optimiza tu proceso de emplumado con la plantilla de triple emplumado Jet6, una herramienta pr\u00e1ctica y precisa dise\u00f1ada para arqueros que buscan resultados consistentes y profesionales. Su dise\u00f1o innovador permite colocar tres plumas de forma simult\u00e1nea, reduciendo el tiempo de trabajo y mejorando la uniformidad en cada flecha.El sistema es muy sencillo de usar: coloca la l\u00e1mina de soporte Tri-Fletch con la cinta adhesiva orientada hacia arriba sobre la plantilla. A continuaci\u00f3n, sit\u00faa el astil sin emplumar sobre la l\u00e1mina y g\u00edralo para completar el proceso de forma r\u00e1pida y precisa. El resultado es un emplumado limpio, equilibrado y perfectamente alineado.Ideal tanto para principiantes como para arqueros experimentados, esta plantilla te ayudar\u00e1 a conseguir un acabado profesional con el m\u00ednimo esfuerzo.","og_url":"https:\/\/moitoarchery.com\/en\/product\/plantilla-de-triple-emplumado-jet6\/","og_site_name":"MoitoArchery","article_publisher":"https:\/\/www.facebook.com\/arqueriaOnline\/","article_modified_time":"2026-04-22T09:21:33+00:00","og_image":[{"width":800,"height":800,"url":"https:\/\/moitoarchery.com\/wp-content\/uploads\/2026\/04\/Plantilla-emplumado-jet6.jpg","type":"image\/jpeg"}],"twitter_card":"summary_large_image","twitter_misc":{"Est. reading time":"1 minute"},"schema":{"@context":"https:\/\/schema.org","@graph":[{"@type":"WebPage","@id":"https:\/\/moitoarchery.com\/en\/product\/plantilla-de-triple-emplumado-jet6\/","url":"https:\/\/moitoarchery.com\/en\/product\/plantilla-de-triple-emplumado-jet6\/","name":"Plantilla de triple emplumado Jet6 - MoitoArchery","isPartOf":{"@id":"https:\/\/moitoarchery.com\/en\/#website"},"primaryImageOfPage":{"@id":"https:\/\/moitoarchery.com\/en\/product\/plantilla-de-triple-emplumado-jet6\/#primaryimage"},"image":{"@id":"https:\/\/moitoarchery.com\/en\/product\/plantilla-de-triple-emplumado-jet6\/#primaryimage"},"thumbnailUrl":"https:\/\/moitoarchery.com\/wp-content\/uploads\/2026\/04\/Plantilla-emplumado-jet6.jpg","datePublished":"2026-04-22T09:21:32+00:00","dateModified":"2026-04-22T09:21:33+00:00","description":"Optimiza tu proceso de emplumado con la plantilla de triple emplumado Jet6, una herramienta pr\u00e1ctica y precisa dise\u00f1ada para arqueros que buscan resultados consistentes y profesionales. Su dise\u00f1o innovador permite colocar tres plumas de forma simult\u00e1nea, reduciendo el tiempo de trabajo y mejorando la uniformidad en cada flecha.El sistema es muy sencillo de usar: coloca la l\u00e1mina de soporte Tri-Fletch con la cinta adhesiva orientada hacia arriba sobre la plantilla. A continuaci\u00f3n, sit\u00faa el astil sin emplumar sobre la l\u00e1mina y g\u00edralo para completar el proceso de forma r\u00e1pida y precisa. El resultado es un emplumado limpio, equilibrado y perfectamente alineado.Ideal tanto para principiantes como para arqueros experimentados, esta plantilla te ayudar\u00e1 a conseguir un acabado profesional con el m\u00ednimo esfuerzo.","breadcrumb":{"@id":"https:\/\/moitoarchery.com\/en\/product\/plantilla-de-triple-emplumado-jet6\/#breadcrumb"},"inLanguage":"en-US","potentialAction":[{"@type":"ReadAction","target":["https:\/\/moitoarchery.com\/en\/product\/plantilla-de-triple-emplumado-jet6\/"]}]},{"@type":"ImageObject","inLanguage":"en-US","@id":"https:\/\/moitoarchery.com\/en\/product\/plantilla-de-triple-emplumado-jet6\/#primaryimage","url":"https:\/\/moitoarchery.com\/wp-content\/uploads\/2026\/04\/Plantilla-emplumado-jet6.jpg","contentUrl":"https:\/\/moitoarchery.com\/wp-content\/uploads\/2026\/04\/Plantilla-emplumado-jet6.jpg","width":800,"height":800,"caption":"Plantilla de triple emplumado Jet6"},{"@type":"BreadcrumbList","@id":"https:\/\/moitoarchery.com\/en\/product\/plantilla-de-triple-emplumado-jet6\/#breadcrumb","itemListElement":[{"@type":"ListItem","position":1,"name":"Portada","item":"https:\/\/moitoarchery.com\/en\/"},{"@type":"ListItem","position":2,"name":"Shop","item":"https:\/\/moitoarchery.com\/en\/shop\/"},{"@type":"ListItem","position":3,"name":"Plantilla de triple emplumado Jet6"}]},{"@type":"WebSite","@id":"https:\/\/moitoarchery.com\/en\/#website","url":"https:\/\/moitoarchery.com\/en\/","name":"MoitoArchery","description":"Tienda de Tiro con arco","publisher":{"@id":"https:\/\/moitoarchery.com\/en\/#organization"},"potentialAction":[{"@type":"SearchAction","target":{"@type":"EntryPoint","urlTemplate":"https:\/\/moitoarchery.com\/en\/?s={search_term_string}"},"query-input":{"@type":"PropertyValueSpecification","valueRequired":true,"valueName":"search_term_string"}}],"inLanguage":"en-US"},{"@type":"Organization","@id":"https:\/\/moitoarchery.com\/en\/#organization","name":"MoitoArchery","url":"https:\/\/moitoarchery.com\/en\/","logo":{"@type":"ImageObject","inLanguage":"en-US","@id":"https:\/\/moitoarchery.com\/en\/#\/schema\/logo\/image\/","url":"https:\/\/moitoarchery.com\/wp-content\/uploads\/2020\/09\/logotipo-moitoarchery.png","contentUrl":"https:\/\/moitoarchery.com\/wp-content\/uploads\/2020\/09\/logotipo-moitoarchery.png","width":300,"height":66,"caption":"MoitoArchery"},"image":{"@id":"https:\/\/moitoarchery.com\/en\/#\/schema\/logo\/image\/"},"sameAs":["https:\/\/www.facebook.com\/arqueriaOnline\/","https:\/\/www.instagram.com\/moitoarchery\/","https:\/\/www.youtube.com\/channel\/UCvmj39gVUIKVoJJ6vQC9GPA\/"]}]}},"_links":{"self":[{"href":"https:\/\/moitoarchery.com\/en\/wp-json\/wp\/v2\/product\/134520","targetHints":{"allow":["GET"]}}],"collection":[{"href":"https:\/\/moitoarchery.com\/en\/wp-json\/wp\/v2\/product"}],"about":[{"href":"https:\/\/moitoarchery.com\/en\/wp-json\/wp\/v2\/types\/product"}],"replies":[{"embeddable":true,"href":"https:\/\/moitoarchery.com\/en\/wp-json\/wp\/v2\/comments?post=134520"}],"version-history":[{"count":1,"href":"https:\/\/moitoarchery.com\/en\/wp-json\/wp\/v2\/product\/134520\/revisions"}],"predecessor-version":[{"id":134526,"href":"https:\/\/moitoarchery.com\/en\/wp-json\/wp\/v2\/product\/134520\/revisions\/134526"}],"wp:featuredmedia":[{"embeddable":true,"href":"https:\/\/moitoarchery.com\/en\/wp-json\/wp\/v2\/media\/134524"}],"wp:attachment":[{"href":"https:\/\/moitoarchery.com\/en\/wp-json\/wp\/v2\/media?parent=134520"}],"wp:term":[{"taxonomy":"product_brand","embeddable":true,"href":"https:\/\/moitoarchery.com\/en\/wp-json\/wp\/v2\/product_brand?post=134520"},{"taxonomy":"product_cat","embeddable":true,"href":"https:\/\/moitoarchery.com\/en\/wp-json\/wp\/v2\/product_cat?post=134520"},{"taxonomy":"product_tag","embeddable":true,"href":"https:\/\/moitoarchery.com\/en\/wp-json\/wp\/v2\/product_tag?post=134520"}],"curies":[{"name":"wp","href":"https:\/\/api.w.org\/{rel}","templated":true}]}}